{"id":64280,"date":"2025-11-24T18:26:55","date_gmt":"2025-11-24T15:26:55","guid":{"rendered":"https:\/\/malinashop.lt\/?post_type=product&#038;p=64280"},"modified":"2026-02-10T12:35:04","modified_gmt":"2026-02-10T09:35:04","slug":"milanobrush-ocean-breeze-limituotos-serijos-plauku-sepetys","status":"publish","type":"product","link":"https:\/\/www.malinashop.lt\/lt_lt\/shop\/milanobrush-ocean-breeze-limituotos-serijos-plauku-sepetys\/","title":{"rendered":"MILANOBRUSH OCEAN BREEZE limituotos serijos plauk\u0173 \u0161epetys"},"content":{"rendered":"<p data-start=\"109\" data-end=\"541\">Atraskite kasdien\u0119 plauk\u0173 prie\u017ei\u016br\u0105, \u012fkv\u0117pt\u0105 gaivios j\u016bros dvelksmo. <strong data-start=\"178\" data-end=\"232\"><span class=\"hover:entity-accent entity-underline inline cursor-pointer align-baseline\"><span class=\"whitespace-normal\">MILANOBRUSH<\/span><\/span> OCEAN BREEZE<\/strong> \u2013 tai limituotos serijos plauk\u0173 \u0161epetys, sukurtas \u0161velniam, efektyviam ir saugiam \u0161ukavimui. Jis puikiai tinka tiek sausiems, tiek dr\u0117gniems plaukams, o mink\u0161ti nailoniniai \u0161ereliai su apvaliomis galvut\u0117mis \u0161velniai masa\u017euoja galvos od\u0105, gerina kraujo cirkuliacij\u0105 ir prisideda prie sveikesni\u0173 plauk\u0173 augimo.<\/p>\n<p data-start=\"543\" data-end=\"713\">\u0160is \u0161epetys padeda i\u0161narplioti net ir labiausiai susiv\u0117lusius plaukus be tempimo ar skausmo, tod\u0117l idealiai tinka kasdieniam naudojimui bei priauginam\u0173 plauk\u0173 prie\u017ei\u016brai.<\/p>\n<p data-start=\"715\" data-end=\"747\"><strong data-start=\"719\" data-end=\"747\">Pagrindiniai privalumai:<\/strong><\/p>\n<ul data-start=\"748\" data-end=\"1151\">\n<li data-start=\"748\" data-end=\"838\">\n<p data-start=\"750\" data-end=\"838\">Lankst\u016bs nailoniniai \u0161ereliai su apvaliomis galvut\u0117mis \u0161veln\u016bs plaukams ir galvos odai<\/p>\n<\/li>\n<li data-start=\"839\" data-end=\"904\">\n<p data-start=\"841\" data-end=\"904\">Lengvai ir be skausmo i\u0161narplioja vis\u0173 tip\u0173 bei ilgi\u0173 plaukus<\/p>\n<\/li>\n<li data-start=\"905\" data-end=\"989\">\n<p data-start=\"907\" data-end=\"989\">\u0160ukuojant u\u017edaro plauko kutikules \u2013 plaukai tampa glotnesni ir labiau \u017evilgantys<\/p>\n<\/li>\n<li data-start=\"990\" data-end=\"1030\">\n<p data-start=\"992\" data-end=\"1030\">Ma\u017eina plauk\u0173 v\u0117lim\u0105si ir l\u016b\u017ein\u0117jim\u0105<\/p>\n<\/li>\n<li data-start=\"1031\" data-end=\"1084\">\n<p data-start=\"1033\" data-end=\"1084\">Puikiai tinka priauginam\u0173 plauk\u0173 sruogoms \u0161ukuoti<\/p>\n<\/li>\n<li data-start=\"1085\" data-end=\"1151\">\n<p data-start=\"1087\" data-end=\"1151\">Ergonomi\u0161ka, lengva ir neslystanti rankena patogiam naudojimui<\/p>\n<\/li>\n<\/ul>\n<p data-start=\"1153\" data-end=\"1182\"><strong data-start=\"1157\" data-end=\"1182\">Produkto informacija:<\/strong><\/p>\n<ul data-start=\"1183\" data-end=\"1292\">\n<li data-start=\"1183\" data-end=\"1215\">\n<p data-start=\"1185\" data-end=\"1215\">Mink\u0161ti ir lankst\u016bs \u0161ereliai<\/p>\n<\/li>\n<li data-start=\"1216\" data-end=\"1252\">\n<p data-start=\"1218\" data-end=\"1252\">Lengvasvor\u0117, neslystanti rankena<\/p>\n<\/li>\n<li data-start=\"1253\" data-end=\"1292\">\n<p data-start=\"1255\" data-end=\"1292\">Tinka \u0161lapiems ir sausiems plaukams<\/p>\n<\/li>\n<\/ul>\n<p data-start=\"1294\" data-end=\"1398\"><strong data-start=\"1297\" data-end=\"1311\">\u012esp\u0117jimas:<\/strong> \u0161epe\u010dio \u0161ereliai n\u0117ra pritaikyti naudoti kartu su kar\u0161ta plauk\u0173 d\u017eiovintuvo oro srove.<\/p>\n","protected":false},"excerpt":{"rendered":"<p data-start=\"1440\" data-end=\"1692\">MILANOBRUSH OCEAN BREEZE \u2013 limituotos serijos plauk\u0173 \u0161epetys, skirtas \u0161velniam ir efektyviam \u0161ukavimui. Tinka sausiems ir dr\u0117gniems plaukams, padeda i\u0161narplioti plaukus j\u0173 nepa\u017eeid\u017eiant, suteikia nat\u016bralaus \u017evilgesio ir komfort\u0105 kasdien\u0117je prie\u017ei\u016broje.<\/p>\n","protected":false},"featured_media":64282,"template":"","meta":[],"product_brand":[1541],"product_cat":[767],"product_tag":[1612],"class_list":{"0":"post-64280","1":"product","2":"type-product","3":"status-publish","4":"has-post-thumbnail","6":"product_brand-milano-brush","7":"product_cat-plauku-sukos","8":"product_tag-milanobrush","10":"first","11":"instock","12":"purchasable","13":"product-type-simple"},"yoast_head":"<!-- This site is optimized with the Yoast SEO plugin v27.4 - https:\/\/yoast.com\/product\/yoast-seo-wordpress\/ -->\n<title>MILANOBRUSH OCEAN BREEZE limituotos serijos plauk\u0173 \u0161epetys - MalinaShop.lt J\u016bs\u0173 sveikatai ir gro\u017eiui.<\/title>\n<meta name=\"description\" content=\"MILANOBRUSH OCEAN BREEZE plauk\u0173 \u0161epetys \u2013 limituota serija \u0161velniam \u0161ukavimui. Tinka sausiems ir dr\u0117gniems plaukams, ma\u017eina v\u0117lim\u0105si, suteikia \u017evilgesio.\" \/>\n<meta name=\"robots\" content=\"index, follow, max-snippet:-1, max-image-preview:large, max-video-preview:-1\" \/>\n<link rel=\"canonical\" href=\"https:\/\/www.malinashop.lt\/lt_lt\/shop\/milanobrush-ocean-breeze-limituotos-serijos-plauku-sepetys\/\" \/>\n<meta property=\"og:locale\" content=\"lt_LT\" \/>\n<meta property=\"og:type\" content=\"article\" \/>\n<meta property=\"og:title\" content=\"MILANOBRUSH OCEAN BREEZE limituotos serijos plauk\u0173 \u0161epetys - MalinaShop.lt J\u016bs\u0173 sveikatai ir gro\u017eiui.\" \/>\n<meta property=\"og:description\" content=\"MILANOBRUSH OCEAN BREEZE plauk\u0173 \u0161epetys \u2013 limituota serija \u0161velniam \u0161ukavimui. Tinka sausiems ir dr\u0117gniems plaukams, ma\u017eina v\u0117lim\u0105si, suteikia \u017evilgesio.\" \/>\n<meta property=\"og:url\" content=\"https:\/\/www.malinashop.lt\/lt_lt\/shop\/milanobrush-ocean-breeze-limituotos-serijos-plauku-sepetys\/\" \/>\n<meta property=\"og:site_name\" content=\"MalinaShop.lt J\u016bs\u0173 sveikatai ir gro\u017eiui.\" \/>\n<meta property=\"article:modified_time\" content=\"2026-02-10T09:35:04+00:00\" \/>\n<meta property=\"og:image\" content=\"https:\/\/www.malinashop.lt\/wp-content\/uploads\/2025\/11\/Produktui-copy-1-1.jpg\" \/>\n\t<meta property=\"og:image:width\" content=\"1000\" \/>\n\t<meta property=\"og:image:height\" content=\"1000\" \/>\n\t<meta property=\"og:image:type\" content=\"image\/jpeg\" \/>\n<meta name=\"twitter:card\" content=\"summary_large_image\" \/>\n<script type=\"application\/ld+json\" class=\"yoast-schema-graph\">{\"@context\":\"https:\\\/\\\/schema.org\",\"@graph\":[{\"@type\":\"WebPage\",\"@id\":\"https:\\\/\\\/www.malinashop.lt\\\/shop\\\/milanobrush-ocean-breeze-limituotos-serijos-plauku-sepetys\\\/\",\"url\":\"https:\\\/\\\/www.malinashop.lt\\\/shop\\\/milanobrush-ocean-breeze-limituotos-serijos-plauku-sepetys\\\/\",\"name\":\"MILANOBRUSH OCEAN BREEZE limituotos serijos plauk\u0173 \u0161epetys - MalinaShop.lt J\u016bs\u0173 sveikatai ir gro\u017eiui.\",\"isPartOf\":{\"@id\":\"https:\\\/\\\/www.malinashop.lt\\\/#website\"},\"primaryImageOfPage\":{\"@id\":\"https:\\\/\\\/www.malinashop.lt\\\/shop\\\/milanobrush-ocean-breeze-limituotos-serijos-plauku-sepetys\\\/#primaryimage\"},\"image\":{\"@id\":\"https:\\\/\\\/www.malinashop.lt\\\/shop\\\/milanobrush-ocean-breeze-limituotos-serijos-plauku-sepetys\\\/#primaryimage\"},\"thumbnailUrl\":\"https:\\\/\\\/www.malinashop.lt\\\/wp-content\\\/uploads\\\/2025\\\/11\\\/Produktui-copy-1-1.jpg\",\"datePublished\":\"2025-11-24T15:26:55+00:00\",\"dateModified\":\"2026-02-10T09:35:04+00:00\",\"description\":\"MILANOBRUSH OCEAN BREEZE plauk\u0173 \u0161epetys \u2013 limituota serija \u0161velniam \u0161ukavimui. Tinka sausiems ir dr\u0117gniems plaukams, ma\u017eina v\u0117lim\u0105si, suteikia \u017evilgesio.\",\"breadcrumb\":{\"@id\":\"https:\\\/\\\/www.malinashop.lt\\\/shop\\\/milanobrush-ocean-breeze-limituotos-serijos-plauku-sepetys\\\/#breadcrumb\"},\"inLanguage\":\"lt-LT\",\"potentialAction\":[{\"@type\":\"ReadAction\",\"target\":[\"https:\\\/\\\/www.malinashop.lt\\\/shop\\\/milanobrush-ocean-breeze-limituotos-serijos-plauku-sepetys\\\/\"]}]},{\"@type\":\"ImageObject\",\"inLanguage\":\"lt-LT\",\"@id\":\"https:\\\/\\\/www.malinashop.lt\\\/shop\\\/milanobrush-ocean-breeze-limituotos-serijos-plauku-sepetys\\\/#primaryimage\",\"url\":\"https:\\\/\\\/www.malinashop.lt\\\/wp-content\\\/uploads\\\/2025\\\/11\\\/Produktui-copy-1-1.jpg\",\"contentUrl\":\"https:\\\/\\\/www.malinashop.lt\\\/wp-content\\\/uploads\\\/2025\\\/11\\\/Produktui-copy-1-1.jpg\",\"width\":1000,\"height\":1000},{\"@type\":\"BreadcrumbList\",\"@id\":\"https:\\\/\\\/www.malinashop.lt\\\/shop\\\/milanobrush-ocean-breeze-limituotos-serijos-plauku-sepetys\\\/#breadcrumb\",\"itemListElement\":[{\"@type\":\"ListItem\",\"position\":1,\"name\":\"Pagrindinis\",\"item\":\"https:\\\/\\\/www.malinashop.lt\\\/\"},{\"@type\":\"ListItem\",\"position\":2,\"name\":\"Parduotuv\u0117\",\"item\":\"https:\\\/\\\/www.malinashop.lt\\\/en\\\/parduotuve\\\/\"},{\"@type\":\"ListItem\",\"position\":3,\"name\":\"MILANOBRUSH OCEAN BREEZE limituotos serijos plauk\u0173 \u0161epetys\"}]},{\"@type\":\"WebSite\",\"@id\":\"https:\\\/\\\/www.malinashop.lt\\\/#website\",\"url\":\"https:\\\/\\\/www.malinashop.lt\\\/\",\"name\":\"COM Group Ecommerce\",\"description\":\"MalinaShop.lt - Gro\u017eio ir sveikatos produktai i\u0161 patikim\u0173 preki\u0173 \u017eenkl\u0173. Atraskite auk\u0161tos kokyb\u0117s kosmetik\u0105 u\u017e puiki\u0105 kain\u0105.\",\"publisher\":{\"@id\":\"https:\\\/\\\/www.malinashop.lt\\\/#organization\"},\"potentialAction\":[{\"@type\":\"SearchAction\",\"target\":{\"@type\":\"EntryPoint\",\"urlTemplate\":\"https:\\\/\\\/www.malinashop.lt\\\/?s={search_term_string}\"},\"query-input\":{\"@type\":\"PropertyValueSpecification\",\"valueRequired\":true,\"valueName\":\"search_term_string\"}}],\"inLanguage\":\"lt-LT\"},{\"@type\":\"Organization\",\"@id\":\"https:\\\/\\\/www.malinashop.lt\\\/#organization\",\"name\":\"COM Group Ecommerce\",\"url\":\"https:\\\/\\\/www.malinashop.lt\\\/\",\"logo\":{\"@type\":\"ImageObject\",\"inLanguage\":\"lt-LT\",\"@id\":\"https:\\\/\\\/www.malinashop.lt\\\/#\\\/schema\\\/logo\\\/image\\\/\",\"url\":\"https:\\\/\\\/www.malinashop.lt\\\/wp-content\\\/uploads\\\/2024\\\/08\\\/462559670_3787732518133670_9795632669273463_n-e1731525914575.png\",\"contentUrl\":\"https:\\\/\\\/www.malinashop.lt\\\/wp-content\\\/uploads\\\/2024\\\/08\\\/462559670_3787732518133670_9795632669273463_n-e1731525914575.png\",\"width\":180,\"height\":60,\"caption\":\"COM Group Ecommerce\"},\"image\":{\"@id\":\"https:\\\/\\\/www.malinashop.lt\\\/#\\\/schema\\\/logo\\\/image\\\/\"}}]}<\/script>\n<!-- \/ Yoast SEO plugin. -->","yoast_head_json":{"title":"MILANOBRUSH OCEAN BREEZE limituotos serijos plauk\u0173 \u0161epetys - MalinaShop.lt J\u016bs\u0173 sveikatai ir gro\u017eiui.","description":"MILANOBRUSH OCEAN BREEZE plauk\u0173 \u0161epetys \u2013 limituota serija \u0161velniam \u0161ukavimui. Tinka sausiems ir dr\u0117gniems plaukams, ma\u017eina v\u0117lim\u0105si, suteikia \u017evilgesio.","robots":{"index":"index","follow":"follow","max-snippet":"max-snippet:-1","max-image-preview":"max-image-preview:large","max-video-preview":"max-video-preview:-1"},"canonical":"https:\/\/www.malinashop.lt\/lt_lt\/shop\/milanobrush-ocean-breeze-limituotos-serijos-plauku-sepetys\/","og_locale":"lt_LT","og_type":"article","og_title":"MILANOBRUSH OCEAN BREEZE limituotos serijos plauk\u0173 \u0161epetys - MalinaShop.lt J\u016bs\u0173 sveikatai ir gro\u017eiui.","og_description":"MILANOBRUSH OCEAN BREEZE plauk\u0173 \u0161epetys \u2013 limituota serija \u0161velniam \u0161ukavimui. Tinka sausiems ir dr\u0117gniems plaukams, ma\u017eina v\u0117lim\u0105si, suteikia \u017evilgesio.","og_url":"https:\/\/www.malinashop.lt\/lt_lt\/shop\/milanobrush-ocean-breeze-limituotos-serijos-plauku-sepetys\/","og_site_name":"MalinaShop.lt J\u016bs\u0173 sveikatai ir gro\u017eiui.","article_modified_time":"2026-02-10T09:35:04+00:00","og_image":[{"width":1000,"height":1000,"url":"https:\/\/www.malinashop.lt\/wp-content\/uploads\/2025\/11\/Produktui-copy-1-1.jpg","type":"image\/jpeg"}],"twitter_card":"summary_large_image","schema":{"@context":"https:\/\/schema.org","@graph":[{"@type":"WebPage","@id":"https:\/\/www.malinashop.lt\/shop\/milanobrush-ocean-breeze-limituotos-serijos-plauku-sepetys\/","url":"https:\/\/www.malinashop.lt\/shop\/milanobrush-ocean-breeze-limituotos-serijos-plauku-sepetys\/","name":"MILANOBRUSH OCEAN BREEZE limituotos serijos plauk\u0173 \u0161epetys - MalinaShop.lt J\u016bs\u0173 sveikatai ir gro\u017eiui.","isPartOf":{"@id":"https:\/\/www.malinashop.lt\/#website"},"primaryImageOfPage":{"@id":"https:\/\/www.malinashop.lt\/shop\/milanobrush-ocean-breeze-limituotos-serijos-plauku-sepetys\/#primaryimage"},"image":{"@id":"https:\/\/www.malinashop.lt\/shop\/milanobrush-ocean-breeze-limituotos-serijos-plauku-sepetys\/#primaryimage"},"thumbnailUrl":"https:\/\/www.malinashop.lt\/wp-content\/uploads\/2025\/11\/Produktui-copy-1-1.jpg","datePublished":"2025-11-24T15:26:55+00:00","dateModified":"2026-02-10T09:35:04+00:00","description":"MILANOBRUSH OCEAN BREEZE plauk\u0173 \u0161epetys \u2013 limituota serija \u0161velniam \u0161ukavimui. Tinka sausiems ir dr\u0117gniems plaukams, ma\u017eina v\u0117lim\u0105si, suteikia \u017evilgesio.","breadcrumb":{"@id":"https:\/\/www.malinashop.lt\/shop\/milanobrush-ocean-breeze-limituotos-serijos-plauku-sepetys\/#breadcrumb"},"inLanguage":"lt-LT","potentialAction":[{"@type":"ReadAction","target":["https:\/\/www.malinashop.lt\/shop\/milanobrush-ocean-breeze-limituotos-serijos-plauku-sepetys\/"]}]},{"@type":"ImageObject","inLanguage":"lt-LT","@id":"https:\/\/www.malinashop.lt\/shop\/milanobrush-ocean-breeze-limituotos-serijos-plauku-sepetys\/#primaryimage","url":"https:\/\/www.malinashop.lt\/wp-content\/uploads\/2025\/11\/Produktui-copy-1-1.jpg","contentUrl":"https:\/\/www.malinashop.lt\/wp-content\/uploads\/2025\/11\/Produktui-copy-1-1.jpg","width":1000,"height":1000},{"@type":"BreadcrumbList","@id":"https:\/\/www.malinashop.lt\/shop\/milanobrush-ocean-breeze-limituotos-serijos-plauku-sepetys\/#breadcrumb","itemListElement":[{"@type":"ListItem","position":1,"name":"Pagrindinis","item":"https:\/\/www.malinashop.lt\/"},{"@type":"ListItem","position":2,"name":"Parduotuv\u0117","item":"https:\/\/www.malinashop.lt\/en\/parduotuve\/"},{"@type":"ListItem","position":3,"name":"MILANOBRUSH OCEAN BREEZE limituotos serijos plauk\u0173 \u0161epetys"}]},{"@type":"WebSite","@id":"https:\/\/www.malinashop.lt\/#website","url":"https:\/\/www.malinashop.lt\/","name":"COM Group Ecommerce","description":"MalinaShop.lt - Gro\u017eio ir sveikatos produktai i\u0161 patikim\u0173 preki\u0173 \u017eenkl\u0173. Atraskite auk\u0161tos kokyb\u0117s kosmetik\u0105 u\u017e puiki\u0105 kain\u0105.","publisher":{"@id":"https:\/\/www.malinashop.lt\/#organization"},"potentialAction":[{"@type":"SearchAction","target":{"@type":"EntryPoint","urlTemplate":"https:\/\/www.malinashop.lt\/?s={search_term_string}"},"query-input":{"@type":"PropertyValueSpecification","valueRequired":true,"valueName":"search_term_string"}}],"inLanguage":"lt-LT"},{"@type":"Organization","@id":"https:\/\/www.malinashop.lt\/#organization","name":"COM Group Ecommerce","url":"https:\/\/www.malinashop.lt\/","logo":{"@type":"ImageObject","inLanguage":"lt-LT","@id":"https:\/\/www.malinashop.lt\/#\/schema\/logo\/image\/","url":"https:\/\/www.malinashop.lt\/wp-content\/uploads\/2024\/08\/462559670_3787732518133670_9795632669273463_n-e1731525914575.png","contentUrl":"https:\/\/www.malinashop.lt\/wp-content\/uploads\/2024\/08\/462559670_3787732518133670_9795632669273463_n-e1731525914575.png","width":180,"height":60,"caption":"COM Group Ecommerce"},"image":{"@id":"https:\/\/www.malinashop.lt\/#\/schema\/logo\/image\/"}}]}},"jetpack_sharing_enabled":true,"_links":{"self":[{"href":"https:\/\/www.malinashop.lt\/lt_lt\/wp-json\/wp\/v2\/product\/64280","targetHints":{"allow":["GET"]}}],"collection":[{"href":"https:\/\/www.malinashop.lt\/lt_lt\/wp-json\/wp\/v2\/product"}],"about":[{"href":"https:\/\/www.malinashop.lt\/lt_lt\/wp-json\/wp\/v2\/types\/product"}],"version-history":[{"count":2,"href":"https:\/\/www.malinashop.lt\/lt_lt\/wp-json\/wp\/v2\/product\/64280\/revisions"}],"predecessor-version":[{"id":73152,"href":"https:\/\/www.malinashop.lt\/lt_lt\/wp-json\/wp\/v2\/product\/64280\/revisions\/73152"}],"wp:featuredmedia":[{"embeddable":true,"href":"https:\/\/www.malinashop.lt\/lt_lt\/wp-json\/wp\/v2\/media\/64282"}],"wp:attachment":[{"href":"https:\/\/www.malinashop.lt\/lt_lt\/wp-json\/wp\/v2\/media?parent=64280"}],"wp:term":[{"taxonomy":"product_brand","embeddable":true,"href":"https:\/\/www.malinashop.lt\/lt_lt\/wp-json\/wp\/v2\/product_brand?post=64280"},{"taxonomy":"product_cat","embeddable":true,"href":"https:\/\/www.malinashop.lt\/lt_lt\/wp-json\/wp\/v2\/product_cat?post=64280"},{"taxonomy":"product_tag","embeddable":true,"href":"https:\/\/www.malinashop.lt\/lt_lt\/wp-json\/wp\/v2\/product_tag?post=64280"}],"curies":[{"name":"wp","href":"https:\/\/api.w.org\/{rel}","templated":true}]}}