{"id":64083,"date":"2025-11-24T18:25:01","date_gmt":"2025-11-24T15:25:01","guid":{"rendered":"https:\/\/malinashop.lt\/?post_type=product&#038;p=64083"},"modified":"2025-12-12T17:41:40","modified_gmt":"2025-12-12T14:41:40","slug":"xiaomi-oclean-baltos-spalvos-flow-elektrinis-dantu-sepetelis-1-vnt","status":"publish","type":"product","link":"https:\/\/www.malinashop.lt\/lt_lt\/shop\/xiaomi-oclean-baltos-spalvos-flow-elektrinis-dantu-sepetelis-1-vnt\/","title":{"rendered":"XIAOMI OCLEAN baltos spalvos FLOW elektrinis dant\u0173 \u0161epet\u0117lis, 1 vnt"},"content":{"rendered":"<p data-start=\"122\" data-end=\"442\"><strong data-start=\"122\" data-end=\"186\">XIAOMI OCLEAN FLOW elektrinis dant\u0173 \u0161epet\u0117lis baltos spalvos<\/strong> \u2013 tai modernus sprendimas efektyviai ir patogiai kasdienei burnos higienai. Pa\u017eangi <strong data-start=\"271\" data-end=\"308\">Sonic ir Ultra Sonic technologija<\/strong> leid\u017eia kruop\u0161\u010diai i\u0161valyti dantis net <strong data-start=\"348\" data-end=\"372\">iki 3 kart\u0173 grei\u010diau<\/strong> nei naudojant \u012fprast\u0105 rankin\u012f \u0161epet\u0117l\u012f, nepaliekant nei\u0161valyt\u0173 viet\u0173.<\/p>\n<p data-start=\"444\" data-end=\"739\">\u0160epet\u0117lis turi net <strong data-start=\"463\" data-end=\"494\">5 skirtingus valymo re\u017eimus<\/strong>, tod\u0117l lengvai prisitaikysite prie savo poreiki\u0173 \u2013 nuo \u0161velnaus valymo jautrioms dantenoms iki intensyvaus balinimo ar gilaus naktinio valymo. Tai puikus pasirinkimas tiek kasdieniam naudojimui, tiek norint pasiekti pastebimai baltesn\u0119 \u0161ypsen\u0105.<\/p>\n<p data-start=\"741\" data-end=\"1044\">Vienas did\u017eiausi\u0173 <strong data-start=\"759\" data-end=\"774\">Oclean Flow<\/strong> privalum\u0173 \u2013 itin talpi baterija, kuri gali veikti net <strong data-start=\"829\" data-end=\"865\">iki 180 dien\u0173 (apie 25 savaites)<\/strong> su vienu \u012fkrovimu. Tai rei\u0161kia daugiau patogumo, ma\u017eiau r\u016bpes\u010di\u0173 ir retesn\u012f krovim\u0105. Be to, \u0161epet\u0117lis yra <strong data-start=\"972\" data-end=\"1001\">atsparus vandeniui (IPX7)<\/strong>, tod\u0117l j\u012f saugiai galima naudoti net du\u0161e.<\/p>\n<h4 data-start=\"1046\" data-end=\"1065\">Valymo re\u017eimai:<\/h4>\n<ul data-start=\"1066\" data-end=\"1356\">\n<li data-start=\"1066\" data-end=\"1125\">\n<p data-start=\"1068\" data-end=\"1125\"><strong data-start=\"1068\" data-end=\"1087\">Rytinis re\u017eimas<\/strong> \u2013 gaiviam ir efektyviam valymui (\u2605\u2605\u2605)<\/p>\n<\/li>\n<li data-start=\"1126\" data-end=\"1186\">\n<p data-start=\"1128\" data-end=\"1186\"><strong data-start=\"1128\" data-end=\"1147\">Nakties re\u017eimas<\/strong> \u2013 giliam ir kruop\u0161\u010diam valymui (\u2605\u2605\u2605\u2605\u2605)<\/p>\n<\/li>\n<li data-start=\"1187\" data-end=\"1244\">\n<p data-start=\"1189\" data-end=\"1244\"><strong data-start=\"1189\" data-end=\"1213\">Standartinis re\u017eimas<\/strong> \u2013 kasdieniam naudojimui (\u2605\u2605\u2605\u2605)<\/p>\n<\/li>\n<li data-start=\"1245\" data-end=\"1307\">\n<p data-start=\"1247\" data-end=\"1307\"><strong data-start=\"1247\" data-end=\"1267\">Balinimo re\u017eimas<\/strong> \u2013 nat\u016braliai baltesniems dantims (\u2605\u2605\u2605\u2605)<\/p>\n<\/li>\n<li data-start=\"1308\" data-end=\"1356\">\n<p data-start=\"1310\" data-end=\"1356\"><strong data-start=\"1310\" data-end=\"1329\">\u0160velnus re\u017eimas<\/strong> \u2013 jautrioms dantenoms (\u2605\u2605)<\/p>\n<\/li>\n<\/ul>\n<h4 data-start=\"1358\" data-end=\"1379\">Pakuot\u0117s turinys:<\/h4>\n<ul data-start=\"1380\" data-end=\"1488\">\n<li data-start=\"1380\" data-end=\"1414\">\n<p data-start=\"1382\" data-end=\"1414\">1 \u00d7 elektrinis dant\u0173 \u0161epet\u0117lis<\/p>\n<\/li>\n<li data-start=\"1415\" data-end=\"1440\">\n<p data-start=\"1417\" data-end=\"1440\">1 \u00d7 \u0161epet\u0117lio galvut\u0117<\/p>\n<\/li>\n<li data-start=\"1441\" data-end=\"1458\">\n<p data-start=\"1443\" data-end=\"1458\">1 \u00d7 kroviklis<\/p>\n<\/li>\n<li data-start=\"1459\" data-end=\"1488\">\n<p data-start=\"1461\" data-end=\"1488\">1 \u00d7 vartotojo instrukcija<\/p>\n<\/li>\n<\/ul>\n","protected":false},"excerpt":{"rendered":"<p data-start=\"1526\" data-end=\"1718\"><strong data-start=\"1526\" data-end=\"1575\">XIAOMI OCLEAN FLOW elektrinis dant\u0173 \u0161epet\u0117lis<\/strong> su Sonic technologija, 5 valymo re\u017eimais ir itin ilga baterijos veikimo trukme \u2013 iki 180 dien\u0173. Efektyvus, tylus ir atsparus vandeniui (IPX7).<\/p>\n","protected":false},"featured_media":64085,"template":"","meta":[],"product_brand":[1536],"product_cat":[1569],"product_tag":[],"class_list":{"0":"post-64083","1":"product","2":"type-product","3":"status-publish","4":"has-post-thumbnail","6":"product_brand-oclean","7":"product_cat-burnos-higiena","9":"first","10":"instock","11":"purchasable","12":"product-type-simple"},"yoast_head":"<!-- This site is optimized with the Yoast SEO plugin v27.4 - https:\/\/yoast.com\/product\/yoast-seo-wordpress\/ -->\n<title>XIAOMI OCLEAN baltos spalvos FLOW elektrinis dant\u0173 \u0161epet\u0117lis, 1 vnt - MalinaShop.lt J\u016bs\u0173 sveikatai ir gro\u017eiui.<\/title>\n<meta name=\"description\" content=\"XIAOMI OCLEAN FLOW elektrinis dant\u0173 \u0161epet\u0117lis su 5 valymo re\u017eimais, Sonic technologija ir iki 180 dien\u0173 veikian\u010dia baterija. Efektyvus ir patogus kasdienai.\" \/>\n<meta name=\"robots\" content=\"index, follow, max-snippet:-1, max-image-preview:large, max-video-preview:-1\" \/>\n<link rel=\"canonical\" href=\"https:\/\/www.malinashop.lt\/lt_lt\/shop\/xiaomi-oclean-baltos-spalvos-flow-elektrinis-dantu-sepetelis-1-vnt\/\" \/>\n<meta property=\"og:locale\" content=\"lt_LT\" \/>\n<meta property=\"og:type\" content=\"article\" \/>\n<meta property=\"og:title\" content=\"XIAOMI OCLEAN baltos spalvos FLOW elektrinis dant\u0173 \u0161epet\u0117lis, 1 vnt - MalinaShop.lt J\u016bs\u0173 sveikatai ir gro\u017eiui.\" \/>\n<meta property=\"og:description\" content=\"XIAOMI OCLEAN FLOW elektrinis dant\u0173 \u0161epet\u0117lis su 5 valymo re\u017eimais, Sonic technologija ir iki 180 dien\u0173 veikian\u010dia baterija. Efektyvus ir patogus kasdienai.\" \/>\n<meta property=\"og:url\" content=\"https:\/\/www.malinashop.lt\/lt_lt\/shop\/xiaomi-oclean-baltos-spalvos-flow-elektrinis-dantu-sepetelis-1-vnt\/\" \/>\n<meta property=\"og:site_name\" content=\"MalinaShop.lt J\u016bs\u0173 sveikatai ir gro\u017eiui.\" \/>\n<meta property=\"article:modified_time\" content=\"2025-12-12T14:41:40+00:00\" \/>\n<meta property=\"og:image\" content=\"https:\/\/www.malinashop.lt\/wp-content\/uploads\/2025\/11\/3-4.jpg\" \/>\n\t<meta property=\"og:image:width\" content=\"1000\" \/>\n\t<meta property=\"og:image:height\" content=\"1000\" \/>\n\t<meta property=\"og:image:type\" content=\"image\/jpeg\" \/>\n<meta name=\"twitter:card\" content=\"summary_large_image\" \/>\n<script type=\"application\/ld+json\" class=\"yoast-schema-graph\">{\"@context\":\"https:\\\/\\\/schema.org\",\"@graph\":[{\"@type\":\"WebPage\",\"@id\":\"https:\\\/\\\/www.malinashop.lt\\\/en\\\/shop\\\/xiaomi-oclean-baltos-spalvos-flow-elektrinis-dantu-sepetelis-1-vnt\\\/\",\"url\":\"https:\\\/\\\/www.malinashop.lt\\\/en\\\/shop\\\/xiaomi-oclean-baltos-spalvos-flow-elektrinis-dantu-sepetelis-1-vnt\\\/\",\"name\":\"XIAOMI OCLEAN baltos spalvos FLOW elektrinis dant\u0173 \u0161epet\u0117lis, 1 vnt - MalinaShop.lt J\u016bs\u0173 sveikatai ir gro\u017eiui.\",\"isPartOf\":{\"@id\":\"https:\\\/\\\/www.malinashop.lt\\\/#website\"},\"primaryImageOfPage\":{\"@id\":\"https:\\\/\\\/www.malinashop.lt\\\/en\\\/shop\\\/xiaomi-oclean-baltos-spalvos-flow-elektrinis-dantu-sepetelis-1-vnt\\\/#primaryimage\"},\"image\":{\"@id\":\"https:\\\/\\\/www.malinashop.lt\\\/en\\\/shop\\\/xiaomi-oclean-baltos-spalvos-flow-elektrinis-dantu-sepetelis-1-vnt\\\/#primaryimage\"},\"thumbnailUrl\":\"https:\\\/\\\/www.malinashop.lt\\\/wp-content\\\/uploads\\\/2025\\\/11\\\/3-4.jpg\",\"datePublished\":\"2025-11-24T15:25:01+00:00\",\"dateModified\":\"2025-12-12T14:41:40+00:00\",\"description\":\"XIAOMI OCLEAN FLOW elektrinis dant\u0173 \u0161epet\u0117lis su 5 valymo re\u017eimais, Sonic technologija ir iki 180 dien\u0173 veikian\u010dia baterija. Efektyvus ir patogus kasdienai.\",\"breadcrumb\":{\"@id\":\"https:\\\/\\\/www.malinashop.lt\\\/en\\\/shop\\\/xiaomi-oclean-baltos-spalvos-flow-elektrinis-dantu-sepetelis-1-vnt\\\/#breadcrumb\"},\"inLanguage\":\"lt-LT\",\"potentialAction\":[{\"@type\":\"ReadAction\",\"target\":[\"https:\\\/\\\/www.malinashop.lt\\\/en\\\/shop\\\/xiaomi-oclean-baltos-spalvos-flow-elektrinis-dantu-sepetelis-1-vnt\\\/\"]}]},{\"@type\":\"ImageObject\",\"inLanguage\":\"lt-LT\",\"@id\":\"https:\\\/\\\/www.malinashop.lt\\\/en\\\/shop\\\/xiaomi-oclean-baltos-spalvos-flow-elektrinis-dantu-sepetelis-1-vnt\\\/#primaryimage\",\"url\":\"https:\\\/\\\/www.malinashop.lt\\\/wp-content\\\/uploads\\\/2025\\\/11\\\/3-4.jpg\",\"contentUrl\":\"https:\\\/\\\/www.malinashop.lt\\\/wp-content\\\/uploads\\\/2025\\\/11\\\/3-4.jpg\",\"width\":1000,\"height\":1000},{\"@type\":\"BreadcrumbList\",\"@id\":\"https:\\\/\\\/www.malinashop.lt\\\/en\\\/shop\\\/xiaomi-oclean-baltos-spalvos-flow-elektrinis-dantu-sepetelis-1-vnt\\\/#breadcrumb\",\"itemListElement\":[{\"@type\":\"ListItem\",\"position\":1,\"name\":\"Pagrindinis\",\"item\":\"https:\\\/\\\/www.malinashop.lt\\\/\"},{\"@type\":\"ListItem\",\"position\":2,\"name\":\"Parduotuv\u0117\",\"item\":\"https:\\\/\\\/www.malinashop.lt\\\/en\\\/parduotuve\\\/\"},{\"@type\":\"ListItem\",\"position\":3,\"name\":\"XIAOMI OCLEAN baltos spalvos FLOW elektrinis dant\u0173 \u0161epet\u0117lis, 1 vnt\"}]},{\"@type\":\"WebSite\",\"@id\":\"https:\\\/\\\/www.malinashop.lt\\\/#website\",\"url\":\"https:\\\/\\\/www.malinashop.lt\\\/\",\"name\":\"COM Group Ecommerce\",\"description\":\"MalinaShop.lt - Gro\u017eio ir sveikatos produktai i\u0161 patikim\u0173 preki\u0173 \u017eenkl\u0173. Atraskite auk\u0161tos kokyb\u0117s kosmetik\u0105 u\u017e puiki\u0105 kain\u0105.\",\"publisher\":{\"@id\":\"https:\\\/\\\/www.malinashop.lt\\\/#organization\"},\"potentialAction\":[{\"@type\":\"SearchAction\",\"target\":{\"@type\":\"EntryPoint\",\"urlTemplate\":\"https:\\\/\\\/www.malinashop.lt\\\/?s={search_term_string}\"},\"query-input\":{\"@type\":\"PropertyValueSpecification\",\"valueRequired\":true,\"valueName\":\"search_term_string\"}}],\"inLanguage\":\"lt-LT\"},{\"@type\":\"Organization\",\"@id\":\"https:\\\/\\\/www.malinashop.lt\\\/#organization\",\"name\":\"COM Group Ecommerce\",\"url\":\"https:\\\/\\\/www.malinashop.lt\\\/\",\"logo\":{\"@type\":\"ImageObject\",\"inLanguage\":\"lt-LT\",\"@id\":\"https:\\\/\\\/www.malinashop.lt\\\/#\\\/schema\\\/logo\\\/image\\\/\",\"url\":\"https:\\\/\\\/www.malinashop.lt\\\/wp-content\\\/uploads\\\/2024\\\/08\\\/462559670_3787732518133670_9795632669273463_n-e1731525914575.png\",\"contentUrl\":\"https:\\\/\\\/www.malinashop.lt\\\/wp-content\\\/uploads\\\/2024\\\/08\\\/462559670_3787732518133670_9795632669273463_n-e1731525914575.png\",\"width\":180,\"height\":60,\"caption\":\"COM Group Ecommerce\"},\"image\":{\"@id\":\"https:\\\/\\\/www.malinashop.lt\\\/#\\\/schema\\\/logo\\\/image\\\/\"}}]}<\/script>\n<!-- \/ Yoast SEO plugin. -->","yoast_head_json":{"title":"XIAOMI OCLEAN baltos spalvos FLOW elektrinis dant\u0173 \u0161epet\u0117lis, 1 vnt - MalinaShop.lt J\u016bs\u0173 sveikatai ir gro\u017eiui.","description":"XIAOMI OCLEAN FLOW elektrinis dant\u0173 \u0161epet\u0117lis su 5 valymo re\u017eimais, Sonic technologija ir iki 180 dien\u0173 veikian\u010dia baterija. Efektyvus ir patogus kasdienai.","robots":{"index":"index","follow":"follow","max-snippet":"max-snippet:-1","max-image-preview":"max-image-preview:large","max-video-preview":"max-video-preview:-1"},"canonical":"https:\/\/www.malinashop.lt\/lt_lt\/shop\/xiaomi-oclean-baltos-spalvos-flow-elektrinis-dantu-sepetelis-1-vnt\/","og_locale":"lt_LT","og_type":"article","og_title":"XIAOMI OCLEAN baltos spalvos FLOW elektrinis dant\u0173 \u0161epet\u0117lis, 1 vnt - MalinaShop.lt J\u016bs\u0173 sveikatai ir gro\u017eiui.","og_description":"XIAOMI OCLEAN FLOW elektrinis dant\u0173 \u0161epet\u0117lis su 5 valymo re\u017eimais, Sonic technologija ir iki 180 dien\u0173 veikian\u010dia baterija. Efektyvus ir patogus kasdienai.","og_url":"https:\/\/www.malinashop.lt\/lt_lt\/shop\/xiaomi-oclean-baltos-spalvos-flow-elektrinis-dantu-sepetelis-1-vnt\/","og_site_name":"MalinaShop.lt J\u016bs\u0173 sveikatai ir gro\u017eiui.","article_modified_time":"2025-12-12T14:41:40+00:00","og_image":[{"width":1000,"height":1000,"url":"https:\/\/www.malinashop.lt\/wp-content\/uploads\/2025\/11\/3-4.jpg","type":"image\/jpeg"}],"twitter_card":"summary_large_image","schema":{"@context":"https:\/\/schema.org","@graph":[{"@type":"WebPage","@id":"https:\/\/www.malinashop.lt\/en\/shop\/xiaomi-oclean-baltos-spalvos-flow-elektrinis-dantu-sepetelis-1-vnt\/","url":"https:\/\/www.malinashop.lt\/en\/shop\/xiaomi-oclean-baltos-spalvos-flow-elektrinis-dantu-sepetelis-1-vnt\/","name":"XIAOMI OCLEAN baltos spalvos FLOW elektrinis dant\u0173 \u0161epet\u0117lis, 1 vnt - MalinaShop.lt J\u016bs\u0173 sveikatai ir gro\u017eiui.","isPartOf":{"@id":"https:\/\/www.malinashop.lt\/#website"},"primaryImageOfPage":{"@id":"https:\/\/www.malinashop.lt\/en\/shop\/xiaomi-oclean-baltos-spalvos-flow-elektrinis-dantu-sepetelis-1-vnt\/#primaryimage"},"image":{"@id":"https:\/\/www.malinashop.lt\/en\/shop\/xiaomi-oclean-baltos-spalvos-flow-elektrinis-dantu-sepetelis-1-vnt\/#primaryimage"},"thumbnailUrl":"https:\/\/www.malinashop.lt\/wp-content\/uploads\/2025\/11\/3-4.jpg","datePublished":"2025-11-24T15:25:01+00:00","dateModified":"2025-12-12T14:41:40+00:00","description":"XIAOMI OCLEAN FLOW elektrinis dant\u0173 \u0161epet\u0117lis su 5 valymo re\u017eimais, Sonic technologija ir iki 180 dien\u0173 veikian\u010dia baterija. Efektyvus ir patogus kasdienai.","breadcrumb":{"@id":"https:\/\/www.malinashop.lt\/en\/shop\/xiaomi-oclean-baltos-spalvos-flow-elektrinis-dantu-sepetelis-1-vnt\/#breadcrumb"},"inLanguage":"lt-LT","potentialAction":[{"@type":"ReadAction","target":["https:\/\/www.malinashop.lt\/en\/shop\/xiaomi-oclean-baltos-spalvos-flow-elektrinis-dantu-sepetelis-1-vnt\/"]}]},{"@type":"ImageObject","inLanguage":"lt-LT","@id":"https:\/\/www.malinashop.lt\/en\/shop\/xiaomi-oclean-baltos-spalvos-flow-elektrinis-dantu-sepetelis-1-vnt\/#primaryimage","url":"https:\/\/www.malinashop.lt\/wp-content\/uploads\/2025\/11\/3-4.jpg","contentUrl":"https:\/\/www.malinashop.lt\/wp-content\/uploads\/2025\/11\/3-4.jpg","width":1000,"height":1000},{"@type":"BreadcrumbList","@id":"https:\/\/www.malinashop.lt\/en\/shop\/xiaomi-oclean-baltos-spalvos-flow-elektrinis-dantu-sepetelis-1-vnt\/#breadcrumb","itemListElement":[{"@type":"ListItem","position":1,"name":"Pagrindinis","item":"https:\/\/www.malinashop.lt\/"},{"@type":"ListItem","position":2,"name":"Parduotuv\u0117","item":"https:\/\/www.malinashop.lt\/en\/parduotuve\/"},{"@type":"ListItem","position":3,"name":"XIAOMI OCLEAN baltos spalvos FLOW elektrinis dant\u0173 \u0161epet\u0117lis, 1 vnt"}]},{"@type":"WebSite","@id":"https:\/\/www.malinashop.lt\/#website","url":"https:\/\/www.malinashop.lt\/","name":"COM Group Ecommerce","description":"MalinaShop.lt - Gro\u017eio ir sveikatos produktai i\u0161 patikim\u0173 preki\u0173 \u017eenkl\u0173. Atraskite auk\u0161tos kokyb\u0117s kosmetik\u0105 u\u017e puiki\u0105 kain\u0105.","publisher":{"@id":"https:\/\/www.malinashop.lt\/#organization"},"potentialAction":[{"@type":"SearchAction","target":{"@type":"EntryPoint","urlTemplate":"https:\/\/www.malinashop.lt\/?s={search_term_string}"},"query-input":{"@type":"PropertyValueSpecification","valueRequired":true,"valueName":"search_term_string"}}],"inLanguage":"lt-LT"},{"@type":"Organization","@id":"https:\/\/www.malinashop.lt\/#organization","name":"COM Group Ecommerce","url":"https:\/\/www.malinashop.lt\/","logo":{"@type":"ImageObject","inLanguage":"lt-LT","@id":"https:\/\/www.malinashop.lt\/#\/schema\/logo\/image\/","url":"https:\/\/www.malinashop.lt\/wp-content\/uploads\/2024\/08\/462559670_3787732518133670_9795632669273463_n-e1731525914575.png","contentUrl":"https:\/\/www.malinashop.lt\/wp-content\/uploads\/2024\/08\/462559670_3787732518133670_9795632669273463_n-e1731525914575.png","width":180,"height":60,"caption":"COM Group Ecommerce"},"image":{"@id":"https:\/\/www.malinashop.lt\/#\/schema\/logo\/image\/"}}]}},"jetpack_sharing_enabled":true,"_links":{"self":[{"href":"https:\/\/www.malinashop.lt\/lt_lt\/wp-json\/wp\/v2\/product\/64083","targetHints":{"allow":["GET"]}}],"collection":[{"href":"https:\/\/www.malinashop.lt\/lt_lt\/wp-json\/wp\/v2\/product"}],"about":[{"href":"https:\/\/www.malinashop.lt\/lt_lt\/wp-json\/wp\/v2\/types\/product"}],"version-history":[{"count":2,"href":"https:\/\/www.malinashop.lt\/lt_lt\/wp-json\/wp\/v2\/product\/64083\/revisions"}],"predecessor-version":[{"id":72315,"href":"https:\/\/www.malinashop.lt\/lt_lt\/wp-json\/wp\/v2\/product\/64083\/revisions\/72315"}],"wp:featuredmedia":[{"embeddable":true,"href":"https:\/\/www.malinashop.lt\/lt_lt\/wp-json\/wp\/v2\/media\/64085"}],"wp:attachment":[{"href":"https:\/\/www.malinashop.lt\/lt_lt\/wp-json\/wp\/v2\/media?parent=64083"}],"wp:term":[{"taxonomy":"product_brand","embeddable":true,"href":"https:\/\/www.malinashop.lt\/lt_lt\/wp-json\/wp\/v2\/product_brand?post=64083"},{"taxonomy":"product_cat","embeddable":true,"href":"https:\/\/www.malinashop.lt\/lt_lt\/wp-json\/wp\/v2\/product_cat?post=64083"},{"taxonomy":"product_tag","embeddable":true,"href":"https:\/\/www.malinashop.lt\/lt_lt\/wp-json\/wp\/v2\/product_tag?post=64083"}],"curies":[{"name":"wp","href":"https:\/\/api.w.org\/{rel}","templated":true}]}}