{"id":64057,"date":"2025-11-24T18:24:17","date_gmt":"2025-11-24T15:24:17","guid":{"rendered":"https:\/\/malinashop.lt\/?post_type=product&#038;p=64057"},"modified":"2025-12-12T14:57:57","modified_gmt":"2025-12-12T11:57:57","slug":"xiaomi-oclean-x-pro-digital-elektrinis-dantu-sepetelis-sidabrines-spalvos-1-vnt","status":"publish","type":"product","link":"https:\/\/www.malinashop.lt\/lt_lt\/shop\/xiaomi-oclean-x-pro-digital-elektrinis-dantu-sepetelis-sidabrines-spalvos-1-vnt\/","title":{"rendered":"XIAOMI OCLEAN X PRO DIGITAL elektrinis dant\u0173 \u0161epet\u0117lis sidabrin\u0117s spalvos, 1 vnt"},"content":{"rendered":"<p data-start=\"273\" data-end=\"579\"><strong data-start=\"273\" data-end=\"304\">Xiaomi Oclean X Pro Digital<\/strong> \u2013 tai pa\u017eangus i\u0161manusis ultragarsinis dant\u0173 \u0161epet\u0117lis, sukurtas tiems, kurie siekia maksimalios burnos higienos ir profesionalaus valymo namuose. Atnaujintas X Pro Digital modelis pasi\u017eymi dar didesne valymo galia, i\u0161maniu ekranu ir individualiai pritaikomu valymo procesu.<\/p>\n<p data-start=\"581\" data-end=\"928\">\u0160epet\u0117lyje integruotas <strong data-start=\"604\" data-end=\"658\">patentuotas MAGLEV magnetin\u0117s levitacijos variklis<\/strong>, kuris u\u017etikrina itin efektyvius, bet \u0161velnius virpesius. Jie pasiekia kiekvieno \u0161erelio galiuk\u0105 be energijos nuostoli\u0173, tod\u0117l apna\u0161os ir bakterijos pa\u0161alinamos net i\u0161 sunkiai pasiekiam\u0173 viet\u0173. D\u0117l iki <strong data-start=\"861\" data-end=\"884\">12\u00b0 pasvirimo kampo<\/strong> valymas tampa dar tikslesnis ir patogesnis.<\/p>\n<p data-start=\"930\" data-end=\"1224\">Valymo metu susidarantys <strong data-start=\"955\" data-end=\"976\">mikro burbuliukai<\/strong> (vandens, pastos ir seili\u0173 mi\u0161inys) padeda efektyviai i\u0161valyti tarpdan\u010dius ir danten\u0173 linij\u0105. Po kiekvieno valymo \u0161epet\u0117lio <strong data-start=\"1101\" data-end=\"1123\">i\u0161maniajame ekrane<\/strong> rodomas 3D dant\u0173 modelis, kuris ai\u0161kiai parodo, kurios vietos buvo i\u0161valytos, o kurios \u2013 praleistos.<\/p>\n<p data-start=\"1226\" data-end=\"1411\">Pa\u017eang\u016bs algoritmai \u012fvertina kiekvien\u0105 valymo seans\u0105 <strong data-start=\"1279\" data-end=\"1301\">0\u2013100 bal\u0173 skal\u0117je<\/strong>. Jei rezultatas ma\u017eesnis nei 90, \u0161epet\u0117lis pasi\u016blo pakartotin\u012f valym\u0105, kad pasiektum\u0117te optimal\u0173 \u0161varos lyg\u012f.<\/p>\n<p data-start=\"1413\" data-end=\"1676\">Naudojant <strong data-start=\"1423\" data-end=\"1452\">\u201eOclean Care+\u201c program\u0117l\u0119<\/strong>, galima steb\u0117ti detalias valymo ataskaitas, koreguoti valymo programas, gauti galvut\u0117s keitimo priminimus ir pritaikyti \u0161epet\u0117lio veikim\u0105 individualiems poreikiams. Program\u0117l\u0117 suderinama su <strong data-start=\"1643\" data-end=\"1675\">iOS, Android ir Apple Health<\/strong>.<\/p>\n<p data-start=\"1678\" data-end=\"1745\">Komplekte rasite <strong data-start=\"1695\" data-end=\"1744\">2 auk\u0161tos kokyb\u0117s antgalius su DuPont pluo\u0161tu<\/strong>:<\/p>\n<ul data-start=\"1746\" data-end=\"1874\">\n<li data-start=\"1746\" data-end=\"1797\">\n<p data-start=\"1748\" data-end=\"1797\">standartin\u012f balinimo ir kasdienio valymo antgal\u012f;<\/p>\n<\/li>\n<li data-start=\"1798\" data-end=\"1874\">\n<p data-start=\"1800\" data-end=\"1874\">ma\u017eesn\u012f, ypa\u010d \u0161veln\u0173 antgal\u012f sunkiai pasiekiamoms vietoms ir tarpdan\u010diams.<\/p>\n<\/li>\n<\/ul>\n","protected":false},"excerpt":{"rendered":"<p data-start=\"1913\" data-end=\"2155\"><strong data-start=\"1913\" data-end=\"1937\">Oclean X Pro Digital<\/strong> \u2013 i\u0161manusis elektrinis dant\u0173 \u0161epet\u0117lis su ekranu, magnetin\u0117s levitacijos varikliu ir individualiu valymo vertinimu. U\u017etikrina galing\u0105, bet \u0161veln\u0173 dant\u0173 ir danten\u0173 valym\u0105 bei leid\u017eia steb\u0117ti rezultatus realiuoju laiku.<\/p>\n","protected":false},"featured_media":64059,"template":"","meta":[],"product_brand":[1536],"product_cat":[1569],"product_tag":[],"class_list":{"0":"post-64057","1":"product","2":"type-product","3":"status-publish","4":"has-post-thumbnail","6":"product_brand-oclean","7":"product_cat-burnos-higiena","9":"first","10":"instock","11":"purchasable","12":"product-type-simple"},"yoast_head":"<!-- This site is optimized with the Yoast SEO plugin v27.4 - https:\/\/yoast.com\/product\/yoast-seo-wordpress\/ -->\n<title>XIAOMI OCLEAN X PRO DIGITAL elektrinis dant\u0173 \u0161epet\u0117lis sidabrin\u0117s spalvos, 1 vnt - MalinaShop.lt J\u016bs\u0173 sveikatai ir gro\u017eiui.<\/title>\n<meta name=\"description\" content=\"Xiaomi Oclean X Pro Digital elektrinis dant\u0173 \u0161epet\u0117lis su i\u0161maniu ekranu, MAGLEV varikliu ir 3D valymo analize. Efektyvus ir \u0161velnus.\" \/>\n<meta name=\"robots\" content=\"index, follow, max-snippet:-1, max-image-preview:large, max-video-preview:-1\" \/>\n<link rel=\"canonical\" href=\"https:\/\/www.malinashop.lt\/lt_lt\/shop\/xiaomi-oclean-x-pro-digital-elektrinis-dantu-sepetelis-sidabrines-spalvos-1-vnt\/\" \/>\n<meta property=\"og:locale\" content=\"lt_LT\" \/>\n<meta property=\"og:type\" content=\"article\" \/>\n<meta property=\"og:title\" content=\"XIAOMI OCLEAN X PRO DIGITAL elektrinis dant\u0173 \u0161epet\u0117lis sidabrin\u0117s spalvos, 1 vnt - MalinaShop.lt J\u016bs\u0173 sveikatai ir gro\u017eiui.\" \/>\n<meta property=\"og:description\" content=\"Xiaomi Oclean X Pro Digital elektrinis dant\u0173 \u0161epet\u0117lis su i\u0161maniu ekranu, MAGLEV varikliu ir 3D valymo analize. Efektyvus ir \u0161velnus.\" \/>\n<meta property=\"og:url\" content=\"https:\/\/www.malinashop.lt\/lt_lt\/shop\/xiaomi-oclean-x-pro-digital-elektrinis-dantu-sepetelis-sidabrines-spalvos-1-vnt\/\" \/>\n<meta property=\"og:site_name\" content=\"MalinaShop.lt J\u016bs\u0173 sveikatai ir gro\u017eiui.\" \/>\n<meta property=\"article:modified_time\" content=\"2025-12-12T11:57:57+00:00\" \/>\n<meta property=\"og:image\" content=\"https:\/\/www.malinashop.lt\/wp-content\/uploads\/2025\/11\/1-1.jpg\" \/>\n\t<meta property=\"og:image:width\" content=\"1000\" \/>\n\t<meta property=\"og:image:height\" content=\"1000\" \/>\n\t<meta property=\"og:image:type\" content=\"image\/jpeg\" \/>\n<meta name=\"twitter:card\" content=\"summary_large_image\" \/>\n<script type=\"application\/ld+json\" class=\"yoast-schema-graph\">{\"@context\":\"https:\\\/\\\/schema.org\",\"@graph\":[{\"@type\":\"WebPage\",\"@id\":\"https:\\\/\\\/www.malinashop.lt\\\/en\\\/shop\\\/xiaomi-oclean-x-pro-digital-elektrinis-dantu-sepetelis-sidabrines-spalvos-1-vnt\\\/\",\"url\":\"https:\\\/\\\/www.malinashop.lt\\\/en\\\/shop\\\/xiaomi-oclean-x-pro-digital-elektrinis-dantu-sepetelis-sidabrines-spalvos-1-vnt\\\/\",\"name\":\"XIAOMI OCLEAN X PRO DIGITAL elektrinis dant\u0173 \u0161epet\u0117lis sidabrin\u0117s spalvos, 1 vnt - MalinaShop.lt J\u016bs\u0173 sveikatai ir gro\u017eiui.\",\"isPartOf\":{\"@id\":\"https:\\\/\\\/www.malinashop.lt\\\/#website\"},\"primaryImageOfPage\":{\"@id\":\"https:\\\/\\\/www.malinashop.lt\\\/en\\\/shop\\\/xiaomi-oclean-x-pro-digital-elektrinis-dantu-sepetelis-sidabrines-spalvos-1-vnt\\\/#primaryimage\"},\"image\":{\"@id\":\"https:\\\/\\\/www.malinashop.lt\\\/en\\\/shop\\\/xiaomi-oclean-x-pro-digital-elektrinis-dantu-sepetelis-sidabrines-spalvos-1-vnt\\\/#primaryimage\"},\"thumbnailUrl\":\"https:\\\/\\\/www.malinashop.lt\\\/wp-content\\\/uploads\\\/2025\\\/11\\\/1-1.jpg\",\"datePublished\":\"2025-11-24T15:24:17+00:00\",\"dateModified\":\"2025-12-12T11:57:57+00:00\",\"description\":\"Xiaomi Oclean X Pro Digital elektrinis dant\u0173 \u0161epet\u0117lis su i\u0161maniu ekranu, MAGLEV varikliu ir 3D valymo analize. Efektyvus ir \u0161velnus.\",\"breadcrumb\":{\"@id\":\"https:\\\/\\\/www.malinashop.lt\\\/en\\\/shop\\\/xiaomi-oclean-x-pro-digital-elektrinis-dantu-sepetelis-sidabrines-spalvos-1-vnt\\\/#breadcrumb\"},\"inLanguage\":\"lt-LT\",\"potentialAction\":[{\"@type\":\"ReadAction\",\"target\":[\"https:\\\/\\\/www.malinashop.lt\\\/en\\\/shop\\\/xiaomi-oclean-x-pro-digital-elektrinis-dantu-sepetelis-sidabrines-spalvos-1-vnt\\\/\"]}]},{\"@type\":\"ImageObject\",\"inLanguage\":\"lt-LT\",\"@id\":\"https:\\\/\\\/www.malinashop.lt\\\/en\\\/shop\\\/xiaomi-oclean-x-pro-digital-elektrinis-dantu-sepetelis-sidabrines-spalvos-1-vnt\\\/#primaryimage\",\"url\":\"https:\\\/\\\/www.malinashop.lt\\\/wp-content\\\/uploads\\\/2025\\\/11\\\/1-1.jpg\",\"contentUrl\":\"https:\\\/\\\/www.malinashop.lt\\\/wp-content\\\/uploads\\\/2025\\\/11\\\/1-1.jpg\",\"width\":1000,\"height\":1000},{\"@type\":\"BreadcrumbList\",\"@id\":\"https:\\\/\\\/www.malinashop.lt\\\/en\\\/shop\\\/xiaomi-oclean-x-pro-digital-elektrinis-dantu-sepetelis-sidabrines-spalvos-1-vnt\\\/#breadcrumb\",\"itemListElement\":[{\"@type\":\"ListItem\",\"position\":1,\"name\":\"Pagrindinis\",\"item\":\"https:\\\/\\\/www.malinashop.lt\\\/\"},{\"@type\":\"ListItem\",\"position\":2,\"name\":\"Parduotuv\u0117\",\"item\":\"https:\\\/\\\/www.malinashop.lt\\\/en\\\/parduotuve\\\/\"},{\"@type\":\"ListItem\",\"position\":3,\"name\":\"XIAOMI OCLEAN X PRO DIGITAL elektrinis dant\u0173 \u0161epet\u0117lis sidabrin\u0117s spalvos, 1 vnt\"}]},{\"@type\":\"WebSite\",\"@id\":\"https:\\\/\\\/www.malinashop.lt\\\/#website\",\"url\":\"https:\\\/\\\/www.malinashop.lt\\\/\",\"name\":\"COM Group Ecommerce\",\"description\":\"MalinaShop.lt - Gro\u017eio ir sveikatos produktai i\u0161 patikim\u0173 preki\u0173 \u017eenkl\u0173. Atraskite auk\u0161tos kokyb\u0117s kosmetik\u0105 u\u017e puiki\u0105 kain\u0105.\",\"publisher\":{\"@id\":\"https:\\\/\\\/www.malinashop.lt\\\/#organization\"},\"potentialAction\":[{\"@type\":\"SearchAction\",\"target\":{\"@type\":\"EntryPoint\",\"urlTemplate\":\"https:\\\/\\\/www.malinashop.lt\\\/?s={search_term_string}\"},\"query-input\":{\"@type\":\"PropertyValueSpecification\",\"valueRequired\":true,\"valueName\":\"search_term_string\"}}],\"inLanguage\":\"lt-LT\"},{\"@type\":\"Organization\",\"@id\":\"https:\\\/\\\/www.malinashop.lt\\\/#organization\",\"name\":\"COM Group Ecommerce\",\"url\":\"https:\\\/\\\/www.malinashop.lt\\\/\",\"logo\":{\"@type\":\"ImageObject\",\"inLanguage\":\"lt-LT\",\"@id\":\"https:\\\/\\\/www.malinashop.lt\\\/#\\\/schema\\\/logo\\\/image\\\/\",\"url\":\"https:\\\/\\\/www.malinashop.lt\\\/wp-content\\\/uploads\\\/2024\\\/08\\\/462559670_3787732518133670_9795632669273463_n-e1731525914575.png\",\"contentUrl\":\"https:\\\/\\\/www.malinashop.lt\\\/wp-content\\\/uploads\\\/2024\\\/08\\\/462559670_3787732518133670_9795632669273463_n-e1731525914575.png\",\"width\":180,\"height\":60,\"caption\":\"COM Group Ecommerce\"},\"image\":{\"@id\":\"https:\\\/\\\/www.malinashop.lt\\\/#\\\/schema\\\/logo\\\/image\\\/\"}}]}<\/script>\n<!-- \/ Yoast SEO plugin. -->","yoast_head_json":{"title":"XIAOMI OCLEAN X PRO DIGITAL elektrinis dant\u0173 \u0161epet\u0117lis sidabrin\u0117s spalvos, 1 vnt - MalinaShop.lt J\u016bs\u0173 sveikatai ir gro\u017eiui.","description":"Xiaomi Oclean X Pro Digital elektrinis dant\u0173 \u0161epet\u0117lis su i\u0161maniu ekranu, MAGLEV varikliu ir 3D valymo analize. Efektyvus ir \u0161velnus.","robots":{"index":"index","follow":"follow","max-snippet":"max-snippet:-1","max-image-preview":"max-image-preview:large","max-video-preview":"max-video-preview:-1"},"canonical":"https:\/\/www.malinashop.lt\/lt_lt\/shop\/xiaomi-oclean-x-pro-digital-elektrinis-dantu-sepetelis-sidabrines-spalvos-1-vnt\/","og_locale":"lt_LT","og_type":"article","og_title":"XIAOMI OCLEAN X PRO DIGITAL elektrinis dant\u0173 \u0161epet\u0117lis sidabrin\u0117s spalvos, 1 vnt - MalinaShop.lt J\u016bs\u0173 sveikatai ir gro\u017eiui.","og_description":"Xiaomi Oclean X Pro Digital elektrinis dant\u0173 \u0161epet\u0117lis su i\u0161maniu ekranu, MAGLEV varikliu ir 3D valymo analize. Efektyvus ir \u0161velnus.","og_url":"https:\/\/www.malinashop.lt\/lt_lt\/shop\/xiaomi-oclean-x-pro-digital-elektrinis-dantu-sepetelis-sidabrines-spalvos-1-vnt\/","og_site_name":"MalinaShop.lt J\u016bs\u0173 sveikatai ir gro\u017eiui.","article_modified_time":"2025-12-12T11:57:57+00:00","og_image":[{"width":1000,"height":1000,"url":"https:\/\/www.malinashop.lt\/wp-content\/uploads\/2025\/11\/1-1.jpg","type":"image\/jpeg"}],"twitter_card":"summary_large_image","schema":{"@context":"https:\/\/schema.org","@graph":[{"@type":"WebPage","@id":"https:\/\/www.malinashop.lt\/en\/shop\/xiaomi-oclean-x-pro-digital-elektrinis-dantu-sepetelis-sidabrines-spalvos-1-vnt\/","url":"https:\/\/www.malinashop.lt\/en\/shop\/xiaomi-oclean-x-pro-digital-elektrinis-dantu-sepetelis-sidabrines-spalvos-1-vnt\/","name":"XIAOMI OCLEAN X PRO DIGITAL elektrinis dant\u0173 \u0161epet\u0117lis sidabrin\u0117s spalvos, 1 vnt - MalinaShop.lt J\u016bs\u0173 sveikatai ir gro\u017eiui.","isPartOf":{"@id":"https:\/\/www.malinashop.lt\/#website"},"primaryImageOfPage":{"@id":"https:\/\/www.malinashop.lt\/en\/shop\/xiaomi-oclean-x-pro-digital-elektrinis-dantu-sepetelis-sidabrines-spalvos-1-vnt\/#primaryimage"},"image":{"@id":"https:\/\/www.malinashop.lt\/en\/shop\/xiaomi-oclean-x-pro-digital-elektrinis-dantu-sepetelis-sidabrines-spalvos-1-vnt\/#primaryimage"},"thumbnailUrl":"https:\/\/www.malinashop.lt\/wp-content\/uploads\/2025\/11\/1-1.jpg","datePublished":"2025-11-24T15:24:17+00:00","dateModified":"2025-12-12T11:57:57+00:00","description":"Xiaomi Oclean X Pro Digital elektrinis dant\u0173 \u0161epet\u0117lis su i\u0161maniu ekranu, MAGLEV varikliu ir 3D valymo analize. Efektyvus ir \u0161velnus.","breadcrumb":{"@id":"https:\/\/www.malinashop.lt\/en\/shop\/xiaomi-oclean-x-pro-digital-elektrinis-dantu-sepetelis-sidabrines-spalvos-1-vnt\/#breadcrumb"},"inLanguage":"lt-LT","potentialAction":[{"@type":"ReadAction","target":["https:\/\/www.malinashop.lt\/en\/shop\/xiaomi-oclean-x-pro-digital-elektrinis-dantu-sepetelis-sidabrines-spalvos-1-vnt\/"]}]},{"@type":"ImageObject","inLanguage":"lt-LT","@id":"https:\/\/www.malinashop.lt\/en\/shop\/xiaomi-oclean-x-pro-digital-elektrinis-dantu-sepetelis-sidabrines-spalvos-1-vnt\/#primaryimage","url":"https:\/\/www.malinashop.lt\/wp-content\/uploads\/2025\/11\/1-1.jpg","contentUrl":"https:\/\/www.malinashop.lt\/wp-content\/uploads\/2025\/11\/1-1.jpg","width":1000,"height":1000},{"@type":"BreadcrumbList","@id":"https:\/\/www.malinashop.lt\/en\/shop\/xiaomi-oclean-x-pro-digital-elektrinis-dantu-sepetelis-sidabrines-spalvos-1-vnt\/#breadcrumb","itemListElement":[{"@type":"ListItem","position":1,"name":"Pagrindinis","item":"https:\/\/www.malinashop.lt\/"},{"@type":"ListItem","position":2,"name":"Parduotuv\u0117","item":"https:\/\/www.malinashop.lt\/en\/parduotuve\/"},{"@type":"ListItem","position":3,"name":"XIAOMI OCLEAN X PRO DIGITAL elektrinis dant\u0173 \u0161epet\u0117lis sidabrin\u0117s spalvos, 1 vnt"}]},{"@type":"WebSite","@id":"https:\/\/www.malinashop.lt\/#website","url":"https:\/\/www.malinashop.lt\/","name":"COM Group Ecommerce","description":"MalinaShop.lt - Gro\u017eio ir sveikatos produktai i\u0161 patikim\u0173 preki\u0173 \u017eenkl\u0173. Atraskite auk\u0161tos kokyb\u0117s kosmetik\u0105 u\u017e puiki\u0105 kain\u0105.","publisher":{"@id":"https:\/\/www.malinashop.lt\/#organization"},"potentialAction":[{"@type":"SearchAction","target":{"@type":"EntryPoint","urlTemplate":"https:\/\/www.malinashop.lt\/?s={search_term_string}"},"query-input":{"@type":"PropertyValueSpecification","valueRequired":true,"valueName":"search_term_string"}}],"inLanguage":"lt-LT"},{"@type":"Organization","@id":"https:\/\/www.malinashop.lt\/#organization","name":"COM Group Ecommerce","url":"https:\/\/www.malinashop.lt\/","logo":{"@type":"ImageObject","inLanguage":"lt-LT","@id":"https:\/\/www.malinashop.lt\/#\/schema\/logo\/image\/","url":"https:\/\/www.malinashop.lt\/wp-content\/uploads\/2024\/08\/462559670_3787732518133670_9795632669273463_n-e1731525914575.png","contentUrl":"https:\/\/www.malinashop.lt\/wp-content\/uploads\/2024\/08\/462559670_3787732518133670_9795632669273463_n-e1731525914575.png","width":180,"height":60,"caption":"COM Group Ecommerce"},"image":{"@id":"https:\/\/www.malinashop.lt\/#\/schema\/logo\/image\/"}}]}},"jetpack_sharing_enabled":true,"_links":{"self":[{"href":"https:\/\/www.malinashop.lt\/lt_lt\/wp-json\/wp\/v2\/product\/64057","targetHints":{"allow":["GET"]}}],"collection":[{"href":"https:\/\/www.malinashop.lt\/lt_lt\/wp-json\/wp\/v2\/product"}],"about":[{"href":"https:\/\/www.malinashop.lt\/lt_lt\/wp-json\/wp\/v2\/types\/product"}],"version-history":[{"count":2,"href":"https:\/\/www.malinashop.lt\/lt_lt\/wp-json\/wp\/v2\/product\/64057\/revisions"}],"predecessor-version":[{"id":72308,"href":"https:\/\/www.malinashop.lt\/lt_lt\/wp-json\/wp\/v2\/product\/64057\/revisions\/72308"}],"wp:featuredmedia":[{"embeddable":true,"href":"https:\/\/www.malinashop.lt\/lt_lt\/wp-json\/wp\/v2\/media\/64059"}],"wp:attachment":[{"href":"https:\/\/www.malinashop.lt\/lt_lt\/wp-json\/wp\/v2\/media?parent=64057"}],"wp:term":[{"taxonomy":"product_brand","embeddable":true,"href":"https:\/\/www.malinashop.lt\/lt_lt\/wp-json\/wp\/v2\/product_brand?post=64057"},{"taxonomy":"product_cat","embeddable":true,"href":"https:\/\/www.malinashop.lt\/lt_lt\/wp-json\/wp\/v2\/product_cat?post=64057"},{"taxonomy":"product_tag","embeddable":true,"href":"https:\/\/www.malinashop.lt\/lt_lt\/wp-json\/wp\/v2\/product_tag?post=64057"}],"curies":[{"name":"wp","href":"https:\/\/api.w.org\/{rel}","templated":true}]}}