{"id":64031,"date":"2025-11-24T18:24:17","date_gmt":"2025-11-24T15:24:17","guid":{"rendered":"https:\/\/malinashop.lt\/?post_type=product&#038;p=64031"},"modified":"2026-02-10T12:48:07","modified_gmt":"2026-02-10T09:48:07","slug":"paese-matiniai-lupu-dazai-mattologie-peachy-nude-nr-105","status":"publish","type":"product","link":"https:\/\/www.malinashop.lt\/lt_lt\/shop\/paese-matiniai-lupu-dazai-mattologie-peachy-nude-nr-105\/","title":{"rendered":"PAESE matiniai l\u016bp\u0173 da\u017eai MATTOLOGIE peachy nude nr.105"},"content":{"rendered":"<p data-start=\"48\" data-end=\"631\"><strong data-start=\"48\" data-end=\"104\">PAESE matiniai l\u016bp\u0173 da\u017eai MATTOLOGIE Peachy Nude 105<\/strong> \u2013 tai i\u0161skirtiniai matiniai l\u016bp\u0173 da\u017eai, pasi\u017eymintys kremin\u0117s tekst\u016bros formul\u0117mis ir intensyvia pigmentacija. Jie suteikia sodri\u0105, ilgai i\u0161liekan\u010di\u0105 spalv\u0105 ir tuo pa\u010diu pasir\u016bpina l\u016bp\u0173 komfortu. Net <strong data-start=\"305\" data-end=\"352\">50 % sud\u0117ties sudaro nat\u016bral\u016bs ingredientai<\/strong>, kurie dr\u0117kina, maitina ir saugo l\u016bpas.<br data-start=\"392\" data-end=\"395\" \/>Priemon\u0117 pasi\u017eymi aktyviomis dr\u0117kinan\u010diomis savyb\u0117mis, padedan\u010diomis apsaugoti l\u016bpas nuo i\u0161saus\u0117jimo bei diskomforto. Peachy Nude atspalvis \u2013 tai \u0161velnus, nat\u016bralus tonas, puikiai tinkantis kasdieniam makia\u017eui ir subtiliam \u012fvaizd\u017eiui.<\/p>\n<p data-start=\"633\" data-end=\"651\"><strong data-start=\"633\" data-end=\"643\">T\u016bris:<\/strong> 4,3 g<\/p>\n","protected":false},"excerpt":{"rendered":"<p data-start=\"695\" data-end=\"892\">PAESE MATTOLOGIE Peachy Nude 105 \u2013 kremin\u0117s tekst\u016bros matiniai l\u016bp\u0173 da\u017eai, suteikiantys sodri\u0105 spalv\u0105 ir ilgalaik\u012f dr\u0117kinim\u0105. Sud\u0117tyje \u2013 50 % nat\u016brali\u0173 ingredient\u0173, saugan\u010di\u0173 l\u016bpas nuo i\u0161saus\u0117jimo.<\/p>\n","protected":false},"featured_media":64033,"template":"","meta":[],"product_brand":[1534],"product_cat":[102,708,533],"product_tag":[1614],"class_list":{"0":"post-64031","1":"product","2":"type-product","3":"status-publish","4":"has-post-thumbnail","6":"product_brand-paese","7":"product_cat-dekoratyvine-kosmetika","8":"product_cat-lupoms","9":"product_cat-lupu-dazai","10":"product_tag-paese","12":"first","13":"instock","14":"purchasable","15":"product-type-simple"},"yoast_head":"<!-- This site is optimized with the Yoast SEO plugin v27.4 - https:\/\/yoast.com\/product\/yoast-seo-wordpress\/ -->\n<title>PAESE matiniai l\u016bp\u0173 da\u017eai MATTOLOGIE peachy nude nr.105 - MalinaShop.lt J\u016bs\u0173 sveikatai ir gro\u017eiui.<\/title>\n<meta name=\"description\" content=\"PAESE MATTOLOGIE Peachy Nude 105 matiniai l\u016bp\u0173 da\u017eai \u2013 kremin\u0117 tekst\u016bra, 50 % nat\u016brali\u0173 ingredient\u0173 ir ilgalaikis dr\u0117kinimas kasdieniam makia\u017eui.\" \/>\n<meta name=\"robots\" content=\"index, follow, max-snippet:-1, max-image-preview:large, max-video-preview:-1\" \/>\n<link rel=\"canonical\" href=\"https:\/\/www.malinashop.lt\/lt_lt\/shop\/paese-matiniai-lupu-dazai-mattologie-peachy-nude-nr-105\/\" \/>\n<meta property=\"og:locale\" content=\"lt_LT\" \/>\n<meta property=\"og:type\" content=\"article\" \/>\n<meta property=\"og:title\" content=\"PAESE matiniai l\u016bp\u0173 da\u017eai MATTOLOGIE peachy nude nr.105 - MalinaShop.lt J\u016bs\u0173 sveikatai ir gro\u017eiui.\" \/>\n<meta property=\"og:description\" content=\"PAESE MATTOLOGIE Peachy Nude 105 matiniai l\u016bp\u0173 da\u017eai \u2013 kremin\u0117 tekst\u016bra, 50 % nat\u016brali\u0173 ingredient\u0173 ir ilgalaikis dr\u0117kinimas kasdieniam makia\u017eui.\" \/>\n<meta property=\"og:url\" content=\"https:\/\/www.malinashop.lt\/lt_lt\/shop\/paese-matiniai-lupu-dazai-mattologie-peachy-nude-nr-105\/\" \/>\n<meta property=\"og:site_name\" content=\"MalinaShop.lt J\u016bs\u0173 sveikatai ir gro\u017eiui.\" \/>\n<meta property=\"article:modified_time\" content=\"2026-02-10T09:48:07+00:00\" \/>\n<meta property=\"og:image\" content=\"https:\/\/www.malinashop.lt\/wp-content\/uploads\/2025\/11\/5902627613692.jpg\" \/>\n\t<meta property=\"og:image:width\" content=\"1000\" \/>\n\t<meta property=\"og:image:height\" content=\"1000\" \/>\n\t<meta property=\"og:image:type\" content=\"image\/jpeg\" \/>\n<meta name=\"twitter:card\" content=\"summary_large_image\" \/>\n<script type=\"application\/ld+json\" class=\"yoast-schema-graph\">{\"@context\":\"https:\\\/\\\/schema.org\",\"@graph\":[{\"@type\":\"WebPage\",\"@id\":\"https:\\\/\\\/www.malinashop.lt\\\/shop\\\/paese-matiniai-lupu-dazai-mattologie-peachy-nude-nr-105\\\/\",\"url\":\"https:\\\/\\\/www.malinashop.lt\\\/shop\\\/paese-matiniai-lupu-dazai-mattologie-peachy-nude-nr-105\\\/\",\"name\":\"PAESE matiniai l\u016bp\u0173 da\u017eai MATTOLOGIE peachy nude nr.105 - MalinaShop.lt J\u016bs\u0173 sveikatai ir gro\u017eiui.\",\"isPartOf\":{\"@id\":\"https:\\\/\\\/www.malinashop.lt\\\/#website\"},\"primaryImageOfPage\":{\"@id\":\"https:\\\/\\\/www.malinashop.lt\\\/shop\\\/paese-matiniai-lupu-dazai-mattologie-peachy-nude-nr-105\\\/#primaryimage\"},\"image\":{\"@id\":\"https:\\\/\\\/www.malinashop.lt\\\/shop\\\/paese-matiniai-lupu-dazai-mattologie-peachy-nude-nr-105\\\/#primaryimage\"},\"thumbnailUrl\":\"https:\\\/\\\/www.malinashop.lt\\\/wp-content\\\/uploads\\\/2025\\\/11\\\/5902627613692.jpg\",\"datePublished\":\"2025-11-24T15:24:17+00:00\",\"dateModified\":\"2026-02-10T09:48:07+00:00\",\"description\":\"PAESE MATTOLOGIE Peachy Nude 105 matiniai l\u016bp\u0173 da\u017eai \u2013 kremin\u0117 tekst\u016bra, 50 % nat\u016brali\u0173 ingredient\u0173 ir ilgalaikis dr\u0117kinimas kasdieniam makia\u017eui.\",\"breadcrumb\":{\"@id\":\"https:\\\/\\\/www.malinashop.lt\\\/shop\\\/paese-matiniai-lupu-dazai-mattologie-peachy-nude-nr-105\\\/#breadcrumb\"},\"inLanguage\":\"lt-LT\",\"potentialAction\":[{\"@type\":\"ReadAction\",\"target\":[\"https:\\\/\\\/www.malinashop.lt\\\/shop\\\/paese-matiniai-lupu-dazai-mattologie-peachy-nude-nr-105\\\/\"]}]},{\"@type\":\"ImageObject\",\"inLanguage\":\"lt-LT\",\"@id\":\"https:\\\/\\\/www.malinashop.lt\\\/shop\\\/paese-matiniai-lupu-dazai-mattologie-peachy-nude-nr-105\\\/#primaryimage\",\"url\":\"https:\\\/\\\/www.malinashop.lt\\\/wp-content\\\/uploads\\\/2025\\\/11\\\/5902627613692.jpg\",\"contentUrl\":\"https:\\\/\\\/www.malinashop.lt\\\/wp-content\\\/uploads\\\/2025\\\/11\\\/5902627613692.jpg\",\"width\":1000,\"height\":1000},{\"@type\":\"BreadcrumbList\",\"@id\":\"https:\\\/\\\/www.malinashop.lt\\\/shop\\\/paese-matiniai-lupu-dazai-mattologie-peachy-nude-nr-105\\\/#breadcrumb\",\"itemListElement\":[{\"@type\":\"ListItem\",\"position\":1,\"name\":\"Pagrindinis\",\"item\":\"https:\\\/\\\/www.malinashop.lt\\\/\"},{\"@type\":\"ListItem\",\"position\":2,\"name\":\"Parduotuv\u0117\",\"item\":\"https:\\\/\\\/www.malinashop.lt\\\/en\\\/parduotuve\\\/\"},{\"@type\":\"ListItem\",\"position\":3,\"name\":\"PAESE matiniai l\u016bp\u0173 da\u017eai MATTOLOGIE peachy nude nr.105\"}]},{\"@type\":\"WebSite\",\"@id\":\"https:\\\/\\\/www.malinashop.lt\\\/#website\",\"url\":\"https:\\\/\\\/www.malinashop.lt\\\/\",\"name\":\"COM Group Ecommerce\",\"description\":\"MalinaShop.lt - Gro\u017eio ir sveikatos produktai i\u0161 patikim\u0173 preki\u0173 \u017eenkl\u0173. Atraskite auk\u0161tos kokyb\u0117s kosmetik\u0105 u\u017e puiki\u0105 kain\u0105.\",\"publisher\":{\"@id\":\"https:\\\/\\\/www.malinashop.lt\\\/#organization\"},\"potentialAction\":[{\"@type\":\"SearchAction\",\"target\":{\"@type\":\"EntryPoint\",\"urlTemplate\":\"https:\\\/\\\/www.malinashop.lt\\\/?s={search_term_string}\"},\"query-input\":{\"@type\":\"PropertyValueSpecification\",\"valueRequired\":true,\"valueName\":\"search_term_string\"}}],\"inLanguage\":\"lt-LT\"},{\"@type\":\"Organization\",\"@id\":\"https:\\\/\\\/www.malinashop.lt\\\/#organization\",\"name\":\"COM Group Ecommerce\",\"url\":\"https:\\\/\\\/www.malinashop.lt\\\/\",\"logo\":{\"@type\":\"ImageObject\",\"inLanguage\":\"lt-LT\",\"@id\":\"https:\\\/\\\/www.malinashop.lt\\\/#\\\/schema\\\/logo\\\/image\\\/\",\"url\":\"https:\\\/\\\/www.malinashop.lt\\\/wp-content\\\/uploads\\\/2024\\\/08\\\/462559670_3787732518133670_9795632669273463_n-e1731525914575.png\",\"contentUrl\":\"https:\\\/\\\/www.malinashop.lt\\\/wp-content\\\/uploads\\\/2024\\\/08\\\/462559670_3787732518133670_9795632669273463_n-e1731525914575.png\",\"width\":180,\"height\":60,\"caption\":\"COM Group Ecommerce\"},\"image\":{\"@id\":\"https:\\\/\\\/www.malinashop.lt\\\/#\\\/schema\\\/logo\\\/image\\\/\"}}]}<\/script>\n<!-- \/ Yoast SEO plugin. -->","yoast_head_json":{"title":"PAESE matiniai l\u016bp\u0173 da\u017eai MATTOLOGIE peachy nude nr.105 - MalinaShop.lt J\u016bs\u0173 sveikatai ir gro\u017eiui.","description":"PAESE MATTOLOGIE Peachy Nude 105 matiniai l\u016bp\u0173 da\u017eai \u2013 kremin\u0117 tekst\u016bra, 50 % nat\u016brali\u0173 ingredient\u0173 ir ilgalaikis dr\u0117kinimas kasdieniam makia\u017eui.","robots":{"index":"index","follow":"follow","max-snippet":"max-snippet:-1","max-image-preview":"max-image-preview:large","max-video-preview":"max-video-preview:-1"},"canonical":"https:\/\/www.malinashop.lt\/lt_lt\/shop\/paese-matiniai-lupu-dazai-mattologie-peachy-nude-nr-105\/","og_locale":"lt_LT","og_type":"article","og_title":"PAESE matiniai l\u016bp\u0173 da\u017eai MATTOLOGIE peachy nude nr.105 - MalinaShop.lt J\u016bs\u0173 sveikatai ir gro\u017eiui.","og_description":"PAESE MATTOLOGIE Peachy Nude 105 matiniai l\u016bp\u0173 da\u017eai \u2013 kremin\u0117 tekst\u016bra, 50 % nat\u016brali\u0173 ingredient\u0173 ir ilgalaikis dr\u0117kinimas kasdieniam makia\u017eui.","og_url":"https:\/\/www.malinashop.lt\/lt_lt\/shop\/paese-matiniai-lupu-dazai-mattologie-peachy-nude-nr-105\/","og_site_name":"MalinaShop.lt J\u016bs\u0173 sveikatai ir gro\u017eiui.","article_modified_time":"2026-02-10T09:48:07+00:00","og_image":[{"width":1000,"height":1000,"url":"https:\/\/www.malinashop.lt\/wp-content\/uploads\/2025\/11\/5902627613692.jpg","type":"image\/jpeg"}],"twitter_card":"summary_large_image","schema":{"@context":"https:\/\/schema.org","@graph":[{"@type":"WebPage","@id":"https:\/\/www.malinashop.lt\/shop\/paese-matiniai-lupu-dazai-mattologie-peachy-nude-nr-105\/","url":"https:\/\/www.malinashop.lt\/shop\/paese-matiniai-lupu-dazai-mattologie-peachy-nude-nr-105\/","name":"PAESE matiniai l\u016bp\u0173 da\u017eai MATTOLOGIE peachy nude nr.105 - MalinaShop.lt J\u016bs\u0173 sveikatai ir gro\u017eiui.","isPartOf":{"@id":"https:\/\/www.malinashop.lt\/#website"},"primaryImageOfPage":{"@id":"https:\/\/www.malinashop.lt\/shop\/paese-matiniai-lupu-dazai-mattologie-peachy-nude-nr-105\/#primaryimage"},"image":{"@id":"https:\/\/www.malinashop.lt\/shop\/paese-matiniai-lupu-dazai-mattologie-peachy-nude-nr-105\/#primaryimage"},"thumbnailUrl":"https:\/\/www.malinashop.lt\/wp-content\/uploads\/2025\/11\/5902627613692.jpg","datePublished":"2025-11-24T15:24:17+00:00","dateModified":"2026-02-10T09:48:07+00:00","description":"PAESE MATTOLOGIE Peachy Nude 105 matiniai l\u016bp\u0173 da\u017eai \u2013 kremin\u0117 tekst\u016bra, 50 % nat\u016brali\u0173 ingredient\u0173 ir ilgalaikis dr\u0117kinimas kasdieniam makia\u017eui.","breadcrumb":{"@id":"https:\/\/www.malinashop.lt\/shop\/paese-matiniai-lupu-dazai-mattologie-peachy-nude-nr-105\/#breadcrumb"},"inLanguage":"lt-LT","potentialAction":[{"@type":"ReadAction","target":["https:\/\/www.malinashop.lt\/shop\/paese-matiniai-lupu-dazai-mattologie-peachy-nude-nr-105\/"]}]},{"@type":"ImageObject","inLanguage":"lt-LT","@id":"https:\/\/www.malinashop.lt\/shop\/paese-matiniai-lupu-dazai-mattologie-peachy-nude-nr-105\/#primaryimage","url":"https:\/\/www.malinashop.lt\/wp-content\/uploads\/2025\/11\/5902627613692.jpg","contentUrl":"https:\/\/www.malinashop.lt\/wp-content\/uploads\/2025\/11\/5902627613692.jpg","width":1000,"height":1000},{"@type":"BreadcrumbList","@id":"https:\/\/www.malinashop.lt\/shop\/paese-matiniai-lupu-dazai-mattologie-peachy-nude-nr-105\/#breadcrumb","itemListElement":[{"@type":"ListItem","position":1,"name":"Pagrindinis","item":"https:\/\/www.malinashop.lt\/"},{"@type":"ListItem","position":2,"name":"Parduotuv\u0117","item":"https:\/\/www.malinashop.lt\/en\/parduotuve\/"},{"@type":"ListItem","position":3,"name":"PAESE matiniai l\u016bp\u0173 da\u017eai MATTOLOGIE peachy nude nr.105"}]},{"@type":"WebSite","@id":"https:\/\/www.malinashop.lt\/#website","url":"https:\/\/www.malinashop.lt\/","name":"COM Group Ecommerce","description":"MalinaShop.lt - Gro\u017eio ir sveikatos produktai i\u0161 patikim\u0173 preki\u0173 \u017eenkl\u0173. Atraskite auk\u0161tos kokyb\u0117s kosmetik\u0105 u\u017e puiki\u0105 kain\u0105.","publisher":{"@id":"https:\/\/www.malinashop.lt\/#organization"},"potentialAction":[{"@type":"SearchAction","target":{"@type":"EntryPoint","urlTemplate":"https:\/\/www.malinashop.lt\/?s={search_term_string}"},"query-input":{"@type":"PropertyValueSpecification","valueRequired":true,"valueName":"search_term_string"}}],"inLanguage":"lt-LT"},{"@type":"Organization","@id":"https:\/\/www.malinashop.lt\/#organization","name":"COM Group Ecommerce","url":"https:\/\/www.malinashop.lt\/","logo":{"@type":"ImageObject","inLanguage":"lt-LT","@id":"https:\/\/www.malinashop.lt\/#\/schema\/logo\/image\/","url":"https:\/\/www.malinashop.lt\/wp-content\/uploads\/2024\/08\/462559670_3787732518133670_9795632669273463_n-e1731525914575.png","contentUrl":"https:\/\/www.malinashop.lt\/wp-content\/uploads\/2024\/08\/462559670_3787732518133670_9795632669273463_n-e1731525914575.png","width":180,"height":60,"caption":"COM Group Ecommerce"},"image":{"@id":"https:\/\/www.malinashop.lt\/#\/schema\/logo\/image\/"}}]}},"jetpack_sharing_enabled":true,"_links":{"self":[{"href":"https:\/\/www.malinashop.lt\/lt_lt\/wp-json\/wp\/v2\/product\/64031","targetHints":{"allow":["GET"]}}],"collection":[{"href":"https:\/\/www.malinashop.lt\/lt_lt\/wp-json\/wp\/v2\/product"}],"about":[{"href":"https:\/\/www.malinashop.lt\/lt_lt\/wp-json\/wp\/v2\/types\/product"}],"version-history":[{"count":2,"href":"https:\/\/www.malinashop.lt\/lt_lt\/wp-json\/wp\/v2\/product\/64031\/revisions"}],"predecessor-version":[{"id":72138,"href":"https:\/\/www.malinashop.lt\/lt_lt\/wp-json\/wp\/v2\/product\/64031\/revisions\/72138"}],"wp:featuredmedia":[{"embeddable":true,"href":"https:\/\/www.malinashop.lt\/lt_lt\/wp-json\/wp\/v2\/media\/64033"}],"wp:attachment":[{"href":"https:\/\/www.malinashop.lt\/lt_lt\/wp-json\/wp\/v2\/media?parent=64031"}],"wp:term":[{"taxonomy":"product_brand","embeddable":true,"href":"https:\/\/www.malinashop.lt\/lt_lt\/wp-json\/wp\/v2\/product_brand?post=64031"},{"taxonomy":"product_cat","embeddable":true,"href":"https:\/\/www.malinashop.lt\/lt_lt\/wp-json\/wp\/v2\/product_cat?post=64031"},{"taxonomy":"product_tag","embeddable":true,"href":"https:\/\/www.malinashop.lt\/lt_lt\/wp-json\/wp\/v2\/product_tag?post=64031"}],"curies":[{"name":"wp","href":"https:\/\/api.w.org\/{rel}","templated":true}]}}