{"id":64026,"date":"2025-11-24T18:24:17","date_gmt":"2025-11-24T15:24:17","guid":{"rendered":"https:\/\/malinashop.lt\/?post_type=product&#038;p=64026"},"modified":"2026-02-10T12:48:07","modified_gmt":"2026-02-10T09:48:07","slug":"paese-matiniai-lupu-dazai-mattologie-vintage-red-nr-112","status":"publish","type":"product","link":"https:\/\/www.malinashop.lt\/lt_lt\/shop\/paese-matiniai-lupu-dazai-mattologie-vintage-red-nr-112\/","title":{"rendered":"PAESE matiniai l\u016bp\u0173 da\u017eai MATTOLOGIE vintage red nr.112"},"content":{"rendered":"<p data-start=\"28\" data-end=\"562\"><strong data-start=\"28\" data-end=\"84\">PAESE matiniai l\u016bp\u0173 da\u017eai MATTOLOGIE Vintage Red 112<\/strong> \u2013 tai intensyvios spalvos, kremin\u0117s tekst\u016bros matiniai l\u016bp\u0173 da\u017eai, sukurti komforti\u0161kam ir ilgalaikiam makia\u017eui. Formul\u0117je net <strong data-start=\"212\" data-end=\"259\">50 % sudedam\u0173j\u0173 dali\u0173 yra nat\u016bralios kilm\u0117s<\/strong>, tod\u0117l priemon\u0117 ne tik suteikia i\u0161rai\u0161king\u0105 spalv\u0105, bet ir pasir\u016bpina l\u016bp\u0173 odos b\u016bkle.<br data-start=\"346\" data-end=\"349\" \/>Dr\u0117kinan\u010dios savyb\u0117s padeda i\u0161laikyti l\u016bp\u0173 \u0161velnum\u0105, apsaugo nuo i\u0161saus\u0117jimo ir sudirgimo. \u201eVintage Red 112\u201c atspalvis \u2013 tai eleganti\u0161ka, sodri raudona, puikiai tinkanti tiek kasdienai, tiek vakariniam \u012fvaizd\u017eiui.<\/p>\n<p data-start=\"564\" data-end=\"580\"><strong data-start=\"564\" data-end=\"574\">T\u016bris:<\/strong> 4,3 g<\/p>\n","protected":false},"excerpt":{"rendered":"<p data-start=\"623\" data-end=\"829\">PAESE MATTOLOGIE Vintage Red 112 \u2013 kreminiai, intensyviai pigmentuoti matiniai l\u016bp\u0173 da\u017eai su nat\u016braliais ingredientais. Dr\u0117kina, apsaugo l\u016bpas ir suteikia sodri\u0105, ilgai i\u0161liekan\u010di\u0105 raudonos spalvos apr\u0117pt\u012f.<\/p>\n","protected":false},"featured_media":64028,"template":"","meta":[],"product_brand":[1534],"product_cat":[102,708,533],"product_tag":[1614],"class_list":{"0":"post-64026","1":"product","2":"type-product","3":"status-publish","4":"has-post-thumbnail","6":"product_brand-paese","7":"product_cat-dekoratyvine-kosmetika","8":"product_cat-lupoms","9":"product_cat-lupu-dazai","10":"product_tag-paese","12":"first","13":"instock","14":"purchasable","15":"product-type-simple"},"yoast_head":"<!-- This site is optimized with the Yoast SEO plugin v27.4 - https:\/\/yoast.com\/product\/yoast-seo-wordpress\/ -->\n<title>PAESE matiniai l\u016bp\u0173 da\u017eai MATTOLOGIE vintage red nr.112 - MalinaShop.lt J\u016bs\u0173 sveikatai ir gro\u017eiui.<\/title>\n<meta name=\"description\" content=\"PAESE MATTOLOGIE Vintage Red 112 \u2013 kreminiai matiniai l\u016bp\u0173 da\u017eai su nat\u016braliais ingredientais, dr\u0117kinantys ir ilgai i\u0161liekantys. Sodraus raudono atspalvio.\" \/>\n<meta name=\"robots\" content=\"index, follow, max-snippet:-1, max-image-preview:large, max-video-preview:-1\" \/>\n<link rel=\"canonical\" href=\"https:\/\/www.malinashop.lt\/lt_lt\/shop\/paese-matiniai-lupu-dazai-mattologie-vintage-red-nr-112\/\" \/>\n<meta property=\"og:locale\" content=\"lt_LT\" \/>\n<meta property=\"og:type\" content=\"article\" \/>\n<meta property=\"og:title\" content=\"PAESE matiniai l\u016bp\u0173 da\u017eai MATTOLOGIE vintage red nr.112 - MalinaShop.lt J\u016bs\u0173 sveikatai ir gro\u017eiui.\" \/>\n<meta property=\"og:description\" content=\"PAESE MATTOLOGIE Vintage Red 112 \u2013 kreminiai matiniai l\u016bp\u0173 da\u017eai su nat\u016braliais ingredientais, dr\u0117kinantys ir ilgai i\u0161liekantys. Sodraus raudono atspalvio.\" \/>\n<meta property=\"og:url\" content=\"https:\/\/www.malinashop.lt\/lt_lt\/shop\/paese-matiniai-lupu-dazai-mattologie-vintage-red-nr-112\/\" \/>\n<meta property=\"og:site_name\" content=\"MalinaShop.lt J\u016bs\u0173 sveikatai ir gro\u017eiui.\" \/>\n<meta property=\"article:modified_time\" content=\"2026-02-10T09:48:07+00:00\" \/>\n<meta property=\"og:image\" content=\"https:\/\/www.malinashop.lt\/wp-content\/uploads\/2025\/11\/5902627613760.jpg\" \/>\n\t<meta property=\"og:image:width\" content=\"1000\" \/>\n\t<meta property=\"og:image:height\" content=\"1000\" \/>\n\t<meta property=\"og:image:type\" content=\"image\/jpeg\" \/>\n<meta name=\"twitter:card\" content=\"summary_large_image\" \/>\n<script type=\"application\/ld+json\" class=\"yoast-schema-graph\">{\"@context\":\"https:\\\/\\\/schema.org\",\"@graph\":[{\"@type\":\"WebPage\",\"@id\":\"https:\\\/\\\/www.malinashop.lt\\\/lt_lt\\\/shop\\\/paese-matiniai-lupu-dazai-mattologie-vintage-red-nr-112\\\/\",\"url\":\"https:\\\/\\\/www.malinashop.lt\\\/lt_lt\\\/shop\\\/paese-matiniai-lupu-dazai-mattologie-vintage-red-nr-112\\\/\",\"name\":\"PAESE matiniai l\u016bp\u0173 da\u017eai MATTOLOGIE vintage red nr.112 - MalinaShop.lt J\u016bs\u0173 sveikatai ir gro\u017eiui.\",\"isPartOf\":{\"@id\":\"https:\\\/\\\/www.malinashop.lt\\\/#website\"},\"primaryImageOfPage\":{\"@id\":\"https:\\\/\\\/www.malinashop.lt\\\/lt_lt\\\/shop\\\/paese-matiniai-lupu-dazai-mattologie-vintage-red-nr-112\\\/#primaryimage\"},\"image\":{\"@id\":\"https:\\\/\\\/www.malinashop.lt\\\/lt_lt\\\/shop\\\/paese-matiniai-lupu-dazai-mattologie-vintage-red-nr-112\\\/#primaryimage\"},\"thumbnailUrl\":\"https:\\\/\\\/www.malinashop.lt\\\/wp-content\\\/uploads\\\/2025\\\/11\\\/5902627613760.jpg\",\"datePublished\":\"2025-11-24T15:24:17+00:00\",\"dateModified\":\"2026-02-10T09:48:07+00:00\",\"description\":\"PAESE MATTOLOGIE Vintage Red 112 \u2013 kreminiai matiniai l\u016bp\u0173 da\u017eai su nat\u016braliais ingredientais, dr\u0117kinantys ir ilgai i\u0161liekantys. Sodraus raudono atspalvio.\",\"breadcrumb\":{\"@id\":\"https:\\\/\\\/www.malinashop.lt\\\/lt_lt\\\/shop\\\/paese-matiniai-lupu-dazai-mattologie-vintage-red-nr-112\\\/#breadcrumb\"},\"inLanguage\":\"lt-LT\",\"potentialAction\":[{\"@type\":\"ReadAction\",\"target\":[\"https:\\\/\\\/www.malinashop.lt\\\/lt_lt\\\/shop\\\/paese-matiniai-lupu-dazai-mattologie-vintage-red-nr-112\\\/\"]}]},{\"@type\":\"ImageObject\",\"inLanguage\":\"lt-LT\",\"@id\":\"https:\\\/\\\/www.malinashop.lt\\\/lt_lt\\\/shop\\\/paese-matiniai-lupu-dazai-mattologie-vintage-red-nr-112\\\/#primaryimage\",\"url\":\"https:\\\/\\\/www.malinashop.lt\\\/wp-content\\\/uploads\\\/2025\\\/11\\\/5902627613760.jpg\",\"contentUrl\":\"https:\\\/\\\/www.malinashop.lt\\\/wp-content\\\/uploads\\\/2025\\\/11\\\/5902627613760.jpg\",\"width\":1000,\"height\":1000},{\"@type\":\"BreadcrumbList\",\"@id\":\"https:\\\/\\\/www.malinashop.lt\\\/lt_lt\\\/shop\\\/paese-matiniai-lupu-dazai-mattologie-vintage-red-nr-112\\\/#breadcrumb\",\"itemListElement\":[{\"@type\":\"ListItem\",\"position\":1,\"name\":\"Pagrindinis\",\"item\":\"https:\\\/\\\/www.malinashop.lt\\\/\"},{\"@type\":\"ListItem\",\"position\":2,\"name\":\"Parduotuv\u0117\",\"item\":\"https:\\\/\\\/www.malinashop.lt\\\/en\\\/parduotuve\\\/\"},{\"@type\":\"ListItem\",\"position\":3,\"name\":\"PAESE matiniai l\u016bp\u0173 da\u017eai MATTOLOGIE vintage red nr.112\"}]},{\"@type\":\"WebSite\",\"@id\":\"https:\\\/\\\/www.malinashop.lt\\\/#website\",\"url\":\"https:\\\/\\\/www.malinashop.lt\\\/\",\"name\":\"COM Group Ecommerce\",\"description\":\"MalinaShop.lt - Gro\u017eio ir sveikatos produktai i\u0161 patikim\u0173 preki\u0173 \u017eenkl\u0173. Atraskite auk\u0161tos kokyb\u0117s kosmetik\u0105 u\u017e puiki\u0105 kain\u0105.\",\"publisher\":{\"@id\":\"https:\\\/\\\/www.malinashop.lt\\\/#organization\"},\"potentialAction\":[{\"@type\":\"SearchAction\",\"target\":{\"@type\":\"EntryPoint\",\"urlTemplate\":\"https:\\\/\\\/www.malinashop.lt\\\/?s={search_term_string}\"},\"query-input\":{\"@type\":\"PropertyValueSpecification\",\"valueRequired\":true,\"valueName\":\"search_term_string\"}}],\"inLanguage\":\"lt-LT\"},{\"@type\":\"Organization\",\"@id\":\"https:\\\/\\\/www.malinashop.lt\\\/#organization\",\"name\":\"COM Group Ecommerce\",\"url\":\"https:\\\/\\\/www.malinashop.lt\\\/\",\"logo\":{\"@type\":\"ImageObject\",\"inLanguage\":\"lt-LT\",\"@id\":\"https:\\\/\\\/www.malinashop.lt\\\/#\\\/schema\\\/logo\\\/image\\\/\",\"url\":\"https:\\\/\\\/www.malinashop.lt\\\/wp-content\\\/uploads\\\/2024\\\/08\\\/462559670_3787732518133670_9795632669273463_n-e1731525914575.png\",\"contentUrl\":\"https:\\\/\\\/www.malinashop.lt\\\/wp-content\\\/uploads\\\/2024\\\/08\\\/462559670_3787732518133670_9795632669273463_n-e1731525914575.png\",\"width\":180,\"height\":60,\"caption\":\"COM Group Ecommerce\"},\"image\":{\"@id\":\"https:\\\/\\\/www.malinashop.lt\\\/#\\\/schema\\\/logo\\\/image\\\/\"}}]}<\/script>\n<!-- \/ Yoast SEO plugin. -->","yoast_head_json":{"title":"PAESE matiniai l\u016bp\u0173 da\u017eai MATTOLOGIE vintage red nr.112 - MalinaShop.lt J\u016bs\u0173 sveikatai ir gro\u017eiui.","description":"PAESE MATTOLOGIE Vintage Red 112 \u2013 kreminiai matiniai l\u016bp\u0173 da\u017eai su nat\u016braliais ingredientais, dr\u0117kinantys ir ilgai i\u0161liekantys. Sodraus raudono atspalvio.","robots":{"index":"index","follow":"follow","max-snippet":"max-snippet:-1","max-image-preview":"max-image-preview:large","max-video-preview":"max-video-preview:-1"},"canonical":"https:\/\/www.malinashop.lt\/lt_lt\/shop\/paese-matiniai-lupu-dazai-mattologie-vintage-red-nr-112\/","og_locale":"lt_LT","og_type":"article","og_title":"PAESE matiniai l\u016bp\u0173 da\u017eai MATTOLOGIE vintage red nr.112 - MalinaShop.lt J\u016bs\u0173 sveikatai ir gro\u017eiui.","og_description":"PAESE MATTOLOGIE Vintage Red 112 \u2013 kreminiai matiniai l\u016bp\u0173 da\u017eai su nat\u016braliais ingredientais, dr\u0117kinantys ir ilgai i\u0161liekantys. Sodraus raudono atspalvio.","og_url":"https:\/\/www.malinashop.lt\/lt_lt\/shop\/paese-matiniai-lupu-dazai-mattologie-vintage-red-nr-112\/","og_site_name":"MalinaShop.lt J\u016bs\u0173 sveikatai ir gro\u017eiui.","article_modified_time":"2026-02-10T09:48:07+00:00","og_image":[{"width":1000,"height":1000,"url":"https:\/\/www.malinashop.lt\/wp-content\/uploads\/2025\/11\/5902627613760.jpg","type":"image\/jpeg"}],"twitter_card":"summary_large_image","schema":{"@context":"https:\/\/schema.org","@graph":[{"@type":"WebPage","@id":"https:\/\/www.malinashop.lt\/lt_lt\/shop\/paese-matiniai-lupu-dazai-mattologie-vintage-red-nr-112\/","url":"https:\/\/www.malinashop.lt\/lt_lt\/shop\/paese-matiniai-lupu-dazai-mattologie-vintage-red-nr-112\/","name":"PAESE matiniai l\u016bp\u0173 da\u017eai MATTOLOGIE vintage red nr.112 - MalinaShop.lt J\u016bs\u0173 sveikatai ir gro\u017eiui.","isPartOf":{"@id":"https:\/\/www.malinashop.lt\/#website"},"primaryImageOfPage":{"@id":"https:\/\/www.malinashop.lt\/lt_lt\/shop\/paese-matiniai-lupu-dazai-mattologie-vintage-red-nr-112\/#primaryimage"},"image":{"@id":"https:\/\/www.malinashop.lt\/lt_lt\/shop\/paese-matiniai-lupu-dazai-mattologie-vintage-red-nr-112\/#primaryimage"},"thumbnailUrl":"https:\/\/www.malinashop.lt\/wp-content\/uploads\/2025\/11\/5902627613760.jpg","datePublished":"2025-11-24T15:24:17+00:00","dateModified":"2026-02-10T09:48:07+00:00","description":"PAESE MATTOLOGIE Vintage Red 112 \u2013 kreminiai matiniai l\u016bp\u0173 da\u017eai su nat\u016braliais ingredientais, dr\u0117kinantys ir ilgai i\u0161liekantys. Sodraus raudono atspalvio.","breadcrumb":{"@id":"https:\/\/www.malinashop.lt\/lt_lt\/shop\/paese-matiniai-lupu-dazai-mattologie-vintage-red-nr-112\/#breadcrumb"},"inLanguage":"lt-LT","potentialAction":[{"@type":"ReadAction","target":["https:\/\/www.malinashop.lt\/lt_lt\/shop\/paese-matiniai-lupu-dazai-mattologie-vintage-red-nr-112\/"]}]},{"@type":"ImageObject","inLanguage":"lt-LT","@id":"https:\/\/www.malinashop.lt\/lt_lt\/shop\/paese-matiniai-lupu-dazai-mattologie-vintage-red-nr-112\/#primaryimage","url":"https:\/\/www.malinashop.lt\/wp-content\/uploads\/2025\/11\/5902627613760.jpg","contentUrl":"https:\/\/www.malinashop.lt\/wp-content\/uploads\/2025\/11\/5902627613760.jpg","width":1000,"height":1000},{"@type":"BreadcrumbList","@id":"https:\/\/www.malinashop.lt\/lt_lt\/shop\/paese-matiniai-lupu-dazai-mattologie-vintage-red-nr-112\/#breadcrumb","itemListElement":[{"@type":"ListItem","position":1,"name":"Pagrindinis","item":"https:\/\/www.malinashop.lt\/"},{"@type":"ListItem","position":2,"name":"Parduotuv\u0117","item":"https:\/\/www.malinashop.lt\/en\/parduotuve\/"},{"@type":"ListItem","position":3,"name":"PAESE matiniai l\u016bp\u0173 da\u017eai MATTOLOGIE vintage red nr.112"}]},{"@type":"WebSite","@id":"https:\/\/www.malinashop.lt\/#website","url":"https:\/\/www.malinashop.lt\/","name":"COM Group Ecommerce","description":"MalinaShop.lt - Gro\u017eio ir sveikatos produktai i\u0161 patikim\u0173 preki\u0173 \u017eenkl\u0173. Atraskite auk\u0161tos kokyb\u0117s kosmetik\u0105 u\u017e puiki\u0105 kain\u0105.","publisher":{"@id":"https:\/\/www.malinashop.lt\/#organization"},"potentialAction":[{"@type":"SearchAction","target":{"@type":"EntryPoint","urlTemplate":"https:\/\/www.malinashop.lt\/?s={search_term_string}"},"query-input":{"@type":"PropertyValueSpecification","valueRequired":true,"valueName":"search_term_string"}}],"inLanguage":"lt-LT"},{"@type":"Organization","@id":"https:\/\/www.malinashop.lt\/#organization","name":"COM Group Ecommerce","url":"https:\/\/www.malinashop.lt\/","logo":{"@type":"ImageObject","inLanguage":"lt-LT","@id":"https:\/\/www.malinashop.lt\/#\/schema\/logo\/image\/","url":"https:\/\/www.malinashop.lt\/wp-content\/uploads\/2024\/08\/462559670_3787732518133670_9795632669273463_n-e1731525914575.png","contentUrl":"https:\/\/www.malinashop.lt\/wp-content\/uploads\/2024\/08\/462559670_3787732518133670_9795632669273463_n-e1731525914575.png","width":180,"height":60,"caption":"COM Group Ecommerce"},"image":{"@id":"https:\/\/www.malinashop.lt\/#\/schema\/logo\/image\/"}}]}},"jetpack_sharing_enabled":true,"_links":{"self":[{"href":"https:\/\/www.malinashop.lt\/lt_lt\/wp-json\/wp\/v2\/product\/64026","targetHints":{"allow":["GET"]}}],"collection":[{"href":"https:\/\/www.malinashop.lt\/lt_lt\/wp-json\/wp\/v2\/product"}],"about":[{"href":"https:\/\/www.malinashop.lt\/lt_lt\/wp-json\/wp\/v2\/types\/product"}],"version-history":[{"count":2,"href":"https:\/\/www.malinashop.lt\/lt_lt\/wp-json\/wp\/v2\/product\/64026\/revisions"}],"predecessor-version":[{"id":72137,"href":"https:\/\/www.malinashop.lt\/lt_lt\/wp-json\/wp\/v2\/product\/64026\/revisions\/72137"}],"wp:featuredmedia":[{"embeddable":true,"href":"https:\/\/www.malinashop.lt\/lt_lt\/wp-json\/wp\/v2\/media\/64028"}],"wp:attachment":[{"href":"https:\/\/www.malinashop.lt\/lt_lt\/wp-json\/wp\/v2\/media?parent=64026"}],"wp:term":[{"taxonomy":"product_brand","embeddable":true,"href":"https:\/\/www.malinashop.lt\/lt_lt\/wp-json\/wp\/v2\/product_brand?post=64026"},{"taxonomy":"product_cat","embeddable":true,"href":"https:\/\/www.malinashop.lt\/lt_lt\/wp-json\/wp\/v2\/product_cat?post=64026"},{"taxonomy":"product_tag","embeddable":true,"href":"https:\/\/www.malinashop.lt\/lt_lt\/wp-json\/wp\/v2\/product_tag?post=64026"}],"curies":[{"name":"wp","href":"https:\/\/api.w.org\/{rel}","templated":true}]}}