{"id":63933,"date":"2025-11-24T18:23:09","date_gmt":"2025-11-24T15:23:09","guid":{"rendered":"https:\/\/malinashop.lt\/?post_type=product&#038;p=63933"},"modified":"2026-02-10T13:00:50","modified_gmt":"2026-02-10T10:00:50","slug":"piuma-smilebox-rinkinys-juodas-soft","status":"publish","type":"product","link":"https:\/\/www.malinashop.lt\/lt_lt\/shop\/piuma-smilebox-rinkinys-juodas-soft\/","title":{"rendered":"PIUMA SmileBox rinkinys (juodas, soft)"},"content":{"rendered":"<p data-start=\"243\" data-end=\"486\">PIUMA <strong data-start=\"249\" data-end=\"261\">SmileBox<\/strong> \u2013 tai stilingas ir funkcionalus dovan\u0173 rinkinys kasdienei burnos higienai. Rinkin\u012f sudaro <strong data-start=\"352\" data-end=\"394\">mink\u0161t\u0173 (soft) \u0161ereli\u0173 dant\u0173 \u0161epet\u0117lis<\/strong>, prakti\u0161kas kalendorinis pagrindas ir <strong data-start=\"433\" data-end=\"461\">\u201ePure White\u201c dant\u0173 pasta<\/strong>, praturtinta vitaminais.<\/p>\n<p data-start=\"488\" data-end=\"854\">Dant\u0173 \u0161epet\u0117lis pasi\u017eymi <strong data-start=\"513\" data-end=\"555\">inovatyviu dizainu ir lanks\u010dia rankena<\/strong>, kuri leid\u017eia lengvai pasiekti sunkiai prieinamas vietas. Auk\u0161tos kokyb\u0117s <strong data-start=\"630\" data-end=\"655\">Tynex\u00ae mikro \u0161ereliai<\/strong> padeda \u0161velniai, bet efektyviai pa\u0161alinti apna\u0161as, nedirgindami danten\u0173. \u0160ereliuose integruotas <strong data-start=\"752\" data-end=\"767\">vitaminas C<\/strong> prisideda prie geresn\u0117s burnos higienos ir ypa\u010d tinka jautriems dantims bei dantenoms.<\/p>\n<p data-start=\"856\" data-end=\"1111\">Komplekte esanti <strong data-start=\"873\" data-end=\"901\">\u201ePure White\u201c dant\u0173 pasta<\/strong> pasi\u017eymi antioksidacin\u0117mis savyb\u0117mis, padeda saugoti dant\u0173 emal\u012f ir u\u017etikrina ilgalaik\u012f gaivos poj\u016bt\u012f. Fluoridas apsaugo nuo apna\u0161\u0173 ir \u0117duonies, o gaivus m\u0117t\u0173 skonis suteikia \u0161varos jausm\u0105 po kiekvieno valymo.<\/p>\n<p data-start=\"1113\" data-end=\"1299\">Kalendorinis pagrindas ne tik leid\u017eia higieni\u0161kai laikyti \u0161epet\u0117l\u012f, bet ir primena, <strong data-start=\"1197\" data-end=\"1224\">kada laikas j\u012f pakeisti<\/strong>. Tai prakti\u0161kas ir esteti\u0161kas sprendimas kasdieniam naudojimui ar dovanai.<\/p>\n<h4 data-start=\"1306\" data-end=\"1335\"><strong data-start=\"1310\" data-end=\"1335\">Savyb\u0117s ir privalumai<\/strong><\/h4>\n<ul data-start=\"1336\" data-end=\"1792\">\n<li data-start=\"1336\" data-end=\"1390\">\n<p data-start=\"1338\" data-end=\"1390\">Mink\u0161ti, auk\u0161tos kokyb\u0117s <strong data-start=\"1363\" data-end=\"1388\">Tynex\u00ae mikro \u0161ereliai<\/strong><\/p>\n<\/li>\n<li data-start=\"1391\" data-end=\"1463\">\n<p data-start=\"1393\" data-end=\"1463\"><strong data-start=\"1393\" data-end=\"1428\">Vitaminu C praturtinti \u0161ereliai<\/strong> \u2013 jautriems dantims ir dantenoms<\/p>\n<\/li>\n<li data-start=\"1464\" data-end=\"1506\">\n<p data-start=\"1466\" data-end=\"1506\">Antibakterin\u0117s, sertifikuotos \u017ealiavos<\/p>\n<\/li>\n<li data-start=\"1507\" data-end=\"1544\">\n<p data-start=\"1509\" data-end=\"1544\">Integruotas <strong data-start=\"1521\" data-end=\"1542\">lie\u017euvio valiklis<\/strong><\/p>\n<\/li>\n<li data-start=\"1545\" data-end=\"1611\">\n<p data-start=\"1547\" data-end=\"1611\"><strong data-start=\"1547\" data-end=\"1573\">Kalendorinis pagrindas<\/strong> su priminimu apie \u0161epet\u0117lio keitim\u0105<\/p>\n<\/li>\n<li data-start=\"1612\" data-end=\"1683\">\n<p data-start=\"1614\" data-end=\"1683\">Antioksidacin\u0117 <strong data-start=\"1629\" data-end=\"1657\">\u201ePure White\u201c dant\u0173 pasta<\/strong> su vitaminais A, B ir C<\/p>\n<\/li>\n<li data-start=\"1684\" data-end=\"1706\">\n<p data-start=\"1686\" data-end=\"1706\">Gaivus m\u0117t\u0173 skonis<\/p>\n<\/li>\n<li data-start=\"1707\" data-end=\"1748\">\n<p data-start=\"1709\" data-end=\"1748\"><strong data-start=\"1709\" data-end=\"1728\">100 % vegani\u0161ka<\/strong>, <strong data-start=\"1730\" data-end=\"1746\">cruelty free<\/strong><\/p>\n<\/li>\n<li data-start=\"1749\" data-end=\"1792\">\n<p data-start=\"1751\" data-end=\"1792\">Komplekte \u2013 <strong data-start=\"1763\" data-end=\"1792\">dant\u0173 \u0161epet\u0117lio dangtelis<\/strong><\/p>\n<\/li>\n<\/ul>\n","protected":false},"excerpt":{"rendered":"<p data-start=\"1834\" data-end=\"2001\">PIUMA SmileBox \u2013 dovan\u0173 rinkinys su mink\u0161tu dant\u0173 \u0161epet\u0117liu, kalendoriniu pagrindu ir \u201ePure White\u201c dant\u0173 pasta. \u0160velni, efektyvi ir stilinga kasdien\u0117 burnos prie\u017ei\u016bra.<\/p>\n","protected":false},"featured_media":63929,"template":"","meta":[],"product_brand":[1533],"product_cat":[1569],"product_tag":[1615],"class_list":{"0":"post-63933","1":"product","2":"type-product","3":"status-publish","4":"has-post-thumbnail","6":"product_brand-piuma","7":"product_cat-burnos-higiena","8":"product_tag-piuma","10":"first","11":"instock","12":"sale","13":"purchasable","14":"product-type-simple"},"yoast_head":"<!-- This site is optimized with the Yoast SEO plugin v27.4 - https:\/\/yoast.com\/product\/yoast-seo-wordpress\/ -->\n<title>PIUMA SmileBox rinkinys (juodas, soft) - MalinaShop.lt J\u016bs\u0173 sveikatai ir gro\u017eiui.<\/title>\n<meta name=\"description\" content=\"PIUMA SmileBox dovan\u0173 rinkinys su soft dant\u0173 \u0161epet\u0117liu, kalendoriniu pagrindu ir \u201ePure White\u201c dant\u0173 pasta. Vegani\u0161kas, cruelty free, jautriems dantims.\" \/>\n<meta name=\"robots\" content=\"index, follow, max-snippet:-1, max-image-preview:large, max-video-preview:-1\" \/>\n<link rel=\"canonical\" href=\"https:\/\/www.malinashop.lt\/lt_lt\/shop\/piuma-smilebox-rinkinys-juodas-soft\/\" \/>\n<meta property=\"og:locale\" content=\"lt_LT\" \/>\n<meta property=\"og:type\" content=\"article\" \/>\n<meta property=\"og:title\" content=\"PIUMA SmileBox rinkinys (juodas, soft) - MalinaShop.lt J\u016bs\u0173 sveikatai ir gro\u017eiui.\" \/>\n<meta property=\"og:description\" content=\"PIUMA SmileBox dovan\u0173 rinkinys su soft dant\u0173 \u0161epet\u0117liu, kalendoriniu pagrindu ir \u201ePure White\u201c dant\u0173 pasta. Vegani\u0161kas, cruelty free, jautriems dantims.\" \/>\n<meta property=\"og:url\" content=\"https:\/\/www.malinashop.lt\/lt_lt\/shop\/piuma-smilebox-rinkinys-juodas-soft\/\" \/>\n<meta property=\"og:site_name\" content=\"MalinaShop.lt J\u016bs\u0173 sveikatai ir gro\u017eiui.\" \/>\n<meta property=\"article:modified_time\" content=\"2026-02-10T10:00:50+00:00\" \/>\n<meta property=\"og:image\" content=\"https:\/\/www.malinashop.lt\/wp-content\/uploads\/2025\/11\/dantu_sepetelis_tvari_verslo_dovana_dantu_pasta_odontologija_burnos_higiena_sveikata_gurmena.lt-600x800-1.jpg\" \/>\n\t<meta property=\"og:image:width\" content=\"600\" \/>\n\t<meta property=\"og:image:height\" content=\"800\" \/>\n\t<meta property=\"og:image:type\" content=\"image\/jpeg\" \/>\n<meta name=\"twitter:card\" content=\"summary_large_image\" \/>\n<script type=\"application\/ld+json\" class=\"yoast-schema-graph\">{\"@context\":\"https:\\\/\\\/schema.org\",\"@graph\":[{\"@type\":\"WebPage\",\"@id\":\"https:\\\/\\\/www.malinashop.lt\\\/lt_lt\\\/shop\\\/piuma-smilebox-rinkinys-juodas-soft\\\/\",\"url\":\"https:\\\/\\\/www.malinashop.lt\\\/lt_lt\\\/shop\\\/piuma-smilebox-rinkinys-juodas-soft\\\/\",\"name\":\"PIUMA SmileBox rinkinys (juodas, soft) - MalinaShop.lt J\u016bs\u0173 sveikatai ir gro\u017eiui.\",\"isPartOf\":{\"@id\":\"https:\\\/\\\/www.malinashop.lt\\\/#website\"},\"primaryImageOfPage\":{\"@id\":\"https:\\\/\\\/www.malinashop.lt\\\/lt_lt\\\/shop\\\/piuma-smilebox-rinkinys-juodas-soft\\\/#primaryimage\"},\"image\":{\"@id\":\"https:\\\/\\\/www.malinashop.lt\\\/lt_lt\\\/shop\\\/piuma-smilebox-rinkinys-juodas-soft\\\/#primaryimage\"},\"thumbnailUrl\":\"https:\\\/\\\/www.malinashop.lt\\\/wp-content\\\/uploads\\\/2025\\\/11\\\/dantu_sepetelis_tvari_verslo_dovana_dantu_pasta_odontologija_burnos_higiena_sveikata_gurmena.lt-600x800-1.jpg\",\"datePublished\":\"2025-11-24T15:23:09+00:00\",\"dateModified\":\"2026-02-10T10:00:50+00:00\",\"description\":\"PIUMA SmileBox dovan\u0173 rinkinys su soft dant\u0173 \u0161epet\u0117liu, kalendoriniu pagrindu ir \u201ePure White\u201c dant\u0173 pasta. Vegani\u0161kas, cruelty free, jautriems dantims.\",\"breadcrumb\":{\"@id\":\"https:\\\/\\\/www.malinashop.lt\\\/lt_lt\\\/shop\\\/piuma-smilebox-rinkinys-juodas-soft\\\/#breadcrumb\"},\"inLanguage\":\"lt-LT\",\"potentialAction\":[{\"@type\":\"ReadAction\",\"target\":[\"https:\\\/\\\/www.malinashop.lt\\\/lt_lt\\\/shop\\\/piuma-smilebox-rinkinys-juodas-soft\\\/\"]}]},{\"@type\":\"ImageObject\",\"inLanguage\":\"lt-LT\",\"@id\":\"https:\\\/\\\/www.malinashop.lt\\\/lt_lt\\\/shop\\\/piuma-smilebox-rinkinys-juodas-soft\\\/#primaryimage\",\"url\":\"https:\\\/\\\/www.malinashop.lt\\\/wp-content\\\/uploads\\\/2025\\\/11\\\/dantu_sepetelis_tvari_verslo_dovana_dantu_pasta_odontologija_burnos_higiena_sveikata_gurmena.lt-600x800-1.jpg\",\"contentUrl\":\"https:\\\/\\\/www.malinashop.lt\\\/wp-content\\\/uploads\\\/2025\\\/11\\\/dantu_sepetelis_tvari_verslo_dovana_dantu_pasta_odontologija_burnos_higiena_sveikata_gurmena.lt-600x800-1.jpg\",\"width\":600,\"height\":800},{\"@type\":\"BreadcrumbList\",\"@id\":\"https:\\\/\\\/www.malinashop.lt\\\/lt_lt\\\/shop\\\/piuma-smilebox-rinkinys-juodas-soft\\\/#breadcrumb\",\"itemListElement\":[{\"@type\":\"ListItem\",\"position\":1,\"name\":\"Pagrindinis\",\"item\":\"https:\\\/\\\/www.malinashop.lt\\\/\"},{\"@type\":\"ListItem\",\"position\":2,\"name\":\"Parduotuv\u0117\",\"item\":\"https:\\\/\\\/www.malinashop.lt\\\/en\\\/parduotuve\\\/\"},{\"@type\":\"ListItem\",\"position\":3,\"name\":\"PIUMA SmileBox rinkinys (juodas, soft)\"}]},{\"@type\":\"WebSite\",\"@id\":\"https:\\\/\\\/www.malinashop.lt\\\/#website\",\"url\":\"https:\\\/\\\/www.malinashop.lt\\\/\",\"name\":\"COM Group Ecommerce\",\"description\":\"MalinaShop.lt - Gro\u017eio ir sveikatos produktai i\u0161 patikim\u0173 preki\u0173 \u017eenkl\u0173. Atraskite auk\u0161tos kokyb\u0117s kosmetik\u0105 u\u017e puiki\u0105 kain\u0105.\",\"publisher\":{\"@id\":\"https:\\\/\\\/www.malinashop.lt\\\/#organization\"},\"potentialAction\":[{\"@type\":\"SearchAction\",\"target\":{\"@type\":\"EntryPoint\",\"urlTemplate\":\"https:\\\/\\\/www.malinashop.lt\\\/?s={search_term_string}\"},\"query-input\":{\"@type\":\"PropertyValueSpecification\",\"valueRequired\":true,\"valueName\":\"search_term_string\"}}],\"inLanguage\":\"lt-LT\"},{\"@type\":\"Organization\",\"@id\":\"https:\\\/\\\/www.malinashop.lt\\\/#organization\",\"name\":\"COM Group Ecommerce\",\"url\":\"https:\\\/\\\/www.malinashop.lt\\\/\",\"logo\":{\"@type\":\"ImageObject\",\"inLanguage\":\"lt-LT\",\"@id\":\"https:\\\/\\\/www.malinashop.lt\\\/#\\\/schema\\\/logo\\\/image\\\/\",\"url\":\"https:\\\/\\\/www.malinashop.lt\\\/wp-content\\\/uploads\\\/2024\\\/08\\\/462559670_3787732518133670_9795632669273463_n-e1731525914575.png\",\"contentUrl\":\"https:\\\/\\\/www.malinashop.lt\\\/wp-content\\\/uploads\\\/2024\\\/08\\\/462559670_3787732518133670_9795632669273463_n-e1731525914575.png\",\"width\":180,\"height\":60,\"caption\":\"COM Group Ecommerce\"},\"image\":{\"@id\":\"https:\\\/\\\/www.malinashop.lt\\\/#\\\/schema\\\/logo\\\/image\\\/\"}}]}<\/script>\n<!-- \/ Yoast SEO plugin. -->","yoast_head_json":{"title":"PIUMA SmileBox rinkinys (juodas, soft) - MalinaShop.lt J\u016bs\u0173 sveikatai ir gro\u017eiui.","description":"PIUMA SmileBox dovan\u0173 rinkinys su soft dant\u0173 \u0161epet\u0117liu, kalendoriniu pagrindu ir \u201ePure White\u201c dant\u0173 pasta. Vegani\u0161kas, cruelty free, jautriems dantims.","robots":{"index":"index","follow":"follow","max-snippet":"max-snippet:-1","max-image-preview":"max-image-preview:large","max-video-preview":"max-video-preview:-1"},"canonical":"https:\/\/www.malinashop.lt\/lt_lt\/shop\/piuma-smilebox-rinkinys-juodas-soft\/","og_locale":"lt_LT","og_type":"article","og_title":"PIUMA SmileBox rinkinys (juodas, soft) - MalinaShop.lt J\u016bs\u0173 sveikatai ir gro\u017eiui.","og_description":"PIUMA SmileBox dovan\u0173 rinkinys su soft dant\u0173 \u0161epet\u0117liu, kalendoriniu pagrindu ir \u201ePure White\u201c dant\u0173 pasta. Vegani\u0161kas, cruelty free, jautriems dantims.","og_url":"https:\/\/www.malinashop.lt\/lt_lt\/shop\/piuma-smilebox-rinkinys-juodas-soft\/","og_site_name":"MalinaShop.lt J\u016bs\u0173 sveikatai ir gro\u017eiui.","article_modified_time":"2026-02-10T10:00:50+00:00","og_image":[{"width":600,"height":800,"url":"https:\/\/www.malinashop.lt\/wp-content\/uploads\/2025\/11\/dantu_sepetelis_tvari_verslo_dovana_dantu_pasta_odontologija_burnos_higiena_sveikata_gurmena.lt-600x800-1.jpg","type":"image\/jpeg"}],"twitter_card":"summary_large_image","schema":{"@context":"https:\/\/schema.org","@graph":[{"@type":"WebPage","@id":"https:\/\/www.malinashop.lt\/lt_lt\/shop\/piuma-smilebox-rinkinys-juodas-soft\/","url":"https:\/\/www.malinashop.lt\/lt_lt\/shop\/piuma-smilebox-rinkinys-juodas-soft\/","name":"PIUMA SmileBox rinkinys (juodas, soft) - MalinaShop.lt J\u016bs\u0173 sveikatai ir gro\u017eiui.","isPartOf":{"@id":"https:\/\/www.malinashop.lt\/#website"},"primaryImageOfPage":{"@id":"https:\/\/www.malinashop.lt\/lt_lt\/shop\/piuma-smilebox-rinkinys-juodas-soft\/#primaryimage"},"image":{"@id":"https:\/\/www.malinashop.lt\/lt_lt\/shop\/piuma-smilebox-rinkinys-juodas-soft\/#primaryimage"},"thumbnailUrl":"https:\/\/www.malinashop.lt\/wp-content\/uploads\/2025\/11\/dantu_sepetelis_tvari_verslo_dovana_dantu_pasta_odontologija_burnos_higiena_sveikata_gurmena.lt-600x800-1.jpg","datePublished":"2025-11-24T15:23:09+00:00","dateModified":"2026-02-10T10:00:50+00:00","description":"PIUMA SmileBox dovan\u0173 rinkinys su soft dant\u0173 \u0161epet\u0117liu, kalendoriniu pagrindu ir \u201ePure White\u201c dant\u0173 pasta. Vegani\u0161kas, cruelty free, jautriems dantims.","breadcrumb":{"@id":"https:\/\/www.malinashop.lt\/lt_lt\/shop\/piuma-smilebox-rinkinys-juodas-soft\/#breadcrumb"},"inLanguage":"lt-LT","potentialAction":[{"@type":"ReadAction","target":["https:\/\/www.malinashop.lt\/lt_lt\/shop\/piuma-smilebox-rinkinys-juodas-soft\/"]}]},{"@type":"ImageObject","inLanguage":"lt-LT","@id":"https:\/\/www.malinashop.lt\/lt_lt\/shop\/piuma-smilebox-rinkinys-juodas-soft\/#primaryimage","url":"https:\/\/www.malinashop.lt\/wp-content\/uploads\/2025\/11\/dantu_sepetelis_tvari_verslo_dovana_dantu_pasta_odontologija_burnos_higiena_sveikata_gurmena.lt-600x800-1.jpg","contentUrl":"https:\/\/www.malinashop.lt\/wp-content\/uploads\/2025\/11\/dantu_sepetelis_tvari_verslo_dovana_dantu_pasta_odontologija_burnos_higiena_sveikata_gurmena.lt-600x800-1.jpg","width":600,"height":800},{"@type":"BreadcrumbList","@id":"https:\/\/www.malinashop.lt\/lt_lt\/shop\/piuma-smilebox-rinkinys-juodas-soft\/#breadcrumb","itemListElement":[{"@type":"ListItem","position":1,"name":"Pagrindinis","item":"https:\/\/www.malinashop.lt\/"},{"@type":"ListItem","position":2,"name":"Parduotuv\u0117","item":"https:\/\/www.malinashop.lt\/en\/parduotuve\/"},{"@type":"ListItem","position":3,"name":"PIUMA SmileBox rinkinys (juodas, soft)"}]},{"@type":"WebSite","@id":"https:\/\/www.malinashop.lt\/#website","url":"https:\/\/www.malinashop.lt\/","name":"COM Group Ecommerce","description":"MalinaShop.lt - Gro\u017eio ir sveikatos produktai i\u0161 patikim\u0173 preki\u0173 \u017eenkl\u0173. Atraskite auk\u0161tos kokyb\u0117s kosmetik\u0105 u\u017e puiki\u0105 kain\u0105.","publisher":{"@id":"https:\/\/www.malinashop.lt\/#organization"},"potentialAction":[{"@type":"SearchAction","target":{"@type":"EntryPoint","urlTemplate":"https:\/\/www.malinashop.lt\/?s={search_term_string}"},"query-input":{"@type":"PropertyValueSpecification","valueRequired":true,"valueName":"search_term_string"}}],"inLanguage":"lt-LT"},{"@type":"Organization","@id":"https:\/\/www.malinashop.lt\/#organization","name":"COM Group Ecommerce","url":"https:\/\/www.malinashop.lt\/","logo":{"@type":"ImageObject","inLanguage":"lt-LT","@id":"https:\/\/www.malinashop.lt\/#\/schema\/logo\/image\/","url":"https:\/\/www.malinashop.lt\/wp-content\/uploads\/2024\/08\/462559670_3787732518133670_9795632669273463_n-e1731525914575.png","contentUrl":"https:\/\/www.malinashop.lt\/wp-content\/uploads\/2024\/08\/462559670_3787732518133670_9795632669273463_n-e1731525914575.png","width":180,"height":60,"caption":"COM Group Ecommerce"},"image":{"@id":"https:\/\/www.malinashop.lt\/#\/schema\/logo\/image\/"}}]}},"jetpack_sharing_enabled":true,"_links":{"self":[{"href":"https:\/\/www.malinashop.lt\/lt_lt\/wp-json\/wp\/v2\/product\/63933","targetHints":{"allow":["GET"]}}],"collection":[{"href":"https:\/\/www.malinashop.lt\/lt_lt\/wp-json\/wp\/v2\/product"}],"about":[{"href":"https:\/\/www.malinashop.lt\/lt_lt\/wp-json\/wp\/v2\/types\/product"}],"version-history":[{"count":2,"href":"https:\/\/www.malinashop.lt\/lt_lt\/wp-json\/wp\/v2\/product\/63933\/revisions"}],"predecessor-version":[{"id":72304,"href":"https:\/\/www.malinashop.lt\/lt_lt\/wp-json\/wp\/v2\/product\/63933\/revisions\/72304"}],"wp:featuredmedia":[{"embeddable":true,"href":"https:\/\/www.malinashop.lt\/lt_lt\/wp-json\/wp\/v2\/media\/63929"}],"wp:attachment":[{"href":"https:\/\/www.malinashop.lt\/lt_lt\/wp-json\/wp\/v2\/media?parent=63933"}],"wp:term":[{"taxonomy":"product_brand","embeddable":true,"href":"https:\/\/www.malinashop.lt\/lt_lt\/wp-json\/wp\/v2\/product_brand?post=63933"},{"taxonomy":"product_cat","embeddable":true,"href":"https:\/\/www.malinashop.lt\/lt_lt\/wp-json\/wp\/v2\/product_cat?post=63933"},{"taxonomy":"product_tag","embeddable":true,"href":"https:\/\/www.malinashop.lt\/lt_lt\/wp-json\/wp\/v2\/product_tag?post=63933"}],"curies":[{"name":"wp","href":"https:\/\/api.w.org\/{rel}","templated":true}]}}