{"id":63927,"date":"2025-11-24T18:22:38","date_gmt":"2025-11-24T15:22:38","guid":{"rendered":"https:\/\/malinashop.lt\/?post_type=product&#038;p=63927"},"modified":"2026-02-10T13:00:54","modified_gmt":"2026-02-10T10:00:54","slug":"piuma-smilebox-rinkinys-juodas-medium","status":"publish","type":"product","link":"https:\/\/www.malinashop.lt\/lt_lt\/shop\/piuma-smilebox-rinkinys-juodas-medium\/","title":{"rendered":"PIUMA SmileBox rinkinys (juodas, medium)"},"content":{"rendered":"<p data-start=\"250\" data-end=\"516\"><strong data-start=\"250\" data-end=\"268\">PIUMA SmileBox<\/strong> \u2013 tai stilingas ir funkcionalus dovan\u0173 rinkinys, skirtas visapusi\u0161kai kasdienei burnos higienai. Rinkin\u012f sudaro <strong data-start=\"381\" data-end=\"422\">PIUMA\u00ae medium kietumo dant\u0173 \u0161epet\u0117lis<\/strong>, patentuotas kalendorinis pagrindas bei <strong data-start=\"463\" data-end=\"491\">\u201ePure White\u201c dant\u0173 pasta<\/strong>, praturtinta vitaminais.<\/p>\n<p data-start=\"518\" data-end=\"914\">Dant\u0173 \u0161epet\u0117lis pasi\u017eymi <strong data-start=\"543\" data-end=\"585\">inovatyviu dizainu ir lanks\u010dia rankena<\/strong>, u\u017etikrinan\u010dia patog\u0173 naudojim\u0105. Auk\u0161\u010diausios kokyb\u0117s <strong data-start=\"640\" data-end=\"674\">Tynex\u00ae mikro \u0161ereliai (0,1 mm)<\/strong> \u0161velniai, bet efektyviai valo dantis, padeda i\u0161vengti danten\u0173 dirginimo ir palaiko maksimali\u0105 \u0161var\u0105. \u012e \u0161erelius integruotas <strong data-start=\"799\" data-end=\"814\">vitaminas C<\/strong> prisideda prie geresn\u0117s burnos higienos, tod\u0117l \u0161epet\u0117lis ypa\u010d tinka jautriems dantims ir dantenoms.<\/p>\n<p data-start=\"916\" data-end=\"1180\">Rinkinyje esanti <strong data-start=\"933\" data-end=\"961\">\u201ePure White\u201c dant\u0173 pasta<\/strong> pasi\u017eymi antioksidacin\u0117mis savyb\u0117mis, yra praturtinta vitaminais <strong data-start=\"1027\" data-end=\"1040\">A, B ir C<\/strong>, o sud\u0117tyje esantis fluoridas padeda apsaugoti dantis nuo apna\u0161\u0173 ir ertmi\u0173 susidarymo. Gaivus m\u0117t\u0173 skonis suteikia ilgalaik\u012f \u0161varos poj\u016bt\u012f.<\/p>\n<p data-start=\"1182\" data-end=\"1494\">Patentuotas pagrindas leid\u017eia stabiliai pastatyti dant\u0173 \u0161epet\u0117l\u012f ant bet kokio pavir\u0161iaus, apsaugo nuo vandens kaupimosi ir turi integruot\u0105 <strong data-start=\"1322\" data-end=\"1336\">kalendori\u0173<\/strong>, kuris primena, kada laikas keisti \u0161epet\u0117l\u012f. Rinkinys yra <strong data-start=\"1395\" data-end=\"1415\">100 % vegani\u0161kas<\/strong>, <strong data-start=\"1417\" data-end=\"1455\">draugi\u0161kas gyv\u016bnams (cruelty free)<\/strong>, tod\u0117l tinka s\u0105moningiems vartotojams.<\/p>\n<blockquote data-start=\"1496\" data-end=\"1569\">\n<p data-start=\"1498\" data-end=\"1569\">Pastaba: prie rinkinio visada pridedamas <strong data-start=\"1539\" data-end=\"1568\">dant\u0173 \u0161epet\u0117lio dangtelis<\/strong>.<\/p>\n<\/blockquote>\n","protected":false},"excerpt":{"rendered":"<p data-start=\"1608\" data-end=\"1826\">Stilingas <strong data-start=\"1618\" data-end=\"1636\">PIUMA SmileBox<\/strong> dovan\u0173 rinkinys su medium kietumo dant\u0173 \u0161epet\u0117liu, kalendoriniu pagrindu ir \u201ePure White\u201c dant\u0173 pasta. \u0160velni, bet efektyvi burnos higiena kasdienai, tinkanti jautriems dantims ir dantenoms.<\/p>\n","protected":false},"featured_media":63929,"template":"","meta":[],"product_brand":[1533],"product_cat":[1569],"product_tag":[1615],"class_list":{"0":"post-63927","1":"product","2":"type-product","3":"status-publish","4":"has-post-thumbnail","6":"product_brand-piuma","7":"product_cat-burnos-higiena","8":"product_tag-piuma","10":"first","11":"instock","12":"sale","13":"purchasable","14":"product-type-simple"},"yoast_head":"<!-- This site is optimized with the Yoast SEO plugin v27.4 - https:\/\/yoast.com\/product\/yoast-seo-wordpress\/ -->\n<title>PIUMA SmileBox rinkinys (juodas, medium) - MalinaShop.lt J\u016bs\u0173 sveikatai ir gro\u017eiui.<\/title>\n<meta name=\"description\" content=\"PIUMA SmileBox dovan\u0173 rinkinys \u2013 dant\u0173 \u0161epet\u0117lis su vitaminu C, kalendorinis pagrindas ir \u201ePure White\u201c dant\u0173 pasta. Efektyvi ir \u0161velni burnos higiena.\" \/>\n<meta name=\"robots\" content=\"index, follow, max-snippet:-1, max-image-preview:large, max-video-preview:-1\" \/>\n<link rel=\"canonical\" href=\"https:\/\/www.malinashop.lt\/lt_lt\/shop\/piuma-smilebox-rinkinys-juodas-medium\/\" \/>\n<meta property=\"og:locale\" content=\"lt_LT\" \/>\n<meta property=\"og:type\" content=\"article\" \/>\n<meta property=\"og:title\" content=\"PIUMA SmileBox rinkinys (juodas, medium) - MalinaShop.lt J\u016bs\u0173 sveikatai ir gro\u017eiui.\" \/>\n<meta property=\"og:description\" content=\"PIUMA SmileBox dovan\u0173 rinkinys \u2013 dant\u0173 \u0161epet\u0117lis su vitaminu C, kalendorinis pagrindas ir \u201ePure White\u201c dant\u0173 pasta. Efektyvi ir \u0161velni burnos higiena.\" \/>\n<meta property=\"og:url\" content=\"https:\/\/www.malinashop.lt\/lt_lt\/shop\/piuma-smilebox-rinkinys-juodas-medium\/\" \/>\n<meta property=\"og:site_name\" content=\"MalinaShop.lt J\u016bs\u0173 sveikatai ir gro\u017eiui.\" \/>\n<meta property=\"article:modified_time\" content=\"2026-02-10T10:00:54+00:00\" \/>\n<meta property=\"og:image\" content=\"https:\/\/www.malinashop.lt\/wp-content\/uploads\/2025\/11\/dantu_sepetelis_tvari_verslo_dovana_dantu_pasta_odontologija_burnos_higiena_sveikata_gurmena.lt-600x800-1.jpg\" \/>\n\t<meta property=\"og:image:width\" content=\"600\" \/>\n\t<meta property=\"og:image:height\" content=\"800\" \/>\n\t<meta property=\"og:image:type\" content=\"image\/jpeg\" \/>\n<meta name=\"twitter:card\" content=\"summary_large_image\" \/>\n<script type=\"application\/ld+json\" class=\"yoast-schema-graph\">{\"@context\":\"https:\\\/\\\/schema.org\",\"@graph\":[{\"@type\":\"WebPage\",\"@id\":\"https:\\\/\\\/www.malinashop.lt\\\/lt_lt\\\/shop\\\/piuma-smilebox-rinkinys-juodas-medium\\\/\",\"url\":\"https:\\\/\\\/www.malinashop.lt\\\/lt_lt\\\/shop\\\/piuma-smilebox-rinkinys-juodas-medium\\\/\",\"name\":\"PIUMA SmileBox rinkinys (juodas, medium) - MalinaShop.lt J\u016bs\u0173 sveikatai ir gro\u017eiui.\",\"isPartOf\":{\"@id\":\"https:\\\/\\\/www.malinashop.lt\\\/#website\"},\"primaryImageOfPage\":{\"@id\":\"https:\\\/\\\/www.malinashop.lt\\\/lt_lt\\\/shop\\\/piuma-smilebox-rinkinys-juodas-medium\\\/#primaryimage\"},\"image\":{\"@id\":\"https:\\\/\\\/www.malinashop.lt\\\/lt_lt\\\/shop\\\/piuma-smilebox-rinkinys-juodas-medium\\\/#primaryimage\"},\"thumbnailUrl\":\"https:\\\/\\\/www.malinashop.lt\\\/wp-content\\\/uploads\\\/2025\\\/11\\\/dantu_sepetelis_tvari_verslo_dovana_dantu_pasta_odontologija_burnos_higiena_sveikata_gurmena.lt-600x800-1.jpg\",\"datePublished\":\"2025-11-24T15:22:38+00:00\",\"dateModified\":\"2026-02-10T10:00:54+00:00\",\"description\":\"PIUMA SmileBox dovan\u0173 rinkinys \u2013 dant\u0173 \u0161epet\u0117lis su vitaminu C, kalendorinis pagrindas ir \u201ePure White\u201c dant\u0173 pasta. Efektyvi ir \u0161velni burnos higiena.\",\"breadcrumb\":{\"@id\":\"https:\\\/\\\/www.malinashop.lt\\\/lt_lt\\\/shop\\\/piuma-smilebox-rinkinys-juodas-medium\\\/#breadcrumb\"},\"inLanguage\":\"lt-LT\",\"potentialAction\":[{\"@type\":\"ReadAction\",\"target\":[\"https:\\\/\\\/www.malinashop.lt\\\/lt_lt\\\/shop\\\/piuma-smilebox-rinkinys-juodas-medium\\\/\"]}]},{\"@type\":\"ImageObject\",\"inLanguage\":\"lt-LT\",\"@id\":\"https:\\\/\\\/www.malinashop.lt\\\/lt_lt\\\/shop\\\/piuma-smilebox-rinkinys-juodas-medium\\\/#primaryimage\",\"url\":\"https:\\\/\\\/www.malinashop.lt\\\/wp-content\\\/uploads\\\/2025\\\/11\\\/dantu_sepetelis_tvari_verslo_dovana_dantu_pasta_odontologija_burnos_higiena_sveikata_gurmena.lt-600x800-1.jpg\",\"contentUrl\":\"https:\\\/\\\/www.malinashop.lt\\\/wp-content\\\/uploads\\\/2025\\\/11\\\/dantu_sepetelis_tvari_verslo_dovana_dantu_pasta_odontologija_burnos_higiena_sveikata_gurmena.lt-600x800-1.jpg\",\"width\":600,\"height\":800},{\"@type\":\"BreadcrumbList\",\"@id\":\"https:\\\/\\\/www.malinashop.lt\\\/lt_lt\\\/shop\\\/piuma-smilebox-rinkinys-juodas-medium\\\/#breadcrumb\",\"itemListElement\":[{\"@type\":\"ListItem\",\"position\":1,\"name\":\"Pagrindinis\",\"item\":\"https:\\\/\\\/www.malinashop.lt\\\/\"},{\"@type\":\"ListItem\",\"position\":2,\"name\":\"Parduotuv\u0117\",\"item\":\"https:\\\/\\\/www.malinashop.lt\\\/en\\\/parduotuve\\\/\"},{\"@type\":\"ListItem\",\"position\":3,\"name\":\"PIUMA SmileBox rinkinys (juodas, medium)\"}]},{\"@type\":\"WebSite\",\"@id\":\"https:\\\/\\\/www.malinashop.lt\\\/#website\",\"url\":\"https:\\\/\\\/www.malinashop.lt\\\/\",\"name\":\"COM Group Ecommerce\",\"description\":\"MalinaShop.lt - Gro\u017eio ir sveikatos produktai i\u0161 patikim\u0173 preki\u0173 \u017eenkl\u0173. Atraskite auk\u0161tos kokyb\u0117s kosmetik\u0105 u\u017e puiki\u0105 kain\u0105.\",\"publisher\":{\"@id\":\"https:\\\/\\\/www.malinashop.lt\\\/#organization\"},\"potentialAction\":[{\"@type\":\"SearchAction\",\"target\":{\"@type\":\"EntryPoint\",\"urlTemplate\":\"https:\\\/\\\/www.malinashop.lt\\\/?s={search_term_string}\"},\"query-input\":{\"@type\":\"PropertyValueSpecification\",\"valueRequired\":true,\"valueName\":\"search_term_string\"}}],\"inLanguage\":\"lt-LT\"},{\"@type\":\"Organization\",\"@id\":\"https:\\\/\\\/www.malinashop.lt\\\/#organization\",\"name\":\"COM Group Ecommerce\",\"url\":\"https:\\\/\\\/www.malinashop.lt\\\/\",\"logo\":{\"@type\":\"ImageObject\",\"inLanguage\":\"lt-LT\",\"@id\":\"https:\\\/\\\/www.malinashop.lt\\\/#\\\/schema\\\/logo\\\/image\\\/\",\"url\":\"https:\\\/\\\/www.malinashop.lt\\\/wp-content\\\/uploads\\\/2024\\\/08\\\/462559670_3787732518133670_9795632669273463_n-e1731525914575.png\",\"contentUrl\":\"https:\\\/\\\/www.malinashop.lt\\\/wp-content\\\/uploads\\\/2024\\\/08\\\/462559670_3787732518133670_9795632669273463_n-e1731525914575.png\",\"width\":180,\"height\":60,\"caption\":\"COM Group Ecommerce\"},\"image\":{\"@id\":\"https:\\\/\\\/www.malinashop.lt\\\/#\\\/schema\\\/logo\\\/image\\\/\"}}]}<\/script>\n<!-- \/ Yoast SEO plugin. -->","yoast_head_json":{"title":"PIUMA SmileBox rinkinys (juodas, medium) - MalinaShop.lt J\u016bs\u0173 sveikatai ir gro\u017eiui.","description":"PIUMA SmileBox dovan\u0173 rinkinys \u2013 dant\u0173 \u0161epet\u0117lis su vitaminu C, kalendorinis pagrindas ir \u201ePure White\u201c dant\u0173 pasta. Efektyvi ir \u0161velni burnos higiena.","robots":{"index":"index","follow":"follow","max-snippet":"max-snippet:-1","max-image-preview":"max-image-preview:large","max-video-preview":"max-video-preview:-1"},"canonical":"https:\/\/www.malinashop.lt\/lt_lt\/shop\/piuma-smilebox-rinkinys-juodas-medium\/","og_locale":"lt_LT","og_type":"article","og_title":"PIUMA SmileBox rinkinys (juodas, medium) - MalinaShop.lt J\u016bs\u0173 sveikatai ir gro\u017eiui.","og_description":"PIUMA SmileBox dovan\u0173 rinkinys \u2013 dant\u0173 \u0161epet\u0117lis su vitaminu C, kalendorinis pagrindas ir \u201ePure White\u201c dant\u0173 pasta. Efektyvi ir \u0161velni burnos higiena.","og_url":"https:\/\/www.malinashop.lt\/lt_lt\/shop\/piuma-smilebox-rinkinys-juodas-medium\/","og_site_name":"MalinaShop.lt J\u016bs\u0173 sveikatai ir gro\u017eiui.","article_modified_time":"2026-02-10T10:00:54+00:00","og_image":[{"width":600,"height":800,"url":"https:\/\/www.malinashop.lt\/wp-content\/uploads\/2025\/11\/dantu_sepetelis_tvari_verslo_dovana_dantu_pasta_odontologija_burnos_higiena_sveikata_gurmena.lt-600x800-1.jpg","type":"image\/jpeg"}],"twitter_card":"summary_large_image","schema":{"@context":"https:\/\/schema.org","@graph":[{"@type":"WebPage","@id":"https:\/\/www.malinashop.lt\/lt_lt\/shop\/piuma-smilebox-rinkinys-juodas-medium\/","url":"https:\/\/www.malinashop.lt\/lt_lt\/shop\/piuma-smilebox-rinkinys-juodas-medium\/","name":"PIUMA SmileBox rinkinys (juodas, medium) - MalinaShop.lt J\u016bs\u0173 sveikatai ir gro\u017eiui.","isPartOf":{"@id":"https:\/\/www.malinashop.lt\/#website"},"primaryImageOfPage":{"@id":"https:\/\/www.malinashop.lt\/lt_lt\/shop\/piuma-smilebox-rinkinys-juodas-medium\/#primaryimage"},"image":{"@id":"https:\/\/www.malinashop.lt\/lt_lt\/shop\/piuma-smilebox-rinkinys-juodas-medium\/#primaryimage"},"thumbnailUrl":"https:\/\/www.malinashop.lt\/wp-content\/uploads\/2025\/11\/dantu_sepetelis_tvari_verslo_dovana_dantu_pasta_odontologija_burnos_higiena_sveikata_gurmena.lt-600x800-1.jpg","datePublished":"2025-11-24T15:22:38+00:00","dateModified":"2026-02-10T10:00:54+00:00","description":"PIUMA SmileBox dovan\u0173 rinkinys \u2013 dant\u0173 \u0161epet\u0117lis su vitaminu C, kalendorinis pagrindas ir \u201ePure White\u201c dant\u0173 pasta. Efektyvi ir \u0161velni burnos higiena.","breadcrumb":{"@id":"https:\/\/www.malinashop.lt\/lt_lt\/shop\/piuma-smilebox-rinkinys-juodas-medium\/#breadcrumb"},"inLanguage":"lt-LT","potentialAction":[{"@type":"ReadAction","target":["https:\/\/www.malinashop.lt\/lt_lt\/shop\/piuma-smilebox-rinkinys-juodas-medium\/"]}]},{"@type":"ImageObject","inLanguage":"lt-LT","@id":"https:\/\/www.malinashop.lt\/lt_lt\/shop\/piuma-smilebox-rinkinys-juodas-medium\/#primaryimage","url":"https:\/\/www.malinashop.lt\/wp-content\/uploads\/2025\/11\/dantu_sepetelis_tvari_verslo_dovana_dantu_pasta_odontologija_burnos_higiena_sveikata_gurmena.lt-600x800-1.jpg","contentUrl":"https:\/\/www.malinashop.lt\/wp-content\/uploads\/2025\/11\/dantu_sepetelis_tvari_verslo_dovana_dantu_pasta_odontologija_burnos_higiena_sveikata_gurmena.lt-600x800-1.jpg","width":600,"height":800},{"@type":"BreadcrumbList","@id":"https:\/\/www.malinashop.lt\/lt_lt\/shop\/piuma-smilebox-rinkinys-juodas-medium\/#breadcrumb","itemListElement":[{"@type":"ListItem","position":1,"name":"Pagrindinis","item":"https:\/\/www.malinashop.lt\/"},{"@type":"ListItem","position":2,"name":"Parduotuv\u0117","item":"https:\/\/www.malinashop.lt\/en\/parduotuve\/"},{"@type":"ListItem","position":3,"name":"PIUMA SmileBox rinkinys (juodas, medium)"}]},{"@type":"WebSite","@id":"https:\/\/www.malinashop.lt\/#website","url":"https:\/\/www.malinashop.lt\/","name":"COM Group Ecommerce","description":"MalinaShop.lt - Gro\u017eio ir sveikatos produktai i\u0161 patikim\u0173 preki\u0173 \u017eenkl\u0173. Atraskite auk\u0161tos kokyb\u0117s kosmetik\u0105 u\u017e puiki\u0105 kain\u0105.","publisher":{"@id":"https:\/\/www.malinashop.lt\/#organization"},"potentialAction":[{"@type":"SearchAction","target":{"@type":"EntryPoint","urlTemplate":"https:\/\/www.malinashop.lt\/?s={search_term_string}"},"query-input":{"@type":"PropertyValueSpecification","valueRequired":true,"valueName":"search_term_string"}}],"inLanguage":"lt-LT"},{"@type":"Organization","@id":"https:\/\/www.malinashop.lt\/#organization","name":"COM Group Ecommerce","url":"https:\/\/www.malinashop.lt\/","logo":{"@type":"ImageObject","inLanguage":"lt-LT","@id":"https:\/\/www.malinashop.lt\/#\/schema\/logo\/image\/","url":"https:\/\/www.malinashop.lt\/wp-content\/uploads\/2024\/08\/462559670_3787732518133670_9795632669273463_n-e1731525914575.png","contentUrl":"https:\/\/www.malinashop.lt\/wp-content\/uploads\/2024\/08\/462559670_3787732518133670_9795632669273463_n-e1731525914575.png","width":180,"height":60,"caption":"COM Group Ecommerce"},"image":{"@id":"https:\/\/www.malinashop.lt\/#\/schema\/logo\/image\/"}}]}},"jetpack_sharing_enabled":true,"_links":{"self":[{"href":"https:\/\/www.malinashop.lt\/lt_lt\/wp-json\/wp\/v2\/product\/63927","targetHints":{"allow":["GET"]}}],"collection":[{"href":"https:\/\/www.malinashop.lt\/lt_lt\/wp-json\/wp\/v2\/product"}],"about":[{"href":"https:\/\/www.malinashop.lt\/lt_lt\/wp-json\/wp\/v2\/types\/product"}],"version-history":[{"count":2,"href":"https:\/\/www.malinashop.lt\/lt_lt\/wp-json\/wp\/v2\/product\/63927\/revisions"}],"predecessor-version":[{"id":72301,"href":"https:\/\/www.malinashop.lt\/lt_lt\/wp-json\/wp\/v2\/product\/63927\/revisions\/72301"}],"wp:featuredmedia":[{"embeddable":true,"href":"https:\/\/www.malinashop.lt\/lt_lt\/wp-json\/wp\/v2\/media\/63929"}],"wp:attachment":[{"href":"https:\/\/www.malinashop.lt\/lt_lt\/wp-json\/wp\/v2\/media?parent=63927"}],"wp:term":[{"taxonomy":"product_brand","embeddable":true,"href":"https:\/\/www.malinashop.lt\/lt_lt\/wp-json\/wp\/v2\/product_brand?post=63927"},{"taxonomy":"product_cat","embeddable":true,"href":"https:\/\/www.malinashop.lt\/lt_lt\/wp-json\/wp\/v2\/product_cat?post=63927"},{"taxonomy":"product_tag","embeddable":true,"href":"https:\/\/www.malinashop.lt\/lt_lt\/wp-json\/wp\/v2\/product_tag?post=63927"}],"curies":[{"name":"wp","href":"https:\/\/api.w.org\/{rel}","templated":true}]}}