{"id":63892,"date":"2025-11-24T18:22:38","date_gmt":"2025-11-24T15:22:38","guid":{"rendered":"https:\/\/malinashop.lt\/?post_type=product&#038;p=63892"},"modified":"2026-02-10T13:00:53","modified_gmt":"2026-02-10T10:00:53","slug":"piuma-kit-base-rinkinys-su-vitaminu-c-baltas","status":"publish","type":"product","link":"https:\/\/www.malinashop.lt\/lt_lt\/shop\/piuma-kit-base-rinkinys-su-vitaminu-c-baltas\/","title":{"rendered":"PIUMA KIT BASE rinkinys su vitaminu C (baltas)"},"content":{"rendered":"<p data-start=\"156\" data-end=\"484\"><strong data-start=\"156\" data-end=\"206\">PIUMA rinkinys su vitaminu C KIT BASE (baltas)<\/strong> \u2013 tai inovatyvus dovan\u0173 rinkinys, skirtas kasdienei burnos higienai ir jautri\u0173 dant\u0173 bei danten\u0173 prie\u017ei\u016brai. Rinkin\u012f sudaro <strong data-start=\"331\" data-end=\"394\">PIUMA\u00ae dant\u0173 \u0161epet\u0117lis su vitaminu C integruotais \u0161ereliais<\/strong> ir <strong data-start=\"398\" data-end=\"436\">patentuotas kalendorinis pagrindas<\/strong>, padedantis nepamir\u0161ti laiku pakeisti \u0161epet\u0117l\u012f.<\/p>\n<p data-start=\"486\" data-end=\"801\">Auk\u0161\u010diausios kokyb\u0117s <strong data-start=\"507\" data-end=\"541\">Tynex\u00ae mikro \u0161ereliai (0,1 mm)<\/strong> \u0161velniai, bet efektyviai valo dantis, suma\u017eina danten\u0173 dirginimo rizik\u0105 ir u\u017etikrina maksimali\u0105 \u0161var\u0105. Novatori\u0161k\u0173 technologij\u0173 d\u0117ka <strong data-start=\"675\" data-end=\"721\">vitaminas C integruotas tiesiai \u012f \u0161erelius<\/strong>, taip padedant palaikyti ger\u0105 burnos higien\u0105 ir komfort\u0105 kasdienio valymo metu.<\/p>\n<p data-start=\"803\" data-end=\"1157\">Ergonomi\u0161ka, lanksti rankena u\u017etikrina patog\u0173 naudojim\u0105, o <strong data-start=\"862\" data-end=\"895\">integruotas lie\u017euvio valiklis<\/strong> padeda pa\u0161alinti bakterijas ir u\u017etikrinti gaivesn\u012f burnos poj\u016bt\u012f. Patentuotas pagrindas leid\u017eia stabiliai pastatyti \u0161epet\u0117l\u012f ant bet kokio pavir\u0161iaus, neleid\u017eia kauptis vandeniui ir turi <strong data-start=\"1083\" data-end=\"1108\">kalendoriaus funkcij\u0105<\/strong>, primenan\u010di\u0105, kada laikas keisti dant\u0173 \u0161epet\u0117l\u012f.<\/p>\n<p data-start=\"1159\" data-end=\"1311\">\u2714 100 % vegani\u0161kas<br data-start=\"1177\" data-end=\"1180\" \/>\u2714 Draugi\u0161kas gyv\u016bnams (Cruelty Free)<br data-start=\"1216\" data-end=\"1219\" \/>\u2714 Antibakterin\u0117s, sertifikuotos med\u017eiagos<br data-start=\"1260\" data-end=\"1263\" \/>\u2714 Puikiai tinka jautriems dantims ir dantenoms<\/p>\n<p data-start=\"1313\" data-end=\"1394\"><strong data-start=\"1313\" data-end=\"1325\">Pastaba:<\/strong> prie kiekvieno rinkinio visada pridedamas dant\u0173 \u0161epet\u0117lio dangtelis.<\/p>\n","protected":false},"excerpt":{"rendered":"<p data-start=\"1436\" data-end=\"1636\">Inovatyvus <strong data-start=\"1447\" data-end=\"1465\">PIUMA KIT BASE<\/strong> rinkinys su vitaminu C \u2013 dant\u0173 \u0161epet\u0117lis su mikro \u0161ereliais ir kalendoriniu pagrindu. \u0160velnus jautriems dantims, higieni\u0161kas, vegani\u0161kas ir patogus kasdieniam naudojimui.<\/p>\n","protected":false},"featured_media":63894,"template":"","meta":[],"product_brand":[1533],"product_cat":[1569],"product_tag":[1615],"class_list":{"0":"post-63892","1":"product","2":"type-product","3":"status-publish","4":"has-post-thumbnail","6":"product_brand-piuma","7":"product_cat-burnos-higiena","8":"product_tag-piuma","10":"first","11":"instock","12":"purchasable","13":"product-type-simple"},"yoast_head":"<!-- This site is optimized with the Yoast SEO plugin v27.4 - https:\/\/yoast.com\/product\/yoast-seo-wordpress\/ -->\n<title>PIUMA KIT BASE rinkinys su vitaminu C (baltas) - MalinaShop.lt J\u016bs\u0173 sveikatai ir gro\u017eiui.<\/title>\n<meta name=\"description\" content=\"PIUMA KIT BASE su vitaminu C \u2013 dant\u0173 \u0161epet\u0117lis su mikro \u0161ereliais ir kalendoriniu pagrindu. \u0160velni burnos higiena, vegani\u0161kas, tinka jautriems dantims.\" \/>\n<meta name=\"robots\" content=\"index, follow, max-snippet:-1, max-image-preview:large, max-video-preview:-1\" \/>\n<link rel=\"canonical\" href=\"https:\/\/www.malinashop.lt\/lt_lt\/shop\/piuma-kit-base-rinkinys-su-vitaminu-c-baltas\/\" \/>\n<meta property=\"og:locale\" content=\"lt_LT\" \/>\n<meta property=\"og:type\" content=\"article\" \/>\n<meta property=\"og:title\" content=\"PIUMA KIT BASE rinkinys su vitaminu C (baltas) - MalinaShop.lt J\u016bs\u0173 sveikatai ir gro\u017eiui.\" \/>\n<meta property=\"og:description\" content=\"PIUMA KIT BASE su vitaminu C \u2013 dant\u0173 \u0161epet\u0117lis su mikro \u0161ereliais ir kalendoriniu pagrindu. \u0160velni burnos higiena, vegani\u0161kas, tinka jautriems dantims.\" \/>\n<meta property=\"og:url\" content=\"https:\/\/www.malinashop.lt\/lt_lt\/shop\/piuma-kit-base-rinkinys-su-vitaminu-c-baltas\/\" \/>\n<meta property=\"og:site_name\" content=\"MalinaShop.lt J\u016bs\u0173 sveikatai ir gro\u017eiui.\" \/>\n<meta property=\"article:modified_time\" content=\"2026-02-10T10:00:53+00:00\" \/>\n<meta property=\"og:image\" content=\"https:\/\/www.malinashop.lt\/wp-content\/uploads\/2025\/11\/tvari_verslo_dovana_dantu_sepetlis_vitaminas_c_sveikata_gurmena.lt-600x800-1.jpg\" \/>\n\t<meta property=\"og:image:width\" content=\"600\" \/>\n\t<meta property=\"og:image:height\" content=\"800\" \/>\n\t<meta property=\"og:image:type\" content=\"image\/jpeg\" \/>\n<meta name=\"twitter:card\" content=\"summary_large_image\" \/>\n<script type=\"application\/ld+json\" class=\"yoast-schema-graph\">{\"@context\":\"https:\\\/\\\/schema.org\",\"@graph\":[{\"@type\":\"WebPage\",\"@id\":\"https:\\\/\\\/www.malinashop.lt\\\/shop\\\/piuma-kit-base-rinkinys-su-vitaminu-c-baltas\\\/\",\"url\":\"https:\\\/\\\/www.malinashop.lt\\\/shop\\\/piuma-kit-base-rinkinys-su-vitaminu-c-baltas\\\/\",\"name\":\"PIUMA KIT BASE rinkinys su vitaminu C (baltas) - MalinaShop.lt J\u016bs\u0173 sveikatai ir gro\u017eiui.\",\"isPartOf\":{\"@id\":\"https:\\\/\\\/www.malinashop.lt\\\/#website\"},\"primaryImageOfPage\":{\"@id\":\"https:\\\/\\\/www.malinashop.lt\\\/shop\\\/piuma-kit-base-rinkinys-su-vitaminu-c-baltas\\\/#primaryimage\"},\"image\":{\"@id\":\"https:\\\/\\\/www.malinashop.lt\\\/shop\\\/piuma-kit-base-rinkinys-su-vitaminu-c-baltas\\\/#primaryimage\"},\"thumbnailUrl\":\"https:\\\/\\\/www.malinashop.lt\\\/wp-content\\\/uploads\\\/2025\\\/11\\\/tvari_verslo_dovana_dantu_sepetlis_vitaminas_c_sveikata_gurmena.lt-600x800-1.jpg\",\"datePublished\":\"2025-11-24T15:22:38+00:00\",\"dateModified\":\"2026-02-10T10:00:53+00:00\",\"description\":\"PIUMA KIT BASE su vitaminu C \u2013 dant\u0173 \u0161epet\u0117lis su mikro \u0161ereliais ir kalendoriniu pagrindu. \u0160velni burnos higiena, vegani\u0161kas, tinka jautriems dantims.\",\"breadcrumb\":{\"@id\":\"https:\\\/\\\/www.malinashop.lt\\\/shop\\\/piuma-kit-base-rinkinys-su-vitaminu-c-baltas\\\/#breadcrumb\"},\"inLanguage\":\"lt-LT\",\"potentialAction\":[{\"@type\":\"ReadAction\",\"target\":[\"https:\\\/\\\/www.malinashop.lt\\\/shop\\\/piuma-kit-base-rinkinys-su-vitaminu-c-baltas\\\/\"]}]},{\"@type\":\"ImageObject\",\"inLanguage\":\"lt-LT\",\"@id\":\"https:\\\/\\\/www.malinashop.lt\\\/shop\\\/piuma-kit-base-rinkinys-su-vitaminu-c-baltas\\\/#primaryimage\",\"url\":\"https:\\\/\\\/www.malinashop.lt\\\/wp-content\\\/uploads\\\/2025\\\/11\\\/tvari_verslo_dovana_dantu_sepetlis_vitaminas_c_sveikata_gurmena.lt-600x800-1.jpg\",\"contentUrl\":\"https:\\\/\\\/www.malinashop.lt\\\/wp-content\\\/uploads\\\/2025\\\/11\\\/tvari_verslo_dovana_dantu_sepetlis_vitaminas_c_sveikata_gurmena.lt-600x800-1.jpg\",\"width\":600,\"height\":800},{\"@type\":\"BreadcrumbList\",\"@id\":\"https:\\\/\\\/www.malinashop.lt\\\/shop\\\/piuma-kit-base-rinkinys-su-vitaminu-c-baltas\\\/#breadcrumb\",\"itemListElement\":[{\"@type\":\"ListItem\",\"position\":1,\"name\":\"Pagrindinis\",\"item\":\"https:\\\/\\\/www.malinashop.lt\\\/\"},{\"@type\":\"ListItem\",\"position\":2,\"name\":\"Parduotuv\u0117\",\"item\":\"https:\\\/\\\/www.malinashop.lt\\\/en\\\/parduotuve\\\/\"},{\"@type\":\"ListItem\",\"position\":3,\"name\":\"PIUMA KIT BASE rinkinys su vitaminu C (baltas)\"}]},{\"@type\":\"WebSite\",\"@id\":\"https:\\\/\\\/www.malinashop.lt\\\/#website\",\"url\":\"https:\\\/\\\/www.malinashop.lt\\\/\",\"name\":\"COM Group Ecommerce\",\"description\":\"MalinaShop.lt - Gro\u017eio ir sveikatos produktai i\u0161 patikim\u0173 preki\u0173 \u017eenkl\u0173. Atraskite auk\u0161tos kokyb\u0117s kosmetik\u0105 u\u017e puiki\u0105 kain\u0105.\",\"publisher\":{\"@id\":\"https:\\\/\\\/www.malinashop.lt\\\/#organization\"},\"potentialAction\":[{\"@type\":\"SearchAction\",\"target\":{\"@type\":\"EntryPoint\",\"urlTemplate\":\"https:\\\/\\\/www.malinashop.lt\\\/?s={search_term_string}\"},\"query-input\":{\"@type\":\"PropertyValueSpecification\",\"valueRequired\":true,\"valueName\":\"search_term_string\"}}],\"inLanguage\":\"lt-LT\"},{\"@type\":\"Organization\",\"@id\":\"https:\\\/\\\/www.malinashop.lt\\\/#organization\",\"name\":\"COM Group Ecommerce\",\"url\":\"https:\\\/\\\/www.malinashop.lt\\\/\",\"logo\":{\"@type\":\"ImageObject\",\"inLanguage\":\"lt-LT\",\"@id\":\"https:\\\/\\\/www.malinashop.lt\\\/#\\\/schema\\\/logo\\\/image\\\/\",\"url\":\"https:\\\/\\\/www.malinashop.lt\\\/wp-content\\\/uploads\\\/2024\\\/08\\\/462559670_3787732518133670_9795632669273463_n-e1731525914575.png\",\"contentUrl\":\"https:\\\/\\\/www.malinashop.lt\\\/wp-content\\\/uploads\\\/2024\\\/08\\\/462559670_3787732518133670_9795632669273463_n-e1731525914575.png\",\"width\":180,\"height\":60,\"caption\":\"COM Group Ecommerce\"},\"image\":{\"@id\":\"https:\\\/\\\/www.malinashop.lt\\\/#\\\/schema\\\/logo\\\/image\\\/\"}}]}<\/script>\n<!-- \/ Yoast SEO plugin. -->","yoast_head_json":{"title":"PIUMA KIT BASE rinkinys su vitaminu C (baltas) - MalinaShop.lt J\u016bs\u0173 sveikatai ir gro\u017eiui.","description":"PIUMA KIT BASE su vitaminu C \u2013 dant\u0173 \u0161epet\u0117lis su mikro \u0161ereliais ir kalendoriniu pagrindu. \u0160velni burnos higiena, vegani\u0161kas, tinka jautriems dantims.","robots":{"index":"index","follow":"follow","max-snippet":"max-snippet:-1","max-image-preview":"max-image-preview:large","max-video-preview":"max-video-preview:-1"},"canonical":"https:\/\/www.malinashop.lt\/lt_lt\/shop\/piuma-kit-base-rinkinys-su-vitaminu-c-baltas\/","og_locale":"lt_LT","og_type":"article","og_title":"PIUMA KIT BASE rinkinys su vitaminu C (baltas) - MalinaShop.lt J\u016bs\u0173 sveikatai ir gro\u017eiui.","og_description":"PIUMA KIT BASE su vitaminu C \u2013 dant\u0173 \u0161epet\u0117lis su mikro \u0161ereliais ir kalendoriniu pagrindu. \u0160velni burnos higiena, vegani\u0161kas, tinka jautriems dantims.","og_url":"https:\/\/www.malinashop.lt\/lt_lt\/shop\/piuma-kit-base-rinkinys-su-vitaminu-c-baltas\/","og_site_name":"MalinaShop.lt J\u016bs\u0173 sveikatai ir gro\u017eiui.","article_modified_time":"2026-02-10T10:00:53+00:00","og_image":[{"width":600,"height":800,"url":"https:\/\/www.malinashop.lt\/wp-content\/uploads\/2025\/11\/tvari_verslo_dovana_dantu_sepetlis_vitaminas_c_sveikata_gurmena.lt-600x800-1.jpg","type":"image\/jpeg"}],"twitter_card":"summary_large_image","schema":{"@context":"https:\/\/schema.org","@graph":[{"@type":"WebPage","@id":"https:\/\/www.malinashop.lt\/shop\/piuma-kit-base-rinkinys-su-vitaminu-c-baltas\/","url":"https:\/\/www.malinashop.lt\/shop\/piuma-kit-base-rinkinys-su-vitaminu-c-baltas\/","name":"PIUMA KIT BASE rinkinys su vitaminu C (baltas) - MalinaShop.lt J\u016bs\u0173 sveikatai ir gro\u017eiui.","isPartOf":{"@id":"https:\/\/www.malinashop.lt\/#website"},"primaryImageOfPage":{"@id":"https:\/\/www.malinashop.lt\/shop\/piuma-kit-base-rinkinys-su-vitaminu-c-baltas\/#primaryimage"},"image":{"@id":"https:\/\/www.malinashop.lt\/shop\/piuma-kit-base-rinkinys-su-vitaminu-c-baltas\/#primaryimage"},"thumbnailUrl":"https:\/\/www.malinashop.lt\/wp-content\/uploads\/2025\/11\/tvari_verslo_dovana_dantu_sepetlis_vitaminas_c_sveikata_gurmena.lt-600x800-1.jpg","datePublished":"2025-11-24T15:22:38+00:00","dateModified":"2026-02-10T10:00:53+00:00","description":"PIUMA KIT BASE su vitaminu C \u2013 dant\u0173 \u0161epet\u0117lis su mikro \u0161ereliais ir kalendoriniu pagrindu. \u0160velni burnos higiena, vegani\u0161kas, tinka jautriems dantims.","breadcrumb":{"@id":"https:\/\/www.malinashop.lt\/shop\/piuma-kit-base-rinkinys-su-vitaminu-c-baltas\/#breadcrumb"},"inLanguage":"lt-LT","potentialAction":[{"@type":"ReadAction","target":["https:\/\/www.malinashop.lt\/shop\/piuma-kit-base-rinkinys-su-vitaminu-c-baltas\/"]}]},{"@type":"ImageObject","inLanguage":"lt-LT","@id":"https:\/\/www.malinashop.lt\/shop\/piuma-kit-base-rinkinys-su-vitaminu-c-baltas\/#primaryimage","url":"https:\/\/www.malinashop.lt\/wp-content\/uploads\/2025\/11\/tvari_verslo_dovana_dantu_sepetlis_vitaminas_c_sveikata_gurmena.lt-600x800-1.jpg","contentUrl":"https:\/\/www.malinashop.lt\/wp-content\/uploads\/2025\/11\/tvari_verslo_dovana_dantu_sepetlis_vitaminas_c_sveikata_gurmena.lt-600x800-1.jpg","width":600,"height":800},{"@type":"BreadcrumbList","@id":"https:\/\/www.malinashop.lt\/shop\/piuma-kit-base-rinkinys-su-vitaminu-c-baltas\/#breadcrumb","itemListElement":[{"@type":"ListItem","position":1,"name":"Pagrindinis","item":"https:\/\/www.malinashop.lt\/"},{"@type":"ListItem","position":2,"name":"Parduotuv\u0117","item":"https:\/\/www.malinashop.lt\/en\/parduotuve\/"},{"@type":"ListItem","position":3,"name":"PIUMA KIT BASE rinkinys su vitaminu C (baltas)"}]},{"@type":"WebSite","@id":"https:\/\/www.malinashop.lt\/#website","url":"https:\/\/www.malinashop.lt\/","name":"COM Group Ecommerce","description":"MalinaShop.lt - Gro\u017eio ir sveikatos produktai i\u0161 patikim\u0173 preki\u0173 \u017eenkl\u0173. Atraskite auk\u0161tos kokyb\u0117s kosmetik\u0105 u\u017e puiki\u0105 kain\u0105.","publisher":{"@id":"https:\/\/www.malinashop.lt\/#organization"},"potentialAction":[{"@type":"SearchAction","target":{"@type":"EntryPoint","urlTemplate":"https:\/\/www.malinashop.lt\/?s={search_term_string}"},"query-input":{"@type":"PropertyValueSpecification","valueRequired":true,"valueName":"search_term_string"}}],"inLanguage":"lt-LT"},{"@type":"Organization","@id":"https:\/\/www.malinashop.lt\/#organization","name":"COM Group Ecommerce","url":"https:\/\/www.malinashop.lt\/","logo":{"@type":"ImageObject","inLanguage":"lt-LT","@id":"https:\/\/www.malinashop.lt\/#\/schema\/logo\/image\/","url":"https:\/\/www.malinashop.lt\/wp-content\/uploads\/2024\/08\/462559670_3787732518133670_9795632669273463_n-e1731525914575.png","contentUrl":"https:\/\/www.malinashop.lt\/wp-content\/uploads\/2024\/08\/462559670_3787732518133670_9795632669273463_n-e1731525914575.png","width":180,"height":60,"caption":"COM Group Ecommerce"},"image":{"@id":"https:\/\/www.malinashop.lt\/#\/schema\/logo\/image\/"}}]}},"jetpack_sharing_enabled":true,"_links":{"self":[{"href":"https:\/\/www.malinashop.lt\/lt_lt\/wp-json\/wp\/v2\/product\/63892","targetHints":{"allow":["GET"]}}],"collection":[{"href":"https:\/\/www.malinashop.lt\/lt_lt\/wp-json\/wp\/v2\/product"}],"about":[{"href":"https:\/\/www.malinashop.lt\/lt_lt\/wp-json\/wp\/v2\/types\/product"}],"version-history":[{"count":2,"href":"https:\/\/www.malinashop.lt\/lt_lt\/wp-json\/wp\/v2\/product\/63892\/revisions"}],"predecessor-version":[{"id":72298,"href":"https:\/\/www.malinashop.lt\/lt_lt\/wp-json\/wp\/v2\/product\/63892\/revisions\/72298"}],"wp:featuredmedia":[{"embeddable":true,"href":"https:\/\/www.malinashop.lt\/lt_lt\/wp-json\/wp\/v2\/media\/63894"}],"wp:attachment":[{"href":"https:\/\/www.malinashop.lt\/lt_lt\/wp-json\/wp\/v2\/media?parent=63892"}],"wp:term":[{"taxonomy":"product_brand","embeddable":true,"href":"https:\/\/www.malinashop.lt\/lt_lt\/wp-json\/wp\/v2\/product_brand?post=63892"},{"taxonomy":"product_cat","embeddable":true,"href":"https:\/\/www.malinashop.lt\/lt_lt\/wp-json\/wp\/v2\/product_cat?post=63892"},{"taxonomy":"product_tag","embeddable":true,"href":"https:\/\/www.malinashop.lt\/lt_lt\/wp-json\/wp\/v2\/product_tag?post=63892"}],"curies":[{"name":"wp","href":"https:\/\/api.w.org\/{rel}","templated":true}]}}