{"id":63880,"date":"2025-11-24T18:22:38","date_gmt":"2025-11-24T15:22:38","guid":{"rendered":"https:\/\/malinashop.lt\/?post_type=product&#038;p=63880"},"modified":"2026-02-10T13:00:52","modified_gmt":"2026-02-10T10:00:52","slug":"piuma-kit-base-rinkinys-juodas-soft","status":"publish","type":"product","link":"https:\/\/www.malinashop.lt\/lt_lt\/shop\/piuma-kit-base-rinkinys-juodas-soft\/","title":{"rendered":"PIUMA KIT BASE rinkinys juodas Soft"},"content":{"rendered":"<p data-start=\"516\" data-end=\"814\">PIUMA KIT BASE (juodas, Soft) \u2013 patogus ir stilingas burnos prie\u017ei\u016bros rinkinys kasdieniam naudojimui, kur\u012f sudaro PIUMA\u00ae dant\u0173 \u0161epet\u0117lis su mink\u0161tais (Soft) \u0161ereliais ir specialus kalendorinis pagrindas. Tai prakti\u0161kas sprendimas tiems, kurie nori \u0161velnaus valymo bei higieni\u0161ko \u0161epet\u0117lio laikymo.<\/p>\n<p data-start=\"816\" data-end=\"1073\">\u0160epet\u0117lis pasi\u017eymi inovatyviu dizainu ir lanks\u010dia rankena, kuri padeda patogiai valdyti spaudim\u0105 valant dantis. Soft tipo mikro \u0161ereliai yra itin \u0161veln\u016bs dantenoms, tod\u0117l \u0161is variantas ypa\u010d tinkamas jautresnei burnos ertmei ar tiems, kurie vertina komfort\u0105.<\/p>\n<p data-start=\"1075\" data-end=\"1357\">Auk\u0161tos kokyb\u0117s <strong data-start=\"1091\" data-end=\"1125\">Tynex\u00ae mikro \u0161ereliai (0,1 mm)<\/strong> sukurti taip, kad dantys b\u016bt\u0173 i\u0161valomi kruop\u0161\u010diai, ta\u010diau suma\u017e\u0117t\u0173 danten\u0173 dirginimo rizika. \u0160epet\u0117lio gamyboje naudojamos \u017ealiavos yra <strong data-start=\"1262\" data-end=\"1280\">antibakterin\u0117s<\/strong> ir sertifikuotos <strong data-start=\"1298\" data-end=\"1305\">FDA<\/strong>, tod\u0117l u\u017etikrinamas patikimas kasdienis naudojimas.<\/p>\n<p data-start=\"1359\" data-end=\"1489\">Integruotas <strong data-start=\"1371\" data-end=\"1392\">lie\u017euvio valiklis<\/strong> papildo burnos higienos rutin\u0105 ir padeda palaikyti \u0161varos bei gaivos poj\u016bt\u012f po kiekvieno valymo.<\/p>\n<p data-start=\"1491\" data-end=\"1739\">Rinkinyje esantis kalendorinis pagrindas leid\u017eia \u0161epet\u0117l\u012f pastatyti ant \u012fvairi\u0173 pavir\u0161i\u0173, o patentuotas dizainas apsaugo nuo vandens kaupimosi. \u012emontuotas kalendorius primena, kada laikas keisti \u0161epet\u0117l\u012f, tod\u0117l burnos higiena tampa dar paprastesn\u0117.<\/p>\n<p data-start=\"1741\" data-end=\"1798\">Pastaba: visada pridedamas <strong data-start=\"1768\" data-end=\"1797\">dant\u0173 \u0161epet\u0117lio dangtelis<\/strong>.<\/p>\n<ul data-start=\"1800\" data-end=\"1892\">\n<li data-start=\"1800\" data-end=\"1819\">\n<p data-start=\"1802\" data-end=\"1819\">100 % vegani\u0161ka<\/p>\n<\/li>\n<li data-start=\"1820\" data-end=\"1843\">\n<p data-start=\"1822\" data-end=\"1843\">Pagaminta Italijoje<\/p>\n<\/li>\n<li data-start=\"1844\" data-end=\"1892\">\n<p data-start=\"1846\" data-end=\"1892\">Draugi\u0161kas gyv\u016bnams produktas (Cruelty free)<\/p>\n<\/li>\n<\/ul>\n<p data-start=\"1894\" data-end=\"1924\"><strong data-start=\"1894\" data-end=\"1924\">Gamintojas: PIUMA, Italija<\/strong><\/p>\n","protected":false},"excerpt":{"rendered":"<p>PIUMA KIT BASE juodas Soft \u2013 dovan\u0173 rinkinys su mink\u0161t\u0173 \u0161ereli\u0173 dant\u0173 \u0161epet\u0117liu ir kalendoriniu pagrindu. Tynex\u00ae mikro \u0161ereliai \u0161velniai valo, o lie\u017euvio valiklis padeda palaikyti gaiv\u0105. Vegani\u0161kas, cruelty free, pagaminta Italijoje.<\/p>\n","protected":false},"featured_media":63874,"template":"","meta":[],"product_brand":[1533],"product_cat":[1569],"product_tag":[1615],"class_list":{"0":"post-63880","1":"product","2":"type-product","3":"status-publish","4":"has-post-thumbnail","6":"product_brand-piuma","7":"product_cat-burnos-higiena","8":"product_tag-piuma","10":"first","11":"instock","12":"sale","13":"purchasable","14":"product-type-simple"},"yoast_head":"<!-- This site is optimized with the Yoast SEO plugin v27.4 - https:\/\/yoast.com\/product\/yoast-seo-wordpress\/ -->\n<title>PIUMA KIT BASE rinkinys juodas Soft - MalinaShop.lt J\u016bs\u0173 sveikatai ir gro\u017eiui.<\/title>\n<meta name=\"description\" content=\"PIUMA KIT BASE juodas Soft rinkinys su \u0161epet\u0117liu ir kalendoriniu pagrindu. Vegani\u0161kas, pagaminta Italijoje.\" \/>\n<meta name=\"robots\" content=\"index, follow, max-snippet:-1, max-image-preview:large, max-video-preview:-1\" \/>\n<link rel=\"canonical\" href=\"https:\/\/www.malinashop.lt\/lt_lt\/shop\/piuma-kit-base-rinkinys-juodas-soft\/\" \/>\n<meta property=\"og:locale\" content=\"lt_LT\" \/>\n<meta property=\"og:type\" content=\"article\" \/>\n<meta property=\"og:title\" content=\"PIUMA KIT BASE rinkinys juodas Soft - MalinaShop.lt J\u016bs\u0173 sveikatai ir gro\u017eiui.\" \/>\n<meta property=\"og:description\" content=\"PIUMA KIT BASE juodas Soft rinkinys su \u0161epet\u0117liu ir kalendoriniu pagrindu. Vegani\u0161kas, pagaminta Italijoje.\" \/>\n<meta property=\"og:url\" content=\"https:\/\/www.malinashop.lt\/lt_lt\/shop\/piuma-kit-base-rinkinys-juodas-soft\/\" \/>\n<meta property=\"og:site_name\" content=\"MalinaShop.lt J\u016bs\u0173 sveikatai ir gro\u017eiui.\" \/>\n<meta property=\"article:modified_time\" content=\"2026-02-10T10:00:52+00:00\" \/>\n<meta property=\"og:image\" content=\"https:\/\/www.malinashop.lt\/wp-content\/uploads\/2025\/11\/dantu_sepetelis_tvari_dovana_verslo_dovanos_ondontologija_dantys_sveikata_higiena_gurmena.lt-600x800-1.png\" \/>\n\t<meta property=\"og:image:width\" content=\"600\" \/>\n\t<meta property=\"og:image:height\" content=\"800\" \/>\n\t<meta property=\"og:image:type\" content=\"image\/png\" \/>\n<meta name=\"twitter:card\" content=\"summary_large_image\" \/>\n<script type=\"application\/ld+json\" class=\"yoast-schema-graph\">{\"@context\":\"https:\\\/\\\/schema.org\",\"@graph\":[{\"@type\":\"WebPage\",\"@id\":\"https:\\\/\\\/www.malinashop.lt\\\/en\\\/shop\\\/piuma-kit-base-rinkinys-juodas-soft\\\/\",\"url\":\"https:\\\/\\\/www.malinashop.lt\\\/en\\\/shop\\\/piuma-kit-base-rinkinys-juodas-soft\\\/\",\"name\":\"PIUMA KIT BASE rinkinys juodas Soft - MalinaShop.lt J\u016bs\u0173 sveikatai ir gro\u017eiui.\",\"isPartOf\":{\"@id\":\"https:\\\/\\\/www.malinashop.lt\\\/#website\"},\"primaryImageOfPage\":{\"@id\":\"https:\\\/\\\/www.malinashop.lt\\\/en\\\/shop\\\/piuma-kit-base-rinkinys-juodas-soft\\\/#primaryimage\"},\"image\":{\"@id\":\"https:\\\/\\\/www.malinashop.lt\\\/en\\\/shop\\\/piuma-kit-base-rinkinys-juodas-soft\\\/#primaryimage\"},\"thumbnailUrl\":\"https:\\\/\\\/www.malinashop.lt\\\/wp-content\\\/uploads\\\/2025\\\/11\\\/dantu_sepetelis_tvari_dovana_verslo_dovanos_ondontologija_dantys_sveikata_higiena_gurmena.lt-600x800-1.png\",\"datePublished\":\"2025-11-24T15:22:38+00:00\",\"dateModified\":\"2026-02-10T10:00:52+00:00\",\"description\":\"PIUMA KIT BASE juodas Soft rinkinys su \u0161epet\u0117liu ir kalendoriniu pagrindu. Vegani\u0161kas, pagaminta Italijoje.\",\"breadcrumb\":{\"@id\":\"https:\\\/\\\/www.malinashop.lt\\\/en\\\/shop\\\/piuma-kit-base-rinkinys-juodas-soft\\\/#breadcrumb\"},\"inLanguage\":\"lt-LT\",\"potentialAction\":[{\"@type\":\"ReadAction\",\"target\":[\"https:\\\/\\\/www.malinashop.lt\\\/en\\\/shop\\\/piuma-kit-base-rinkinys-juodas-soft\\\/\"]}]},{\"@type\":\"ImageObject\",\"inLanguage\":\"lt-LT\",\"@id\":\"https:\\\/\\\/www.malinashop.lt\\\/en\\\/shop\\\/piuma-kit-base-rinkinys-juodas-soft\\\/#primaryimage\",\"url\":\"https:\\\/\\\/www.malinashop.lt\\\/wp-content\\\/uploads\\\/2025\\\/11\\\/dantu_sepetelis_tvari_dovana_verslo_dovanos_ondontologija_dantys_sveikata_higiena_gurmena.lt-600x800-1.png\",\"contentUrl\":\"https:\\\/\\\/www.malinashop.lt\\\/wp-content\\\/uploads\\\/2025\\\/11\\\/dantu_sepetelis_tvari_dovana_verslo_dovanos_ondontologija_dantys_sveikata_higiena_gurmena.lt-600x800-1.png\",\"width\":600,\"height\":800},{\"@type\":\"BreadcrumbList\",\"@id\":\"https:\\\/\\\/www.malinashop.lt\\\/en\\\/shop\\\/piuma-kit-base-rinkinys-juodas-soft\\\/#breadcrumb\",\"itemListElement\":[{\"@type\":\"ListItem\",\"position\":1,\"name\":\"Pagrindinis\",\"item\":\"https:\\\/\\\/www.malinashop.lt\\\/\"},{\"@type\":\"ListItem\",\"position\":2,\"name\":\"Parduotuv\u0117\",\"item\":\"https:\\\/\\\/www.malinashop.lt\\\/en\\\/parduotuve\\\/\"},{\"@type\":\"ListItem\",\"position\":3,\"name\":\"PIUMA KIT BASE rinkinys juodas Soft\"}]},{\"@type\":\"WebSite\",\"@id\":\"https:\\\/\\\/www.malinashop.lt\\\/#website\",\"url\":\"https:\\\/\\\/www.malinashop.lt\\\/\",\"name\":\"COM Group Ecommerce\",\"description\":\"MalinaShop.lt - Gro\u017eio ir sveikatos produktai i\u0161 patikim\u0173 preki\u0173 \u017eenkl\u0173. Atraskite auk\u0161tos kokyb\u0117s kosmetik\u0105 u\u017e puiki\u0105 kain\u0105.\",\"publisher\":{\"@id\":\"https:\\\/\\\/www.malinashop.lt\\\/#organization\"},\"potentialAction\":[{\"@type\":\"SearchAction\",\"target\":{\"@type\":\"EntryPoint\",\"urlTemplate\":\"https:\\\/\\\/www.malinashop.lt\\\/?s={search_term_string}\"},\"query-input\":{\"@type\":\"PropertyValueSpecification\",\"valueRequired\":true,\"valueName\":\"search_term_string\"}}],\"inLanguage\":\"lt-LT\"},{\"@type\":\"Organization\",\"@id\":\"https:\\\/\\\/www.malinashop.lt\\\/#organization\",\"name\":\"COM Group Ecommerce\",\"url\":\"https:\\\/\\\/www.malinashop.lt\\\/\",\"logo\":{\"@type\":\"ImageObject\",\"inLanguage\":\"lt-LT\",\"@id\":\"https:\\\/\\\/www.malinashop.lt\\\/#\\\/schema\\\/logo\\\/image\\\/\",\"url\":\"https:\\\/\\\/www.malinashop.lt\\\/wp-content\\\/uploads\\\/2024\\\/08\\\/462559670_3787732518133670_9795632669273463_n-e1731525914575.png\",\"contentUrl\":\"https:\\\/\\\/www.malinashop.lt\\\/wp-content\\\/uploads\\\/2024\\\/08\\\/462559670_3787732518133670_9795632669273463_n-e1731525914575.png\",\"width\":180,\"height\":60,\"caption\":\"COM Group Ecommerce\"},\"image\":{\"@id\":\"https:\\\/\\\/www.malinashop.lt\\\/#\\\/schema\\\/logo\\\/image\\\/\"}}]}<\/script>\n<!-- \/ Yoast SEO plugin. -->","yoast_head_json":{"title":"PIUMA KIT BASE rinkinys juodas Soft - MalinaShop.lt J\u016bs\u0173 sveikatai ir gro\u017eiui.","description":"PIUMA KIT BASE juodas Soft rinkinys su \u0161epet\u0117liu ir kalendoriniu pagrindu. Vegani\u0161kas, pagaminta Italijoje.","robots":{"index":"index","follow":"follow","max-snippet":"max-snippet:-1","max-image-preview":"max-image-preview:large","max-video-preview":"max-video-preview:-1"},"canonical":"https:\/\/www.malinashop.lt\/lt_lt\/shop\/piuma-kit-base-rinkinys-juodas-soft\/","og_locale":"lt_LT","og_type":"article","og_title":"PIUMA KIT BASE rinkinys juodas Soft - MalinaShop.lt J\u016bs\u0173 sveikatai ir gro\u017eiui.","og_description":"PIUMA KIT BASE juodas Soft rinkinys su \u0161epet\u0117liu ir kalendoriniu pagrindu. Vegani\u0161kas, pagaminta Italijoje.","og_url":"https:\/\/www.malinashop.lt\/lt_lt\/shop\/piuma-kit-base-rinkinys-juodas-soft\/","og_site_name":"MalinaShop.lt J\u016bs\u0173 sveikatai ir gro\u017eiui.","article_modified_time":"2026-02-10T10:00:52+00:00","og_image":[{"width":600,"height":800,"url":"https:\/\/www.malinashop.lt\/wp-content\/uploads\/2025\/11\/dantu_sepetelis_tvari_dovana_verslo_dovanos_ondontologija_dantys_sveikata_higiena_gurmena.lt-600x800-1.png","type":"image\/png"}],"twitter_card":"summary_large_image","schema":{"@context":"https:\/\/schema.org","@graph":[{"@type":"WebPage","@id":"https:\/\/www.malinashop.lt\/en\/shop\/piuma-kit-base-rinkinys-juodas-soft\/","url":"https:\/\/www.malinashop.lt\/en\/shop\/piuma-kit-base-rinkinys-juodas-soft\/","name":"PIUMA KIT BASE rinkinys juodas Soft - MalinaShop.lt J\u016bs\u0173 sveikatai ir gro\u017eiui.","isPartOf":{"@id":"https:\/\/www.malinashop.lt\/#website"},"primaryImageOfPage":{"@id":"https:\/\/www.malinashop.lt\/en\/shop\/piuma-kit-base-rinkinys-juodas-soft\/#primaryimage"},"image":{"@id":"https:\/\/www.malinashop.lt\/en\/shop\/piuma-kit-base-rinkinys-juodas-soft\/#primaryimage"},"thumbnailUrl":"https:\/\/www.malinashop.lt\/wp-content\/uploads\/2025\/11\/dantu_sepetelis_tvari_dovana_verslo_dovanos_ondontologija_dantys_sveikata_higiena_gurmena.lt-600x800-1.png","datePublished":"2025-11-24T15:22:38+00:00","dateModified":"2026-02-10T10:00:52+00:00","description":"PIUMA KIT BASE juodas Soft rinkinys su \u0161epet\u0117liu ir kalendoriniu pagrindu. Vegani\u0161kas, pagaminta Italijoje.","breadcrumb":{"@id":"https:\/\/www.malinashop.lt\/en\/shop\/piuma-kit-base-rinkinys-juodas-soft\/#breadcrumb"},"inLanguage":"lt-LT","potentialAction":[{"@type":"ReadAction","target":["https:\/\/www.malinashop.lt\/en\/shop\/piuma-kit-base-rinkinys-juodas-soft\/"]}]},{"@type":"ImageObject","inLanguage":"lt-LT","@id":"https:\/\/www.malinashop.lt\/en\/shop\/piuma-kit-base-rinkinys-juodas-soft\/#primaryimage","url":"https:\/\/www.malinashop.lt\/wp-content\/uploads\/2025\/11\/dantu_sepetelis_tvari_dovana_verslo_dovanos_ondontologija_dantys_sveikata_higiena_gurmena.lt-600x800-1.png","contentUrl":"https:\/\/www.malinashop.lt\/wp-content\/uploads\/2025\/11\/dantu_sepetelis_tvari_dovana_verslo_dovanos_ondontologija_dantys_sveikata_higiena_gurmena.lt-600x800-1.png","width":600,"height":800},{"@type":"BreadcrumbList","@id":"https:\/\/www.malinashop.lt\/en\/shop\/piuma-kit-base-rinkinys-juodas-soft\/#breadcrumb","itemListElement":[{"@type":"ListItem","position":1,"name":"Pagrindinis","item":"https:\/\/www.malinashop.lt\/"},{"@type":"ListItem","position":2,"name":"Parduotuv\u0117","item":"https:\/\/www.malinashop.lt\/en\/parduotuve\/"},{"@type":"ListItem","position":3,"name":"PIUMA KIT BASE rinkinys juodas Soft"}]},{"@type":"WebSite","@id":"https:\/\/www.malinashop.lt\/#website","url":"https:\/\/www.malinashop.lt\/","name":"COM Group Ecommerce","description":"MalinaShop.lt - Gro\u017eio ir sveikatos produktai i\u0161 patikim\u0173 preki\u0173 \u017eenkl\u0173. Atraskite auk\u0161tos kokyb\u0117s kosmetik\u0105 u\u017e puiki\u0105 kain\u0105.","publisher":{"@id":"https:\/\/www.malinashop.lt\/#organization"},"potentialAction":[{"@type":"SearchAction","target":{"@type":"EntryPoint","urlTemplate":"https:\/\/www.malinashop.lt\/?s={search_term_string}"},"query-input":{"@type":"PropertyValueSpecification","valueRequired":true,"valueName":"search_term_string"}}],"inLanguage":"lt-LT"},{"@type":"Organization","@id":"https:\/\/www.malinashop.lt\/#organization","name":"COM Group Ecommerce","url":"https:\/\/www.malinashop.lt\/","logo":{"@type":"ImageObject","inLanguage":"lt-LT","@id":"https:\/\/www.malinashop.lt\/#\/schema\/logo\/image\/","url":"https:\/\/www.malinashop.lt\/wp-content\/uploads\/2024\/08\/462559670_3787732518133670_9795632669273463_n-e1731525914575.png","contentUrl":"https:\/\/www.malinashop.lt\/wp-content\/uploads\/2024\/08\/462559670_3787732518133670_9795632669273463_n-e1731525914575.png","width":180,"height":60,"caption":"COM Group Ecommerce"},"image":{"@id":"https:\/\/www.malinashop.lt\/#\/schema\/logo\/image\/"}}]}},"jetpack_sharing_enabled":true,"_links":{"self":[{"href":"https:\/\/www.malinashop.lt\/lt_lt\/wp-json\/wp\/v2\/product\/63880","targetHints":{"allow":["GET"]}}],"collection":[{"href":"https:\/\/www.malinashop.lt\/lt_lt\/wp-json\/wp\/v2\/product"}],"about":[{"href":"https:\/\/www.malinashop.lt\/lt_lt\/wp-json\/wp\/v2\/types\/product"}],"version-history":[{"count":2,"href":"https:\/\/www.malinashop.lt\/lt_lt\/wp-json\/wp\/v2\/product\/63880\/revisions"}],"predecessor-version":[{"id":73367,"href":"https:\/\/www.malinashop.lt\/lt_lt\/wp-json\/wp\/v2\/product\/63880\/revisions\/73367"}],"wp:featuredmedia":[{"embeddable":true,"href":"https:\/\/www.malinashop.lt\/lt_lt\/wp-json\/wp\/v2\/media\/63874"}],"wp:attachment":[{"href":"https:\/\/www.malinashop.lt\/lt_lt\/wp-json\/wp\/v2\/media?parent=63880"}],"wp:term":[{"taxonomy":"product_brand","embeddable":true,"href":"https:\/\/www.malinashop.lt\/lt_lt\/wp-json\/wp\/v2\/product_brand?post=63880"},{"taxonomy":"product_cat","embeddable":true,"href":"https:\/\/www.malinashop.lt\/lt_lt\/wp-json\/wp\/v2\/product_cat?post=63880"},{"taxonomy":"product_tag","embeddable":true,"href":"https:\/\/www.malinashop.lt\/lt_lt\/wp-json\/wp\/v2\/product_tag?post=63880"}],"curies":[{"name":"wp","href":"https:\/\/api.w.org\/{rel}","templated":true}]}}