{"id":63870,"date":"2025-11-24T18:22:09","date_gmt":"2025-11-24T15:22:09","guid":{"rendered":"https:\/\/malinashop.lt\/?post_type=product&#038;p=63870"},"modified":"2026-02-22T23:11:11","modified_gmt":"2026-02-22T20:11:11","slug":"piuma-kit-base-rinkinys-baltas-soft","status":"publish","type":"product","link":"https:\/\/www.malinashop.lt\/lt_lt\/shop\/piuma-kit-base-rinkinys-baltas-soft\/","title":{"rendered":"PIUMA KIT BASE rinkinys baltas Soft"},"content":{"rendered":"<p data-start=\"565\" data-end=\"853\">PIUMA KIT BASE (baltas, Soft) \u2013 tai prakti\u0161kas burnos higienos dovan\u0173 rinkinys, sukurtas patogiam kasdieniam naudojimui. Rinkinyje rasite PIUMA\u00ae dant\u0173 \u0161epet\u0117l\u012f su mink\u0161tais (Soft) \u0161ereliais bei special\u0173 kalendorin\u012f pagrind\u0105, kuris padeda \u0161epet\u0117l\u012f laikyti higieni\u0161kai ant \u012fvairi\u0173 pavir\u0161i\u0173.<\/p>\n<p data-start=\"855\" data-end=\"1114\">Soft tipo \u0161ereliai itin \u0161veln\u016bs, tod\u0117l \u0161is variantas puikiai tinka jautresn\u0117ms dantenoms ir tiems, kurie vertina komfort\u0105 valantis dantis. \u0160epet\u0117lis turi inovatyv\u0173 dizain\u0105 ir lanks\u010di\u0105 ranken\u0105, kuri padeda patogiai valdyti spaudim\u0105 ir u\u017etikrinti tolyg\u0173 valym\u0105.<\/p>\n<p data-start=\"1116\" data-end=\"1402\">Auk\u0161\u010diausios kokyb\u0117s <strong data-start=\"1137\" data-end=\"1171\">Tynex\u00ae mikro \u0161ereliai (0,1 mm)<\/strong> sukurti siekiant maksimalios \u0161varos ir ma\u017eesn\u0117s danten\u0173 dirginimo rizikos. \u0160epet\u0117li\u0173 gamyboje naudojamos \u017ealiavos yra <strong data-start=\"1290\" data-end=\"1308\">antibakterin\u0117s<\/strong> ir sertifikuotos <strong data-start=\"1326\" data-end=\"1333\">FDA<\/strong>, tod\u0117l PIUMA yra patikimas pasirinkimas kasdienei burnos prie\u017ei\u016brai.<\/p>\n<p data-start=\"1404\" data-end=\"1544\">Integruotas <strong data-start=\"1416\" data-end=\"1437\">lie\u017euvio valiklis<\/strong> suteikia papildom\u0105 funkcionalum\u0105 \u2013 padeda kruop\u0161\u010diai i\u0161valyti lie\u017euv\u012f ir palaikyti gaivesn\u012f burnos poj\u016bt\u012f.<\/p>\n<p data-start=\"1546\" data-end=\"1811\">Kalendorinis pagrindas leid\u017eia \u0161epet\u0117l\u012f patogiai pad\u0117ti ant bet kokio pavir\u0161iaus, o patentuotas dizainas apsaugo nuo vandens kaupimosi. Pagrinde \u012fmontuotas kalendorius primena, kada laikas keisti dant\u0173 \u0161epet\u0117l\u012f, tod\u0117l burnos higien\u0105 pri\u017ei\u016br\u0117ti tampa dar papras\u010diau.<\/p>\n<p data-start=\"1813\" data-end=\"1870\">Pastaba: visada pridedamas <strong data-start=\"1840\" data-end=\"1869\">dant\u0173 \u0161epet\u0117lio dangtelis<\/strong>.<\/p>\n<ul data-start=\"1872\" data-end=\"1964\">\n<li data-start=\"1872\" data-end=\"1891\">\n<p data-start=\"1874\" data-end=\"1891\">100 % vegani\u0161ka<\/p>\n<\/li>\n<li data-start=\"1892\" data-end=\"1915\">\n<p data-start=\"1894\" data-end=\"1915\">Pagaminta Italijoje<\/p>\n<\/li>\n<li data-start=\"1916\" data-end=\"1964\">\n<p data-start=\"1918\" data-end=\"1964\">Draugi\u0161kas gyv\u016bnams produktas (Cruelty free)<\/p>\n<\/li>\n<\/ul>\n<p data-start=\"1966\" data-end=\"1996\"><strong data-start=\"1966\" data-end=\"1996\">Gamintojas: PIUMA, Italija<\/strong><\/p>\n","protected":false},"excerpt":{"rendered":"<p>PIUMA KIT BASE baltas Soft \u2013 dovan\u0173 rinkinys su mink\u0161t\u0173 \u0161ereli\u0173 dant\u0173 \u0161epet\u0117liu ir kalendoriniu pagrindu. Tynex\u00ae mikro \u0161ereliai \u0161velniai valo, lanksti rankena suteikia komfort\u0105, o lie\u017euvio valiklis padeda palaikyti gaiv\u0105. Vegani\u0161kas, pagaminta Italijoje.<\/p>\n","protected":false},"featured_media":63864,"template":"","meta":[],"product_brand":[1533],"product_cat":[1569],"product_tag":[1615],"class_list":{"0":"post-63870","1":"product","2":"type-product","3":"status-publish","4":"has-post-thumbnail","6":"product_brand-piuma","7":"product_cat-burnos-higiena","8":"product_tag-piuma","10":"first","11":"outofstock","12":"purchasable","13":"product-type-simple"},"yoast_head":"<!-- This site is optimized with the Yoast SEO plugin v27.4 - https:\/\/yoast.com\/product\/yoast-seo-wordpress\/ -->\n<title>PIUMA KIT BASE rinkinys baltas Soft - MalinaShop.lt J\u016bs\u0173 sveikatai ir gro\u017eiui.<\/title>\n<meta name=\"description\" content=\"PIUMA KIT BASE baltas Soft rinkinys su \u0161epet\u0117liu ir kalendoriniu pagrindu. Vegani\u0161kas, pagaminta Italijoje.\" \/>\n<meta name=\"robots\" content=\"index, follow, max-snippet:-1, max-image-preview:large, max-video-preview:-1\" \/>\n<link rel=\"canonical\" href=\"https:\/\/www.malinashop.lt\/lt_lt\/shop\/piuma-kit-base-rinkinys-baltas-soft\/\" \/>\n<meta property=\"og:locale\" content=\"lt_LT\" \/>\n<meta property=\"og:type\" content=\"article\" \/>\n<meta property=\"og:title\" content=\"PIUMA KIT BASE rinkinys baltas Soft - MalinaShop.lt J\u016bs\u0173 sveikatai ir gro\u017eiui.\" \/>\n<meta property=\"og:description\" content=\"PIUMA KIT BASE baltas Soft rinkinys su \u0161epet\u0117liu ir kalendoriniu pagrindu. Vegani\u0161kas, pagaminta Italijoje.\" \/>\n<meta property=\"og:url\" content=\"https:\/\/www.malinashop.lt\/lt_lt\/shop\/piuma-kit-base-rinkinys-baltas-soft\/\" \/>\n<meta property=\"og:site_name\" content=\"MalinaShop.lt J\u016bs\u0173 sveikatai ir gro\u017eiui.\" \/>\n<meta property=\"article:modified_time\" content=\"2026-02-22T20:11:11+00:00\" \/>\n<meta property=\"og:image\" content=\"https:\/\/www.malinashop.lt\/wp-content\/uploads\/2025\/11\/datu_sepetelis_vari_verslo_dovana_higiena_odontologija_gurmena.lt-600x800-1.png\" \/>\n\t<meta property=\"og:image:width\" content=\"600\" \/>\n\t<meta property=\"og:image:height\" content=\"800\" \/>\n\t<meta property=\"og:image:type\" content=\"image\/png\" \/>\n<meta name=\"twitter:card\" content=\"summary_large_image\" \/>\n<script type=\"application\/ld+json\" class=\"yoast-schema-graph\">{\"@context\":\"https:\\\/\\\/schema.org\",\"@graph\":[{\"@type\":\"WebPage\",\"@id\":\"https:\\\/\\\/www.malinashop.lt\\\/lt_lt\\\/shop\\\/piuma-kit-base-rinkinys-baltas-soft\\\/\",\"url\":\"https:\\\/\\\/www.malinashop.lt\\\/lt_lt\\\/shop\\\/piuma-kit-base-rinkinys-baltas-soft\\\/\",\"name\":\"PIUMA KIT BASE rinkinys baltas Soft - MalinaShop.lt J\u016bs\u0173 sveikatai ir gro\u017eiui.\",\"isPartOf\":{\"@id\":\"https:\\\/\\\/www.malinashop.lt\\\/#website\"},\"primaryImageOfPage\":{\"@id\":\"https:\\\/\\\/www.malinashop.lt\\\/lt_lt\\\/shop\\\/piuma-kit-base-rinkinys-baltas-soft\\\/#primaryimage\"},\"image\":{\"@id\":\"https:\\\/\\\/www.malinashop.lt\\\/lt_lt\\\/shop\\\/piuma-kit-base-rinkinys-baltas-soft\\\/#primaryimage\"},\"thumbnailUrl\":\"https:\\\/\\\/www.malinashop.lt\\\/wp-content\\\/uploads\\\/2025\\\/11\\\/datu_sepetelis_vari_verslo_dovana_higiena_odontologija_gurmena.lt-600x800-1.png\",\"datePublished\":\"2025-11-24T15:22:09+00:00\",\"dateModified\":\"2026-02-22T20:11:11+00:00\",\"description\":\"PIUMA KIT BASE baltas Soft rinkinys su \u0161epet\u0117liu ir kalendoriniu pagrindu. Vegani\u0161kas, pagaminta Italijoje.\",\"breadcrumb\":{\"@id\":\"https:\\\/\\\/www.malinashop.lt\\\/lt_lt\\\/shop\\\/piuma-kit-base-rinkinys-baltas-soft\\\/#breadcrumb\"},\"inLanguage\":\"lt-LT\",\"potentialAction\":[{\"@type\":\"ReadAction\",\"target\":[\"https:\\\/\\\/www.malinashop.lt\\\/lt_lt\\\/shop\\\/piuma-kit-base-rinkinys-baltas-soft\\\/\"]}]},{\"@type\":\"ImageObject\",\"inLanguage\":\"lt-LT\",\"@id\":\"https:\\\/\\\/www.malinashop.lt\\\/lt_lt\\\/shop\\\/piuma-kit-base-rinkinys-baltas-soft\\\/#primaryimage\",\"url\":\"https:\\\/\\\/www.malinashop.lt\\\/wp-content\\\/uploads\\\/2025\\\/11\\\/datu_sepetelis_vari_verslo_dovana_higiena_odontologija_gurmena.lt-600x800-1.png\",\"contentUrl\":\"https:\\\/\\\/www.malinashop.lt\\\/wp-content\\\/uploads\\\/2025\\\/11\\\/datu_sepetelis_vari_verslo_dovana_higiena_odontologija_gurmena.lt-600x800-1.png\",\"width\":600,\"height\":800},{\"@type\":\"BreadcrumbList\",\"@id\":\"https:\\\/\\\/www.malinashop.lt\\\/lt_lt\\\/shop\\\/piuma-kit-base-rinkinys-baltas-soft\\\/#breadcrumb\",\"itemListElement\":[{\"@type\":\"ListItem\",\"position\":1,\"name\":\"Pagrindinis\",\"item\":\"https:\\\/\\\/www.malinashop.lt\\\/\"},{\"@type\":\"ListItem\",\"position\":2,\"name\":\"Parduotuv\u0117\",\"item\":\"https:\\\/\\\/www.malinashop.lt\\\/en\\\/parduotuve\\\/\"},{\"@type\":\"ListItem\",\"position\":3,\"name\":\"PIUMA KIT BASE rinkinys baltas Soft\"}]},{\"@type\":\"WebSite\",\"@id\":\"https:\\\/\\\/www.malinashop.lt\\\/#website\",\"url\":\"https:\\\/\\\/www.malinashop.lt\\\/\",\"name\":\"COM Group Ecommerce\",\"description\":\"MalinaShop.lt - Gro\u017eio ir sveikatos produktai i\u0161 patikim\u0173 preki\u0173 \u017eenkl\u0173. Atraskite auk\u0161tos kokyb\u0117s kosmetik\u0105 u\u017e puiki\u0105 kain\u0105.\",\"publisher\":{\"@id\":\"https:\\\/\\\/www.malinashop.lt\\\/#organization\"},\"potentialAction\":[{\"@type\":\"SearchAction\",\"target\":{\"@type\":\"EntryPoint\",\"urlTemplate\":\"https:\\\/\\\/www.malinashop.lt\\\/?s={search_term_string}\"},\"query-input\":{\"@type\":\"PropertyValueSpecification\",\"valueRequired\":true,\"valueName\":\"search_term_string\"}}],\"inLanguage\":\"lt-LT\"},{\"@type\":\"Organization\",\"@id\":\"https:\\\/\\\/www.malinashop.lt\\\/#organization\",\"name\":\"COM Group Ecommerce\",\"url\":\"https:\\\/\\\/www.malinashop.lt\\\/\",\"logo\":{\"@type\":\"ImageObject\",\"inLanguage\":\"lt-LT\",\"@id\":\"https:\\\/\\\/www.malinashop.lt\\\/#\\\/schema\\\/logo\\\/image\\\/\",\"url\":\"https:\\\/\\\/www.malinashop.lt\\\/wp-content\\\/uploads\\\/2024\\\/08\\\/462559670_3787732518133670_9795632669273463_n-e1731525914575.png\",\"contentUrl\":\"https:\\\/\\\/www.malinashop.lt\\\/wp-content\\\/uploads\\\/2024\\\/08\\\/462559670_3787732518133670_9795632669273463_n-e1731525914575.png\",\"width\":180,\"height\":60,\"caption\":\"COM Group Ecommerce\"},\"image\":{\"@id\":\"https:\\\/\\\/www.malinashop.lt\\\/#\\\/schema\\\/logo\\\/image\\\/\"}}]}<\/script>\n<!-- \/ Yoast SEO plugin. -->","yoast_head_json":{"title":"PIUMA KIT BASE rinkinys baltas Soft - MalinaShop.lt J\u016bs\u0173 sveikatai ir gro\u017eiui.","description":"PIUMA KIT BASE baltas Soft rinkinys su \u0161epet\u0117liu ir kalendoriniu pagrindu. Vegani\u0161kas, pagaminta Italijoje.","robots":{"index":"index","follow":"follow","max-snippet":"max-snippet:-1","max-image-preview":"max-image-preview:large","max-video-preview":"max-video-preview:-1"},"canonical":"https:\/\/www.malinashop.lt\/lt_lt\/shop\/piuma-kit-base-rinkinys-baltas-soft\/","og_locale":"lt_LT","og_type":"article","og_title":"PIUMA KIT BASE rinkinys baltas Soft - MalinaShop.lt J\u016bs\u0173 sveikatai ir gro\u017eiui.","og_description":"PIUMA KIT BASE baltas Soft rinkinys su \u0161epet\u0117liu ir kalendoriniu pagrindu. Vegani\u0161kas, pagaminta Italijoje.","og_url":"https:\/\/www.malinashop.lt\/lt_lt\/shop\/piuma-kit-base-rinkinys-baltas-soft\/","og_site_name":"MalinaShop.lt J\u016bs\u0173 sveikatai ir gro\u017eiui.","article_modified_time":"2026-02-22T20:11:11+00:00","og_image":[{"width":600,"height":800,"url":"https:\/\/www.malinashop.lt\/wp-content\/uploads\/2025\/11\/datu_sepetelis_vari_verslo_dovana_higiena_odontologija_gurmena.lt-600x800-1.png","type":"image\/png"}],"twitter_card":"summary_large_image","schema":{"@context":"https:\/\/schema.org","@graph":[{"@type":"WebPage","@id":"https:\/\/www.malinashop.lt\/lt_lt\/shop\/piuma-kit-base-rinkinys-baltas-soft\/","url":"https:\/\/www.malinashop.lt\/lt_lt\/shop\/piuma-kit-base-rinkinys-baltas-soft\/","name":"PIUMA KIT BASE rinkinys baltas Soft - MalinaShop.lt J\u016bs\u0173 sveikatai ir gro\u017eiui.","isPartOf":{"@id":"https:\/\/www.malinashop.lt\/#website"},"primaryImageOfPage":{"@id":"https:\/\/www.malinashop.lt\/lt_lt\/shop\/piuma-kit-base-rinkinys-baltas-soft\/#primaryimage"},"image":{"@id":"https:\/\/www.malinashop.lt\/lt_lt\/shop\/piuma-kit-base-rinkinys-baltas-soft\/#primaryimage"},"thumbnailUrl":"https:\/\/www.malinashop.lt\/wp-content\/uploads\/2025\/11\/datu_sepetelis_vari_verslo_dovana_higiena_odontologija_gurmena.lt-600x800-1.png","datePublished":"2025-11-24T15:22:09+00:00","dateModified":"2026-02-22T20:11:11+00:00","description":"PIUMA KIT BASE baltas Soft rinkinys su \u0161epet\u0117liu ir kalendoriniu pagrindu. Vegani\u0161kas, pagaminta Italijoje.","breadcrumb":{"@id":"https:\/\/www.malinashop.lt\/lt_lt\/shop\/piuma-kit-base-rinkinys-baltas-soft\/#breadcrumb"},"inLanguage":"lt-LT","potentialAction":[{"@type":"ReadAction","target":["https:\/\/www.malinashop.lt\/lt_lt\/shop\/piuma-kit-base-rinkinys-baltas-soft\/"]}]},{"@type":"ImageObject","inLanguage":"lt-LT","@id":"https:\/\/www.malinashop.lt\/lt_lt\/shop\/piuma-kit-base-rinkinys-baltas-soft\/#primaryimage","url":"https:\/\/www.malinashop.lt\/wp-content\/uploads\/2025\/11\/datu_sepetelis_vari_verslo_dovana_higiena_odontologija_gurmena.lt-600x800-1.png","contentUrl":"https:\/\/www.malinashop.lt\/wp-content\/uploads\/2025\/11\/datu_sepetelis_vari_verslo_dovana_higiena_odontologija_gurmena.lt-600x800-1.png","width":600,"height":800},{"@type":"BreadcrumbList","@id":"https:\/\/www.malinashop.lt\/lt_lt\/shop\/piuma-kit-base-rinkinys-baltas-soft\/#breadcrumb","itemListElement":[{"@type":"ListItem","position":1,"name":"Pagrindinis","item":"https:\/\/www.malinashop.lt\/"},{"@type":"ListItem","position":2,"name":"Parduotuv\u0117","item":"https:\/\/www.malinashop.lt\/en\/parduotuve\/"},{"@type":"ListItem","position":3,"name":"PIUMA KIT BASE rinkinys baltas Soft"}]},{"@type":"WebSite","@id":"https:\/\/www.malinashop.lt\/#website","url":"https:\/\/www.malinashop.lt\/","name":"COM Group Ecommerce","description":"MalinaShop.lt - Gro\u017eio ir sveikatos produktai i\u0161 patikim\u0173 preki\u0173 \u017eenkl\u0173. Atraskite auk\u0161tos kokyb\u0117s kosmetik\u0105 u\u017e puiki\u0105 kain\u0105.","publisher":{"@id":"https:\/\/www.malinashop.lt\/#organization"},"potentialAction":[{"@type":"SearchAction","target":{"@type":"EntryPoint","urlTemplate":"https:\/\/www.malinashop.lt\/?s={search_term_string}"},"query-input":{"@type":"PropertyValueSpecification","valueRequired":true,"valueName":"search_term_string"}}],"inLanguage":"lt-LT"},{"@type":"Organization","@id":"https:\/\/www.malinashop.lt\/#organization","name":"COM Group Ecommerce","url":"https:\/\/www.malinashop.lt\/","logo":{"@type":"ImageObject","inLanguage":"lt-LT","@id":"https:\/\/www.malinashop.lt\/#\/schema\/logo\/image\/","url":"https:\/\/www.malinashop.lt\/wp-content\/uploads\/2024\/08\/462559670_3787732518133670_9795632669273463_n-e1731525914575.png","contentUrl":"https:\/\/www.malinashop.lt\/wp-content\/uploads\/2024\/08\/462559670_3787732518133670_9795632669273463_n-e1731525914575.png","width":180,"height":60,"caption":"COM Group Ecommerce"},"image":{"@id":"https:\/\/www.malinashop.lt\/#\/schema\/logo\/image\/"}}]}},"jetpack_sharing_enabled":true,"_links":{"self":[{"href":"https:\/\/www.malinashop.lt\/lt_lt\/wp-json\/wp\/v2\/product\/63870","targetHints":{"allow":["GET"]}}],"collection":[{"href":"https:\/\/www.malinashop.lt\/lt_lt\/wp-json\/wp\/v2\/product"}],"about":[{"href":"https:\/\/www.malinashop.lt\/lt_lt\/wp-json\/wp\/v2\/types\/product"}],"version-history":[{"count":2,"href":"https:\/\/www.malinashop.lt\/lt_lt\/wp-json\/wp\/v2\/product\/63870\/revisions"}],"predecessor-version":[{"id":73371,"href":"https:\/\/www.malinashop.lt\/lt_lt\/wp-json\/wp\/v2\/product\/63870\/revisions\/73371"}],"wp:featuredmedia":[{"embeddable":true,"href":"https:\/\/www.malinashop.lt\/lt_lt\/wp-json\/wp\/v2\/media\/63864"}],"wp:attachment":[{"href":"https:\/\/www.malinashop.lt\/lt_lt\/wp-json\/wp\/v2\/media?parent=63870"}],"wp:term":[{"taxonomy":"product_brand","embeddable":true,"href":"https:\/\/www.malinashop.lt\/lt_lt\/wp-json\/wp\/v2\/product_brand?post=63870"},{"taxonomy":"product_cat","embeddable":true,"href":"https:\/\/www.malinashop.lt\/lt_lt\/wp-json\/wp\/v2\/product_cat?post=63870"},{"taxonomy":"product_tag","embeddable":true,"href":"https:\/\/www.malinashop.lt\/lt_lt\/wp-json\/wp\/v2\/product_tag?post=63870"}],"curies":[{"name":"wp","href":"https:\/\/api.w.org\/{rel}","templated":true}]}}