{"id":63705,"date":"2025-11-24T18:03:36","date_gmt":"2025-11-24T15:03:36","guid":{"rendered":"https:\/\/malinashop.lt\/?post_type=product&#038;p=63705"},"modified":"2026-02-10T12:48:10","modified_gmt":"2026-02-10T09:48:10","slug":"paese-medium-selfglow-bronzantas","status":"publish","type":"product","link":"https:\/\/www.malinashop.lt\/lt_lt\/shop\/paese-medium-selfglow-bronzantas\/","title":{"rendered":"PAESE MEDIUM SELFGLOW bronzantas"},"content":{"rendered":"<p data-start=\"67\" data-end=\"460\">PAESE <strong data-start=\"73\" data-end=\"103\">Medium Selfglow bronzantas<\/strong> \u2013 tai lengvos tekst\u016bros produktas, suteikiantis odai nat\u016bralaus \u012fdegio spindes\u012f ir lyg\u0173 padengim\u0105. Jo moderni formul\u0117 neakcentuoja odos tekst\u016bros, tod\u0117l puikiai tinka tiek kasdieniam makia\u017eui, tiek ry\u0161kesniam kont\u016bravimui. Naudojant du skirtingo intensyvumo atspalvius galima i\u0161gauti tiek subtil\u0173 \u0161e\u0161\u0117liavim\u0105, tiek ry\u0161kesn\u012f, saul\u0117s nubu\u010diuotos odos efekt\u0105.<\/p>\n<p data-start=\"462\" data-end=\"611\">Bronzantas tolygiai slysta per od\u0105, lengvai sklaidosi ir leid\u017eia kurti norim\u0105 \u012fvaizd\u012f \u2013 nuo \u0161velnaus kont\u016bravimo iki sodresnio vasari\u0161ko \u0161vyt\u0117jimo.<\/p>\n<p data-start=\"613\" data-end=\"868\"><strong data-start=\"613\" data-end=\"630\">Kaip naudoti:<\/strong><br data-start=\"630\" data-end=\"633\" \/>Tepkite mink\u0161tu \u0161epet\u0117liu. Kont\u016brui i\u0161gauti bronzant\u0105 paskirstykite po skruostikauliais, ant nosies tilto, \u0161onuose ir aplink veido kont\u016br\u0105. Nor\u0117dami sukurti nat\u016bralaus \u012fdegio efekt\u0105, tepkite tas veido vietas, kurios \u012fdega grei\u010diausiai.<\/p>\n","protected":false},"excerpt":{"rendered":"<p data-start=\"911\" data-end=\"1091\">PAESE Medium Selfglow \u2013 lengvos tekst\u016bros bronzantas, suteikiantis nat\u016bral\u0173 \u012fdegio spindes\u012f ir lyg\u0173 padengim\u0105. Idealiai tinka kont\u016bravimui ir saul\u0117s nubu\u010diuotos odos efektui kurti.<\/p>\n","protected":false},"featured_media":63707,"template":"","meta":[],"product_brand":[1534],"product_cat":[793,102],"product_tag":[1614],"class_list":{"0":"post-63705","1":"product","2":"type-product","3":"status-publish","4":"has-post-thumbnail","6":"product_brand-paese","7":"product_cat-bronzantai-2","8":"product_cat-dekoratyvine-kosmetika","9":"product_tag-paese","11":"first","12":"instock","13":"purchasable","14":"product-type-simple"},"yoast_head":"<!-- This site is optimized with the Yoast SEO plugin v27.4 - https:\/\/yoast.com\/product\/yoast-seo-wordpress\/ -->\n<title>PAESE MEDIUM SELFGLOW bronzantas - MalinaShop.lt J\u016bs\u0173 sveikatai ir gro\u017eiui.<\/title>\n<meta name=\"description\" content=\"PAESE Medium Selfglow bronzantas \u2013 lengvos tekst\u016bros, nat\u016bralaus \u012fdegio efekt\u0105 kuriantis produktas. Puikiai tinka kont\u016bravimui ir \u0161vytin\u010diam makia\u017eui.\" \/>\n<meta name=\"robots\" content=\"index, follow, max-snippet:-1, max-image-preview:large, max-video-preview:-1\" \/>\n<link rel=\"canonical\" href=\"https:\/\/www.malinashop.lt\/lt_lt\/shop\/paese-medium-selfglow-bronzantas\/\" \/>\n<meta property=\"og:locale\" content=\"lt_LT\" \/>\n<meta property=\"og:type\" content=\"article\" \/>\n<meta property=\"og:title\" content=\"PAESE MEDIUM SELFGLOW bronzantas - MalinaShop.lt J\u016bs\u0173 sveikatai ir gro\u017eiui.\" \/>\n<meta property=\"og:description\" content=\"PAESE Medium Selfglow bronzantas \u2013 lengvos tekst\u016bros, nat\u016bralaus \u012fdegio efekt\u0105 kuriantis produktas. Puikiai tinka kont\u016bravimui ir \u0161vytin\u010diam makia\u017eui.\" \/>\n<meta property=\"og:url\" content=\"https:\/\/www.malinashop.lt\/lt_lt\/shop\/paese-medium-selfglow-bronzantas\/\" \/>\n<meta property=\"og:site_name\" content=\"MalinaShop.lt J\u016bs\u0173 sveikatai ir gro\u017eiui.\" \/>\n<meta property=\"article:modified_time\" content=\"2026-02-10T09:48:10+00:00\" \/>\n<meta property=\"og:image\" content=\"https:\/\/www.malinashop.lt\/wp-content\/uploads\/2025\/11\/Selfglow-Bronzer-Medium-Open-jpg.jpg\" \/>\n\t<meta property=\"og:image:width\" content=\"1080\" \/>\n\t<meta property=\"og:image:height\" content=\"1080\" \/>\n\t<meta property=\"og:image:type\" content=\"image\/jpeg\" \/>\n<meta name=\"twitter:card\" content=\"summary_large_image\" \/>\n<script type=\"application\/ld+json\" class=\"yoast-schema-graph\">{\"@context\":\"https:\\\/\\\/schema.org\",\"@graph\":[{\"@type\":\"WebPage\",\"@id\":\"https:\\\/\\\/www.malinashop.lt\\\/shop\\\/paese-medium-selfglow-bronzantas\\\/\",\"url\":\"https:\\\/\\\/www.malinashop.lt\\\/shop\\\/paese-medium-selfglow-bronzantas\\\/\",\"name\":\"PAESE MEDIUM SELFGLOW bronzantas - MalinaShop.lt J\u016bs\u0173 sveikatai ir gro\u017eiui.\",\"isPartOf\":{\"@id\":\"https:\\\/\\\/www.malinashop.lt\\\/#website\"},\"primaryImageOfPage\":{\"@id\":\"https:\\\/\\\/www.malinashop.lt\\\/shop\\\/paese-medium-selfglow-bronzantas\\\/#primaryimage\"},\"image\":{\"@id\":\"https:\\\/\\\/www.malinashop.lt\\\/shop\\\/paese-medium-selfglow-bronzantas\\\/#primaryimage\"},\"thumbnailUrl\":\"https:\\\/\\\/www.malinashop.lt\\\/wp-content\\\/uploads\\\/2025\\\/11\\\/Selfglow-Bronzer-Medium-Open-jpg.jpg\",\"datePublished\":\"2025-11-24T15:03:36+00:00\",\"dateModified\":\"2026-02-10T09:48:10+00:00\",\"description\":\"PAESE Medium Selfglow bronzantas \u2013 lengvos tekst\u016bros, nat\u016bralaus \u012fdegio efekt\u0105 kuriantis produktas. Puikiai tinka kont\u016bravimui ir \u0161vytin\u010diam makia\u017eui.\",\"breadcrumb\":{\"@id\":\"https:\\\/\\\/www.malinashop.lt\\\/shop\\\/paese-medium-selfglow-bronzantas\\\/#breadcrumb\"},\"inLanguage\":\"lt-LT\",\"potentialAction\":[{\"@type\":\"ReadAction\",\"target\":[\"https:\\\/\\\/www.malinashop.lt\\\/shop\\\/paese-medium-selfglow-bronzantas\\\/\"]}]},{\"@type\":\"ImageObject\",\"inLanguage\":\"lt-LT\",\"@id\":\"https:\\\/\\\/www.malinashop.lt\\\/shop\\\/paese-medium-selfglow-bronzantas\\\/#primaryimage\",\"url\":\"https:\\\/\\\/www.malinashop.lt\\\/wp-content\\\/uploads\\\/2025\\\/11\\\/Selfglow-Bronzer-Medium-Open-jpg.jpg\",\"contentUrl\":\"https:\\\/\\\/www.malinashop.lt\\\/wp-content\\\/uploads\\\/2025\\\/11\\\/Selfglow-Bronzer-Medium-Open-jpg.jpg\",\"width\":1080,\"height\":1080},{\"@type\":\"BreadcrumbList\",\"@id\":\"https:\\\/\\\/www.malinashop.lt\\\/shop\\\/paese-medium-selfglow-bronzantas\\\/#breadcrumb\",\"itemListElement\":[{\"@type\":\"ListItem\",\"position\":1,\"name\":\"Pagrindinis\",\"item\":\"https:\\\/\\\/www.malinashop.lt\\\/\"},{\"@type\":\"ListItem\",\"position\":2,\"name\":\"Parduotuv\u0117\",\"item\":\"https:\\\/\\\/www.malinashop.lt\\\/en\\\/parduotuve\\\/\"},{\"@type\":\"ListItem\",\"position\":3,\"name\":\"PAESE MEDIUM SELFGLOW bronzantas\"}]},{\"@type\":\"WebSite\",\"@id\":\"https:\\\/\\\/www.malinashop.lt\\\/#website\",\"url\":\"https:\\\/\\\/www.malinashop.lt\\\/\",\"name\":\"COM Group Ecommerce\",\"description\":\"MalinaShop.lt - Gro\u017eio ir sveikatos produktai i\u0161 patikim\u0173 preki\u0173 \u017eenkl\u0173. Atraskite auk\u0161tos kokyb\u0117s kosmetik\u0105 u\u017e puiki\u0105 kain\u0105.\",\"publisher\":{\"@id\":\"https:\\\/\\\/www.malinashop.lt\\\/#organization\"},\"potentialAction\":[{\"@type\":\"SearchAction\",\"target\":{\"@type\":\"EntryPoint\",\"urlTemplate\":\"https:\\\/\\\/www.malinashop.lt\\\/?s={search_term_string}\"},\"query-input\":{\"@type\":\"PropertyValueSpecification\",\"valueRequired\":true,\"valueName\":\"search_term_string\"}}],\"inLanguage\":\"lt-LT\"},{\"@type\":\"Organization\",\"@id\":\"https:\\\/\\\/www.malinashop.lt\\\/#organization\",\"name\":\"COM Group Ecommerce\",\"url\":\"https:\\\/\\\/www.malinashop.lt\\\/\",\"logo\":{\"@type\":\"ImageObject\",\"inLanguage\":\"lt-LT\",\"@id\":\"https:\\\/\\\/www.malinashop.lt\\\/#\\\/schema\\\/logo\\\/image\\\/\",\"url\":\"https:\\\/\\\/www.malinashop.lt\\\/wp-content\\\/uploads\\\/2024\\\/08\\\/462559670_3787732518133670_9795632669273463_n-e1731525914575.png\",\"contentUrl\":\"https:\\\/\\\/www.malinashop.lt\\\/wp-content\\\/uploads\\\/2024\\\/08\\\/462559670_3787732518133670_9795632669273463_n-e1731525914575.png\",\"width\":180,\"height\":60,\"caption\":\"COM Group Ecommerce\"},\"image\":{\"@id\":\"https:\\\/\\\/www.malinashop.lt\\\/#\\\/schema\\\/logo\\\/image\\\/\"}}]}<\/script>\n<!-- \/ Yoast SEO plugin. -->","yoast_head_json":{"title":"PAESE MEDIUM SELFGLOW bronzantas - MalinaShop.lt J\u016bs\u0173 sveikatai ir gro\u017eiui.","description":"PAESE Medium Selfglow bronzantas \u2013 lengvos tekst\u016bros, nat\u016bralaus \u012fdegio efekt\u0105 kuriantis produktas. Puikiai tinka kont\u016bravimui ir \u0161vytin\u010diam makia\u017eui.","robots":{"index":"index","follow":"follow","max-snippet":"max-snippet:-1","max-image-preview":"max-image-preview:large","max-video-preview":"max-video-preview:-1"},"canonical":"https:\/\/www.malinashop.lt\/lt_lt\/shop\/paese-medium-selfglow-bronzantas\/","og_locale":"lt_LT","og_type":"article","og_title":"PAESE MEDIUM SELFGLOW bronzantas - MalinaShop.lt J\u016bs\u0173 sveikatai ir gro\u017eiui.","og_description":"PAESE Medium Selfglow bronzantas \u2013 lengvos tekst\u016bros, nat\u016bralaus \u012fdegio efekt\u0105 kuriantis produktas. Puikiai tinka kont\u016bravimui ir \u0161vytin\u010diam makia\u017eui.","og_url":"https:\/\/www.malinashop.lt\/lt_lt\/shop\/paese-medium-selfglow-bronzantas\/","og_site_name":"MalinaShop.lt J\u016bs\u0173 sveikatai ir gro\u017eiui.","article_modified_time":"2026-02-10T09:48:10+00:00","og_image":[{"width":1080,"height":1080,"url":"https:\/\/www.malinashop.lt\/wp-content\/uploads\/2025\/11\/Selfglow-Bronzer-Medium-Open-jpg.jpg","type":"image\/jpeg"}],"twitter_card":"summary_large_image","schema":{"@context":"https:\/\/schema.org","@graph":[{"@type":"WebPage","@id":"https:\/\/www.malinashop.lt\/shop\/paese-medium-selfglow-bronzantas\/","url":"https:\/\/www.malinashop.lt\/shop\/paese-medium-selfglow-bronzantas\/","name":"PAESE MEDIUM SELFGLOW bronzantas - MalinaShop.lt J\u016bs\u0173 sveikatai ir gro\u017eiui.","isPartOf":{"@id":"https:\/\/www.malinashop.lt\/#website"},"primaryImageOfPage":{"@id":"https:\/\/www.malinashop.lt\/shop\/paese-medium-selfglow-bronzantas\/#primaryimage"},"image":{"@id":"https:\/\/www.malinashop.lt\/shop\/paese-medium-selfglow-bronzantas\/#primaryimage"},"thumbnailUrl":"https:\/\/www.malinashop.lt\/wp-content\/uploads\/2025\/11\/Selfglow-Bronzer-Medium-Open-jpg.jpg","datePublished":"2025-11-24T15:03:36+00:00","dateModified":"2026-02-10T09:48:10+00:00","description":"PAESE Medium Selfglow bronzantas \u2013 lengvos tekst\u016bros, nat\u016bralaus \u012fdegio efekt\u0105 kuriantis produktas. Puikiai tinka kont\u016bravimui ir \u0161vytin\u010diam makia\u017eui.","breadcrumb":{"@id":"https:\/\/www.malinashop.lt\/shop\/paese-medium-selfglow-bronzantas\/#breadcrumb"},"inLanguage":"lt-LT","potentialAction":[{"@type":"ReadAction","target":["https:\/\/www.malinashop.lt\/shop\/paese-medium-selfglow-bronzantas\/"]}]},{"@type":"ImageObject","inLanguage":"lt-LT","@id":"https:\/\/www.malinashop.lt\/shop\/paese-medium-selfglow-bronzantas\/#primaryimage","url":"https:\/\/www.malinashop.lt\/wp-content\/uploads\/2025\/11\/Selfglow-Bronzer-Medium-Open-jpg.jpg","contentUrl":"https:\/\/www.malinashop.lt\/wp-content\/uploads\/2025\/11\/Selfglow-Bronzer-Medium-Open-jpg.jpg","width":1080,"height":1080},{"@type":"BreadcrumbList","@id":"https:\/\/www.malinashop.lt\/shop\/paese-medium-selfglow-bronzantas\/#breadcrumb","itemListElement":[{"@type":"ListItem","position":1,"name":"Pagrindinis","item":"https:\/\/www.malinashop.lt\/"},{"@type":"ListItem","position":2,"name":"Parduotuv\u0117","item":"https:\/\/www.malinashop.lt\/en\/parduotuve\/"},{"@type":"ListItem","position":3,"name":"PAESE MEDIUM SELFGLOW bronzantas"}]},{"@type":"WebSite","@id":"https:\/\/www.malinashop.lt\/#website","url":"https:\/\/www.malinashop.lt\/","name":"COM Group Ecommerce","description":"MalinaShop.lt - Gro\u017eio ir sveikatos produktai i\u0161 patikim\u0173 preki\u0173 \u017eenkl\u0173. Atraskite auk\u0161tos kokyb\u0117s kosmetik\u0105 u\u017e puiki\u0105 kain\u0105.","publisher":{"@id":"https:\/\/www.malinashop.lt\/#organization"},"potentialAction":[{"@type":"SearchAction","target":{"@type":"EntryPoint","urlTemplate":"https:\/\/www.malinashop.lt\/?s={search_term_string}"},"query-input":{"@type":"PropertyValueSpecification","valueRequired":true,"valueName":"search_term_string"}}],"inLanguage":"lt-LT"},{"@type":"Organization","@id":"https:\/\/www.malinashop.lt\/#organization","name":"COM Group Ecommerce","url":"https:\/\/www.malinashop.lt\/","logo":{"@type":"ImageObject","inLanguage":"lt-LT","@id":"https:\/\/www.malinashop.lt\/#\/schema\/logo\/image\/","url":"https:\/\/www.malinashop.lt\/wp-content\/uploads\/2024\/08\/462559670_3787732518133670_9795632669273463_n-e1731525914575.png","contentUrl":"https:\/\/www.malinashop.lt\/wp-content\/uploads\/2024\/08\/462559670_3787732518133670_9795632669273463_n-e1731525914575.png","width":180,"height":60,"caption":"COM Group Ecommerce"},"image":{"@id":"https:\/\/www.malinashop.lt\/#\/schema\/logo\/image\/"}}]}},"jetpack_sharing_enabled":true,"_links":{"self":[{"href":"https:\/\/www.malinashop.lt\/lt_lt\/wp-json\/wp\/v2\/product\/63705","targetHints":{"allow":["GET"]}}],"collection":[{"href":"https:\/\/www.malinashop.lt\/lt_lt\/wp-json\/wp\/v2\/product"}],"about":[{"href":"https:\/\/www.malinashop.lt\/lt_lt\/wp-json\/wp\/v2\/types\/product"}],"version-history":[{"count":2,"href":"https:\/\/www.malinashop.lt\/lt_lt\/wp-json\/wp\/v2\/product\/63705\/revisions"}],"predecessor-version":[{"id":72246,"href":"https:\/\/www.malinashop.lt\/lt_lt\/wp-json\/wp\/v2\/product\/63705\/revisions\/72246"}],"wp:featuredmedia":[{"embeddable":true,"href":"https:\/\/www.malinashop.lt\/lt_lt\/wp-json\/wp\/v2\/media\/63707"}],"wp:attachment":[{"href":"https:\/\/www.malinashop.lt\/lt_lt\/wp-json\/wp\/v2\/media?parent=63705"}],"wp:term":[{"taxonomy":"product_brand","embeddable":true,"href":"https:\/\/www.malinashop.lt\/lt_lt\/wp-json\/wp\/v2\/product_brand?post=63705"},{"taxonomy":"product_cat","embeddable":true,"href":"https:\/\/www.malinashop.lt\/lt_lt\/wp-json\/wp\/v2\/product_cat?post=63705"},{"taxonomy":"product_tag","embeddable":true,"href":"https:\/\/www.malinashop.lt\/lt_lt\/wp-json\/wp\/v2\/product_tag?post=63705"}],"curies":[{"name":"wp","href":"https:\/\/api.w.org\/{rel}","templated":true}]}}