{"id":63702,"date":"2025-11-24T18:03:36","date_gmt":"2025-11-24T15:03:36","guid":{"rendered":"https:\/\/malinashop.lt\/?post_type=product&#038;p=63702"},"modified":"2026-02-10T12:48:10","modified_gmt":"2026-02-10T09:48:10","slug":"paese-light-selfglow-bronzantas","status":"publish","type":"product","link":"https:\/\/www.malinashop.lt\/lt_lt\/shop\/paese-light-selfglow-bronzantas\/","title":{"rendered":"PAESE LIGHT SELFGLOW bronzantas"},"content":{"rendered":"<p data-start=\"48\" data-end=\"359\"><strong data-start=\"48\" data-end=\"83\">PAESE Selfglow Light bronzantas<\/strong> \u2013 tai lengvos tekst\u016bros, naujos kartos bronzantas, sukurtas nat\u016braliam spindesiui ir tobulam veido kont\u016bravimui. Jo \u0161velni formul\u0117 lengvai susilieja su oda, neakcentuoja odos tekst\u016bros ar netolygum\u0173, tod\u0117l puikiai tinka tiek kasdieniam makia\u017eui, tiek ry\u0161kesniam \u012fvaizd\u017eiui.<\/p>\n<p data-start=\"361\" data-end=\"619\">Naudodami du atspalvius, galite kurti \u012fvairius efektus: nuo \u0161velnaus veido formos pary\u0161kinimo iki saul\u0117s nubu\u010diuoto \u012fdegio. Bronzantas lengvai dengiasi ir suteikia nat\u016bral\u0173 rezultat\u0105, o universalus naudojimo b\u016bdas leid\u017eia tiksliai modeliuoti veido bruo\u017eus.<\/p>\n<p data-start=\"621\" data-end=\"871\"><strong data-start=\"621\" data-end=\"638\">Kaip naudoti:<\/strong><br data-start=\"638\" data-end=\"641\" \/>Tepkite bronzant\u0105 mink\u0161tu \u0161epet\u0117liu. Kont\u016bravimui tepkite po skruostikauliais, nosies zonoje ir palei plauk\u0173 augimo linij\u0105. Nor\u0117dami sukurti \u012fdegio efekt\u0105, paskirstykite priemon\u0119 tose vietose, kurios nat\u016braliai \u012fdega grei\u010diausiai.<\/p>\n","protected":false},"excerpt":{"rendered":"<p data-start=\"915\" data-end=\"1083\">PAESE Selfglow Light bronzantas suteikia nat\u016bral\u0173 \u0161vytint\u012f efekt\u0105, lengvai maskuoja netolygumus ir leid\u017eia kurti tiek subtil\u0173 kont\u016bravim\u0105, tiek saul\u0117s nubu\u010diuot\u0105 \u012fdeg\u012f.<\/p>\n","protected":false},"featured_media":63704,"template":"","meta":[],"product_brand":[1534],"product_cat":[793,102],"product_tag":[1614],"class_list":{"0":"post-63702","1":"product","2":"type-product","3":"status-publish","4":"has-post-thumbnail","6":"product_brand-paese","7":"product_cat-bronzantai-2","8":"product_cat-dekoratyvine-kosmetika","9":"product_tag-paese","11":"first","12":"instock","13":"purchasable","14":"product-type-simple"},"yoast_head":"<!-- This site is optimized with the Yoast SEO plugin v27.4 - https:\/\/yoast.com\/product\/yoast-seo-wordpress\/ -->\n<title>PAESE LIGHT SELFGLOW bronzantas - MalinaShop.lt J\u016bs\u0173 sveikatai ir gro\u017eiui.<\/title>\n<meta name=\"description\" content=\"PAESE Selfglow Light bronzantas suteikia nat\u016bral\u0173 \u0161vyt\u0117jim\u0105, lengvai dengiasi ir idealiai tinka kont\u016bravimui bei saul\u0117s \u012fdegio efektui sukurti.\" \/>\n<meta name=\"robots\" content=\"index, follow, max-snippet:-1, max-image-preview:large, max-video-preview:-1\" \/>\n<link rel=\"canonical\" href=\"https:\/\/www.malinashop.lt\/lt_lt\/shop\/paese-light-selfglow-bronzantas\/\" \/>\n<meta property=\"og:locale\" content=\"lt_LT\" \/>\n<meta property=\"og:type\" content=\"article\" \/>\n<meta property=\"og:title\" content=\"PAESE LIGHT SELFGLOW bronzantas - MalinaShop.lt J\u016bs\u0173 sveikatai ir gro\u017eiui.\" \/>\n<meta property=\"og:description\" content=\"PAESE Selfglow Light bronzantas suteikia nat\u016bral\u0173 \u0161vyt\u0117jim\u0105, lengvai dengiasi ir idealiai tinka kont\u016bravimui bei saul\u0117s \u012fdegio efektui sukurti.\" \/>\n<meta property=\"og:url\" content=\"https:\/\/www.malinashop.lt\/lt_lt\/shop\/paese-light-selfglow-bronzantas\/\" \/>\n<meta property=\"og:site_name\" content=\"MalinaShop.lt J\u016bs\u0173 sveikatai ir gro\u017eiui.\" \/>\n<meta property=\"article:modified_time\" content=\"2026-02-10T09:48:10+00:00\" \/>\n<meta property=\"og:image\" content=\"https:\/\/www.malinashop.lt\/wp-content\/uploads\/2025\/11\/Selfglow-Bronzer-Light-Open-jpg.jpg\" \/>\n\t<meta property=\"og:image:width\" content=\"1080\" \/>\n\t<meta property=\"og:image:height\" content=\"1080\" \/>\n\t<meta property=\"og:image:type\" content=\"image\/jpeg\" \/>\n<meta name=\"twitter:card\" content=\"summary_large_image\" \/>\n<script type=\"application\/ld+json\" class=\"yoast-schema-graph\">{\"@context\":\"https:\\\/\\\/schema.org\",\"@graph\":[{\"@type\":\"WebPage\",\"@id\":\"https:\\\/\\\/www.malinashop.lt\\\/en\\\/shop\\\/paese-light-selfglow-bronzantas\\\/\",\"url\":\"https:\\\/\\\/www.malinashop.lt\\\/en\\\/shop\\\/paese-light-selfglow-bronzantas\\\/\",\"name\":\"PAESE LIGHT SELFGLOW bronzantas - MalinaShop.lt J\u016bs\u0173 sveikatai ir gro\u017eiui.\",\"isPartOf\":{\"@id\":\"https:\\\/\\\/www.malinashop.lt\\\/#website\"},\"primaryImageOfPage\":{\"@id\":\"https:\\\/\\\/www.malinashop.lt\\\/en\\\/shop\\\/paese-light-selfglow-bronzantas\\\/#primaryimage\"},\"image\":{\"@id\":\"https:\\\/\\\/www.malinashop.lt\\\/en\\\/shop\\\/paese-light-selfglow-bronzantas\\\/#primaryimage\"},\"thumbnailUrl\":\"https:\\\/\\\/www.malinashop.lt\\\/wp-content\\\/uploads\\\/2025\\\/11\\\/Selfglow-Bronzer-Light-Open-jpg.jpg\",\"datePublished\":\"2025-11-24T15:03:36+00:00\",\"dateModified\":\"2026-02-10T09:48:10+00:00\",\"description\":\"PAESE Selfglow Light bronzantas suteikia nat\u016bral\u0173 \u0161vyt\u0117jim\u0105, lengvai dengiasi ir idealiai tinka kont\u016bravimui bei saul\u0117s \u012fdegio efektui sukurti.\",\"breadcrumb\":{\"@id\":\"https:\\\/\\\/www.malinashop.lt\\\/en\\\/shop\\\/paese-light-selfglow-bronzantas\\\/#breadcrumb\"},\"inLanguage\":\"lt-LT\",\"potentialAction\":[{\"@type\":\"ReadAction\",\"target\":[\"https:\\\/\\\/www.malinashop.lt\\\/en\\\/shop\\\/paese-light-selfglow-bronzantas\\\/\"]}]},{\"@type\":\"ImageObject\",\"inLanguage\":\"lt-LT\",\"@id\":\"https:\\\/\\\/www.malinashop.lt\\\/en\\\/shop\\\/paese-light-selfglow-bronzantas\\\/#primaryimage\",\"url\":\"https:\\\/\\\/www.malinashop.lt\\\/wp-content\\\/uploads\\\/2025\\\/11\\\/Selfglow-Bronzer-Light-Open-jpg.jpg\",\"contentUrl\":\"https:\\\/\\\/www.malinashop.lt\\\/wp-content\\\/uploads\\\/2025\\\/11\\\/Selfglow-Bronzer-Light-Open-jpg.jpg\",\"width\":1080,\"height\":1080},{\"@type\":\"BreadcrumbList\",\"@id\":\"https:\\\/\\\/www.malinashop.lt\\\/en\\\/shop\\\/paese-light-selfglow-bronzantas\\\/#breadcrumb\",\"itemListElement\":[{\"@type\":\"ListItem\",\"position\":1,\"name\":\"Pagrindinis\",\"item\":\"https:\\\/\\\/www.malinashop.lt\\\/\"},{\"@type\":\"ListItem\",\"position\":2,\"name\":\"Parduotuv\u0117\",\"item\":\"https:\\\/\\\/www.malinashop.lt\\\/en\\\/parduotuve\\\/\"},{\"@type\":\"ListItem\",\"position\":3,\"name\":\"PAESE LIGHT SELFGLOW bronzantas\"}]},{\"@type\":\"WebSite\",\"@id\":\"https:\\\/\\\/www.malinashop.lt\\\/#website\",\"url\":\"https:\\\/\\\/www.malinashop.lt\\\/\",\"name\":\"COM Group Ecommerce\",\"description\":\"MalinaShop.lt - Gro\u017eio ir sveikatos produktai i\u0161 patikim\u0173 preki\u0173 \u017eenkl\u0173. Atraskite auk\u0161tos kokyb\u0117s kosmetik\u0105 u\u017e puiki\u0105 kain\u0105.\",\"publisher\":{\"@id\":\"https:\\\/\\\/www.malinashop.lt\\\/#organization\"},\"potentialAction\":[{\"@type\":\"SearchAction\",\"target\":{\"@type\":\"EntryPoint\",\"urlTemplate\":\"https:\\\/\\\/www.malinashop.lt\\\/?s={search_term_string}\"},\"query-input\":{\"@type\":\"PropertyValueSpecification\",\"valueRequired\":true,\"valueName\":\"search_term_string\"}}],\"inLanguage\":\"lt-LT\"},{\"@type\":\"Organization\",\"@id\":\"https:\\\/\\\/www.malinashop.lt\\\/#organization\",\"name\":\"COM Group Ecommerce\",\"url\":\"https:\\\/\\\/www.malinashop.lt\\\/\",\"logo\":{\"@type\":\"ImageObject\",\"inLanguage\":\"lt-LT\",\"@id\":\"https:\\\/\\\/www.malinashop.lt\\\/#\\\/schema\\\/logo\\\/image\\\/\",\"url\":\"https:\\\/\\\/www.malinashop.lt\\\/wp-content\\\/uploads\\\/2024\\\/08\\\/462559670_3787732518133670_9795632669273463_n-e1731525914575.png\",\"contentUrl\":\"https:\\\/\\\/www.malinashop.lt\\\/wp-content\\\/uploads\\\/2024\\\/08\\\/462559670_3787732518133670_9795632669273463_n-e1731525914575.png\",\"width\":180,\"height\":60,\"caption\":\"COM Group Ecommerce\"},\"image\":{\"@id\":\"https:\\\/\\\/www.malinashop.lt\\\/#\\\/schema\\\/logo\\\/image\\\/\"}}]}<\/script>\n<!-- \/ Yoast SEO plugin. -->","yoast_head_json":{"title":"PAESE LIGHT SELFGLOW bronzantas - MalinaShop.lt J\u016bs\u0173 sveikatai ir gro\u017eiui.","description":"PAESE Selfglow Light bronzantas suteikia nat\u016bral\u0173 \u0161vyt\u0117jim\u0105, lengvai dengiasi ir idealiai tinka kont\u016bravimui bei saul\u0117s \u012fdegio efektui sukurti.","robots":{"index":"index","follow":"follow","max-snippet":"max-snippet:-1","max-image-preview":"max-image-preview:large","max-video-preview":"max-video-preview:-1"},"canonical":"https:\/\/www.malinashop.lt\/lt_lt\/shop\/paese-light-selfglow-bronzantas\/","og_locale":"lt_LT","og_type":"article","og_title":"PAESE LIGHT SELFGLOW bronzantas - MalinaShop.lt J\u016bs\u0173 sveikatai ir gro\u017eiui.","og_description":"PAESE Selfglow Light bronzantas suteikia nat\u016bral\u0173 \u0161vyt\u0117jim\u0105, lengvai dengiasi ir idealiai tinka kont\u016bravimui bei saul\u0117s \u012fdegio efektui sukurti.","og_url":"https:\/\/www.malinashop.lt\/lt_lt\/shop\/paese-light-selfglow-bronzantas\/","og_site_name":"MalinaShop.lt J\u016bs\u0173 sveikatai ir gro\u017eiui.","article_modified_time":"2026-02-10T09:48:10+00:00","og_image":[{"width":1080,"height":1080,"url":"https:\/\/www.malinashop.lt\/wp-content\/uploads\/2025\/11\/Selfglow-Bronzer-Light-Open-jpg.jpg","type":"image\/jpeg"}],"twitter_card":"summary_large_image","schema":{"@context":"https:\/\/schema.org","@graph":[{"@type":"WebPage","@id":"https:\/\/www.malinashop.lt\/en\/shop\/paese-light-selfglow-bronzantas\/","url":"https:\/\/www.malinashop.lt\/en\/shop\/paese-light-selfglow-bronzantas\/","name":"PAESE LIGHT SELFGLOW bronzantas - MalinaShop.lt J\u016bs\u0173 sveikatai ir gro\u017eiui.","isPartOf":{"@id":"https:\/\/www.malinashop.lt\/#website"},"primaryImageOfPage":{"@id":"https:\/\/www.malinashop.lt\/en\/shop\/paese-light-selfglow-bronzantas\/#primaryimage"},"image":{"@id":"https:\/\/www.malinashop.lt\/en\/shop\/paese-light-selfglow-bronzantas\/#primaryimage"},"thumbnailUrl":"https:\/\/www.malinashop.lt\/wp-content\/uploads\/2025\/11\/Selfglow-Bronzer-Light-Open-jpg.jpg","datePublished":"2025-11-24T15:03:36+00:00","dateModified":"2026-02-10T09:48:10+00:00","description":"PAESE Selfglow Light bronzantas suteikia nat\u016bral\u0173 \u0161vyt\u0117jim\u0105, lengvai dengiasi ir idealiai tinka kont\u016bravimui bei saul\u0117s \u012fdegio efektui sukurti.","breadcrumb":{"@id":"https:\/\/www.malinashop.lt\/en\/shop\/paese-light-selfglow-bronzantas\/#breadcrumb"},"inLanguage":"lt-LT","potentialAction":[{"@type":"ReadAction","target":["https:\/\/www.malinashop.lt\/en\/shop\/paese-light-selfglow-bronzantas\/"]}]},{"@type":"ImageObject","inLanguage":"lt-LT","@id":"https:\/\/www.malinashop.lt\/en\/shop\/paese-light-selfglow-bronzantas\/#primaryimage","url":"https:\/\/www.malinashop.lt\/wp-content\/uploads\/2025\/11\/Selfglow-Bronzer-Light-Open-jpg.jpg","contentUrl":"https:\/\/www.malinashop.lt\/wp-content\/uploads\/2025\/11\/Selfglow-Bronzer-Light-Open-jpg.jpg","width":1080,"height":1080},{"@type":"BreadcrumbList","@id":"https:\/\/www.malinashop.lt\/en\/shop\/paese-light-selfglow-bronzantas\/#breadcrumb","itemListElement":[{"@type":"ListItem","position":1,"name":"Pagrindinis","item":"https:\/\/www.malinashop.lt\/"},{"@type":"ListItem","position":2,"name":"Parduotuv\u0117","item":"https:\/\/www.malinashop.lt\/en\/parduotuve\/"},{"@type":"ListItem","position":3,"name":"PAESE LIGHT SELFGLOW bronzantas"}]},{"@type":"WebSite","@id":"https:\/\/www.malinashop.lt\/#website","url":"https:\/\/www.malinashop.lt\/","name":"COM Group Ecommerce","description":"MalinaShop.lt - Gro\u017eio ir sveikatos produktai i\u0161 patikim\u0173 preki\u0173 \u017eenkl\u0173. Atraskite auk\u0161tos kokyb\u0117s kosmetik\u0105 u\u017e puiki\u0105 kain\u0105.","publisher":{"@id":"https:\/\/www.malinashop.lt\/#organization"},"potentialAction":[{"@type":"SearchAction","target":{"@type":"EntryPoint","urlTemplate":"https:\/\/www.malinashop.lt\/?s={search_term_string}"},"query-input":{"@type":"PropertyValueSpecification","valueRequired":true,"valueName":"search_term_string"}}],"inLanguage":"lt-LT"},{"@type":"Organization","@id":"https:\/\/www.malinashop.lt\/#organization","name":"COM Group Ecommerce","url":"https:\/\/www.malinashop.lt\/","logo":{"@type":"ImageObject","inLanguage":"lt-LT","@id":"https:\/\/www.malinashop.lt\/#\/schema\/logo\/image\/","url":"https:\/\/www.malinashop.lt\/wp-content\/uploads\/2024\/08\/462559670_3787732518133670_9795632669273463_n-e1731525914575.png","contentUrl":"https:\/\/www.malinashop.lt\/wp-content\/uploads\/2024\/08\/462559670_3787732518133670_9795632669273463_n-e1731525914575.png","width":180,"height":60,"caption":"COM Group Ecommerce"},"image":{"@id":"https:\/\/www.malinashop.lt\/#\/schema\/logo\/image\/"}}]}},"jetpack_sharing_enabled":true,"_links":{"self":[{"href":"https:\/\/www.malinashop.lt\/lt_lt\/wp-json\/wp\/v2\/product\/63702","targetHints":{"allow":["GET"]}}],"collection":[{"href":"https:\/\/www.malinashop.lt\/lt_lt\/wp-json\/wp\/v2\/product"}],"about":[{"href":"https:\/\/www.malinashop.lt\/lt_lt\/wp-json\/wp\/v2\/types\/product"}],"version-history":[{"count":2,"href":"https:\/\/www.malinashop.lt\/lt_lt\/wp-json\/wp\/v2\/product\/63702\/revisions"}],"predecessor-version":[{"id":72245,"href":"https:\/\/www.malinashop.lt\/lt_lt\/wp-json\/wp\/v2\/product\/63702\/revisions\/72245"}],"wp:featuredmedia":[{"embeddable":true,"href":"https:\/\/www.malinashop.lt\/lt_lt\/wp-json\/wp\/v2\/media\/63704"}],"wp:attachment":[{"href":"https:\/\/www.malinashop.lt\/lt_lt\/wp-json\/wp\/v2\/media?parent=63702"}],"wp:term":[{"taxonomy":"product_brand","embeddable":true,"href":"https:\/\/www.malinashop.lt\/lt_lt\/wp-json\/wp\/v2\/product_brand?post=63702"},{"taxonomy":"product_cat","embeddable":true,"href":"https:\/\/www.malinashop.lt\/lt_lt\/wp-json\/wp\/v2\/product_cat?post=63702"},{"taxonomy":"product_tag","embeddable":true,"href":"https:\/\/www.malinashop.lt\/lt_lt\/wp-json\/wp\/v2\/product_tag?post=63702"}],"curies":[{"name":"wp","href":"https:\/\/api.w.org\/{rel}","templated":true}]}}