{"id":63654,"date":"2025-11-24T18:02:24","date_gmt":"2025-11-24T15:02:24","guid":{"rendered":"https:\/\/malinashop.lt\/?post_type=product&#038;p=63654"},"modified":"2026-02-10T12:48:11","modified_gmt":"2026-02-10T09:48:11","slug":"paese-hydrobase-drekinanti-veido-baze-30ml","status":"publish","type":"product","link":"https:\/\/www.malinashop.lt\/lt_lt\/shop\/paese-hydrobase-drekinanti-veido-baze-30ml\/","title":{"rendered":"PAESE HYDROBASE dr\u0117kinanti veido baz\u0117, 30ml"},"content":{"rendered":"<p data-start=\"139\" data-end=\"410\"><strong data-start=\"139\" data-end=\"187\">PAESE dr\u0117kinanti veido baz\u0117 HYDROBASE, 30 ml<\/strong> \u2013 tai unikali makia\u017eo baz\u0117, skirta odos dr\u0117kinimui, puosel\u0117jimui ir makia\u017eo ilgaam\u017ei\u0161kumui u\u017etikrinti. Lengvos tekst\u016bros formul\u0117 padeda i\u0161lyginti odos pavir\u0161i\u0173, paslepia smulkius netobulumus ir suteikia nat\u016bral\u0173 \u0161vyt\u0117jim\u0105.<\/p>\n<p data-start=\"412\" data-end=\"796\">Sud\u0117tyje esantys \u0161vies\u0105 atspindintys pigmentai opti\u0161kai suma\u017eina rauk\u0161leles, suteikia odai mink\u0161tumo ir \u0161velnumo poj\u016bt\u012f. Aktyvieji ingredientai intensyviai dr\u0117kina, saugo od\u0105 nuo dr\u0117gm\u0117s praradimo bei neigiamo aplinkos poveikio. Produktas tinka visiems odos tipams ir yra puikus pasirinkimas kaip baz\u0117 prie\u0161 makia\u017e\u0105 arba kaip lengvas od\u0105 puosel\u0117jantis produktas kasdieniam naudojimui.<\/p>\n<h4 data-start=\"798\" data-end=\"822\">Pagrindin\u0117s savyb\u0117s:<\/h4>\n<ul data-start=\"823\" data-end=\"1019\">\n<li data-start=\"823\" data-end=\"863\">\n<p data-start=\"825\" data-end=\"863\">Dr\u0117kina ir saugo od\u0105 nuo i\u0161saus\u0117jimo<\/p>\n<\/li>\n<li data-start=\"864\" data-end=\"918\">\n<p data-start=\"866\" data-end=\"918\">Opti\u0161kai lygina odos pavir\u0161i\u0173 ir ma\u017eina rauk\u0161leles<\/p>\n<\/li>\n<li data-start=\"919\" data-end=\"950\">\n<p data-start=\"921\" data-end=\"950\">Suteikia nat\u016bral\u0173 \u0161vyt\u0117jim\u0105<\/p>\n<\/li>\n<li data-start=\"951\" data-end=\"989\">\n<p data-start=\"953\" data-end=\"989\">Padeda makia\u017eui i\u0161silaikyti ilgiau<\/p>\n<\/li>\n<li data-start=\"990\" data-end=\"1019\">\n<p data-start=\"992\" data-end=\"1019\">Tinka visiems odos tipams<\/p>\n<\/li>\n<\/ul>\n<h4 data-start=\"1021\" data-end=\"1046\">Aktyv\u016bs ingredientai:<\/h4>\n<ul data-start=\"1047\" data-end=\"1441\">\n<li data-start=\"1047\" data-end=\"1124\">\n<p data-start=\"1049\" data-end=\"1124\"><strong data-start=\"1049\" data-end=\"1073\">Anti-ageing peptidai<\/strong> \u2013 vizualiai ma\u017eina rauk\u0161les ir pigmentines d\u0117mes<\/p>\n<\/li>\n<li data-start=\"1125\" data-end=\"1201\">\n<p data-start=\"1127\" data-end=\"1201\"><strong data-start=\"1127\" data-end=\"1145\">Polisacharidai<\/strong> \u2013 ramina od\u0105, dr\u0117kina ir palengvina makia\u017eo padengim\u0105<\/p>\n<\/li>\n<li data-start=\"1202\" data-end=\"1290\">\n<p data-start=\"1204\" data-end=\"1290\"><strong data-start=\"1204\" data-end=\"1223\">Pseudokeramidas<\/strong> \u2013 stiprina odos apsaugin\u012f barjer\u0105 ir saugo nuo dr\u0117gm\u0117s praradimo<\/p>\n<\/li>\n<li data-start=\"1291\" data-end=\"1380\">\n<p data-start=\"1293\" data-end=\"1380\"><strong data-start=\"1293\" data-end=\"1338\">Ma\u017eo molekulinio svorio hialurono r\u016bg\u0161tis<\/strong> \u2013 palaiko optimal\u0173 odos dr\u0117gm\u0117s balans\u0105<\/p>\n<\/li>\n<li data-start=\"1381\" data-end=\"1441\">\n<p data-start=\"1383\" data-end=\"1441\"><strong data-start=\"1383\" data-end=\"1402\">Aukso pigmentas<\/strong> \u2013 suteikia odai nat\u016bralaus \u0161vyt\u0117jimo<\/p>\n<\/li>\n<\/ul>\n<p data-start=\"1443\" data-end=\"1462\"><strong data-start=\"1443\" data-end=\"1454\">Kiekis:<\/strong> 30 ml<\/p>\n","protected":false},"excerpt":{"rendered":"<p data-start=\"1503\" data-end=\"1655\">Dr\u0117kinanti veido baz\u0117 su \u0161vyt\u0117jimo efektu, kuri lygina od\u0105, padeda makia\u017eui i\u0161silaikyti ilgiau ir suteikia nat\u016bral\u0173 spindes\u012f. Tinka visiems odos tipams.<\/p>\n","protected":false},"featured_media":63656,"template":"","meta":[],"product_brand":[1534],"product_cat":[102,527],"product_tag":[1614],"class_list":{"0":"post-63654","1":"product","2":"type-product","3":"status-publish","4":"has-post-thumbnail","6":"product_brand-paese","7":"product_cat-dekoratyvine-kosmetika","8":"product_cat-makiazo-bazes","9":"product_tag-paese","11":"first","12":"instock","13":"purchasable","14":"product-type-simple"},"yoast_head":"<!-- This site is optimized with the Yoast SEO plugin v27.4 - https:\/\/yoast.com\/product\/yoast-seo-wordpress\/ -->\n<title>PAESE HYDROBASE dr\u0117kinanti veido baz\u0117, 30ml - MalinaShop.lt J\u016bs\u0173 sveikatai ir gro\u017eiui.<\/title>\n<meta name=\"description\" content=\"PAESE HYDROBASE dr\u0117kinanti veido baz\u0117 su hialurono r\u016bg\u0161timi ir \u0161vyt\u0117jimo pigmentais. Lygina od\u0105, dr\u0117kina ir prailgina makia\u017eo i\u0161silaikym\u0105. 30 ml.\" \/>\n<meta name=\"robots\" content=\"index, follow, max-snippet:-1, max-image-preview:large, max-video-preview:-1\" \/>\n<link rel=\"canonical\" href=\"https:\/\/www.malinashop.lt\/lt_lt\/shop\/paese-hydrobase-drekinanti-veido-baze-30ml\/\" \/>\n<meta property=\"og:locale\" content=\"lt_LT\" \/>\n<meta property=\"og:type\" content=\"article\" \/>\n<meta property=\"og:title\" content=\"PAESE HYDROBASE dr\u0117kinanti veido baz\u0117, 30ml - MalinaShop.lt J\u016bs\u0173 sveikatai ir gro\u017eiui.\" \/>\n<meta property=\"og:description\" content=\"PAESE HYDROBASE dr\u0117kinanti veido baz\u0117 su hialurono r\u016bg\u0161timi ir \u0161vyt\u0117jimo pigmentais. Lygina od\u0105, dr\u0117kina ir prailgina makia\u017eo i\u0161silaikym\u0105. 30 ml.\" \/>\n<meta property=\"og:url\" content=\"https:\/\/www.malinashop.lt\/lt_lt\/shop\/paese-hydrobase-drekinanti-veido-baze-30ml\/\" \/>\n<meta property=\"og:site_name\" content=\"MalinaShop.lt J\u016bs\u0173 sveikatai ir gro\u017eiui.\" \/>\n<meta property=\"article:modified_time\" content=\"2026-02-10T09:48:11+00:00\" \/>\n<meta property=\"og:image\" content=\"https:\/\/www.malinashop.lt\/wp-content\/uploads\/2025\/11\/Untitled-2-1.jpg\" \/>\n\t<meta property=\"og:image:width\" content=\"1080\" \/>\n\t<meta property=\"og:image:height\" content=\"1080\" \/>\n\t<meta property=\"og:image:type\" content=\"image\/jpeg\" \/>\n<meta name=\"twitter:card\" content=\"summary_large_image\" \/>\n<script type=\"application\/ld+json\" class=\"yoast-schema-graph\">{\"@context\":\"https:\\\/\\\/schema.org\",\"@graph\":[{\"@type\":\"WebPage\",\"@id\":\"https:\\\/\\\/www.malinashop.lt\\\/lt_lt\\\/shop\\\/paese-hydrobase-drekinanti-veido-baze-30ml\\\/\",\"url\":\"https:\\\/\\\/www.malinashop.lt\\\/lt_lt\\\/shop\\\/paese-hydrobase-drekinanti-veido-baze-30ml\\\/\",\"name\":\"PAESE HYDROBASE dr\u0117kinanti veido baz\u0117, 30ml - MalinaShop.lt J\u016bs\u0173 sveikatai ir gro\u017eiui.\",\"isPartOf\":{\"@id\":\"https:\\\/\\\/www.malinashop.lt\\\/#website\"},\"primaryImageOfPage\":{\"@id\":\"https:\\\/\\\/www.malinashop.lt\\\/lt_lt\\\/shop\\\/paese-hydrobase-drekinanti-veido-baze-30ml\\\/#primaryimage\"},\"image\":{\"@id\":\"https:\\\/\\\/www.malinashop.lt\\\/lt_lt\\\/shop\\\/paese-hydrobase-drekinanti-veido-baze-30ml\\\/#primaryimage\"},\"thumbnailUrl\":\"https:\\\/\\\/www.malinashop.lt\\\/wp-content\\\/uploads\\\/2025\\\/11\\\/Untitled-2-1.jpg\",\"datePublished\":\"2025-11-24T15:02:24+00:00\",\"dateModified\":\"2026-02-10T09:48:11+00:00\",\"description\":\"PAESE HYDROBASE dr\u0117kinanti veido baz\u0117 su hialurono r\u016bg\u0161timi ir \u0161vyt\u0117jimo pigmentais. Lygina od\u0105, dr\u0117kina ir prailgina makia\u017eo i\u0161silaikym\u0105. 30 ml.\",\"breadcrumb\":{\"@id\":\"https:\\\/\\\/www.malinashop.lt\\\/lt_lt\\\/shop\\\/paese-hydrobase-drekinanti-veido-baze-30ml\\\/#breadcrumb\"},\"inLanguage\":\"lt-LT\",\"potentialAction\":[{\"@type\":\"ReadAction\",\"target\":[\"https:\\\/\\\/www.malinashop.lt\\\/lt_lt\\\/shop\\\/paese-hydrobase-drekinanti-veido-baze-30ml\\\/\"]}]},{\"@type\":\"ImageObject\",\"inLanguage\":\"lt-LT\",\"@id\":\"https:\\\/\\\/www.malinashop.lt\\\/lt_lt\\\/shop\\\/paese-hydrobase-drekinanti-veido-baze-30ml\\\/#primaryimage\",\"url\":\"https:\\\/\\\/www.malinashop.lt\\\/wp-content\\\/uploads\\\/2025\\\/11\\\/Untitled-2-1.jpg\",\"contentUrl\":\"https:\\\/\\\/www.malinashop.lt\\\/wp-content\\\/uploads\\\/2025\\\/11\\\/Untitled-2-1.jpg\",\"width\":1080,\"height\":1080},{\"@type\":\"BreadcrumbList\",\"@id\":\"https:\\\/\\\/www.malinashop.lt\\\/lt_lt\\\/shop\\\/paese-hydrobase-drekinanti-veido-baze-30ml\\\/#breadcrumb\",\"itemListElement\":[{\"@type\":\"ListItem\",\"position\":1,\"name\":\"Pagrindinis\",\"item\":\"https:\\\/\\\/www.malinashop.lt\\\/\"},{\"@type\":\"ListItem\",\"position\":2,\"name\":\"Parduotuv\u0117\",\"item\":\"https:\\\/\\\/www.malinashop.lt\\\/en\\\/parduotuve\\\/\"},{\"@type\":\"ListItem\",\"position\":3,\"name\":\"PAESE HYDROBASE dr\u0117kinanti veido baz\u0117, 30ml\"}]},{\"@type\":\"WebSite\",\"@id\":\"https:\\\/\\\/www.malinashop.lt\\\/#website\",\"url\":\"https:\\\/\\\/www.malinashop.lt\\\/\",\"name\":\"COM Group Ecommerce\",\"description\":\"MalinaShop.lt - Gro\u017eio ir sveikatos produktai i\u0161 patikim\u0173 preki\u0173 \u017eenkl\u0173. Atraskite auk\u0161tos kokyb\u0117s kosmetik\u0105 u\u017e puiki\u0105 kain\u0105.\",\"publisher\":{\"@id\":\"https:\\\/\\\/www.malinashop.lt\\\/#organization\"},\"potentialAction\":[{\"@type\":\"SearchAction\",\"target\":{\"@type\":\"EntryPoint\",\"urlTemplate\":\"https:\\\/\\\/www.malinashop.lt\\\/?s={search_term_string}\"},\"query-input\":{\"@type\":\"PropertyValueSpecification\",\"valueRequired\":true,\"valueName\":\"search_term_string\"}}],\"inLanguage\":\"lt-LT\"},{\"@type\":\"Organization\",\"@id\":\"https:\\\/\\\/www.malinashop.lt\\\/#organization\",\"name\":\"COM Group Ecommerce\",\"url\":\"https:\\\/\\\/www.malinashop.lt\\\/\",\"logo\":{\"@type\":\"ImageObject\",\"inLanguage\":\"lt-LT\",\"@id\":\"https:\\\/\\\/www.malinashop.lt\\\/#\\\/schema\\\/logo\\\/image\\\/\",\"url\":\"https:\\\/\\\/www.malinashop.lt\\\/wp-content\\\/uploads\\\/2024\\\/08\\\/462559670_3787732518133670_9795632669273463_n-e1731525914575.png\",\"contentUrl\":\"https:\\\/\\\/www.malinashop.lt\\\/wp-content\\\/uploads\\\/2024\\\/08\\\/462559670_3787732518133670_9795632669273463_n-e1731525914575.png\",\"width\":180,\"height\":60,\"caption\":\"COM Group Ecommerce\"},\"image\":{\"@id\":\"https:\\\/\\\/www.malinashop.lt\\\/#\\\/schema\\\/logo\\\/image\\\/\"}}]}<\/script>\n<!-- \/ Yoast SEO plugin. -->","yoast_head_json":{"title":"PAESE HYDROBASE dr\u0117kinanti veido baz\u0117, 30ml - MalinaShop.lt J\u016bs\u0173 sveikatai ir gro\u017eiui.","description":"PAESE HYDROBASE dr\u0117kinanti veido baz\u0117 su hialurono r\u016bg\u0161timi ir \u0161vyt\u0117jimo pigmentais. Lygina od\u0105, dr\u0117kina ir prailgina makia\u017eo i\u0161silaikym\u0105. 30 ml.","robots":{"index":"index","follow":"follow","max-snippet":"max-snippet:-1","max-image-preview":"max-image-preview:large","max-video-preview":"max-video-preview:-1"},"canonical":"https:\/\/www.malinashop.lt\/lt_lt\/shop\/paese-hydrobase-drekinanti-veido-baze-30ml\/","og_locale":"lt_LT","og_type":"article","og_title":"PAESE HYDROBASE dr\u0117kinanti veido baz\u0117, 30ml - MalinaShop.lt J\u016bs\u0173 sveikatai ir gro\u017eiui.","og_description":"PAESE HYDROBASE dr\u0117kinanti veido baz\u0117 su hialurono r\u016bg\u0161timi ir \u0161vyt\u0117jimo pigmentais. Lygina od\u0105, dr\u0117kina ir prailgina makia\u017eo i\u0161silaikym\u0105. 30 ml.","og_url":"https:\/\/www.malinashop.lt\/lt_lt\/shop\/paese-hydrobase-drekinanti-veido-baze-30ml\/","og_site_name":"MalinaShop.lt J\u016bs\u0173 sveikatai ir gro\u017eiui.","article_modified_time":"2026-02-10T09:48:11+00:00","og_image":[{"width":1080,"height":1080,"url":"https:\/\/www.malinashop.lt\/wp-content\/uploads\/2025\/11\/Untitled-2-1.jpg","type":"image\/jpeg"}],"twitter_card":"summary_large_image","schema":{"@context":"https:\/\/schema.org","@graph":[{"@type":"WebPage","@id":"https:\/\/www.malinashop.lt\/lt_lt\/shop\/paese-hydrobase-drekinanti-veido-baze-30ml\/","url":"https:\/\/www.malinashop.lt\/lt_lt\/shop\/paese-hydrobase-drekinanti-veido-baze-30ml\/","name":"PAESE HYDROBASE dr\u0117kinanti veido baz\u0117, 30ml - MalinaShop.lt J\u016bs\u0173 sveikatai ir gro\u017eiui.","isPartOf":{"@id":"https:\/\/www.malinashop.lt\/#website"},"primaryImageOfPage":{"@id":"https:\/\/www.malinashop.lt\/lt_lt\/shop\/paese-hydrobase-drekinanti-veido-baze-30ml\/#primaryimage"},"image":{"@id":"https:\/\/www.malinashop.lt\/lt_lt\/shop\/paese-hydrobase-drekinanti-veido-baze-30ml\/#primaryimage"},"thumbnailUrl":"https:\/\/www.malinashop.lt\/wp-content\/uploads\/2025\/11\/Untitled-2-1.jpg","datePublished":"2025-11-24T15:02:24+00:00","dateModified":"2026-02-10T09:48:11+00:00","description":"PAESE HYDROBASE dr\u0117kinanti veido baz\u0117 su hialurono r\u016bg\u0161timi ir \u0161vyt\u0117jimo pigmentais. Lygina od\u0105, dr\u0117kina ir prailgina makia\u017eo i\u0161silaikym\u0105. 30 ml.","breadcrumb":{"@id":"https:\/\/www.malinashop.lt\/lt_lt\/shop\/paese-hydrobase-drekinanti-veido-baze-30ml\/#breadcrumb"},"inLanguage":"lt-LT","potentialAction":[{"@type":"ReadAction","target":["https:\/\/www.malinashop.lt\/lt_lt\/shop\/paese-hydrobase-drekinanti-veido-baze-30ml\/"]}]},{"@type":"ImageObject","inLanguage":"lt-LT","@id":"https:\/\/www.malinashop.lt\/lt_lt\/shop\/paese-hydrobase-drekinanti-veido-baze-30ml\/#primaryimage","url":"https:\/\/www.malinashop.lt\/wp-content\/uploads\/2025\/11\/Untitled-2-1.jpg","contentUrl":"https:\/\/www.malinashop.lt\/wp-content\/uploads\/2025\/11\/Untitled-2-1.jpg","width":1080,"height":1080},{"@type":"BreadcrumbList","@id":"https:\/\/www.malinashop.lt\/lt_lt\/shop\/paese-hydrobase-drekinanti-veido-baze-30ml\/#breadcrumb","itemListElement":[{"@type":"ListItem","position":1,"name":"Pagrindinis","item":"https:\/\/www.malinashop.lt\/"},{"@type":"ListItem","position":2,"name":"Parduotuv\u0117","item":"https:\/\/www.malinashop.lt\/en\/parduotuve\/"},{"@type":"ListItem","position":3,"name":"PAESE HYDROBASE dr\u0117kinanti veido baz\u0117, 30ml"}]},{"@type":"WebSite","@id":"https:\/\/www.malinashop.lt\/#website","url":"https:\/\/www.malinashop.lt\/","name":"COM Group Ecommerce","description":"MalinaShop.lt - Gro\u017eio ir sveikatos produktai i\u0161 patikim\u0173 preki\u0173 \u017eenkl\u0173. Atraskite auk\u0161tos kokyb\u0117s kosmetik\u0105 u\u017e puiki\u0105 kain\u0105.","publisher":{"@id":"https:\/\/www.malinashop.lt\/#organization"},"potentialAction":[{"@type":"SearchAction","target":{"@type":"EntryPoint","urlTemplate":"https:\/\/www.malinashop.lt\/?s={search_term_string}"},"query-input":{"@type":"PropertyValueSpecification","valueRequired":true,"valueName":"search_term_string"}}],"inLanguage":"lt-LT"},{"@type":"Organization","@id":"https:\/\/www.malinashop.lt\/#organization","name":"COM Group Ecommerce","url":"https:\/\/www.malinashop.lt\/","logo":{"@type":"ImageObject","inLanguage":"lt-LT","@id":"https:\/\/www.malinashop.lt\/#\/schema\/logo\/image\/","url":"https:\/\/www.malinashop.lt\/wp-content\/uploads\/2024\/08\/462559670_3787732518133670_9795632669273463_n-e1731525914575.png","contentUrl":"https:\/\/www.malinashop.lt\/wp-content\/uploads\/2024\/08\/462559670_3787732518133670_9795632669273463_n-e1731525914575.png","width":180,"height":60,"caption":"COM Group Ecommerce"},"image":{"@id":"https:\/\/www.malinashop.lt\/#\/schema\/logo\/image\/"}}]}},"jetpack_sharing_enabled":true,"_links":{"self":[{"href":"https:\/\/www.malinashop.lt\/lt_lt\/wp-json\/wp\/v2\/product\/63654","targetHints":{"allow":["GET"]}}],"collection":[{"href":"https:\/\/www.malinashop.lt\/lt_lt\/wp-json\/wp\/v2\/product"}],"about":[{"href":"https:\/\/www.malinashop.lt\/lt_lt\/wp-json\/wp\/v2\/types\/product"}],"version-history":[{"count":2,"href":"https:\/\/www.malinashop.lt\/lt_lt\/wp-json\/wp\/v2\/product\/63654\/revisions"}],"predecessor-version":[{"id":72287,"href":"https:\/\/www.malinashop.lt\/lt_lt\/wp-json\/wp\/v2\/product\/63654\/revisions\/72287"}],"wp:featuredmedia":[{"embeddable":true,"href":"https:\/\/www.malinashop.lt\/lt_lt\/wp-json\/wp\/v2\/media\/63656"}],"wp:attachment":[{"href":"https:\/\/www.malinashop.lt\/lt_lt\/wp-json\/wp\/v2\/media?parent=63654"}],"wp:term":[{"taxonomy":"product_brand","embeddable":true,"href":"https:\/\/www.malinashop.lt\/lt_lt\/wp-json\/wp\/v2\/product_brand?post=63654"},{"taxonomy":"product_cat","embeddable":true,"href":"https:\/\/www.malinashop.lt\/lt_lt\/wp-json\/wp\/v2\/product_cat?post=63654"},{"taxonomy":"product_tag","embeddable":true,"href":"https:\/\/www.malinashop.lt\/lt_lt\/wp-json\/wp\/v2\/product_tag?post=63654"}],"curies":[{"name":"wp","href":"https:\/\/api.w.org\/{rel}","templated":true}]}}