{"id":63630,"date":"2025-11-24T18:02:24","date_gmt":"2025-11-24T15:02:24","guid":{"rendered":"https:\/\/malinashop.lt\/?post_type=product&#038;p=63630"},"modified":"2026-02-10T12:48:11","modified_gmt":"2026-02-10T09:48:11","slug":"paese-lush-satin-31-kremine-pudra-30ml","status":"publish","type":"product","link":"https:\/\/www.malinashop.lt\/lt_lt\/shop\/paese-lush-satin-31-kremine-pudra-30ml\/","title":{"rendered":"PAESE LUSH SATIN 31 kremin\u0117 pudra, 30ml"},"content":{"rendered":"<p data-start=\"168\" data-end=\"601\"><strong data-start=\"168\" data-end=\"205\">PAESE LUSH SATIN 31 kremin\u0117 pudra<\/strong> \u2013 tai dr\u0117kinanti ir od\u0105 atgaivinanti pudra, sukurta pavargusiai, papilk\u0117jusiai ir praradusiai spindes\u012f odai. Lengva ir maloni tekst\u016bra tolygiai pasidengia, suteikia glotnumo bei nat\u016braliai \u0161vytin\u010di\u0105 i\u0161vaizd\u0105 visai dienai. Formul\u0117 praturtinta vitamin\u0173 A, C, E ir B kompleksu, mineraliniais mikroelementais bei bioelementais, kurie palaiko optimal\u0173 odos dr\u0117gm\u0117s balans\u0105 ir gerina odos elastingum\u0105.<\/p>\n<p data-start=\"603\" data-end=\"879\">Mango, papaj\u0173 ir granat\u0173 ekstraktai suteikia odai energijos, skaistumo ir sustiprina nat\u016bral\u0173 odos ton\u0105. Bioelementai padeda reguliuoti riebal\u0173 i\u0161siskyrim\u0105, o aktyviosios sudedamosios dalys skatina kolageno bei hialurono r\u016bg\u0161ties sintez\u0119, tod\u0117l oda tampa lygesn\u0117 ir \u0161velnesn\u0117.<\/p>\n<h4 data-start=\"881\" data-end=\"909\"><strong data-start=\"885\" data-end=\"909\">Pagrindin\u0117s savyb\u0117s:<\/strong><\/h4>\n<ul data-start=\"910\" data-end=\"1203\">\n<li data-start=\"910\" data-end=\"959\">\n<p data-start=\"912\" data-end=\"959\">Suteikia sveik\u0105, gaivi\u0105 ir \u0161vytin\u010di\u0105 i\u0161vaizd\u0105<\/p>\n<\/li>\n<li data-start=\"960\" data-end=\"991\">\n<p data-start=\"962\" data-end=\"991\">Lengva, dr\u0117kinanti tekst\u016bra<\/p>\n<\/li>\n<li data-start=\"992\" data-end=\"1052\">\n<p data-start=\"994\" data-end=\"1052\">Mango, papaj\u0173 ir granat\u0173 ekstraktai pagerina odos tonus\u0105<\/p>\n<\/li>\n<li data-start=\"1053\" data-end=\"1112\">\n<p data-start=\"1055\" data-end=\"1112\">Vitamin\u0173 B kompleksas maitina ir gaivina pavargusi\u0105 od\u0105<\/p>\n<\/li>\n<li data-start=\"1113\" data-end=\"1167\">\n<p data-start=\"1115\" data-end=\"1167\">Gerina odos elastingum\u0105 ir palaiko dr\u0117gm\u0117s balans\u0105<\/p>\n<\/li>\n<li data-start=\"1168\" data-end=\"1203\">\n<p data-start=\"1170\" data-end=\"1203\">Padeda reguliuoti odos blizgum\u0105<\/p>\n<\/li>\n<\/ul>\n<p data-start=\"1205\" data-end=\"1222\"><strong data-start=\"1205\" data-end=\"1222\">Kiekis: 30 ml<\/strong><\/p>\n","protected":false},"excerpt":{"rendered":"<p data-start=\"1265\" data-end=\"1469\">Dr\u0117kinanti ir od\u0105 atgaivinanti <strong data-start=\"1296\" data-end=\"1333\">PAESE LUSH SATIN 31 kremin\u0117 pudra<\/strong>, praturtinta vitaminais ir vaisi\u0173 ekstraktais. Suteikia nat\u016bral\u0173 \u0161vyt\u0117jim\u0105, pagerina odos tonus\u0105 ir palaiko dr\u0117gm\u0117s balans\u0105 vis\u0105 dien\u0105.<\/p>\n","protected":false},"featured_media":63632,"template":"","meta":[],"product_brand":[1534],"product_cat":[102,792],"product_tag":[1614],"class_list":{"0":"post-63630","1":"product","2":"type-product","3":"status-publish","4":"has-post-thumbnail","6":"product_brand-paese","7":"product_cat-dekoratyvine-kosmetika","8":"product_cat-veido-pudros","9":"product_tag-paese","11":"first","12":"instock","13":"purchasable","14":"product-type-simple"},"yoast_head":"<!-- This site is optimized with the Yoast SEO plugin v27.4 - https:\/\/yoast.com\/product\/yoast-seo-wordpress\/ -->\n<title>PAESE LUSH SATIN 31 kremin\u0117 pudra, 30ml - MalinaShop.lt J\u016bs\u0173 sveikatai ir gro\u017eiui.<\/title>\n<meta name=\"description\" content=\"PAESE LUSH SATIN 31 kremin\u0117 pudra \u2013 dr\u0117kinanti, \u0161vyt\u0117jim\u0105 suteikianti pudra su vitaminais ir vaisi\u0173 ekstraktais. Ideali pavargusiai, papilk\u0117jusiai odai.\" \/>\n<meta name=\"robots\" content=\"index, follow, max-snippet:-1, max-image-preview:large, max-video-preview:-1\" \/>\n<link rel=\"canonical\" href=\"https:\/\/www.malinashop.lt\/lt_lt\/shop\/paese-lush-satin-31-kremine-pudra-30ml\/\" \/>\n<meta property=\"og:locale\" content=\"lt_LT\" \/>\n<meta property=\"og:type\" content=\"article\" \/>\n<meta property=\"og:title\" content=\"PAESE LUSH SATIN 31 kremin\u0117 pudra, 30ml - MalinaShop.lt J\u016bs\u0173 sveikatai ir gro\u017eiui.\" \/>\n<meta property=\"og:description\" content=\"PAESE LUSH SATIN 31 kremin\u0117 pudra \u2013 dr\u0117kinanti, \u0161vyt\u0117jim\u0105 suteikianti pudra su vitaminais ir vaisi\u0173 ekstraktais. Ideali pavargusiai, papilk\u0117jusiai odai.\" \/>\n<meta property=\"og:url\" content=\"https:\/\/www.malinashop.lt\/lt_lt\/shop\/paese-lush-satin-31-kremine-pudra-30ml\/\" \/>\n<meta property=\"og:site_name\" content=\"MalinaShop.lt J\u016bs\u0173 sveikatai ir gro\u017eiui.\" \/>\n<meta property=\"article:modified_time\" content=\"2026-02-10T09:48:11+00:00\" \/>\n<meta property=\"og:image\" content=\"https:\/\/www.malinashop.lt\/wp-content\/uploads\/2025\/11\/Lush-Satin-31.jpg\" \/>\n\t<meta property=\"og:image:width\" content=\"1080\" \/>\n\t<meta property=\"og:image:height\" content=\"1080\" \/>\n\t<meta property=\"og:image:type\" content=\"image\/jpeg\" \/>\n<meta name=\"twitter:card\" content=\"summary_large_image\" \/>\n<script type=\"application\/ld+json\" class=\"yoast-schema-graph\">{\"@context\":\"https:\\\/\\\/schema.org\",\"@graph\":[{\"@type\":\"WebPage\",\"@id\":\"https:\\\/\\\/www.malinashop.lt\\\/lt_lt\\\/shop\\\/paese-lush-satin-31-kremine-pudra-30ml\\\/\",\"url\":\"https:\\\/\\\/www.malinashop.lt\\\/lt_lt\\\/shop\\\/paese-lush-satin-31-kremine-pudra-30ml\\\/\",\"name\":\"PAESE LUSH SATIN 31 kremin\u0117 pudra, 30ml - MalinaShop.lt J\u016bs\u0173 sveikatai ir gro\u017eiui.\",\"isPartOf\":{\"@id\":\"https:\\\/\\\/www.malinashop.lt\\\/#website\"},\"primaryImageOfPage\":{\"@id\":\"https:\\\/\\\/www.malinashop.lt\\\/lt_lt\\\/shop\\\/paese-lush-satin-31-kremine-pudra-30ml\\\/#primaryimage\"},\"image\":{\"@id\":\"https:\\\/\\\/www.malinashop.lt\\\/lt_lt\\\/shop\\\/paese-lush-satin-31-kremine-pudra-30ml\\\/#primaryimage\"},\"thumbnailUrl\":\"https:\\\/\\\/www.malinashop.lt\\\/wp-content\\\/uploads\\\/2025\\\/11\\\/Lush-Satin-31.jpg\",\"datePublished\":\"2025-11-24T15:02:24+00:00\",\"dateModified\":\"2026-02-10T09:48:11+00:00\",\"description\":\"PAESE LUSH SATIN 31 kremin\u0117 pudra \u2013 dr\u0117kinanti, \u0161vyt\u0117jim\u0105 suteikianti pudra su vitaminais ir vaisi\u0173 ekstraktais. Ideali pavargusiai, papilk\u0117jusiai odai.\",\"breadcrumb\":{\"@id\":\"https:\\\/\\\/www.malinashop.lt\\\/lt_lt\\\/shop\\\/paese-lush-satin-31-kremine-pudra-30ml\\\/#breadcrumb\"},\"inLanguage\":\"lt-LT\",\"potentialAction\":[{\"@type\":\"ReadAction\",\"target\":[\"https:\\\/\\\/www.malinashop.lt\\\/lt_lt\\\/shop\\\/paese-lush-satin-31-kremine-pudra-30ml\\\/\"]}]},{\"@type\":\"ImageObject\",\"inLanguage\":\"lt-LT\",\"@id\":\"https:\\\/\\\/www.malinashop.lt\\\/lt_lt\\\/shop\\\/paese-lush-satin-31-kremine-pudra-30ml\\\/#primaryimage\",\"url\":\"https:\\\/\\\/www.malinashop.lt\\\/wp-content\\\/uploads\\\/2025\\\/11\\\/Lush-Satin-31.jpg\",\"contentUrl\":\"https:\\\/\\\/www.malinashop.lt\\\/wp-content\\\/uploads\\\/2025\\\/11\\\/Lush-Satin-31.jpg\",\"width\":1080,\"height\":1080},{\"@type\":\"BreadcrumbList\",\"@id\":\"https:\\\/\\\/www.malinashop.lt\\\/lt_lt\\\/shop\\\/paese-lush-satin-31-kremine-pudra-30ml\\\/#breadcrumb\",\"itemListElement\":[{\"@type\":\"ListItem\",\"position\":1,\"name\":\"Pagrindinis\",\"item\":\"https:\\\/\\\/www.malinashop.lt\\\/\"},{\"@type\":\"ListItem\",\"position\":2,\"name\":\"Parduotuv\u0117\",\"item\":\"https:\\\/\\\/www.malinashop.lt\\\/en\\\/parduotuve\\\/\"},{\"@type\":\"ListItem\",\"position\":3,\"name\":\"PAESE LUSH SATIN 31 kremin\u0117 pudra, 30ml\"}]},{\"@type\":\"WebSite\",\"@id\":\"https:\\\/\\\/www.malinashop.lt\\\/#website\",\"url\":\"https:\\\/\\\/www.malinashop.lt\\\/\",\"name\":\"COM Group Ecommerce\",\"description\":\"MalinaShop.lt - Gro\u017eio ir sveikatos produktai i\u0161 patikim\u0173 preki\u0173 \u017eenkl\u0173. Atraskite auk\u0161tos kokyb\u0117s kosmetik\u0105 u\u017e puiki\u0105 kain\u0105.\",\"publisher\":{\"@id\":\"https:\\\/\\\/www.malinashop.lt\\\/#organization\"},\"potentialAction\":[{\"@type\":\"SearchAction\",\"target\":{\"@type\":\"EntryPoint\",\"urlTemplate\":\"https:\\\/\\\/www.malinashop.lt\\\/?s={search_term_string}\"},\"query-input\":{\"@type\":\"PropertyValueSpecification\",\"valueRequired\":true,\"valueName\":\"search_term_string\"}}],\"inLanguage\":\"lt-LT\"},{\"@type\":\"Organization\",\"@id\":\"https:\\\/\\\/www.malinashop.lt\\\/#organization\",\"name\":\"COM Group Ecommerce\",\"url\":\"https:\\\/\\\/www.malinashop.lt\\\/\",\"logo\":{\"@type\":\"ImageObject\",\"inLanguage\":\"lt-LT\",\"@id\":\"https:\\\/\\\/www.malinashop.lt\\\/#\\\/schema\\\/logo\\\/image\\\/\",\"url\":\"https:\\\/\\\/www.malinashop.lt\\\/wp-content\\\/uploads\\\/2024\\\/08\\\/462559670_3787732518133670_9795632669273463_n-e1731525914575.png\",\"contentUrl\":\"https:\\\/\\\/www.malinashop.lt\\\/wp-content\\\/uploads\\\/2024\\\/08\\\/462559670_3787732518133670_9795632669273463_n-e1731525914575.png\",\"width\":180,\"height\":60,\"caption\":\"COM Group Ecommerce\"},\"image\":{\"@id\":\"https:\\\/\\\/www.malinashop.lt\\\/#\\\/schema\\\/logo\\\/image\\\/\"}}]}<\/script>\n<!-- \/ Yoast SEO plugin. -->","yoast_head_json":{"title":"PAESE LUSH SATIN 31 kremin\u0117 pudra, 30ml - MalinaShop.lt J\u016bs\u0173 sveikatai ir gro\u017eiui.","description":"PAESE LUSH SATIN 31 kremin\u0117 pudra \u2013 dr\u0117kinanti, \u0161vyt\u0117jim\u0105 suteikianti pudra su vitaminais ir vaisi\u0173 ekstraktais. Ideali pavargusiai, papilk\u0117jusiai odai.","robots":{"index":"index","follow":"follow","max-snippet":"max-snippet:-1","max-image-preview":"max-image-preview:large","max-video-preview":"max-video-preview:-1"},"canonical":"https:\/\/www.malinashop.lt\/lt_lt\/shop\/paese-lush-satin-31-kremine-pudra-30ml\/","og_locale":"lt_LT","og_type":"article","og_title":"PAESE LUSH SATIN 31 kremin\u0117 pudra, 30ml - MalinaShop.lt J\u016bs\u0173 sveikatai ir gro\u017eiui.","og_description":"PAESE LUSH SATIN 31 kremin\u0117 pudra \u2013 dr\u0117kinanti, \u0161vyt\u0117jim\u0105 suteikianti pudra su vitaminais ir vaisi\u0173 ekstraktais. Ideali pavargusiai, papilk\u0117jusiai odai.","og_url":"https:\/\/www.malinashop.lt\/lt_lt\/shop\/paese-lush-satin-31-kremine-pudra-30ml\/","og_site_name":"MalinaShop.lt J\u016bs\u0173 sveikatai ir gro\u017eiui.","article_modified_time":"2026-02-10T09:48:11+00:00","og_image":[{"width":1080,"height":1080,"url":"https:\/\/www.malinashop.lt\/wp-content\/uploads\/2025\/11\/Lush-Satin-31.jpg","type":"image\/jpeg"}],"twitter_card":"summary_large_image","schema":{"@context":"https:\/\/schema.org","@graph":[{"@type":"WebPage","@id":"https:\/\/www.malinashop.lt\/lt_lt\/shop\/paese-lush-satin-31-kremine-pudra-30ml\/","url":"https:\/\/www.malinashop.lt\/lt_lt\/shop\/paese-lush-satin-31-kremine-pudra-30ml\/","name":"PAESE LUSH SATIN 31 kremin\u0117 pudra, 30ml - MalinaShop.lt J\u016bs\u0173 sveikatai ir gro\u017eiui.","isPartOf":{"@id":"https:\/\/www.malinashop.lt\/#website"},"primaryImageOfPage":{"@id":"https:\/\/www.malinashop.lt\/lt_lt\/shop\/paese-lush-satin-31-kremine-pudra-30ml\/#primaryimage"},"image":{"@id":"https:\/\/www.malinashop.lt\/lt_lt\/shop\/paese-lush-satin-31-kremine-pudra-30ml\/#primaryimage"},"thumbnailUrl":"https:\/\/www.malinashop.lt\/wp-content\/uploads\/2025\/11\/Lush-Satin-31.jpg","datePublished":"2025-11-24T15:02:24+00:00","dateModified":"2026-02-10T09:48:11+00:00","description":"PAESE LUSH SATIN 31 kremin\u0117 pudra \u2013 dr\u0117kinanti, \u0161vyt\u0117jim\u0105 suteikianti pudra su vitaminais ir vaisi\u0173 ekstraktais. Ideali pavargusiai, papilk\u0117jusiai odai.","breadcrumb":{"@id":"https:\/\/www.malinashop.lt\/lt_lt\/shop\/paese-lush-satin-31-kremine-pudra-30ml\/#breadcrumb"},"inLanguage":"lt-LT","potentialAction":[{"@type":"ReadAction","target":["https:\/\/www.malinashop.lt\/lt_lt\/shop\/paese-lush-satin-31-kremine-pudra-30ml\/"]}]},{"@type":"ImageObject","inLanguage":"lt-LT","@id":"https:\/\/www.malinashop.lt\/lt_lt\/shop\/paese-lush-satin-31-kremine-pudra-30ml\/#primaryimage","url":"https:\/\/www.malinashop.lt\/wp-content\/uploads\/2025\/11\/Lush-Satin-31.jpg","contentUrl":"https:\/\/www.malinashop.lt\/wp-content\/uploads\/2025\/11\/Lush-Satin-31.jpg","width":1080,"height":1080},{"@type":"BreadcrumbList","@id":"https:\/\/www.malinashop.lt\/lt_lt\/shop\/paese-lush-satin-31-kremine-pudra-30ml\/#breadcrumb","itemListElement":[{"@type":"ListItem","position":1,"name":"Pagrindinis","item":"https:\/\/www.malinashop.lt\/"},{"@type":"ListItem","position":2,"name":"Parduotuv\u0117","item":"https:\/\/www.malinashop.lt\/en\/parduotuve\/"},{"@type":"ListItem","position":3,"name":"PAESE LUSH SATIN 31 kremin\u0117 pudra, 30ml"}]},{"@type":"WebSite","@id":"https:\/\/www.malinashop.lt\/#website","url":"https:\/\/www.malinashop.lt\/","name":"COM Group Ecommerce","description":"MalinaShop.lt - Gro\u017eio ir sveikatos produktai i\u0161 patikim\u0173 preki\u0173 \u017eenkl\u0173. Atraskite auk\u0161tos kokyb\u0117s kosmetik\u0105 u\u017e puiki\u0105 kain\u0105.","publisher":{"@id":"https:\/\/www.malinashop.lt\/#organization"},"potentialAction":[{"@type":"SearchAction","target":{"@type":"EntryPoint","urlTemplate":"https:\/\/www.malinashop.lt\/?s={search_term_string}"},"query-input":{"@type":"PropertyValueSpecification","valueRequired":true,"valueName":"search_term_string"}}],"inLanguage":"lt-LT"},{"@type":"Organization","@id":"https:\/\/www.malinashop.lt\/#organization","name":"COM Group Ecommerce","url":"https:\/\/www.malinashop.lt\/","logo":{"@type":"ImageObject","inLanguage":"lt-LT","@id":"https:\/\/www.malinashop.lt\/#\/schema\/logo\/image\/","url":"https:\/\/www.malinashop.lt\/wp-content\/uploads\/2024\/08\/462559670_3787732518133670_9795632669273463_n-e1731525914575.png","contentUrl":"https:\/\/www.malinashop.lt\/wp-content\/uploads\/2024\/08\/462559670_3787732518133670_9795632669273463_n-e1731525914575.png","width":180,"height":60,"caption":"COM Group Ecommerce"},"image":{"@id":"https:\/\/www.malinashop.lt\/#\/schema\/logo\/image\/"}}]}},"jetpack_sharing_enabled":true,"_links":{"self":[{"href":"https:\/\/www.malinashop.lt\/lt_lt\/wp-json\/wp\/v2\/product\/63630","targetHints":{"allow":["GET"]}}],"collection":[{"href":"https:\/\/www.malinashop.lt\/lt_lt\/wp-json\/wp\/v2\/product"}],"about":[{"href":"https:\/\/www.malinashop.lt\/lt_lt\/wp-json\/wp\/v2\/types\/product"}],"version-history":[{"count":2,"href":"https:\/\/www.malinashop.lt\/lt_lt\/wp-json\/wp\/v2\/product\/63630\/revisions"}],"predecessor-version":[{"id":72184,"href":"https:\/\/www.malinashop.lt\/lt_lt\/wp-json\/wp\/v2\/product\/63630\/revisions\/72184"}],"wp:featuredmedia":[{"embeddable":true,"href":"https:\/\/www.malinashop.lt\/lt_lt\/wp-json\/wp\/v2\/media\/63632"}],"wp:attachment":[{"href":"https:\/\/www.malinashop.lt\/lt_lt\/wp-json\/wp\/v2\/media?parent=63630"}],"wp:term":[{"taxonomy":"product_brand","embeddable":true,"href":"https:\/\/www.malinashop.lt\/lt_lt\/wp-json\/wp\/v2\/product_brand?post=63630"},{"taxonomy":"product_cat","embeddable":true,"href":"https:\/\/www.malinashop.lt\/lt_lt\/wp-json\/wp\/v2\/product_cat?post=63630"},{"taxonomy":"product_tag","embeddable":true,"href":"https:\/\/www.malinashop.lt\/lt_lt\/wp-json\/wp\/v2\/product_tag?post=63630"}],"curies":[{"name":"wp","href":"https:\/\/api.w.org\/{rel}","templated":true}]}}