{"id":63566,"date":"2025-11-24T18:02:00","date_gmt":"2025-11-24T15:02:00","guid":{"rendered":"https:\/\/malinashop.lt\/?post_type=product&#038;p=63566"},"modified":"2026-02-10T12:48:14","modified_gmt":"2026-02-10T09:48:14","slug":"paese-nanorevit-perfecting-and-covering-06-pudra","status":"publish","type":"product","link":"https:\/\/www.malinashop.lt\/lt_lt\/shop\/paese-nanorevit-perfecting-and-covering-06-pudra\/","title":{"rendered":"PAESE NANOREVIT PERFECTING AND COVERING 06 pudra"},"content":{"rendered":"<p data-start=\"259\" data-end=\"549\">PAESE NANOREVIT PERFECTING AND COVERING 06 \u2013 ilgai i\u0161liekanti matin\u0117 kompaktin\u0117 pudra, sukurta tolygiam veido atspalviui ir nepriekai\u0161tingam makia\u017eo u\u017ebaigimui. Kremin\u0117, \u0161velniai maskuojanti formul\u0117 efektyviai paslepia odos nelygumus, suteikia sveikos ir nat\u016braliai spindin\u010dios odos efekt\u0105.<\/p>\n<p data-start=\"551\" data-end=\"858\">Pudra ne tik i\u0161lygina odos ton\u0105, bet ir padeda palaikyti dr\u0117gm\u0117s balans\u0105. Sud\u0117tyje esantys aktyv\u016bs komponentai pasi\u017eymi od\u0105 puosel\u0117jan\u010diomis ir anti-sen\u0117jimo savyb\u0117mis, tod\u0117l oda atrodo lygesn\u0117, elastingesn\u0117 ir skaistesn\u0117 vis\u0105 dien\u0105. Puikiai tinka kasdieniam naudojimui bei makia\u017eo atnaujinimui dienos metu.<\/p>\n<p data-start=\"860\" data-end=\"890\"><strong data-start=\"860\" data-end=\"888\">Pagrindiniai privalumai:<\/strong><\/p>\n<ul data-start=\"891\" data-end=\"1107\">\n<li data-start=\"891\" data-end=\"923\">\n<p data-start=\"893\" data-end=\"923\">Matinis efektas visai dienai<\/p>\n<\/li>\n<li data-start=\"924\" data-end=\"957\">\n<p data-start=\"926\" data-end=\"957\">Kremin\u0117, maskuojanti tekst\u016bra<\/p>\n<\/li>\n<li data-start=\"958\" data-end=\"997\">\n<p data-start=\"960\" data-end=\"997\">Paslepia odos tr\u016bkumus ir nelygumus<\/p>\n<\/li>\n<li data-start=\"998\" data-end=\"1036\">\n<p data-start=\"1000\" data-end=\"1036\">Oda atrodo gaivi, lygi ir \u0161vytinti<\/p>\n<\/li>\n<li data-start=\"1037\" data-end=\"1079\">\n<p data-start=\"1039\" data-end=\"1079\">Dr\u0117kinamosios ir anti-sen\u0117jimo savyb\u0117s<\/p>\n<\/li>\n<li data-start=\"1080\" data-end=\"1107\">\n<p data-start=\"1082\" data-end=\"1107\">Patogi kompaktin\u0117 pakuot\u0117<\/p>\n<\/li>\n<\/ul>\n","protected":false},"excerpt":{"rendered":"<p data-start=\"1167\" data-end=\"1330\">Ilgai i\u0161liekanti, kremin\u0117s tekst\u016bros kompaktin\u0117 pudra, suteikianti matin\u012f efekt\u0105 ir paslepianti odos tr\u016bkumus. Dr\u0117kina, lygina ir pasi\u017eymi anti-sen\u0117jimo savyb\u0117mis.<\/p>\n","protected":false},"featured_media":63568,"template":"","meta":[],"product_brand":[1534],"product_cat":[102,792],"product_tag":[1614],"class_list":{"0":"post-63566","1":"product","2":"type-product","3":"status-publish","4":"has-post-thumbnail","6":"product_brand-paese","7":"product_cat-dekoratyvine-kosmetika","8":"product_cat-veido-pudros","9":"product_tag-paese","11":"first","12":"instock","13":"purchasable","14":"product-type-simple"},"yoast_head":"<!-- This site is optimized with the Yoast SEO plugin v27.4 - https:\/\/yoast.com\/product\/yoast-seo-wordpress\/ -->\n<title>PAESE NANOREVIT PERFECTING AND COVERING 06 pudra - MalinaShop.lt J\u016bs\u0173 sveikatai ir gro\u017eiui.<\/title>\n<meta name=\"description\" content=\"PAESE NANOREVIT 06 \u2013 matin\u0117 kompaktin\u0117 pudra, paslepianti odos tr\u016bkumus ir suteikianti lyg\u0173, sveik\u0105 spindes\u012f. Kremin\u0117, dr\u0117kinanti.\" \/>\n<meta name=\"robots\" content=\"index, follow, max-snippet:-1, max-image-preview:large, max-video-preview:-1\" \/>\n<link rel=\"canonical\" href=\"https:\/\/www.malinashop.lt\/lt_lt\/shop\/paese-nanorevit-perfecting-and-covering-06-pudra\/\" \/>\n<meta property=\"og:locale\" content=\"lt_LT\" \/>\n<meta property=\"og:type\" content=\"article\" \/>\n<meta property=\"og:title\" content=\"PAESE NANOREVIT PERFECTING AND COVERING 06 pudra - MalinaShop.lt J\u016bs\u0173 sveikatai ir gro\u017eiui.\" \/>\n<meta property=\"og:description\" content=\"PAESE NANOREVIT 06 \u2013 matin\u0117 kompaktin\u0117 pudra, paslepianti odos tr\u016bkumus ir suteikianti lyg\u0173, sveik\u0105 spindes\u012f. Kremin\u0117, dr\u0117kinanti.\" \/>\n<meta property=\"og:url\" content=\"https:\/\/www.malinashop.lt\/lt_lt\/shop\/paese-nanorevit-perfecting-and-covering-06-pudra\/\" \/>\n<meta property=\"og:site_name\" content=\"MalinaShop.lt J\u016bs\u0173 sveikatai ir gro\u017eiui.\" \/>\n<meta property=\"article:modified_time\" content=\"2026-02-10T09:48:14+00:00\" \/>\n<meta property=\"og:image\" content=\"https:\/\/www.malinashop.lt\/wp-content\/uploads\/2025\/11\/NANOREVIT-Perfecting-and-Covering-Powder-06-2.jpg\" \/>\n\t<meta property=\"og:image:width\" content=\"1080\" \/>\n\t<meta property=\"og:image:height\" content=\"1080\" \/>\n\t<meta property=\"og:image:type\" content=\"image\/jpeg\" \/>\n<meta name=\"twitter:card\" content=\"summary_large_image\" \/>\n<script type=\"application\/ld+json\" class=\"yoast-schema-graph\">{\"@context\":\"https:\\\/\\\/schema.org\",\"@graph\":[{\"@type\":\"WebPage\",\"@id\":\"https:\\\/\\\/www.malinashop.lt\\\/shop\\\/paese-nanorevit-perfecting-and-covering-06-pudra\\\/\",\"url\":\"https:\\\/\\\/www.malinashop.lt\\\/shop\\\/paese-nanorevit-perfecting-and-covering-06-pudra\\\/\",\"name\":\"PAESE NANOREVIT PERFECTING AND COVERING 06 pudra - MalinaShop.lt J\u016bs\u0173 sveikatai ir gro\u017eiui.\",\"isPartOf\":{\"@id\":\"https:\\\/\\\/www.malinashop.lt\\\/#website\"},\"primaryImageOfPage\":{\"@id\":\"https:\\\/\\\/www.malinashop.lt\\\/shop\\\/paese-nanorevit-perfecting-and-covering-06-pudra\\\/#primaryimage\"},\"image\":{\"@id\":\"https:\\\/\\\/www.malinashop.lt\\\/shop\\\/paese-nanorevit-perfecting-and-covering-06-pudra\\\/#primaryimage\"},\"thumbnailUrl\":\"https:\\\/\\\/www.malinashop.lt\\\/wp-content\\\/uploads\\\/2025\\\/11\\\/NANOREVIT-Perfecting-and-Covering-Powder-06-2.jpg\",\"datePublished\":\"2025-11-24T15:02:00+00:00\",\"dateModified\":\"2026-02-10T09:48:14+00:00\",\"description\":\"PAESE NANOREVIT 06 \u2013 matin\u0117 kompaktin\u0117 pudra, paslepianti odos tr\u016bkumus ir suteikianti lyg\u0173, sveik\u0105 spindes\u012f. Kremin\u0117, dr\u0117kinanti.\",\"breadcrumb\":{\"@id\":\"https:\\\/\\\/www.malinashop.lt\\\/shop\\\/paese-nanorevit-perfecting-and-covering-06-pudra\\\/#breadcrumb\"},\"inLanguage\":\"lt-LT\",\"potentialAction\":[{\"@type\":\"ReadAction\",\"target\":[\"https:\\\/\\\/www.malinashop.lt\\\/shop\\\/paese-nanorevit-perfecting-and-covering-06-pudra\\\/\"]}]},{\"@type\":\"ImageObject\",\"inLanguage\":\"lt-LT\",\"@id\":\"https:\\\/\\\/www.malinashop.lt\\\/shop\\\/paese-nanorevit-perfecting-and-covering-06-pudra\\\/#primaryimage\",\"url\":\"https:\\\/\\\/www.malinashop.lt\\\/wp-content\\\/uploads\\\/2025\\\/11\\\/NANOREVIT-Perfecting-and-Covering-Powder-06-2.jpg\",\"contentUrl\":\"https:\\\/\\\/www.malinashop.lt\\\/wp-content\\\/uploads\\\/2025\\\/11\\\/NANOREVIT-Perfecting-and-Covering-Powder-06-2.jpg\",\"width\":1080,\"height\":1080},{\"@type\":\"BreadcrumbList\",\"@id\":\"https:\\\/\\\/www.malinashop.lt\\\/shop\\\/paese-nanorevit-perfecting-and-covering-06-pudra\\\/#breadcrumb\",\"itemListElement\":[{\"@type\":\"ListItem\",\"position\":1,\"name\":\"Pagrindinis\",\"item\":\"https:\\\/\\\/www.malinashop.lt\\\/\"},{\"@type\":\"ListItem\",\"position\":2,\"name\":\"Parduotuv\u0117\",\"item\":\"https:\\\/\\\/www.malinashop.lt\\\/en\\\/parduotuve\\\/\"},{\"@type\":\"ListItem\",\"position\":3,\"name\":\"PAESE NANOREVIT PERFECTING AND COVERING 06 pudra\"}]},{\"@type\":\"WebSite\",\"@id\":\"https:\\\/\\\/www.malinashop.lt\\\/#website\",\"url\":\"https:\\\/\\\/www.malinashop.lt\\\/\",\"name\":\"COM Group Ecommerce\",\"description\":\"MalinaShop.lt - Gro\u017eio ir sveikatos produktai i\u0161 patikim\u0173 preki\u0173 \u017eenkl\u0173. Atraskite auk\u0161tos kokyb\u0117s kosmetik\u0105 u\u017e puiki\u0105 kain\u0105.\",\"publisher\":{\"@id\":\"https:\\\/\\\/www.malinashop.lt\\\/#organization\"},\"potentialAction\":[{\"@type\":\"SearchAction\",\"target\":{\"@type\":\"EntryPoint\",\"urlTemplate\":\"https:\\\/\\\/www.malinashop.lt\\\/?s={search_term_string}\"},\"query-input\":{\"@type\":\"PropertyValueSpecification\",\"valueRequired\":true,\"valueName\":\"search_term_string\"}}],\"inLanguage\":\"lt-LT\"},{\"@type\":\"Organization\",\"@id\":\"https:\\\/\\\/www.malinashop.lt\\\/#organization\",\"name\":\"COM Group Ecommerce\",\"url\":\"https:\\\/\\\/www.malinashop.lt\\\/\",\"logo\":{\"@type\":\"ImageObject\",\"inLanguage\":\"lt-LT\",\"@id\":\"https:\\\/\\\/www.malinashop.lt\\\/#\\\/schema\\\/logo\\\/image\\\/\",\"url\":\"https:\\\/\\\/www.malinashop.lt\\\/wp-content\\\/uploads\\\/2024\\\/08\\\/462559670_3787732518133670_9795632669273463_n-e1731525914575.png\",\"contentUrl\":\"https:\\\/\\\/www.malinashop.lt\\\/wp-content\\\/uploads\\\/2024\\\/08\\\/462559670_3787732518133670_9795632669273463_n-e1731525914575.png\",\"width\":180,\"height\":60,\"caption\":\"COM Group Ecommerce\"},\"image\":{\"@id\":\"https:\\\/\\\/www.malinashop.lt\\\/#\\\/schema\\\/logo\\\/image\\\/\"}}]}<\/script>\n<!-- \/ Yoast SEO plugin. -->","yoast_head_json":{"title":"PAESE NANOREVIT PERFECTING AND COVERING 06 pudra - MalinaShop.lt J\u016bs\u0173 sveikatai ir gro\u017eiui.","description":"PAESE NANOREVIT 06 \u2013 matin\u0117 kompaktin\u0117 pudra, paslepianti odos tr\u016bkumus ir suteikianti lyg\u0173, sveik\u0105 spindes\u012f. Kremin\u0117, dr\u0117kinanti.","robots":{"index":"index","follow":"follow","max-snippet":"max-snippet:-1","max-image-preview":"max-image-preview:large","max-video-preview":"max-video-preview:-1"},"canonical":"https:\/\/www.malinashop.lt\/lt_lt\/shop\/paese-nanorevit-perfecting-and-covering-06-pudra\/","og_locale":"lt_LT","og_type":"article","og_title":"PAESE NANOREVIT PERFECTING AND COVERING 06 pudra - MalinaShop.lt J\u016bs\u0173 sveikatai ir gro\u017eiui.","og_description":"PAESE NANOREVIT 06 \u2013 matin\u0117 kompaktin\u0117 pudra, paslepianti odos tr\u016bkumus ir suteikianti lyg\u0173, sveik\u0105 spindes\u012f. Kremin\u0117, dr\u0117kinanti.","og_url":"https:\/\/www.malinashop.lt\/lt_lt\/shop\/paese-nanorevit-perfecting-and-covering-06-pudra\/","og_site_name":"MalinaShop.lt J\u016bs\u0173 sveikatai ir gro\u017eiui.","article_modified_time":"2026-02-10T09:48:14+00:00","og_image":[{"width":1080,"height":1080,"url":"https:\/\/www.malinashop.lt\/wp-content\/uploads\/2025\/11\/NANOREVIT-Perfecting-and-Covering-Powder-06-2.jpg","type":"image\/jpeg"}],"twitter_card":"summary_large_image","schema":{"@context":"https:\/\/schema.org","@graph":[{"@type":"WebPage","@id":"https:\/\/www.malinashop.lt\/shop\/paese-nanorevit-perfecting-and-covering-06-pudra\/","url":"https:\/\/www.malinashop.lt\/shop\/paese-nanorevit-perfecting-and-covering-06-pudra\/","name":"PAESE NANOREVIT PERFECTING AND COVERING 06 pudra - MalinaShop.lt J\u016bs\u0173 sveikatai ir gro\u017eiui.","isPartOf":{"@id":"https:\/\/www.malinashop.lt\/#website"},"primaryImageOfPage":{"@id":"https:\/\/www.malinashop.lt\/shop\/paese-nanorevit-perfecting-and-covering-06-pudra\/#primaryimage"},"image":{"@id":"https:\/\/www.malinashop.lt\/shop\/paese-nanorevit-perfecting-and-covering-06-pudra\/#primaryimage"},"thumbnailUrl":"https:\/\/www.malinashop.lt\/wp-content\/uploads\/2025\/11\/NANOREVIT-Perfecting-and-Covering-Powder-06-2.jpg","datePublished":"2025-11-24T15:02:00+00:00","dateModified":"2026-02-10T09:48:14+00:00","description":"PAESE NANOREVIT 06 \u2013 matin\u0117 kompaktin\u0117 pudra, paslepianti odos tr\u016bkumus ir suteikianti lyg\u0173, sveik\u0105 spindes\u012f. Kremin\u0117, dr\u0117kinanti.","breadcrumb":{"@id":"https:\/\/www.malinashop.lt\/shop\/paese-nanorevit-perfecting-and-covering-06-pudra\/#breadcrumb"},"inLanguage":"lt-LT","potentialAction":[{"@type":"ReadAction","target":["https:\/\/www.malinashop.lt\/shop\/paese-nanorevit-perfecting-and-covering-06-pudra\/"]}]},{"@type":"ImageObject","inLanguage":"lt-LT","@id":"https:\/\/www.malinashop.lt\/shop\/paese-nanorevit-perfecting-and-covering-06-pudra\/#primaryimage","url":"https:\/\/www.malinashop.lt\/wp-content\/uploads\/2025\/11\/NANOREVIT-Perfecting-and-Covering-Powder-06-2.jpg","contentUrl":"https:\/\/www.malinashop.lt\/wp-content\/uploads\/2025\/11\/NANOREVIT-Perfecting-and-Covering-Powder-06-2.jpg","width":1080,"height":1080},{"@type":"BreadcrumbList","@id":"https:\/\/www.malinashop.lt\/shop\/paese-nanorevit-perfecting-and-covering-06-pudra\/#breadcrumb","itemListElement":[{"@type":"ListItem","position":1,"name":"Pagrindinis","item":"https:\/\/www.malinashop.lt\/"},{"@type":"ListItem","position":2,"name":"Parduotuv\u0117","item":"https:\/\/www.malinashop.lt\/en\/parduotuve\/"},{"@type":"ListItem","position":3,"name":"PAESE NANOREVIT PERFECTING AND COVERING 06 pudra"}]},{"@type":"WebSite","@id":"https:\/\/www.malinashop.lt\/#website","url":"https:\/\/www.malinashop.lt\/","name":"COM Group Ecommerce","description":"MalinaShop.lt - Gro\u017eio ir sveikatos produktai i\u0161 patikim\u0173 preki\u0173 \u017eenkl\u0173. Atraskite auk\u0161tos kokyb\u0117s kosmetik\u0105 u\u017e puiki\u0105 kain\u0105.","publisher":{"@id":"https:\/\/www.malinashop.lt\/#organization"},"potentialAction":[{"@type":"SearchAction","target":{"@type":"EntryPoint","urlTemplate":"https:\/\/www.malinashop.lt\/?s={search_term_string}"},"query-input":{"@type":"PropertyValueSpecification","valueRequired":true,"valueName":"search_term_string"}}],"inLanguage":"lt-LT"},{"@type":"Organization","@id":"https:\/\/www.malinashop.lt\/#organization","name":"COM Group Ecommerce","url":"https:\/\/www.malinashop.lt\/","logo":{"@type":"ImageObject","inLanguage":"lt-LT","@id":"https:\/\/www.malinashop.lt\/#\/schema\/logo\/image\/","url":"https:\/\/www.malinashop.lt\/wp-content\/uploads\/2024\/08\/462559670_3787732518133670_9795632669273463_n-e1731525914575.png","contentUrl":"https:\/\/www.malinashop.lt\/wp-content\/uploads\/2024\/08\/462559670_3787732518133670_9795632669273463_n-e1731525914575.png","width":180,"height":60,"caption":"COM Group Ecommerce"},"image":{"@id":"https:\/\/www.malinashop.lt\/#\/schema\/logo\/image\/"}}]}},"jetpack_sharing_enabled":true,"_links":{"self":[{"href":"https:\/\/www.malinashop.lt\/lt_lt\/wp-json\/wp\/v2\/product\/63566","targetHints":{"allow":["GET"]}}],"collection":[{"href":"https:\/\/www.malinashop.lt\/lt_lt\/wp-json\/wp\/v2\/product"}],"about":[{"href":"https:\/\/www.malinashop.lt\/lt_lt\/wp-json\/wp\/v2\/types\/product"}],"version-history":[{"count":2,"href":"https:\/\/www.malinashop.lt\/lt_lt\/wp-json\/wp\/v2\/product\/63566\/revisions"}],"predecessor-version":[{"id":72174,"href":"https:\/\/www.malinashop.lt\/lt_lt\/wp-json\/wp\/v2\/product\/63566\/revisions\/72174"}],"wp:featuredmedia":[{"embeddable":true,"href":"https:\/\/www.malinashop.lt\/lt_lt\/wp-json\/wp\/v2\/media\/63568"}],"wp:attachment":[{"href":"https:\/\/www.malinashop.lt\/lt_lt\/wp-json\/wp\/v2\/media?parent=63566"}],"wp:term":[{"taxonomy":"product_brand","embeddable":true,"href":"https:\/\/www.malinashop.lt\/lt_lt\/wp-json\/wp\/v2\/product_brand?post=63566"},{"taxonomy":"product_cat","embeddable":true,"href":"https:\/\/www.malinashop.lt\/lt_lt\/wp-json\/wp\/v2\/product_cat?post=63566"},{"taxonomy":"product_tag","embeddable":true,"href":"https:\/\/www.malinashop.lt\/lt_lt\/wp-json\/wp\/v2\/product_tag?post=63566"}],"curies":[{"name":"wp","href":"https:\/\/api.w.org\/{rel}","templated":true}]}}