{"id":63557,"date":"2025-11-24T18:02:00","date_gmt":"2025-11-24T15:02:00","guid":{"rendered":"https:\/\/malinashop.lt\/?post_type=product&#038;p=63557"},"modified":"2026-02-10T12:48:13","modified_gmt":"2026-02-10T09:48:13","slug":"paese-nanorevit-perfecting-and-covering-02-pudra","status":"publish","type":"product","link":"https:\/\/www.malinashop.lt\/lt_lt\/shop\/paese-nanorevit-perfecting-and-covering-02-pudra\/","title":{"rendered":"PAESE NANOREVIT PERFECTING AND COVERING 02 pudra"},"content":{"rendered":"<p data-start=\"135\" data-end=\"418\"><strong data-start=\"135\" data-end=\"181\">PAESE NANOREVIT PERFECTING AND COVERING 02<\/strong> \u2013 tai ilgai i\u0161liekanti, matinio efekto kompaktin\u0117 pudra, skirta tobulai lygiai ir sveikai atrodan\u010diai odai. Kremin\u0117 ir itin glotni tekst\u016bra lengvai pasidengia, paslepia odos netobulumus ir suteikia nat\u016bral\u0173 maskavim\u0105 be kauk\u0117s efekto.<\/p>\n<p data-start=\"420\" data-end=\"690\">Pudros formul\u0117 praturtinta dr\u0117kinan\u010diais ir od\u0105 puosel\u0117jan\u010diais komponentais, kurie ne tik pagerina makia\u017eo i\u0161silaikym\u0105, bet ir padeda i\u0161laikyti odos elastingum\u0105. \u0160i pudra suteikia anti-sen\u0117jimo poveik\u012f, tod\u0117l oda atrodo lygesn\u0117, \u0161vytinti ir gerai sudr\u0117kinta vis\u0105 dien\u0105.<\/p>\n<p data-start=\"692\" data-end=\"790\">Idealiai tinka kasdieniam naudojimui, makia\u017eo u\u017ebaigimui ir greitam odos atgaivinimui dienos metu.<\/p>\n","protected":false},"excerpt":{"rendered":"<p data-start=\"831\" data-end=\"1013\">Ilgai i\u0161liekanti matin\u0117 kompaktin\u0117 pudra su glotnia, kremin\u0117s tekst\u016bros formule. Puikiai maskuoja odos netobulumus, dr\u0117kina ir suteikia jaunatvi\u0161kai lygi\u0105 bei sveikai spindin\u010di\u0105 od\u0105.<\/p>\n","protected":false},"featured_media":63559,"template":"","meta":[],"product_brand":[1534],"product_cat":[102,792],"product_tag":[1614],"class_list":{"0":"post-63557","1":"product","2":"type-product","3":"status-publish","4":"has-post-thumbnail","6":"product_brand-paese","7":"product_cat-dekoratyvine-kosmetika","8":"product_cat-veido-pudros","9":"product_tag-paese","11":"first","12":"instock","13":"purchasable","14":"product-type-simple"},"yoast_head":"<!-- This site is optimized with the Yoast SEO plugin v27.4 - https:\/\/yoast.com\/product\/yoast-seo-wordpress\/ -->\n<title>PAESE NANOREVIT PERFECTING AND COVERING 02 pudra - MalinaShop.lt J\u016bs\u0173 sveikatai ir gro\u017eiui.<\/title>\n<meta name=\"description\" content=\"Ilgai i\u0161liekanti PAESE NANOREVIT 02 kompaktin\u0117 pudra su kreminiu maskavimu. Dr\u0117kina, suteikia matin\u012f efekt\u0105 ir padeda i\u0161laikyti lygi\u0105 od\u0105.\" \/>\n<meta name=\"robots\" content=\"index, follow, max-snippet:-1, max-image-preview:large, max-video-preview:-1\" \/>\n<link rel=\"canonical\" href=\"https:\/\/www.malinashop.lt\/lt_lt\/shop\/paese-nanorevit-perfecting-and-covering-02-pudra\/\" \/>\n<meta property=\"og:locale\" content=\"lt_LT\" \/>\n<meta property=\"og:type\" content=\"article\" \/>\n<meta property=\"og:title\" content=\"PAESE NANOREVIT PERFECTING AND COVERING 02 pudra - MalinaShop.lt J\u016bs\u0173 sveikatai ir gro\u017eiui.\" \/>\n<meta property=\"og:description\" content=\"Ilgai i\u0161liekanti PAESE NANOREVIT 02 kompaktin\u0117 pudra su kreminiu maskavimu. Dr\u0117kina, suteikia matin\u012f efekt\u0105 ir padeda i\u0161laikyti lygi\u0105 od\u0105.\" \/>\n<meta property=\"og:url\" content=\"https:\/\/www.malinashop.lt\/lt_lt\/shop\/paese-nanorevit-perfecting-and-covering-02-pudra\/\" \/>\n<meta property=\"og:site_name\" content=\"MalinaShop.lt J\u016bs\u0173 sveikatai ir gro\u017eiui.\" \/>\n<meta property=\"article:modified_time\" content=\"2026-02-10T09:48:13+00:00\" \/>\n<meta property=\"og:image\" content=\"https:\/\/www.malinashop.lt\/wp-content\/uploads\/2025\/11\/NANOREVIT-Perfecting-and-Covering-Powder-02-2.jpg\" \/>\n\t<meta property=\"og:image:width\" content=\"1080\" \/>\n\t<meta property=\"og:image:height\" content=\"1080\" \/>\n\t<meta property=\"og:image:type\" content=\"image\/jpeg\" \/>\n<meta name=\"twitter:card\" content=\"summary_large_image\" \/>\n<script type=\"application\/ld+json\" class=\"yoast-schema-graph\">{\"@context\":\"https:\\\/\\\/schema.org\",\"@graph\":[{\"@type\":\"WebPage\",\"@id\":\"https:\\\/\\\/www.malinashop.lt\\\/shop\\\/paese-nanorevit-perfecting-and-covering-02-pudra\\\/\",\"url\":\"https:\\\/\\\/www.malinashop.lt\\\/shop\\\/paese-nanorevit-perfecting-and-covering-02-pudra\\\/\",\"name\":\"PAESE NANOREVIT PERFECTING AND COVERING 02 pudra - MalinaShop.lt J\u016bs\u0173 sveikatai ir gro\u017eiui.\",\"isPartOf\":{\"@id\":\"https:\\\/\\\/www.malinashop.lt\\\/#website\"},\"primaryImageOfPage\":{\"@id\":\"https:\\\/\\\/www.malinashop.lt\\\/shop\\\/paese-nanorevit-perfecting-and-covering-02-pudra\\\/#primaryimage\"},\"image\":{\"@id\":\"https:\\\/\\\/www.malinashop.lt\\\/shop\\\/paese-nanorevit-perfecting-and-covering-02-pudra\\\/#primaryimage\"},\"thumbnailUrl\":\"https:\\\/\\\/www.malinashop.lt\\\/wp-content\\\/uploads\\\/2025\\\/11\\\/NANOREVIT-Perfecting-and-Covering-Powder-02-2.jpg\",\"datePublished\":\"2025-11-24T15:02:00+00:00\",\"dateModified\":\"2026-02-10T09:48:13+00:00\",\"description\":\"Ilgai i\u0161liekanti PAESE NANOREVIT 02 kompaktin\u0117 pudra su kreminiu maskavimu. Dr\u0117kina, suteikia matin\u012f efekt\u0105 ir padeda i\u0161laikyti lygi\u0105 od\u0105.\",\"breadcrumb\":{\"@id\":\"https:\\\/\\\/www.malinashop.lt\\\/shop\\\/paese-nanorevit-perfecting-and-covering-02-pudra\\\/#breadcrumb\"},\"inLanguage\":\"lt-LT\",\"potentialAction\":[{\"@type\":\"ReadAction\",\"target\":[\"https:\\\/\\\/www.malinashop.lt\\\/shop\\\/paese-nanorevit-perfecting-and-covering-02-pudra\\\/\"]}]},{\"@type\":\"ImageObject\",\"inLanguage\":\"lt-LT\",\"@id\":\"https:\\\/\\\/www.malinashop.lt\\\/shop\\\/paese-nanorevit-perfecting-and-covering-02-pudra\\\/#primaryimage\",\"url\":\"https:\\\/\\\/www.malinashop.lt\\\/wp-content\\\/uploads\\\/2025\\\/11\\\/NANOREVIT-Perfecting-and-Covering-Powder-02-2.jpg\",\"contentUrl\":\"https:\\\/\\\/www.malinashop.lt\\\/wp-content\\\/uploads\\\/2025\\\/11\\\/NANOREVIT-Perfecting-and-Covering-Powder-02-2.jpg\",\"width\":1080,\"height\":1080},{\"@type\":\"BreadcrumbList\",\"@id\":\"https:\\\/\\\/www.malinashop.lt\\\/shop\\\/paese-nanorevit-perfecting-and-covering-02-pudra\\\/#breadcrumb\",\"itemListElement\":[{\"@type\":\"ListItem\",\"position\":1,\"name\":\"Pagrindinis\",\"item\":\"https:\\\/\\\/www.malinashop.lt\\\/\"},{\"@type\":\"ListItem\",\"position\":2,\"name\":\"Parduotuv\u0117\",\"item\":\"https:\\\/\\\/www.malinashop.lt\\\/en\\\/parduotuve\\\/\"},{\"@type\":\"ListItem\",\"position\":3,\"name\":\"PAESE NANOREVIT PERFECTING AND COVERING 02 pudra\"}]},{\"@type\":\"WebSite\",\"@id\":\"https:\\\/\\\/www.malinashop.lt\\\/#website\",\"url\":\"https:\\\/\\\/www.malinashop.lt\\\/\",\"name\":\"COM Group Ecommerce\",\"description\":\"MalinaShop.lt - Gro\u017eio ir sveikatos produktai i\u0161 patikim\u0173 preki\u0173 \u017eenkl\u0173. Atraskite auk\u0161tos kokyb\u0117s kosmetik\u0105 u\u017e puiki\u0105 kain\u0105.\",\"publisher\":{\"@id\":\"https:\\\/\\\/www.malinashop.lt\\\/#organization\"},\"potentialAction\":[{\"@type\":\"SearchAction\",\"target\":{\"@type\":\"EntryPoint\",\"urlTemplate\":\"https:\\\/\\\/www.malinashop.lt\\\/?s={search_term_string}\"},\"query-input\":{\"@type\":\"PropertyValueSpecification\",\"valueRequired\":true,\"valueName\":\"search_term_string\"}}],\"inLanguage\":\"lt-LT\"},{\"@type\":\"Organization\",\"@id\":\"https:\\\/\\\/www.malinashop.lt\\\/#organization\",\"name\":\"COM Group Ecommerce\",\"url\":\"https:\\\/\\\/www.malinashop.lt\\\/\",\"logo\":{\"@type\":\"ImageObject\",\"inLanguage\":\"lt-LT\",\"@id\":\"https:\\\/\\\/www.malinashop.lt\\\/#\\\/schema\\\/logo\\\/image\\\/\",\"url\":\"https:\\\/\\\/www.malinashop.lt\\\/wp-content\\\/uploads\\\/2024\\\/08\\\/462559670_3787732518133670_9795632669273463_n-e1731525914575.png\",\"contentUrl\":\"https:\\\/\\\/www.malinashop.lt\\\/wp-content\\\/uploads\\\/2024\\\/08\\\/462559670_3787732518133670_9795632669273463_n-e1731525914575.png\",\"width\":180,\"height\":60,\"caption\":\"COM Group Ecommerce\"},\"image\":{\"@id\":\"https:\\\/\\\/www.malinashop.lt\\\/#\\\/schema\\\/logo\\\/image\\\/\"}}]}<\/script>\n<!-- \/ Yoast SEO plugin. -->","yoast_head_json":{"title":"PAESE NANOREVIT PERFECTING AND COVERING 02 pudra - MalinaShop.lt J\u016bs\u0173 sveikatai ir gro\u017eiui.","description":"Ilgai i\u0161liekanti PAESE NANOREVIT 02 kompaktin\u0117 pudra su kreminiu maskavimu. Dr\u0117kina, suteikia matin\u012f efekt\u0105 ir padeda i\u0161laikyti lygi\u0105 od\u0105.","robots":{"index":"index","follow":"follow","max-snippet":"max-snippet:-1","max-image-preview":"max-image-preview:large","max-video-preview":"max-video-preview:-1"},"canonical":"https:\/\/www.malinashop.lt\/lt_lt\/shop\/paese-nanorevit-perfecting-and-covering-02-pudra\/","og_locale":"lt_LT","og_type":"article","og_title":"PAESE NANOREVIT PERFECTING AND COVERING 02 pudra - MalinaShop.lt J\u016bs\u0173 sveikatai ir gro\u017eiui.","og_description":"Ilgai i\u0161liekanti PAESE NANOREVIT 02 kompaktin\u0117 pudra su kreminiu maskavimu. Dr\u0117kina, suteikia matin\u012f efekt\u0105 ir padeda i\u0161laikyti lygi\u0105 od\u0105.","og_url":"https:\/\/www.malinashop.lt\/lt_lt\/shop\/paese-nanorevit-perfecting-and-covering-02-pudra\/","og_site_name":"MalinaShop.lt J\u016bs\u0173 sveikatai ir gro\u017eiui.","article_modified_time":"2026-02-10T09:48:13+00:00","og_image":[{"width":1080,"height":1080,"url":"https:\/\/www.malinashop.lt\/wp-content\/uploads\/2025\/11\/NANOREVIT-Perfecting-and-Covering-Powder-02-2.jpg","type":"image\/jpeg"}],"twitter_card":"summary_large_image","schema":{"@context":"https:\/\/schema.org","@graph":[{"@type":"WebPage","@id":"https:\/\/www.malinashop.lt\/shop\/paese-nanorevit-perfecting-and-covering-02-pudra\/","url":"https:\/\/www.malinashop.lt\/shop\/paese-nanorevit-perfecting-and-covering-02-pudra\/","name":"PAESE NANOREVIT PERFECTING AND COVERING 02 pudra - MalinaShop.lt J\u016bs\u0173 sveikatai ir gro\u017eiui.","isPartOf":{"@id":"https:\/\/www.malinashop.lt\/#website"},"primaryImageOfPage":{"@id":"https:\/\/www.malinashop.lt\/shop\/paese-nanorevit-perfecting-and-covering-02-pudra\/#primaryimage"},"image":{"@id":"https:\/\/www.malinashop.lt\/shop\/paese-nanorevit-perfecting-and-covering-02-pudra\/#primaryimage"},"thumbnailUrl":"https:\/\/www.malinashop.lt\/wp-content\/uploads\/2025\/11\/NANOREVIT-Perfecting-and-Covering-Powder-02-2.jpg","datePublished":"2025-11-24T15:02:00+00:00","dateModified":"2026-02-10T09:48:13+00:00","description":"Ilgai i\u0161liekanti PAESE NANOREVIT 02 kompaktin\u0117 pudra su kreminiu maskavimu. Dr\u0117kina, suteikia matin\u012f efekt\u0105 ir padeda i\u0161laikyti lygi\u0105 od\u0105.","breadcrumb":{"@id":"https:\/\/www.malinashop.lt\/shop\/paese-nanorevit-perfecting-and-covering-02-pudra\/#breadcrumb"},"inLanguage":"lt-LT","potentialAction":[{"@type":"ReadAction","target":["https:\/\/www.malinashop.lt\/shop\/paese-nanorevit-perfecting-and-covering-02-pudra\/"]}]},{"@type":"ImageObject","inLanguage":"lt-LT","@id":"https:\/\/www.malinashop.lt\/shop\/paese-nanorevit-perfecting-and-covering-02-pudra\/#primaryimage","url":"https:\/\/www.malinashop.lt\/wp-content\/uploads\/2025\/11\/NANOREVIT-Perfecting-and-Covering-Powder-02-2.jpg","contentUrl":"https:\/\/www.malinashop.lt\/wp-content\/uploads\/2025\/11\/NANOREVIT-Perfecting-and-Covering-Powder-02-2.jpg","width":1080,"height":1080},{"@type":"BreadcrumbList","@id":"https:\/\/www.malinashop.lt\/shop\/paese-nanorevit-perfecting-and-covering-02-pudra\/#breadcrumb","itemListElement":[{"@type":"ListItem","position":1,"name":"Pagrindinis","item":"https:\/\/www.malinashop.lt\/"},{"@type":"ListItem","position":2,"name":"Parduotuv\u0117","item":"https:\/\/www.malinashop.lt\/en\/parduotuve\/"},{"@type":"ListItem","position":3,"name":"PAESE NANOREVIT PERFECTING AND COVERING 02 pudra"}]},{"@type":"WebSite","@id":"https:\/\/www.malinashop.lt\/#website","url":"https:\/\/www.malinashop.lt\/","name":"COM Group Ecommerce","description":"MalinaShop.lt - Gro\u017eio ir sveikatos produktai i\u0161 patikim\u0173 preki\u0173 \u017eenkl\u0173. Atraskite auk\u0161tos kokyb\u0117s kosmetik\u0105 u\u017e puiki\u0105 kain\u0105.","publisher":{"@id":"https:\/\/www.malinashop.lt\/#organization"},"potentialAction":[{"@type":"SearchAction","target":{"@type":"EntryPoint","urlTemplate":"https:\/\/www.malinashop.lt\/?s={search_term_string}"},"query-input":{"@type":"PropertyValueSpecification","valueRequired":true,"valueName":"search_term_string"}}],"inLanguage":"lt-LT"},{"@type":"Organization","@id":"https:\/\/www.malinashop.lt\/#organization","name":"COM Group Ecommerce","url":"https:\/\/www.malinashop.lt\/","logo":{"@type":"ImageObject","inLanguage":"lt-LT","@id":"https:\/\/www.malinashop.lt\/#\/schema\/logo\/image\/","url":"https:\/\/www.malinashop.lt\/wp-content\/uploads\/2024\/08\/462559670_3787732518133670_9795632669273463_n-e1731525914575.png","contentUrl":"https:\/\/www.malinashop.lt\/wp-content\/uploads\/2024\/08\/462559670_3787732518133670_9795632669273463_n-e1731525914575.png","width":180,"height":60,"caption":"COM Group Ecommerce"},"image":{"@id":"https:\/\/www.malinashop.lt\/#\/schema\/logo\/image\/"}}]}},"jetpack_sharing_enabled":true,"_links":{"self":[{"href":"https:\/\/www.malinashop.lt\/lt_lt\/wp-json\/wp\/v2\/product\/63557","targetHints":{"allow":["GET"]}}],"collection":[{"href":"https:\/\/www.malinashop.lt\/lt_lt\/wp-json\/wp\/v2\/product"}],"about":[{"href":"https:\/\/www.malinashop.lt\/lt_lt\/wp-json\/wp\/v2\/types\/product"}],"version-history":[{"count":2,"href":"https:\/\/www.malinashop.lt\/lt_lt\/wp-json\/wp\/v2\/product\/63557\/revisions"}],"predecessor-version":[{"id":72172,"href":"https:\/\/www.malinashop.lt\/lt_lt\/wp-json\/wp\/v2\/product\/63557\/revisions\/72172"}],"wp:featuredmedia":[{"embeddable":true,"href":"https:\/\/www.malinashop.lt\/lt_lt\/wp-json\/wp\/v2\/media\/63559"}],"wp:attachment":[{"href":"https:\/\/www.malinashop.lt\/lt_lt\/wp-json\/wp\/v2\/media?parent=63557"}],"wp:term":[{"taxonomy":"product_brand","embeddable":true,"href":"https:\/\/www.malinashop.lt\/lt_lt\/wp-json\/wp\/v2\/product_brand?post=63557"},{"taxonomy":"product_cat","embeddable":true,"href":"https:\/\/www.malinashop.lt\/lt_lt\/wp-json\/wp\/v2\/product_cat?post=63557"},{"taxonomy":"product_tag","embeddable":true,"href":"https:\/\/www.malinashop.lt\/lt_lt\/wp-json\/wp\/v2\/product_tag?post=63557"}],"curies":[{"name":"wp","href":"https:\/\/api.w.org\/{rel}","templated":true}]}}