{"id":63551,"date":"2025-11-24T18:02:00","date_gmt":"2025-11-24T15:02:00","guid":{"rendered":"https:\/\/malinashop.lt\/?post_type=product&#038;p=63551"},"modified":"2026-02-10T12:48:13","modified_gmt":"2026-02-10T09:48:13","slug":"paese-matte-powder-semitransparent-6a-skaidri-kompaktine-pudra-9g","status":"publish","type":"product","link":"https:\/\/www.malinashop.lt\/lt_lt\/shop\/paese-matte-powder-semitransparent-6a-skaidri-kompaktine-pudra-9g\/","title":{"rendered":"PAESE MATTE POWDER SEMITRANSPARENT 6A skaidri kompaktin\u0117 pudra, 9g"},"content":{"rendered":"<p data-start=\"199\" data-end=\"547\">PAESE \u201eMATTE POWDER SEMITRANSPARENT 6A\u201c \u2013 tai itin lengva, skaidri kompaktin\u0117 pudra, sukurta normaliai ir mi\u0161riai odai. Ji puikiai tinka makia\u017eo u\u017ebaigimui ir padeda vis\u0105 dien\u0105 i\u0161laikyti nat\u016braliai matin\u012f, tolyg\u0173 odos pavir\u0161i\u0173. D\u0117l mikronizuotos tekst\u016bros pudra tampa beveik nepastebima ant veido, nesikaupia rauk\u0161lel\u0117se ir nesukuria kauk\u0117s efekto.<\/p>\n<p data-start=\"549\" data-end=\"851\">Formul\u0117 praturtinta vitaminais C, A ir E, kurie padeda i\u0161laikyti sveik\u0105 ir skais\u010di\u0105 od\u0105. Vitaminas C veikia kaip stiprus antioksidantas, palaiko kolageno sintez\u0119 ir gerina odos tonus\u0105. Vitaminai A ir E padeda stiprinti odos elastingum\u0105, l\u0117tina sen\u0117jimo procesus bei saugo epiderm\u012f nuo \u017ealing\u0173 veiksni\u0173.<\/p>\n<p data-start=\"853\" data-end=\"1021\">\u0160i kompaktin\u0117 pudra suteikia ilgai i\u0161liekant\u012f matizavim\u0105, sugeria blizges\u012f ir i\u0161laiko makia\u017eo vientisum\u0105 vis\u0105 dien\u0105. Ji neturi alergen\u0173, tod\u0117l tinka ir jautresnei odai.<\/p>\n<p data-start=\"1023\" data-end=\"1038\"><strong data-start=\"1023\" data-end=\"1034\">Kiekis:<\/strong> 9 g<\/p>\n<h4 data-start=\"1040\" data-end=\"1072\"><strong data-start=\"1044\" data-end=\"1072\">Pagrindiniai privalumai:<\/strong><\/h4>\n<ul data-start=\"1073\" data-end=\"1343\">\n<li data-start=\"1073\" data-end=\"1110\">\n<p data-start=\"1075\" data-end=\"1110\">Suteikia nat\u016braliai matin\u012f efekt\u0105<\/p>\n<\/li>\n<li data-start=\"1111\" data-end=\"1144\">\n<p data-start=\"1113\" data-end=\"1144\">Lengva, mikronizuota tekst\u016bra<\/p>\n<\/li>\n<li data-start=\"1145\" data-end=\"1188\">\n<p data-start=\"1147\" data-end=\"1188\">Nematoma ant odos, nesikaupia rauk\u0161l\u0117se<\/p>\n<\/li>\n<li data-start=\"1189\" data-end=\"1216\">\n<p data-start=\"1191\" data-end=\"1216\">Nesukuria kauk\u0117s efekto<\/p>\n<\/li>\n<li data-start=\"1217\" data-end=\"1279\">\n<p data-start=\"1219\" data-end=\"1279\">Puikiai tinka makia\u017eui u\u017ebaigti ir dienos metu pakoreguoti<\/p>\n<\/li>\n<li data-start=\"1280\" data-end=\"1306\">\n<p data-start=\"1282\" data-end=\"1306\">Sud\u0117tyje n\u0117ra alergen\u0173<\/p>\n<\/li>\n<li data-start=\"1307\" data-end=\"1343\">\n<p data-start=\"1309\" data-end=\"1343\">Praturtinta vitaminais C, A ir E<\/p>\n<\/li>\n<\/ul>\n","protected":false},"excerpt":{"rendered":"<p data-start=\"1384\" data-end=\"1623\">Lengva ir skaidri PAESE kompaktin\u0117 pudra \u201eMATTE POWDER SEMITRANSPARENT 6A\u201c suteikia nat\u016bral\u0173 matin\u012f efekt\u0105, nesikaupia rauk\u0161lel\u0117se ir i\u0161laiko makia\u017e\u0105 vis\u0105 dien\u0105. Praturtinta vitaminais C, A ir E, padedan\u010diais palaikyti sveik\u0105 ir lygi\u0105 od\u0105.<\/p>\n","protected":false},"featured_media":63553,"template":"","meta":[],"product_brand":[1534],"product_cat":[102,792],"product_tag":[1614],"class_list":{"0":"post-63551","1":"product","2":"type-product","3":"status-publish","4":"has-post-thumbnail","6":"product_brand-paese","7":"product_cat-dekoratyvine-kosmetika","8":"product_cat-veido-pudros","9":"product_tag-paese","11":"first","12":"instock","13":"purchasable","14":"product-type-simple"},"yoast_head":"<!-- This site is optimized with the Yoast SEO plugin v27.4 - https:\/\/yoast.com\/product\/yoast-seo-wordpress\/ -->\n<title>PAESE MATTE POWDER SEMITRANSPARENT 6A skaidri kompaktin\u0117 pudra, 9g - MalinaShop.lt J\u016bs\u0173 sveikatai ir gro\u017eiui.<\/title>\n<meta name=\"description\" content=\"PAESE skaidri kompaktin\u0117 pudra 6A suteikia nat\u016bral\u0173 matin\u012f efekt\u0105, lengvai fiksuoja makia\u017e\u0105 ir nesikaupia rauk\u0161l\u0117se. Praturtinta vitaminais C, A ir E.\" \/>\n<meta name=\"robots\" content=\"index, follow, max-snippet:-1, max-image-preview:large, max-video-preview:-1\" \/>\n<link rel=\"canonical\" href=\"https:\/\/www.malinashop.lt\/lt_lt\/shop\/paese-matte-powder-semitransparent-6a-skaidri-kompaktine-pudra-9g\/\" \/>\n<meta property=\"og:locale\" content=\"lt_LT\" \/>\n<meta property=\"og:type\" content=\"article\" \/>\n<meta property=\"og:title\" content=\"PAESE MATTE POWDER SEMITRANSPARENT 6A skaidri kompaktin\u0117 pudra, 9g - MalinaShop.lt J\u016bs\u0173 sveikatai ir gro\u017eiui.\" \/>\n<meta property=\"og:description\" content=\"PAESE skaidri kompaktin\u0117 pudra 6A suteikia nat\u016bral\u0173 matin\u012f efekt\u0105, lengvai fiksuoja makia\u017e\u0105 ir nesikaupia rauk\u0161l\u0117se. Praturtinta vitaminais C, A ir E.\" \/>\n<meta property=\"og:url\" content=\"https:\/\/www.malinashop.lt\/lt_lt\/shop\/paese-matte-powder-semitransparent-6a-skaidri-kompaktine-pudra-9g\/\" \/>\n<meta property=\"og:site_name\" content=\"MalinaShop.lt J\u016bs\u0173 sveikatai ir gro\u017eiui.\" \/>\n<meta property=\"article:modified_time\" content=\"2026-02-10T09:48:13+00:00\" \/>\n<meta property=\"og:image\" content=\"https:\/\/www.malinashop.lt\/wp-content\/uploads\/2025\/11\/Semi-Transparent-Matte-Powder-6A.jpg\" \/>\n\t<meta property=\"og:image:width\" content=\"280\" \/>\n\t<meta property=\"og:image:height\" content=\"210\" \/>\n\t<meta property=\"og:image:type\" content=\"image\/jpeg\" \/>\n<meta name=\"twitter:card\" content=\"summary_large_image\" \/>\n<script type=\"application\/ld+json\" class=\"yoast-schema-graph\">{\"@context\":\"https:\\\/\\\/schema.org\",\"@graph\":[{\"@type\":\"WebPage\",\"@id\":\"https:\\\/\\\/www.malinashop.lt\\\/shop\\\/paese-matte-powder-semitransparent-6a-skaidri-kompaktine-pudra-9g\\\/\",\"url\":\"https:\\\/\\\/www.malinashop.lt\\\/shop\\\/paese-matte-powder-semitransparent-6a-skaidri-kompaktine-pudra-9g\\\/\",\"name\":\"PAESE MATTE POWDER SEMITRANSPARENT 6A skaidri kompaktin\u0117 pudra, 9g - MalinaShop.lt J\u016bs\u0173 sveikatai ir gro\u017eiui.\",\"isPartOf\":{\"@id\":\"https:\\\/\\\/www.malinashop.lt\\\/#website\"},\"primaryImageOfPage\":{\"@id\":\"https:\\\/\\\/www.malinashop.lt\\\/shop\\\/paese-matte-powder-semitransparent-6a-skaidri-kompaktine-pudra-9g\\\/#primaryimage\"},\"image\":{\"@id\":\"https:\\\/\\\/www.malinashop.lt\\\/shop\\\/paese-matte-powder-semitransparent-6a-skaidri-kompaktine-pudra-9g\\\/#primaryimage\"},\"thumbnailUrl\":\"https:\\\/\\\/www.malinashop.lt\\\/wp-content\\\/uploads\\\/2025\\\/11\\\/Semi-Transparent-Matte-Powder-6A.jpg\",\"datePublished\":\"2025-11-24T15:02:00+00:00\",\"dateModified\":\"2026-02-10T09:48:13+00:00\",\"description\":\"PAESE skaidri kompaktin\u0117 pudra 6A suteikia nat\u016bral\u0173 matin\u012f efekt\u0105, lengvai fiksuoja makia\u017e\u0105 ir nesikaupia rauk\u0161l\u0117se. Praturtinta vitaminais C, A ir E.\",\"breadcrumb\":{\"@id\":\"https:\\\/\\\/www.malinashop.lt\\\/shop\\\/paese-matte-powder-semitransparent-6a-skaidri-kompaktine-pudra-9g\\\/#breadcrumb\"},\"inLanguage\":\"lt-LT\",\"potentialAction\":[{\"@type\":\"ReadAction\",\"target\":[\"https:\\\/\\\/www.malinashop.lt\\\/shop\\\/paese-matte-powder-semitransparent-6a-skaidri-kompaktine-pudra-9g\\\/\"]}]},{\"@type\":\"ImageObject\",\"inLanguage\":\"lt-LT\",\"@id\":\"https:\\\/\\\/www.malinashop.lt\\\/shop\\\/paese-matte-powder-semitransparent-6a-skaidri-kompaktine-pudra-9g\\\/#primaryimage\",\"url\":\"https:\\\/\\\/www.malinashop.lt\\\/wp-content\\\/uploads\\\/2025\\\/11\\\/Semi-Transparent-Matte-Powder-6A.jpg\",\"contentUrl\":\"https:\\\/\\\/www.malinashop.lt\\\/wp-content\\\/uploads\\\/2025\\\/11\\\/Semi-Transparent-Matte-Powder-6A.jpg\",\"width\":280,\"height\":210},{\"@type\":\"BreadcrumbList\",\"@id\":\"https:\\\/\\\/www.malinashop.lt\\\/shop\\\/paese-matte-powder-semitransparent-6a-skaidri-kompaktine-pudra-9g\\\/#breadcrumb\",\"itemListElement\":[{\"@type\":\"ListItem\",\"position\":1,\"name\":\"Pagrindinis\",\"item\":\"https:\\\/\\\/www.malinashop.lt\\\/\"},{\"@type\":\"ListItem\",\"position\":2,\"name\":\"Parduotuv\u0117\",\"item\":\"https:\\\/\\\/www.malinashop.lt\\\/en\\\/parduotuve\\\/\"},{\"@type\":\"ListItem\",\"position\":3,\"name\":\"PAESE MATTE POWDER SEMITRANSPARENT 6A skaidri kompaktin\u0117 pudra, 9g\"}]},{\"@type\":\"WebSite\",\"@id\":\"https:\\\/\\\/www.malinashop.lt\\\/#website\",\"url\":\"https:\\\/\\\/www.malinashop.lt\\\/\",\"name\":\"COM Group Ecommerce\",\"description\":\"MalinaShop.lt - Gro\u017eio ir sveikatos produktai i\u0161 patikim\u0173 preki\u0173 \u017eenkl\u0173. Atraskite auk\u0161tos kokyb\u0117s kosmetik\u0105 u\u017e puiki\u0105 kain\u0105.\",\"publisher\":{\"@id\":\"https:\\\/\\\/www.malinashop.lt\\\/#organization\"},\"potentialAction\":[{\"@type\":\"SearchAction\",\"target\":{\"@type\":\"EntryPoint\",\"urlTemplate\":\"https:\\\/\\\/www.malinashop.lt\\\/?s={search_term_string}\"},\"query-input\":{\"@type\":\"PropertyValueSpecification\",\"valueRequired\":true,\"valueName\":\"search_term_string\"}}],\"inLanguage\":\"lt-LT\"},{\"@type\":\"Organization\",\"@id\":\"https:\\\/\\\/www.malinashop.lt\\\/#organization\",\"name\":\"COM Group Ecommerce\",\"url\":\"https:\\\/\\\/www.malinashop.lt\\\/\",\"logo\":{\"@type\":\"ImageObject\",\"inLanguage\":\"lt-LT\",\"@id\":\"https:\\\/\\\/www.malinashop.lt\\\/#\\\/schema\\\/logo\\\/image\\\/\",\"url\":\"https:\\\/\\\/www.malinashop.lt\\\/wp-content\\\/uploads\\\/2024\\\/08\\\/462559670_3787732518133670_9795632669273463_n-e1731525914575.png\",\"contentUrl\":\"https:\\\/\\\/www.malinashop.lt\\\/wp-content\\\/uploads\\\/2024\\\/08\\\/462559670_3787732518133670_9795632669273463_n-e1731525914575.png\",\"width\":180,\"height\":60,\"caption\":\"COM Group Ecommerce\"},\"image\":{\"@id\":\"https:\\\/\\\/www.malinashop.lt\\\/#\\\/schema\\\/logo\\\/image\\\/\"}}]}<\/script>\n<!-- \/ Yoast SEO plugin. -->","yoast_head_json":{"title":"PAESE MATTE POWDER SEMITRANSPARENT 6A skaidri kompaktin\u0117 pudra, 9g - MalinaShop.lt J\u016bs\u0173 sveikatai ir gro\u017eiui.","description":"PAESE skaidri kompaktin\u0117 pudra 6A suteikia nat\u016bral\u0173 matin\u012f efekt\u0105, lengvai fiksuoja makia\u017e\u0105 ir nesikaupia rauk\u0161l\u0117se. Praturtinta vitaminais C, A ir E.","robots":{"index":"index","follow":"follow","max-snippet":"max-snippet:-1","max-image-preview":"max-image-preview:large","max-video-preview":"max-video-preview:-1"},"canonical":"https:\/\/www.malinashop.lt\/lt_lt\/shop\/paese-matte-powder-semitransparent-6a-skaidri-kompaktine-pudra-9g\/","og_locale":"lt_LT","og_type":"article","og_title":"PAESE MATTE POWDER SEMITRANSPARENT 6A skaidri kompaktin\u0117 pudra, 9g - MalinaShop.lt J\u016bs\u0173 sveikatai ir gro\u017eiui.","og_description":"PAESE skaidri kompaktin\u0117 pudra 6A suteikia nat\u016bral\u0173 matin\u012f efekt\u0105, lengvai fiksuoja makia\u017e\u0105 ir nesikaupia rauk\u0161l\u0117se. Praturtinta vitaminais C, A ir E.","og_url":"https:\/\/www.malinashop.lt\/lt_lt\/shop\/paese-matte-powder-semitransparent-6a-skaidri-kompaktine-pudra-9g\/","og_site_name":"MalinaShop.lt J\u016bs\u0173 sveikatai ir gro\u017eiui.","article_modified_time":"2026-02-10T09:48:13+00:00","og_image":[{"width":280,"height":210,"url":"https:\/\/www.malinashop.lt\/wp-content\/uploads\/2025\/11\/Semi-Transparent-Matte-Powder-6A.jpg","type":"image\/jpeg"}],"twitter_card":"summary_large_image","schema":{"@context":"https:\/\/schema.org","@graph":[{"@type":"WebPage","@id":"https:\/\/www.malinashop.lt\/shop\/paese-matte-powder-semitransparent-6a-skaidri-kompaktine-pudra-9g\/","url":"https:\/\/www.malinashop.lt\/shop\/paese-matte-powder-semitransparent-6a-skaidri-kompaktine-pudra-9g\/","name":"PAESE MATTE POWDER SEMITRANSPARENT 6A skaidri kompaktin\u0117 pudra, 9g - MalinaShop.lt J\u016bs\u0173 sveikatai ir gro\u017eiui.","isPartOf":{"@id":"https:\/\/www.malinashop.lt\/#website"},"primaryImageOfPage":{"@id":"https:\/\/www.malinashop.lt\/shop\/paese-matte-powder-semitransparent-6a-skaidri-kompaktine-pudra-9g\/#primaryimage"},"image":{"@id":"https:\/\/www.malinashop.lt\/shop\/paese-matte-powder-semitransparent-6a-skaidri-kompaktine-pudra-9g\/#primaryimage"},"thumbnailUrl":"https:\/\/www.malinashop.lt\/wp-content\/uploads\/2025\/11\/Semi-Transparent-Matte-Powder-6A.jpg","datePublished":"2025-11-24T15:02:00+00:00","dateModified":"2026-02-10T09:48:13+00:00","description":"PAESE skaidri kompaktin\u0117 pudra 6A suteikia nat\u016bral\u0173 matin\u012f efekt\u0105, lengvai fiksuoja makia\u017e\u0105 ir nesikaupia rauk\u0161l\u0117se. Praturtinta vitaminais C, A ir E.","breadcrumb":{"@id":"https:\/\/www.malinashop.lt\/shop\/paese-matte-powder-semitransparent-6a-skaidri-kompaktine-pudra-9g\/#breadcrumb"},"inLanguage":"lt-LT","potentialAction":[{"@type":"ReadAction","target":["https:\/\/www.malinashop.lt\/shop\/paese-matte-powder-semitransparent-6a-skaidri-kompaktine-pudra-9g\/"]}]},{"@type":"ImageObject","inLanguage":"lt-LT","@id":"https:\/\/www.malinashop.lt\/shop\/paese-matte-powder-semitransparent-6a-skaidri-kompaktine-pudra-9g\/#primaryimage","url":"https:\/\/www.malinashop.lt\/wp-content\/uploads\/2025\/11\/Semi-Transparent-Matte-Powder-6A.jpg","contentUrl":"https:\/\/www.malinashop.lt\/wp-content\/uploads\/2025\/11\/Semi-Transparent-Matte-Powder-6A.jpg","width":280,"height":210},{"@type":"BreadcrumbList","@id":"https:\/\/www.malinashop.lt\/shop\/paese-matte-powder-semitransparent-6a-skaidri-kompaktine-pudra-9g\/#breadcrumb","itemListElement":[{"@type":"ListItem","position":1,"name":"Pagrindinis","item":"https:\/\/www.malinashop.lt\/"},{"@type":"ListItem","position":2,"name":"Parduotuv\u0117","item":"https:\/\/www.malinashop.lt\/en\/parduotuve\/"},{"@type":"ListItem","position":3,"name":"PAESE MATTE POWDER SEMITRANSPARENT 6A skaidri kompaktin\u0117 pudra, 9g"}]},{"@type":"WebSite","@id":"https:\/\/www.malinashop.lt\/#website","url":"https:\/\/www.malinashop.lt\/","name":"COM Group Ecommerce","description":"MalinaShop.lt - Gro\u017eio ir sveikatos produktai i\u0161 patikim\u0173 preki\u0173 \u017eenkl\u0173. Atraskite auk\u0161tos kokyb\u0117s kosmetik\u0105 u\u017e puiki\u0105 kain\u0105.","publisher":{"@id":"https:\/\/www.malinashop.lt\/#organization"},"potentialAction":[{"@type":"SearchAction","target":{"@type":"EntryPoint","urlTemplate":"https:\/\/www.malinashop.lt\/?s={search_term_string}"},"query-input":{"@type":"PropertyValueSpecification","valueRequired":true,"valueName":"search_term_string"}}],"inLanguage":"lt-LT"},{"@type":"Organization","@id":"https:\/\/www.malinashop.lt\/#organization","name":"COM Group Ecommerce","url":"https:\/\/www.malinashop.lt\/","logo":{"@type":"ImageObject","inLanguage":"lt-LT","@id":"https:\/\/www.malinashop.lt\/#\/schema\/logo\/image\/","url":"https:\/\/www.malinashop.lt\/wp-content\/uploads\/2024\/08\/462559670_3787732518133670_9795632669273463_n-e1731525914575.png","contentUrl":"https:\/\/www.malinashop.lt\/wp-content\/uploads\/2024\/08\/462559670_3787732518133670_9795632669273463_n-e1731525914575.png","width":180,"height":60,"caption":"COM Group Ecommerce"},"image":{"@id":"https:\/\/www.malinashop.lt\/#\/schema\/logo\/image\/"}}]}},"jetpack_sharing_enabled":true,"_links":{"self":[{"href":"https:\/\/www.malinashop.lt\/lt_lt\/wp-json\/wp\/v2\/product\/63551","targetHints":{"allow":["GET"]}}],"collection":[{"href":"https:\/\/www.malinashop.lt\/lt_lt\/wp-json\/wp\/v2\/product"}],"about":[{"href":"https:\/\/www.malinashop.lt\/lt_lt\/wp-json\/wp\/v2\/types\/product"}],"version-history":[{"count":2,"href":"https:\/\/www.malinashop.lt\/lt_lt\/wp-json\/wp\/v2\/product\/63551\/revisions"}],"predecessor-version":[{"id":72170,"href":"https:\/\/www.malinashop.lt\/lt_lt\/wp-json\/wp\/v2\/product\/63551\/revisions\/72170"}],"wp:featuredmedia":[{"embeddable":true,"href":"https:\/\/www.malinashop.lt\/lt_lt\/wp-json\/wp\/v2\/media\/63553"}],"wp:attachment":[{"href":"https:\/\/www.malinashop.lt\/lt_lt\/wp-json\/wp\/v2\/media?parent=63551"}],"wp:term":[{"taxonomy":"product_brand","embeddable":true,"href":"https:\/\/www.malinashop.lt\/lt_lt\/wp-json\/wp\/v2\/product_brand?post=63551"},{"taxonomy":"product_cat","embeddable":true,"href":"https:\/\/www.malinashop.lt\/lt_lt\/wp-json\/wp\/v2\/product_cat?post=63551"},{"taxonomy":"product_tag","embeddable":true,"href":"https:\/\/www.malinashop.lt\/lt_lt\/wp-json\/wp\/v2\/product_tag?post=63551"}],"curies":[{"name":"wp","href":"https:\/\/api.w.org\/{rel}","templated":true}]}}