{"id":63542,"date":"2025-11-24T18:02:00","date_gmt":"2025-11-24T15:02:00","guid":{"rendered":"https:\/\/malinashop.lt\/?post_type=product&#038;p=63542"},"modified":"2026-02-10T12:48:16","modified_gmt":"2026-02-10T09:48:16","slug":"paese-matte-powder-semitransparent-1a-skaidri-kompaktine-pudra-9g","status":"publish","type":"product","link":"https:\/\/www.malinashop.lt\/lt_lt\/shop\/paese-matte-powder-semitransparent-1a-skaidri-kompaktine-pudra-9g\/","title":{"rendered":"PAESE MATTE POWDER SEMITRANSPARENT 1A skaidri kompaktin\u0117 pudra, 9g"},"content":{"rendered":"<p data-start=\"173\" data-end=\"459\"><strong data-start=\"173\" data-end=\"244\">PAESE skaidri kompaktin\u0117 pudra MATTE POWDER SEMITRANSPARENT 1A, 9 g<\/strong> \u2013 tai lengva, universali kompaktin\u0117 pudra, sukurta normaliai ir mi\u0161riai odai. Skaidri formul\u0117 suteikia nat\u016bral\u0173 matin\u012f efekt\u0105, sulygina odos atspalv\u012f ir padeda i\u0161laikyti nepriekai\u0161ting\u0105 makia\u017eo i\u0161vaizd\u0105 vis\u0105 dien\u0105.<\/p>\n<p data-start=\"461\" data-end=\"696\">D\u0117l pa\u017eangios mikronizacijos technologijos pudra yra itin \u0161velni, lengvai pasiskirsto ir tampa beveik nematoma ant odos. Ji nesikaupia rauk\u0161lel\u0117se, neapsunkina odos ir nepalieka kauk\u0117s efekto, tod\u0117l puikiai tinka kasdieniam naudojimui.<\/p>\n<p data-start=\"698\" data-end=\"902\">Formul\u0117je esantys <strong data-start=\"716\" data-end=\"739\">vitaminai C, A ir E<\/strong> suteikia odai papildomos naudos \u2013 gerina tonus\u0105, palaiko elastingum\u0105, saugo epiderm\u012f nuo oksidacini\u0173 pa\u017eeidim\u0173 ir padeda sul\u0117tinti sen\u0117jimo procesus. Be alergen\u0173.<\/p>\n<h4 data-start=\"904\" data-end=\"919\">Privalumai:<\/h4>\n<ul data-start=\"920\" data-end=\"1188\">\n<li data-start=\"920\" data-end=\"955\">\n<p data-start=\"922\" data-end=\"955\">Suteikia nat\u016bral\u0173 matin\u012f efekt\u0105<\/p>\n<\/li>\n<li data-start=\"956\" data-end=\"1016\">\n<p data-start=\"958\" data-end=\"1016\">Skaidri ir universali \u2013 tinka \u012fvairiems odos atspalviams<\/p>\n<\/li>\n<li data-start=\"1017\" data-end=\"1063\">\n<p data-start=\"1019\" data-end=\"1063\">Neapsunkina odos ir nesikaupia rauk\u0161lel\u0117se<\/p>\n<\/li>\n<li data-start=\"1064\" data-end=\"1095\">\n<p data-start=\"1066\" data-end=\"1095\">Praturtinta antioksidantais<\/p>\n<\/li>\n<li data-start=\"1096\" data-end=\"1152\">\n<p data-start=\"1098\" data-end=\"1152\">Ideali makia\u017eo u\u017ebaigimui ir dienos metu pakoreguoti<\/p>\n<\/li>\n<li data-start=\"1153\" data-end=\"1188\">\n<p data-start=\"1155\" data-end=\"1188\">Tinka normaliai ir mi\u0161riai odai<\/p>\n<\/li>\n<\/ul>\n<p data-start=\"1190\" data-end=\"1205\"><strong data-start=\"1190\" data-end=\"1205\">Kiekis: 9 g<\/strong><\/p>\n","protected":false},"excerpt":{"rendered":"<p data-start=\"1244\" data-end=\"1433\">Lengva, skaidri kompaktin\u0117 pudra normaliai ir mi\u0161riai odai. Suteikia nat\u016bral\u0173 matin\u012f efekt\u0105, sulygina odos ton\u0105 ir i\u0161laiko makia\u017e\u0105 vis\u0105 dien\u0105. Praturtinta vitaminais C, A ir E. Be alergen\u0173.<\/p>\n","protected":false},"featured_media":63544,"template":"","meta":[],"product_brand":[1534],"product_cat":[102,792],"product_tag":[1614],"class_list":{"0":"post-63542","1":"product","2":"type-product","3":"status-publish","4":"has-post-thumbnail","6":"product_brand-paese","7":"product_cat-dekoratyvine-kosmetika","8":"product_cat-veido-pudros","9":"product_tag-paese","11":"first","12":"instock","13":"purchasable","14":"product-type-simple"},"yoast_head":"<!-- This site is optimized with the Yoast SEO plugin v27.4 - https:\/\/yoast.com\/product\/yoast-seo-wordpress\/ -->\n<title>PAESE MATTE POWDER SEMITRANSPARENT 1A skaidri kompaktin\u0117 pudra, 9g - MalinaShop.lt J\u016bs\u0173 sveikatai ir gro\u017eiui.<\/title>\n<meta name=\"description\" content=\"PAESE skaidri kompaktin\u0117 pudra MATTE POWDER SEMITRANSPARENT 1A \u2013 lengva, matin\u0117 pudra normaliai ir mi\u0161riai odai.\" \/>\n<meta name=\"robots\" content=\"index, follow, max-snippet:-1, max-image-preview:large, max-video-preview:-1\" \/>\n<link rel=\"canonical\" href=\"https:\/\/www.malinashop.lt\/lt_lt\/shop\/paese-matte-powder-semitransparent-1a-skaidri-kompaktine-pudra-9g\/\" \/>\n<meta property=\"og:locale\" content=\"lt_LT\" \/>\n<meta property=\"og:type\" content=\"article\" \/>\n<meta property=\"og:title\" content=\"PAESE MATTE POWDER SEMITRANSPARENT 1A skaidri kompaktin\u0117 pudra, 9g - MalinaShop.lt J\u016bs\u0173 sveikatai ir gro\u017eiui.\" \/>\n<meta property=\"og:description\" content=\"PAESE skaidri kompaktin\u0117 pudra MATTE POWDER SEMITRANSPARENT 1A \u2013 lengva, matin\u0117 pudra normaliai ir mi\u0161riai odai.\" \/>\n<meta property=\"og:url\" content=\"https:\/\/www.malinashop.lt\/lt_lt\/shop\/paese-matte-powder-semitransparent-1a-skaidri-kompaktine-pudra-9g\/\" \/>\n<meta property=\"og:site_name\" content=\"MalinaShop.lt J\u016bs\u0173 sveikatai ir gro\u017eiui.\" \/>\n<meta property=\"article:modified_time\" content=\"2026-02-10T09:48:16+00:00\" \/>\n<meta property=\"og:image\" content=\"https:\/\/www.malinashop.lt\/wp-content\/uploads\/2025\/11\/Semi-Transparent-Matte-Powder-1A.jpg\" \/>\n\t<meta property=\"og:image:width\" content=\"280\" \/>\n\t<meta property=\"og:image:height\" content=\"210\" \/>\n\t<meta property=\"og:image:type\" content=\"image\/jpeg\" \/>\n<meta name=\"twitter:card\" content=\"summary_large_image\" \/>\n<script type=\"application\/ld+json\" class=\"yoast-schema-graph\">{\"@context\":\"https:\\\/\\\/schema.org\",\"@graph\":[{\"@type\":\"WebPage\",\"@id\":\"https:\\\/\\\/www.malinashop.lt\\\/shop\\\/paese-matte-powder-semitransparent-1a-skaidri-kompaktine-pudra-9g\\\/\",\"url\":\"https:\\\/\\\/www.malinashop.lt\\\/shop\\\/paese-matte-powder-semitransparent-1a-skaidri-kompaktine-pudra-9g\\\/\",\"name\":\"PAESE MATTE POWDER SEMITRANSPARENT 1A skaidri kompaktin\u0117 pudra, 9g - MalinaShop.lt J\u016bs\u0173 sveikatai ir gro\u017eiui.\",\"isPartOf\":{\"@id\":\"https:\\\/\\\/www.malinashop.lt\\\/#website\"},\"primaryImageOfPage\":{\"@id\":\"https:\\\/\\\/www.malinashop.lt\\\/shop\\\/paese-matte-powder-semitransparent-1a-skaidri-kompaktine-pudra-9g\\\/#primaryimage\"},\"image\":{\"@id\":\"https:\\\/\\\/www.malinashop.lt\\\/shop\\\/paese-matte-powder-semitransparent-1a-skaidri-kompaktine-pudra-9g\\\/#primaryimage\"},\"thumbnailUrl\":\"https:\\\/\\\/www.malinashop.lt\\\/wp-content\\\/uploads\\\/2025\\\/11\\\/Semi-Transparent-Matte-Powder-1A.jpg\",\"datePublished\":\"2025-11-24T15:02:00+00:00\",\"dateModified\":\"2026-02-10T09:48:16+00:00\",\"description\":\"PAESE skaidri kompaktin\u0117 pudra MATTE POWDER SEMITRANSPARENT 1A \u2013 lengva, matin\u0117 pudra normaliai ir mi\u0161riai odai.\",\"breadcrumb\":{\"@id\":\"https:\\\/\\\/www.malinashop.lt\\\/shop\\\/paese-matte-powder-semitransparent-1a-skaidri-kompaktine-pudra-9g\\\/#breadcrumb\"},\"inLanguage\":\"lt-LT\",\"potentialAction\":[{\"@type\":\"ReadAction\",\"target\":[\"https:\\\/\\\/www.malinashop.lt\\\/shop\\\/paese-matte-powder-semitransparent-1a-skaidri-kompaktine-pudra-9g\\\/\"]}]},{\"@type\":\"ImageObject\",\"inLanguage\":\"lt-LT\",\"@id\":\"https:\\\/\\\/www.malinashop.lt\\\/shop\\\/paese-matte-powder-semitransparent-1a-skaidri-kompaktine-pudra-9g\\\/#primaryimage\",\"url\":\"https:\\\/\\\/www.malinashop.lt\\\/wp-content\\\/uploads\\\/2025\\\/11\\\/Semi-Transparent-Matte-Powder-1A.jpg\",\"contentUrl\":\"https:\\\/\\\/www.malinashop.lt\\\/wp-content\\\/uploads\\\/2025\\\/11\\\/Semi-Transparent-Matte-Powder-1A.jpg\",\"width\":280,\"height\":210},{\"@type\":\"BreadcrumbList\",\"@id\":\"https:\\\/\\\/www.malinashop.lt\\\/shop\\\/paese-matte-powder-semitransparent-1a-skaidri-kompaktine-pudra-9g\\\/#breadcrumb\",\"itemListElement\":[{\"@type\":\"ListItem\",\"position\":1,\"name\":\"Pagrindinis\",\"item\":\"https:\\\/\\\/www.malinashop.lt\\\/\"},{\"@type\":\"ListItem\",\"position\":2,\"name\":\"Parduotuv\u0117\",\"item\":\"https:\\\/\\\/www.malinashop.lt\\\/en\\\/parduotuve\\\/\"},{\"@type\":\"ListItem\",\"position\":3,\"name\":\"PAESE MATTE POWDER SEMITRANSPARENT 1A skaidri kompaktin\u0117 pudra, 9g\"}]},{\"@type\":\"WebSite\",\"@id\":\"https:\\\/\\\/www.malinashop.lt\\\/#website\",\"url\":\"https:\\\/\\\/www.malinashop.lt\\\/\",\"name\":\"COM Group Ecommerce\",\"description\":\"MalinaShop.lt - Gro\u017eio ir sveikatos produktai i\u0161 patikim\u0173 preki\u0173 \u017eenkl\u0173. Atraskite auk\u0161tos kokyb\u0117s kosmetik\u0105 u\u017e puiki\u0105 kain\u0105.\",\"publisher\":{\"@id\":\"https:\\\/\\\/www.malinashop.lt\\\/#organization\"},\"potentialAction\":[{\"@type\":\"SearchAction\",\"target\":{\"@type\":\"EntryPoint\",\"urlTemplate\":\"https:\\\/\\\/www.malinashop.lt\\\/?s={search_term_string}\"},\"query-input\":{\"@type\":\"PropertyValueSpecification\",\"valueRequired\":true,\"valueName\":\"search_term_string\"}}],\"inLanguage\":\"lt-LT\"},{\"@type\":\"Organization\",\"@id\":\"https:\\\/\\\/www.malinashop.lt\\\/#organization\",\"name\":\"COM Group Ecommerce\",\"url\":\"https:\\\/\\\/www.malinashop.lt\\\/\",\"logo\":{\"@type\":\"ImageObject\",\"inLanguage\":\"lt-LT\",\"@id\":\"https:\\\/\\\/www.malinashop.lt\\\/#\\\/schema\\\/logo\\\/image\\\/\",\"url\":\"https:\\\/\\\/www.malinashop.lt\\\/wp-content\\\/uploads\\\/2024\\\/08\\\/462559670_3787732518133670_9795632669273463_n-e1731525914575.png\",\"contentUrl\":\"https:\\\/\\\/www.malinashop.lt\\\/wp-content\\\/uploads\\\/2024\\\/08\\\/462559670_3787732518133670_9795632669273463_n-e1731525914575.png\",\"width\":180,\"height\":60,\"caption\":\"COM Group Ecommerce\"},\"image\":{\"@id\":\"https:\\\/\\\/www.malinashop.lt\\\/#\\\/schema\\\/logo\\\/image\\\/\"}}]}<\/script>\n<!-- \/ Yoast SEO plugin. -->","yoast_head_json":{"title":"PAESE MATTE POWDER SEMITRANSPARENT 1A skaidri kompaktin\u0117 pudra, 9g - MalinaShop.lt J\u016bs\u0173 sveikatai ir gro\u017eiui.","description":"PAESE skaidri kompaktin\u0117 pudra MATTE POWDER SEMITRANSPARENT 1A \u2013 lengva, matin\u0117 pudra normaliai ir mi\u0161riai odai.","robots":{"index":"index","follow":"follow","max-snippet":"max-snippet:-1","max-image-preview":"max-image-preview:large","max-video-preview":"max-video-preview:-1"},"canonical":"https:\/\/www.malinashop.lt\/lt_lt\/shop\/paese-matte-powder-semitransparent-1a-skaidri-kompaktine-pudra-9g\/","og_locale":"lt_LT","og_type":"article","og_title":"PAESE MATTE POWDER SEMITRANSPARENT 1A skaidri kompaktin\u0117 pudra, 9g - MalinaShop.lt J\u016bs\u0173 sveikatai ir gro\u017eiui.","og_description":"PAESE skaidri kompaktin\u0117 pudra MATTE POWDER SEMITRANSPARENT 1A \u2013 lengva, matin\u0117 pudra normaliai ir mi\u0161riai odai.","og_url":"https:\/\/www.malinashop.lt\/lt_lt\/shop\/paese-matte-powder-semitransparent-1a-skaidri-kompaktine-pudra-9g\/","og_site_name":"MalinaShop.lt J\u016bs\u0173 sveikatai ir gro\u017eiui.","article_modified_time":"2026-02-10T09:48:16+00:00","og_image":[{"width":280,"height":210,"url":"https:\/\/www.malinashop.lt\/wp-content\/uploads\/2025\/11\/Semi-Transparent-Matte-Powder-1A.jpg","type":"image\/jpeg"}],"twitter_card":"summary_large_image","schema":{"@context":"https:\/\/schema.org","@graph":[{"@type":"WebPage","@id":"https:\/\/www.malinashop.lt\/shop\/paese-matte-powder-semitransparent-1a-skaidri-kompaktine-pudra-9g\/","url":"https:\/\/www.malinashop.lt\/shop\/paese-matte-powder-semitransparent-1a-skaidri-kompaktine-pudra-9g\/","name":"PAESE MATTE POWDER SEMITRANSPARENT 1A skaidri kompaktin\u0117 pudra, 9g - MalinaShop.lt J\u016bs\u0173 sveikatai ir gro\u017eiui.","isPartOf":{"@id":"https:\/\/www.malinashop.lt\/#website"},"primaryImageOfPage":{"@id":"https:\/\/www.malinashop.lt\/shop\/paese-matte-powder-semitransparent-1a-skaidri-kompaktine-pudra-9g\/#primaryimage"},"image":{"@id":"https:\/\/www.malinashop.lt\/shop\/paese-matte-powder-semitransparent-1a-skaidri-kompaktine-pudra-9g\/#primaryimage"},"thumbnailUrl":"https:\/\/www.malinashop.lt\/wp-content\/uploads\/2025\/11\/Semi-Transparent-Matte-Powder-1A.jpg","datePublished":"2025-11-24T15:02:00+00:00","dateModified":"2026-02-10T09:48:16+00:00","description":"PAESE skaidri kompaktin\u0117 pudra MATTE POWDER SEMITRANSPARENT 1A \u2013 lengva, matin\u0117 pudra normaliai ir mi\u0161riai odai.","breadcrumb":{"@id":"https:\/\/www.malinashop.lt\/shop\/paese-matte-powder-semitransparent-1a-skaidri-kompaktine-pudra-9g\/#breadcrumb"},"inLanguage":"lt-LT","potentialAction":[{"@type":"ReadAction","target":["https:\/\/www.malinashop.lt\/shop\/paese-matte-powder-semitransparent-1a-skaidri-kompaktine-pudra-9g\/"]}]},{"@type":"ImageObject","inLanguage":"lt-LT","@id":"https:\/\/www.malinashop.lt\/shop\/paese-matte-powder-semitransparent-1a-skaidri-kompaktine-pudra-9g\/#primaryimage","url":"https:\/\/www.malinashop.lt\/wp-content\/uploads\/2025\/11\/Semi-Transparent-Matte-Powder-1A.jpg","contentUrl":"https:\/\/www.malinashop.lt\/wp-content\/uploads\/2025\/11\/Semi-Transparent-Matte-Powder-1A.jpg","width":280,"height":210},{"@type":"BreadcrumbList","@id":"https:\/\/www.malinashop.lt\/shop\/paese-matte-powder-semitransparent-1a-skaidri-kompaktine-pudra-9g\/#breadcrumb","itemListElement":[{"@type":"ListItem","position":1,"name":"Pagrindinis","item":"https:\/\/www.malinashop.lt\/"},{"@type":"ListItem","position":2,"name":"Parduotuv\u0117","item":"https:\/\/www.malinashop.lt\/en\/parduotuve\/"},{"@type":"ListItem","position":3,"name":"PAESE MATTE POWDER SEMITRANSPARENT 1A skaidri kompaktin\u0117 pudra, 9g"}]},{"@type":"WebSite","@id":"https:\/\/www.malinashop.lt\/#website","url":"https:\/\/www.malinashop.lt\/","name":"COM Group Ecommerce","description":"MalinaShop.lt - Gro\u017eio ir sveikatos produktai i\u0161 patikim\u0173 preki\u0173 \u017eenkl\u0173. Atraskite auk\u0161tos kokyb\u0117s kosmetik\u0105 u\u017e puiki\u0105 kain\u0105.","publisher":{"@id":"https:\/\/www.malinashop.lt\/#organization"},"potentialAction":[{"@type":"SearchAction","target":{"@type":"EntryPoint","urlTemplate":"https:\/\/www.malinashop.lt\/?s={search_term_string}"},"query-input":{"@type":"PropertyValueSpecification","valueRequired":true,"valueName":"search_term_string"}}],"inLanguage":"lt-LT"},{"@type":"Organization","@id":"https:\/\/www.malinashop.lt\/#organization","name":"COM Group Ecommerce","url":"https:\/\/www.malinashop.lt\/","logo":{"@type":"ImageObject","inLanguage":"lt-LT","@id":"https:\/\/www.malinashop.lt\/#\/schema\/logo\/image\/","url":"https:\/\/www.malinashop.lt\/wp-content\/uploads\/2024\/08\/462559670_3787732518133670_9795632669273463_n-e1731525914575.png","contentUrl":"https:\/\/www.malinashop.lt\/wp-content\/uploads\/2024\/08\/462559670_3787732518133670_9795632669273463_n-e1731525914575.png","width":180,"height":60,"caption":"COM Group Ecommerce"},"image":{"@id":"https:\/\/www.malinashop.lt\/#\/schema\/logo\/image\/"}}]}},"jetpack_sharing_enabled":true,"_links":{"self":[{"href":"https:\/\/www.malinashop.lt\/lt_lt\/wp-json\/wp\/v2\/product\/63542","targetHints":{"allow":["GET"]}}],"collection":[{"href":"https:\/\/www.malinashop.lt\/lt_lt\/wp-json\/wp\/v2\/product"}],"about":[{"href":"https:\/\/www.malinashop.lt\/lt_lt\/wp-json\/wp\/v2\/types\/product"}],"version-history":[{"count":2,"href":"https:\/\/www.malinashop.lt\/lt_lt\/wp-json\/wp\/v2\/product\/63542\/revisions"}],"predecessor-version":[{"id":72167,"href":"https:\/\/www.malinashop.lt\/lt_lt\/wp-json\/wp\/v2\/product\/63542\/revisions\/72167"}],"wp:featuredmedia":[{"embeddable":true,"href":"https:\/\/www.malinashop.lt\/lt_lt\/wp-json\/wp\/v2\/media\/63544"}],"wp:attachment":[{"href":"https:\/\/www.malinashop.lt\/lt_lt\/wp-json\/wp\/v2\/media?parent=63542"}],"wp:term":[{"taxonomy":"product_brand","embeddable":true,"href":"https:\/\/www.malinashop.lt\/lt_lt\/wp-json\/wp\/v2\/product_brand?post=63542"},{"taxonomy":"product_cat","embeddable":true,"href":"https:\/\/www.malinashop.lt\/lt_lt\/wp-json\/wp\/v2\/product_cat?post=63542"},{"taxonomy":"product_tag","embeddable":true,"href":"https:\/\/www.malinashop.lt\/lt_lt\/wp-json\/wp\/v2\/product_tag?post=63542"}],"curies":[{"name":"wp","href":"https:\/\/api.w.org\/{rel}","templated":true}]}}