{"id":63529,"date":"2025-11-24T18:01:17","date_gmt":"2025-11-24T15:01:17","guid":{"rendered":"https:\/\/malinashop.lt\/?post_type=product&#038;p=63529"},"modified":"2026-02-10T12:48:20","modified_gmt":"2026-02-10T09:48:20","slug":"paese-glowing-powder-12-kompaktine-pudra","status":"publish","type":"product","link":"https:\/\/www.malinashop.lt\/lt_lt\/shop\/paese-glowing-powder-12-kompaktine-pudra\/","title":{"rendered":"PAESE GLOWING POWDER 12 kompaktin\u0117 pudra"},"content":{"rendered":"<p data-start=\"71\" data-end=\"339\"><strong data-start=\"71\" data-end=\"115\">PAESE kompaktin\u0117 pudra GLOWING POWDER 12<\/strong> \u2013 tai atnaujintos formul\u0117s \u0161vyt\u0117jimo suteikianti kompaktin\u0117 pudra, kuri tobulai pary\u0161kina veido od\u0105 ir suteikia jai aksomin\u012f glotnum\u0105. \u0160i pudra sukurta tam, kad oda atrodyt\u0173 nat\u016braliai spindinti, gaivi ir vizualiai lygesn\u0117.<\/p>\n<p data-start=\"341\" data-end=\"670\">Formul\u0117je esantys septyni kruop\u0161\u010diai atrinkti aliejiniai g\u0117li\u0173 ekstraktai intensyviai puosel\u0117ja od\u0105, padeda i\u0161laikyti jos dr\u0117gm\u0117s balans\u0105 ir suteikia sveikos odos efekt\u0105. Pudra lengvai paslepia smulkius odos netobulumus, nesausina ir sukuria \u0161velniai \u0161vytint\u012f \u201eglow\u201c u\u017ebaigim\u0105. Tinka kasdieniam naudojimui ir visiems odos tipams.<\/p>\n","protected":false},"excerpt":{"rendered":"<p data-start=\"712\" data-end=\"893\">PAESE GLOWING POWDER 12 \u2013 \u0161velniai \u0161vyt\u0117jimo suteikianti kompaktin\u0117 pudra su g\u0117li\u0173 ekstraktais. Glotnina, paslepia smulkius netobulumus ir suteikia odai nat\u016bral\u0173, aksomin\u012f spindes\u012f.<\/p>\n","protected":false},"featured_media":63531,"template":"","meta":[],"product_brand":[1534],"product_cat":[102,792],"product_tag":[1614],"class_list":{"0":"post-63529","1":"product","2":"type-product","3":"status-publish","4":"has-post-thumbnail","6":"product_brand-paese","7":"product_cat-dekoratyvine-kosmetika","8":"product_cat-veido-pudros","9":"product_tag-paese","11":"first","12":"instock","13":"purchasable","14":"product-type-simple"},"yoast_head":"<!-- This site is optimized with the Yoast SEO plugin v27.4 - https:\/\/yoast.com\/product\/yoast-seo-wordpress\/ -->\n<title>PAESE GLOWING POWDER 12 kompaktin\u0117 pudra - MalinaShop.lt J\u016bs\u0173 sveikatai ir gro\u017eiui.<\/title>\n<meta name=\"description\" content=\"PAESE GLOWING POWDER 12 \u2013 kompaktin\u0117 pudra su g\u0117li\u0173 ekstraktais, suteikianti odai \u0161vyt\u0117jimo ir aksomin\u012f glotnum\u0105. Puikiai paslepia smulkius tr\u016bkumus.\" \/>\n<meta name=\"robots\" content=\"index, follow, max-snippet:-1, max-image-preview:large, max-video-preview:-1\" \/>\n<link rel=\"canonical\" href=\"https:\/\/www.malinashop.lt\/lt_lt\/shop\/paese-glowing-powder-12-kompaktine-pudra\/\" \/>\n<meta property=\"og:locale\" content=\"lt_LT\" \/>\n<meta property=\"og:type\" content=\"article\" \/>\n<meta property=\"og:title\" content=\"PAESE GLOWING POWDER 12 kompaktin\u0117 pudra - MalinaShop.lt J\u016bs\u0173 sveikatai ir gro\u017eiui.\" \/>\n<meta property=\"og:description\" content=\"PAESE GLOWING POWDER 12 \u2013 kompaktin\u0117 pudra su g\u0117li\u0173 ekstraktais, suteikianti odai \u0161vyt\u0117jimo ir aksomin\u012f glotnum\u0105. Puikiai paslepia smulkius tr\u016bkumus.\" \/>\n<meta property=\"og:url\" content=\"https:\/\/www.malinashop.lt\/lt_lt\/shop\/paese-glowing-powder-12-kompaktine-pudra\/\" \/>\n<meta property=\"og:site_name\" content=\"MalinaShop.lt J\u016bs\u0173 sveikatai ir gro\u017eiui.\" \/>\n<meta property=\"article:modified_time\" content=\"2026-02-10T09:48:20+00:00\" \/>\n<meta property=\"og:image\" content=\"https:\/\/www.malinashop.lt\/wp-content\/uploads\/2025\/11\/12.jpg\" \/>\n\t<meta property=\"og:image:width\" content=\"800\" \/>\n\t<meta property=\"og:image:height\" content=\"800\" \/>\n\t<meta property=\"og:image:type\" content=\"image\/jpeg\" \/>\n<meta name=\"twitter:card\" content=\"summary_large_image\" \/>\n<script type=\"application\/ld+json\" class=\"yoast-schema-graph\">{\"@context\":\"https:\\\/\\\/schema.org\",\"@graph\":[{\"@type\":\"WebPage\",\"@id\":\"https:\\\/\\\/www.malinashop.lt\\\/shop\\\/paese-glowing-powder-12-kompaktine-pudra\\\/\",\"url\":\"https:\\\/\\\/www.malinashop.lt\\\/shop\\\/paese-glowing-powder-12-kompaktine-pudra\\\/\",\"name\":\"PAESE GLOWING POWDER 12 kompaktin\u0117 pudra - MalinaShop.lt J\u016bs\u0173 sveikatai ir gro\u017eiui.\",\"isPartOf\":{\"@id\":\"https:\\\/\\\/www.malinashop.lt\\\/#website\"},\"primaryImageOfPage\":{\"@id\":\"https:\\\/\\\/www.malinashop.lt\\\/shop\\\/paese-glowing-powder-12-kompaktine-pudra\\\/#primaryimage\"},\"image\":{\"@id\":\"https:\\\/\\\/www.malinashop.lt\\\/shop\\\/paese-glowing-powder-12-kompaktine-pudra\\\/#primaryimage\"},\"thumbnailUrl\":\"https:\\\/\\\/www.malinashop.lt\\\/wp-content\\\/uploads\\\/2025\\\/11\\\/12.jpg\",\"datePublished\":\"2025-11-24T15:01:17+00:00\",\"dateModified\":\"2026-02-10T09:48:20+00:00\",\"description\":\"PAESE GLOWING POWDER 12 \u2013 kompaktin\u0117 pudra su g\u0117li\u0173 ekstraktais, suteikianti odai \u0161vyt\u0117jimo ir aksomin\u012f glotnum\u0105. Puikiai paslepia smulkius tr\u016bkumus.\",\"breadcrumb\":{\"@id\":\"https:\\\/\\\/www.malinashop.lt\\\/shop\\\/paese-glowing-powder-12-kompaktine-pudra\\\/#breadcrumb\"},\"inLanguage\":\"lt-LT\",\"potentialAction\":[{\"@type\":\"ReadAction\",\"target\":[\"https:\\\/\\\/www.malinashop.lt\\\/shop\\\/paese-glowing-powder-12-kompaktine-pudra\\\/\"]}]},{\"@type\":\"ImageObject\",\"inLanguage\":\"lt-LT\",\"@id\":\"https:\\\/\\\/www.malinashop.lt\\\/shop\\\/paese-glowing-powder-12-kompaktine-pudra\\\/#primaryimage\",\"url\":\"https:\\\/\\\/www.malinashop.lt\\\/wp-content\\\/uploads\\\/2025\\\/11\\\/12.jpg\",\"contentUrl\":\"https:\\\/\\\/www.malinashop.lt\\\/wp-content\\\/uploads\\\/2025\\\/11\\\/12.jpg\",\"width\":800,\"height\":800},{\"@type\":\"BreadcrumbList\",\"@id\":\"https:\\\/\\\/www.malinashop.lt\\\/shop\\\/paese-glowing-powder-12-kompaktine-pudra\\\/#breadcrumb\",\"itemListElement\":[{\"@type\":\"ListItem\",\"position\":1,\"name\":\"Pagrindinis\",\"item\":\"https:\\\/\\\/www.malinashop.lt\\\/\"},{\"@type\":\"ListItem\",\"position\":2,\"name\":\"Parduotuv\u0117\",\"item\":\"https:\\\/\\\/www.malinashop.lt\\\/en\\\/parduotuve\\\/\"},{\"@type\":\"ListItem\",\"position\":3,\"name\":\"PAESE GLOWING POWDER 12 kompaktin\u0117 pudra\"}]},{\"@type\":\"WebSite\",\"@id\":\"https:\\\/\\\/www.malinashop.lt\\\/#website\",\"url\":\"https:\\\/\\\/www.malinashop.lt\\\/\",\"name\":\"COM Group Ecommerce\",\"description\":\"MalinaShop.lt - Gro\u017eio ir sveikatos produktai i\u0161 patikim\u0173 preki\u0173 \u017eenkl\u0173. Atraskite auk\u0161tos kokyb\u0117s kosmetik\u0105 u\u017e puiki\u0105 kain\u0105.\",\"publisher\":{\"@id\":\"https:\\\/\\\/www.malinashop.lt\\\/#organization\"},\"potentialAction\":[{\"@type\":\"SearchAction\",\"target\":{\"@type\":\"EntryPoint\",\"urlTemplate\":\"https:\\\/\\\/www.malinashop.lt\\\/?s={search_term_string}\"},\"query-input\":{\"@type\":\"PropertyValueSpecification\",\"valueRequired\":true,\"valueName\":\"search_term_string\"}}],\"inLanguage\":\"lt-LT\"},{\"@type\":\"Organization\",\"@id\":\"https:\\\/\\\/www.malinashop.lt\\\/#organization\",\"name\":\"COM Group Ecommerce\",\"url\":\"https:\\\/\\\/www.malinashop.lt\\\/\",\"logo\":{\"@type\":\"ImageObject\",\"inLanguage\":\"lt-LT\",\"@id\":\"https:\\\/\\\/www.malinashop.lt\\\/#\\\/schema\\\/logo\\\/image\\\/\",\"url\":\"https:\\\/\\\/www.malinashop.lt\\\/wp-content\\\/uploads\\\/2024\\\/08\\\/462559670_3787732518133670_9795632669273463_n-e1731525914575.png\",\"contentUrl\":\"https:\\\/\\\/www.malinashop.lt\\\/wp-content\\\/uploads\\\/2024\\\/08\\\/462559670_3787732518133670_9795632669273463_n-e1731525914575.png\",\"width\":180,\"height\":60,\"caption\":\"COM Group Ecommerce\"},\"image\":{\"@id\":\"https:\\\/\\\/www.malinashop.lt\\\/#\\\/schema\\\/logo\\\/image\\\/\"}}]}<\/script>\n<!-- \/ Yoast SEO plugin. -->","yoast_head_json":{"title":"PAESE GLOWING POWDER 12 kompaktin\u0117 pudra - MalinaShop.lt J\u016bs\u0173 sveikatai ir gro\u017eiui.","description":"PAESE GLOWING POWDER 12 \u2013 kompaktin\u0117 pudra su g\u0117li\u0173 ekstraktais, suteikianti odai \u0161vyt\u0117jimo ir aksomin\u012f glotnum\u0105. Puikiai paslepia smulkius tr\u016bkumus.","robots":{"index":"index","follow":"follow","max-snippet":"max-snippet:-1","max-image-preview":"max-image-preview:large","max-video-preview":"max-video-preview:-1"},"canonical":"https:\/\/www.malinashop.lt\/lt_lt\/shop\/paese-glowing-powder-12-kompaktine-pudra\/","og_locale":"lt_LT","og_type":"article","og_title":"PAESE GLOWING POWDER 12 kompaktin\u0117 pudra - MalinaShop.lt J\u016bs\u0173 sveikatai ir gro\u017eiui.","og_description":"PAESE GLOWING POWDER 12 \u2013 kompaktin\u0117 pudra su g\u0117li\u0173 ekstraktais, suteikianti odai \u0161vyt\u0117jimo ir aksomin\u012f glotnum\u0105. Puikiai paslepia smulkius tr\u016bkumus.","og_url":"https:\/\/www.malinashop.lt\/lt_lt\/shop\/paese-glowing-powder-12-kompaktine-pudra\/","og_site_name":"MalinaShop.lt J\u016bs\u0173 sveikatai ir gro\u017eiui.","article_modified_time":"2026-02-10T09:48:20+00:00","og_image":[{"width":800,"height":800,"url":"https:\/\/www.malinashop.lt\/wp-content\/uploads\/2025\/11\/12.jpg","type":"image\/jpeg"}],"twitter_card":"summary_large_image","schema":{"@context":"https:\/\/schema.org","@graph":[{"@type":"WebPage","@id":"https:\/\/www.malinashop.lt\/shop\/paese-glowing-powder-12-kompaktine-pudra\/","url":"https:\/\/www.malinashop.lt\/shop\/paese-glowing-powder-12-kompaktine-pudra\/","name":"PAESE GLOWING POWDER 12 kompaktin\u0117 pudra - MalinaShop.lt J\u016bs\u0173 sveikatai ir gro\u017eiui.","isPartOf":{"@id":"https:\/\/www.malinashop.lt\/#website"},"primaryImageOfPage":{"@id":"https:\/\/www.malinashop.lt\/shop\/paese-glowing-powder-12-kompaktine-pudra\/#primaryimage"},"image":{"@id":"https:\/\/www.malinashop.lt\/shop\/paese-glowing-powder-12-kompaktine-pudra\/#primaryimage"},"thumbnailUrl":"https:\/\/www.malinashop.lt\/wp-content\/uploads\/2025\/11\/12.jpg","datePublished":"2025-11-24T15:01:17+00:00","dateModified":"2026-02-10T09:48:20+00:00","description":"PAESE GLOWING POWDER 12 \u2013 kompaktin\u0117 pudra su g\u0117li\u0173 ekstraktais, suteikianti odai \u0161vyt\u0117jimo ir aksomin\u012f glotnum\u0105. Puikiai paslepia smulkius tr\u016bkumus.","breadcrumb":{"@id":"https:\/\/www.malinashop.lt\/shop\/paese-glowing-powder-12-kompaktine-pudra\/#breadcrumb"},"inLanguage":"lt-LT","potentialAction":[{"@type":"ReadAction","target":["https:\/\/www.malinashop.lt\/shop\/paese-glowing-powder-12-kompaktine-pudra\/"]}]},{"@type":"ImageObject","inLanguage":"lt-LT","@id":"https:\/\/www.malinashop.lt\/shop\/paese-glowing-powder-12-kompaktine-pudra\/#primaryimage","url":"https:\/\/www.malinashop.lt\/wp-content\/uploads\/2025\/11\/12.jpg","contentUrl":"https:\/\/www.malinashop.lt\/wp-content\/uploads\/2025\/11\/12.jpg","width":800,"height":800},{"@type":"BreadcrumbList","@id":"https:\/\/www.malinashop.lt\/shop\/paese-glowing-powder-12-kompaktine-pudra\/#breadcrumb","itemListElement":[{"@type":"ListItem","position":1,"name":"Pagrindinis","item":"https:\/\/www.malinashop.lt\/"},{"@type":"ListItem","position":2,"name":"Parduotuv\u0117","item":"https:\/\/www.malinashop.lt\/en\/parduotuve\/"},{"@type":"ListItem","position":3,"name":"PAESE GLOWING POWDER 12 kompaktin\u0117 pudra"}]},{"@type":"WebSite","@id":"https:\/\/www.malinashop.lt\/#website","url":"https:\/\/www.malinashop.lt\/","name":"COM Group Ecommerce","description":"MalinaShop.lt - Gro\u017eio ir sveikatos produktai i\u0161 patikim\u0173 preki\u0173 \u017eenkl\u0173. Atraskite auk\u0161tos kokyb\u0117s kosmetik\u0105 u\u017e puiki\u0105 kain\u0105.","publisher":{"@id":"https:\/\/www.malinashop.lt\/#organization"},"potentialAction":[{"@type":"SearchAction","target":{"@type":"EntryPoint","urlTemplate":"https:\/\/www.malinashop.lt\/?s={search_term_string}"},"query-input":{"@type":"PropertyValueSpecification","valueRequired":true,"valueName":"search_term_string"}}],"inLanguage":"lt-LT"},{"@type":"Organization","@id":"https:\/\/www.malinashop.lt\/#organization","name":"COM Group Ecommerce","url":"https:\/\/www.malinashop.lt\/","logo":{"@type":"ImageObject","inLanguage":"lt-LT","@id":"https:\/\/www.malinashop.lt\/#\/schema\/logo\/image\/","url":"https:\/\/www.malinashop.lt\/wp-content\/uploads\/2024\/08\/462559670_3787732518133670_9795632669273463_n-e1731525914575.png","contentUrl":"https:\/\/www.malinashop.lt\/wp-content\/uploads\/2024\/08\/462559670_3787732518133670_9795632669273463_n-e1731525914575.png","width":180,"height":60,"caption":"COM Group Ecommerce"},"image":{"@id":"https:\/\/www.malinashop.lt\/#\/schema\/logo\/image\/"}}]}},"jetpack_sharing_enabled":true,"_links":{"self":[{"href":"https:\/\/www.malinashop.lt\/lt_lt\/wp-json\/wp\/v2\/product\/63529","targetHints":{"allow":["GET"]}}],"collection":[{"href":"https:\/\/www.malinashop.lt\/lt_lt\/wp-json\/wp\/v2\/product"}],"about":[{"href":"https:\/\/www.malinashop.lt\/lt_lt\/wp-json\/wp\/v2\/types\/product"}],"version-history":[{"count":3,"href":"https:\/\/www.malinashop.lt\/lt_lt\/wp-json\/wp\/v2\/product\/63529\/revisions"}],"predecessor-version":[{"id":72150,"href":"https:\/\/www.malinashop.lt\/lt_lt\/wp-json\/wp\/v2\/product\/63529\/revisions\/72150"}],"wp:featuredmedia":[{"embeddable":true,"href":"https:\/\/www.malinashop.lt\/lt_lt\/wp-json\/wp\/v2\/media\/63531"}],"wp:attachment":[{"href":"https:\/\/www.malinashop.lt\/lt_lt\/wp-json\/wp\/v2\/media?parent=63529"}],"wp:term":[{"taxonomy":"product_brand","embeddable":true,"href":"https:\/\/www.malinashop.lt\/lt_lt\/wp-json\/wp\/v2\/product_brand?post=63529"},{"taxonomy":"product_cat","embeddable":true,"href":"https:\/\/www.malinashop.lt\/lt_lt\/wp-json\/wp\/v2\/product_cat?post=63529"},{"taxonomy":"product_tag","embeddable":true,"href":"https:\/\/www.malinashop.lt\/lt_lt\/wp-json\/wp\/v2\/product_tag?post=63529"}],"curies":[{"name":"wp","href":"https:\/\/api.w.org\/{rel}","templated":true}]}}