{"id":63524,"date":"2025-11-24T18:01:17","date_gmt":"2025-11-24T15:01:17","guid":{"rendered":"https:\/\/malinashop.lt\/?post_type=product&#038;p=63524"},"modified":"2026-02-10T12:48:19","modified_gmt":"2026-02-10T09:48:19","slug":"paese-glowing-powder-11-kompaktine-pudra","status":"publish","type":"product","link":"https:\/\/www.malinashop.lt\/lt_lt\/shop\/paese-glowing-powder-11-kompaktine-pudra\/","title":{"rendered":"PAESE GLOWING POWDER 11 kompaktin\u0117 pudra"},"content":{"rendered":"<p data-start=\"157\" data-end=\"406\"><strong data-start=\"157\" data-end=\"201\">PAESE kompaktin\u0117 pudra GLOWING POWDER 11<\/strong> \u2013 tai patobulintos formul\u0117s pudra, suteikianti odai lengv\u0105 \u0161vyt\u0117jim\u0105 ir aksomin\u012f u\u017ebaigim\u0105. \u0160i kompaktin\u0117 pudra idealiai tinka norint sukurti gaiv\u0173, nat\u016braliai spindint\u012f \u012fvaizd\u012f, kuris i\u0161lieka vis\u0105 dien\u0105.<\/p>\n<p data-start=\"408\" data-end=\"668\">Formul\u0117je esantys <strong data-start=\"426\" data-end=\"485\">septyni kruop\u0161\u010diai atrinkti g\u0117li\u0173 aliejiniai ekstraktai<\/strong> intensyviai puosel\u0117ja od\u0105, padeda i\u0161laikyti jos dr\u0117gm\u0117s balans\u0105 ir suteikia sveik\u0105 i\u0161vaizd\u0105. Pudra lengvai maskuoja nedidelius odos netobulumus, nesausina ir nesukuria kauk\u0117s efekto.<\/p>\n<p data-start=\"670\" data-end=\"804\">\u0160i kompaktin\u0117 pudra puikiai tinka tiek kasdieniam, tiek vakaro makia\u017eui, kai norisi subtilaus \u0161vyt\u0117jimo bei tolygaus odos atspalvio.<\/p>\n<p data-start=\"806\" data-end=\"823\"><strong data-start=\"806\" data-end=\"821\">Privalumai:<\/strong><\/p>\n<ul data-start=\"824\" data-end=\"1031\">\n<li data-start=\"824\" data-end=\"863\">\n<p data-start=\"826\" data-end=\"863\">Aksomin\u0117, lengvai \u0161vytinti tekst\u016bra<\/p>\n<\/li>\n<li data-start=\"864\" data-end=\"913\">\n<p data-start=\"866\" data-end=\"913\">Nat\u016braliai atrodan\u010dios, glotnios odos efektas<\/p>\n<\/li>\n<li data-start=\"914\" data-end=\"968\">\n<p data-start=\"916\" data-end=\"968\">Sud\u0117tyje \u2013 net septyni g\u0117li\u0173 aliejiniai ekstraktai<\/p>\n<\/li>\n<li data-start=\"969\" data-end=\"1006\">\n<p data-start=\"971\" data-end=\"1006\">Maskuoja nedidelius odos tr\u016bkumus<\/p>\n<\/li>\n<li data-start=\"1007\" data-end=\"1031\">\n<p data-start=\"1009\" data-end=\"1031\">Tinka vis\u0173 tip\u0173 odai<\/p>\n<\/li>\n<\/ul>\n","protected":false},"excerpt":{"rendered":"<p data-start=\"1090\" data-end=\"1308\">PAESE GLOWING POWDER 11 kompaktin\u0117 pudra suteikia odai lengv\u0105 \u0161vyt\u0117jim\u0105, aksomin\u012f u\u017ebaigim\u0105 ir padeda pasl\u0117pti nedidelius odos tr\u016bkumus. Praturtinta septyniais g\u0117li\u0173 aliej\u0173 ekstraktais, kurie puosel\u0117ja ir \u0161velnina od\u0105.<\/p>\n","protected":false},"featured_media":63526,"template":"","meta":[],"product_brand":[1534],"product_cat":[102,792],"product_tag":[1614],"class_list":{"0":"post-63524","1":"product","2":"type-product","3":"status-publish","4":"has-post-thumbnail","6":"product_brand-paese","7":"product_cat-dekoratyvine-kosmetika","8":"product_cat-veido-pudros","9":"product_tag-paese","11":"first","12":"instock","13":"purchasable","14":"product-type-simple"},"yoast_head":"<!-- This site is optimized with the Yoast SEO plugin v27.4 - https:\/\/yoast.com\/product\/yoast-seo-wordpress\/ -->\n<title>PAESE GLOWING POWDER 11 kompaktin\u0117 pudra - MalinaShop.lt J\u016bs\u0173 sveikatai ir gro\u017eiui.<\/title>\n<meta name=\"description\" content=\"PAESE GLOWING POWDER 11 \u2013 kompaktin\u0117 pudra su \u0161vytin\u010diu, aksominiu efektu. Praturtinta 7 g\u0117li\u0173 aliej\u0173 ekstraktais, maskuoja tr\u016bkumus.\" \/>\n<meta name=\"robots\" content=\"index, follow, max-snippet:-1, max-image-preview:large, max-video-preview:-1\" \/>\n<link rel=\"canonical\" href=\"https:\/\/www.malinashop.lt\/lt_lt\/shop\/paese-glowing-powder-11-kompaktine-pudra\/\" \/>\n<meta property=\"og:locale\" content=\"lt_LT\" \/>\n<meta property=\"og:type\" content=\"article\" \/>\n<meta property=\"og:title\" content=\"PAESE GLOWING POWDER 11 kompaktin\u0117 pudra - MalinaShop.lt J\u016bs\u0173 sveikatai ir gro\u017eiui.\" \/>\n<meta property=\"og:description\" content=\"PAESE GLOWING POWDER 11 \u2013 kompaktin\u0117 pudra su \u0161vytin\u010diu, aksominiu efektu. Praturtinta 7 g\u0117li\u0173 aliej\u0173 ekstraktais, maskuoja tr\u016bkumus.\" \/>\n<meta property=\"og:url\" content=\"https:\/\/www.malinashop.lt\/lt_lt\/shop\/paese-glowing-powder-11-kompaktine-pudra\/\" \/>\n<meta property=\"og:site_name\" content=\"MalinaShop.lt J\u016bs\u0173 sveikatai ir gro\u017eiui.\" \/>\n<meta property=\"article:modified_time\" content=\"2026-02-10T09:48:19+00:00\" \/>\n<meta property=\"og:image\" content=\"https:\/\/www.malinashop.lt\/wp-content\/uploads\/2025\/11\/11.jpg\" \/>\n\t<meta property=\"og:image:width\" content=\"800\" \/>\n\t<meta property=\"og:image:height\" content=\"800\" \/>\n\t<meta property=\"og:image:type\" content=\"image\/jpeg\" \/>\n<meta name=\"twitter:card\" content=\"summary_large_image\" \/>\n<script type=\"application\/ld+json\" class=\"yoast-schema-graph\">{\"@context\":\"https:\\\/\\\/schema.org\",\"@graph\":[{\"@type\":\"WebPage\",\"@id\":\"https:\\\/\\\/www.malinashop.lt\\\/lt_lt\\\/shop\\\/paese-glowing-powder-11-kompaktine-pudra\\\/\",\"url\":\"https:\\\/\\\/www.malinashop.lt\\\/lt_lt\\\/shop\\\/paese-glowing-powder-11-kompaktine-pudra\\\/\",\"name\":\"PAESE GLOWING POWDER 11 kompaktin\u0117 pudra - MalinaShop.lt J\u016bs\u0173 sveikatai ir gro\u017eiui.\",\"isPartOf\":{\"@id\":\"https:\\\/\\\/www.malinashop.lt\\\/#website\"},\"primaryImageOfPage\":{\"@id\":\"https:\\\/\\\/www.malinashop.lt\\\/lt_lt\\\/shop\\\/paese-glowing-powder-11-kompaktine-pudra\\\/#primaryimage\"},\"image\":{\"@id\":\"https:\\\/\\\/www.malinashop.lt\\\/lt_lt\\\/shop\\\/paese-glowing-powder-11-kompaktine-pudra\\\/#primaryimage\"},\"thumbnailUrl\":\"https:\\\/\\\/www.malinashop.lt\\\/wp-content\\\/uploads\\\/2025\\\/11\\\/11.jpg\",\"datePublished\":\"2025-11-24T15:01:17+00:00\",\"dateModified\":\"2026-02-10T09:48:19+00:00\",\"description\":\"PAESE GLOWING POWDER 11 \u2013 kompaktin\u0117 pudra su \u0161vytin\u010diu, aksominiu efektu. Praturtinta 7 g\u0117li\u0173 aliej\u0173 ekstraktais, maskuoja tr\u016bkumus.\",\"breadcrumb\":{\"@id\":\"https:\\\/\\\/www.malinashop.lt\\\/lt_lt\\\/shop\\\/paese-glowing-powder-11-kompaktine-pudra\\\/#breadcrumb\"},\"inLanguage\":\"lt-LT\",\"potentialAction\":[{\"@type\":\"ReadAction\",\"target\":[\"https:\\\/\\\/www.malinashop.lt\\\/lt_lt\\\/shop\\\/paese-glowing-powder-11-kompaktine-pudra\\\/\"]}]},{\"@type\":\"ImageObject\",\"inLanguage\":\"lt-LT\",\"@id\":\"https:\\\/\\\/www.malinashop.lt\\\/lt_lt\\\/shop\\\/paese-glowing-powder-11-kompaktine-pudra\\\/#primaryimage\",\"url\":\"https:\\\/\\\/www.malinashop.lt\\\/wp-content\\\/uploads\\\/2025\\\/11\\\/11.jpg\",\"contentUrl\":\"https:\\\/\\\/www.malinashop.lt\\\/wp-content\\\/uploads\\\/2025\\\/11\\\/11.jpg\",\"width\":800,\"height\":800},{\"@type\":\"BreadcrumbList\",\"@id\":\"https:\\\/\\\/www.malinashop.lt\\\/lt_lt\\\/shop\\\/paese-glowing-powder-11-kompaktine-pudra\\\/#breadcrumb\",\"itemListElement\":[{\"@type\":\"ListItem\",\"position\":1,\"name\":\"Pagrindinis\",\"item\":\"https:\\\/\\\/www.malinashop.lt\\\/\"},{\"@type\":\"ListItem\",\"position\":2,\"name\":\"Parduotuv\u0117\",\"item\":\"https:\\\/\\\/www.malinashop.lt\\\/en\\\/parduotuve\\\/\"},{\"@type\":\"ListItem\",\"position\":3,\"name\":\"PAESE GLOWING POWDER 11 kompaktin\u0117 pudra\"}]},{\"@type\":\"WebSite\",\"@id\":\"https:\\\/\\\/www.malinashop.lt\\\/#website\",\"url\":\"https:\\\/\\\/www.malinashop.lt\\\/\",\"name\":\"COM Group Ecommerce\",\"description\":\"MalinaShop.lt - Gro\u017eio ir sveikatos produktai i\u0161 patikim\u0173 preki\u0173 \u017eenkl\u0173. Atraskite auk\u0161tos kokyb\u0117s kosmetik\u0105 u\u017e puiki\u0105 kain\u0105.\",\"publisher\":{\"@id\":\"https:\\\/\\\/www.malinashop.lt\\\/#organization\"},\"potentialAction\":[{\"@type\":\"SearchAction\",\"target\":{\"@type\":\"EntryPoint\",\"urlTemplate\":\"https:\\\/\\\/www.malinashop.lt\\\/?s={search_term_string}\"},\"query-input\":{\"@type\":\"PropertyValueSpecification\",\"valueRequired\":true,\"valueName\":\"search_term_string\"}}],\"inLanguage\":\"lt-LT\"},{\"@type\":\"Organization\",\"@id\":\"https:\\\/\\\/www.malinashop.lt\\\/#organization\",\"name\":\"COM Group Ecommerce\",\"url\":\"https:\\\/\\\/www.malinashop.lt\\\/\",\"logo\":{\"@type\":\"ImageObject\",\"inLanguage\":\"lt-LT\",\"@id\":\"https:\\\/\\\/www.malinashop.lt\\\/#\\\/schema\\\/logo\\\/image\\\/\",\"url\":\"https:\\\/\\\/www.malinashop.lt\\\/wp-content\\\/uploads\\\/2024\\\/08\\\/462559670_3787732518133670_9795632669273463_n-e1731525914575.png\",\"contentUrl\":\"https:\\\/\\\/www.malinashop.lt\\\/wp-content\\\/uploads\\\/2024\\\/08\\\/462559670_3787732518133670_9795632669273463_n-e1731525914575.png\",\"width\":180,\"height\":60,\"caption\":\"COM Group Ecommerce\"},\"image\":{\"@id\":\"https:\\\/\\\/www.malinashop.lt\\\/#\\\/schema\\\/logo\\\/image\\\/\"}}]}<\/script>\n<!-- \/ Yoast SEO plugin. -->","yoast_head_json":{"title":"PAESE GLOWING POWDER 11 kompaktin\u0117 pudra - MalinaShop.lt J\u016bs\u0173 sveikatai ir gro\u017eiui.","description":"PAESE GLOWING POWDER 11 \u2013 kompaktin\u0117 pudra su \u0161vytin\u010diu, aksominiu efektu. Praturtinta 7 g\u0117li\u0173 aliej\u0173 ekstraktais, maskuoja tr\u016bkumus.","robots":{"index":"index","follow":"follow","max-snippet":"max-snippet:-1","max-image-preview":"max-image-preview:large","max-video-preview":"max-video-preview:-1"},"canonical":"https:\/\/www.malinashop.lt\/lt_lt\/shop\/paese-glowing-powder-11-kompaktine-pudra\/","og_locale":"lt_LT","og_type":"article","og_title":"PAESE GLOWING POWDER 11 kompaktin\u0117 pudra - MalinaShop.lt J\u016bs\u0173 sveikatai ir gro\u017eiui.","og_description":"PAESE GLOWING POWDER 11 \u2013 kompaktin\u0117 pudra su \u0161vytin\u010diu, aksominiu efektu. Praturtinta 7 g\u0117li\u0173 aliej\u0173 ekstraktais, maskuoja tr\u016bkumus.","og_url":"https:\/\/www.malinashop.lt\/lt_lt\/shop\/paese-glowing-powder-11-kompaktine-pudra\/","og_site_name":"MalinaShop.lt J\u016bs\u0173 sveikatai ir gro\u017eiui.","article_modified_time":"2026-02-10T09:48:19+00:00","og_image":[{"width":800,"height":800,"url":"https:\/\/www.malinashop.lt\/wp-content\/uploads\/2025\/11\/11.jpg","type":"image\/jpeg"}],"twitter_card":"summary_large_image","schema":{"@context":"https:\/\/schema.org","@graph":[{"@type":"WebPage","@id":"https:\/\/www.malinashop.lt\/lt_lt\/shop\/paese-glowing-powder-11-kompaktine-pudra\/","url":"https:\/\/www.malinashop.lt\/lt_lt\/shop\/paese-glowing-powder-11-kompaktine-pudra\/","name":"PAESE GLOWING POWDER 11 kompaktin\u0117 pudra - MalinaShop.lt J\u016bs\u0173 sveikatai ir gro\u017eiui.","isPartOf":{"@id":"https:\/\/www.malinashop.lt\/#website"},"primaryImageOfPage":{"@id":"https:\/\/www.malinashop.lt\/lt_lt\/shop\/paese-glowing-powder-11-kompaktine-pudra\/#primaryimage"},"image":{"@id":"https:\/\/www.malinashop.lt\/lt_lt\/shop\/paese-glowing-powder-11-kompaktine-pudra\/#primaryimage"},"thumbnailUrl":"https:\/\/www.malinashop.lt\/wp-content\/uploads\/2025\/11\/11.jpg","datePublished":"2025-11-24T15:01:17+00:00","dateModified":"2026-02-10T09:48:19+00:00","description":"PAESE GLOWING POWDER 11 \u2013 kompaktin\u0117 pudra su \u0161vytin\u010diu, aksominiu efektu. Praturtinta 7 g\u0117li\u0173 aliej\u0173 ekstraktais, maskuoja tr\u016bkumus.","breadcrumb":{"@id":"https:\/\/www.malinashop.lt\/lt_lt\/shop\/paese-glowing-powder-11-kompaktine-pudra\/#breadcrumb"},"inLanguage":"lt-LT","potentialAction":[{"@type":"ReadAction","target":["https:\/\/www.malinashop.lt\/lt_lt\/shop\/paese-glowing-powder-11-kompaktine-pudra\/"]}]},{"@type":"ImageObject","inLanguage":"lt-LT","@id":"https:\/\/www.malinashop.lt\/lt_lt\/shop\/paese-glowing-powder-11-kompaktine-pudra\/#primaryimage","url":"https:\/\/www.malinashop.lt\/wp-content\/uploads\/2025\/11\/11.jpg","contentUrl":"https:\/\/www.malinashop.lt\/wp-content\/uploads\/2025\/11\/11.jpg","width":800,"height":800},{"@type":"BreadcrumbList","@id":"https:\/\/www.malinashop.lt\/lt_lt\/shop\/paese-glowing-powder-11-kompaktine-pudra\/#breadcrumb","itemListElement":[{"@type":"ListItem","position":1,"name":"Pagrindinis","item":"https:\/\/www.malinashop.lt\/"},{"@type":"ListItem","position":2,"name":"Parduotuv\u0117","item":"https:\/\/www.malinashop.lt\/en\/parduotuve\/"},{"@type":"ListItem","position":3,"name":"PAESE GLOWING POWDER 11 kompaktin\u0117 pudra"}]},{"@type":"WebSite","@id":"https:\/\/www.malinashop.lt\/#website","url":"https:\/\/www.malinashop.lt\/","name":"COM Group Ecommerce","description":"MalinaShop.lt - Gro\u017eio ir sveikatos produktai i\u0161 patikim\u0173 preki\u0173 \u017eenkl\u0173. Atraskite auk\u0161tos kokyb\u0117s kosmetik\u0105 u\u017e puiki\u0105 kain\u0105.","publisher":{"@id":"https:\/\/www.malinashop.lt\/#organization"},"potentialAction":[{"@type":"SearchAction","target":{"@type":"EntryPoint","urlTemplate":"https:\/\/www.malinashop.lt\/?s={search_term_string}"},"query-input":{"@type":"PropertyValueSpecification","valueRequired":true,"valueName":"search_term_string"}}],"inLanguage":"lt-LT"},{"@type":"Organization","@id":"https:\/\/www.malinashop.lt\/#organization","name":"COM Group Ecommerce","url":"https:\/\/www.malinashop.lt\/","logo":{"@type":"ImageObject","inLanguage":"lt-LT","@id":"https:\/\/www.malinashop.lt\/#\/schema\/logo\/image\/","url":"https:\/\/www.malinashop.lt\/wp-content\/uploads\/2024\/08\/462559670_3787732518133670_9795632669273463_n-e1731525914575.png","contentUrl":"https:\/\/www.malinashop.lt\/wp-content\/uploads\/2024\/08\/462559670_3787732518133670_9795632669273463_n-e1731525914575.png","width":180,"height":60,"caption":"COM Group Ecommerce"},"image":{"@id":"https:\/\/www.malinashop.lt\/#\/schema\/logo\/image\/"}}]}},"jetpack_sharing_enabled":true,"_links":{"self":[{"href":"https:\/\/www.malinashop.lt\/lt_lt\/wp-json\/wp\/v2\/product\/63524","targetHints":{"allow":["GET"]}}],"collection":[{"href":"https:\/\/www.malinashop.lt\/lt_lt\/wp-json\/wp\/v2\/product"}],"about":[{"href":"https:\/\/www.malinashop.lt\/lt_lt\/wp-json\/wp\/v2\/types\/product"}],"version-history":[{"count":2,"href":"https:\/\/www.malinashop.lt\/lt_lt\/wp-json\/wp\/v2\/product\/63524\/revisions"}],"predecessor-version":[{"id":72148,"href":"https:\/\/www.malinashop.lt\/lt_lt\/wp-json\/wp\/v2\/product\/63524\/revisions\/72148"}],"wp:featuredmedia":[{"embeddable":true,"href":"https:\/\/www.malinashop.lt\/lt_lt\/wp-json\/wp\/v2\/media\/63526"}],"wp:attachment":[{"href":"https:\/\/www.malinashop.lt\/lt_lt\/wp-json\/wp\/v2\/media?parent=63524"}],"wp:term":[{"taxonomy":"product_brand","embeddable":true,"href":"https:\/\/www.malinashop.lt\/lt_lt\/wp-json\/wp\/v2\/product_brand?post=63524"},{"taxonomy":"product_cat","embeddable":true,"href":"https:\/\/www.malinashop.lt\/lt_lt\/wp-json\/wp\/v2\/product_cat?post=63524"},{"taxonomy":"product_tag","embeddable":true,"href":"https:\/\/www.malinashop.lt\/lt_lt\/wp-json\/wp\/v2\/product_tag?post=63524"}],"curies":[{"name":"wp","href":"https:\/\/api.w.org\/{rel}","templated":true}]}}