{"id":63520,"date":"2025-11-24T18:01:17","date_gmt":"2025-11-24T15:01:17","guid":{"rendered":"https:\/\/malinashop.lt\/?post_type=product&#038;p=63520"},"modified":"2026-02-10T12:48:19","modified_gmt":"2026-02-10T09:48:19","slug":"paese-bambukine-biri-pudra-be-atspalvio-8g","status":"publish","type":"product","link":"https:\/\/www.malinashop.lt\/lt_lt\/shop\/paese-bambukine-biri-pudra-be-atspalvio-8g\/","title":{"rendered":"PAESE bambukin\u0117 biri pudra be atspalvio, 8g"},"content":{"rendered":"<p data-start=\"165\" data-end=\"404\"><strong data-start=\"165\" data-end=\"208\">PAESE bambukin\u0117 biri pudra be atspalvio<\/strong> \u2013 tai profesionali, lengva ir itin veiksminga pudra, sukurta riebiai ir mi\u0161riai odai. Ji puikiai fiksuoja makia\u017e\u0105, suteikia ilgalaik\u012f matin\u012f efekt\u0105 ir padeda i\u0161laikyti gaiv\u0173 \u012fvaizd\u012f vis\u0105 dien\u0105.<\/p>\n<p data-start=\"406\" data-end=\"712\">Pudros sud\u0117tyje esantys <strong data-start=\"430\" data-end=\"451\">bambuko milteliai<\/strong> pasi\u017eymi daugiau nei 90 % silicio koncentracija. Silicis nat\u016braliai sugeria riebal\u0173 pertekli\u0173, dr\u0117kina od\u0105 ir pasi\u017eymi antibakterin\u0117mis bei raminamosiomis savyb\u0117mis. D\u0117l \u0161i\u0173 savybi\u0173 pudra padeda sureguliuoti riebalini\u0173 liauk\u0173 veikl\u0105 ir suma\u017einti odos blizges\u012f.<\/p>\n<p data-start=\"714\" data-end=\"914\">Silicis taip pat atspindi \u0161vies\u0105, tod\u0117l opti\u0161kai i\u0161lygina odos nelygumus, smulkias rauk\u0161leles ir poras, sukuriant profesional\u0173 <strong data-start=\"841\" data-end=\"864\">\u201esoft focus\u201c efekt\u0105<\/strong>, da\u017enai naudojam\u0105 makia\u017eo meistr\u0173 ir fotograf\u0173.<\/p>\n<p data-start=\"916\" data-end=\"1053\">\u0160i biri pudra yra <strong data-start=\"934\" data-end=\"956\">visi\u0161kai permatoma<\/strong>, tod\u0117l nepalieka atspalvio, neturi talko ir neu\u017ekem\u0161a por\u0173, puikiai tinka kasdieniam naudojimui.<\/p>\n<p data-start=\"1055\" data-end=\"1070\"><strong data-start=\"1055\" data-end=\"1066\">Kiekis:<\/strong> 8 g<\/p>\n<h4 data-start=\"1072\" data-end=\"1100\"><strong data-start=\"1076\" data-end=\"1100\">Pagrindin\u0117s savyb\u0117s:<\/strong><\/h4>\n<ul data-start=\"1101\" data-end=\"1328\">\n<li data-start=\"1101\" data-end=\"1160\">\n<p data-start=\"1103\" data-end=\"1160\">Permatoma tekst\u016bra \u2013 ant odos nepalieka jokio atspalvio<\/p>\n<\/li>\n<li data-start=\"1161\" data-end=\"1216\">\n<p data-start=\"1163\" data-end=\"1216\">Efektyviai sugeria riebal\u0173 pertekli\u0173 ir dr\u0117kina od\u0105<\/p>\n<\/li>\n<li data-start=\"1217\" data-end=\"1257\">\n<p data-start=\"1219\" data-end=\"1257\">Ramina ir turi antibakterin\u012f poveik\u012f<\/p>\n<\/li>\n<li data-start=\"1258\" data-end=\"1301\">\n<p data-start=\"1260\" data-end=\"1301\">Suteikia ilgai i\u0161liekant\u012f matin\u012f efekt\u0105<\/p>\n<\/li>\n<li data-start=\"1302\" data-end=\"1328\">\n<p data-start=\"1304\" data-end=\"1328\">Nekem\u0161a por\u0173, be talko<\/p>\n<\/li>\n<\/ul>\n","protected":false},"excerpt":{"rendered":"<p data-start=\"1382\" data-end=\"1554\">Lengva, permatoma PAESE bambukin\u0117 biri pudra riebiai ir mi\u0161riai odai. Suteikia ilgai i\u0161liekant\u012f matin\u012f efekt\u0105, sugeria riebal\u0173 pertekli\u0173, ramina od\u0105 ir nepalieka atspalvio.<\/p>\n","protected":false},"featured_media":63522,"template":"","meta":[],"product_brand":[1534],"product_cat":[102,792],"product_tag":[1614],"class_list":{"0":"post-63520","1":"product","2":"type-product","3":"status-publish","4":"has-post-thumbnail","6":"product_brand-paese","7":"product_cat-dekoratyvine-kosmetika","8":"product_cat-veido-pudros","9":"product_tag-paese","11":"first","12":"instock","13":"purchasable","14":"product-type-simple"},"yoast_head":"<!-- This site is optimized with the Yoast SEO plugin v27.4 - https:\/\/yoast.com\/product\/yoast-seo-wordpress\/ -->\n<title>PAESE bambukin\u0117 biri pudra be atspalvio, 8g - MalinaShop.lt J\u016bs\u0173 sveikatai ir gro\u017eiui.<\/title>\n<meta name=\"description\" content=\"PAESE bambukin\u0117 biri pudra be atspalvio \u2013 ideali riebiai ir mi\u0161riai odai. Suteikia ilgai i\u0161liekant\u012f matin\u012f efekt\u0105, sugeria riebalus ir neu\u017ekem\u0161a por\u0173.\" \/>\n<meta name=\"robots\" content=\"index, follow, max-snippet:-1, max-image-preview:large, max-video-preview:-1\" \/>\n<link rel=\"canonical\" href=\"https:\/\/www.malinashop.lt\/lt_lt\/shop\/paese-bambukine-biri-pudra-be-atspalvio-8g\/\" \/>\n<meta property=\"og:locale\" content=\"lt_LT\" \/>\n<meta property=\"og:type\" content=\"article\" \/>\n<meta property=\"og:title\" content=\"PAESE bambukin\u0117 biri pudra be atspalvio, 8g - MalinaShop.lt J\u016bs\u0173 sveikatai ir gro\u017eiui.\" \/>\n<meta property=\"og:description\" content=\"PAESE bambukin\u0117 biri pudra be atspalvio \u2013 ideali riebiai ir mi\u0161riai odai. Suteikia ilgai i\u0161liekant\u012f matin\u012f efekt\u0105, sugeria riebalus ir neu\u017ekem\u0161a por\u0173.\" \/>\n<meta property=\"og:url\" content=\"https:\/\/www.malinashop.lt\/lt_lt\/shop\/paese-bambukine-biri-pudra-be-atspalvio-8g\/\" \/>\n<meta property=\"og:site_name\" content=\"MalinaShop.lt J\u016bs\u0173 sveikatai ir gro\u017eiui.\" \/>\n<meta property=\"article:modified_time\" content=\"2026-02-10T09:48:19+00:00\" \/>\n<meta property=\"og:image\" content=\"https:\/\/www.malinashop.lt\/wp-content\/uploads\/2025\/11\/Biri-pudra.jpg\" \/>\n\t<meta property=\"og:image:width\" content=\"1000\" \/>\n\t<meta property=\"og:image:height\" content=\"1000\" \/>\n\t<meta property=\"og:image:type\" content=\"image\/jpeg\" \/>\n<meta name=\"twitter:card\" content=\"summary_large_image\" \/>\n<script type=\"application\/ld+json\" class=\"yoast-schema-graph\">{\"@context\":\"https:\\\/\\\/schema.org\",\"@graph\":[{\"@type\":\"WebPage\",\"@id\":\"https:\\\/\\\/www.malinashop.lt\\\/shop\\\/paese-bambukine-biri-pudra-be-atspalvio-8g\\\/\",\"url\":\"https:\\\/\\\/www.malinashop.lt\\\/shop\\\/paese-bambukine-biri-pudra-be-atspalvio-8g\\\/\",\"name\":\"PAESE bambukin\u0117 biri pudra be atspalvio, 8g - MalinaShop.lt J\u016bs\u0173 sveikatai ir gro\u017eiui.\",\"isPartOf\":{\"@id\":\"https:\\\/\\\/www.malinashop.lt\\\/#website\"},\"primaryImageOfPage\":{\"@id\":\"https:\\\/\\\/www.malinashop.lt\\\/shop\\\/paese-bambukine-biri-pudra-be-atspalvio-8g\\\/#primaryimage\"},\"image\":{\"@id\":\"https:\\\/\\\/www.malinashop.lt\\\/shop\\\/paese-bambukine-biri-pudra-be-atspalvio-8g\\\/#primaryimage\"},\"thumbnailUrl\":\"https:\\\/\\\/www.malinashop.lt\\\/wp-content\\\/uploads\\\/2025\\\/11\\\/Biri-pudra.jpg\",\"datePublished\":\"2025-11-24T15:01:17+00:00\",\"dateModified\":\"2026-02-10T09:48:19+00:00\",\"description\":\"PAESE bambukin\u0117 biri pudra be atspalvio \u2013 ideali riebiai ir mi\u0161riai odai. Suteikia ilgai i\u0161liekant\u012f matin\u012f efekt\u0105, sugeria riebalus ir neu\u017ekem\u0161a por\u0173.\",\"breadcrumb\":{\"@id\":\"https:\\\/\\\/www.malinashop.lt\\\/shop\\\/paese-bambukine-biri-pudra-be-atspalvio-8g\\\/#breadcrumb\"},\"inLanguage\":\"lt-LT\",\"potentialAction\":[{\"@type\":\"ReadAction\",\"target\":[\"https:\\\/\\\/www.malinashop.lt\\\/shop\\\/paese-bambukine-biri-pudra-be-atspalvio-8g\\\/\"]}]},{\"@type\":\"ImageObject\",\"inLanguage\":\"lt-LT\",\"@id\":\"https:\\\/\\\/www.malinashop.lt\\\/shop\\\/paese-bambukine-biri-pudra-be-atspalvio-8g\\\/#primaryimage\",\"url\":\"https:\\\/\\\/www.malinashop.lt\\\/wp-content\\\/uploads\\\/2025\\\/11\\\/Biri-pudra.jpg\",\"contentUrl\":\"https:\\\/\\\/www.malinashop.lt\\\/wp-content\\\/uploads\\\/2025\\\/11\\\/Biri-pudra.jpg\",\"width\":1000,\"height\":1000},{\"@type\":\"BreadcrumbList\",\"@id\":\"https:\\\/\\\/www.malinashop.lt\\\/shop\\\/paese-bambukine-biri-pudra-be-atspalvio-8g\\\/#breadcrumb\",\"itemListElement\":[{\"@type\":\"ListItem\",\"position\":1,\"name\":\"Pagrindinis\",\"item\":\"https:\\\/\\\/www.malinashop.lt\\\/\"},{\"@type\":\"ListItem\",\"position\":2,\"name\":\"Parduotuv\u0117\",\"item\":\"https:\\\/\\\/www.malinashop.lt\\\/en\\\/parduotuve\\\/\"},{\"@type\":\"ListItem\",\"position\":3,\"name\":\"PAESE bambukin\u0117 biri pudra be atspalvio, 8g\"}]},{\"@type\":\"WebSite\",\"@id\":\"https:\\\/\\\/www.malinashop.lt\\\/#website\",\"url\":\"https:\\\/\\\/www.malinashop.lt\\\/\",\"name\":\"COM Group Ecommerce\",\"description\":\"MalinaShop.lt - Gro\u017eio ir sveikatos produktai i\u0161 patikim\u0173 preki\u0173 \u017eenkl\u0173. Atraskite auk\u0161tos kokyb\u0117s kosmetik\u0105 u\u017e puiki\u0105 kain\u0105.\",\"publisher\":{\"@id\":\"https:\\\/\\\/www.malinashop.lt\\\/#organization\"},\"potentialAction\":[{\"@type\":\"SearchAction\",\"target\":{\"@type\":\"EntryPoint\",\"urlTemplate\":\"https:\\\/\\\/www.malinashop.lt\\\/?s={search_term_string}\"},\"query-input\":{\"@type\":\"PropertyValueSpecification\",\"valueRequired\":true,\"valueName\":\"search_term_string\"}}],\"inLanguage\":\"lt-LT\"},{\"@type\":\"Organization\",\"@id\":\"https:\\\/\\\/www.malinashop.lt\\\/#organization\",\"name\":\"COM Group Ecommerce\",\"url\":\"https:\\\/\\\/www.malinashop.lt\\\/\",\"logo\":{\"@type\":\"ImageObject\",\"inLanguage\":\"lt-LT\",\"@id\":\"https:\\\/\\\/www.malinashop.lt\\\/#\\\/schema\\\/logo\\\/image\\\/\",\"url\":\"https:\\\/\\\/www.malinashop.lt\\\/wp-content\\\/uploads\\\/2024\\\/08\\\/462559670_3787732518133670_9795632669273463_n-e1731525914575.png\",\"contentUrl\":\"https:\\\/\\\/www.malinashop.lt\\\/wp-content\\\/uploads\\\/2024\\\/08\\\/462559670_3787732518133670_9795632669273463_n-e1731525914575.png\",\"width\":180,\"height\":60,\"caption\":\"COM Group Ecommerce\"},\"image\":{\"@id\":\"https:\\\/\\\/www.malinashop.lt\\\/#\\\/schema\\\/logo\\\/image\\\/\"}}]}<\/script>\n<!-- \/ Yoast SEO plugin. -->","yoast_head_json":{"title":"PAESE bambukin\u0117 biri pudra be atspalvio, 8g - MalinaShop.lt J\u016bs\u0173 sveikatai ir gro\u017eiui.","description":"PAESE bambukin\u0117 biri pudra be atspalvio \u2013 ideali riebiai ir mi\u0161riai odai. Suteikia ilgai i\u0161liekant\u012f matin\u012f efekt\u0105, sugeria riebalus ir neu\u017ekem\u0161a por\u0173.","robots":{"index":"index","follow":"follow","max-snippet":"max-snippet:-1","max-image-preview":"max-image-preview:large","max-video-preview":"max-video-preview:-1"},"canonical":"https:\/\/www.malinashop.lt\/lt_lt\/shop\/paese-bambukine-biri-pudra-be-atspalvio-8g\/","og_locale":"lt_LT","og_type":"article","og_title":"PAESE bambukin\u0117 biri pudra be atspalvio, 8g - MalinaShop.lt J\u016bs\u0173 sveikatai ir gro\u017eiui.","og_description":"PAESE bambukin\u0117 biri pudra be atspalvio \u2013 ideali riebiai ir mi\u0161riai odai. Suteikia ilgai i\u0161liekant\u012f matin\u012f efekt\u0105, sugeria riebalus ir neu\u017ekem\u0161a por\u0173.","og_url":"https:\/\/www.malinashop.lt\/lt_lt\/shop\/paese-bambukine-biri-pudra-be-atspalvio-8g\/","og_site_name":"MalinaShop.lt J\u016bs\u0173 sveikatai ir gro\u017eiui.","article_modified_time":"2026-02-10T09:48:19+00:00","og_image":[{"width":1000,"height":1000,"url":"https:\/\/www.malinashop.lt\/wp-content\/uploads\/2025\/11\/Biri-pudra.jpg","type":"image\/jpeg"}],"twitter_card":"summary_large_image","schema":{"@context":"https:\/\/schema.org","@graph":[{"@type":"WebPage","@id":"https:\/\/www.malinashop.lt\/shop\/paese-bambukine-biri-pudra-be-atspalvio-8g\/","url":"https:\/\/www.malinashop.lt\/shop\/paese-bambukine-biri-pudra-be-atspalvio-8g\/","name":"PAESE bambukin\u0117 biri pudra be atspalvio, 8g - MalinaShop.lt J\u016bs\u0173 sveikatai ir gro\u017eiui.","isPartOf":{"@id":"https:\/\/www.malinashop.lt\/#website"},"primaryImageOfPage":{"@id":"https:\/\/www.malinashop.lt\/shop\/paese-bambukine-biri-pudra-be-atspalvio-8g\/#primaryimage"},"image":{"@id":"https:\/\/www.malinashop.lt\/shop\/paese-bambukine-biri-pudra-be-atspalvio-8g\/#primaryimage"},"thumbnailUrl":"https:\/\/www.malinashop.lt\/wp-content\/uploads\/2025\/11\/Biri-pudra.jpg","datePublished":"2025-11-24T15:01:17+00:00","dateModified":"2026-02-10T09:48:19+00:00","description":"PAESE bambukin\u0117 biri pudra be atspalvio \u2013 ideali riebiai ir mi\u0161riai odai. Suteikia ilgai i\u0161liekant\u012f matin\u012f efekt\u0105, sugeria riebalus ir neu\u017ekem\u0161a por\u0173.","breadcrumb":{"@id":"https:\/\/www.malinashop.lt\/shop\/paese-bambukine-biri-pudra-be-atspalvio-8g\/#breadcrumb"},"inLanguage":"lt-LT","potentialAction":[{"@type":"ReadAction","target":["https:\/\/www.malinashop.lt\/shop\/paese-bambukine-biri-pudra-be-atspalvio-8g\/"]}]},{"@type":"ImageObject","inLanguage":"lt-LT","@id":"https:\/\/www.malinashop.lt\/shop\/paese-bambukine-biri-pudra-be-atspalvio-8g\/#primaryimage","url":"https:\/\/www.malinashop.lt\/wp-content\/uploads\/2025\/11\/Biri-pudra.jpg","contentUrl":"https:\/\/www.malinashop.lt\/wp-content\/uploads\/2025\/11\/Biri-pudra.jpg","width":1000,"height":1000},{"@type":"BreadcrumbList","@id":"https:\/\/www.malinashop.lt\/shop\/paese-bambukine-biri-pudra-be-atspalvio-8g\/#breadcrumb","itemListElement":[{"@type":"ListItem","position":1,"name":"Pagrindinis","item":"https:\/\/www.malinashop.lt\/"},{"@type":"ListItem","position":2,"name":"Parduotuv\u0117","item":"https:\/\/www.malinashop.lt\/en\/parduotuve\/"},{"@type":"ListItem","position":3,"name":"PAESE bambukin\u0117 biri pudra be atspalvio, 8g"}]},{"@type":"WebSite","@id":"https:\/\/www.malinashop.lt\/#website","url":"https:\/\/www.malinashop.lt\/","name":"COM Group Ecommerce","description":"MalinaShop.lt - Gro\u017eio ir sveikatos produktai i\u0161 patikim\u0173 preki\u0173 \u017eenkl\u0173. Atraskite auk\u0161tos kokyb\u0117s kosmetik\u0105 u\u017e puiki\u0105 kain\u0105.","publisher":{"@id":"https:\/\/www.malinashop.lt\/#organization"},"potentialAction":[{"@type":"SearchAction","target":{"@type":"EntryPoint","urlTemplate":"https:\/\/www.malinashop.lt\/?s={search_term_string}"},"query-input":{"@type":"PropertyValueSpecification","valueRequired":true,"valueName":"search_term_string"}}],"inLanguage":"lt-LT"},{"@type":"Organization","@id":"https:\/\/www.malinashop.lt\/#organization","name":"COM Group Ecommerce","url":"https:\/\/www.malinashop.lt\/","logo":{"@type":"ImageObject","inLanguage":"lt-LT","@id":"https:\/\/www.malinashop.lt\/#\/schema\/logo\/image\/","url":"https:\/\/www.malinashop.lt\/wp-content\/uploads\/2024\/08\/462559670_3787732518133670_9795632669273463_n-e1731525914575.png","contentUrl":"https:\/\/www.malinashop.lt\/wp-content\/uploads\/2024\/08\/462559670_3787732518133670_9795632669273463_n-e1731525914575.png","width":180,"height":60,"caption":"COM Group Ecommerce"},"image":{"@id":"https:\/\/www.malinashop.lt\/#\/schema\/logo\/image\/"}}]}},"jetpack_sharing_enabled":true,"_links":{"self":[{"href":"https:\/\/www.malinashop.lt\/lt_lt\/wp-json\/wp\/v2\/product\/63520","targetHints":{"allow":["GET"]}}],"collection":[{"href":"https:\/\/www.malinashop.lt\/lt_lt\/wp-json\/wp\/v2\/product"}],"about":[{"href":"https:\/\/www.malinashop.lt\/lt_lt\/wp-json\/wp\/v2\/types\/product"}],"version-history":[{"count":2,"href":"https:\/\/www.malinashop.lt\/lt_lt\/wp-json\/wp\/v2\/product\/63520\/revisions"}],"predecessor-version":[{"id":72147,"href":"https:\/\/www.malinashop.lt\/lt_lt\/wp-json\/wp\/v2\/product\/63520\/revisions\/72147"}],"wp:featuredmedia":[{"embeddable":true,"href":"https:\/\/www.malinashop.lt\/lt_lt\/wp-json\/wp\/v2\/media\/63522"}],"wp:attachment":[{"href":"https:\/\/www.malinashop.lt\/lt_lt\/wp-json\/wp\/v2\/media?parent=63520"}],"wp:term":[{"taxonomy":"product_brand","embeddable":true,"href":"https:\/\/www.malinashop.lt\/lt_lt\/wp-json\/wp\/v2\/product_brand?post=63520"},{"taxonomy":"product_cat","embeddable":true,"href":"https:\/\/www.malinashop.lt\/lt_lt\/wp-json\/wp\/v2\/product_cat?post=63520"},{"taxonomy":"product_tag","embeddable":true,"href":"https:\/\/www.malinashop.lt\/lt_lt\/wp-json\/wp\/v2\/product_tag?post=63520"}],"curies":[{"name":"wp","href":"https:\/\/api.w.org\/{rel}","templated":true}]}}