{"id":63498,"date":"2025-11-24T18:01:17","date_gmt":"2025-11-24T15:01:17","guid":{"rendered":"https:\/\/malinashop.lt\/?post_type=product&#038;p=63498"},"modified":"2026-02-10T12:48:18","modified_gmt":"2026-02-10T09:48:18","slug":"paese-matiniai-mattologie-100-lupu-dazai","status":"publish","type":"product","link":"https:\/\/www.malinashop.lt\/lt_lt\/shop\/paese-matiniai-mattologie-100-lupu-dazai\/","title":{"rendered":"PAESE matiniai MATTOLOGIE 100 l\u016bp\u0173 da\u017eai"},"content":{"rendered":"<p data-start=\"122\" data-end=\"377\"><strong data-start=\"122\" data-end=\"166\">PAESE matiniai l\u016bp\u0173 da\u017eai MATTOLOGIE 100<\/strong> \u2013 tai ilgai i\u0161liekantys, komforti\u0161ki matiniai l\u016bp\u0173 da\u017eai, sukurti dailiam ir sodriam makia\u017eo rezultatui. Lengva ir kremin\u0117 formul\u0117 \u0161velniai slysta per l\u016bpas, nesausina ir nekelia diskomforto net ilgai d\u0117vint.<\/p>\n<p data-start=\"379\" data-end=\"658\">\u0160ie l\u016bp\u0173 da\u017eai pasi\u017eymi intensyvia pigmentacija, tod\u0117l u\u017etikrina ry\u0161ki\u0105 spalv\u0105 vienu pot\u0117piu. Matinis efektas atrodo eleganti\u0161kai tiek kasdieniam, tiek vakaro \u012fvaizd\u017eiui. Priemon\u0117 glotniai dengiasi ir nesub\u0117ga \u012f l\u016bp\u0173 rauk\u0161leles, i\u0161laikydama nepriekai\u0161ting\u0105 i\u0161vaizd\u0105 vis\u0105 dien\u0105.<\/p>\n<p data-start=\"660\" data-end=\"767\">Puikiai tinka makia\u017eo m\u0117g\u0117joms, ie\u0161kan\u010dioms sodrios spalvos, patogios tekst\u016bros ir patikimo matinio efekto.<\/p>\n","protected":false},"excerpt":{"rendered":"<p data-start=\"809\" data-end=\"1001\">Ilgai i\u0161liekantys, komforti\u0161ki matiniai l\u016bp\u0173 da\u017eai, kurie u\u017etikrina intensyvi\u0105 spalv\u0105 ir nesausina l\u016bp\u0173. Glotniai dengiasi, nekelia diskomforto ir i\u0161laiko eleganti\u0161k\u0105 matin\u012f efekt\u0105 vis\u0105 dien\u0105.<\/p>\n","protected":false},"featured_media":63500,"template":"","meta":[],"product_brand":[1534],"product_cat":[102,708,533],"product_tag":[1614],"class_list":{"0":"post-63498","1":"product","2":"type-product","3":"status-publish","4":"has-post-thumbnail","6":"product_brand-paese","7":"product_cat-dekoratyvine-kosmetika","8":"product_cat-lupoms","9":"product_cat-lupu-dazai","10":"product_tag-paese","12":"first","13":"instock","14":"purchasable","15":"product-type-simple"},"yoast_head":"<!-- This site is optimized with the Yoast SEO plugin v27.4 - https:\/\/yoast.com\/product\/yoast-seo-wordpress\/ -->\n<title>PAESE matiniai MATTOLOGIE 100 l\u016bp\u0173 da\u017eai - MalinaShop.lt J\u016bs\u0173 sveikatai ir gro\u017eiui.<\/title>\n<meta name=\"description\" content=\"PAESE MATTOLOGIE 100 \u2013 komforti\u0161ki, ilgai i\u0161liekantys matiniai l\u016bp\u0173 da\u017eai. Intensyvi spalva, glotni tekst\u016bra ir nesausinantis efektas kasdieniam makia\u017eui.\" \/>\n<meta name=\"robots\" content=\"index, follow, max-snippet:-1, max-image-preview:large, max-video-preview:-1\" \/>\n<link rel=\"canonical\" href=\"https:\/\/www.malinashop.lt\/lt_lt\/shop\/paese-matiniai-mattologie-100-lupu-dazai\/\" \/>\n<meta property=\"og:locale\" content=\"lt_LT\" \/>\n<meta property=\"og:type\" content=\"article\" \/>\n<meta property=\"og:title\" content=\"PAESE matiniai MATTOLOGIE 100 l\u016bp\u0173 da\u017eai - MalinaShop.lt J\u016bs\u0173 sveikatai ir gro\u017eiui.\" \/>\n<meta property=\"og:description\" content=\"PAESE MATTOLOGIE 100 \u2013 komforti\u0161ki, ilgai i\u0161liekantys matiniai l\u016bp\u0173 da\u017eai. Intensyvi spalva, glotni tekst\u016bra ir nesausinantis efektas kasdieniam makia\u017eui.\" \/>\n<meta property=\"og:url\" content=\"https:\/\/www.malinashop.lt\/lt_lt\/shop\/paese-matiniai-mattologie-100-lupu-dazai\/\" \/>\n<meta property=\"og:site_name\" content=\"MalinaShop.lt J\u016bs\u0173 sveikatai ir gro\u017eiui.\" \/>\n<meta property=\"article:modified_time\" content=\"2026-02-10T09:48:18+00:00\" \/>\n<meta property=\"og:image\" content=\"https:\/\/www.malinashop.lt\/wp-content\/uploads\/2025\/11\/lipstick_mattologie_open_100-1.jpg\" \/>\n\t<meta property=\"og:image:width\" content=\"1440\" \/>\n\t<meta property=\"og:image:height\" content=\"810\" \/>\n\t<meta property=\"og:image:type\" content=\"image\/jpeg\" \/>\n<meta name=\"twitter:card\" content=\"summary_large_image\" \/>\n<script type=\"application\/ld+json\" class=\"yoast-schema-graph\">{\"@context\":\"https:\\\/\\\/schema.org\",\"@graph\":[{\"@type\":\"WebPage\",\"@id\":\"https:\\\/\\\/www.malinashop.lt\\\/shop\\\/paese-matiniai-mattologie-100-lupu-dazai\\\/\",\"url\":\"https:\\\/\\\/www.malinashop.lt\\\/shop\\\/paese-matiniai-mattologie-100-lupu-dazai\\\/\",\"name\":\"PAESE matiniai MATTOLOGIE 100 l\u016bp\u0173 da\u017eai - MalinaShop.lt J\u016bs\u0173 sveikatai ir gro\u017eiui.\",\"isPartOf\":{\"@id\":\"https:\\\/\\\/www.malinashop.lt\\\/#website\"},\"primaryImageOfPage\":{\"@id\":\"https:\\\/\\\/www.malinashop.lt\\\/shop\\\/paese-matiniai-mattologie-100-lupu-dazai\\\/#primaryimage\"},\"image\":{\"@id\":\"https:\\\/\\\/www.malinashop.lt\\\/shop\\\/paese-matiniai-mattologie-100-lupu-dazai\\\/#primaryimage\"},\"thumbnailUrl\":\"https:\\\/\\\/www.malinashop.lt\\\/wp-content\\\/uploads\\\/2025\\\/11\\\/lipstick_mattologie_open_100-1.jpg\",\"datePublished\":\"2025-11-24T15:01:17+00:00\",\"dateModified\":\"2026-02-10T09:48:18+00:00\",\"description\":\"PAESE MATTOLOGIE 100 \u2013 komforti\u0161ki, ilgai i\u0161liekantys matiniai l\u016bp\u0173 da\u017eai. Intensyvi spalva, glotni tekst\u016bra ir nesausinantis efektas kasdieniam makia\u017eui.\",\"breadcrumb\":{\"@id\":\"https:\\\/\\\/www.malinashop.lt\\\/shop\\\/paese-matiniai-mattologie-100-lupu-dazai\\\/#breadcrumb\"},\"inLanguage\":\"lt-LT\",\"potentialAction\":[{\"@type\":\"ReadAction\",\"target\":[\"https:\\\/\\\/www.malinashop.lt\\\/shop\\\/paese-matiniai-mattologie-100-lupu-dazai\\\/\"]}]},{\"@type\":\"ImageObject\",\"inLanguage\":\"lt-LT\",\"@id\":\"https:\\\/\\\/www.malinashop.lt\\\/shop\\\/paese-matiniai-mattologie-100-lupu-dazai\\\/#primaryimage\",\"url\":\"https:\\\/\\\/www.malinashop.lt\\\/wp-content\\\/uploads\\\/2025\\\/11\\\/lipstick_mattologie_open_100-1.jpg\",\"contentUrl\":\"https:\\\/\\\/www.malinashop.lt\\\/wp-content\\\/uploads\\\/2025\\\/11\\\/lipstick_mattologie_open_100-1.jpg\",\"width\":1440,\"height\":810},{\"@type\":\"BreadcrumbList\",\"@id\":\"https:\\\/\\\/www.malinashop.lt\\\/shop\\\/paese-matiniai-mattologie-100-lupu-dazai\\\/#breadcrumb\",\"itemListElement\":[{\"@type\":\"ListItem\",\"position\":1,\"name\":\"Pagrindinis\",\"item\":\"https:\\\/\\\/www.malinashop.lt\\\/\"},{\"@type\":\"ListItem\",\"position\":2,\"name\":\"Parduotuv\u0117\",\"item\":\"https:\\\/\\\/www.malinashop.lt\\\/en\\\/parduotuve\\\/\"},{\"@type\":\"ListItem\",\"position\":3,\"name\":\"PAESE matiniai MATTOLOGIE 100 l\u016bp\u0173 da\u017eai\"}]},{\"@type\":\"WebSite\",\"@id\":\"https:\\\/\\\/www.malinashop.lt\\\/#website\",\"url\":\"https:\\\/\\\/www.malinashop.lt\\\/\",\"name\":\"COM Group Ecommerce\",\"description\":\"MalinaShop.lt - Gro\u017eio ir sveikatos produktai i\u0161 patikim\u0173 preki\u0173 \u017eenkl\u0173. Atraskite auk\u0161tos kokyb\u0117s kosmetik\u0105 u\u017e puiki\u0105 kain\u0105.\",\"publisher\":{\"@id\":\"https:\\\/\\\/www.malinashop.lt\\\/#organization\"},\"potentialAction\":[{\"@type\":\"SearchAction\",\"target\":{\"@type\":\"EntryPoint\",\"urlTemplate\":\"https:\\\/\\\/www.malinashop.lt\\\/?s={search_term_string}\"},\"query-input\":{\"@type\":\"PropertyValueSpecification\",\"valueRequired\":true,\"valueName\":\"search_term_string\"}}],\"inLanguage\":\"lt-LT\"},{\"@type\":\"Organization\",\"@id\":\"https:\\\/\\\/www.malinashop.lt\\\/#organization\",\"name\":\"COM Group Ecommerce\",\"url\":\"https:\\\/\\\/www.malinashop.lt\\\/\",\"logo\":{\"@type\":\"ImageObject\",\"inLanguage\":\"lt-LT\",\"@id\":\"https:\\\/\\\/www.malinashop.lt\\\/#\\\/schema\\\/logo\\\/image\\\/\",\"url\":\"https:\\\/\\\/www.malinashop.lt\\\/wp-content\\\/uploads\\\/2024\\\/08\\\/462559670_3787732518133670_9795632669273463_n-e1731525914575.png\",\"contentUrl\":\"https:\\\/\\\/www.malinashop.lt\\\/wp-content\\\/uploads\\\/2024\\\/08\\\/462559670_3787732518133670_9795632669273463_n-e1731525914575.png\",\"width\":180,\"height\":60,\"caption\":\"COM Group Ecommerce\"},\"image\":{\"@id\":\"https:\\\/\\\/www.malinashop.lt\\\/#\\\/schema\\\/logo\\\/image\\\/\"}}]}<\/script>\n<!-- \/ Yoast SEO plugin. -->","yoast_head_json":{"title":"PAESE matiniai MATTOLOGIE 100 l\u016bp\u0173 da\u017eai - MalinaShop.lt J\u016bs\u0173 sveikatai ir gro\u017eiui.","description":"PAESE MATTOLOGIE 100 \u2013 komforti\u0161ki, ilgai i\u0161liekantys matiniai l\u016bp\u0173 da\u017eai. Intensyvi spalva, glotni tekst\u016bra ir nesausinantis efektas kasdieniam makia\u017eui.","robots":{"index":"index","follow":"follow","max-snippet":"max-snippet:-1","max-image-preview":"max-image-preview:large","max-video-preview":"max-video-preview:-1"},"canonical":"https:\/\/www.malinashop.lt\/lt_lt\/shop\/paese-matiniai-mattologie-100-lupu-dazai\/","og_locale":"lt_LT","og_type":"article","og_title":"PAESE matiniai MATTOLOGIE 100 l\u016bp\u0173 da\u017eai - MalinaShop.lt J\u016bs\u0173 sveikatai ir gro\u017eiui.","og_description":"PAESE MATTOLOGIE 100 \u2013 komforti\u0161ki, ilgai i\u0161liekantys matiniai l\u016bp\u0173 da\u017eai. Intensyvi spalva, glotni tekst\u016bra ir nesausinantis efektas kasdieniam makia\u017eui.","og_url":"https:\/\/www.malinashop.lt\/lt_lt\/shop\/paese-matiniai-mattologie-100-lupu-dazai\/","og_site_name":"MalinaShop.lt J\u016bs\u0173 sveikatai ir gro\u017eiui.","article_modified_time":"2026-02-10T09:48:18+00:00","og_image":[{"width":1440,"height":810,"url":"https:\/\/www.malinashop.lt\/wp-content\/uploads\/2025\/11\/lipstick_mattologie_open_100-1.jpg","type":"image\/jpeg"}],"twitter_card":"summary_large_image","schema":{"@context":"https:\/\/schema.org","@graph":[{"@type":"WebPage","@id":"https:\/\/www.malinashop.lt\/shop\/paese-matiniai-mattologie-100-lupu-dazai\/","url":"https:\/\/www.malinashop.lt\/shop\/paese-matiniai-mattologie-100-lupu-dazai\/","name":"PAESE matiniai MATTOLOGIE 100 l\u016bp\u0173 da\u017eai - MalinaShop.lt J\u016bs\u0173 sveikatai ir gro\u017eiui.","isPartOf":{"@id":"https:\/\/www.malinashop.lt\/#website"},"primaryImageOfPage":{"@id":"https:\/\/www.malinashop.lt\/shop\/paese-matiniai-mattologie-100-lupu-dazai\/#primaryimage"},"image":{"@id":"https:\/\/www.malinashop.lt\/shop\/paese-matiniai-mattologie-100-lupu-dazai\/#primaryimage"},"thumbnailUrl":"https:\/\/www.malinashop.lt\/wp-content\/uploads\/2025\/11\/lipstick_mattologie_open_100-1.jpg","datePublished":"2025-11-24T15:01:17+00:00","dateModified":"2026-02-10T09:48:18+00:00","description":"PAESE MATTOLOGIE 100 \u2013 komforti\u0161ki, ilgai i\u0161liekantys matiniai l\u016bp\u0173 da\u017eai. Intensyvi spalva, glotni tekst\u016bra ir nesausinantis efektas kasdieniam makia\u017eui.","breadcrumb":{"@id":"https:\/\/www.malinashop.lt\/shop\/paese-matiniai-mattologie-100-lupu-dazai\/#breadcrumb"},"inLanguage":"lt-LT","potentialAction":[{"@type":"ReadAction","target":["https:\/\/www.malinashop.lt\/shop\/paese-matiniai-mattologie-100-lupu-dazai\/"]}]},{"@type":"ImageObject","inLanguage":"lt-LT","@id":"https:\/\/www.malinashop.lt\/shop\/paese-matiniai-mattologie-100-lupu-dazai\/#primaryimage","url":"https:\/\/www.malinashop.lt\/wp-content\/uploads\/2025\/11\/lipstick_mattologie_open_100-1.jpg","contentUrl":"https:\/\/www.malinashop.lt\/wp-content\/uploads\/2025\/11\/lipstick_mattologie_open_100-1.jpg","width":1440,"height":810},{"@type":"BreadcrumbList","@id":"https:\/\/www.malinashop.lt\/shop\/paese-matiniai-mattologie-100-lupu-dazai\/#breadcrumb","itemListElement":[{"@type":"ListItem","position":1,"name":"Pagrindinis","item":"https:\/\/www.malinashop.lt\/"},{"@type":"ListItem","position":2,"name":"Parduotuv\u0117","item":"https:\/\/www.malinashop.lt\/en\/parduotuve\/"},{"@type":"ListItem","position":3,"name":"PAESE matiniai MATTOLOGIE 100 l\u016bp\u0173 da\u017eai"}]},{"@type":"WebSite","@id":"https:\/\/www.malinashop.lt\/#website","url":"https:\/\/www.malinashop.lt\/","name":"COM Group Ecommerce","description":"MalinaShop.lt - Gro\u017eio ir sveikatos produktai i\u0161 patikim\u0173 preki\u0173 \u017eenkl\u0173. Atraskite auk\u0161tos kokyb\u0117s kosmetik\u0105 u\u017e puiki\u0105 kain\u0105.","publisher":{"@id":"https:\/\/www.malinashop.lt\/#organization"},"potentialAction":[{"@type":"SearchAction","target":{"@type":"EntryPoint","urlTemplate":"https:\/\/www.malinashop.lt\/?s={search_term_string}"},"query-input":{"@type":"PropertyValueSpecification","valueRequired":true,"valueName":"search_term_string"}}],"inLanguage":"lt-LT"},{"@type":"Organization","@id":"https:\/\/www.malinashop.lt\/#organization","name":"COM Group Ecommerce","url":"https:\/\/www.malinashop.lt\/","logo":{"@type":"ImageObject","inLanguage":"lt-LT","@id":"https:\/\/www.malinashop.lt\/#\/schema\/logo\/image\/","url":"https:\/\/www.malinashop.lt\/wp-content\/uploads\/2024\/08\/462559670_3787732518133670_9795632669273463_n-e1731525914575.png","contentUrl":"https:\/\/www.malinashop.lt\/wp-content\/uploads\/2024\/08\/462559670_3787732518133670_9795632669273463_n-e1731525914575.png","width":180,"height":60,"caption":"COM Group Ecommerce"},"image":{"@id":"https:\/\/www.malinashop.lt\/#\/schema\/logo\/image\/"}}]}},"jetpack_sharing_enabled":true,"_links":{"self":[{"href":"https:\/\/www.malinashop.lt\/lt_lt\/wp-json\/wp\/v2\/product\/63498","targetHints":{"allow":["GET"]}}],"collection":[{"href":"https:\/\/www.malinashop.lt\/lt_lt\/wp-json\/wp\/v2\/product"}],"about":[{"href":"https:\/\/www.malinashop.lt\/lt_lt\/wp-json\/wp\/v2\/types\/product"}],"version-history":[{"count":2,"href":"https:\/\/www.malinashop.lt\/lt_lt\/wp-json\/wp\/v2\/product\/63498\/revisions"}],"predecessor-version":[{"id":72133,"href":"https:\/\/www.malinashop.lt\/lt_lt\/wp-json\/wp\/v2\/product\/63498\/revisions\/72133"}],"wp:featuredmedia":[{"embeddable":true,"href":"https:\/\/www.malinashop.lt\/lt_lt\/wp-json\/wp\/v2\/media\/63500"}],"wp:attachment":[{"href":"https:\/\/www.malinashop.lt\/lt_lt\/wp-json\/wp\/v2\/media?parent=63498"}],"wp:term":[{"taxonomy":"product_brand","embeddable":true,"href":"https:\/\/www.malinashop.lt\/lt_lt\/wp-json\/wp\/v2\/product_brand?post=63498"},{"taxonomy":"product_cat","embeddable":true,"href":"https:\/\/www.malinashop.lt\/lt_lt\/wp-json\/wp\/v2\/product_cat?post=63498"},{"taxonomy":"product_tag","embeddable":true,"href":"https:\/\/www.malinashop.lt\/lt_lt\/wp-json\/wp\/v2\/product_tag?post=63498"}],"curies":[{"name":"wp","href":"https:\/\/api.w.org\/{rel}","templated":true}]}}