{"id":63437,"date":"2025-11-24T18:00:44","date_gmt":"2025-11-24T15:00:44","guid":{"rendered":"https:\/\/malinashop.lt\/?post_type=product&#038;p=63437"},"modified":"2026-02-10T12:48:21","modified_gmt":"2026-02-10T09:48:21","slug":"paese-liloosh-blakstienu-tusas","status":"publish","type":"product","link":"https:\/\/www.malinashop.lt\/lt_lt\/shop\/paese-liloosh-blakstienu-tusas\/","title":{"rendered":"PAESE LILOOSH blakstien\u0173 tu\u0161as"},"content":{"rendered":"<p data-start=\"45\" data-end=\"372\"><strong data-start=\"45\" data-end=\"79\">PAESE blakstien\u0173 tu\u0161as LILOOSH<\/strong> \u2013 tai prabangus pasirinkimas siekian\u010dioms i\u0161rai\u0161kingo, panoraminio blakstien\u0173 efekto. Inovatyvi tu\u0161o formul\u0117 ne tik prailgina ir pary\u0161kina blakstienas, bet ir suteikia joms \u012fsp\u016bding\u0105 apimt\u012f. \u0160velnus gintaro aromatas sukuria i\u0161skirtin\u0119 naudojimo patirt\u012f, kuri\u0105 retai si\u016blo tradiciniai tu\u0161ai.<\/p>\n<p data-start=\"374\" data-end=\"530\">Produkto pateikimas taip pat i\u0161skirtinis \u2013 tu\u0161as supakuotas \u012f eleganti\u0161k\u0105 auksin\u0119 kartonin\u0119 d\u0117\u017eut\u0119, kuri suteikia prabangos poj\u016bt\u012f ir puikiai tinka dovanai.<\/p>\n<h4 data-start=\"532\" data-end=\"564\"><strong data-start=\"536\" data-end=\"564\">Pagrindiniai privalumai:<\/strong><\/h4>\n<ul data-start=\"565\" data-end=\"736\">\n<li data-start=\"565\" data-end=\"619\">\n<p data-start=\"567\" data-end=\"619\">Suteikia panoramin\u012f, i\u0161rai\u0161king\u0105 blakstien\u0173 efekt\u0105<\/p>\n<\/li>\n<li data-start=\"620\" data-end=\"660\">\n<p data-start=\"622\" data-end=\"660\">Subtilus, i\u0161skirtinis gintaro kvapas<\/p>\n<\/li>\n<li data-start=\"661\" data-end=\"692\">\n<p data-start=\"663\" data-end=\"692\">Eleganti\u0161ka auksin\u0117 pakuot\u0117<\/p>\n<\/li>\n<li data-start=\"693\" data-end=\"736\">\n<p data-start=\"695\" data-end=\"736\">Kokybi\u0161ka formul\u0117 kasdieniam naudojimui<\/p>\n<\/li>\n<\/ul>\n","protected":false},"excerpt":{"rendered":"<p data-start=\"779\" data-end=\"968\">PAESE LILOOSH blakstien\u0173 tu\u0161as suteikia panoramin\u012f efekt\u0105, pary\u0161kina ir pailgina blakstienas. \u0160velnus gintaro aromatas ir prabangi auksin\u0117 pakuot\u0117 suteikia i\u0161skirtinum\u0105 kiekvienam makia\u017eui.<\/p>\n","protected":false},"featured_media":63439,"template":"","meta":[],"product_brand":[1534],"product_cat":[521,102],"product_tag":[1614],"class_list":{"0":"post-63437","1":"product","2":"type-product","3":"status-publish","4":"has-post-thumbnail","6":"product_brand-paese","7":"product_cat-blakstienu-tusai","8":"product_cat-dekoratyvine-kosmetika","9":"product_tag-paese","11":"first","12":"instock","13":"purchasable","14":"product-type-simple"},"yoast_head":"<!-- This site is optimized with the Yoast SEO plugin v27.4 - https:\/\/yoast.com\/product\/yoast-seo-wordpress\/ -->\n<title>PAESE LILOOSH blakstien\u0173 tu\u0161as - MalinaShop.lt J\u016bs\u0173 sveikatai ir gro\u017eiui.<\/title>\n<meta name=\"description\" content=\"PAESE LILOOSH tu\u0161as suteikia panoramin\u012f blakstien\u0173 efekt\u0105 ir subtil\u0173 gintaro aromat\u0105. Eleganti\u0161ka auksin\u0117 pakuot\u0117 ir kokybi\u0161ka formul\u0117 kasdieniam makia\u017eui.\" \/>\n<meta name=\"robots\" content=\"index, follow, max-snippet:-1, max-image-preview:large, max-video-preview:-1\" \/>\n<link rel=\"canonical\" href=\"https:\/\/www.malinashop.lt\/lt_lt\/shop\/paese-liloosh-blakstienu-tusas\/\" \/>\n<meta property=\"og:locale\" content=\"lt_LT\" \/>\n<meta property=\"og:type\" content=\"article\" \/>\n<meta property=\"og:title\" content=\"PAESE LILOOSH blakstien\u0173 tu\u0161as - MalinaShop.lt J\u016bs\u0173 sveikatai ir gro\u017eiui.\" \/>\n<meta property=\"og:description\" content=\"PAESE LILOOSH tu\u0161as suteikia panoramin\u012f blakstien\u0173 efekt\u0105 ir subtil\u0173 gintaro aromat\u0105. Eleganti\u0161ka auksin\u0117 pakuot\u0117 ir kokybi\u0161ka formul\u0117 kasdieniam makia\u017eui.\" \/>\n<meta property=\"og:url\" content=\"https:\/\/www.malinashop.lt\/lt_lt\/shop\/paese-liloosh-blakstienu-tusas\/\" \/>\n<meta property=\"og:site_name\" content=\"MalinaShop.lt J\u016bs\u0173 sveikatai ir gro\u017eiui.\" \/>\n<meta property=\"article:modified_time\" content=\"2026-02-10T09:48:21+00:00\" \/>\n<meta property=\"og:image\" content=\"https:\/\/www.malinashop.lt\/wp-content\/uploads\/2025\/11\/Liloosh-Mascara-v.2-1-scaled-1.jpg\" \/>\n\t<meta property=\"og:image:width\" content=\"2048\" \/>\n\t<meta property=\"og:image:height\" content=\"2048\" \/>\n\t<meta property=\"og:image:type\" content=\"image\/jpeg\" \/>\n<meta name=\"twitter:card\" content=\"summary_large_image\" \/>\n<script type=\"application\/ld+json\" class=\"yoast-schema-graph\">{\"@context\":\"https:\\\/\\\/schema.org\",\"@graph\":[{\"@type\":\"WebPage\",\"@id\":\"https:\\\/\\\/www.malinashop.lt\\\/lt_lt\\\/shop\\\/paese-liloosh-blakstienu-tusas\\\/\",\"url\":\"https:\\\/\\\/www.malinashop.lt\\\/lt_lt\\\/shop\\\/paese-liloosh-blakstienu-tusas\\\/\",\"name\":\"PAESE LILOOSH blakstien\u0173 tu\u0161as - MalinaShop.lt J\u016bs\u0173 sveikatai ir gro\u017eiui.\",\"isPartOf\":{\"@id\":\"https:\\\/\\\/www.malinashop.lt\\\/#website\"},\"primaryImageOfPage\":{\"@id\":\"https:\\\/\\\/www.malinashop.lt\\\/lt_lt\\\/shop\\\/paese-liloosh-blakstienu-tusas\\\/#primaryimage\"},\"image\":{\"@id\":\"https:\\\/\\\/www.malinashop.lt\\\/lt_lt\\\/shop\\\/paese-liloosh-blakstienu-tusas\\\/#primaryimage\"},\"thumbnailUrl\":\"https:\\\/\\\/www.malinashop.lt\\\/wp-content\\\/uploads\\\/2025\\\/11\\\/Liloosh-Mascara-v.2-1-scaled-1.jpg\",\"datePublished\":\"2025-11-24T15:00:44+00:00\",\"dateModified\":\"2026-02-10T09:48:21+00:00\",\"description\":\"PAESE LILOOSH tu\u0161as suteikia panoramin\u012f blakstien\u0173 efekt\u0105 ir subtil\u0173 gintaro aromat\u0105. Eleganti\u0161ka auksin\u0117 pakuot\u0117 ir kokybi\u0161ka formul\u0117 kasdieniam makia\u017eui.\",\"breadcrumb\":{\"@id\":\"https:\\\/\\\/www.malinashop.lt\\\/lt_lt\\\/shop\\\/paese-liloosh-blakstienu-tusas\\\/#breadcrumb\"},\"inLanguage\":\"lt-LT\",\"potentialAction\":[{\"@type\":\"ReadAction\",\"target\":[\"https:\\\/\\\/www.malinashop.lt\\\/lt_lt\\\/shop\\\/paese-liloosh-blakstienu-tusas\\\/\"]}]},{\"@type\":\"ImageObject\",\"inLanguage\":\"lt-LT\",\"@id\":\"https:\\\/\\\/www.malinashop.lt\\\/lt_lt\\\/shop\\\/paese-liloosh-blakstienu-tusas\\\/#primaryimage\",\"url\":\"https:\\\/\\\/www.malinashop.lt\\\/wp-content\\\/uploads\\\/2025\\\/11\\\/Liloosh-Mascara-v.2-1-scaled-1.jpg\",\"contentUrl\":\"https:\\\/\\\/www.malinashop.lt\\\/wp-content\\\/uploads\\\/2025\\\/11\\\/Liloosh-Mascara-v.2-1-scaled-1.jpg\",\"width\":2048,\"height\":2048},{\"@type\":\"BreadcrumbList\",\"@id\":\"https:\\\/\\\/www.malinashop.lt\\\/lt_lt\\\/shop\\\/paese-liloosh-blakstienu-tusas\\\/#breadcrumb\",\"itemListElement\":[{\"@type\":\"ListItem\",\"position\":1,\"name\":\"Pagrindinis\",\"item\":\"https:\\\/\\\/www.malinashop.lt\\\/\"},{\"@type\":\"ListItem\",\"position\":2,\"name\":\"Parduotuv\u0117\",\"item\":\"https:\\\/\\\/www.malinashop.lt\\\/en\\\/parduotuve\\\/\"},{\"@type\":\"ListItem\",\"position\":3,\"name\":\"PAESE LILOOSH blakstien\u0173 tu\u0161as\"}]},{\"@type\":\"WebSite\",\"@id\":\"https:\\\/\\\/www.malinashop.lt\\\/#website\",\"url\":\"https:\\\/\\\/www.malinashop.lt\\\/\",\"name\":\"COM Group Ecommerce\",\"description\":\"MalinaShop.lt - Gro\u017eio ir sveikatos produktai i\u0161 patikim\u0173 preki\u0173 \u017eenkl\u0173. Atraskite auk\u0161tos kokyb\u0117s kosmetik\u0105 u\u017e puiki\u0105 kain\u0105.\",\"publisher\":{\"@id\":\"https:\\\/\\\/www.malinashop.lt\\\/#organization\"},\"potentialAction\":[{\"@type\":\"SearchAction\",\"target\":{\"@type\":\"EntryPoint\",\"urlTemplate\":\"https:\\\/\\\/www.malinashop.lt\\\/?s={search_term_string}\"},\"query-input\":{\"@type\":\"PropertyValueSpecification\",\"valueRequired\":true,\"valueName\":\"search_term_string\"}}],\"inLanguage\":\"lt-LT\"},{\"@type\":\"Organization\",\"@id\":\"https:\\\/\\\/www.malinashop.lt\\\/#organization\",\"name\":\"COM Group Ecommerce\",\"url\":\"https:\\\/\\\/www.malinashop.lt\\\/\",\"logo\":{\"@type\":\"ImageObject\",\"inLanguage\":\"lt-LT\",\"@id\":\"https:\\\/\\\/www.malinashop.lt\\\/#\\\/schema\\\/logo\\\/image\\\/\",\"url\":\"https:\\\/\\\/www.malinashop.lt\\\/wp-content\\\/uploads\\\/2024\\\/08\\\/462559670_3787732518133670_9795632669273463_n-e1731525914575.png\",\"contentUrl\":\"https:\\\/\\\/www.malinashop.lt\\\/wp-content\\\/uploads\\\/2024\\\/08\\\/462559670_3787732518133670_9795632669273463_n-e1731525914575.png\",\"width\":180,\"height\":60,\"caption\":\"COM Group Ecommerce\"},\"image\":{\"@id\":\"https:\\\/\\\/www.malinashop.lt\\\/#\\\/schema\\\/logo\\\/image\\\/\"}}]}<\/script>\n<!-- \/ Yoast SEO plugin. -->","yoast_head_json":{"title":"PAESE LILOOSH blakstien\u0173 tu\u0161as - MalinaShop.lt J\u016bs\u0173 sveikatai ir gro\u017eiui.","description":"PAESE LILOOSH tu\u0161as suteikia panoramin\u012f blakstien\u0173 efekt\u0105 ir subtil\u0173 gintaro aromat\u0105. Eleganti\u0161ka auksin\u0117 pakuot\u0117 ir kokybi\u0161ka formul\u0117 kasdieniam makia\u017eui.","robots":{"index":"index","follow":"follow","max-snippet":"max-snippet:-1","max-image-preview":"max-image-preview:large","max-video-preview":"max-video-preview:-1"},"canonical":"https:\/\/www.malinashop.lt\/lt_lt\/shop\/paese-liloosh-blakstienu-tusas\/","og_locale":"lt_LT","og_type":"article","og_title":"PAESE LILOOSH blakstien\u0173 tu\u0161as - MalinaShop.lt J\u016bs\u0173 sveikatai ir gro\u017eiui.","og_description":"PAESE LILOOSH tu\u0161as suteikia panoramin\u012f blakstien\u0173 efekt\u0105 ir subtil\u0173 gintaro aromat\u0105. Eleganti\u0161ka auksin\u0117 pakuot\u0117 ir kokybi\u0161ka formul\u0117 kasdieniam makia\u017eui.","og_url":"https:\/\/www.malinashop.lt\/lt_lt\/shop\/paese-liloosh-blakstienu-tusas\/","og_site_name":"MalinaShop.lt J\u016bs\u0173 sveikatai ir gro\u017eiui.","article_modified_time":"2026-02-10T09:48:21+00:00","og_image":[{"width":2048,"height":2048,"url":"https:\/\/www.malinashop.lt\/wp-content\/uploads\/2025\/11\/Liloosh-Mascara-v.2-1-scaled-1.jpg","type":"image\/jpeg"}],"twitter_card":"summary_large_image","schema":{"@context":"https:\/\/schema.org","@graph":[{"@type":"WebPage","@id":"https:\/\/www.malinashop.lt\/lt_lt\/shop\/paese-liloosh-blakstienu-tusas\/","url":"https:\/\/www.malinashop.lt\/lt_lt\/shop\/paese-liloosh-blakstienu-tusas\/","name":"PAESE LILOOSH blakstien\u0173 tu\u0161as - MalinaShop.lt J\u016bs\u0173 sveikatai ir gro\u017eiui.","isPartOf":{"@id":"https:\/\/www.malinashop.lt\/#website"},"primaryImageOfPage":{"@id":"https:\/\/www.malinashop.lt\/lt_lt\/shop\/paese-liloosh-blakstienu-tusas\/#primaryimage"},"image":{"@id":"https:\/\/www.malinashop.lt\/lt_lt\/shop\/paese-liloosh-blakstienu-tusas\/#primaryimage"},"thumbnailUrl":"https:\/\/www.malinashop.lt\/wp-content\/uploads\/2025\/11\/Liloosh-Mascara-v.2-1-scaled-1.jpg","datePublished":"2025-11-24T15:00:44+00:00","dateModified":"2026-02-10T09:48:21+00:00","description":"PAESE LILOOSH tu\u0161as suteikia panoramin\u012f blakstien\u0173 efekt\u0105 ir subtil\u0173 gintaro aromat\u0105. Eleganti\u0161ka auksin\u0117 pakuot\u0117 ir kokybi\u0161ka formul\u0117 kasdieniam makia\u017eui.","breadcrumb":{"@id":"https:\/\/www.malinashop.lt\/lt_lt\/shop\/paese-liloosh-blakstienu-tusas\/#breadcrumb"},"inLanguage":"lt-LT","potentialAction":[{"@type":"ReadAction","target":["https:\/\/www.malinashop.lt\/lt_lt\/shop\/paese-liloosh-blakstienu-tusas\/"]}]},{"@type":"ImageObject","inLanguage":"lt-LT","@id":"https:\/\/www.malinashop.lt\/lt_lt\/shop\/paese-liloosh-blakstienu-tusas\/#primaryimage","url":"https:\/\/www.malinashop.lt\/wp-content\/uploads\/2025\/11\/Liloosh-Mascara-v.2-1-scaled-1.jpg","contentUrl":"https:\/\/www.malinashop.lt\/wp-content\/uploads\/2025\/11\/Liloosh-Mascara-v.2-1-scaled-1.jpg","width":2048,"height":2048},{"@type":"BreadcrumbList","@id":"https:\/\/www.malinashop.lt\/lt_lt\/shop\/paese-liloosh-blakstienu-tusas\/#breadcrumb","itemListElement":[{"@type":"ListItem","position":1,"name":"Pagrindinis","item":"https:\/\/www.malinashop.lt\/"},{"@type":"ListItem","position":2,"name":"Parduotuv\u0117","item":"https:\/\/www.malinashop.lt\/en\/parduotuve\/"},{"@type":"ListItem","position":3,"name":"PAESE LILOOSH blakstien\u0173 tu\u0161as"}]},{"@type":"WebSite","@id":"https:\/\/www.malinashop.lt\/#website","url":"https:\/\/www.malinashop.lt\/","name":"COM Group Ecommerce","description":"MalinaShop.lt - Gro\u017eio ir sveikatos produktai i\u0161 patikim\u0173 preki\u0173 \u017eenkl\u0173. Atraskite auk\u0161tos kokyb\u0117s kosmetik\u0105 u\u017e puiki\u0105 kain\u0105.","publisher":{"@id":"https:\/\/www.malinashop.lt\/#organization"},"potentialAction":[{"@type":"SearchAction","target":{"@type":"EntryPoint","urlTemplate":"https:\/\/www.malinashop.lt\/?s={search_term_string}"},"query-input":{"@type":"PropertyValueSpecification","valueRequired":true,"valueName":"search_term_string"}}],"inLanguage":"lt-LT"},{"@type":"Organization","@id":"https:\/\/www.malinashop.lt\/#organization","name":"COM Group Ecommerce","url":"https:\/\/www.malinashop.lt\/","logo":{"@type":"ImageObject","inLanguage":"lt-LT","@id":"https:\/\/www.malinashop.lt\/#\/schema\/logo\/image\/","url":"https:\/\/www.malinashop.lt\/wp-content\/uploads\/2024\/08\/462559670_3787732518133670_9795632669273463_n-e1731525914575.png","contentUrl":"https:\/\/www.malinashop.lt\/wp-content\/uploads\/2024\/08\/462559670_3787732518133670_9795632669273463_n-e1731525914575.png","width":180,"height":60,"caption":"COM Group Ecommerce"},"image":{"@id":"https:\/\/www.malinashop.lt\/#\/schema\/logo\/image\/"}}]}},"jetpack_sharing_enabled":true,"_links":{"self":[{"href":"https:\/\/www.malinashop.lt\/lt_lt\/wp-json\/wp\/v2\/product\/63437","targetHints":{"allow":["GET"]}}],"collection":[{"href":"https:\/\/www.malinashop.lt\/lt_lt\/wp-json\/wp\/v2\/product"}],"about":[{"href":"https:\/\/www.malinashop.lt\/lt_lt\/wp-json\/wp\/v2\/types\/product"}],"version-history":[{"count":2,"href":"https:\/\/www.malinashop.lt\/lt_lt\/wp-json\/wp\/v2\/product\/63437\/revisions"}],"predecessor-version":[{"id":72218,"href":"https:\/\/www.malinashop.lt\/lt_lt\/wp-json\/wp\/v2\/product\/63437\/revisions\/72218"}],"wp:featuredmedia":[{"embeddable":true,"href":"https:\/\/www.malinashop.lt\/lt_lt\/wp-json\/wp\/v2\/media\/63439"}],"wp:attachment":[{"href":"https:\/\/www.malinashop.lt\/lt_lt\/wp-json\/wp\/v2\/media?parent=63437"}],"wp:term":[{"taxonomy":"product_brand","embeddable":true,"href":"https:\/\/www.malinashop.lt\/lt_lt\/wp-json\/wp\/v2\/product_brand?post=63437"},{"taxonomy":"product_cat","embeddable":true,"href":"https:\/\/www.malinashop.lt\/lt_lt\/wp-json\/wp\/v2\/product_cat?post=63437"},{"taxonomy":"product_tag","embeddable":true,"href":"https:\/\/www.malinashop.lt\/lt_lt\/wp-json\/wp\/v2\/product_tag?post=63437"}],"curies":[{"name":"wp","href":"https:\/\/api.w.org\/{rel}","templated":true}]}}