{"id":63417,"date":"2025-11-24T18:00:44","date_gmt":"2025-11-24T15:00:44","guid":{"rendered":"https:\/\/malinashop.lt\/?post_type=product&#038;p=63417"},"modified":"2026-02-10T12:48:21","modified_gmt":"2026-02-10T09:48:21","slug":"paese-eyegasm-blakstienu-tusas","status":"publish","type":"product","link":"https:\/\/www.malinashop.lt\/lt_lt\/shop\/paese-eyegasm-blakstienu-tusas\/","title":{"rendered":"PAESE EYEGASM blakstien\u0173 tu\u0161as"},"content":{"rendered":"<p><strong data-start=\"48\" data-end=\"82\">PAESE blakstien\u0173 tu\u0161as EYEGASM<\/strong> \u2013 tai itin efektyvus vegani\u0161kas tu\u0161as, suteikiantis maksimali\u0105 apimt\u012f ir ry\u0161k\u0173 pak\u0117limo efekt\u0105. Inovatyvus sm\u0117lio laikrod\u017eio formos silikoninis \u0161epet\u0117lis pasiekia net pa\u010dias trumpiausias blakstienas, tolygiai paskirstydamas tu\u0161\u0105 ir sukuriant \u201epush-up\u201c \u012fsp\u016bd\u012f. Tvirta \u0161epet\u0117lio \u0161erdis leid\u017eia tiksliai apibr\u0117\u017eti kiekvien\u0105 blakstien\u0105, tod\u0117l \u017evilgsnis tampa dar i\u0161rai\u0161kingesnis.<br data-start=\"458\" data-end=\"461\" \/>Unikali, nat\u016braliais va\u0161kais ir augaliniais aliejais praturtinta formul\u0117 ne tik suteikia ilgalaik\u012f rezultat\u0105, bet ir \u0161velniai pri\u017ei\u016bri blakstienas, skatina j\u0173 stiprum\u0105 bei augim\u0105. Tai puikus pasirinkimas norin\u010dioms intensyvaus, sodraus ir ilgaam\u017eio efekto kasdieniam ar vakariniam makia\u017eui.<\/p>\n","protected":false},"excerpt":{"rendered":"<p data-start=\"795\" data-end=\"997\">Vegani\u0161kas PAESE EYEGASM tu\u0161as suteikia maksimali\u0105 apimt\u012f, pak\u0117lim\u0105 ir tiksl\u0173 blakstien\u0173 apibr\u0117\u017eim\u0105. Silikoninis \u0161epet\u0117lis pasiekia net trumpas blakstienas, o nat\u016brali formul\u0117 jas puosel\u0117ja ir stiprina.<\/p>\n","protected":false},"featured_media":63419,"template":"","meta":[],"product_brand":[1534],"product_cat":[521,102],"product_tag":[1614],"class_list":{"0":"post-63417","1":"product","2":"type-product","3":"status-publish","4":"has-post-thumbnail","6":"product_brand-paese","7":"product_cat-blakstienu-tusai","8":"product_cat-dekoratyvine-kosmetika","9":"product_tag-paese","11":"first","12":"instock","13":"purchasable","14":"product-type-simple"},"yoast_head":"<!-- This site is optimized with the Yoast SEO plugin v27.4 - https:\/\/yoast.com\/product\/yoast-seo-wordpress\/ -->\n<title>PAESE EYEGASM blakstien\u0173 tu\u0161as - MalinaShop.lt J\u016bs\u0173 sveikatai ir gro\u017eiui.<\/title>\n<meta name=\"description\" content=\"PAESE EYEGASM vegani\u0161kas tu\u0161as suteikia maksimali\u0105 apimt\u012f ir pak\u0117lim\u0105. Silikoninis \u0161epet\u0117lis apibr\u0117\u017eia blakstienas, o nat\u016brali formul\u0117 jas puosel\u0117ja.\" \/>\n<meta name=\"robots\" content=\"index, follow, max-snippet:-1, max-image-preview:large, max-video-preview:-1\" \/>\n<link rel=\"canonical\" href=\"https:\/\/www.malinashop.lt\/lt_lt\/shop\/paese-eyegasm-blakstienu-tusas\/\" \/>\n<meta property=\"og:locale\" content=\"lt_LT\" \/>\n<meta property=\"og:type\" content=\"article\" \/>\n<meta property=\"og:title\" content=\"PAESE EYEGASM blakstien\u0173 tu\u0161as - MalinaShop.lt J\u016bs\u0173 sveikatai ir gro\u017eiui.\" \/>\n<meta property=\"og:description\" content=\"PAESE EYEGASM vegani\u0161kas tu\u0161as suteikia maksimali\u0105 apimt\u012f ir pak\u0117lim\u0105. Silikoninis \u0161epet\u0117lis apibr\u0117\u017eia blakstienas, o nat\u016brali formul\u0117 jas puosel\u0117ja.\" \/>\n<meta property=\"og:url\" content=\"https:\/\/www.malinashop.lt\/lt_lt\/shop\/paese-eyegasm-blakstienu-tusas\/\" \/>\n<meta property=\"og:site_name\" content=\"MalinaShop.lt J\u016bs\u0173 sveikatai ir gro\u017eiui.\" \/>\n<meta property=\"article:modified_time\" content=\"2026-02-10T09:48:21+00:00\" \/>\n<meta property=\"og:image\" content=\"https:\/\/www.malinashop.lt\/wp-content\/uploads\/2025\/11\/Eyegasm-Open-x600.jpg\" \/>\n\t<meta property=\"og:image:width\" content=\"1080\" \/>\n\t<meta property=\"og:image:height\" content=\"1080\" \/>\n\t<meta property=\"og:image:type\" content=\"image\/jpeg\" \/>\n<meta name=\"twitter:card\" content=\"summary_large_image\" \/>\n<script type=\"application\/ld+json\" class=\"yoast-schema-graph\">{\"@context\":\"https:\\\/\\\/schema.org\",\"@graph\":[{\"@type\":\"WebPage\",\"@id\":\"https:\\\/\\\/www.malinashop.lt\\\/shop\\\/paese-eyegasm-blakstienu-tusas\\\/\",\"url\":\"https:\\\/\\\/www.malinashop.lt\\\/shop\\\/paese-eyegasm-blakstienu-tusas\\\/\",\"name\":\"PAESE EYEGASM blakstien\u0173 tu\u0161as - MalinaShop.lt J\u016bs\u0173 sveikatai ir gro\u017eiui.\",\"isPartOf\":{\"@id\":\"https:\\\/\\\/www.malinashop.lt\\\/#website\"},\"primaryImageOfPage\":{\"@id\":\"https:\\\/\\\/www.malinashop.lt\\\/shop\\\/paese-eyegasm-blakstienu-tusas\\\/#primaryimage\"},\"image\":{\"@id\":\"https:\\\/\\\/www.malinashop.lt\\\/shop\\\/paese-eyegasm-blakstienu-tusas\\\/#primaryimage\"},\"thumbnailUrl\":\"https:\\\/\\\/www.malinashop.lt\\\/wp-content\\\/uploads\\\/2025\\\/11\\\/Eyegasm-Open-x600.jpg\",\"datePublished\":\"2025-11-24T15:00:44+00:00\",\"dateModified\":\"2026-02-10T09:48:21+00:00\",\"description\":\"PAESE EYEGASM vegani\u0161kas tu\u0161as suteikia maksimali\u0105 apimt\u012f ir pak\u0117lim\u0105. Silikoninis \u0161epet\u0117lis apibr\u0117\u017eia blakstienas, o nat\u016brali formul\u0117 jas puosel\u0117ja.\",\"breadcrumb\":{\"@id\":\"https:\\\/\\\/www.malinashop.lt\\\/shop\\\/paese-eyegasm-blakstienu-tusas\\\/#breadcrumb\"},\"inLanguage\":\"lt-LT\",\"potentialAction\":[{\"@type\":\"ReadAction\",\"target\":[\"https:\\\/\\\/www.malinashop.lt\\\/shop\\\/paese-eyegasm-blakstienu-tusas\\\/\"]}]},{\"@type\":\"ImageObject\",\"inLanguage\":\"lt-LT\",\"@id\":\"https:\\\/\\\/www.malinashop.lt\\\/shop\\\/paese-eyegasm-blakstienu-tusas\\\/#primaryimage\",\"url\":\"https:\\\/\\\/www.malinashop.lt\\\/wp-content\\\/uploads\\\/2025\\\/11\\\/Eyegasm-Open-x600.jpg\",\"contentUrl\":\"https:\\\/\\\/www.malinashop.lt\\\/wp-content\\\/uploads\\\/2025\\\/11\\\/Eyegasm-Open-x600.jpg\",\"width\":1080,\"height\":1080},{\"@type\":\"BreadcrumbList\",\"@id\":\"https:\\\/\\\/www.malinashop.lt\\\/shop\\\/paese-eyegasm-blakstienu-tusas\\\/#breadcrumb\",\"itemListElement\":[{\"@type\":\"ListItem\",\"position\":1,\"name\":\"Pagrindinis\",\"item\":\"https:\\\/\\\/www.malinashop.lt\\\/\"},{\"@type\":\"ListItem\",\"position\":2,\"name\":\"Parduotuv\u0117\",\"item\":\"https:\\\/\\\/www.malinashop.lt\\\/en\\\/parduotuve\\\/\"},{\"@type\":\"ListItem\",\"position\":3,\"name\":\"PAESE EYEGASM blakstien\u0173 tu\u0161as\"}]},{\"@type\":\"WebSite\",\"@id\":\"https:\\\/\\\/www.malinashop.lt\\\/#website\",\"url\":\"https:\\\/\\\/www.malinashop.lt\\\/\",\"name\":\"COM Group Ecommerce\",\"description\":\"MalinaShop.lt - Gro\u017eio ir sveikatos produktai i\u0161 patikim\u0173 preki\u0173 \u017eenkl\u0173. Atraskite auk\u0161tos kokyb\u0117s kosmetik\u0105 u\u017e puiki\u0105 kain\u0105.\",\"publisher\":{\"@id\":\"https:\\\/\\\/www.malinashop.lt\\\/#organization\"},\"potentialAction\":[{\"@type\":\"SearchAction\",\"target\":{\"@type\":\"EntryPoint\",\"urlTemplate\":\"https:\\\/\\\/www.malinashop.lt\\\/?s={search_term_string}\"},\"query-input\":{\"@type\":\"PropertyValueSpecification\",\"valueRequired\":true,\"valueName\":\"search_term_string\"}}],\"inLanguage\":\"lt-LT\"},{\"@type\":\"Organization\",\"@id\":\"https:\\\/\\\/www.malinashop.lt\\\/#organization\",\"name\":\"COM Group Ecommerce\",\"url\":\"https:\\\/\\\/www.malinashop.lt\\\/\",\"logo\":{\"@type\":\"ImageObject\",\"inLanguage\":\"lt-LT\",\"@id\":\"https:\\\/\\\/www.malinashop.lt\\\/#\\\/schema\\\/logo\\\/image\\\/\",\"url\":\"https:\\\/\\\/www.malinashop.lt\\\/wp-content\\\/uploads\\\/2024\\\/08\\\/462559670_3787732518133670_9795632669273463_n-e1731525914575.png\",\"contentUrl\":\"https:\\\/\\\/www.malinashop.lt\\\/wp-content\\\/uploads\\\/2024\\\/08\\\/462559670_3787732518133670_9795632669273463_n-e1731525914575.png\",\"width\":180,\"height\":60,\"caption\":\"COM Group Ecommerce\"},\"image\":{\"@id\":\"https:\\\/\\\/www.malinashop.lt\\\/#\\\/schema\\\/logo\\\/image\\\/\"}}]}<\/script>\n<!-- \/ Yoast SEO plugin. -->","yoast_head_json":{"title":"PAESE EYEGASM blakstien\u0173 tu\u0161as - MalinaShop.lt J\u016bs\u0173 sveikatai ir gro\u017eiui.","description":"PAESE EYEGASM vegani\u0161kas tu\u0161as suteikia maksimali\u0105 apimt\u012f ir pak\u0117lim\u0105. Silikoninis \u0161epet\u0117lis apibr\u0117\u017eia blakstienas, o nat\u016brali formul\u0117 jas puosel\u0117ja.","robots":{"index":"index","follow":"follow","max-snippet":"max-snippet:-1","max-image-preview":"max-image-preview:large","max-video-preview":"max-video-preview:-1"},"canonical":"https:\/\/www.malinashop.lt\/lt_lt\/shop\/paese-eyegasm-blakstienu-tusas\/","og_locale":"lt_LT","og_type":"article","og_title":"PAESE EYEGASM blakstien\u0173 tu\u0161as - MalinaShop.lt J\u016bs\u0173 sveikatai ir gro\u017eiui.","og_description":"PAESE EYEGASM vegani\u0161kas tu\u0161as suteikia maksimali\u0105 apimt\u012f ir pak\u0117lim\u0105. Silikoninis \u0161epet\u0117lis apibr\u0117\u017eia blakstienas, o nat\u016brali formul\u0117 jas puosel\u0117ja.","og_url":"https:\/\/www.malinashop.lt\/lt_lt\/shop\/paese-eyegasm-blakstienu-tusas\/","og_site_name":"MalinaShop.lt J\u016bs\u0173 sveikatai ir gro\u017eiui.","article_modified_time":"2026-02-10T09:48:21+00:00","og_image":[{"width":1080,"height":1080,"url":"https:\/\/www.malinashop.lt\/wp-content\/uploads\/2025\/11\/Eyegasm-Open-x600.jpg","type":"image\/jpeg"}],"twitter_card":"summary_large_image","schema":{"@context":"https:\/\/schema.org","@graph":[{"@type":"WebPage","@id":"https:\/\/www.malinashop.lt\/shop\/paese-eyegasm-blakstienu-tusas\/","url":"https:\/\/www.malinashop.lt\/shop\/paese-eyegasm-blakstienu-tusas\/","name":"PAESE EYEGASM blakstien\u0173 tu\u0161as - MalinaShop.lt J\u016bs\u0173 sveikatai ir gro\u017eiui.","isPartOf":{"@id":"https:\/\/www.malinashop.lt\/#website"},"primaryImageOfPage":{"@id":"https:\/\/www.malinashop.lt\/shop\/paese-eyegasm-blakstienu-tusas\/#primaryimage"},"image":{"@id":"https:\/\/www.malinashop.lt\/shop\/paese-eyegasm-blakstienu-tusas\/#primaryimage"},"thumbnailUrl":"https:\/\/www.malinashop.lt\/wp-content\/uploads\/2025\/11\/Eyegasm-Open-x600.jpg","datePublished":"2025-11-24T15:00:44+00:00","dateModified":"2026-02-10T09:48:21+00:00","description":"PAESE EYEGASM vegani\u0161kas tu\u0161as suteikia maksimali\u0105 apimt\u012f ir pak\u0117lim\u0105. Silikoninis \u0161epet\u0117lis apibr\u0117\u017eia blakstienas, o nat\u016brali formul\u0117 jas puosel\u0117ja.","breadcrumb":{"@id":"https:\/\/www.malinashop.lt\/shop\/paese-eyegasm-blakstienu-tusas\/#breadcrumb"},"inLanguage":"lt-LT","potentialAction":[{"@type":"ReadAction","target":["https:\/\/www.malinashop.lt\/shop\/paese-eyegasm-blakstienu-tusas\/"]}]},{"@type":"ImageObject","inLanguage":"lt-LT","@id":"https:\/\/www.malinashop.lt\/shop\/paese-eyegasm-blakstienu-tusas\/#primaryimage","url":"https:\/\/www.malinashop.lt\/wp-content\/uploads\/2025\/11\/Eyegasm-Open-x600.jpg","contentUrl":"https:\/\/www.malinashop.lt\/wp-content\/uploads\/2025\/11\/Eyegasm-Open-x600.jpg","width":1080,"height":1080},{"@type":"BreadcrumbList","@id":"https:\/\/www.malinashop.lt\/shop\/paese-eyegasm-blakstienu-tusas\/#breadcrumb","itemListElement":[{"@type":"ListItem","position":1,"name":"Pagrindinis","item":"https:\/\/www.malinashop.lt\/"},{"@type":"ListItem","position":2,"name":"Parduotuv\u0117","item":"https:\/\/www.malinashop.lt\/en\/parduotuve\/"},{"@type":"ListItem","position":3,"name":"PAESE EYEGASM blakstien\u0173 tu\u0161as"}]},{"@type":"WebSite","@id":"https:\/\/www.malinashop.lt\/#website","url":"https:\/\/www.malinashop.lt\/","name":"COM Group Ecommerce","description":"MalinaShop.lt - Gro\u017eio ir sveikatos produktai i\u0161 patikim\u0173 preki\u0173 \u017eenkl\u0173. Atraskite auk\u0161tos kokyb\u0117s kosmetik\u0105 u\u017e puiki\u0105 kain\u0105.","publisher":{"@id":"https:\/\/www.malinashop.lt\/#organization"},"potentialAction":[{"@type":"SearchAction","target":{"@type":"EntryPoint","urlTemplate":"https:\/\/www.malinashop.lt\/?s={search_term_string}"},"query-input":{"@type":"PropertyValueSpecification","valueRequired":true,"valueName":"search_term_string"}}],"inLanguage":"lt-LT"},{"@type":"Organization","@id":"https:\/\/www.malinashop.lt\/#organization","name":"COM Group Ecommerce","url":"https:\/\/www.malinashop.lt\/","logo":{"@type":"ImageObject","inLanguage":"lt-LT","@id":"https:\/\/www.malinashop.lt\/#\/schema\/logo\/image\/","url":"https:\/\/www.malinashop.lt\/wp-content\/uploads\/2024\/08\/462559670_3787732518133670_9795632669273463_n-e1731525914575.png","contentUrl":"https:\/\/www.malinashop.lt\/wp-content\/uploads\/2024\/08\/462559670_3787732518133670_9795632669273463_n-e1731525914575.png","width":180,"height":60,"caption":"COM Group Ecommerce"},"image":{"@id":"https:\/\/www.malinashop.lt\/#\/schema\/logo\/image\/"}}]}},"jetpack_sharing_enabled":true,"_links":{"self":[{"href":"https:\/\/www.malinashop.lt\/lt_lt\/wp-json\/wp\/v2\/product\/63417","targetHints":{"allow":["GET"]}}],"collection":[{"href":"https:\/\/www.malinashop.lt\/lt_lt\/wp-json\/wp\/v2\/product"}],"about":[{"href":"https:\/\/www.malinashop.lt\/lt_lt\/wp-json\/wp\/v2\/types\/product"}],"version-history":[{"count":2,"href":"https:\/\/www.malinashop.lt\/lt_lt\/wp-json\/wp\/v2\/product\/63417\/revisions"}],"predecessor-version":[{"id":72217,"href":"https:\/\/www.malinashop.lt\/lt_lt\/wp-json\/wp\/v2\/product\/63417\/revisions\/72217"}],"wp:featuredmedia":[{"embeddable":true,"href":"https:\/\/www.malinashop.lt\/lt_lt\/wp-json\/wp\/v2\/media\/63419"}],"wp:attachment":[{"href":"https:\/\/www.malinashop.lt\/lt_lt\/wp-json\/wp\/v2\/media?parent=63417"}],"wp:term":[{"taxonomy":"product_brand","embeddable":true,"href":"https:\/\/www.malinashop.lt\/lt_lt\/wp-json\/wp\/v2\/product_brand?post=63417"},{"taxonomy":"product_cat","embeddable":true,"href":"https:\/\/www.malinashop.lt\/lt_lt\/wp-json\/wp\/v2\/product_cat?post=63417"},{"taxonomy":"product_tag","embeddable":true,"href":"https:\/\/www.malinashop.lt\/lt_lt\/wp-json\/wp\/v2\/product_tag?post=63417"}],"curies":[{"name":"wp","href":"https:\/\/api.w.org\/{rel}","templated":true}]}}