{"id":63387,"date":"2025-11-24T17:59:10","date_gmt":"2025-11-24T14:59:10","guid":{"rendered":"https:\/\/malinashop.lt\/?post_type=product&#038;p=63387"},"modified":"2026-02-10T12:48:23","modified_gmt":"2026-02-10T09:48:23","slug":"paese-akiu-seselis-238-opal","status":"publish","type":"product","link":"https:\/\/www.malinashop.lt\/lt_lt\/shop\/paese-akiu-seselis-238-opal\/","title":{"rendered":"PAESE aki\u0173 \u0161e\u0161\u0117lis 238 OPAL"},"content":{"rendered":"<p data-start=\"132\" data-end=\"420\"><strong data-start=\"132\" data-end=\"163\">PAESE aki\u0173 \u0161e\u0161\u0117lis OPAL 238<\/strong> \u2013 tai satinin\u0117s tekst\u016bros, intensyvaus pigmento aki\u0173 \u0161e\u0161\u0117lis, sukurtas i\u0161gauti spindint\u012f, ilgai i\u0161liekant\u012f makia\u017eo rezultat\u0105. Formul\u0117 pasi\u017eymi \u0161velniu slydimu, tod\u0117l \u0161e\u0161\u0117lis lengvai retu\u0161uojamas ir puikiai tinka tiek kasdieniam, tiek vakariniam makia\u017eui.<\/p>\n<p data-start=\"422\" data-end=\"620\">\u0160is atspalvis suteikia subtil\u0173 \u0161vyt\u0117jim\u0105, kuris pary\u0161kina aki\u0173 gro\u017e\u012f ir padeda kurti \u012fvairius makia\u017eo derinius. D\u0117l sodraus pigmento u\u017etenka vos vieno pot\u0117pio norint i\u0161gauti ai\u0161ki\u0105, ry\u0161ki\u0105 spalv\u0105.<\/p>\n<p data-start=\"622\" data-end=\"746\">PAESE \u0161e\u0161\u0117lis OPAL 238 yra patikimas pasirinkimas ie\u0161kantiems kokybi\u0161k\u0173, gerai dengian\u010di\u0173 ir lengvai naudojam\u0173 aki\u0173 \u0161e\u0161\u0117li\u0173.<\/p>\n","protected":false},"excerpt":{"rendered":"<p data-start=\"791\" data-end=\"940\">Satinin\u0117s tekst\u016bros, intensyviai pigmentuotas PAESE aki\u0173 \u0161e\u0161\u0117lis OPAL 238, lengvai retu\u0161uojamas ir suteikiantis spindin\u010di\u0105, ilgai i\u0161liekan\u010di\u0105 spalv\u0105.<\/p>\n","protected":false},"featured_media":63389,"template":"","meta":[],"product_brand":[1534],"product_cat":[525,102],"product_tag":[1614],"class_list":{"0":"post-63387","1":"product","2":"type-product","3":"status-publish","4":"has-post-thumbnail","6":"product_brand-paese","7":"product_cat-akiu-seseliai","8":"product_cat-dekoratyvine-kosmetika","9":"product_tag-paese","11":"first","12":"instock","13":"purchasable","14":"product-type-simple"},"yoast_head":"<!-- This site is optimized with the Yoast SEO plugin v27.4 - https:\/\/yoast.com\/product\/yoast-seo-wordpress\/ -->\n<title>PAESE aki\u0173 \u0161e\u0161\u0117lis 238 OPAL - MalinaShop.lt J\u016bs\u0173 sveikatai ir gro\u017eiui.<\/title>\n<meta name=\"description\" content=\"PAESE OPAL 238 aki\u0173 \u0161e\u0161\u0117lis \u2013 satinin\u0117 tekst\u016bra, ry\u0161kus pigmentas ir spindintis efektas. Lengvai retu\u0161uojamas, puikiai tinka kasdieniam makia\u017eui.\" \/>\n<meta name=\"robots\" content=\"index, follow, max-snippet:-1, max-image-preview:large, max-video-preview:-1\" \/>\n<link rel=\"canonical\" href=\"https:\/\/www.malinashop.lt\/lt_lt\/shop\/paese-akiu-seselis-238-opal\/\" \/>\n<meta property=\"og:locale\" content=\"lt_LT\" \/>\n<meta property=\"og:type\" content=\"article\" \/>\n<meta property=\"og:title\" content=\"PAESE aki\u0173 \u0161e\u0161\u0117lis 238 OPAL - MalinaShop.lt J\u016bs\u0173 sveikatai ir gro\u017eiui.\" \/>\n<meta property=\"og:description\" content=\"PAESE OPAL 238 aki\u0173 \u0161e\u0161\u0117lis \u2013 satinin\u0117 tekst\u016bra, ry\u0161kus pigmentas ir spindintis efektas. Lengvai retu\u0161uojamas, puikiai tinka kasdieniam makia\u017eui.\" \/>\n<meta property=\"og:url\" content=\"https:\/\/www.malinashop.lt\/lt_lt\/shop\/paese-akiu-seselis-238-opal\/\" \/>\n<meta property=\"og:site_name\" content=\"MalinaShop.lt J\u016bs\u0173 sveikatai ir gro\u017eiui.\" \/>\n<meta property=\"article:modified_time\" content=\"2026-02-10T09:48:23+00:00\" \/>\n<meta property=\"og:image\" content=\"https:\/\/www.malinashop.lt\/wp-content\/uploads\/2025\/11\/238-scaled-1.jpg\" \/>\n\t<meta property=\"og:image:width\" content=\"2048\" \/>\n\t<meta property=\"og:image:height\" content=\"2050\" \/>\n\t<meta property=\"og:image:type\" content=\"image\/jpeg\" \/>\n<meta name=\"twitter:card\" content=\"summary_large_image\" \/>\n<script type=\"application\/ld+json\" class=\"yoast-schema-graph\">{\"@context\":\"https:\\\/\\\/schema.org\",\"@graph\":[{\"@type\":\"WebPage\",\"@id\":\"https:\\\/\\\/www.malinashop.lt\\\/en\\\/shop\\\/paese-akiu-seselis-238-opal\\\/\",\"url\":\"https:\\\/\\\/www.malinashop.lt\\\/en\\\/shop\\\/paese-akiu-seselis-238-opal\\\/\",\"name\":\"PAESE aki\u0173 \u0161e\u0161\u0117lis 238 OPAL - MalinaShop.lt J\u016bs\u0173 sveikatai ir gro\u017eiui.\",\"isPartOf\":{\"@id\":\"https:\\\/\\\/www.malinashop.lt\\\/en\\\/#website\"},\"primaryImageOfPage\":{\"@id\":\"https:\\\/\\\/www.malinashop.lt\\\/en\\\/shop\\\/paese-akiu-seselis-238-opal\\\/#primaryimage\"},\"image\":{\"@id\":\"https:\\\/\\\/www.malinashop.lt\\\/en\\\/shop\\\/paese-akiu-seselis-238-opal\\\/#primaryimage\"},\"thumbnailUrl\":\"https:\\\/\\\/www.malinashop.lt\\\/wp-content\\\/uploads\\\/2025\\\/11\\\/238-scaled-1.jpg\",\"datePublished\":\"2025-11-24T14:59:10+00:00\",\"dateModified\":\"2026-02-10T09:48:23+00:00\",\"description\":\"PAESE OPAL 238 aki\u0173 \u0161e\u0161\u0117lis \u2013 satinin\u0117 tekst\u016bra, ry\u0161kus pigmentas ir spindintis efektas. Lengvai retu\u0161uojamas, puikiai tinka kasdieniam makia\u017eui.\",\"breadcrumb\":{\"@id\":\"https:\\\/\\\/www.malinashop.lt\\\/en\\\/shop\\\/paese-akiu-seselis-238-opal\\\/#breadcrumb\"},\"inLanguage\":\"lt-LT\",\"potentialAction\":[{\"@type\":\"ReadAction\",\"target\":[\"https:\\\/\\\/www.malinashop.lt\\\/en\\\/shop\\\/paese-akiu-seselis-238-opal\\\/\"]}]},{\"@type\":\"ImageObject\",\"inLanguage\":\"lt-LT\",\"@id\":\"https:\\\/\\\/www.malinashop.lt\\\/en\\\/shop\\\/paese-akiu-seselis-238-opal\\\/#primaryimage\",\"url\":\"https:\\\/\\\/www.malinashop.lt\\\/wp-content\\\/uploads\\\/2025\\\/11\\\/238-scaled-1.jpg\",\"contentUrl\":\"https:\\\/\\\/www.malinashop.lt\\\/wp-content\\\/uploads\\\/2025\\\/11\\\/238-scaled-1.jpg\",\"width\":2048,\"height\":2050},{\"@type\":\"BreadcrumbList\",\"@id\":\"https:\\\/\\\/www.malinashop.lt\\\/en\\\/shop\\\/paese-akiu-seselis-238-opal\\\/#breadcrumb\",\"itemListElement\":[{\"@type\":\"ListItem\",\"position\":1,\"name\":\"Home\",\"item\":\"https:\\\/\\\/www.malinashop.lt\\\/en\\\/\"},{\"@type\":\"ListItem\",\"position\":2,\"name\":\"Parduotuv\u0117\",\"item\":\"https:\\\/\\\/www.malinashop.lt\\\/en\\\/parduotuve\\\/\"},{\"@type\":\"ListItem\",\"position\":3,\"name\":\"PAESE aki\u0173 \u0161e\u0161\u0117lis 238 OPAL\"}]},{\"@type\":\"WebSite\",\"@id\":\"https:\\\/\\\/www.malinashop.lt\\\/en\\\/#website\",\"url\":\"https:\\\/\\\/www.malinashop.lt\\\/en\\\/\",\"name\":\"COM Group Ecommerce\",\"description\":\"MalinaShop.lt - Gro\u017eio ir sveikatos produktai i\u0161 patikim\u0173 preki\u0173 \u017eenkl\u0173. Atraskite auk\u0161tos kokyb\u0117s kosmetik\u0105 u\u017e puiki\u0105 kain\u0105.\",\"publisher\":{\"@id\":\"https:\\\/\\\/www.malinashop.lt\\\/en\\\/#organization\"},\"potentialAction\":[{\"@type\":\"SearchAction\",\"target\":{\"@type\":\"EntryPoint\",\"urlTemplate\":\"https:\\\/\\\/www.malinashop.lt\\\/en\\\/?s={search_term_string}\"},\"query-input\":{\"@type\":\"PropertyValueSpecification\",\"valueRequired\":true,\"valueName\":\"search_term_string\"}}],\"inLanguage\":\"lt-LT\"},{\"@type\":\"Organization\",\"@id\":\"https:\\\/\\\/www.malinashop.lt\\\/en\\\/#organization\",\"name\":\"COM Group Ecommerce\",\"url\":\"https:\\\/\\\/www.malinashop.lt\\\/en\\\/\",\"logo\":{\"@type\":\"ImageObject\",\"inLanguage\":\"lt-LT\",\"@id\":\"https:\\\/\\\/www.malinashop.lt\\\/en\\\/#\\\/schema\\\/logo\\\/image\\\/\",\"url\":\"https:\\\/\\\/www.malinashop.lt\\\/wp-content\\\/uploads\\\/2024\\\/08\\\/462559670_3787732518133670_9795632669273463_n-e1731525914575.png\",\"contentUrl\":\"https:\\\/\\\/www.malinashop.lt\\\/wp-content\\\/uploads\\\/2024\\\/08\\\/462559670_3787732518133670_9795632669273463_n-e1731525914575.png\",\"width\":180,\"height\":60,\"caption\":\"COM Group Ecommerce\"},\"image\":{\"@id\":\"https:\\\/\\\/www.malinashop.lt\\\/en\\\/#\\\/schema\\\/logo\\\/image\\\/\"}}]}<\/script>\n<!-- \/ Yoast SEO plugin. -->","yoast_head_json":{"title":"PAESE aki\u0173 \u0161e\u0161\u0117lis 238 OPAL - MalinaShop.lt J\u016bs\u0173 sveikatai ir gro\u017eiui.","description":"PAESE OPAL 238 aki\u0173 \u0161e\u0161\u0117lis \u2013 satinin\u0117 tekst\u016bra, ry\u0161kus pigmentas ir spindintis efektas. Lengvai retu\u0161uojamas, puikiai tinka kasdieniam makia\u017eui.","robots":{"index":"index","follow":"follow","max-snippet":"max-snippet:-1","max-image-preview":"max-image-preview:large","max-video-preview":"max-video-preview:-1"},"canonical":"https:\/\/www.malinashop.lt\/lt_lt\/shop\/paese-akiu-seselis-238-opal\/","og_locale":"lt_LT","og_type":"article","og_title":"PAESE aki\u0173 \u0161e\u0161\u0117lis 238 OPAL - MalinaShop.lt J\u016bs\u0173 sveikatai ir gro\u017eiui.","og_description":"PAESE OPAL 238 aki\u0173 \u0161e\u0161\u0117lis \u2013 satinin\u0117 tekst\u016bra, ry\u0161kus pigmentas ir spindintis efektas. Lengvai retu\u0161uojamas, puikiai tinka kasdieniam makia\u017eui.","og_url":"https:\/\/www.malinashop.lt\/lt_lt\/shop\/paese-akiu-seselis-238-opal\/","og_site_name":"MalinaShop.lt J\u016bs\u0173 sveikatai ir gro\u017eiui.","article_modified_time":"2026-02-10T09:48:23+00:00","og_image":[{"width":2048,"height":2050,"url":"https:\/\/www.malinashop.lt\/wp-content\/uploads\/2025\/11\/238-scaled-1.jpg","type":"image\/jpeg"}],"twitter_card":"summary_large_image","schema":{"@context":"https:\/\/schema.org","@graph":[{"@type":"WebPage","@id":"https:\/\/www.malinashop.lt\/en\/shop\/paese-akiu-seselis-238-opal\/","url":"https:\/\/www.malinashop.lt\/en\/shop\/paese-akiu-seselis-238-opal\/","name":"PAESE aki\u0173 \u0161e\u0161\u0117lis 238 OPAL - MalinaShop.lt J\u016bs\u0173 sveikatai ir gro\u017eiui.","isPartOf":{"@id":"https:\/\/www.malinashop.lt\/en\/#website"},"primaryImageOfPage":{"@id":"https:\/\/www.malinashop.lt\/en\/shop\/paese-akiu-seselis-238-opal\/#primaryimage"},"image":{"@id":"https:\/\/www.malinashop.lt\/en\/shop\/paese-akiu-seselis-238-opal\/#primaryimage"},"thumbnailUrl":"https:\/\/www.malinashop.lt\/wp-content\/uploads\/2025\/11\/238-scaled-1.jpg","datePublished":"2025-11-24T14:59:10+00:00","dateModified":"2026-02-10T09:48:23+00:00","description":"PAESE OPAL 238 aki\u0173 \u0161e\u0161\u0117lis \u2013 satinin\u0117 tekst\u016bra, ry\u0161kus pigmentas ir spindintis efektas. Lengvai retu\u0161uojamas, puikiai tinka kasdieniam makia\u017eui.","breadcrumb":{"@id":"https:\/\/www.malinashop.lt\/en\/shop\/paese-akiu-seselis-238-opal\/#breadcrumb"},"inLanguage":"lt-LT","potentialAction":[{"@type":"ReadAction","target":["https:\/\/www.malinashop.lt\/en\/shop\/paese-akiu-seselis-238-opal\/"]}]},{"@type":"ImageObject","inLanguage":"lt-LT","@id":"https:\/\/www.malinashop.lt\/en\/shop\/paese-akiu-seselis-238-opal\/#primaryimage","url":"https:\/\/www.malinashop.lt\/wp-content\/uploads\/2025\/11\/238-scaled-1.jpg","contentUrl":"https:\/\/www.malinashop.lt\/wp-content\/uploads\/2025\/11\/238-scaled-1.jpg","width":2048,"height":2050},{"@type":"BreadcrumbList","@id":"https:\/\/www.malinashop.lt\/en\/shop\/paese-akiu-seselis-238-opal\/#breadcrumb","itemListElement":[{"@type":"ListItem","position":1,"name":"Home","item":"https:\/\/www.malinashop.lt\/en\/"},{"@type":"ListItem","position":2,"name":"Parduotuv\u0117","item":"https:\/\/www.malinashop.lt\/en\/parduotuve\/"},{"@type":"ListItem","position":3,"name":"PAESE aki\u0173 \u0161e\u0161\u0117lis 238 OPAL"}]},{"@type":"WebSite","@id":"https:\/\/www.malinashop.lt\/en\/#website","url":"https:\/\/www.malinashop.lt\/en\/","name":"COM Group Ecommerce","description":"MalinaShop.lt - Gro\u017eio ir sveikatos produktai i\u0161 patikim\u0173 preki\u0173 \u017eenkl\u0173. Atraskite auk\u0161tos kokyb\u0117s kosmetik\u0105 u\u017e puiki\u0105 kain\u0105.","publisher":{"@id":"https:\/\/www.malinashop.lt\/en\/#organization"},"potentialAction":[{"@type":"SearchAction","target":{"@type":"EntryPoint","urlTemplate":"https:\/\/www.malinashop.lt\/en\/?s={search_term_string}"},"query-input":{"@type":"PropertyValueSpecification","valueRequired":true,"valueName":"search_term_string"}}],"inLanguage":"lt-LT"},{"@type":"Organization","@id":"https:\/\/www.malinashop.lt\/en\/#organization","name":"COM Group Ecommerce","url":"https:\/\/www.malinashop.lt\/en\/","logo":{"@type":"ImageObject","inLanguage":"lt-LT","@id":"https:\/\/www.malinashop.lt\/en\/#\/schema\/logo\/image\/","url":"https:\/\/www.malinashop.lt\/wp-content\/uploads\/2024\/08\/462559670_3787732518133670_9795632669273463_n-e1731525914575.png","contentUrl":"https:\/\/www.malinashop.lt\/wp-content\/uploads\/2024\/08\/462559670_3787732518133670_9795632669273463_n-e1731525914575.png","width":180,"height":60,"caption":"COM Group Ecommerce"},"image":{"@id":"https:\/\/www.malinashop.lt\/en\/#\/schema\/logo\/image\/"}}]}},"jetpack_sharing_enabled":true,"_links":{"self":[{"href":"https:\/\/www.malinashop.lt\/lt_lt\/wp-json\/wp\/v2\/product\/63387","targetHints":{"allow":["GET"]}}],"collection":[{"href":"https:\/\/www.malinashop.lt\/lt_lt\/wp-json\/wp\/v2\/product"}],"about":[{"href":"https:\/\/www.malinashop.lt\/lt_lt\/wp-json\/wp\/v2\/types\/product"}],"version-history":[{"count":2,"href":"https:\/\/www.malinashop.lt\/lt_lt\/wp-json\/wp\/v2\/product\/63387\/revisions"}],"predecessor-version":[{"id":72125,"href":"https:\/\/www.malinashop.lt\/lt_lt\/wp-json\/wp\/v2\/product\/63387\/revisions\/72125"}],"wp:featuredmedia":[{"embeddable":true,"href":"https:\/\/www.malinashop.lt\/lt_lt\/wp-json\/wp\/v2\/media\/63389"}],"wp:attachment":[{"href":"https:\/\/www.malinashop.lt\/lt_lt\/wp-json\/wp\/v2\/media?parent=63387"}],"wp:term":[{"taxonomy":"product_brand","embeddable":true,"href":"https:\/\/www.malinashop.lt\/lt_lt\/wp-json\/wp\/v2\/product_brand?post=63387"},{"taxonomy":"product_cat","embeddable":true,"href":"https:\/\/www.malinashop.lt\/lt_lt\/wp-json\/wp\/v2\/product_cat?post=63387"},{"taxonomy":"product_tag","embeddable":true,"href":"https:\/\/www.malinashop.lt\/lt_lt\/wp-json\/wp\/v2\/product_tag?post=63387"}],"curies":[{"name":"wp","href":"https:\/\/api.w.org\/{rel}","templated":true}]}}