{"id":61856,"date":"2025-11-19T20:22:11","date_gmt":"2025-11-19T17:22:11","guid":{"rendered":"https:\/\/malinashop.lt\/?post_type=product&#038;p=61856"},"modified":"2026-03-18T12:48:36","modified_gmt":"2026-03-18T09:48:36","slug":"linea-35-namu-kvapu-difuzoriaus-ir-papildymo-rinkinys-caramello-salato-500ml-500ml","status":"publish","type":"product","link":"https:\/\/www.malinashop.lt\/lt_lt\/shop\/linea-35-namu-kvapu-difuzoriaus-ir-papildymo-rinkinys-caramello-salato-500ml-500ml\/","title":{"rendered":"LINEA 35 nam\u0173 kvap\u0173 difuzoriaus ir papildymo rinkinys CARAMELLO SALATO, 500ml + 500ml"},"content":{"rendered":"<p data-start=\"290\" data-end=\"671\"><span style=\"color: #000000;\">LINEA 35 <strong data-start=\"322\" data-end=\"342\">CARAMELLO SALATO<\/strong> \u2013 tai jaukumo, \u0161ilumos ir gurmani\u0161ko saldumo kupinas nam\u0173 kvapo rinkinys, kuriame karamel\u0117s ir cukraus sodrum\u0105 subalansuoja gaivus j\u016brinis brizas. \u0160is aromatas subtiliai u\u017epildo namus \u0161velniu saldumu, tuo pa\u010diu nepavargina \u2013 d\u0117l \u0161varios vandens natos ir lengvos druskos akordo kvapas tampa i\u0161skirtinai harmoningas ir modernus.<\/span><\/p>\n<p data-start=\"673\" data-end=\"921\"><span style=\"color: #000000;\">Vidurin\u0117 nata \u2013 karamel\u0117 ir cukrus \u2013 kuria tikr\u0105 deserto \u012fsp\u016bd\u012f, kur\u012f puikiai papildo kremin\u0117s, muskusin\u0117s bei tonka pupeli\u0173 bazin\u0117s natos. Tai kvapas, kuris suteikia erdvei \u0161ilt\u0105 apkabinim\u0105, o tuo pa\u010diu i\u0161laiko gaiv\u0173, \u0161velniai j\u016brin\u012f charakter\u012f.<\/span><\/p>\n<p data-start=\"923\" data-end=\"1045\"><span style=\"color: #000000;\">Tobulas pasirinkimas tiems, kurie m\u0117gsta gurmani\u0161kus kvapus, ta\u010diau ie\u0161ko ne tik saldumo, bet ir lengvumo bei elegancijos.<\/span><\/p>\n<p data-start=\"1047\" data-end=\"1210\"><span style=\"color: #000000;\"><strong data-start=\"1047\" data-end=\"1065\">Aromato natos:<\/strong><\/span><br data-start=\"1065\" data-end=\"1068\" \/><span style=\"color: #000000;\"><strong data-start=\"1068\" data-end=\"1084\">Vir\u0161utin\u0117s \u2013<\/strong> vandens nata, druska<\/span><br data-start=\"1105\" data-end=\"1108\" \/><span style=\"color: #000000;\"><strong data-start=\"1108\" data-end=\"1123\">Vidurin\u0117s \u2013<\/strong> karamel\u0117, cukrus<\/span><br data-start=\"1140\" data-end=\"1143\" \/><span style=\"color: #000000;\"><strong data-start=\"1143\" data-end=\"1156\">Bazin\u0117s \u2013<\/strong> grietin\u0117l\u0117, tonka pupel\u0117s, baltasis muskusas, medus<\/span><\/p>\n<p data-start=\"1212\" data-end=\"1303\"><span style=\"color: #000000;\">Rinkinio talpa \u2013 <strong data-start=\"1229\" data-end=\"1280\">1000 ml (500 ml difuzorius + 500 ml papildymas)<\/strong><\/span><br data-start=\"1280\" data-end=\"1283\" \/><span style=\"color: #000000;\">Pagaminta Italijoje.<\/span><\/p>\n<p data-start=\"1305\" data-end=\"1503\"><span style=\"color: #000000;\"><strong data-start=\"1305\" data-end=\"1319\">Naudojimas<\/strong><\/span><br data-start=\"1319\" data-end=\"1322\" \/><span style=\"color: #000000;\">Nuimkite buteliuko dangtel\u012f, u\u017ed\u0117kite dekoratyvin\u012f ir panardinkite pagaliukus \u012f kvap\u0105. Intensyvesniam aromatui pagaliukus periodi\u0161kai apverskite. Laikykite ant stabilaus pavir\u0161iaus.<\/span><\/p>\n","protected":false},"excerpt":{"rendered":"<p data-start=\"118\" data-end=\"292\">Gurmani\u0161kas, saldus ir lengvai j\u016brinis CARAMELLO SALATO aromatas \u2013 tai karamel\u0117s, grietin\u0117l\u0117s ir tonka pupeli\u0173 \u0161iluma, susijungusi su subtilia vandens nata bei druska.<\/p>\n","protected":false},"featured_media":61857,"template":"","meta":[],"product_brand":[1362],"product_cat":[1137,1140,573,1395],"product_tag":[1608],"class_list":{"0":"post-61856","1":"product","2":"type-product","3":"status-publish","4":"has-post-thumbnail","6":"product_brand-linea-35","7":"product_cat-dovanos","8":"product_cat-namu-kvapai","9":"product_cat-namu-kvapai-2","10":"product_cat-rinkiniai","11":"product_tag-linea35","13":"first","14":"instock","15":"sale","16":"taxable","17":"shipping-taxable","18":"purchasable","19":"product-type-simple"},"yoast_head":"<!-- This site is optimized with the Yoast SEO plugin v27.4 - https:\/\/yoast.com\/product\/yoast-seo-wordpress\/ -->\n<title>LINEA 35 nam\u0173 kvap\u0173 difuzoriaus ir papildymo rinkinys CARAMELLO SALATO, 500ml + 500ml - MalinaShop.lt J\u016bs\u0173 sveikatai ir gro\u017eiui.<\/title>\n<meta name=\"description\" content=\"CARAMELLO SALATO \u2013 saldus ir lengvai j\u016brinis karamel\u0117s, tonka pupeli\u0173 ir muskuso aromatas. 500 ml difuzorius + 500 ml papildymas. Pagaminta Italijoje.\" \/>\n<meta name=\"robots\" content=\"index, follow, max-snippet:-1, max-image-preview:large, max-video-preview:-1\" \/>\n<link rel=\"canonical\" href=\"https:\/\/www.malinashop.lt\/lt_lt\/shop\/linea-35-namu-kvapu-difuzoriaus-ir-papildymo-rinkinys-caramello-salato-500ml-500ml\/\" \/>\n<meta property=\"og:locale\" content=\"lt_LT\" \/>\n<meta property=\"og:type\" content=\"article\" \/>\n<meta property=\"og:title\" content=\"LINEA 35 nam\u0173 kvap\u0173 difuzoriaus ir papildymo rinkinys CARAMELLO SALATO, 500ml + 500ml - MalinaShop.lt J\u016bs\u0173 sveikatai ir gro\u017eiui.\" \/>\n<meta property=\"og:description\" content=\"CARAMELLO SALATO \u2013 saldus ir lengvai j\u016brinis karamel\u0117s, tonka pupeli\u0173 ir muskuso aromatas. 500 ml difuzorius + 500 ml papildymas. Pagaminta Italijoje.\" \/>\n<meta property=\"og:url\" content=\"https:\/\/www.malinashop.lt\/lt_lt\/shop\/linea-35-namu-kvapu-difuzoriaus-ir-papildymo-rinkinys-caramello-salato-500ml-500ml\/\" \/>\n<meta property=\"og:site_name\" content=\"MalinaShop.lt J\u016bs\u0173 sveikatai ir gro\u017eiui.\" \/>\n<meta property=\"article:modified_time\" content=\"2026-03-18T09:48:36+00:00\" \/>\n<meta property=\"og:image\" content=\"https:\/\/www.malinashop.lt\/wp-content\/uploads\/2025\/11\/LINEA-35-namu-kvapu-difuzoriaus-ir-papildymo-rinkinys-CARAMELLO-SALATO-500ml-500ml.webp\" \/>\n\t<meta property=\"og:image:width\" content=\"768\" \/>\n\t<meta property=\"og:image:height\" content=\"768\" \/>\n\t<meta property=\"og:image:type\" content=\"image\/webp\" \/>\n<meta name=\"twitter:card\" content=\"summary_large_image\" \/>\n<script type=\"application\/ld+json\" class=\"yoast-schema-graph\">{\"@context\":\"https:\\\/\\\/schema.org\",\"@graph\":[{\"@type\":\"WebPage\",\"@id\":\"https:\\\/\\\/www.malinashop.lt\\\/en\\\/shop\\\/linea-35-namu-kvapu-difuzoriaus-ir-papildymo-rinkinys-caramello-salato-500ml-500ml\\\/\",\"url\":\"https:\\\/\\\/www.malinashop.lt\\\/en\\\/shop\\\/linea-35-namu-kvapu-difuzoriaus-ir-papildymo-rinkinys-caramello-salato-500ml-500ml\\\/\",\"name\":\"LINEA 35 nam\u0173 kvap\u0173 difuzoriaus ir papildymo rinkinys CARAMELLO SALATO, 500ml + 500ml - MalinaShop.lt J\u016bs\u0173 sveikatai ir gro\u017eiui.\",\"isPartOf\":{\"@id\":\"https:\\\/\\\/www.malinashop.lt\\\/en\\\/#website\"},\"primaryImageOfPage\":{\"@id\":\"https:\\\/\\\/www.malinashop.lt\\\/en\\\/shop\\\/linea-35-namu-kvapu-difuzoriaus-ir-papildymo-rinkinys-caramello-salato-500ml-500ml\\\/#primaryimage\"},\"image\":{\"@id\":\"https:\\\/\\\/www.malinashop.lt\\\/en\\\/shop\\\/linea-35-namu-kvapu-difuzoriaus-ir-papildymo-rinkinys-caramello-salato-500ml-500ml\\\/#primaryimage\"},\"thumbnailUrl\":\"https:\\\/\\\/www.malinashop.lt\\\/wp-content\\\/uploads\\\/2025\\\/11\\\/LINEA-35-namu-kvapu-difuzoriaus-ir-papildymo-rinkinys-CARAMELLO-SALATO-500ml-500ml.webp\",\"datePublished\":\"2025-11-19T17:22:11+00:00\",\"dateModified\":\"2026-03-18T09:48:36+00:00\",\"description\":\"CARAMELLO SALATO \u2013 saldus ir lengvai j\u016brinis karamel\u0117s, tonka pupeli\u0173 ir muskuso aromatas. 500 ml difuzorius + 500 ml papildymas. Pagaminta Italijoje.\",\"breadcrumb\":{\"@id\":\"https:\\\/\\\/www.malinashop.lt\\\/en\\\/shop\\\/linea-35-namu-kvapu-difuzoriaus-ir-papildymo-rinkinys-caramello-salato-500ml-500ml\\\/#breadcrumb\"},\"inLanguage\":\"lt-LT\",\"potentialAction\":[{\"@type\":\"ReadAction\",\"target\":[\"https:\\\/\\\/www.malinashop.lt\\\/en\\\/shop\\\/linea-35-namu-kvapu-difuzoriaus-ir-papildymo-rinkinys-caramello-salato-500ml-500ml\\\/\"]}]},{\"@type\":\"ImageObject\",\"inLanguage\":\"lt-LT\",\"@id\":\"https:\\\/\\\/www.malinashop.lt\\\/en\\\/shop\\\/linea-35-namu-kvapu-difuzoriaus-ir-papildymo-rinkinys-caramello-salato-500ml-500ml\\\/#primaryimage\",\"url\":\"https:\\\/\\\/www.malinashop.lt\\\/wp-content\\\/uploads\\\/2025\\\/11\\\/LINEA-35-namu-kvapu-difuzoriaus-ir-papildymo-rinkinys-CARAMELLO-SALATO-500ml-500ml.webp\",\"contentUrl\":\"https:\\\/\\\/www.malinashop.lt\\\/wp-content\\\/uploads\\\/2025\\\/11\\\/LINEA-35-namu-kvapu-difuzoriaus-ir-papildymo-rinkinys-CARAMELLO-SALATO-500ml-500ml.webp\",\"width\":768,\"height\":768},{\"@type\":\"BreadcrumbList\",\"@id\":\"https:\\\/\\\/www.malinashop.lt\\\/en\\\/shop\\\/linea-35-namu-kvapu-difuzoriaus-ir-papildymo-rinkinys-caramello-salato-500ml-500ml\\\/#breadcrumb\",\"itemListElement\":[{\"@type\":\"ListItem\",\"position\":1,\"name\":\"Home\",\"item\":\"https:\\\/\\\/www.malinashop.lt\\\/en\\\/\"},{\"@type\":\"ListItem\",\"position\":2,\"name\":\"Parduotuv\u0117\",\"item\":\"https:\\\/\\\/www.malinashop.lt\\\/en\\\/parduotuve\\\/\"},{\"@type\":\"ListItem\",\"position\":3,\"name\":\"LINEA 35 nam\u0173 kvap\u0173 difuzoriaus ir papildymo rinkinys CARAMELLO SALATO, 500ml + 500ml\"}]},{\"@type\":\"WebSite\",\"@id\":\"https:\\\/\\\/www.malinashop.lt\\\/en\\\/#website\",\"url\":\"https:\\\/\\\/www.malinashop.lt\\\/en\\\/\",\"name\":\"COM Group Ecommerce\",\"description\":\"MalinaShop.lt - Gro\u017eio ir sveikatos produktai i\u0161 patikim\u0173 preki\u0173 \u017eenkl\u0173. Atraskite auk\u0161tos kokyb\u0117s kosmetik\u0105 u\u017e puiki\u0105 kain\u0105.\",\"publisher\":{\"@id\":\"https:\\\/\\\/www.malinashop.lt\\\/en\\\/#organization\"},\"potentialAction\":[{\"@type\":\"SearchAction\",\"target\":{\"@type\":\"EntryPoint\",\"urlTemplate\":\"https:\\\/\\\/www.malinashop.lt\\\/en\\\/?s={search_term_string}\"},\"query-input\":{\"@type\":\"PropertyValueSpecification\",\"valueRequired\":true,\"valueName\":\"search_term_string\"}}],\"inLanguage\":\"lt-LT\"},{\"@type\":\"Organization\",\"@id\":\"https:\\\/\\\/www.malinashop.lt\\\/en\\\/#organization\",\"name\":\"COM Group Ecommerce\",\"url\":\"https:\\\/\\\/www.malinashop.lt\\\/en\\\/\",\"logo\":{\"@type\":\"ImageObject\",\"inLanguage\":\"lt-LT\",\"@id\":\"https:\\\/\\\/www.malinashop.lt\\\/en\\\/#\\\/schema\\\/logo\\\/image\\\/\",\"url\":\"https:\\\/\\\/www.malinashop.lt\\\/wp-content\\\/uploads\\\/2024\\\/08\\\/462559670_3787732518133670_9795632669273463_n-e1731525914575.png\",\"contentUrl\":\"https:\\\/\\\/www.malinashop.lt\\\/wp-content\\\/uploads\\\/2024\\\/08\\\/462559670_3787732518133670_9795632669273463_n-e1731525914575.png\",\"width\":180,\"height\":60,\"caption\":\"COM Group Ecommerce\"},\"image\":{\"@id\":\"https:\\\/\\\/www.malinashop.lt\\\/en\\\/#\\\/schema\\\/logo\\\/image\\\/\"}}]}<\/script>\n<!-- \/ Yoast SEO plugin. -->","yoast_head_json":{"title":"LINEA 35 nam\u0173 kvap\u0173 difuzoriaus ir papildymo rinkinys CARAMELLO SALATO, 500ml + 500ml - MalinaShop.lt J\u016bs\u0173 sveikatai ir gro\u017eiui.","description":"CARAMELLO SALATO \u2013 saldus ir lengvai j\u016brinis karamel\u0117s, tonka pupeli\u0173 ir muskuso aromatas. 500 ml difuzorius + 500 ml papildymas. Pagaminta Italijoje.","robots":{"index":"index","follow":"follow","max-snippet":"max-snippet:-1","max-image-preview":"max-image-preview:large","max-video-preview":"max-video-preview:-1"},"canonical":"https:\/\/www.malinashop.lt\/lt_lt\/shop\/linea-35-namu-kvapu-difuzoriaus-ir-papildymo-rinkinys-caramello-salato-500ml-500ml\/","og_locale":"lt_LT","og_type":"article","og_title":"LINEA 35 nam\u0173 kvap\u0173 difuzoriaus ir papildymo rinkinys CARAMELLO SALATO, 500ml + 500ml - MalinaShop.lt J\u016bs\u0173 sveikatai ir gro\u017eiui.","og_description":"CARAMELLO SALATO \u2013 saldus ir lengvai j\u016brinis karamel\u0117s, tonka pupeli\u0173 ir muskuso aromatas. 500 ml difuzorius + 500 ml papildymas. Pagaminta Italijoje.","og_url":"https:\/\/www.malinashop.lt\/lt_lt\/shop\/linea-35-namu-kvapu-difuzoriaus-ir-papildymo-rinkinys-caramello-salato-500ml-500ml\/","og_site_name":"MalinaShop.lt J\u016bs\u0173 sveikatai ir gro\u017eiui.","article_modified_time":"2026-03-18T09:48:36+00:00","og_image":[{"width":768,"height":768,"url":"https:\/\/www.malinashop.lt\/wp-content\/uploads\/2025\/11\/LINEA-35-namu-kvapu-difuzoriaus-ir-papildymo-rinkinys-CARAMELLO-SALATO-500ml-500ml.webp","type":"image\/webp"}],"twitter_card":"summary_large_image","schema":{"@context":"https:\/\/schema.org","@graph":[{"@type":"WebPage","@id":"https:\/\/www.malinashop.lt\/en\/shop\/linea-35-namu-kvapu-difuzoriaus-ir-papildymo-rinkinys-caramello-salato-500ml-500ml\/","url":"https:\/\/www.malinashop.lt\/en\/shop\/linea-35-namu-kvapu-difuzoriaus-ir-papildymo-rinkinys-caramello-salato-500ml-500ml\/","name":"LINEA 35 nam\u0173 kvap\u0173 difuzoriaus ir papildymo rinkinys CARAMELLO SALATO, 500ml + 500ml - MalinaShop.lt J\u016bs\u0173 sveikatai ir gro\u017eiui.","isPartOf":{"@id":"https:\/\/www.malinashop.lt\/en\/#website"},"primaryImageOfPage":{"@id":"https:\/\/www.malinashop.lt\/en\/shop\/linea-35-namu-kvapu-difuzoriaus-ir-papildymo-rinkinys-caramello-salato-500ml-500ml\/#primaryimage"},"image":{"@id":"https:\/\/www.malinashop.lt\/en\/shop\/linea-35-namu-kvapu-difuzoriaus-ir-papildymo-rinkinys-caramello-salato-500ml-500ml\/#primaryimage"},"thumbnailUrl":"https:\/\/www.malinashop.lt\/wp-content\/uploads\/2025\/11\/LINEA-35-namu-kvapu-difuzoriaus-ir-papildymo-rinkinys-CARAMELLO-SALATO-500ml-500ml.webp","datePublished":"2025-11-19T17:22:11+00:00","dateModified":"2026-03-18T09:48:36+00:00","description":"CARAMELLO SALATO \u2013 saldus ir lengvai j\u016brinis karamel\u0117s, tonka pupeli\u0173 ir muskuso aromatas. 500 ml difuzorius + 500 ml papildymas. Pagaminta Italijoje.","breadcrumb":{"@id":"https:\/\/www.malinashop.lt\/en\/shop\/linea-35-namu-kvapu-difuzoriaus-ir-papildymo-rinkinys-caramello-salato-500ml-500ml\/#breadcrumb"},"inLanguage":"lt-LT","potentialAction":[{"@type":"ReadAction","target":["https:\/\/www.malinashop.lt\/en\/shop\/linea-35-namu-kvapu-difuzoriaus-ir-papildymo-rinkinys-caramello-salato-500ml-500ml\/"]}]},{"@type":"ImageObject","inLanguage":"lt-LT","@id":"https:\/\/www.malinashop.lt\/en\/shop\/linea-35-namu-kvapu-difuzoriaus-ir-papildymo-rinkinys-caramello-salato-500ml-500ml\/#primaryimage","url":"https:\/\/www.malinashop.lt\/wp-content\/uploads\/2025\/11\/LINEA-35-namu-kvapu-difuzoriaus-ir-papildymo-rinkinys-CARAMELLO-SALATO-500ml-500ml.webp","contentUrl":"https:\/\/www.malinashop.lt\/wp-content\/uploads\/2025\/11\/LINEA-35-namu-kvapu-difuzoriaus-ir-papildymo-rinkinys-CARAMELLO-SALATO-500ml-500ml.webp","width":768,"height":768},{"@type":"BreadcrumbList","@id":"https:\/\/www.malinashop.lt\/en\/shop\/linea-35-namu-kvapu-difuzoriaus-ir-papildymo-rinkinys-caramello-salato-500ml-500ml\/#breadcrumb","itemListElement":[{"@type":"ListItem","position":1,"name":"Home","item":"https:\/\/www.malinashop.lt\/en\/"},{"@type":"ListItem","position":2,"name":"Parduotuv\u0117","item":"https:\/\/www.malinashop.lt\/en\/parduotuve\/"},{"@type":"ListItem","position":3,"name":"LINEA 35 nam\u0173 kvap\u0173 difuzoriaus ir papildymo rinkinys CARAMELLO SALATO, 500ml + 500ml"}]},{"@type":"WebSite","@id":"https:\/\/www.malinashop.lt\/en\/#website","url":"https:\/\/www.malinashop.lt\/en\/","name":"COM Group Ecommerce","description":"MalinaShop.lt - Gro\u017eio ir sveikatos produktai i\u0161 patikim\u0173 preki\u0173 \u017eenkl\u0173. Atraskite auk\u0161tos kokyb\u0117s kosmetik\u0105 u\u017e puiki\u0105 kain\u0105.","publisher":{"@id":"https:\/\/www.malinashop.lt\/en\/#organization"},"potentialAction":[{"@type":"SearchAction","target":{"@type":"EntryPoint","urlTemplate":"https:\/\/www.malinashop.lt\/en\/?s={search_term_string}"},"query-input":{"@type":"PropertyValueSpecification","valueRequired":true,"valueName":"search_term_string"}}],"inLanguage":"lt-LT"},{"@type":"Organization","@id":"https:\/\/www.malinashop.lt\/en\/#organization","name":"COM Group Ecommerce","url":"https:\/\/www.malinashop.lt\/en\/","logo":{"@type":"ImageObject","inLanguage":"lt-LT","@id":"https:\/\/www.malinashop.lt\/en\/#\/schema\/logo\/image\/","url":"https:\/\/www.malinashop.lt\/wp-content\/uploads\/2024\/08\/462559670_3787732518133670_9795632669273463_n-e1731525914575.png","contentUrl":"https:\/\/www.malinashop.lt\/wp-content\/uploads\/2024\/08\/462559670_3787732518133670_9795632669273463_n-e1731525914575.png","width":180,"height":60,"caption":"COM Group Ecommerce"},"image":{"@id":"https:\/\/www.malinashop.lt\/en\/#\/schema\/logo\/image\/"}}]}},"jetpack_sharing_enabled":true,"_links":{"self":[{"href":"https:\/\/www.malinashop.lt\/lt_lt\/wp-json\/wp\/v2\/product\/61856","targetHints":{"allow":["GET"]}}],"collection":[{"href":"https:\/\/www.malinashop.lt\/lt_lt\/wp-json\/wp\/v2\/product"}],"about":[{"href":"https:\/\/www.malinashop.lt\/lt_lt\/wp-json\/wp\/v2\/types\/product"}],"version-history":[{"count":1,"href":"https:\/\/www.malinashop.lt\/lt_lt\/wp-json\/wp\/v2\/product\/61856\/revisions"}],"predecessor-version":[{"id":61858,"href":"https:\/\/www.malinashop.lt\/lt_lt\/wp-json\/wp\/v2\/product\/61856\/revisions\/61858"}],"wp:featuredmedia":[{"embeddable":true,"href":"https:\/\/www.malinashop.lt\/lt_lt\/wp-json\/wp\/v2\/media\/61857"}],"wp:attachment":[{"href":"https:\/\/www.malinashop.lt\/lt_lt\/wp-json\/wp\/v2\/media?parent=61856"}],"wp:term":[{"taxonomy":"product_brand","embeddable":true,"href":"https:\/\/www.malinashop.lt\/lt_lt\/wp-json\/wp\/v2\/product_brand?post=61856"},{"taxonomy":"product_cat","embeddable":true,"href":"https:\/\/www.malinashop.lt\/lt_lt\/wp-json\/wp\/v2\/product_cat?post=61856"},{"taxonomy":"product_tag","embeddable":true,"href":"https:\/\/www.malinashop.lt\/lt_lt\/wp-json\/wp\/v2\/product_tag?post=61856"}],"curies":[{"name":"wp","href":"https:\/\/api.w.org\/{rel}","templated":true}]}}