{"id":61853,"date":"2025-11-19T20:19:30","date_gmt":"2025-11-19T17:19:30","guid":{"rendered":"https:\/\/malinashop.lt\/?post_type=product&#038;p=61853"},"modified":"2026-03-18T12:48:36","modified_gmt":"2026-03-18T09:48:36","slug":"linea-35-namu-kvapu-difuzoriaus-ir-papildymo-rinkinys-rosso-rubino-500ml-500ml","status":"publish","type":"product","link":"https:\/\/www.malinashop.lt\/lt_lt\/shop\/linea-35-namu-kvapu-difuzoriaus-ir-papildymo-rinkinys-rosso-rubino-500ml-500ml\/","title":{"rendered":"LINEA 35 nam\u0173 kvap\u0173 difuzoriaus ir papildymo rinkinys ROSSO RUBINO, 500ml + 500ml"},"content":{"rendered":"<p data-start=\"267\" data-end=\"924\"><span style=\"color: #000000;\">LINEA 35 <strong data-start=\"299\" data-end=\"315\">ROSSO RUBINO<\/strong> \u2013 tai \u017eaismingas, lengvai svaiginantis ir pozityvumu spinduliuojantis nam\u0173 kvapo rinkinys, kuriame dera vaisi\u0173 saldumas, g\u0117li\u0173 \u0161velnumas ir \u0161ilti vanil\u0117s akordai.<\/span><br data-start=\"478\" data-end=\"481\" \/><span style=\"color: #000000;\">\u0160is aromatas pripildo erdv\u0119 \u0161viesos, jaukumo ir malonaus saldumo, kuris tarsi pakelia nuotaik\u0105 ir pripildo namus gyvyb\u0117s. Ry\u0161kus obuolio \u017eievel\u0117s ir bra\u0161ki\u0173 derinys kuria pirm\u0105j\u012f, \u017eaisming\u0105 \u012fsp\u016bd\u012f, kur\u012f sustiprina balt\u0173j\u0173 \u017eied\u0173 ir raudon\u0173j\u0173 uog\u0173 \u0161irdis.<\/span><br data-start=\"734\" data-end=\"737\" \/><span style=\"color: #000000;\">Aromat\u0105 u\u017ebaigianti vanil\u0117 suteikia jam \u0161velnumo, mink\u0161tos \u0161ilumos ir malonaus i\u0161liekamumo. Tai kvapas, puikiai tinkantis tiek kasdienai, tiek norint suteikti namams jauk\u0173, pozityv\u0173 fon\u0105.<\/span><\/p>\n<p data-start=\"926\" data-end=\"1072\"><span style=\"color: #000000;\"><strong data-start=\"926\" data-end=\"944\">Aromato natos:<\/strong><\/span><br data-start=\"944\" data-end=\"947\" \/><span style=\"color: #000000;\"><strong data-start=\"947\" data-end=\"963\">Vir\u0161utin\u0117s \u2013<\/strong> obuolio \u017eievel\u0117, bra\u0161k\u0117<\/span><br data-start=\"987\" data-end=\"990\" \/><span style=\"color: #000000;\"><strong data-start=\"990\" data-end=\"1005\">Vidurin\u0117s \u2013<\/strong> baltieji \u017eiedai, vynuog\u0117, raudonosios uogos<\/span><br data-start=\"1049\" data-end=\"1052\" \/><span style=\"color: #000000;\"><strong data-start=\"1052\" data-end=\"1065\">Bazin\u0117s \u2013<\/strong> vanil\u0117<\/span><\/p>\n<p data-start=\"1074\" data-end=\"1165\"><span style=\"color: #000000;\">Rinkinio talpa \u2013 <strong data-start=\"1091\" data-end=\"1142\">1000 ml (500 ml difuzorius + 500 ml papildymas)<\/strong><\/span><br data-start=\"1142\" data-end=\"1145\" \/><span style=\"color: #000000;\">Pagaminta Italijoje.<\/span><\/p>\n<p data-start=\"1167\" data-end=\"1361\"><span style=\"color: #000000;\"><strong data-start=\"1167\" data-end=\"1181\">Naudojimas<\/strong><\/span><br data-start=\"1181\" data-end=\"1184\" \/><span style=\"color: #000000;\">Nuimkite buteliuko dangtel\u012f, u\u017ed\u0117kite dekoratyvin\u012f ir \u012fmerkite pagaliukus \u012f kvap\u0105. Intensyvesniam aromatui pagaliukus periodi\u0161kai apverskite. Laikykite ant stabilaus pavir\u0161iaus.<\/span><\/p>\n","protected":false},"excerpt":{"rendered":"<p data-start=\"118\" data-end=\"292\">Vaisi\u0161kai saldus, gyvybingas ir jaukus obuolio \u017eievel\u0117s, bra\u0161ki\u0173, balt\u0173j\u0173 \u017eied\u0173 ir vanil\u0117s aromatas, kuriantis \u0161viesi\u0105 ir pakyl\u0117t\u0105 nuotaik\u0105 namuose.<\/p>\n","protected":false},"featured_media":61854,"template":"","meta":[],"product_brand":[1362],"product_cat":[1137,1140,573,1395],"product_tag":[1608],"class_list":{"0":"post-61853","1":"product","2":"type-product","3":"status-publish","4":"has-post-thumbnail","6":"product_brand-linea-35","7":"product_cat-dovanos","8":"product_cat-namu-kvapai","9":"product_cat-namu-kvapai-2","10":"product_cat-rinkiniai","11":"product_tag-linea35","13":"first","14":"instock","15":"sale","16":"taxable","17":"shipping-taxable","18":"purchasable","19":"product-type-simple"},"yoast_head":"<!-- This site is optimized with the Yoast SEO plugin v27.4 - https:\/\/yoast.com\/product\/yoast-seo-wordpress\/ -->\n<title>LINEA 35 nam\u0173 kvap\u0173 difuzoriaus ir papildymo rinkinys ROSSO RUBINO, 500ml + 500ml - MalinaShop.lt J\u016bs\u0173 sveikatai ir gro\u017eiui.<\/title>\n<meta name=\"description\" content=\"ROSSO RUBINO \u2013 vaisi\u0161kai saldus, \u017eaismingas ir jaukus obuolio, bra\u0161ki\u0173 ir vanil\u0117s aromatas. 500 ml difuzorius + 500 ml papildymas. Pagaminta Italijoje.\" \/>\n<meta name=\"robots\" content=\"index, follow, max-snippet:-1, max-image-preview:large, max-video-preview:-1\" \/>\n<link rel=\"canonical\" href=\"https:\/\/www.malinashop.lt\/lt_lt\/shop\/linea-35-namu-kvapu-difuzoriaus-ir-papildymo-rinkinys-rosso-rubino-500ml-500ml\/\" \/>\n<meta property=\"og:locale\" content=\"lt_LT\" \/>\n<meta property=\"og:type\" content=\"article\" \/>\n<meta property=\"og:title\" content=\"LINEA 35 nam\u0173 kvap\u0173 difuzoriaus ir papildymo rinkinys ROSSO RUBINO, 500ml + 500ml - MalinaShop.lt J\u016bs\u0173 sveikatai ir gro\u017eiui.\" \/>\n<meta property=\"og:description\" content=\"ROSSO RUBINO \u2013 vaisi\u0161kai saldus, \u017eaismingas ir jaukus obuolio, bra\u0161ki\u0173 ir vanil\u0117s aromatas. 500 ml difuzorius + 500 ml papildymas. Pagaminta Italijoje.\" \/>\n<meta property=\"og:url\" content=\"https:\/\/www.malinashop.lt\/lt_lt\/shop\/linea-35-namu-kvapu-difuzoriaus-ir-papildymo-rinkinys-rosso-rubino-500ml-500ml\/\" \/>\n<meta property=\"og:site_name\" content=\"MalinaShop.lt J\u016bs\u0173 sveikatai ir gro\u017eiui.\" \/>\n<meta property=\"article:modified_time\" content=\"2026-03-18T09:48:36+00:00\" \/>\n<meta property=\"og:image\" content=\"https:\/\/www.malinashop.lt\/wp-content\/uploads\/2025\/11\/LINEA-35-namu-kvapu-difuzoriaus-ir-papildymo-rinkinys-ROSSO-RUBINO-500ml-500ml.webp\" \/>\n\t<meta property=\"og:image:width\" content=\"768\" \/>\n\t<meta property=\"og:image:height\" content=\"768\" \/>\n\t<meta property=\"og:image:type\" content=\"image\/webp\" \/>\n<meta name=\"twitter:card\" content=\"summary_large_image\" \/>\n<script type=\"application\/ld+json\" class=\"yoast-schema-graph\">{\"@context\":\"https:\\\/\\\/schema.org\",\"@graph\":[{\"@type\":\"WebPage\",\"@id\":\"https:\\\/\\\/www.malinashop.lt\\\/lt_lt\\\/shop\\\/linea-35-namu-kvapu-difuzoriaus-ir-papildymo-rinkinys-rosso-rubino-500ml-500ml\\\/\",\"url\":\"https:\\\/\\\/www.malinashop.lt\\\/lt_lt\\\/shop\\\/linea-35-namu-kvapu-difuzoriaus-ir-papildymo-rinkinys-rosso-rubino-500ml-500ml\\\/\",\"name\":\"LINEA 35 nam\u0173 kvap\u0173 difuzoriaus ir papildymo rinkinys ROSSO RUBINO, 500ml + 500ml - MalinaShop.lt J\u016bs\u0173 sveikatai ir gro\u017eiui.\",\"isPartOf\":{\"@id\":\"https:\\\/\\\/www.malinashop.lt\\\/#website\"},\"primaryImageOfPage\":{\"@id\":\"https:\\\/\\\/www.malinashop.lt\\\/lt_lt\\\/shop\\\/linea-35-namu-kvapu-difuzoriaus-ir-papildymo-rinkinys-rosso-rubino-500ml-500ml\\\/#primaryimage\"},\"image\":{\"@id\":\"https:\\\/\\\/www.malinashop.lt\\\/lt_lt\\\/shop\\\/linea-35-namu-kvapu-difuzoriaus-ir-papildymo-rinkinys-rosso-rubino-500ml-500ml\\\/#primaryimage\"},\"thumbnailUrl\":\"https:\\\/\\\/www.malinashop.lt\\\/wp-content\\\/uploads\\\/2025\\\/11\\\/LINEA-35-namu-kvapu-difuzoriaus-ir-papildymo-rinkinys-ROSSO-RUBINO-500ml-500ml.webp\",\"datePublished\":\"2025-11-19T17:19:30+00:00\",\"dateModified\":\"2026-03-18T09:48:36+00:00\",\"description\":\"ROSSO RUBINO \u2013 vaisi\u0161kai saldus, \u017eaismingas ir jaukus obuolio, bra\u0161ki\u0173 ir vanil\u0117s aromatas. 500 ml difuzorius + 500 ml papildymas. Pagaminta Italijoje.\",\"breadcrumb\":{\"@id\":\"https:\\\/\\\/www.malinashop.lt\\\/lt_lt\\\/shop\\\/linea-35-namu-kvapu-difuzoriaus-ir-papildymo-rinkinys-rosso-rubino-500ml-500ml\\\/#breadcrumb\"},\"inLanguage\":\"lt-LT\",\"potentialAction\":[{\"@type\":\"ReadAction\",\"target\":[\"https:\\\/\\\/www.malinashop.lt\\\/lt_lt\\\/shop\\\/linea-35-namu-kvapu-difuzoriaus-ir-papildymo-rinkinys-rosso-rubino-500ml-500ml\\\/\"]}]},{\"@type\":\"ImageObject\",\"inLanguage\":\"lt-LT\",\"@id\":\"https:\\\/\\\/www.malinashop.lt\\\/lt_lt\\\/shop\\\/linea-35-namu-kvapu-difuzoriaus-ir-papildymo-rinkinys-rosso-rubino-500ml-500ml\\\/#primaryimage\",\"url\":\"https:\\\/\\\/www.malinashop.lt\\\/wp-content\\\/uploads\\\/2025\\\/11\\\/LINEA-35-namu-kvapu-difuzoriaus-ir-papildymo-rinkinys-ROSSO-RUBINO-500ml-500ml.webp\",\"contentUrl\":\"https:\\\/\\\/www.malinashop.lt\\\/wp-content\\\/uploads\\\/2025\\\/11\\\/LINEA-35-namu-kvapu-difuzoriaus-ir-papildymo-rinkinys-ROSSO-RUBINO-500ml-500ml.webp\",\"width\":768,\"height\":768},{\"@type\":\"BreadcrumbList\",\"@id\":\"https:\\\/\\\/www.malinashop.lt\\\/lt_lt\\\/shop\\\/linea-35-namu-kvapu-difuzoriaus-ir-papildymo-rinkinys-rosso-rubino-500ml-500ml\\\/#breadcrumb\",\"itemListElement\":[{\"@type\":\"ListItem\",\"position\":1,\"name\":\"Pagrindinis\",\"item\":\"https:\\\/\\\/www.malinashop.lt\\\/\"},{\"@type\":\"ListItem\",\"position\":2,\"name\":\"Parduotuv\u0117\",\"item\":\"https:\\\/\\\/www.malinashop.lt\\\/en\\\/parduotuve\\\/\"},{\"@type\":\"ListItem\",\"position\":3,\"name\":\"LINEA 35 nam\u0173 kvap\u0173 difuzoriaus ir papildymo rinkinys ROSSO RUBINO, 500ml + 500ml\"}]},{\"@type\":\"WebSite\",\"@id\":\"https:\\\/\\\/www.malinashop.lt\\\/#website\",\"url\":\"https:\\\/\\\/www.malinashop.lt\\\/\",\"name\":\"COM Group Ecommerce\",\"description\":\"MalinaShop.lt - Gro\u017eio ir sveikatos produktai i\u0161 patikim\u0173 preki\u0173 \u017eenkl\u0173. Atraskite auk\u0161tos kokyb\u0117s kosmetik\u0105 u\u017e puiki\u0105 kain\u0105.\",\"publisher\":{\"@id\":\"https:\\\/\\\/www.malinashop.lt\\\/#organization\"},\"potentialAction\":[{\"@type\":\"SearchAction\",\"target\":{\"@type\":\"EntryPoint\",\"urlTemplate\":\"https:\\\/\\\/www.malinashop.lt\\\/?s={search_term_string}\"},\"query-input\":{\"@type\":\"PropertyValueSpecification\",\"valueRequired\":true,\"valueName\":\"search_term_string\"}}],\"inLanguage\":\"lt-LT\"},{\"@type\":\"Organization\",\"@id\":\"https:\\\/\\\/www.malinashop.lt\\\/#organization\",\"name\":\"COM Group Ecommerce\",\"url\":\"https:\\\/\\\/www.malinashop.lt\\\/\",\"logo\":{\"@type\":\"ImageObject\",\"inLanguage\":\"lt-LT\",\"@id\":\"https:\\\/\\\/www.malinashop.lt\\\/#\\\/schema\\\/logo\\\/image\\\/\",\"url\":\"https:\\\/\\\/www.malinashop.lt\\\/wp-content\\\/uploads\\\/2024\\\/08\\\/462559670_3787732518133670_9795632669273463_n-e1731525914575.png\",\"contentUrl\":\"https:\\\/\\\/www.malinashop.lt\\\/wp-content\\\/uploads\\\/2024\\\/08\\\/462559670_3787732518133670_9795632669273463_n-e1731525914575.png\",\"width\":180,\"height\":60,\"caption\":\"COM Group Ecommerce\"},\"image\":{\"@id\":\"https:\\\/\\\/www.malinashop.lt\\\/#\\\/schema\\\/logo\\\/image\\\/\"}}]}<\/script>\n<!-- \/ Yoast SEO plugin. -->","yoast_head_json":{"title":"LINEA 35 nam\u0173 kvap\u0173 difuzoriaus ir papildymo rinkinys ROSSO RUBINO, 500ml + 500ml - MalinaShop.lt J\u016bs\u0173 sveikatai ir gro\u017eiui.","description":"ROSSO RUBINO \u2013 vaisi\u0161kai saldus, \u017eaismingas ir jaukus obuolio, bra\u0161ki\u0173 ir vanil\u0117s aromatas. 500 ml difuzorius + 500 ml papildymas. Pagaminta Italijoje.","robots":{"index":"index","follow":"follow","max-snippet":"max-snippet:-1","max-image-preview":"max-image-preview:large","max-video-preview":"max-video-preview:-1"},"canonical":"https:\/\/www.malinashop.lt\/lt_lt\/shop\/linea-35-namu-kvapu-difuzoriaus-ir-papildymo-rinkinys-rosso-rubino-500ml-500ml\/","og_locale":"lt_LT","og_type":"article","og_title":"LINEA 35 nam\u0173 kvap\u0173 difuzoriaus ir papildymo rinkinys ROSSO RUBINO, 500ml + 500ml - MalinaShop.lt J\u016bs\u0173 sveikatai ir gro\u017eiui.","og_description":"ROSSO RUBINO \u2013 vaisi\u0161kai saldus, \u017eaismingas ir jaukus obuolio, bra\u0161ki\u0173 ir vanil\u0117s aromatas. 500 ml difuzorius + 500 ml papildymas. Pagaminta Italijoje.","og_url":"https:\/\/www.malinashop.lt\/lt_lt\/shop\/linea-35-namu-kvapu-difuzoriaus-ir-papildymo-rinkinys-rosso-rubino-500ml-500ml\/","og_site_name":"MalinaShop.lt J\u016bs\u0173 sveikatai ir gro\u017eiui.","article_modified_time":"2026-03-18T09:48:36+00:00","og_image":[{"width":768,"height":768,"url":"https:\/\/www.malinashop.lt\/wp-content\/uploads\/2025\/11\/LINEA-35-namu-kvapu-difuzoriaus-ir-papildymo-rinkinys-ROSSO-RUBINO-500ml-500ml.webp","type":"image\/webp"}],"twitter_card":"summary_large_image","schema":{"@context":"https:\/\/schema.org","@graph":[{"@type":"WebPage","@id":"https:\/\/www.malinashop.lt\/lt_lt\/shop\/linea-35-namu-kvapu-difuzoriaus-ir-papildymo-rinkinys-rosso-rubino-500ml-500ml\/","url":"https:\/\/www.malinashop.lt\/lt_lt\/shop\/linea-35-namu-kvapu-difuzoriaus-ir-papildymo-rinkinys-rosso-rubino-500ml-500ml\/","name":"LINEA 35 nam\u0173 kvap\u0173 difuzoriaus ir papildymo rinkinys ROSSO RUBINO, 500ml + 500ml - MalinaShop.lt J\u016bs\u0173 sveikatai ir gro\u017eiui.","isPartOf":{"@id":"https:\/\/www.malinashop.lt\/#website"},"primaryImageOfPage":{"@id":"https:\/\/www.malinashop.lt\/lt_lt\/shop\/linea-35-namu-kvapu-difuzoriaus-ir-papildymo-rinkinys-rosso-rubino-500ml-500ml\/#primaryimage"},"image":{"@id":"https:\/\/www.malinashop.lt\/lt_lt\/shop\/linea-35-namu-kvapu-difuzoriaus-ir-papildymo-rinkinys-rosso-rubino-500ml-500ml\/#primaryimage"},"thumbnailUrl":"https:\/\/www.malinashop.lt\/wp-content\/uploads\/2025\/11\/LINEA-35-namu-kvapu-difuzoriaus-ir-papildymo-rinkinys-ROSSO-RUBINO-500ml-500ml.webp","datePublished":"2025-11-19T17:19:30+00:00","dateModified":"2026-03-18T09:48:36+00:00","description":"ROSSO RUBINO \u2013 vaisi\u0161kai saldus, \u017eaismingas ir jaukus obuolio, bra\u0161ki\u0173 ir vanil\u0117s aromatas. 500 ml difuzorius + 500 ml papildymas. Pagaminta Italijoje.","breadcrumb":{"@id":"https:\/\/www.malinashop.lt\/lt_lt\/shop\/linea-35-namu-kvapu-difuzoriaus-ir-papildymo-rinkinys-rosso-rubino-500ml-500ml\/#breadcrumb"},"inLanguage":"lt-LT","potentialAction":[{"@type":"ReadAction","target":["https:\/\/www.malinashop.lt\/lt_lt\/shop\/linea-35-namu-kvapu-difuzoriaus-ir-papildymo-rinkinys-rosso-rubino-500ml-500ml\/"]}]},{"@type":"ImageObject","inLanguage":"lt-LT","@id":"https:\/\/www.malinashop.lt\/lt_lt\/shop\/linea-35-namu-kvapu-difuzoriaus-ir-papildymo-rinkinys-rosso-rubino-500ml-500ml\/#primaryimage","url":"https:\/\/www.malinashop.lt\/wp-content\/uploads\/2025\/11\/LINEA-35-namu-kvapu-difuzoriaus-ir-papildymo-rinkinys-ROSSO-RUBINO-500ml-500ml.webp","contentUrl":"https:\/\/www.malinashop.lt\/wp-content\/uploads\/2025\/11\/LINEA-35-namu-kvapu-difuzoriaus-ir-papildymo-rinkinys-ROSSO-RUBINO-500ml-500ml.webp","width":768,"height":768},{"@type":"BreadcrumbList","@id":"https:\/\/www.malinashop.lt\/lt_lt\/shop\/linea-35-namu-kvapu-difuzoriaus-ir-papildymo-rinkinys-rosso-rubino-500ml-500ml\/#breadcrumb","itemListElement":[{"@type":"ListItem","position":1,"name":"Pagrindinis","item":"https:\/\/www.malinashop.lt\/"},{"@type":"ListItem","position":2,"name":"Parduotuv\u0117","item":"https:\/\/www.malinashop.lt\/en\/parduotuve\/"},{"@type":"ListItem","position":3,"name":"LINEA 35 nam\u0173 kvap\u0173 difuzoriaus ir papildymo rinkinys ROSSO RUBINO, 500ml + 500ml"}]},{"@type":"WebSite","@id":"https:\/\/www.malinashop.lt\/#website","url":"https:\/\/www.malinashop.lt\/","name":"COM Group Ecommerce","description":"MalinaShop.lt - Gro\u017eio ir sveikatos produktai i\u0161 patikim\u0173 preki\u0173 \u017eenkl\u0173. Atraskite auk\u0161tos kokyb\u0117s kosmetik\u0105 u\u017e puiki\u0105 kain\u0105.","publisher":{"@id":"https:\/\/www.malinashop.lt\/#organization"},"potentialAction":[{"@type":"SearchAction","target":{"@type":"EntryPoint","urlTemplate":"https:\/\/www.malinashop.lt\/?s={search_term_string}"},"query-input":{"@type":"PropertyValueSpecification","valueRequired":true,"valueName":"search_term_string"}}],"inLanguage":"lt-LT"},{"@type":"Organization","@id":"https:\/\/www.malinashop.lt\/#organization","name":"COM Group Ecommerce","url":"https:\/\/www.malinashop.lt\/","logo":{"@type":"ImageObject","inLanguage":"lt-LT","@id":"https:\/\/www.malinashop.lt\/#\/schema\/logo\/image\/","url":"https:\/\/www.malinashop.lt\/wp-content\/uploads\/2024\/08\/462559670_3787732518133670_9795632669273463_n-e1731525914575.png","contentUrl":"https:\/\/www.malinashop.lt\/wp-content\/uploads\/2024\/08\/462559670_3787732518133670_9795632669273463_n-e1731525914575.png","width":180,"height":60,"caption":"COM Group Ecommerce"},"image":{"@id":"https:\/\/www.malinashop.lt\/#\/schema\/logo\/image\/"}}]}},"jetpack_sharing_enabled":true,"_links":{"self":[{"href":"https:\/\/www.malinashop.lt\/lt_lt\/wp-json\/wp\/v2\/product\/61853","targetHints":{"allow":["GET"]}}],"collection":[{"href":"https:\/\/www.malinashop.lt\/lt_lt\/wp-json\/wp\/v2\/product"}],"about":[{"href":"https:\/\/www.malinashop.lt\/lt_lt\/wp-json\/wp\/v2\/types\/product"}],"version-history":[{"count":1,"href":"https:\/\/www.malinashop.lt\/lt_lt\/wp-json\/wp\/v2\/product\/61853\/revisions"}],"predecessor-version":[{"id":61855,"href":"https:\/\/www.malinashop.lt\/lt_lt\/wp-json\/wp\/v2\/product\/61853\/revisions\/61855"}],"wp:featuredmedia":[{"embeddable":true,"href":"https:\/\/www.malinashop.lt\/lt_lt\/wp-json\/wp\/v2\/media\/61854"}],"wp:attachment":[{"href":"https:\/\/www.malinashop.lt\/lt_lt\/wp-json\/wp\/v2\/media?parent=61853"}],"wp:term":[{"taxonomy":"product_brand","embeddable":true,"href":"https:\/\/www.malinashop.lt\/lt_lt\/wp-json\/wp\/v2\/product_brand?post=61853"},{"taxonomy":"product_cat","embeddable":true,"href":"https:\/\/www.malinashop.lt\/lt_lt\/wp-json\/wp\/v2\/product_cat?post=61853"},{"taxonomy":"product_tag","embeddable":true,"href":"https:\/\/www.malinashop.lt\/lt_lt\/wp-json\/wp\/v2\/product_tag?post=61853"}],"curies":[{"name":"wp","href":"https:\/\/api.w.org\/{rel}","templated":true}]}}