{"id":61850,"date":"2025-11-19T20:17:56","date_gmt":"2025-11-19T17:17:56","guid":{"rendered":"https:\/\/malinashop.lt\/?post_type=product&#038;p=61850"},"modified":"2026-03-18T12:48:36","modified_gmt":"2026-03-18T09:48:36","slug":"linea-35-kaledinis-namu-kvapu-difuzoriaus-ir-papildymo-rinkinys-arancia-e-uva-rossa-500ml-500ml","status":"publish","type":"product","link":"https:\/\/www.malinashop.lt\/lt_lt\/shop\/linea-35-kaledinis-namu-kvapu-difuzoriaus-ir-papildymo-rinkinys-arancia-e-uva-rossa-500ml-500ml\/","title":{"rendered":"LINEA 35 kal\u0117dinis nam\u0173 kvap\u0173 difuzoriaus ir papildymo rinkinys ARANCIA E UVA ROSSA, 500ml + 500ml"},"content":{"rendered":"<p data-start=\"299\" data-end=\"1028\"><span style=\"color: #000000;\">LINEA 35 <strong data-start=\"331\" data-end=\"354\">ARANCIA E UVA ROSSA<\/strong> \u2013 kal\u0117dinis nam\u0173 kvap\u0173 difuzoriaus ir papildymo rinkinys, sukurtas tiems, kurie nori savo namuose \u0161ventin\u0117s atmosferos, elegancijos ir i\u0161skirtinumo.<\/span><br data-start=\"503\" data-end=\"506\" \/><span style=\"color: #000000;\">Tai kvapas, kuriame persipina vaisi\u0173 sultingumas, g\u0117li\u0173 \u0161velnumas ir nobili medienos \u0161iluma. Aromatas atsiskleid\u017eia kaip kvapnus pasakojimas: ry\u0161kus kartusis apelsinas ir mandarinas susilieja su cinamonu bei raudonosiomis vynuog\u0117mis, o g\u0117li\u0173 \u0161irdis suteikia subtilaus romanti\u0161kumo.<\/span><br data-start=\"787\" data-end=\"790\" \/><span style=\"color: #000000;\">Galiausiai kvap\u0105 u\u017ebaigia medienos ir vetyverijos natos, kurios suteikia jam sodrumo, i\u0161liekamumo ir jaukiai \u0161venti\u0161k\u0105 charakter\u012f. Tai puikus pasirinkimas \u017eiemos sezonui ir nam\u0173 atmosferai, kurioje norisi \u0161ilumos, \u0161viesos ir i\u0161skirtinumo.<\/span><\/p>\n<p data-start=\"1030\" data-end=\"1272\"><span style=\"color: #000000;\"><strong data-start=\"1030\" data-end=\"1048\">Aromato natos:<\/strong><\/span><br data-start=\"1048\" data-end=\"1051\" \/><span style=\"color: #000000;\"><strong data-start=\"1051\" data-end=\"1067\">Vir\u0161utin\u0117s \u2013<\/strong> kartusis apelsinas, mandarinas, cinamonas, raudonos vynuog\u0117s, nerolis<\/span><br data-start=\"1137\" data-end=\"1140\" \/><span style=\"color: #000000;\"><strong data-start=\"1140\" data-end=\"1155\">Vidurin\u0117s \u2013<\/strong> Damasko ro\u017e\u0117, magnolija, pakalnut\u0117, na\u0161lait\u0117<\/span><br data-start=\"1200\" data-end=\"1203\" \/><span style=\"color: #000000;\"><strong data-start=\"1203\" data-end=\"1216\">Bazin\u0117s \u2013<\/strong> vetyverija, taurieji medienos tonai, vaisi\u0161kas muskusas<\/span><\/p>\n<p data-start=\"1274\" data-end=\"1365\"><span style=\"color: #000000;\">Rinkinio talpa \u2013 <strong data-start=\"1291\" data-end=\"1342\">1000 ml (500 ml difuzorius + 500 ml papildymas)<\/strong><\/span><br data-start=\"1342\" data-end=\"1345\" \/><span style=\"color: #000000;\">Pagaminta Italijoje.<\/span><\/p>\n<p data-start=\"1367\" data-end=\"1561\"><span style=\"color: #000000;\"><strong data-start=\"1367\" data-end=\"1381\">Naudojimas<\/strong><\/span><br data-start=\"1381\" data-end=\"1384\" \/><span style=\"color: #000000;\">Nuimkite buteliuko dangtel\u012f, u\u017ed\u0117kite dekoratyvin\u012f ir \u012fmerkite pagaliukus \u012f kvap\u0105. Intensyvesniam aromatui pagaliukus periodi\u0161kai apverskite. Laikykite ant stabilaus pavir\u0161iaus.<\/span><\/p>\n","protected":false},"excerpt":{"rendered":"<p data-start=\"118\" data-end=\"292\">\u0160iltas, eleganti\u0161kas ir \u0161venti\u0161kai jaukus kartaus apelsino, raudon\u0173 vynuogi\u0173, Damasko ro\u017ei\u0173 ir medienos aromatas, pripildantis namus harmonijos bei \u017eiemos jaukumo.<\/p>\n","protected":false},"featured_media":61851,"template":"","meta":[],"product_brand":[1362],"product_cat":[1137,1140,573,1395],"product_tag":[1608],"class_list":{"0":"post-61850","1":"product","2":"type-product","3":"status-publish","4":"has-post-thumbnail","6":"product_brand-linea-35","7":"product_cat-dovanos","8":"product_cat-namu-kvapai","9":"product_cat-namu-kvapai-2","10":"product_cat-rinkiniai","11":"product_tag-linea35","13":"first","14":"instock","15":"sale","16":"taxable","17":"shipping-taxable","18":"purchasable","19":"product-type-simple"},"yoast_head":"<!-- This site is optimized with the Yoast SEO plugin v27.4 - https:\/\/yoast.com\/product\/yoast-seo-wordpress\/ -->\n<title>LINEA 35 kal\u0117dinis nam\u0173 kvap\u0173 difuzoriaus ir papildymo rinkinys ARANCIA E UVA ROSSA, 500ml + 500ml - MalinaShop.lt J\u016bs\u0173 sveikatai ir gro\u017eiui.<\/title>\n<meta name=\"description\" content=\"ARANCIA E UVA ROSSA \u2013 \u0161iltas, eleganti\u0161kas kal\u0117dinis apelsin\u0173, vynuogi\u0173, cinamono ir medienos aromatas. 500 ml difuzorius + 500 ml papildymas. Pagaminta Italijoje.\" \/>\n<meta name=\"robots\" content=\"index, follow, max-snippet:-1, max-image-preview:large, max-video-preview:-1\" \/>\n<link rel=\"canonical\" href=\"https:\/\/www.malinashop.lt\/lt_lt\/shop\/linea-35-kaledinis-namu-kvapu-difuzoriaus-ir-papildymo-rinkinys-arancia-e-uva-rossa-500ml-500ml\/\" \/>\n<meta property=\"og:locale\" content=\"lt_LT\" \/>\n<meta property=\"og:type\" content=\"article\" \/>\n<meta property=\"og:title\" content=\"LINEA 35 kal\u0117dinis nam\u0173 kvap\u0173 difuzoriaus ir papildymo rinkinys ARANCIA E UVA ROSSA, 500ml + 500ml - MalinaShop.lt J\u016bs\u0173 sveikatai ir gro\u017eiui.\" \/>\n<meta property=\"og:description\" content=\"ARANCIA E UVA ROSSA \u2013 \u0161iltas, eleganti\u0161kas kal\u0117dinis apelsin\u0173, vynuogi\u0173, cinamono ir medienos aromatas. 500 ml difuzorius + 500 ml papildymas. Pagaminta Italijoje.\" \/>\n<meta property=\"og:url\" content=\"https:\/\/www.malinashop.lt\/lt_lt\/shop\/linea-35-kaledinis-namu-kvapu-difuzoriaus-ir-papildymo-rinkinys-arancia-e-uva-rossa-500ml-500ml\/\" \/>\n<meta property=\"og:site_name\" content=\"MalinaShop.lt J\u016bs\u0173 sveikatai ir gro\u017eiui.\" \/>\n<meta property=\"article:modified_time\" content=\"2026-03-18T09:48:36+00:00\" \/>\n<meta property=\"og:image\" content=\"https:\/\/www.malinashop.lt\/wp-content\/uploads\/2025\/11\/LINEA-35-kaledinis-namu-kvapu-difuzoriaus-ir-papildymo-rinkinys-ARANCIA-E-UVA-ROSSA-500ml-500ml.webp\" \/>\n\t<meta property=\"og:image:width\" content=\"768\" \/>\n\t<meta property=\"og:image:height\" content=\"768\" \/>\n\t<meta property=\"og:image:type\" content=\"image\/webp\" \/>\n<meta name=\"twitter:card\" content=\"summary_large_image\" \/>\n<script type=\"application\/ld+json\" class=\"yoast-schema-graph\">{\"@context\":\"https:\\\/\\\/schema.org\",\"@graph\":[{\"@type\":\"WebPage\",\"@id\":\"https:\\\/\\\/www.malinashop.lt\\\/lt_lt\\\/shop\\\/linea-35-kaledinis-namu-kvapu-difuzoriaus-ir-papildymo-rinkinys-arancia-e-uva-rossa-500ml-500ml\\\/\",\"url\":\"https:\\\/\\\/www.malinashop.lt\\\/lt_lt\\\/shop\\\/linea-35-kaledinis-namu-kvapu-difuzoriaus-ir-papildymo-rinkinys-arancia-e-uva-rossa-500ml-500ml\\\/\",\"name\":\"LINEA 35 kal\u0117dinis nam\u0173 kvap\u0173 difuzoriaus ir papildymo rinkinys ARANCIA E UVA ROSSA, 500ml + 500ml - MalinaShop.lt J\u016bs\u0173 sveikatai ir gro\u017eiui.\",\"isPartOf\":{\"@id\":\"https:\\\/\\\/www.malinashop.lt\\\/#website\"},\"primaryImageOfPage\":{\"@id\":\"https:\\\/\\\/www.malinashop.lt\\\/lt_lt\\\/shop\\\/linea-35-kaledinis-namu-kvapu-difuzoriaus-ir-papildymo-rinkinys-arancia-e-uva-rossa-500ml-500ml\\\/#primaryimage\"},\"image\":{\"@id\":\"https:\\\/\\\/www.malinashop.lt\\\/lt_lt\\\/shop\\\/linea-35-kaledinis-namu-kvapu-difuzoriaus-ir-papildymo-rinkinys-arancia-e-uva-rossa-500ml-500ml\\\/#primaryimage\"},\"thumbnailUrl\":\"https:\\\/\\\/www.malinashop.lt\\\/wp-content\\\/uploads\\\/2025\\\/11\\\/LINEA-35-kaledinis-namu-kvapu-difuzoriaus-ir-papildymo-rinkinys-ARANCIA-E-UVA-ROSSA-500ml-500ml.webp\",\"datePublished\":\"2025-11-19T17:17:56+00:00\",\"dateModified\":\"2026-03-18T09:48:36+00:00\",\"description\":\"ARANCIA E UVA ROSSA \u2013 \u0161iltas, eleganti\u0161kas kal\u0117dinis apelsin\u0173, vynuogi\u0173, cinamono ir medienos aromatas. 500 ml difuzorius + 500 ml papildymas. Pagaminta Italijoje.\",\"breadcrumb\":{\"@id\":\"https:\\\/\\\/www.malinashop.lt\\\/lt_lt\\\/shop\\\/linea-35-kaledinis-namu-kvapu-difuzoriaus-ir-papildymo-rinkinys-arancia-e-uva-rossa-500ml-500ml\\\/#breadcrumb\"},\"inLanguage\":\"lt-LT\",\"potentialAction\":[{\"@type\":\"ReadAction\",\"target\":[\"https:\\\/\\\/www.malinashop.lt\\\/lt_lt\\\/shop\\\/linea-35-kaledinis-namu-kvapu-difuzoriaus-ir-papildymo-rinkinys-arancia-e-uva-rossa-500ml-500ml\\\/\"]}]},{\"@type\":\"ImageObject\",\"inLanguage\":\"lt-LT\",\"@id\":\"https:\\\/\\\/www.malinashop.lt\\\/lt_lt\\\/shop\\\/linea-35-kaledinis-namu-kvapu-difuzoriaus-ir-papildymo-rinkinys-arancia-e-uva-rossa-500ml-500ml\\\/#primaryimage\",\"url\":\"https:\\\/\\\/www.malinashop.lt\\\/wp-content\\\/uploads\\\/2025\\\/11\\\/LINEA-35-kaledinis-namu-kvapu-difuzoriaus-ir-papildymo-rinkinys-ARANCIA-E-UVA-ROSSA-500ml-500ml.webp\",\"contentUrl\":\"https:\\\/\\\/www.malinashop.lt\\\/wp-content\\\/uploads\\\/2025\\\/11\\\/LINEA-35-kaledinis-namu-kvapu-difuzoriaus-ir-papildymo-rinkinys-ARANCIA-E-UVA-ROSSA-500ml-500ml.webp\",\"width\":768,\"height\":768},{\"@type\":\"BreadcrumbList\",\"@id\":\"https:\\\/\\\/www.malinashop.lt\\\/lt_lt\\\/shop\\\/linea-35-kaledinis-namu-kvapu-difuzoriaus-ir-papildymo-rinkinys-arancia-e-uva-rossa-500ml-500ml\\\/#breadcrumb\",\"itemListElement\":[{\"@type\":\"ListItem\",\"position\":1,\"name\":\"Pagrindinis\",\"item\":\"https:\\\/\\\/www.malinashop.lt\\\/\"},{\"@type\":\"ListItem\",\"position\":2,\"name\":\"Parduotuv\u0117\",\"item\":\"https:\\\/\\\/www.malinashop.lt\\\/en\\\/parduotuve\\\/\"},{\"@type\":\"ListItem\",\"position\":3,\"name\":\"LINEA 35 kal\u0117dinis nam\u0173 kvap\u0173 difuzoriaus ir papildymo rinkinys ARANCIA E UVA ROSSA, 500ml + 500ml\"}]},{\"@type\":\"WebSite\",\"@id\":\"https:\\\/\\\/www.malinashop.lt\\\/#website\",\"url\":\"https:\\\/\\\/www.malinashop.lt\\\/\",\"name\":\"COM Group Ecommerce\",\"description\":\"MalinaShop.lt - Gro\u017eio ir sveikatos produktai i\u0161 patikim\u0173 preki\u0173 \u017eenkl\u0173. Atraskite auk\u0161tos kokyb\u0117s kosmetik\u0105 u\u017e puiki\u0105 kain\u0105.\",\"publisher\":{\"@id\":\"https:\\\/\\\/www.malinashop.lt\\\/#organization\"},\"potentialAction\":[{\"@type\":\"SearchAction\",\"target\":{\"@type\":\"EntryPoint\",\"urlTemplate\":\"https:\\\/\\\/www.malinashop.lt\\\/?s={search_term_string}\"},\"query-input\":{\"@type\":\"PropertyValueSpecification\",\"valueRequired\":true,\"valueName\":\"search_term_string\"}}],\"inLanguage\":\"lt-LT\"},{\"@type\":\"Organization\",\"@id\":\"https:\\\/\\\/www.malinashop.lt\\\/#organization\",\"name\":\"COM Group Ecommerce\",\"url\":\"https:\\\/\\\/www.malinashop.lt\\\/\",\"logo\":{\"@type\":\"ImageObject\",\"inLanguage\":\"lt-LT\",\"@id\":\"https:\\\/\\\/www.malinashop.lt\\\/#\\\/schema\\\/logo\\\/image\\\/\",\"url\":\"https:\\\/\\\/www.malinashop.lt\\\/wp-content\\\/uploads\\\/2024\\\/08\\\/462559670_3787732518133670_9795632669273463_n-e1731525914575.png\",\"contentUrl\":\"https:\\\/\\\/www.malinashop.lt\\\/wp-content\\\/uploads\\\/2024\\\/08\\\/462559670_3787732518133670_9795632669273463_n-e1731525914575.png\",\"width\":180,\"height\":60,\"caption\":\"COM Group Ecommerce\"},\"image\":{\"@id\":\"https:\\\/\\\/www.malinashop.lt\\\/#\\\/schema\\\/logo\\\/image\\\/\"}}]}<\/script>\n<!-- \/ Yoast SEO plugin. -->","yoast_head_json":{"title":"LINEA 35 kal\u0117dinis nam\u0173 kvap\u0173 difuzoriaus ir papildymo rinkinys ARANCIA E UVA ROSSA, 500ml + 500ml - MalinaShop.lt J\u016bs\u0173 sveikatai ir gro\u017eiui.","description":"ARANCIA E UVA ROSSA \u2013 \u0161iltas, eleganti\u0161kas kal\u0117dinis apelsin\u0173, vynuogi\u0173, cinamono ir medienos aromatas. 500 ml difuzorius + 500 ml papildymas. Pagaminta Italijoje.","robots":{"index":"index","follow":"follow","max-snippet":"max-snippet:-1","max-image-preview":"max-image-preview:large","max-video-preview":"max-video-preview:-1"},"canonical":"https:\/\/www.malinashop.lt\/lt_lt\/shop\/linea-35-kaledinis-namu-kvapu-difuzoriaus-ir-papildymo-rinkinys-arancia-e-uva-rossa-500ml-500ml\/","og_locale":"lt_LT","og_type":"article","og_title":"LINEA 35 kal\u0117dinis nam\u0173 kvap\u0173 difuzoriaus ir papildymo rinkinys ARANCIA E UVA ROSSA, 500ml + 500ml - MalinaShop.lt J\u016bs\u0173 sveikatai ir gro\u017eiui.","og_description":"ARANCIA E UVA ROSSA \u2013 \u0161iltas, eleganti\u0161kas kal\u0117dinis apelsin\u0173, vynuogi\u0173, cinamono ir medienos aromatas. 500 ml difuzorius + 500 ml papildymas. Pagaminta Italijoje.","og_url":"https:\/\/www.malinashop.lt\/lt_lt\/shop\/linea-35-kaledinis-namu-kvapu-difuzoriaus-ir-papildymo-rinkinys-arancia-e-uva-rossa-500ml-500ml\/","og_site_name":"MalinaShop.lt J\u016bs\u0173 sveikatai ir gro\u017eiui.","article_modified_time":"2026-03-18T09:48:36+00:00","og_image":[{"width":768,"height":768,"url":"https:\/\/www.malinashop.lt\/wp-content\/uploads\/2025\/11\/LINEA-35-kaledinis-namu-kvapu-difuzoriaus-ir-papildymo-rinkinys-ARANCIA-E-UVA-ROSSA-500ml-500ml.webp","type":"image\/webp"}],"twitter_card":"summary_large_image","schema":{"@context":"https:\/\/schema.org","@graph":[{"@type":"WebPage","@id":"https:\/\/www.malinashop.lt\/lt_lt\/shop\/linea-35-kaledinis-namu-kvapu-difuzoriaus-ir-papildymo-rinkinys-arancia-e-uva-rossa-500ml-500ml\/","url":"https:\/\/www.malinashop.lt\/lt_lt\/shop\/linea-35-kaledinis-namu-kvapu-difuzoriaus-ir-papildymo-rinkinys-arancia-e-uva-rossa-500ml-500ml\/","name":"LINEA 35 kal\u0117dinis nam\u0173 kvap\u0173 difuzoriaus ir papildymo rinkinys ARANCIA E UVA ROSSA, 500ml + 500ml - MalinaShop.lt J\u016bs\u0173 sveikatai ir gro\u017eiui.","isPartOf":{"@id":"https:\/\/www.malinashop.lt\/#website"},"primaryImageOfPage":{"@id":"https:\/\/www.malinashop.lt\/lt_lt\/shop\/linea-35-kaledinis-namu-kvapu-difuzoriaus-ir-papildymo-rinkinys-arancia-e-uva-rossa-500ml-500ml\/#primaryimage"},"image":{"@id":"https:\/\/www.malinashop.lt\/lt_lt\/shop\/linea-35-kaledinis-namu-kvapu-difuzoriaus-ir-papildymo-rinkinys-arancia-e-uva-rossa-500ml-500ml\/#primaryimage"},"thumbnailUrl":"https:\/\/www.malinashop.lt\/wp-content\/uploads\/2025\/11\/LINEA-35-kaledinis-namu-kvapu-difuzoriaus-ir-papildymo-rinkinys-ARANCIA-E-UVA-ROSSA-500ml-500ml.webp","datePublished":"2025-11-19T17:17:56+00:00","dateModified":"2026-03-18T09:48:36+00:00","description":"ARANCIA E UVA ROSSA \u2013 \u0161iltas, eleganti\u0161kas kal\u0117dinis apelsin\u0173, vynuogi\u0173, cinamono ir medienos aromatas. 500 ml difuzorius + 500 ml papildymas. Pagaminta Italijoje.","breadcrumb":{"@id":"https:\/\/www.malinashop.lt\/lt_lt\/shop\/linea-35-kaledinis-namu-kvapu-difuzoriaus-ir-papildymo-rinkinys-arancia-e-uva-rossa-500ml-500ml\/#breadcrumb"},"inLanguage":"lt-LT","potentialAction":[{"@type":"ReadAction","target":["https:\/\/www.malinashop.lt\/lt_lt\/shop\/linea-35-kaledinis-namu-kvapu-difuzoriaus-ir-papildymo-rinkinys-arancia-e-uva-rossa-500ml-500ml\/"]}]},{"@type":"ImageObject","inLanguage":"lt-LT","@id":"https:\/\/www.malinashop.lt\/lt_lt\/shop\/linea-35-kaledinis-namu-kvapu-difuzoriaus-ir-papildymo-rinkinys-arancia-e-uva-rossa-500ml-500ml\/#primaryimage","url":"https:\/\/www.malinashop.lt\/wp-content\/uploads\/2025\/11\/LINEA-35-kaledinis-namu-kvapu-difuzoriaus-ir-papildymo-rinkinys-ARANCIA-E-UVA-ROSSA-500ml-500ml.webp","contentUrl":"https:\/\/www.malinashop.lt\/wp-content\/uploads\/2025\/11\/LINEA-35-kaledinis-namu-kvapu-difuzoriaus-ir-papildymo-rinkinys-ARANCIA-E-UVA-ROSSA-500ml-500ml.webp","width":768,"height":768},{"@type":"BreadcrumbList","@id":"https:\/\/www.malinashop.lt\/lt_lt\/shop\/linea-35-kaledinis-namu-kvapu-difuzoriaus-ir-papildymo-rinkinys-arancia-e-uva-rossa-500ml-500ml\/#breadcrumb","itemListElement":[{"@type":"ListItem","position":1,"name":"Pagrindinis","item":"https:\/\/www.malinashop.lt\/"},{"@type":"ListItem","position":2,"name":"Parduotuv\u0117","item":"https:\/\/www.malinashop.lt\/en\/parduotuve\/"},{"@type":"ListItem","position":3,"name":"LINEA 35 kal\u0117dinis nam\u0173 kvap\u0173 difuzoriaus ir papildymo rinkinys ARANCIA E UVA ROSSA, 500ml + 500ml"}]},{"@type":"WebSite","@id":"https:\/\/www.malinashop.lt\/#website","url":"https:\/\/www.malinashop.lt\/","name":"COM Group Ecommerce","description":"MalinaShop.lt - Gro\u017eio ir sveikatos produktai i\u0161 patikim\u0173 preki\u0173 \u017eenkl\u0173. Atraskite auk\u0161tos kokyb\u0117s kosmetik\u0105 u\u017e puiki\u0105 kain\u0105.","publisher":{"@id":"https:\/\/www.malinashop.lt\/#organization"},"potentialAction":[{"@type":"SearchAction","target":{"@type":"EntryPoint","urlTemplate":"https:\/\/www.malinashop.lt\/?s={search_term_string}"},"query-input":{"@type":"PropertyValueSpecification","valueRequired":true,"valueName":"search_term_string"}}],"inLanguage":"lt-LT"},{"@type":"Organization","@id":"https:\/\/www.malinashop.lt\/#organization","name":"COM Group Ecommerce","url":"https:\/\/www.malinashop.lt\/","logo":{"@type":"ImageObject","inLanguage":"lt-LT","@id":"https:\/\/www.malinashop.lt\/#\/schema\/logo\/image\/","url":"https:\/\/www.malinashop.lt\/wp-content\/uploads\/2024\/08\/462559670_3787732518133670_9795632669273463_n-e1731525914575.png","contentUrl":"https:\/\/www.malinashop.lt\/wp-content\/uploads\/2024\/08\/462559670_3787732518133670_9795632669273463_n-e1731525914575.png","width":180,"height":60,"caption":"COM Group Ecommerce"},"image":{"@id":"https:\/\/www.malinashop.lt\/#\/schema\/logo\/image\/"}}]}},"jetpack_sharing_enabled":true,"_links":{"self":[{"href":"https:\/\/www.malinashop.lt\/lt_lt\/wp-json\/wp\/v2\/product\/61850","targetHints":{"allow":["GET"]}}],"collection":[{"href":"https:\/\/www.malinashop.lt\/lt_lt\/wp-json\/wp\/v2\/product"}],"about":[{"href":"https:\/\/www.malinashop.lt\/lt_lt\/wp-json\/wp\/v2\/types\/product"}],"version-history":[{"count":1,"href":"https:\/\/www.malinashop.lt\/lt_lt\/wp-json\/wp\/v2\/product\/61850\/revisions"}],"predecessor-version":[{"id":61852,"href":"https:\/\/www.malinashop.lt\/lt_lt\/wp-json\/wp\/v2\/product\/61850\/revisions\/61852"}],"wp:featuredmedia":[{"embeddable":true,"href":"https:\/\/www.malinashop.lt\/lt_lt\/wp-json\/wp\/v2\/media\/61851"}],"wp:attachment":[{"href":"https:\/\/www.malinashop.lt\/lt_lt\/wp-json\/wp\/v2\/media?parent=61850"}],"wp:term":[{"taxonomy":"product_brand","embeddable":true,"href":"https:\/\/www.malinashop.lt\/lt_lt\/wp-json\/wp\/v2\/product_brand?post=61850"},{"taxonomy":"product_cat","embeddable":true,"href":"https:\/\/www.malinashop.lt\/lt_lt\/wp-json\/wp\/v2\/product_cat?post=61850"},{"taxonomy":"product_tag","embeddable":true,"href":"https:\/\/www.malinashop.lt\/lt_lt\/wp-json\/wp\/v2\/product_tag?post=61850"}],"curies":[{"name":"wp","href":"https:\/\/api.w.org\/{rel}","templated":true}]}}