{"id":61506,"date":"2025-11-11T19:31:45","date_gmt":"2025-11-11T16:31:45","guid":{"rendered":"https:\/\/malinashop.lt\/?post_type=product&#038;p=61506"},"modified":"2026-02-12T12:38:25","modified_gmt":"2026-02-12T09:38:25","slug":"les-perles-dorient-kvepalu-rinkinys-moterims-milky-love-edp-150-ml-duso-gelis-100-ml-kosmetine","status":"publish","type":"product","link":"https:\/\/www.malinashop.lt\/lt_lt\/shop\/les-perles-dorient-kvepalu-rinkinys-moterims-milky-love-edp-150-ml-duso-gelis-100-ml-kosmetine\/","title":{"rendered":"LES PERLES D\u2019ORIENT kvepal\u0173 rinkinys moterims MILKY LOVE EDP 150 ml + du\u0161o gelis 100 ml + kosmetin\u0117"},"content":{"rendered":"<p style=\"text-align: center;\" data-start=\"302\" data-end=\"718\"><span style=\"color: #000000;\"><strong data-start=\"302\" data-end=\"336\">LES PERLES D\u2019ORIENT MILKY LOVE<\/strong> \u2013 tai <strong data-start=\"343\" data-end=\"394\">mink\u0161tas, saldus ir gundantys aromatas moteriai<\/strong>, m\u0117gstan\u010diai subtil\u0173 rafinuotum\u0105 ir \u0161ilum\u0105. \u0160is kvapas tarsi \u0161velnus apkabinimas \u2013 \u0161iltas, kreminis ir jausmingas. Jame dera <strong data-start=\"520\" data-end=\"559\">karamel\u0117s ir pieno vir\u0161utin\u0117s natos<\/strong>, kurios perauga \u012f <strong data-start=\"578\" data-end=\"611\">medaus ir tonka pupeli\u0173 \u0161ird\u012f<\/strong>, o <strong data-start=\"615\" data-end=\"655\">vanil\u0117s ir baltojo muskuso pagrindas<\/strong> suteikia kvapui \u0161velnumo, saldumo ir ilgalaikio i\u0161liekamumo.<\/span><\/p>\n<p style=\"text-align: center;\" data-start=\"720\" data-end=\"737\"><span style=\"color: #000000;\">Rinkin\u012f sudaro:<\/span><\/p>\n<ul style=\"text-align: center;\" data-start=\"738\" data-end=\"985\">\n<li data-start=\"738\" data-end=\"817\">\n<p data-start=\"740\" data-end=\"817\"><span style=\"color: #000000;\"><strong data-start=\"740\" data-end=\"765\">EDP kvepalai (150 ml)<\/strong> \u2013 saldus, kreminis ir ilgai i\u0161liekantis aromatas.<\/span><\/p>\n<\/li>\n<li data-start=\"818\" data-end=\"909\">\n<p data-start=\"820\" data-end=\"909\"><span style=\"color: #000000;\"><strong data-start=\"820\" data-end=\"843\">Du\u0161o gelis (100 ml)<\/strong> \u2013 \u0161velniai valo ir palieka ant odos subtil\u0173 MILKY LOVE aromat\u0105.<\/span><\/p>\n<\/li>\n<li data-start=\"910\" data-end=\"985\">\n<p data-start=\"912\" data-end=\"985\"><span style=\"color: #000000;\"><strong data-start=\"912\" data-end=\"925\">Kosmetin\u0117<\/strong> \u2013 stilingas ir prakti\u0161kas priedas kasdienai ar kelion\u0117ms.<\/span><\/p>\n<\/li>\n<\/ul>\n<p style=\"text-align: center;\" data-start=\"987\" data-end=\"1007\"><span style=\"color: #000000;\"><strong data-start=\"987\" data-end=\"1005\">Kvepal\u0173 natos:<\/strong><\/span><\/p>\n<ul style=\"text-align: center;\" data-start=\"1008\" data-end=\"1146\">\n<li data-start=\"1008\" data-end=\"1050\">\n<p data-start=\"1010\" data-end=\"1050\"><span style=\"color: #000000;\"><strong data-start=\"1010\" data-end=\"1031\">Vir\u0161utin\u0117s natos:<\/strong> karamel\u0117, pienas<\/span><\/p>\n<\/li>\n<li data-start=\"1051\" data-end=\"1096\">\n<p data-start=\"1053\" data-end=\"1096\"><span style=\"color: #000000;\"><strong data-start=\"1053\" data-end=\"1073\">Vidurin\u0117s natos:<\/strong> medus, tonka pupel\u0117s<\/span><\/p>\n<\/li>\n<li data-start=\"1097\" data-end=\"1146\">\n<p data-start=\"1099\" data-end=\"1146\"><span style=\"color: #000000;\"><strong data-start=\"1099\" data-end=\"1118\">Apatin\u0117s natos:<\/strong> vanil\u0117, baltasis muskusas<\/span><\/p>\n<\/li>\n<\/ul>\n<p style=\"text-align: center;\" data-start=\"1148\" data-end=\"1409\"><span style=\"color: #000000;\"><strong data-start=\"1148\" data-end=\"1162\">MILKY LOVE<\/strong> \u2013 tai <strong data-start=\"1169\" data-end=\"1215\">moteri\u0161kas saldumo ir jaukumo \u012fsik\u016bnijimas<\/strong>. \u0160is kvapas puikiai tinka tiek kasdienai, tiek ypatingoms progoms, kai norisi pabr\u0117\u017eti savo \u0161velnum\u0105 ir moteri\u0161kum\u0105. Aromatas primena \u0161ilt\u0105 gl\u0117b\u012f, kupin\u0105 \u0161velnumo, rafinuotumo ir elegancijos.<\/span><\/p>\n<p style=\"text-align: center;\" data-start=\"1411\" data-end=\"1625\"><span style=\"color: #000000;\">\u0160is rinkinys priklauso <strong data-start=\"1434\" data-end=\"1487\">naujajai LES PERLES D\u2019ORIENT aliuminio kolekcijai<\/strong>, gars\u0117jan\u010diai <strong data-start=\"1502\" data-end=\"1549\">itali\u0161ku dizainu, ilgaam\u017ei\u0161kumu ir prabanga<\/strong>. 150 ml talpos buteliukas \u2013 stilingas, funkcionalus ir ilgam i\u0161liekantis.<\/span><\/p>\n<p style=\"text-align: center;\" data-start=\"1627\" data-end=\"1653\"><span style=\"color: #000000;\"><strong data-start=\"1627\" data-end=\"1651\">Pagaminta Italijoje.<\/strong><\/span><\/p>\n<p style=\"text-align: center;\" data-start=\"1655\" data-end=\"1685\"><span style=\"color: #000000;\"><strong data-start=\"1655\" data-end=\"1683\">Pagrindiniai privalumai:<\/strong><\/span><\/p>\n<ul data-start=\"1686\" data-end=\"1904\">\n<li style=\"text-align: center;\" data-start=\"1686\" data-end=\"1750\">\n<p data-start=\"1688\" data-end=\"1750\"><span style=\"color: #000000;\">Saldi, gurmani\u0161ka kompozicija su karamele, medumi ir vanile.<\/span><\/p>\n<\/li>\n<li style=\"text-align: center;\" data-start=\"1751\" data-end=\"1800\">\n<p data-start=\"1753\" data-end=\"1800\"><span style=\"color: #000000;\">\u0160iltas, jaukus ir ilgai i\u0161liekantis aromatas.<\/span><\/p>\n<\/li>\n<li style=\"text-align: center;\" data-start=\"1801\" data-end=\"1841\">\n<p data-start=\"1803\" data-end=\"1841\"><span style=\"color: #000000;\">Rinkinys su du\u0161o geliu ir kosmetine.<\/span><\/p>\n<\/li>\n<li style=\"text-align: center;\" data-start=\"1842\" data-end=\"1871\">\n<p data-start=\"1844\" data-end=\"1871\"><span style=\"color: #000000;\">Ital\u0173 kokyb\u0117 ir dizainas.<\/span><\/p>\n<\/li>\n<li data-start=\"1872\" data-end=\"1904\">\n<p style=\"text-align: center;\" data-start=\"1874\" data-end=\"1904\"><span style=\"color: #000000;\">Puikus pasirinkimas dovanai.<\/span><\/p>\n<\/li>\n<\/ul>\n","protected":false},"excerpt":{"rendered":"<p data-start=\"157\" data-end=\"281\">LES PERLES D\u2019ORIENT MILKY LOVE \u2013 \u0161iltas, saldus ir jaukus aromatas su karamel\u0117s, medaus, tonka pupeli\u0173 ir vanil\u0117s natomis.<\/p>\n<h3 data-start=\"284\" data-end=\"304\"><\/h3>\n","protected":false},"featured_media":61507,"template":"","meta":[],"product_brand":[546],"product_cat":[1137,707,545],"product_tag":[1632],"class_list":{"0":"post-61506","1":"product","2":"type-product","3":"status-publish","4":"has-post-thumbnail","6":"product_brand-les-perles-dorient","7":"product_cat-dovanos","8":"product_cat-kvepalai","9":"product_cat-kvepalai-moterims","10":"product_tag-les-perles-dorient","12":"first","13":"instock","14":"sale","15":"taxable","16":"shipping-taxable","17":"purchasable","18":"product-type-simple"},"yoast_head":"<!-- This site is optimized with the Yoast SEO plugin v27.4 - https:\/\/yoast.com\/product\/yoast-seo-wordpress\/ -->\n<title>LES PERLES D\u2019ORIENT kvepal\u0173 rinkinys moterims MILKY LOVE EDP 150 ml + du\u0161o gelis 100 ml + kosmetin\u0117 - MalinaShop.lt J\u016bs\u0173 sveikatai ir gro\u017eiui.<\/title>\n<meta name=\"description\" content=\"LES PERLES D\u2019ORIENT MILKY LOVE \u2013 saldus ir \u0161iltas aromatas su karamele, medumi ir vanile. Rinkinys su kvepalais, du\u0161o geliu ir kosmetine. Pagaminta Italijoje.\" \/>\n<meta name=\"robots\" content=\"index, follow, max-snippet:-1, max-image-preview:large, max-video-preview:-1\" \/>\n<link rel=\"canonical\" href=\"https:\/\/www.malinashop.lt\/lt_lt\/shop\/les-perles-dorient-kvepalu-rinkinys-moterims-milky-love-edp-150-ml-duso-gelis-100-ml-kosmetine\/\" \/>\n<meta property=\"og:locale\" content=\"lt_LT\" \/>\n<meta property=\"og:type\" content=\"article\" \/>\n<meta property=\"og:title\" content=\"LES PERLES D\u2019ORIENT kvepal\u0173 rinkinys moterims MILKY LOVE EDP 150 ml + du\u0161o gelis 100 ml + kosmetin\u0117 - MalinaShop.lt J\u016bs\u0173 sveikatai ir gro\u017eiui.\" \/>\n<meta property=\"og:description\" content=\"LES PERLES D\u2019ORIENT MILKY LOVE \u2013 saldus ir \u0161iltas aromatas su karamele, medumi ir vanile. Rinkinys su kvepalais, du\u0161o geliu ir kosmetine. Pagaminta Italijoje.\" \/>\n<meta property=\"og:url\" content=\"https:\/\/www.malinashop.lt\/lt_lt\/shop\/les-perles-dorient-kvepalu-rinkinys-moterims-milky-love-edp-150-ml-duso-gelis-100-ml-kosmetine\/\" \/>\n<meta property=\"og:site_name\" content=\"MalinaShop.lt J\u016bs\u0173 sveikatai ir gro\u017eiui.\" \/>\n<meta property=\"article:modified_time\" content=\"2026-02-12T09:38:25+00:00\" \/>\n<meta property=\"og:image\" content=\"https:\/\/www.malinashop.lt\/wp-content\/uploads\/2025\/11\/LES-PERLES-DORIENT-kvepalu-rinkinys-moterims-MILKY-LOVE-EDP-150-ml-duso-gelis-100-ml-kosmetine.webp\" \/>\n\t<meta property=\"og:image:width\" content=\"768\" \/>\n\t<meta property=\"og:image:height\" content=\"768\" \/>\n\t<meta property=\"og:image:type\" content=\"image\/webp\" \/>\n<meta name=\"twitter:card\" content=\"summary_large_image\" \/>\n<script type=\"application\/ld+json\" class=\"yoast-schema-graph\">{\"@context\":\"https:\\\/\\\/schema.org\",\"@graph\":[{\"@type\":\"WebPage\",\"@id\":\"https:\\\/\\\/www.malinashop.lt\\\/shop\\\/les-perles-dorient-kvepalu-rinkinys-moterims-milky-love-edp-150-ml-duso-gelis-100-ml-kosmetine\\\/\",\"url\":\"https:\\\/\\\/www.malinashop.lt\\\/shop\\\/les-perles-dorient-kvepalu-rinkinys-moterims-milky-love-edp-150-ml-duso-gelis-100-ml-kosmetine\\\/\",\"name\":\"LES PERLES D\u2019ORIENT kvepal\u0173 rinkinys moterims MILKY LOVE EDP 150 ml + du\u0161o gelis 100 ml + kosmetin\u0117 - MalinaShop.lt J\u016bs\u0173 sveikatai ir gro\u017eiui.\",\"isPartOf\":{\"@id\":\"https:\\\/\\\/www.malinashop.lt\\\/#website\"},\"primaryImageOfPage\":{\"@id\":\"https:\\\/\\\/www.malinashop.lt\\\/shop\\\/les-perles-dorient-kvepalu-rinkinys-moterims-milky-love-edp-150-ml-duso-gelis-100-ml-kosmetine\\\/#primaryimage\"},\"image\":{\"@id\":\"https:\\\/\\\/www.malinashop.lt\\\/shop\\\/les-perles-dorient-kvepalu-rinkinys-moterims-milky-love-edp-150-ml-duso-gelis-100-ml-kosmetine\\\/#primaryimage\"},\"thumbnailUrl\":\"https:\\\/\\\/www.malinashop.lt\\\/wp-content\\\/uploads\\\/2025\\\/11\\\/LES-PERLES-DORIENT-kvepalu-rinkinys-moterims-MILKY-LOVE-EDP-150-ml-duso-gelis-100-ml-kosmetine.webp\",\"datePublished\":\"2025-11-11T16:31:45+00:00\",\"dateModified\":\"2026-02-12T09:38:25+00:00\",\"description\":\"LES PERLES D\u2019ORIENT MILKY LOVE \u2013 saldus ir \u0161iltas aromatas su karamele, medumi ir vanile. Rinkinys su kvepalais, du\u0161o geliu ir kosmetine. Pagaminta Italijoje.\",\"breadcrumb\":{\"@id\":\"https:\\\/\\\/www.malinashop.lt\\\/shop\\\/les-perles-dorient-kvepalu-rinkinys-moterims-milky-love-edp-150-ml-duso-gelis-100-ml-kosmetine\\\/#breadcrumb\"},\"inLanguage\":\"lt-LT\",\"potentialAction\":[{\"@type\":\"ReadAction\",\"target\":[\"https:\\\/\\\/www.malinashop.lt\\\/shop\\\/les-perles-dorient-kvepalu-rinkinys-moterims-milky-love-edp-150-ml-duso-gelis-100-ml-kosmetine\\\/\"]}]},{\"@type\":\"ImageObject\",\"inLanguage\":\"lt-LT\",\"@id\":\"https:\\\/\\\/www.malinashop.lt\\\/shop\\\/les-perles-dorient-kvepalu-rinkinys-moterims-milky-love-edp-150-ml-duso-gelis-100-ml-kosmetine\\\/#primaryimage\",\"url\":\"https:\\\/\\\/www.malinashop.lt\\\/wp-content\\\/uploads\\\/2025\\\/11\\\/LES-PERLES-DORIENT-kvepalu-rinkinys-moterims-MILKY-LOVE-EDP-150-ml-duso-gelis-100-ml-kosmetine.webp\",\"contentUrl\":\"https:\\\/\\\/www.malinashop.lt\\\/wp-content\\\/uploads\\\/2025\\\/11\\\/LES-PERLES-DORIENT-kvepalu-rinkinys-moterims-MILKY-LOVE-EDP-150-ml-duso-gelis-100-ml-kosmetine.webp\",\"width\":768,\"height\":768},{\"@type\":\"BreadcrumbList\",\"@id\":\"https:\\\/\\\/www.malinashop.lt\\\/shop\\\/les-perles-dorient-kvepalu-rinkinys-moterims-milky-love-edp-150-ml-duso-gelis-100-ml-kosmetine\\\/#breadcrumb\",\"itemListElement\":[{\"@type\":\"ListItem\",\"position\":1,\"name\":\"Pagrindinis\",\"item\":\"https:\\\/\\\/www.malinashop.lt\\\/\"},{\"@type\":\"ListItem\",\"position\":2,\"name\":\"Parduotuv\u0117\",\"item\":\"https:\\\/\\\/www.malinashop.lt\\\/en\\\/parduotuve\\\/\"},{\"@type\":\"ListItem\",\"position\":3,\"name\":\"LES PERLES D\u2019ORIENT kvepal\u0173 rinkinys moterims MILKY LOVE EDP 150 ml + du\u0161o gelis 100 ml + kosmetin\u0117\"}]},{\"@type\":\"WebSite\",\"@id\":\"https:\\\/\\\/www.malinashop.lt\\\/#website\",\"url\":\"https:\\\/\\\/www.malinashop.lt\\\/\",\"name\":\"COM Group Ecommerce\",\"description\":\"MalinaShop.lt - Gro\u017eio ir sveikatos produktai i\u0161 patikim\u0173 preki\u0173 \u017eenkl\u0173. Atraskite auk\u0161tos kokyb\u0117s kosmetik\u0105 u\u017e puiki\u0105 kain\u0105.\",\"publisher\":{\"@id\":\"https:\\\/\\\/www.malinashop.lt\\\/#organization\"},\"potentialAction\":[{\"@type\":\"SearchAction\",\"target\":{\"@type\":\"EntryPoint\",\"urlTemplate\":\"https:\\\/\\\/www.malinashop.lt\\\/?s={search_term_string}\"},\"query-input\":{\"@type\":\"PropertyValueSpecification\",\"valueRequired\":true,\"valueName\":\"search_term_string\"}}],\"inLanguage\":\"lt-LT\"},{\"@type\":\"Organization\",\"@id\":\"https:\\\/\\\/www.malinashop.lt\\\/#organization\",\"name\":\"COM Group Ecommerce\",\"url\":\"https:\\\/\\\/www.malinashop.lt\\\/\",\"logo\":{\"@type\":\"ImageObject\",\"inLanguage\":\"lt-LT\",\"@id\":\"https:\\\/\\\/www.malinashop.lt\\\/#\\\/schema\\\/logo\\\/image\\\/\",\"url\":\"https:\\\/\\\/www.malinashop.lt\\\/wp-content\\\/uploads\\\/2024\\\/08\\\/462559670_3787732518133670_9795632669273463_n-e1731525914575.png\",\"contentUrl\":\"https:\\\/\\\/www.malinashop.lt\\\/wp-content\\\/uploads\\\/2024\\\/08\\\/462559670_3787732518133670_9795632669273463_n-e1731525914575.png\",\"width\":180,\"height\":60,\"caption\":\"COM Group Ecommerce\"},\"image\":{\"@id\":\"https:\\\/\\\/www.malinashop.lt\\\/#\\\/schema\\\/logo\\\/image\\\/\"}}]}<\/script>\n<!-- \/ Yoast SEO plugin. -->","yoast_head_json":{"title":"LES PERLES D\u2019ORIENT kvepal\u0173 rinkinys moterims MILKY LOVE EDP 150 ml + du\u0161o gelis 100 ml + kosmetin\u0117 - MalinaShop.lt J\u016bs\u0173 sveikatai ir gro\u017eiui.","description":"LES PERLES D\u2019ORIENT MILKY LOVE \u2013 saldus ir \u0161iltas aromatas su karamele, medumi ir vanile. Rinkinys su kvepalais, du\u0161o geliu ir kosmetine. Pagaminta Italijoje.","robots":{"index":"index","follow":"follow","max-snippet":"max-snippet:-1","max-image-preview":"max-image-preview:large","max-video-preview":"max-video-preview:-1"},"canonical":"https:\/\/www.malinashop.lt\/lt_lt\/shop\/les-perles-dorient-kvepalu-rinkinys-moterims-milky-love-edp-150-ml-duso-gelis-100-ml-kosmetine\/","og_locale":"lt_LT","og_type":"article","og_title":"LES PERLES D\u2019ORIENT kvepal\u0173 rinkinys moterims MILKY LOVE EDP 150 ml + du\u0161o gelis 100 ml + kosmetin\u0117 - MalinaShop.lt J\u016bs\u0173 sveikatai ir gro\u017eiui.","og_description":"LES PERLES D\u2019ORIENT MILKY LOVE \u2013 saldus ir \u0161iltas aromatas su karamele, medumi ir vanile. Rinkinys su kvepalais, du\u0161o geliu ir kosmetine. Pagaminta Italijoje.","og_url":"https:\/\/www.malinashop.lt\/lt_lt\/shop\/les-perles-dorient-kvepalu-rinkinys-moterims-milky-love-edp-150-ml-duso-gelis-100-ml-kosmetine\/","og_site_name":"MalinaShop.lt J\u016bs\u0173 sveikatai ir gro\u017eiui.","article_modified_time":"2026-02-12T09:38:25+00:00","og_image":[{"width":768,"height":768,"url":"https:\/\/www.malinashop.lt\/wp-content\/uploads\/2025\/11\/LES-PERLES-DORIENT-kvepalu-rinkinys-moterims-MILKY-LOVE-EDP-150-ml-duso-gelis-100-ml-kosmetine.webp","type":"image\/webp"}],"twitter_card":"summary_large_image","schema":{"@context":"https:\/\/schema.org","@graph":[{"@type":"WebPage","@id":"https:\/\/www.malinashop.lt\/shop\/les-perles-dorient-kvepalu-rinkinys-moterims-milky-love-edp-150-ml-duso-gelis-100-ml-kosmetine\/","url":"https:\/\/www.malinashop.lt\/shop\/les-perles-dorient-kvepalu-rinkinys-moterims-milky-love-edp-150-ml-duso-gelis-100-ml-kosmetine\/","name":"LES PERLES D\u2019ORIENT kvepal\u0173 rinkinys moterims MILKY LOVE EDP 150 ml + du\u0161o gelis 100 ml + kosmetin\u0117 - MalinaShop.lt J\u016bs\u0173 sveikatai ir gro\u017eiui.","isPartOf":{"@id":"https:\/\/www.malinashop.lt\/#website"},"primaryImageOfPage":{"@id":"https:\/\/www.malinashop.lt\/shop\/les-perles-dorient-kvepalu-rinkinys-moterims-milky-love-edp-150-ml-duso-gelis-100-ml-kosmetine\/#primaryimage"},"image":{"@id":"https:\/\/www.malinashop.lt\/shop\/les-perles-dorient-kvepalu-rinkinys-moterims-milky-love-edp-150-ml-duso-gelis-100-ml-kosmetine\/#primaryimage"},"thumbnailUrl":"https:\/\/www.malinashop.lt\/wp-content\/uploads\/2025\/11\/LES-PERLES-DORIENT-kvepalu-rinkinys-moterims-MILKY-LOVE-EDP-150-ml-duso-gelis-100-ml-kosmetine.webp","datePublished":"2025-11-11T16:31:45+00:00","dateModified":"2026-02-12T09:38:25+00:00","description":"LES PERLES D\u2019ORIENT MILKY LOVE \u2013 saldus ir \u0161iltas aromatas su karamele, medumi ir vanile. Rinkinys su kvepalais, du\u0161o geliu ir kosmetine. Pagaminta Italijoje.","breadcrumb":{"@id":"https:\/\/www.malinashop.lt\/shop\/les-perles-dorient-kvepalu-rinkinys-moterims-milky-love-edp-150-ml-duso-gelis-100-ml-kosmetine\/#breadcrumb"},"inLanguage":"lt-LT","potentialAction":[{"@type":"ReadAction","target":["https:\/\/www.malinashop.lt\/shop\/les-perles-dorient-kvepalu-rinkinys-moterims-milky-love-edp-150-ml-duso-gelis-100-ml-kosmetine\/"]}]},{"@type":"ImageObject","inLanguage":"lt-LT","@id":"https:\/\/www.malinashop.lt\/shop\/les-perles-dorient-kvepalu-rinkinys-moterims-milky-love-edp-150-ml-duso-gelis-100-ml-kosmetine\/#primaryimage","url":"https:\/\/www.malinashop.lt\/wp-content\/uploads\/2025\/11\/LES-PERLES-DORIENT-kvepalu-rinkinys-moterims-MILKY-LOVE-EDP-150-ml-duso-gelis-100-ml-kosmetine.webp","contentUrl":"https:\/\/www.malinashop.lt\/wp-content\/uploads\/2025\/11\/LES-PERLES-DORIENT-kvepalu-rinkinys-moterims-MILKY-LOVE-EDP-150-ml-duso-gelis-100-ml-kosmetine.webp","width":768,"height":768},{"@type":"BreadcrumbList","@id":"https:\/\/www.malinashop.lt\/shop\/les-perles-dorient-kvepalu-rinkinys-moterims-milky-love-edp-150-ml-duso-gelis-100-ml-kosmetine\/#breadcrumb","itemListElement":[{"@type":"ListItem","position":1,"name":"Pagrindinis","item":"https:\/\/www.malinashop.lt\/"},{"@type":"ListItem","position":2,"name":"Parduotuv\u0117","item":"https:\/\/www.malinashop.lt\/en\/parduotuve\/"},{"@type":"ListItem","position":3,"name":"LES PERLES D\u2019ORIENT kvepal\u0173 rinkinys moterims MILKY LOVE EDP 150 ml + du\u0161o gelis 100 ml + kosmetin\u0117"}]},{"@type":"WebSite","@id":"https:\/\/www.malinashop.lt\/#website","url":"https:\/\/www.malinashop.lt\/","name":"COM Group Ecommerce","description":"MalinaShop.lt - Gro\u017eio ir sveikatos produktai i\u0161 patikim\u0173 preki\u0173 \u017eenkl\u0173. Atraskite auk\u0161tos kokyb\u0117s kosmetik\u0105 u\u017e puiki\u0105 kain\u0105.","publisher":{"@id":"https:\/\/www.malinashop.lt\/#organization"},"potentialAction":[{"@type":"SearchAction","target":{"@type":"EntryPoint","urlTemplate":"https:\/\/www.malinashop.lt\/?s={search_term_string}"},"query-input":{"@type":"PropertyValueSpecification","valueRequired":true,"valueName":"search_term_string"}}],"inLanguage":"lt-LT"},{"@type":"Organization","@id":"https:\/\/www.malinashop.lt\/#organization","name":"COM Group Ecommerce","url":"https:\/\/www.malinashop.lt\/","logo":{"@type":"ImageObject","inLanguage":"lt-LT","@id":"https:\/\/www.malinashop.lt\/#\/schema\/logo\/image\/","url":"https:\/\/www.malinashop.lt\/wp-content\/uploads\/2024\/08\/462559670_3787732518133670_9795632669273463_n-e1731525914575.png","contentUrl":"https:\/\/www.malinashop.lt\/wp-content\/uploads\/2024\/08\/462559670_3787732518133670_9795632669273463_n-e1731525914575.png","width":180,"height":60,"caption":"COM Group Ecommerce"},"image":{"@id":"https:\/\/www.malinashop.lt\/#\/schema\/logo\/image\/"}}]}},"jetpack_sharing_enabled":true,"_links":{"self":[{"href":"https:\/\/www.malinashop.lt\/lt_lt\/wp-json\/wp\/v2\/product\/61506","targetHints":{"allow":["GET"]}}],"collection":[{"href":"https:\/\/www.malinashop.lt\/lt_lt\/wp-json\/wp\/v2\/product"}],"about":[{"href":"https:\/\/www.malinashop.lt\/lt_lt\/wp-json\/wp\/v2\/types\/product"}],"version-history":[{"count":2,"href":"https:\/\/www.malinashop.lt\/lt_lt\/wp-json\/wp\/v2\/product\/61506\/revisions"}],"predecessor-version":[{"id":61509,"href":"https:\/\/www.malinashop.lt\/lt_lt\/wp-json\/wp\/v2\/product\/61506\/revisions\/61509"}],"wp:featuredmedia":[{"embeddable":true,"href":"https:\/\/www.malinashop.lt\/lt_lt\/wp-json\/wp\/v2\/media\/61507"}],"wp:attachment":[{"href":"https:\/\/www.malinashop.lt\/lt_lt\/wp-json\/wp\/v2\/media?parent=61506"}],"wp:term":[{"taxonomy":"product_brand","embeddable":true,"href":"https:\/\/www.malinashop.lt\/lt_lt\/wp-json\/wp\/v2\/product_brand?post=61506"},{"taxonomy":"product_cat","embeddable":true,"href":"https:\/\/www.malinashop.lt\/lt_lt\/wp-json\/wp\/v2\/product_cat?post=61506"},{"taxonomy":"product_tag","embeddable":true,"href":"https:\/\/www.malinashop.lt\/lt_lt\/wp-json\/wp\/v2\/product_tag?post=61506"}],"curies":[{"name":"wp","href":"https:\/\/api.w.org\/{rel}","templated":true}]}}