{"id":61499,"date":"2025-11-11T19:22:20","date_gmt":"2025-11-11T16:22:20","guid":{"rendered":"https:\/\/malinashop.lt\/?post_type=product&#038;p=61499"},"modified":"2026-02-12T12:38:25","modified_gmt":"2026-02-12T09:38:25","slug":"les-perles-dorient-kvepalu-rinkinys-vyrams-one-essence-edp-150-ml-duso-gelis-100-ml-kosmetine","status":"publish","type":"product","link":"https:\/\/www.malinashop.lt\/lt_lt\/shop\/les-perles-dorient-kvepalu-rinkinys-vyrams-one-essence-edp-150-ml-duso-gelis-100-ml-kosmetine\/","title":{"rendered":"LES PERLES D\u2019ORIENT kvepal\u0173 rinkinys vyrams ONE ESSENCE EDP 150 ml + du\u0161o gelis 100 ml + kosmetin\u0117"},"content":{"rendered":"<p style=\"text-align: center;\" data-start=\"290\" data-end=\"732\"><span style=\"color: #000000;\"><strong data-start=\"290\" data-end=\"325\">LES PERLES D\u2019ORIENT ONE ESSENCE<\/strong> \u2013 tai <strong data-start=\"332\" data-end=\"383\">galingas, dr\u0105sus ir i\u0161rai\u0161kingas aromatas vyrui<\/strong>, kuris vertina stipri\u0105 asmenyb\u0119 ir pasitik\u0117jim\u0105 savimi. \u0160is kvapas sukurtas <strong data-start=\"460\" data-end=\"493\">ambicingam ir s\u0117kmingam vyrui<\/strong>, kuris nebijo i\u0161siskirti ir visada \u017eino savo tiksl\u0105. Kvapas jungia <strong data-start=\"561\" data-end=\"594\">gaivius citrus\u0173 ir m\u0117t\u0173 tonus<\/strong>, <strong data-start=\"596\" data-end=\"629\">a\u0161tr\u0173 cinamono ir ro\u017e\u0117s \u0161ird\u012f<\/strong> bei <strong data-start=\"634\" data-end=\"667\">\u0161ilt\u0105 ambros ir odos pagrind\u0105<\/strong>, sukuriant nepriekai\u0161tingai subalansuot\u0105, vyri\u0161k\u0105 kompozicij\u0105.<\/span><\/p>\n<p style=\"text-align: center;\" data-start=\"734\" data-end=\"751\"><span style=\"color: #000000;\">Rinkin\u012f sudaro:<\/span><\/p>\n<ul style=\"text-align: center;\" data-start=\"752\" data-end=\"1050\">\n<li data-start=\"752\" data-end=\"854\">\n<p data-start=\"754\" data-end=\"854\"><span style=\"color: #000000;\"><strong data-start=\"754\" data-end=\"779\">EDP kvepalai (150 ml)<\/strong> \u2013 intensyvus, ilgam i\u0161liekantis aromatas su a\u0161triu ir \u0161iltu charakteriu.<\/span><\/p>\n<\/li>\n<li data-start=\"855\" data-end=\"954\">\n<p data-start=\"857\" data-end=\"954\"><span style=\"color: #000000;\"><strong data-start=\"857\" data-end=\"880\">Du\u0161o gelis (100 ml)<\/strong> \u2013 suteikia odai gaivumo ir \u0161velnumo, kartu sustiprindamas kvapo efekt\u0105.<\/span><\/p>\n<\/li>\n<li data-start=\"955\" data-end=\"1050\">\n<p data-start=\"957\" data-end=\"1050\"><span style=\"color: #000000;\"><strong data-start=\"957\" data-end=\"970\">Kosmetin\u0117<\/strong> \u2013 stilinga ir prakti\u0161ka, puikiai tinkanti kelion\u0117ms ar kasdieniam naudojimui.<\/span><\/p>\n<\/li>\n<\/ul>\n<p style=\"text-align: center;\" data-start=\"1052\" data-end=\"1072\"><span style=\"color: #000000;\"><strong data-start=\"1052\" data-end=\"1070\">Kvepal\u0173 natos:<\/strong><\/span><\/p>\n<ul style=\"text-align: center;\" data-start=\"1073\" data-end=\"1192\">\n<li data-start=\"1073\" data-end=\"1116\">\n<p data-start=\"1075\" data-end=\"1116\"><span style=\"color: #000000;\"><strong data-start=\"1075\" data-end=\"1096\">Vir\u0161utin\u0117s natos:<\/strong> mandarinai, m\u0117tos<\/span><\/p>\n<\/li>\n<li data-start=\"1117\" data-end=\"1157\">\n<p data-start=\"1119\" data-end=\"1157\"><span style=\"color: #000000;\"><strong data-start=\"1119\" data-end=\"1139\">Vidurin\u0117s natos:<\/strong> cinamonas, ro\u017e\u0117<\/span><\/p>\n<\/li>\n<li data-start=\"1158\" data-end=\"1192\">\n<p data-start=\"1160\" data-end=\"1192\"><span style=\"color: #000000;\"><strong data-start=\"1160\" data-end=\"1179\">Apatin\u0117s natos:<\/strong> ambra, oda<\/span><\/p>\n<\/li>\n<\/ul>\n<p style=\"text-align: center;\" data-start=\"1194\" data-end=\"1430\"><span style=\"color: #000000;\"><strong data-start=\"1194\" data-end=\"1209\">ONE ESSENCE<\/strong> aromatas \u2013 tai <strong data-start=\"1225\" data-end=\"1269\">vyri\u0161kumo, j\u0117gos ir rafinuotumo i\u0161rai\u0161ka<\/strong>. Jis balansuoja tarp gaivumo ir \u0161ilumos, o cinamono ir odos natos suteikia kvapui i\u0161skirtin\u012f magneti\u0161kum\u0105. Tai kvapas, kuris traukia d\u0117mes\u012f ir palieka \u012fsp\u016bd\u012f.<\/span><\/p>\n<p style=\"text-align: center;\" data-start=\"1432\" data-end=\"1671\"><span style=\"color: #000000;\">\u0160is rinkinys priklauso <strong data-start=\"1455\" data-end=\"1508\">naujajai LES PERLES D\u2019ORIENT aliuminio kolekcijai<\/strong>, gars\u0117jan\u010diai <strong data-start=\"1523\" data-end=\"1560\">itali\u0161ku dizainu ir auk\u0161ta kokybe<\/strong>. 150 ml talpos buteliukas \u2013 funkcionalus, modernus ir sukurtas vyrui, vertinan\u010diam ilgaam\u017ei\u0161kum\u0105 bei stili\u0173.<\/span><\/p>\n<p style=\"text-align: center;\" data-start=\"1673\" data-end=\"1699\"><span style=\"color: #000000;\"><strong data-start=\"1673\" data-end=\"1697\">Pagaminta Italijoje.<\/strong><\/span><\/p>\n<p style=\"text-align: center;\" data-start=\"1701\" data-end=\"1731\"><span style=\"color: #000000;\"><strong data-start=\"1701\" data-end=\"1729\">Pagrindiniai privalumai:<\/strong><\/span><\/p>\n<ul data-start=\"1732\" data-end=\"1945\">\n<li style=\"text-align: center;\" data-start=\"1732\" data-end=\"1784\">\n<p data-start=\"1734\" data-end=\"1784\"><span style=\"color: #000000;\">Intensyvus ir ilgai i\u0161liekantis vyri\u0161kas kvapas.<\/span><\/p>\n<\/li>\n<li style=\"text-align: center;\" data-start=\"1785\" data-end=\"1832\">\n<p data-start=\"1787\" data-end=\"1832\"><span style=\"color: #000000;\">Unikalus citrus\u0173, cinamono ir odos derinys.<\/span><\/p>\n<\/li>\n<li style=\"text-align: center;\" data-start=\"1833\" data-end=\"1873\">\n<p data-start=\"1835\" data-end=\"1873\"><span style=\"color: #000000;\">Rinkinys su du\u0161o geliu ir kosmetine.<\/span><\/p>\n<\/li>\n<li style=\"text-align: center;\" data-start=\"1874\" data-end=\"1907\">\n<p data-start=\"1876\" data-end=\"1907\"><span style=\"color: #000000;\">Itali\u0161kas dizainas ir kokyb\u0117.<\/span><\/p>\n<\/li>\n<li data-start=\"1908\" data-end=\"1945\">\n<p style=\"text-align: center;\" data-start=\"1910\" data-end=\"1945\"><span style=\"color: #000000;\">Puiki dovana \u0161iuolaikiniam vyrui.<\/span><\/p>\n<\/li>\n<\/ul>\n","protected":false},"excerpt":{"rendered":"<p>LES PERLES D\u2019ORIENT ONE ESSENCE \u2013 intensyvus, vyri\u0161kas aromatas su mandarin\u0173, cinamono, odos ir ambros natomis.<\/p>\n","protected":false},"featured_media":61500,"template":"","meta":[],"product_brand":[546],"product_cat":[1137,707,547],"product_tag":[1632],"class_list":{"0":"post-61499","1":"product","2":"type-product","3":"status-publish","4":"has-post-thumbnail","6":"product_brand-les-perles-dorient","7":"product_cat-dovanos","8":"product_cat-kvepalai","9":"product_cat-kvepalai-vyrams","10":"product_tag-les-perles-dorient","12":"first","13":"instock","14":"sale","15":"taxable","16":"shipping-taxable","17":"purchasable","18":"product-type-simple"},"yoast_head":"<!-- This site is optimized with the Yoast SEO plugin v27.4 - https:\/\/yoast.com\/product\/yoast-seo-wordpress\/ -->\n<title>LES PERLES D\u2019ORIENT kvepal\u0173 rinkinys vyrams ONE ESSENCE EDP 150 ml + du\u0161o gelis 100 ml + kosmetin\u0117 - MalinaShop.lt J\u016bs\u0173 sveikatai ir gro\u017eiui.<\/title>\n<meta name=\"description\" content=\"LES PERLES D\u2019ORIENT ONE ESSENCE \u2013 intensyvus citrus\u0173, cinamono, odos ir ambros aromato rinkinys vyrams su kvepalais, du\u0161o geliu ir kosmetine. Pagaminta Italijoje.\" \/>\n<meta name=\"robots\" content=\"index, follow, max-snippet:-1, max-image-preview:large, max-video-preview:-1\" \/>\n<link rel=\"canonical\" href=\"https:\/\/www.malinashop.lt\/lt_lt\/shop\/les-perles-dorient-kvepalu-rinkinys-vyrams-one-essence-edp-150-ml-duso-gelis-100-ml-kosmetine\/\" \/>\n<meta property=\"og:locale\" content=\"lt_LT\" \/>\n<meta property=\"og:type\" content=\"article\" \/>\n<meta property=\"og:title\" content=\"LES PERLES D\u2019ORIENT kvepal\u0173 rinkinys vyrams ONE ESSENCE EDP 150 ml + du\u0161o gelis 100 ml + kosmetin\u0117 - MalinaShop.lt J\u016bs\u0173 sveikatai ir gro\u017eiui.\" \/>\n<meta property=\"og:description\" content=\"LES PERLES D\u2019ORIENT ONE ESSENCE \u2013 intensyvus citrus\u0173, cinamono, odos ir ambros aromato rinkinys vyrams su kvepalais, du\u0161o geliu ir kosmetine. Pagaminta Italijoje.\" \/>\n<meta property=\"og:url\" content=\"https:\/\/www.malinashop.lt\/lt_lt\/shop\/les-perles-dorient-kvepalu-rinkinys-vyrams-one-essence-edp-150-ml-duso-gelis-100-ml-kosmetine\/\" \/>\n<meta property=\"og:site_name\" content=\"MalinaShop.lt J\u016bs\u0173 sveikatai ir gro\u017eiui.\" \/>\n<meta property=\"article:modified_time\" content=\"2026-02-12T09:38:25+00:00\" \/>\n<meta property=\"og:image\" content=\"https:\/\/www.malinashop.lt\/wp-content\/uploads\/2025\/11\/LES-PERLES-DORIENT-kvepalu-rinkinys-vyrams-ONE-ESSENCE-EDP-150-ml-duso-gelis-100-ml-kosmetine.webp\" \/>\n\t<meta property=\"og:image:width\" content=\"768\" \/>\n\t<meta property=\"og:image:height\" content=\"768\" \/>\n\t<meta property=\"og:image:type\" content=\"image\/webp\" \/>\n<meta name=\"twitter:card\" content=\"summary_large_image\" \/>\n<script type=\"application\/ld+json\" class=\"yoast-schema-graph\">{\"@context\":\"https:\\\/\\\/schema.org\",\"@graph\":[{\"@type\":\"WebPage\",\"@id\":\"https:\\\/\\\/www.malinashop.lt\\\/lt_lt\\\/shop\\\/les-perles-dorient-kvepalu-rinkinys-vyrams-one-essence-edp-150-ml-duso-gelis-100-ml-kosmetine\\\/\",\"url\":\"https:\\\/\\\/www.malinashop.lt\\\/lt_lt\\\/shop\\\/les-perles-dorient-kvepalu-rinkinys-vyrams-one-essence-edp-150-ml-duso-gelis-100-ml-kosmetine\\\/\",\"name\":\"LES PERLES D\u2019ORIENT kvepal\u0173 rinkinys vyrams ONE ESSENCE EDP 150 ml + du\u0161o gelis 100 ml + kosmetin\u0117 - MalinaShop.lt J\u016bs\u0173 sveikatai ir gro\u017eiui.\",\"isPartOf\":{\"@id\":\"https:\\\/\\\/www.malinashop.lt\\\/#website\"},\"primaryImageOfPage\":{\"@id\":\"https:\\\/\\\/www.malinashop.lt\\\/lt_lt\\\/shop\\\/les-perles-dorient-kvepalu-rinkinys-vyrams-one-essence-edp-150-ml-duso-gelis-100-ml-kosmetine\\\/#primaryimage\"},\"image\":{\"@id\":\"https:\\\/\\\/www.malinashop.lt\\\/lt_lt\\\/shop\\\/les-perles-dorient-kvepalu-rinkinys-vyrams-one-essence-edp-150-ml-duso-gelis-100-ml-kosmetine\\\/#primaryimage\"},\"thumbnailUrl\":\"https:\\\/\\\/www.malinashop.lt\\\/wp-content\\\/uploads\\\/2025\\\/11\\\/LES-PERLES-DORIENT-kvepalu-rinkinys-vyrams-ONE-ESSENCE-EDP-150-ml-duso-gelis-100-ml-kosmetine.webp\",\"datePublished\":\"2025-11-11T16:22:20+00:00\",\"dateModified\":\"2026-02-12T09:38:25+00:00\",\"description\":\"LES PERLES D\u2019ORIENT ONE ESSENCE \u2013 intensyvus citrus\u0173, cinamono, odos ir ambros aromato rinkinys vyrams su kvepalais, du\u0161o geliu ir kosmetine. Pagaminta Italijoje.\",\"breadcrumb\":{\"@id\":\"https:\\\/\\\/www.malinashop.lt\\\/lt_lt\\\/shop\\\/les-perles-dorient-kvepalu-rinkinys-vyrams-one-essence-edp-150-ml-duso-gelis-100-ml-kosmetine\\\/#breadcrumb\"},\"inLanguage\":\"lt-LT\",\"potentialAction\":[{\"@type\":\"ReadAction\",\"target\":[\"https:\\\/\\\/www.malinashop.lt\\\/lt_lt\\\/shop\\\/les-perles-dorient-kvepalu-rinkinys-vyrams-one-essence-edp-150-ml-duso-gelis-100-ml-kosmetine\\\/\"]}]},{\"@type\":\"ImageObject\",\"inLanguage\":\"lt-LT\",\"@id\":\"https:\\\/\\\/www.malinashop.lt\\\/lt_lt\\\/shop\\\/les-perles-dorient-kvepalu-rinkinys-vyrams-one-essence-edp-150-ml-duso-gelis-100-ml-kosmetine\\\/#primaryimage\",\"url\":\"https:\\\/\\\/www.malinashop.lt\\\/wp-content\\\/uploads\\\/2025\\\/11\\\/LES-PERLES-DORIENT-kvepalu-rinkinys-vyrams-ONE-ESSENCE-EDP-150-ml-duso-gelis-100-ml-kosmetine.webp\",\"contentUrl\":\"https:\\\/\\\/www.malinashop.lt\\\/wp-content\\\/uploads\\\/2025\\\/11\\\/LES-PERLES-DORIENT-kvepalu-rinkinys-vyrams-ONE-ESSENCE-EDP-150-ml-duso-gelis-100-ml-kosmetine.webp\",\"width\":768,\"height\":768},{\"@type\":\"BreadcrumbList\",\"@id\":\"https:\\\/\\\/www.malinashop.lt\\\/lt_lt\\\/shop\\\/les-perles-dorient-kvepalu-rinkinys-vyrams-one-essence-edp-150-ml-duso-gelis-100-ml-kosmetine\\\/#breadcrumb\",\"itemListElement\":[{\"@type\":\"ListItem\",\"position\":1,\"name\":\"Pagrindinis\",\"item\":\"https:\\\/\\\/www.malinashop.lt\\\/\"},{\"@type\":\"ListItem\",\"position\":2,\"name\":\"Parduotuv\u0117\",\"item\":\"https:\\\/\\\/www.malinashop.lt\\\/en\\\/parduotuve\\\/\"},{\"@type\":\"ListItem\",\"position\":3,\"name\":\"LES PERLES D\u2019ORIENT kvepal\u0173 rinkinys vyrams ONE ESSENCE EDP 150 ml + du\u0161o gelis 100 ml + kosmetin\u0117\"}]},{\"@type\":\"WebSite\",\"@id\":\"https:\\\/\\\/www.malinashop.lt\\\/#website\",\"url\":\"https:\\\/\\\/www.malinashop.lt\\\/\",\"name\":\"COM Group Ecommerce\",\"description\":\"MalinaShop.lt - Gro\u017eio ir sveikatos produktai i\u0161 patikim\u0173 preki\u0173 \u017eenkl\u0173. Atraskite auk\u0161tos kokyb\u0117s kosmetik\u0105 u\u017e puiki\u0105 kain\u0105.\",\"publisher\":{\"@id\":\"https:\\\/\\\/www.malinashop.lt\\\/#organization\"},\"potentialAction\":[{\"@type\":\"SearchAction\",\"target\":{\"@type\":\"EntryPoint\",\"urlTemplate\":\"https:\\\/\\\/www.malinashop.lt\\\/?s={search_term_string}\"},\"query-input\":{\"@type\":\"PropertyValueSpecification\",\"valueRequired\":true,\"valueName\":\"search_term_string\"}}],\"inLanguage\":\"lt-LT\"},{\"@type\":\"Organization\",\"@id\":\"https:\\\/\\\/www.malinashop.lt\\\/#organization\",\"name\":\"COM Group Ecommerce\",\"url\":\"https:\\\/\\\/www.malinashop.lt\\\/\",\"logo\":{\"@type\":\"ImageObject\",\"inLanguage\":\"lt-LT\",\"@id\":\"https:\\\/\\\/www.malinashop.lt\\\/#\\\/schema\\\/logo\\\/image\\\/\",\"url\":\"https:\\\/\\\/www.malinashop.lt\\\/wp-content\\\/uploads\\\/2024\\\/08\\\/462559670_3787732518133670_9795632669273463_n-e1731525914575.png\",\"contentUrl\":\"https:\\\/\\\/www.malinashop.lt\\\/wp-content\\\/uploads\\\/2024\\\/08\\\/462559670_3787732518133670_9795632669273463_n-e1731525914575.png\",\"width\":180,\"height\":60,\"caption\":\"COM Group Ecommerce\"},\"image\":{\"@id\":\"https:\\\/\\\/www.malinashop.lt\\\/#\\\/schema\\\/logo\\\/image\\\/\"}}]}<\/script>\n<!-- \/ Yoast SEO plugin. -->","yoast_head_json":{"title":"LES PERLES D\u2019ORIENT kvepal\u0173 rinkinys vyrams ONE ESSENCE EDP 150 ml + du\u0161o gelis 100 ml + kosmetin\u0117 - MalinaShop.lt J\u016bs\u0173 sveikatai ir gro\u017eiui.","description":"LES PERLES D\u2019ORIENT ONE ESSENCE \u2013 intensyvus citrus\u0173, cinamono, odos ir ambros aromato rinkinys vyrams su kvepalais, du\u0161o geliu ir kosmetine. Pagaminta Italijoje.","robots":{"index":"index","follow":"follow","max-snippet":"max-snippet:-1","max-image-preview":"max-image-preview:large","max-video-preview":"max-video-preview:-1"},"canonical":"https:\/\/www.malinashop.lt\/lt_lt\/shop\/les-perles-dorient-kvepalu-rinkinys-vyrams-one-essence-edp-150-ml-duso-gelis-100-ml-kosmetine\/","og_locale":"lt_LT","og_type":"article","og_title":"LES PERLES D\u2019ORIENT kvepal\u0173 rinkinys vyrams ONE ESSENCE EDP 150 ml + du\u0161o gelis 100 ml + kosmetin\u0117 - MalinaShop.lt J\u016bs\u0173 sveikatai ir gro\u017eiui.","og_description":"LES PERLES D\u2019ORIENT ONE ESSENCE \u2013 intensyvus citrus\u0173, cinamono, odos ir ambros aromato rinkinys vyrams su kvepalais, du\u0161o geliu ir kosmetine. Pagaminta Italijoje.","og_url":"https:\/\/www.malinashop.lt\/lt_lt\/shop\/les-perles-dorient-kvepalu-rinkinys-vyrams-one-essence-edp-150-ml-duso-gelis-100-ml-kosmetine\/","og_site_name":"MalinaShop.lt J\u016bs\u0173 sveikatai ir gro\u017eiui.","article_modified_time":"2026-02-12T09:38:25+00:00","og_image":[{"width":768,"height":768,"url":"https:\/\/www.malinashop.lt\/wp-content\/uploads\/2025\/11\/LES-PERLES-DORIENT-kvepalu-rinkinys-vyrams-ONE-ESSENCE-EDP-150-ml-duso-gelis-100-ml-kosmetine.webp","type":"image\/webp"}],"twitter_card":"summary_large_image","schema":{"@context":"https:\/\/schema.org","@graph":[{"@type":"WebPage","@id":"https:\/\/www.malinashop.lt\/lt_lt\/shop\/les-perles-dorient-kvepalu-rinkinys-vyrams-one-essence-edp-150-ml-duso-gelis-100-ml-kosmetine\/","url":"https:\/\/www.malinashop.lt\/lt_lt\/shop\/les-perles-dorient-kvepalu-rinkinys-vyrams-one-essence-edp-150-ml-duso-gelis-100-ml-kosmetine\/","name":"LES PERLES D\u2019ORIENT kvepal\u0173 rinkinys vyrams ONE ESSENCE EDP 150 ml + du\u0161o gelis 100 ml + kosmetin\u0117 - MalinaShop.lt J\u016bs\u0173 sveikatai ir gro\u017eiui.","isPartOf":{"@id":"https:\/\/www.malinashop.lt\/#website"},"primaryImageOfPage":{"@id":"https:\/\/www.malinashop.lt\/lt_lt\/shop\/les-perles-dorient-kvepalu-rinkinys-vyrams-one-essence-edp-150-ml-duso-gelis-100-ml-kosmetine\/#primaryimage"},"image":{"@id":"https:\/\/www.malinashop.lt\/lt_lt\/shop\/les-perles-dorient-kvepalu-rinkinys-vyrams-one-essence-edp-150-ml-duso-gelis-100-ml-kosmetine\/#primaryimage"},"thumbnailUrl":"https:\/\/www.malinashop.lt\/wp-content\/uploads\/2025\/11\/LES-PERLES-DORIENT-kvepalu-rinkinys-vyrams-ONE-ESSENCE-EDP-150-ml-duso-gelis-100-ml-kosmetine.webp","datePublished":"2025-11-11T16:22:20+00:00","dateModified":"2026-02-12T09:38:25+00:00","description":"LES PERLES D\u2019ORIENT ONE ESSENCE \u2013 intensyvus citrus\u0173, cinamono, odos ir ambros aromato rinkinys vyrams su kvepalais, du\u0161o geliu ir kosmetine. Pagaminta Italijoje.","breadcrumb":{"@id":"https:\/\/www.malinashop.lt\/lt_lt\/shop\/les-perles-dorient-kvepalu-rinkinys-vyrams-one-essence-edp-150-ml-duso-gelis-100-ml-kosmetine\/#breadcrumb"},"inLanguage":"lt-LT","potentialAction":[{"@type":"ReadAction","target":["https:\/\/www.malinashop.lt\/lt_lt\/shop\/les-perles-dorient-kvepalu-rinkinys-vyrams-one-essence-edp-150-ml-duso-gelis-100-ml-kosmetine\/"]}]},{"@type":"ImageObject","inLanguage":"lt-LT","@id":"https:\/\/www.malinashop.lt\/lt_lt\/shop\/les-perles-dorient-kvepalu-rinkinys-vyrams-one-essence-edp-150-ml-duso-gelis-100-ml-kosmetine\/#primaryimage","url":"https:\/\/www.malinashop.lt\/wp-content\/uploads\/2025\/11\/LES-PERLES-DORIENT-kvepalu-rinkinys-vyrams-ONE-ESSENCE-EDP-150-ml-duso-gelis-100-ml-kosmetine.webp","contentUrl":"https:\/\/www.malinashop.lt\/wp-content\/uploads\/2025\/11\/LES-PERLES-DORIENT-kvepalu-rinkinys-vyrams-ONE-ESSENCE-EDP-150-ml-duso-gelis-100-ml-kosmetine.webp","width":768,"height":768},{"@type":"BreadcrumbList","@id":"https:\/\/www.malinashop.lt\/lt_lt\/shop\/les-perles-dorient-kvepalu-rinkinys-vyrams-one-essence-edp-150-ml-duso-gelis-100-ml-kosmetine\/#breadcrumb","itemListElement":[{"@type":"ListItem","position":1,"name":"Pagrindinis","item":"https:\/\/www.malinashop.lt\/"},{"@type":"ListItem","position":2,"name":"Parduotuv\u0117","item":"https:\/\/www.malinashop.lt\/en\/parduotuve\/"},{"@type":"ListItem","position":3,"name":"LES PERLES D\u2019ORIENT kvepal\u0173 rinkinys vyrams ONE ESSENCE EDP 150 ml + du\u0161o gelis 100 ml + kosmetin\u0117"}]},{"@type":"WebSite","@id":"https:\/\/www.malinashop.lt\/#website","url":"https:\/\/www.malinashop.lt\/","name":"COM Group Ecommerce","description":"MalinaShop.lt - Gro\u017eio ir sveikatos produktai i\u0161 patikim\u0173 preki\u0173 \u017eenkl\u0173. Atraskite auk\u0161tos kokyb\u0117s kosmetik\u0105 u\u017e puiki\u0105 kain\u0105.","publisher":{"@id":"https:\/\/www.malinashop.lt\/#organization"},"potentialAction":[{"@type":"SearchAction","target":{"@type":"EntryPoint","urlTemplate":"https:\/\/www.malinashop.lt\/?s={search_term_string}"},"query-input":{"@type":"PropertyValueSpecification","valueRequired":true,"valueName":"search_term_string"}}],"inLanguage":"lt-LT"},{"@type":"Organization","@id":"https:\/\/www.malinashop.lt\/#organization","name":"COM Group Ecommerce","url":"https:\/\/www.malinashop.lt\/","logo":{"@type":"ImageObject","inLanguage":"lt-LT","@id":"https:\/\/www.malinashop.lt\/#\/schema\/logo\/image\/","url":"https:\/\/www.malinashop.lt\/wp-content\/uploads\/2024\/08\/462559670_3787732518133670_9795632669273463_n-e1731525914575.png","contentUrl":"https:\/\/www.malinashop.lt\/wp-content\/uploads\/2024\/08\/462559670_3787732518133670_9795632669273463_n-e1731525914575.png","width":180,"height":60,"caption":"COM Group Ecommerce"},"image":{"@id":"https:\/\/www.malinashop.lt\/#\/schema\/logo\/image\/"}}]}},"jetpack_sharing_enabled":true,"_links":{"self":[{"href":"https:\/\/www.malinashop.lt\/lt_lt\/wp-json\/wp\/v2\/product\/61499","targetHints":{"allow":["GET"]}}],"collection":[{"href":"https:\/\/www.malinashop.lt\/lt_lt\/wp-json\/wp\/v2\/product"}],"about":[{"href":"https:\/\/www.malinashop.lt\/lt_lt\/wp-json\/wp\/v2\/types\/product"}],"version-history":[{"count":1,"href":"https:\/\/www.malinashop.lt\/lt_lt\/wp-json\/wp\/v2\/product\/61499\/revisions"}],"predecessor-version":[{"id":61501,"href":"https:\/\/www.malinashop.lt\/lt_lt\/wp-json\/wp\/v2\/product\/61499\/revisions\/61501"}],"wp:featuredmedia":[{"embeddable":true,"href":"https:\/\/www.malinashop.lt\/lt_lt\/wp-json\/wp\/v2\/media\/61500"}],"wp:attachment":[{"href":"https:\/\/www.malinashop.lt\/lt_lt\/wp-json\/wp\/v2\/media?parent=61499"}],"wp:term":[{"taxonomy":"product_brand","embeddable":true,"href":"https:\/\/www.malinashop.lt\/lt_lt\/wp-json\/wp\/v2\/product_brand?post=61499"},{"taxonomy":"product_cat","embeddable":true,"href":"https:\/\/www.malinashop.lt\/lt_lt\/wp-json\/wp\/v2\/product_cat?post=61499"},{"taxonomy":"product_tag","embeddable":true,"href":"https:\/\/www.malinashop.lt\/lt_lt\/wp-json\/wp\/v2\/product_tag?post=61499"}],"curies":[{"name":"wp","href":"https:\/\/api.w.org\/{rel}","templated":true}]}}