{"id":61496,"date":"2025-11-11T19:20:31","date_gmt":"2025-11-11T16:20:31","guid":{"rendered":"https:\/\/malinashop.lt\/?post_type=product&#038;p=61496"},"modified":"2026-02-12T12:38:26","modified_gmt":"2026-02-12T09:38:26","slug":"les-perles-dorient-kvepalu-rinkinys-moterims-fleur-absolu-edp-150-ml-duso-gelis-100-ml-kosmetine","status":"publish","type":"product","link":"https:\/\/www.malinashop.lt\/lt_lt\/shop\/les-perles-dorient-kvepalu-rinkinys-moterims-fleur-absolu-edp-150-ml-duso-gelis-100-ml-kosmetine\/","title":{"rendered":"LES PERLES D\u2019ORIENT kvepal\u0173 rinkinys moterims FLEUR ABSOLU EDP 150 ml + du\u0161o gelis 100 ml + kosmetin\u0117"},"content":{"rendered":"<p style=\"text-align: center;\" data-start=\"304\" data-end=\"680\"><span style=\"color: #000000;\"><strong data-start=\"304\" data-end=\"340\">LES PERLES D\u2019ORIENT FLEUR ABSOLU<\/strong> \u2013 tai <strong data-start=\"347\" data-end=\"391\">kerintis ir jausmingas aromatas moteriai<\/strong>, kuri vertina subtilum\u0105, elegancij\u0105 ir nat\u016bral\u0173 \u017eaves\u012f. \u0160is rinkinys apgaubia Damasko ro\u017e\u0117s ir gardenijos \u0161velnumu, kur\u012f sustiprina muskuso \u0161irdis ir vetiverijos bei kedro medienos gilumas. Tai aromatas, kuris <strong data-start=\"602\" data-end=\"640\">tarsi am\u017einai \u017eydintis g\u0117li\u0173 sodas<\/strong> \u2013 \u0161iltas, romanti\u0161kas ir i\u0161liekantis.<\/span><\/p>\n<p style=\"text-align: center;\" data-start=\"682\" data-end=\"699\"><span style=\"color: #000000;\">Rinkin\u012f sudaro:<\/span><\/p>\n<ul style=\"text-align: center;\" data-start=\"700\" data-end=\"982\">\n<li data-start=\"700\" data-end=\"808\">\n<p data-start=\"702\" data-end=\"808\"><span style=\"color: #000000;\"><strong data-start=\"702\" data-end=\"727\">EDP kvepalai (150 ml)<\/strong> \u2013 g\u0117li\u0173 ir medienos derinys, skleid\u017eiantis moteri\u0161k\u0105 \u0161velnum\u0105 ir pasitik\u0117jim\u0105.<\/span><\/p>\n<\/li>\n<li data-start=\"809\" data-end=\"912\">\n<p data-start=\"811\" data-end=\"912\"><span style=\"color: #000000;\"><strong data-start=\"811\" data-end=\"834\">Du\u0161o gelis (100 ml)<\/strong> \u2013 \u0161velniai valo ir dr\u0117kina od\u0105, suteikdamas jai \u0161io aromato subtil\u0173 \u0161leif\u0105.<\/span><\/p>\n<\/li>\n<li data-start=\"913\" data-end=\"982\">\n<p data-start=\"915\" data-end=\"982\"><span style=\"color: #000000;\"><strong data-start=\"915\" data-end=\"928\">Kosmetin\u0117<\/strong> \u2013 eleganti\u0161kas priedas j\u016bs\u0173 kasdienai ar kelion\u0117ms.<\/span><\/p>\n<\/li>\n<\/ul>\n<p style=\"text-align: center;\" data-start=\"984\" data-end=\"1004\"><span style=\"color: #000000;\"><strong data-start=\"984\" data-end=\"1002\">Kvepal\u0173 natos:<\/strong><\/span><\/p>\n<ul style=\"text-align: center;\" data-start=\"1005\" data-end=\"1158\">\n<li data-start=\"1005\" data-end=\"1056\">\n<p data-start=\"1007\" data-end=\"1056\"><span style=\"color: #000000;\"><strong data-start=\"1007\" data-end=\"1028\">Vir\u0161utin\u0117s natos:<\/strong> Damaskin\u0117 ro\u017e\u0117, gardenija<\/span><\/p>\n<\/li>\n<li data-start=\"1057\" data-end=\"1090\">\n<p data-start=\"1059\" data-end=\"1090\"><span style=\"color: #000000;\"><strong data-start=\"1059\" data-end=\"1079\">Vidurin\u0117s natos:<\/strong> muskusas<\/span><\/p>\n<\/li>\n<li data-start=\"1091\" data-end=\"1158\">\n<p data-start=\"1093\" data-end=\"1158\"><span style=\"color: #000000;\"><strong data-start=\"1093\" data-end=\"1115\">Pagrindin\u0117s natos:<\/strong> vetiverija, juodo ir balto kedro mediena<\/span><\/p>\n<\/li>\n<\/ul>\n<p style=\"text-align: center;\" data-start=\"1160\" data-end=\"1400\"><span style=\"color: #000000;\"><strong data-start=\"1160\" data-end=\"1176\">FLEUR ABSOLU<\/strong> aromatas \u2013 tai <strong data-start=\"1192\" data-end=\"1241\">moteri\u0161kumo, prabangos ir nat\u016bralumo simbolis<\/strong>, kuris apgaubia \u0161iluma ir subtilumu. Kvapas spinduliuoja elegancij\u0105 ir i\u0161skirtinum\u0105, tarsi kvapni kelion\u0117 po ro\u017ei\u0173 sod\u0105, apsupt\u0105 medienos ir muskuso \u0161leifo.<\/span><\/p>\n<p style=\"text-align: center;\" data-start=\"1402\" data-end=\"1626\"><span style=\"color: #000000;\">\u0160is rinkinys priklauso <strong data-start=\"1425\" data-end=\"1478\">naujajai LES PERLES D\u2019ORIENT aliuminio kolekcijai<\/strong>, gars\u0117jan\u010diai <strong data-start=\"1493\" data-end=\"1538\">itali\u0161ku dizainu, kokybe ir ilgaam\u017ei\u0161kumu<\/strong>. 150 ml talpos buteliukas \u2013 funkcionalus, prabangus ir idealus kasdieniam naudojimui.<\/span><\/p>\n<p style=\"text-align: center;\" data-start=\"1628\" data-end=\"1654\"><span style=\"color: #000000;\"><strong data-start=\"1628\" data-end=\"1652\">Pagaminta Italijoje.<\/strong><\/span><\/p>\n<p style=\"text-align: center;\" data-start=\"1656\" data-end=\"1686\"><span style=\"color: #000000;\"><strong data-start=\"1656\" data-end=\"1684\">Pagrindiniai privalumai:<\/strong><\/span><\/p>\n<ul data-start=\"1687\" data-end=\"1903\">\n<li style=\"text-align: center;\" data-start=\"1687\" data-end=\"1745\">\n<p data-start=\"1689\" data-end=\"1745\"><span style=\"color: #000000;\">Damasko ro\u017e\u0117s ir muskuso aromatas su medienos \u0161iltumu.<\/span><\/p>\n<\/li>\n<li style=\"text-align: center;\" data-start=\"1746\" data-end=\"1789\">\n<p data-start=\"1748\" data-end=\"1789\"><span style=\"color: #000000;\">Ilgai i\u0161liekantis, eleganti\u0161kas kvapas.<\/span><\/p>\n<\/li>\n<li style=\"text-align: center;\" data-start=\"1790\" data-end=\"1830\">\n<p data-start=\"1792\" data-end=\"1830\"><span style=\"color: #000000;\">Rinkinys su du\u0161o geliu ir kosmetine.<\/span><\/p>\n<\/li>\n<li style=\"text-align: center;\" data-start=\"1831\" data-end=\"1876\">\n<p data-start=\"1833\" data-end=\"1876\"><span style=\"color: #000000;\">I\u0161skirtinis itali\u0161kas dizainas ir kokyb\u0117.<\/span><\/p>\n<\/li>\n<li data-start=\"1877\" data-end=\"1903\">\n<p style=\"text-align: center;\" data-start=\"1879\" data-end=\"1903\"><span style=\"color: #000000;\">Puiki dovana moteriai.<\/span><\/p>\n<\/li>\n<\/ul>\n","protected":false},"excerpt":{"rendered":"<p data-start=\"157\" data-end=\"281\">LES PERLES D\u2019ORIENT FLEUR ABSOLU \u2013 prabangus g\u0117li\u0173 ir medienos aromato rinkinys su Damasko ro\u017ee, muskusu ir kedro natomis.<\/p>\n<h3 data-start=\"284\" data-end=\"304\"><\/h3>\n","protected":false},"featured_media":61497,"template":"","meta":[],"product_brand":[546],"product_cat":[1137,707,545],"product_tag":[1632],"class_list":{"0":"post-61496","1":"product","2":"type-product","3":"status-publish","4":"has-post-thumbnail","6":"product_brand-les-perles-dorient","7":"product_cat-dovanos","8":"product_cat-kvepalai","9":"product_cat-kvepalai-moterims","10":"product_tag-les-perles-dorient","12":"first","13":"instock","14":"sale","15":"taxable","16":"shipping-taxable","17":"purchasable","18":"product-type-simple"},"yoast_head":"<!-- This site is optimized with the Yoast SEO plugin v27.4 - https:\/\/yoast.com\/product\/yoast-seo-wordpress\/ -->\n<title>LES PERLES D\u2019ORIENT kvepal\u0173 rinkinys moterims FLEUR ABSOLU EDP 150 ml + du\u0161o gelis 100 ml + kosmetin\u0117 - MalinaShop.lt J\u016bs\u0173 sveikatai ir gro\u017eiui.<\/title>\n<meta name=\"description\" content=\"LES PERLES D\u2019ORIENT FLEUR ABSOLU \u2013 Damasko ro\u017e\u0117s, muskuso ir kedro aromato rinkinys su kvepalais, du\u0161o geliu ir kosmetine. Pagaminta Italijoje.\" \/>\n<meta name=\"robots\" content=\"index, follow, max-snippet:-1, max-image-preview:large, max-video-preview:-1\" \/>\n<link rel=\"canonical\" href=\"https:\/\/www.malinashop.lt\/lt_lt\/shop\/les-perles-dorient-kvepalu-rinkinys-moterims-fleur-absolu-edp-150-ml-duso-gelis-100-ml-kosmetine\/\" \/>\n<meta property=\"og:locale\" content=\"lt_LT\" \/>\n<meta property=\"og:type\" content=\"article\" \/>\n<meta property=\"og:title\" content=\"LES PERLES D\u2019ORIENT kvepal\u0173 rinkinys moterims FLEUR ABSOLU EDP 150 ml + du\u0161o gelis 100 ml + kosmetin\u0117 - MalinaShop.lt J\u016bs\u0173 sveikatai ir gro\u017eiui.\" \/>\n<meta property=\"og:description\" content=\"LES PERLES D\u2019ORIENT FLEUR ABSOLU \u2013 Damasko ro\u017e\u0117s, muskuso ir kedro aromato rinkinys su kvepalais, du\u0161o geliu ir kosmetine. Pagaminta Italijoje.\" \/>\n<meta property=\"og:url\" content=\"https:\/\/www.malinashop.lt\/lt_lt\/shop\/les-perles-dorient-kvepalu-rinkinys-moterims-fleur-absolu-edp-150-ml-duso-gelis-100-ml-kosmetine\/\" \/>\n<meta property=\"og:site_name\" content=\"MalinaShop.lt J\u016bs\u0173 sveikatai ir gro\u017eiui.\" \/>\n<meta property=\"article:modified_time\" content=\"2026-02-12T09:38:26+00:00\" \/>\n<meta property=\"og:image\" content=\"https:\/\/www.malinashop.lt\/wp-content\/uploads\/2025\/11\/LES-PERLES-DORIENT-kvepalu-rinkinys-moterims-FLEUR-ABSOLU-EDP-150-ml-duso-gelis-100-ml-kosmetine.webp\" \/>\n\t<meta property=\"og:image:width\" content=\"768\" \/>\n\t<meta property=\"og:image:height\" content=\"768\" \/>\n\t<meta property=\"og:image:type\" content=\"image\/webp\" \/>\n<meta name=\"twitter:card\" content=\"summary_large_image\" \/>\n<script type=\"application\/ld+json\" class=\"yoast-schema-graph\">{\"@context\":\"https:\\\/\\\/schema.org\",\"@graph\":[{\"@type\":\"WebPage\",\"@id\":\"https:\\\/\\\/www.malinashop.lt\\\/shop\\\/les-perles-dorient-kvepalu-rinkinys-moterims-fleur-absolu-edp-150-ml-duso-gelis-100-ml-kosmetine\\\/\",\"url\":\"https:\\\/\\\/www.malinashop.lt\\\/shop\\\/les-perles-dorient-kvepalu-rinkinys-moterims-fleur-absolu-edp-150-ml-duso-gelis-100-ml-kosmetine\\\/\",\"name\":\"LES PERLES D\u2019ORIENT kvepal\u0173 rinkinys moterims FLEUR ABSOLU EDP 150 ml + du\u0161o gelis 100 ml + kosmetin\u0117 - MalinaShop.lt J\u016bs\u0173 sveikatai ir gro\u017eiui.\",\"isPartOf\":{\"@id\":\"https:\\\/\\\/www.malinashop.lt\\\/#website\"},\"primaryImageOfPage\":{\"@id\":\"https:\\\/\\\/www.malinashop.lt\\\/shop\\\/les-perles-dorient-kvepalu-rinkinys-moterims-fleur-absolu-edp-150-ml-duso-gelis-100-ml-kosmetine\\\/#primaryimage\"},\"image\":{\"@id\":\"https:\\\/\\\/www.malinashop.lt\\\/shop\\\/les-perles-dorient-kvepalu-rinkinys-moterims-fleur-absolu-edp-150-ml-duso-gelis-100-ml-kosmetine\\\/#primaryimage\"},\"thumbnailUrl\":\"https:\\\/\\\/www.malinashop.lt\\\/wp-content\\\/uploads\\\/2025\\\/11\\\/LES-PERLES-DORIENT-kvepalu-rinkinys-moterims-FLEUR-ABSOLU-EDP-150-ml-duso-gelis-100-ml-kosmetine.webp\",\"datePublished\":\"2025-11-11T16:20:31+00:00\",\"dateModified\":\"2026-02-12T09:38:26+00:00\",\"description\":\"LES PERLES D\u2019ORIENT FLEUR ABSOLU \u2013 Damasko ro\u017e\u0117s, muskuso ir kedro aromato rinkinys su kvepalais, du\u0161o geliu ir kosmetine. Pagaminta Italijoje.\",\"breadcrumb\":{\"@id\":\"https:\\\/\\\/www.malinashop.lt\\\/shop\\\/les-perles-dorient-kvepalu-rinkinys-moterims-fleur-absolu-edp-150-ml-duso-gelis-100-ml-kosmetine\\\/#breadcrumb\"},\"inLanguage\":\"lt-LT\",\"potentialAction\":[{\"@type\":\"ReadAction\",\"target\":[\"https:\\\/\\\/www.malinashop.lt\\\/shop\\\/les-perles-dorient-kvepalu-rinkinys-moterims-fleur-absolu-edp-150-ml-duso-gelis-100-ml-kosmetine\\\/\"]}]},{\"@type\":\"ImageObject\",\"inLanguage\":\"lt-LT\",\"@id\":\"https:\\\/\\\/www.malinashop.lt\\\/shop\\\/les-perles-dorient-kvepalu-rinkinys-moterims-fleur-absolu-edp-150-ml-duso-gelis-100-ml-kosmetine\\\/#primaryimage\",\"url\":\"https:\\\/\\\/www.malinashop.lt\\\/wp-content\\\/uploads\\\/2025\\\/11\\\/LES-PERLES-DORIENT-kvepalu-rinkinys-moterims-FLEUR-ABSOLU-EDP-150-ml-duso-gelis-100-ml-kosmetine.webp\",\"contentUrl\":\"https:\\\/\\\/www.malinashop.lt\\\/wp-content\\\/uploads\\\/2025\\\/11\\\/LES-PERLES-DORIENT-kvepalu-rinkinys-moterims-FLEUR-ABSOLU-EDP-150-ml-duso-gelis-100-ml-kosmetine.webp\",\"width\":768,\"height\":768},{\"@type\":\"BreadcrumbList\",\"@id\":\"https:\\\/\\\/www.malinashop.lt\\\/shop\\\/les-perles-dorient-kvepalu-rinkinys-moterims-fleur-absolu-edp-150-ml-duso-gelis-100-ml-kosmetine\\\/#breadcrumb\",\"itemListElement\":[{\"@type\":\"ListItem\",\"position\":1,\"name\":\"Pagrindinis\",\"item\":\"https:\\\/\\\/www.malinashop.lt\\\/\"},{\"@type\":\"ListItem\",\"position\":2,\"name\":\"Parduotuv\u0117\",\"item\":\"https:\\\/\\\/www.malinashop.lt\\\/en\\\/parduotuve\\\/\"},{\"@type\":\"ListItem\",\"position\":3,\"name\":\"LES PERLES D\u2019ORIENT kvepal\u0173 rinkinys moterims FLEUR ABSOLU EDP 150 ml + du\u0161o gelis 100 ml + kosmetin\u0117\"}]},{\"@type\":\"WebSite\",\"@id\":\"https:\\\/\\\/www.malinashop.lt\\\/#website\",\"url\":\"https:\\\/\\\/www.malinashop.lt\\\/\",\"name\":\"COM Group Ecommerce\",\"description\":\"MalinaShop.lt - Gro\u017eio ir sveikatos produktai i\u0161 patikim\u0173 preki\u0173 \u017eenkl\u0173. Atraskite auk\u0161tos kokyb\u0117s kosmetik\u0105 u\u017e puiki\u0105 kain\u0105.\",\"publisher\":{\"@id\":\"https:\\\/\\\/www.malinashop.lt\\\/#organization\"},\"potentialAction\":[{\"@type\":\"SearchAction\",\"target\":{\"@type\":\"EntryPoint\",\"urlTemplate\":\"https:\\\/\\\/www.malinashop.lt\\\/?s={search_term_string}\"},\"query-input\":{\"@type\":\"PropertyValueSpecification\",\"valueRequired\":true,\"valueName\":\"search_term_string\"}}],\"inLanguage\":\"lt-LT\"},{\"@type\":\"Organization\",\"@id\":\"https:\\\/\\\/www.malinashop.lt\\\/#organization\",\"name\":\"COM Group Ecommerce\",\"url\":\"https:\\\/\\\/www.malinashop.lt\\\/\",\"logo\":{\"@type\":\"ImageObject\",\"inLanguage\":\"lt-LT\",\"@id\":\"https:\\\/\\\/www.malinashop.lt\\\/#\\\/schema\\\/logo\\\/image\\\/\",\"url\":\"https:\\\/\\\/www.malinashop.lt\\\/wp-content\\\/uploads\\\/2024\\\/08\\\/462559670_3787732518133670_9795632669273463_n-e1731525914575.png\",\"contentUrl\":\"https:\\\/\\\/www.malinashop.lt\\\/wp-content\\\/uploads\\\/2024\\\/08\\\/462559670_3787732518133670_9795632669273463_n-e1731525914575.png\",\"width\":180,\"height\":60,\"caption\":\"COM Group Ecommerce\"},\"image\":{\"@id\":\"https:\\\/\\\/www.malinashop.lt\\\/#\\\/schema\\\/logo\\\/image\\\/\"}}]}<\/script>\n<!-- \/ Yoast SEO plugin. -->","yoast_head_json":{"title":"LES PERLES D\u2019ORIENT kvepal\u0173 rinkinys moterims FLEUR ABSOLU EDP 150 ml + du\u0161o gelis 100 ml + kosmetin\u0117 - MalinaShop.lt J\u016bs\u0173 sveikatai ir gro\u017eiui.","description":"LES PERLES D\u2019ORIENT FLEUR ABSOLU \u2013 Damasko ro\u017e\u0117s, muskuso ir kedro aromato rinkinys su kvepalais, du\u0161o geliu ir kosmetine. Pagaminta Italijoje.","robots":{"index":"index","follow":"follow","max-snippet":"max-snippet:-1","max-image-preview":"max-image-preview:large","max-video-preview":"max-video-preview:-1"},"canonical":"https:\/\/www.malinashop.lt\/lt_lt\/shop\/les-perles-dorient-kvepalu-rinkinys-moterims-fleur-absolu-edp-150-ml-duso-gelis-100-ml-kosmetine\/","og_locale":"lt_LT","og_type":"article","og_title":"LES PERLES D\u2019ORIENT kvepal\u0173 rinkinys moterims FLEUR ABSOLU EDP 150 ml + du\u0161o gelis 100 ml + kosmetin\u0117 - MalinaShop.lt J\u016bs\u0173 sveikatai ir gro\u017eiui.","og_description":"LES PERLES D\u2019ORIENT FLEUR ABSOLU \u2013 Damasko ro\u017e\u0117s, muskuso ir kedro aromato rinkinys su kvepalais, du\u0161o geliu ir kosmetine. Pagaminta Italijoje.","og_url":"https:\/\/www.malinashop.lt\/lt_lt\/shop\/les-perles-dorient-kvepalu-rinkinys-moterims-fleur-absolu-edp-150-ml-duso-gelis-100-ml-kosmetine\/","og_site_name":"MalinaShop.lt J\u016bs\u0173 sveikatai ir gro\u017eiui.","article_modified_time":"2026-02-12T09:38:26+00:00","og_image":[{"width":768,"height":768,"url":"https:\/\/www.malinashop.lt\/wp-content\/uploads\/2025\/11\/LES-PERLES-DORIENT-kvepalu-rinkinys-moterims-FLEUR-ABSOLU-EDP-150-ml-duso-gelis-100-ml-kosmetine.webp","type":"image\/webp"}],"twitter_card":"summary_large_image","schema":{"@context":"https:\/\/schema.org","@graph":[{"@type":"WebPage","@id":"https:\/\/www.malinashop.lt\/shop\/les-perles-dorient-kvepalu-rinkinys-moterims-fleur-absolu-edp-150-ml-duso-gelis-100-ml-kosmetine\/","url":"https:\/\/www.malinashop.lt\/shop\/les-perles-dorient-kvepalu-rinkinys-moterims-fleur-absolu-edp-150-ml-duso-gelis-100-ml-kosmetine\/","name":"LES PERLES D\u2019ORIENT kvepal\u0173 rinkinys moterims FLEUR ABSOLU EDP 150 ml + du\u0161o gelis 100 ml + kosmetin\u0117 - MalinaShop.lt J\u016bs\u0173 sveikatai ir gro\u017eiui.","isPartOf":{"@id":"https:\/\/www.malinashop.lt\/#website"},"primaryImageOfPage":{"@id":"https:\/\/www.malinashop.lt\/shop\/les-perles-dorient-kvepalu-rinkinys-moterims-fleur-absolu-edp-150-ml-duso-gelis-100-ml-kosmetine\/#primaryimage"},"image":{"@id":"https:\/\/www.malinashop.lt\/shop\/les-perles-dorient-kvepalu-rinkinys-moterims-fleur-absolu-edp-150-ml-duso-gelis-100-ml-kosmetine\/#primaryimage"},"thumbnailUrl":"https:\/\/www.malinashop.lt\/wp-content\/uploads\/2025\/11\/LES-PERLES-DORIENT-kvepalu-rinkinys-moterims-FLEUR-ABSOLU-EDP-150-ml-duso-gelis-100-ml-kosmetine.webp","datePublished":"2025-11-11T16:20:31+00:00","dateModified":"2026-02-12T09:38:26+00:00","description":"LES PERLES D\u2019ORIENT FLEUR ABSOLU \u2013 Damasko ro\u017e\u0117s, muskuso ir kedro aromato rinkinys su kvepalais, du\u0161o geliu ir kosmetine. Pagaminta Italijoje.","breadcrumb":{"@id":"https:\/\/www.malinashop.lt\/shop\/les-perles-dorient-kvepalu-rinkinys-moterims-fleur-absolu-edp-150-ml-duso-gelis-100-ml-kosmetine\/#breadcrumb"},"inLanguage":"lt-LT","potentialAction":[{"@type":"ReadAction","target":["https:\/\/www.malinashop.lt\/shop\/les-perles-dorient-kvepalu-rinkinys-moterims-fleur-absolu-edp-150-ml-duso-gelis-100-ml-kosmetine\/"]}]},{"@type":"ImageObject","inLanguage":"lt-LT","@id":"https:\/\/www.malinashop.lt\/shop\/les-perles-dorient-kvepalu-rinkinys-moterims-fleur-absolu-edp-150-ml-duso-gelis-100-ml-kosmetine\/#primaryimage","url":"https:\/\/www.malinashop.lt\/wp-content\/uploads\/2025\/11\/LES-PERLES-DORIENT-kvepalu-rinkinys-moterims-FLEUR-ABSOLU-EDP-150-ml-duso-gelis-100-ml-kosmetine.webp","contentUrl":"https:\/\/www.malinashop.lt\/wp-content\/uploads\/2025\/11\/LES-PERLES-DORIENT-kvepalu-rinkinys-moterims-FLEUR-ABSOLU-EDP-150-ml-duso-gelis-100-ml-kosmetine.webp","width":768,"height":768},{"@type":"BreadcrumbList","@id":"https:\/\/www.malinashop.lt\/shop\/les-perles-dorient-kvepalu-rinkinys-moterims-fleur-absolu-edp-150-ml-duso-gelis-100-ml-kosmetine\/#breadcrumb","itemListElement":[{"@type":"ListItem","position":1,"name":"Pagrindinis","item":"https:\/\/www.malinashop.lt\/"},{"@type":"ListItem","position":2,"name":"Parduotuv\u0117","item":"https:\/\/www.malinashop.lt\/en\/parduotuve\/"},{"@type":"ListItem","position":3,"name":"LES PERLES D\u2019ORIENT kvepal\u0173 rinkinys moterims FLEUR ABSOLU EDP 150 ml + du\u0161o gelis 100 ml + kosmetin\u0117"}]},{"@type":"WebSite","@id":"https:\/\/www.malinashop.lt\/#website","url":"https:\/\/www.malinashop.lt\/","name":"COM Group Ecommerce","description":"MalinaShop.lt - Gro\u017eio ir sveikatos produktai i\u0161 patikim\u0173 preki\u0173 \u017eenkl\u0173. Atraskite auk\u0161tos kokyb\u0117s kosmetik\u0105 u\u017e puiki\u0105 kain\u0105.","publisher":{"@id":"https:\/\/www.malinashop.lt\/#organization"},"potentialAction":[{"@type":"SearchAction","target":{"@type":"EntryPoint","urlTemplate":"https:\/\/www.malinashop.lt\/?s={search_term_string}"},"query-input":{"@type":"PropertyValueSpecification","valueRequired":true,"valueName":"search_term_string"}}],"inLanguage":"lt-LT"},{"@type":"Organization","@id":"https:\/\/www.malinashop.lt\/#organization","name":"COM Group Ecommerce","url":"https:\/\/www.malinashop.lt\/","logo":{"@type":"ImageObject","inLanguage":"lt-LT","@id":"https:\/\/www.malinashop.lt\/#\/schema\/logo\/image\/","url":"https:\/\/www.malinashop.lt\/wp-content\/uploads\/2024\/08\/462559670_3787732518133670_9795632669273463_n-e1731525914575.png","contentUrl":"https:\/\/www.malinashop.lt\/wp-content\/uploads\/2024\/08\/462559670_3787732518133670_9795632669273463_n-e1731525914575.png","width":180,"height":60,"caption":"COM Group Ecommerce"},"image":{"@id":"https:\/\/www.malinashop.lt\/#\/schema\/logo\/image\/"}}]}},"jetpack_sharing_enabled":true,"_links":{"self":[{"href":"https:\/\/www.malinashop.lt\/lt_lt\/wp-json\/wp\/v2\/product\/61496","targetHints":{"allow":["GET"]}}],"collection":[{"href":"https:\/\/www.malinashop.lt\/lt_lt\/wp-json\/wp\/v2\/product"}],"about":[{"href":"https:\/\/www.malinashop.lt\/lt_lt\/wp-json\/wp\/v2\/types\/product"}],"version-history":[{"count":1,"href":"https:\/\/www.malinashop.lt\/lt_lt\/wp-json\/wp\/v2\/product\/61496\/revisions"}],"predecessor-version":[{"id":61498,"href":"https:\/\/www.malinashop.lt\/lt_lt\/wp-json\/wp\/v2\/product\/61496\/revisions\/61498"}],"wp:featuredmedia":[{"embeddable":true,"href":"https:\/\/www.malinashop.lt\/lt_lt\/wp-json\/wp\/v2\/media\/61497"}],"wp:attachment":[{"href":"https:\/\/www.malinashop.lt\/lt_lt\/wp-json\/wp\/v2\/media?parent=61496"}],"wp:term":[{"taxonomy":"product_brand","embeddable":true,"href":"https:\/\/www.malinashop.lt\/lt_lt\/wp-json\/wp\/v2\/product_brand?post=61496"},{"taxonomy":"product_cat","embeddable":true,"href":"https:\/\/www.malinashop.lt\/lt_lt\/wp-json\/wp\/v2\/product_cat?post=61496"},{"taxonomy":"product_tag","embeddable":true,"href":"https:\/\/www.malinashop.lt\/lt_lt\/wp-json\/wp\/v2\/product_tag?post=61496"}],"curies":[{"name":"wp","href":"https:\/\/api.w.org\/{rel}","templated":true}]}}