{"id":61493,"date":"2025-11-11T19:17:59","date_gmt":"2025-11-11T16:17:59","guid":{"rendered":"https:\/\/malinashop.lt\/?post_type=product&#038;p=61493"},"modified":"2026-02-12T12:38:26","modified_gmt":"2026-02-12T09:38:26","slug":"les-perles-dorient-kvepalu-rinkinys-moterims-original-notic-edp-150-ml-duso-gelis-100-ml-kosmetine","status":"publish","type":"product","link":"https:\/\/www.malinashop.lt\/lt_lt\/shop\/les-perles-dorient-kvepalu-rinkinys-moterims-original-notic-edp-150-ml-duso-gelis-100-ml-kosmetine\/","title":{"rendered":"LES PERLES D\u2019ORIENT kvepal\u0173 rinkinys moterims ORIGINAL NOTIC EDP 150 ml + du\u0161o gelis 100 ml + kosmetin\u0117"},"content":{"rendered":"<p style=\"text-align: center;\" data-start=\"305\" data-end=\"616\"><span style=\"color: #000000;\"><strong data-start=\"305\" data-end=\"343\">LES PERLES D\u2019ORIENT ORIGINAL NOTIC<\/strong> \u2013 tai <strong data-start=\"350\" data-end=\"396\">kerintis, jausmingas ir gurmani\u0161kas kvapas<\/strong>, sukurtas moteriai, kuri m\u0117gsta i\u0161siskirti subtiliu saldumu ir \u0161velniu prabangos poj\u016b\u010diu. \u0160is rinkinys leid\u017eia m\u0117gautis ilgai i\u0161liekan\u010diu aromatu, kuris sujungia <strong data-start=\"559\" data-end=\"613\">vaisi\u0173 gaivum\u0105, g\u0117li\u0173 elegancij\u0105 ir vanil\u0117s \u0161ilum\u0105<\/strong>.<\/span><\/p>\n<p style=\"text-align: center;\" data-start=\"618\" data-end=\"635\"><span style=\"color: #000000;\">Rinkin\u012f sudaro:<\/span><\/p>\n<ul style=\"text-align: center;\" data-start=\"636\" data-end=\"930\">\n<li data-start=\"636\" data-end=\"751\">\n<p data-start=\"638\" data-end=\"751\"><span style=\"color: #000000;\"><strong data-start=\"638\" data-end=\"663\">EDP kvepalai (150 ml)<\/strong> \u2013 sodrus, hipnotizuojantis kvapas, kuriame susilieja vaisi\u0173, g\u0117li\u0173 ir medienos natos.<\/span><\/p>\n<\/li>\n<li data-start=\"752\" data-end=\"855\">\n<p data-start=\"754\" data-end=\"855\"><span style=\"color: #000000;\"><strong data-start=\"754\" data-end=\"777\">Du\u0161o gelis (100 ml)<\/strong> \u2013 \u0161velniai valo od\u0105, suteikdamas jai mink\u0161tumo ir palikdamas subtil\u0173 kvap\u0105.<\/span><\/p>\n<\/li>\n<li data-start=\"856\" data-end=\"930\">\n<p data-start=\"858\" data-end=\"930\"><span style=\"color: #000000;\"><strong data-start=\"858\" data-end=\"871\">Kosmetin\u0117<\/strong> \u2013 stilingas ir patogus aksesuaras j\u016bs\u0173 gro\u017eio ritualams.<\/span><\/p>\n<\/li>\n<\/ul>\n<p style=\"text-align: center;\" data-start=\"932\" data-end=\"952\"><span style=\"color: #000000;\"><strong data-start=\"932\" data-end=\"950\">Kvepal\u0173 natos:<\/strong><\/span><\/p>\n<ul style=\"text-align: center;\" data-start=\"953\" data-end=\"1188\">\n<li data-start=\"953\" data-end=\"1004\">\n<p data-start=\"955\" data-end=\"1004\"><span style=\"color: #000000;\"><strong data-start=\"955\" data-end=\"976\">Vir\u0161utin\u0117s natos:<\/strong> kokosas, slyva, abrikosas<\/span><\/p>\n<\/li>\n<li data-start=\"1005\" data-end=\"1098\">\n<p data-start=\"1007\" data-end=\"1098\"><span style=\"color: #000000;\"><strong data-start=\"1007\" data-end=\"1027\">Vidurin\u0117s natos:<\/strong> tuberoza, ro\u017e\u0117, jazminas, kmynai, sl\u0117nio lelija, Brazilijos ro\u017emedis<\/span><\/p>\n<\/li>\n<li data-start=\"1099\" data-end=\"1188\">\n<p data-start=\"1101\" data-end=\"1188\"><span style=\"color: #000000;\"><strong data-start=\"1101\" data-end=\"1120\">Apatin\u0117s natos:<\/strong> vanil\u0117, migdolai, muskusas, sandalmedis, gintaras, medienos natos<\/span><\/p>\n<\/li>\n<\/ul>\n<p style=\"text-align: center;\" data-start=\"1190\" data-end=\"1453\"><span style=\"color: #000000;\"><strong data-start=\"1190\" data-end=\"1208\">ORIGINAL NOTIC<\/strong> aromatas \u2013 tai <strong data-start=\"1224\" data-end=\"1253\">vaisi\u0173 ir g\u0117li\u0173 simfonija<\/strong>, kurioje jau\u010diama tropin\u0117 \u0161iluma, subtilus moteri\u0161kumas ir ilgai i\u0161liekantis kvap\u0173 \u0161leifas. Vanil\u0117s ir gintaro pagrindas suteikia kvapui \u0161velnumo, o kokos\u0173 ir slyv\u0173 natos prideda egzoti\u0161ko saldumo.<\/span><\/p>\n<p style=\"text-align: center;\" data-start=\"1455\" data-end=\"1659\"><span style=\"color: #000000;\">\u0160is rinkinys priklauso <strong data-start=\"1478\" data-end=\"1531\">naujajai LES PERLES D\u2019ORIENT aliuminio kolekcijai<\/strong>, gars\u0117jan\u010diai <strong data-start=\"1546\" data-end=\"1583\">itali\u0161ku dizainu ir auk\u0161ta kokybe<\/strong>. 150 ml talpos aliuminio buteliukas \u2013 prakti\u0161kas, stilingas ir ilgaam\u017eis.<\/span><\/p>\n<p style=\"text-align: center;\" data-start=\"1661\" data-end=\"1687\"><span style=\"color: #000000;\"><strong data-start=\"1661\" data-end=\"1685\">Pagaminta Italijoje.<\/strong><\/span><\/p>\n<p style=\"text-align: center;\" data-start=\"1689\" data-end=\"1719\"><span style=\"color: #000000;\"><strong data-start=\"1689\" data-end=\"1717\">Pagrindiniai privalumai:<\/strong><\/span><\/p>\n<ul data-start=\"1720\" data-end=\"1914\">\n<li style=\"text-align: center;\" data-start=\"1720\" data-end=\"1755\">\n<p data-start=\"1722\" data-end=\"1755\"><span style=\"color: #000000;\">Vaisi\u0173, g\u0117li\u0173 ir vanil\u0117s natos.<\/span><\/p>\n<\/li>\n<li style=\"text-align: center;\" data-start=\"1756\" data-end=\"1800\">\n<p data-start=\"1758\" data-end=\"1800\"><span style=\"color: #000000;\">Ilgai i\u0161liekantis, gurmani\u0161kas aromatas.<\/span><\/p>\n<\/li>\n<li style=\"text-align: center;\" data-start=\"1801\" data-end=\"1851\">\n<p data-start=\"1803\" data-end=\"1851\"><span style=\"color: #000000;\">Prabangus rinkinys su du\u0161o geliu ir kosmetine.<\/span><\/p>\n<\/li>\n<li style=\"text-align: center;\" data-start=\"1852\" data-end=\"1887\">\n<p data-start=\"1854\" data-end=\"1887\"><span style=\"color: #000000;\">I\u0161skirtinis itali\u0161kas dizainas.<\/span><\/p>\n<\/li>\n<li data-start=\"1888\" data-end=\"1914\">\n<p style=\"text-align: center;\" data-start=\"1890\" data-end=\"1914\"><span style=\"color: #000000;\">Puiki dovana moteriai.<\/span><\/p>\n<\/li>\n<\/ul>\n","protected":false},"excerpt":{"rendered":"<p data-start=\"159\" data-end=\"282\">LES PERLES D\u2019ORIENT ORIGINAL NOTIC \u2013 vaisi\u0161kai saldus moteri\u0161kas aromatas su kokoso, vanil\u0117s, gintaro ir muskuso natomis.<\/p>\n<h3 data-start=\"284\" data-end=\"304\"><\/h3>\n","protected":false},"featured_media":61494,"template":"","meta":[],"product_brand":[546],"product_cat":[1137,707,545],"product_tag":[1632],"class_list":{"0":"post-61493","1":"product","2":"type-product","3":"status-publish","4":"has-post-thumbnail","6":"product_brand-les-perles-dorient","7":"product_cat-dovanos","8":"product_cat-kvepalai","9":"product_cat-kvepalai-moterims","10":"product_tag-les-perles-dorient","12":"first","13":"instock","14":"sale","15":"taxable","16":"shipping-taxable","17":"purchasable","18":"product-type-simple"},"yoast_head":"<!-- This site is optimized with the Yoast SEO plugin v27.4 - https:\/\/yoast.com\/product\/yoast-seo-wordpress\/ -->\n<title>LES PERLES D\u2019ORIENT kvepal\u0173 rinkinys moterims ORIGINAL NOTIC EDP 150 ml + du\u0161o gelis 100 ml + kosmetin\u0117 - MalinaShop.lt J\u016bs\u0173 sveikatai ir gro\u017eiui.<\/title>\n<meta name=\"description\" content=\"LES PERLES D\u2019ORIENT ORIGINAL NOTIC \u2013 vaisi\u0173, g\u0117li\u0173 ir vanil\u0117s kvap\u0173 rinkinys moterims su kvepalais, du\u0161o geliu ir kosmetine. Pagaminta Italijoje.\" \/>\n<meta name=\"robots\" content=\"index, follow, max-snippet:-1, max-image-preview:large, max-video-preview:-1\" \/>\n<link rel=\"canonical\" href=\"https:\/\/www.malinashop.lt\/lt_lt\/shop\/les-perles-dorient-kvepalu-rinkinys-moterims-original-notic-edp-150-ml-duso-gelis-100-ml-kosmetine\/\" \/>\n<meta property=\"og:locale\" content=\"lt_LT\" \/>\n<meta property=\"og:type\" content=\"article\" \/>\n<meta property=\"og:title\" content=\"LES PERLES D\u2019ORIENT kvepal\u0173 rinkinys moterims ORIGINAL NOTIC EDP 150 ml + du\u0161o gelis 100 ml + kosmetin\u0117 - MalinaShop.lt J\u016bs\u0173 sveikatai ir gro\u017eiui.\" \/>\n<meta property=\"og:description\" content=\"LES PERLES D\u2019ORIENT ORIGINAL NOTIC \u2013 vaisi\u0173, g\u0117li\u0173 ir vanil\u0117s kvap\u0173 rinkinys moterims su kvepalais, du\u0161o geliu ir kosmetine. Pagaminta Italijoje.\" \/>\n<meta property=\"og:url\" content=\"https:\/\/www.malinashop.lt\/lt_lt\/shop\/les-perles-dorient-kvepalu-rinkinys-moterims-original-notic-edp-150-ml-duso-gelis-100-ml-kosmetine\/\" \/>\n<meta property=\"og:site_name\" content=\"MalinaShop.lt J\u016bs\u0173 sveikatai ir gro\u017eiui.\" \/>\n<meta property=\"article:modified_time\" content=\"2026-02-12T09:38:26+00:00\" \/>\n<meta property=\"og:image\" content=\"https:\/\/www.malinashop.lt\/wp-content\/uploads\/2025\/11\/LES-PERLES-DORIENT-kvepalu-rinkinys-moterims-ORIGINAL-NOTIC-EDP-150-ml-duso-gelis-100-ml-kosmetine.webp\" \/>\n\t<meta property=\"og:image:width\" content=\"768\" \/>\n\t<meta property=\"og:image:height\" content=\"768\" \/>\n\t<meta property=\"og:image:type\" content=\"image\/webp\" \/>\n<meta name=\"twitter:card\" content=\"summary_large_image\" \/>\n<script type=\"application\/ld+json\" class=\"yoast-schema-graph\">{\"@context\":\"https:\\\/\\\/schema.org\",\"@graph\":[{\"@type\":\"WebPage\",\"@id\":\"https:\\\/\\\/www.malinashop.lt\\\/lt_lt\\\/shop\\\/les-perles-dorient-kvepalu-rinkinys-moterims-original-notic-edp-150-ml-duso-gelis-100-ml-kosmetine\\\/\",\"url\":\"https:\\\/\\\/www.malinashop.lt\\\/lt_lt\\\/shop\\\/les-perles-dorient-kvepalu-rinkinys-moterims-original-notic-edp-150-ml-duso-gelis-100-ml-kosmetine\\\/\",\"name\":\"LES PERLES D\u2019ORIENT kvepal\u0173 rinkinys moterims ORIGINAL NOTIC EDP 150 ml + du\u0161o gelis 100 ml + kosmetin\u0117 - MalinaShop.lt J\u016bs\u0173 sveikatai ir gro\u017eiui.\",\"isPartOf\":{\"@id\":\"https:\\\/\\\/www.malinashop.lt\\\/#website\"},\"primaryImageOfPage\":{\"@id\":\"https:\\\/\\\/www.malinashop.lt\\\/lt_lt\\\/shop\\\/les-perles-dorient-kvepalu-rinkinys-moterims-original-notic-edp-150-ml-duso-gelis-100-ml-kosmetine\\\/#primaryimage\"},\"image\":{\"@id\":\"https:\\\/\\\/www.malinashop.lt\\\/lt_lt\\\/shop\\\/les-perles-dorient-kvepalu-rinkinys-moterims-original-notic-edp-150-ml-duso-gelis-100-ml-kosmetine\\\/#primaryimage\"},\"thumbnailUrl\":\"https:\\\/\\\/www.malinashop.lt\\\/wp-content\\\/uploads\\\/2025\\\/11\\\/LES-PERLES-DORIENT-kvepalu-rinkinys-moterims-ORIGINAL-NOTIC-EDP-150-ml-duso-gelis-100-ml-kosmetine.webp\",\"datePublished\":\"2025-11-11T16:17:59+00:00\",\"dateModified\":\"2026-02-12T09:38:26+00:00\",\"description\":\"LES PERLES D\u2019ORIENT ORIGINAL NOTIC \u2013 vaisi\u0173, g\u0117li\u0173 ir vanil\u0117s kvap\u0173 rinkinys moterims su kvepalais, du\u0161o geliu ir kosmetine. Pagaminta Italijoje.\",\"breadcrumb\":{\"@id\":\"https:\\\/\\\/www.malinashop.lt\\\/lt_lt\\\/shop\\\/les-perles-dorient-kvepalu-rinkinys-moterims-original-notic-edp-150-ml-duso-gelis-100-ml-kosmetine\\\/#breadcrumb\"},\"inLanguage\":\"lt-LT\",\"potentialAction\":[{\"@type\":\"ReadAction\",\"target\":[\"https:\\\/\\\/www.malinashop.lt\\\/lt_lt\\\/shop\\\/les-perles-dorient-kvepalu-rinkinys-moterims-original-notic-edp-150-ml-duso-gelis-100-ml-kosmetine\\\/\"]}]},{\"@type\":\"ImageObject\",\"inLanguage\":\"lt-LT\",\"@id\":\"https:\\\/\\\/www.malinashop.lt\\\/lt_lt\\\/shop\\\/les-perles-dorient-kvepalu-rinkinys-moterims-original-notic-edp-150-ml-duso-gelis-100-ml-kosmetine\\\/#primaryimage\",\"url\":\"https:\\\/\\\/www.malinashop.lt\\\/wp-content\\\/uploads\\\/2025\\\/11\\\/LES-PERLES-DORIENT-kvepalu-rinkinys-moterims-ORIGINAL-NOTIC-EDP-150-ml-duso-gelis-100-ml-kosmetine.webp\",\"contentUrl\":\"https:\\\/\\\/www.malinashop.lt\\\/wp-content\\\/uploads\\\/2025\\\/11\\\/LES-PERLES-DORIENT-kvepalu-rinkinys-moterims-ORIGINAL-NOTIC-EDP-150-ml-duso-gelis-100-ml-kosmetine.webp\",\"width\":768,\"height\":768},{\"@type\":\"BreadcrumbList\",\"@id\":\"https:\\\/\\\/www.malinashop.lt\\\/lt_lt\\\/shop\\\/les-perles-dorient-kvepalu-rinkinys-moterims-original-notic-edp-150-ml-duso-gelis-100-ml-kosmetine\\\/#breadcrumb\",\"itemListElement\":[{\"@type\":\"ListItem\",\"position\":1,\"name\":\"Pagrindinis\",\"item\":\"https:\\\/\\\/www.malinashop.lt\\\/\"},{\"@type\":\"ListItem\",\"position\":2,\"name\":\"Parduotuv\u0117\",\"item\":\"https:\\\/\\\/www.malinashop.lt\\\/en\\\/parduotuve\\\/\"},{\"@type\":\"ListItem\",\"position\":3,\"name\":\"LES PERLES D\u2019ORIENT kvepal\u0173 rinkinys moterims ORIGINAL NOTIC EDP 150 ml + du\u0161o gelis 100 ml + kosmetin\u0117\"}]},{\"@type\":\"WebSite\",\"@id\":\"https:\\\/\\\/www.malinashop.lt\\\/#website\",\"url\":\"https:\\\/\\\/www.malinashop.lt\\\/\",\"name\":\"COM Group Ecommerce\",\"description\":\"MalinaShop.lt - Gro\u017eio ir sveikatos produktai i\u0161 patikim\u0173 preki\u0173 \u017eenkl\u0173. Atraskite auk\u0161tos kokyb\u0117s kosmetik\u0105 u\u017e puiki\u0105 kain\u0105.\",\"publisher\":{\"@id\":\"https:\\\/\\\/www.malinashop.lt\\\/#organization\"},\"potentialAction\":[{\"@type\":\"SearchAction\",\"target\":{\"@type\":\"EntryPoint\",\"urlTemplate\":\"https:\\\/\\\/www.malinashop.lt\\\/?s={search_term_string}\"},\"query-input\":{\"@type\":\"PropertyValueSpecification\",\"valueRequired\":true,\"valueName\":\"search_term_string\"}}],\"inLanguage\":\"lt-LT\"},{\"@type\":\"Organization\",\"@id\":\"https:\\\/\\\/www.malinashop.lt\\\/#organization\",\"name\":\"COM Group Ecommerce\",\"url\":\"https:\\\/\\\/www.malinashop.lt\\\/\",\"logo\":{\"@type\":\"ImageObject\",\"inLanguage\":\"lt-LT\",\"@id\":\"https:\\\/\\\/www.malinashop.lt\\\/#\\\/schema\\\/logo\\\/image\\\/\",\"url\":\"https:\\\/\\\/www.malinashop.lt\\\/wp-content\\\/uploads\\\/2024\\\/08\\\/462559670_3787732518133670_9795632669273463_n-e1731525914575.png\",\"contentUrl\":\"https:\\\/\\\/www.malinashop.lt\\\/wp-content\\\/uploads\\\/2024\\\/08\\\/462559670_3787732518133670_9795632669273463_n-e1731525914575.png\",\"width\":180,\"height\":60,\"caption\":\"COM Group Ecommerce\"},\"image\":{\"@id\":\"https:\\\/\\\/www.malinashop.lt\\\/#\\\/schema\\\/logo\\\/image\\\/\"}}]}<\/script>\n<!-- \/ Yoast SEO plugin. -->","yoast_head_json":{"title":"LES PERLES D\u2019ORIENT kvepal\u0173 rinkinys moterims ORIGINAL NOTIC EDP 150 ml + du\u0161o gelis 100 ml + kosmetin\u0117 - MalinaShop.lt J\u016bs\u0173 sveikatai ir gro\u017eiui.","description":"LES PERLES D\u2019ORIENT ORIGINAL NOTIC \u2013 vaisi\u0173, g\u0117li\u0173 ir vanil\u0117s kvap\u0173 rinkinys moterims su kvepalais, du\u0161o geliu ir kosmetine. Pagaminta Italijoje.","robots":{"index":"index","follow":"follow","max-snippet":"max-snippet:-1","max-image-preview":"max-image-preview:large","max-video-preview":"max-video-preview:-1"},"canonical":"https:\/\/www.malinashop.lt\/lt_lt\/shop\/les-perles-dorient-kvepalu-rinkinys-moterims-original-notic-edp-150-ml-duso-gelis-100-ml-kosmetine\/","og_locale":"lt_LT","og_type":"article","og_title":"LES PERLES D\u2019ORIENT kvepal\u0173 rinkinys moterims ORIGINAL NOTIC EDP 150 ml + du\u0161o gelis 100 ml + kosmetin\u0117 - MalinaShop.lt J\u016bs\u0173 sveikatai ir gro\u017eiui.","og_description":"LES PERLES D\u2019ORIENT ORIGINAL NOTIC \u2013 vaisi\u0173, g\u0117li\u0173 ir vanil\u0117s kvap\u0173 rinkinys moterims su kvepalais, du\u0161o geliu ir kosmetine. Pagaminta Italijoje.","og_url":"https:\/\/www.malinashop.lt\/lt_lt\/shop\/les-perles-dorient-kvepalu-rinkinys-moterims-original-notic-edp-150-ml-duso-gelis-100-ml-kosmetine\/","og_site_name":"MalinaShop.lt J\u016bs\u0173 sveikatai ir gro\u017eiui.","article_modified_time":"2026-02-12T09:38:26+00:00","og_image":[{"width":768,"height":768,"url":"https:\/\/www.malinashop.lt\/wp-content\/uploads\/2025\/11\/LES-PERLES-DORIENT-kvepalu-rinkinys-moterims-ORIGINAL-NOTIC-EDP-150-ml-duso-gelis-100-ml-kosmetine.webp","type":"image\/webp"}],"twitter_card":"summary_large_image","schema":{"@context":"https:\/\/schema.org","@graph":[{"@type":"WebPage","@id":"https:\/\/www.malinashop.lt\/lt_lt\/shop\/les-perles-dorient-kvepalu-rinkinys-moterims-original-notic-edp-150-ml-duso-gelis-100-ml-kosmetine\/","url":"https:\/\/www.malinashop.lt\/lt_lt\/shop\/les-perles-dorient-kvepalu-rinkinys-moterims-original-notic-edp-150-ml-duso-gelis-100-ml-kosmetine\/","name":"LES PERLES D\u2019ORIENT kvepal\u0173 rinkinys moterims ORIGINAL NOTIC EDP 150 ml + du\u0161o gelis 100 ml + kosmetin\u0117 - MalinaShop.lt J\u016bs\u0173 sveikatai ir gro\u017eiui.","isPartOf":{"@id":"https:\/\/www.malinashop.lt\/#website"},"primaryImageOfPage":{"@id":"https:\/\/www.malinashop.lt\/lt_lt\/shop\/les-perles-dorient-kvepalu-rinkinys-moterims-original-notic-edp-150-ml-duso-gelis-100-ml-kosmetine\/#primaryimage"},"image":{"@id":"https:\/\/www.malinashop.lt\/lt_lt\/shop\/les-perles-dorient-kvepalu-rinkinys-moterims-original-notic-edp-150-ml-duso-gelis-100-ml-kosmetine\/#primaryimage"},"thumbnailUrl":"https:\/\/www.malinashop.lt\/wp-content\/uploads\/2025\/11\/LES-PERLES-DORIENT-kvepalu-rinkinys-moterims-ORIGINAL-NOTIC-EDP-150-ml-duso-gelis-100-ml-kosmetine.webp","datePublished":"2025-11-11T16:17:59+00:00","dateModified":"2026-02-12T09:38:26+00:00","description":"LES PERLES D\u2019ORIENT ORIGINAL NOTIC \u2013 vaisi\u0173, g\u0117li\u0173 ir vanil\u0117s kvap\u0173 rinkinys moterims su kvepalais, du\u0161o geliu ir kosmetine. Pagaminta Italijoje.","breadcrumb":{"@id":"https:\/\/www.malinashop.lt\/lt_lt\/shop\/les-perles-dorient-kvepalu-rinkinys-moterims-original-notic-edp-150-ml-duso-gelis-100-ml-kosmetine\/#breadcrumb"},"inLanguage":"lt-LT","potentialAction":[{"@type":"ReadAction","target":["https:\/\/www.malinashop.lt\/lt_lt\/shop\/les-perles-dorient-kvepalu-rinkinys-moterims-original-notic-edp-150-ml-duso-gelis-100-ml-kosmetine\/"]}]},{"@type":"ImageObject","inLanguage":"lt-LT","@id":"https:\/\/www.malinashop.lt\/lt_lt\/shop\/les-perles-dorient-kvepalu-rinkinys-moterims-original-notic-edp-150-ml-duso-gelis-100-ml-kosmetine\/#primaryimage","url":"https:\/\/www.malinashop.lt\/wp-content\/uploads\/2025\/11\/LES-PERLES-DORIENT-kvepalu-rinkinys-moterims-ORIGINAL-NOTIC-EDP-150-ml-duso-gelis-100-ml-kosmetine.webp","contentUrl":"https:\/\/www.malinashop.lt\/wp-content\/uploads\/2025\/11\/LES-PERLES-DORIENT-kvepalu-rinkinys-moterims-ORIGINAL-NOTIC-EDP-150-ml-duso-gelis-100-ml-kosmetine.webp","width":768,"height":768},{"@type":"BreadcrumbList","@id":"https:\/\/www.malinashop.lt\/lt_lt\/shop\/les-perles-dorient-kvepalu-rinkinys-moterims-original-notic-edp-150-ml-duso-gelis-100-ml-kosmetine\/#breadcrumb","itemListElement":[{"@type":"ListItem","position":1,"name":"Pagrindinis","item":"https:\/\/www.malinashop.lt\/"},{"@type":"ListItem","position":2,"name":"Parduotuv\u0117","item":"https:\/\/www.malinashop.lt\/en\/parduotuve\/"},{"@type":"ListItem","position":3,"name":"LES PERLES D\u2019ORIENT kvepal\u0173 rinkinys moterims ORIGINAL NOTIC EDP 150 ml + du\u0161o gelis 100 ml + kosmetin\u0117"}]},{"@type":"WebSite","@id":"https:\/\/www.malinashop.lt\/#website","url":"https:\/\/www.malinashop.lt\/","name":"COM Group Ecommerce","description":"MalinaShop.lt - Gro\u017eio ir sveikatos produktai i\u0161 patikim\u0173 preki\u0173 \u017eenkl\u0173. Atraskite auk\u0161tos kokyb\u0117s kosmetik\u0105 u\u017e puiki\u0105 kain\u0105.","publisher":{"@id":"https:\/\/www.malinashop.lt\/#organization"},"potentialAction":[{"@type":"SearchAction","target":{"@type":"EntryPoint","urlTemplate":"https:\/\/www.malinashop.lt\/?s={search_term_string}"},"query-input":{"@type":"PropertyValueSpecification","valueRequired":true,"valueName":"search_term_string"}}],"inLanguage":"lt-LT"},{"@type":"Organization","@id":"https:\/\/www.malinashop.lt\/#organization","name":"COM Group Ecommerce","url":"https:\/\/www.malinashop.lt\/","logo":{"@type":"ImageObject","inLanguage":"lt-LT","@id":"https:\/\/www.malinashop.lt\/#\/schema\/logo\/image\/","url":"https:\/\/www.malinashop.lt\/wp-content\/uploads\/2024\/08\/462559670_3787732518133670_9795632669273463_n-e1731525914575.png","contentUrl":"https:\/\/www.malinashop.lt\/wp-content\/uploads\/2024\/08\/462559670_3787732518133670_9795632669273463_n-e1731525914575.png","width":180,"height":60,"caption":"COM Group Ecommerce"},"image":{"@id":"https:\/\/www.malinashop.lt\/#\/schema\/logo\/image\/"}}]}},"jetpack_sharing_enabled":true,"_links":{"self":[{"href":"https:\/\/www.malinashop.lt\/lt_lt\/wp-json\/wp\/v2\/product\/61493","targetHints":{"allow":["GET"]}}],"collection":[{"href":"https:\/\/www.malinashop.lt\/lt_lt\/wp-json\/wp\/v2\/product"}],"about":[{"href":"https:\/\/www.malinashop.lt\/lt_lt\/wp-json\/wp\/v2\/types\/product"}],"version-history":[{"count":1,"href":"https:\/\/www.malinashop.lt\/lt_lt\/wp-json\/wp\/v2\/product\/61493\/revisions"}],"predecessor-version":[{"id":61495,"href":"https:\/\/www.malinashop.lt\/lt_lt\/wp-json\/wp\/v2\/product\/61493\/revisions\/61495"}],"wp:featuredmedia":[{"embeddable":true,"href":"https:\/\/www.malinashop.lt\/lt_lt\/wp-json\/wp\/v2\/media\/61494"}],"wp:attachment":[{"href":"https:\/\/www.malinashop.lt\/lt_lt\/wp-json\/wp\/v2\/media?parent=61493"}],"wp:term":[{"taxonomy":"product_brand","embeddable":true,"href":"https:\/\/www.malinashop.lt\/lt_lt\/wp-json\/wp\/v2\/product_brand?post=61493"},{"taxonomy":"product_cat","embeddable":true,"href":"https:\/\/www.malinashop.lt\/lt_lt\/wp-json\/wp\/v2\/product_cat?post=61493"},{"taxonomy":"product_tag","embeddable":true,"href":"https:\/\/www.malinashop.lt\/lt_lt\/wp-json\/wp\/v2\/product_tag?post=61493"}],"curies":[{"name":"wp","href":"https:\/\/api.w.org\/{rel}","templated":true}]}}