{"id":61487,"date":"2025-11-11T19:14:57","date_gmt":"2025-11-11T16:14:57","guid":{"rendered":"https:\/\/malinashop.lt\/?post_type=product&#038;p=61487"},"modified":"2026-02-12T12:38:26","modified_gmt":"2026-02-12T09:38:26","slug":"les-perles-dorient-kvepalu-rinkinys-moterims-parfum-de-lune-edp-150-ml-duso-gelis-100-ml-kosmetine","status":"publish","type":"product","link":"https:\/\/www.malinashop.lt\/lt_lt\/shop\/les-perles-dorient-kvepalu-rinkinys-moterims-parfum-de-lune-edp-150-ml-duso-gelis-100-ml-kosmetine\/","title":{"rendered":"LES PERLES D\u2019ORIENT kvepal\u0173 rinkinys moterims PARFUM DE LUNE EDP 150 ml + du\u0161o gelis 100 ml + kosmetin\u0117"},"content":{"rendered":"<p style=\"text-align: center;\" data-start=\"310\" data-end=\"575\"><span style=\"color: #000000;\"><strong data-start=\"310\" data-end=\"348\">LES PERLES D\u2019ORIENT PARFUM DE LUNE<\/strong> \u2013 tai i\u0161skirtinis, subtilus ir moteri\u0161kas aromatas, kuris alsuoja <strong data-start=\"415\" data-end=\"486\">jazmino \u017eied\u0173 grynumu, ka\u0161myro medienos \u0161iluma ir ambros paslaptimi<\/strong>. \u0160is rinkinys sukurtas moteriai, kuri vertina elegancij\u0105, \u0161velnum\u0105 ir nat\u016bral\u0173 \u017eaves\u012f.<\/span><\/p>\n<p style=\"text-align: center;\" data-start=\"577\" data-end=\"594\"><span style=\"color: #000000;\">Rinkin\u012f sudaro:<\/span><\/p>\n<ul style=\"text-align: center;\" data-start=\"595\" data-end=\"905\">\n<li data-start=\"595\" data-end=\"707\">\n<p data-start=\"597\" data-end=\"707\"><span style=\"color: #000000;\"><strong data-start=\"597\" data-end=\"622\">EDP kvepalai (150 ml)<\/strong> \u2013 intensyvus, bet harmoningas kvapas, atskleid\u017eiantis moters \u0161velnum\u0105 ir stipryb\u0119.<\/span><\/p>\n<\/li>\n<li data-start=\"708\" data-end=\"826\">\n<p data-start=\"710\" data-end=\"826\"><span style=\"color: #000000;\"><strong data-start=\"710\" data-end=\"733\">Du\u0161o gelis (100 ml)<\/strong> \u2013 praturtintas tuo pa\u010diu aromatu, jis \u0161velniai valo od\u0105 ir palieka ilgai i\u0161liekant\u012f kvap\u0105.<\/span><\/p>\n<\/li>\n<li data-start=\"827\" data-end=\"905\">\n<p data-start=\"829\" data-end=\"905\"><span style=\"color: #000000;\"><strong data-start=\"829\" data-end=\"842\">Kosmetin\u0117<\/strong> \u2013 stilingas ir prakti\u0161kas aksesuaras kasdienai ar kelion\u0117ms.<\/span><\/p>\n<\/li>\n<\/ul>\n<p style=\"text-align: center;\" data-start=\"907\" data-end=\"927\"><span style=\"color: #000000;\"><strong data-start=\"907\" data-end=\"925\">Kvepal\u0173 natos:<\/strong><\/span><\/p>\n<ul style=\"text-align: center;\" data-start=\"928\" data-end=\"1036\">\n<li data-start=\"928\" data-end=\"962\">\n<p data-start=\"930\" data-end=\"962\"><span style=\"color: #000000;\"><strong data-start=\"930\" data-end=\"951\">Vir\u0161utin\u0117s natos:<\/strong> jazminas<\/span><\/p>\n<\/li>\n<li data-start=\"963\" data-end=\"1003\">\n<p data-start=\"965\" data-end=\"1003\"><span style=\"color: #000000;\"><strong data-start=\"965\" data-end=\"985\">Vidurin\u0117s natos:<\/strong> ka\u0161myro mediena<\/span><\/p>\n<\/li>\n<li data-start=\"1004\" data-end=\"1036\">\n<p data-start=\"1006\" data-end=\"1036\"><span style=\"color: #000000;\"><strong data-start=\"1006\" data-end=\"1028\">Pagrindin\u0117s natos:<\/strong> ambra<\/span><\/p>\n<\/li>\n<\/ul>\n<p style=\"text-align: center;\" data-start=\"1038\" data-end=\"1283\"><span style=\"color: #000000;\"><strong data-start=\"1038\" data-end=\"1056\">PARFUM DE LUNE<\/strong> \u2013 tai kvapas, kuris <strong data-start=\"1077\" data-end=\"1132\">apgaubia moteri\u0161kumu, subtilumu ir rafinuotu \u0161leifu<\/strong>, i\u0161siskirian\u010diu tiek dien\u0105, tiek vakare. Lengvas, ta\u010diau i\u0161liekantis aromatas sukuria jaukumo ir paslaptingumo aur\u0105, pabr\u0117\u017edamas j\u016bs\u0173 individualum\u0105.<\/span><\/p>\n<p style=\"text-align: center;\" data-start=\"1285\" data-end=\"1543\"><span style=\"color: #000000;\">\u0160is rinkinys priklauso <strong data-start=\"1308\" data-end=\"1361\">naujajai LES PERLES D\u2019ORIENT aliuminio kolekcijai<\/strong>, pasi\u017eymin\u010diai <strong data-start=\"1377\" data-end=\"1414\">itali\u0161ku dizainu ir auk\u0161ta kokybe<\/strong>. Buteliukai i\u0161 aliuminio \u2013 ne tik stilingi, bet ir prakti\u0161ki, talpinantys net <strong data-start=\"1493\" data-end=\"1540\">150 ml prabangi\u0173, ilgai i\u0161liekan\u010di\u0173 kvepal\u0173<\/strong>.<\/span><\/p>\n<p style=\"text-align: center;\" data-start=\"1545\" data-end=\"1571\"><span style=\"color: #000000;\"><strong data-start=\"1545\" data-end=\"1569\">Pagaminta Italijoje.<\/strong><\/span><\/p>\n<p style=\"text-align: center;\" data-start=\"1573\" data-end=\"1603\"><span style=\"color: #000000;\"><strong data-start=\"1573\" data-end=\"1601\">Pagrindiniai privalumai:<\/strong><\/span><\/p>\n<ul data-start=\"1604\" data-end=\"1793\">\n<li style=\"text-align: center;\" data-start=\"1604\" data-end=\"1649\">\n<p data-start=\"1606\" data-end=\"1649\"><span style=\"color: #000000;\">G\u0117li\u0173 ir medienos natos su ambros \u0161iluma.<\/span><\/p>\n<\/li>\n<li style=\"text-align: center;\" data-start=\"1650\" data-end=\"1689\">\n<p data-start=\"1652\" data-end=\"1689\"><span style=\"color: #000000;\">Ilgai i\u0161liekantis, subtilus kvapas.<\/span><\/p>\n<\/li>\n<li style=\"text-align: center;\" data-start=\"1690\" data-end=\"1730\">\n<p data-start=\"1692\" data-end=\"1730\"><span style=\"color: #000000;\">Rinkinys su du\u0161o geliu ir kosmetine.<\/span><\/p>\n<\/li>\n<li style=\"text-align: center;\" data-start=\"1731\" data-end=\"1766\">\n<p data-start=\"1733\" data-end=\"1766\"><span style=\"color: #000000;\">I\u0161skirtinis itali\u0161kas dizainas.<\/span><\/p>\n<\/li>\n<li data-start=\"1767\" data-end=\"1793\">\n<p style=\"text-align: center;\" data-start=\"1769\" data-end=\"1793\"><span style=\"color: #000000;\">Puiki dovana moteriai.<\/span><\/p>\n<\/li>\n<\/ul>\n","protected":false},"excerpt":{"rendered":"<p>LES PERLES D\u2019ORIENT PARFUM DE LUNE \u2013 jausmingas g\u0117li\u0173 ir medienos aromato rinkinys su jazminu, ka\u0161myro mediena ir \u0161ilta ambra.<\/p>\n","protected":false},"featured_media":61488,"template":"","meta":[],"product_brand":[546],"product_cat":[1137,707,545],"product_tag":[1632],"class_list":{"0":"post-61487","1":"product","2":"type-product","3":"status-publish","4":"has-post-thumbnail","6":"product_brand-les-perles-dorient","7":"product_cat-dovanos","8":"product_cat-kvepalai","9":"product_cat-kvepalai-moterims","10":"product_tag-les-perles-dorient","12":"first","13":"instock","14":"sale","15":"taxable","16":"shipping-taxable","17":"purchasable","18":"product-type-simple"},"yoast_head":"<!-- This site is optimized with the Yoast SEO plugin v27.4 - https:\/\/yoast.com\/product\/yoast-seo-wordpress\/ -->\n<title>LES PERLES D\u2019ORIENT kvepal\u0173 rinkinys moterims PARFUM DE LUNE EDP 150 ml + du\u0161o gelis 100 ml + kosmetin\u0117 - MalinaShop.lt J\u016bs\u0173 sveikatai ir gro\u017eiui.<\/title>\n<meta name=\"description\" content=\"LES PERLES D\u2019ORIENT PARFUM DE LUNE \u2013 jazmino, ka\u0161myro medienos ir ambros kvap\u0173 rinkinys su kvepalais, du\u0161o geliu ir kosmetine. Pagaminta Italijoje.\" \/>\n<meta name=\"robots\" content=\"index, follow, max-snippet:-1, max-image-preview:large, max-video-preview:-1\" \/>\n<link rel=\"canonical\" href=\"https:\/\/www.malinashop.lt\/lt_lt\/shop\/les-perles-dorient-kvepalu-rinkinys-moterims-parfum-de-lune-edp-150-ml-duso-gelis-100-ml-kosmetine\/\" \/>\n<meta property=\"og:locale\" content=\"lt_LT\" \/>\n<meta property=\"og:type\" content=\"article\" \/>\n<meta property=\"og:title\" content=\"LES PERLES D\u2019ORIENT kvepal\u0173 rinkinys moterims PARFUM DE LUNE EDP 150 ml + du\u0161o gelis 100 ml + kosmetin\u0117 - MalinaShop.lt J\u016bs\u0173 sveikatai ir gro\u017eiui.\" \/>\n<meta property=\"og:description\" content=\"LES PERLES D\u2019ORIENT PARFUM DE LUNE \u2013 jazmino, ka\u0161myro medienos ir ambros kvap\u0173 rinkinys su kvepalais, du\u0161o geliu ir kosmetine. Pagaminta Italijoje.\" \/>\n<meta property=\"og:url\" content=\"https:\/\/www.malinashop.lt\/lt_lt\/shop\/les-perles-dorient-kvepalu-rinkinys-moterims-parfum-de-lune-edp-150-ml-duso-gelis-100-ml-kosmetine\/\" \/>\n<meta property=\"og:site_name\" content=\"MalinaShop.lt J\u016bs\u0173 sveikatai ir gro\u017eiui.\" \/>\n<meta property=\"article:modified_time\" content=\"2026-02-12T09:38:26+00:00\" \/>\n<meta property=\"og:image\" content=\"https:\/\/www.malinashop.lt\/wp-content\/uploads\/2025\/11\/LES-PERLES-DORIENT-kvepalu-rinkinys-moterims-PARFUM-DE-LUNE-EDP-150-ml-duso-gelis-100-ml-kosmetine.webp\" \/>\n\t<meta property=\"og:image:width\" content=\"768\" \/>\n\t<meta property=\"og:image:height\" content=\"768\" \/>\n\t<meta property=\"og:image:type\" content=\"image\/webp\" \/>\n<meta name=\"twitter:card\" content=\"summary_large_image\" \/>\n<script type=\"application\/ld+json\" class=\"yoast-schema-graph\">{\"@context\":\"https:\\\/\\\/schema.org\",\"@graph\":[{\"@type\":\"WebPage\",\"@id\":\"https:\\\/\\\/www.malinashop.lt\\\/shop\\\/les-perles-dorient-kvepalu-rinkinys-moterims-parfum-de-lune-edp-150-ml-duso-gelis-100-ml-kosmetine\\\/\",\"url\":\"https:\\\/\\\/www.malinashop.lt\\\/shop\\\/les-perles-dorient-kvepalu-rinkinys-moterims-parfum-de-lune-edp-150-ml-duso-gelis-100-ml-kosmetine\\\/\",\"name\":\"LES PERLES D\u2019ORIENT kvepal\u0173 rinkinys moterims PARFUM DE LUNE EDP 150 ml + du\u0161o gelis 100 ml + kosmetin\u0117 - MalinaShop.lt J\u016bs\u0173 sveikatai ir gro\u017eiui.\",\"isPartOf\":{\"@id\":\"https:\\\/\\\/www.malinashop.lt\\\/#website\"},\"primaryImageOfPage\":{\"@id\":\"https:\\\/\\\/www.malinashop.lt\\\/shop\\\/les-perles-dorient-kvepalu-rinkinys-moterims-parfum-de-lune-edp-150-ml-duso-gelis-100-ml-kosmetine\\\/#primaryimage\"},\"image\":{\"@id\":\"https:\\\/\\\/www.malinashop.lt\\\/shop\\\/les-perles-dorient-kvepalu-rinkinys-moterims-parfum-de-lune-edp-150-ml-duso-gelis-100-ml-kosmetine\\\/#primaryimage\"},\"thumbnailUrl\":\"https:\\\/\\\/www.malinashop.lt\\\/wp-content\\\/uploads\\\/2025\\\/11\\\/LES-PERLES-DORIENT-kvepalu-rinkinys-moterims-PARFUM-DE-LUNE-EDP-150-ml-duso-gelis-100-ml-kosmetine.webp\",\"datePublished\":\"2025-11-11T16:14:57+00:00\",\"dateModified\":\"2026-02-12T09:38:26+00:00\",\"description\":\"LES PERLES D\u2019ORIENT PARFUM DE LUNE \u2013 jazmino, ka\u0161myro medienos ir ambros kvap\u0173 rinkinys su kvepalais, du\u0161o geliu ir kosmetine. Pagaminta Italijoje.\",\"breadcrumb\":{\"@id\":\"https:\\\/\\\/www.malinashop.lt\\\/shop\\\/les-perles-dorient-kvepalu-rinkinys-moterims-parfum-de-lune-edp-150-ml-duso-gelis-100-ml-kosmetine\\\/#breadcrumb\"},\"inLanguage\":\"lt-LT\",\"potentialAction\":[{\"@type\":\"ReadAction\",\"target\":[\"https:\\\/\\\/www.malinashop.lt\\\/shop\\\/les-perles-dorient-kvepalu-rinkinys-moterims-parfum-de-lune-edp-150-ml-duso-gelis-100-ml-kosmetine\\\/\"]}]},{\"@type\":\"ImageObject\",\"inLanguage\":\"lt-LT\",\"@id\":\"https:\\\/\\\/www.malinashop.lt\\\/shop\\\/les-perles-dorient-kvepalu-rinkinys-moterims-parfum-de-lune-edp-150-ml-duso-gelis-100-ml-kosmetine\\\/#primaryimage\",\"url\":\"https:\\\/\\\/www.malinashop.lt\\\/wp-content\\\/uploads\\\/2025\\\/11\\\/LES-PERLES-DORIENT-kvepalu-rinkinys-moterims-PARFUM-DE-LUNE-EDP-150-ml-duso-gelis-100-ml-kosmetine.webp\",\"contentUrl\":\"https:\\\/\\\/www.malinashop.lt\\\/wp-content\\\/uploads\\\/2025\\\/11\\\/LES-PERLES-DORIENT-kvepalu-rinkinys-moterims-PARFUM-DE-LUNE-EDP-150-ml-duso-gelis-100-ml-kosmetine.webp\",\"width\":768,\"height\":768},{\"@type\":\"BreadcrumbList\",\"@id\":\"https:\\\/\\\/www.malinashop.lt\\\/shop\\\/les-perles-dorient-kvepalu-rinkinys-moterims-parfum-de-lune-edp-150-ml-duso-gelis-100-ml-kosmetine\\\/#breadcrumb\",\"itemListElement\":[{\"@type\":\"ListItem\",\"position\":1,\"name\":\"Pagrindinis\",\"item\":\"https:\\\/\\\/www.malinashop.lt\\\/\"},{\"@type\":\"ListItem\",\"position\":2,\"name\":\"Parduotuv\u0117\",\"item\":\"https:\\\/\\\/www.malinashop.lt\\\/en\\\/parduotuve\\\/\"},{\"@type\":\"ListItem\",\"position\":3,\"name\":\"LES PERLES D\u2019ORIENT kvepal\u0173 rinkinys moterims PARFUM DE LUNE EDP 150 ml + du\u0161o gelis 100 ml + kosmetin\u0117\"}]},{\"@type\":\"WebSite\",\"@id\":\"https:\\\/\\\/www.malinashop.lt\\\/#website\",\"url\":\"https:\\\/\\\/www.malinashop.lt\\\/\",\"name\":\"COM Group Ecommerce\",\"description\":\"MalinaShop.lt - Gro\u017eio ir sveikatos produktai i\u0161 patikim\u0173 preki\u0173 \u017eenkl\u0173. Atraskite auk\u0161tos kokyb\u0117s kosmetik\u0105 u\u017e puiki\u0105 kain\u0105.\",\"publisher\":{\"@id\":\"https:\\\/\\\/www.malinashop.lt\\\/#organization\"},\"potentialAction\":[{\"@type\":\"SearchAction\",\"target\":{\"@type\":\"EntryPoint\",\"urlTemplate\":\"https:\\\/\\\/www.malinashop.lt\\\/?s={search_term_string}\"},\"query-input\":{\"@type\":\"PropertyValueSpecification\",\"valueRequired\":true,\"valueName\":\"search_term_string\"}}],\"inLanguage\":\"lt-LT\"},{\"@type\":\"Organization\",\"@id\":\"https:\\\/\\\/www.malinashop.lt\\\/#organization\",\"name\":\"COM Group Ecommerce\",\"url\":\"https:\\\/\\\/www.malinashop.lt\\\/\",\"logo\":{\"@type\":\"ImageObject\",\"inLanguage\":\"lt-LT\",\"@id\":\"https:\\\/\\\/www.malinashop.lt\\\/#\\\/schema\\\/logo\\\/image\\\/\",\"url\":\"https:\\\/\\\/www.malinashop.lt\\\/wp-content\\\/uploads\\\/2024\\\/08\\\/462559670_3787732518133670_9795632669273463_n-e1731525914575.png\",\"contentUrl\":\"https:\\\/\\\/www.malinashop.lt\\\/wp-content\\\/uploads\\\/2024\\\/08\\\/462559670_3787732518133670_9795632669273463_n-e1731525914575.png\",\"width\":180,\"height\":60,\"caption\":\"COM Group Ecommerce\"},\"image\":{\"@id\":\"https:\\\/\\\/www.malinashop.lt\\\/#\\\/schema\\\/logo\\\/image\\\/\"}}]}<\/script>\n<!-- \/ Yoast SEO plugin. -->","yoast_head_json":{"title":"LES PERLES D\u2019ORIENT kvepal\u0173 rinkinys moterims PARFUM DE LUNE EDP 150 ml + du\u0161o gelis 100 ml + kosmetin\u0117 - MalinaShop.lt J\u016bs\u0173 sveikatai ir gro\u017eiui.","description":"LES PERLES D\u2019ORIENT PARFUM DE LUNE \u2013 jazmino, ka\u0161myro medienos ir ambros kvap\u0173 rinkinys su kvepalais, du\u0161o geliu ir kosmetine. Pagaminta Italijoje.","robots":{"index":"index","follow":"follow","max-snippet":"max-snippet:-1","max-image-preview":"max-image-preview:large","max-video-preview":"max-video-preview:-1"},"canonical":"https:\/\/www.malinashop.lt\/lt_lt\/shop\/les-perles-dorient-kvepalu-rinkinys-moterims-parfum-de-lune-edp-150-ml-duso-gelis-100-ml-kosmetine\/","og_locale":"lt_LT","og_type":"article","og_title":"LES PERLES D\u2019ORIENT kvepal\u0173 rinkinys moterims PARFUM DE LUNE EDP 150 ml + du\u0161o gelis 100 ml + kosmetin\u0117 - MalinaShop.lt J\u016bs\u0173 sveikatai ir gro\u017eiui.","og_description":"LES PERLES D\u2019ORIENT PARFUM DE LUNE \u2013 jazmino, ka\u0161myro medienos ir ambros kvap\u0173 rinkinys su kvepalais, du\u0161o geliu ir kosmetine. Pagaminta Italijoje.","og_url":"https:\/\/www.malinashop.lt\/lt_lt\/shop\/les-perles-dorient-kvepalu-rinkinys-moterims-parfum-de-lune-edp-150-ml-duso-gelis-100-ml-kosmetine\/","og_site_name":"MalinaShop.lt J\u016bs\u0173 sveikatai ir gro\u017eiui.","article_modified_time":"2026-02-12T09:38:26+00:00","og_image":[{"width":768,"height":768,"url":"https:\/\/www.malinashop.lt\/wp-content\/uploads\/2025\/11\/LES-PERLES-DORIENT-kvepalu-rinkinys-moterims-PARFUM-DE-LUNE-EDP-150-ml-duso-gelis-100-ml-kosmetine.webp","type":"image\/webp"}],"twitter_card":"summary_large_image","schema":{"@context":"https:\/\/schema.org","@graph":[{"@type":"WebPage","@id":"https:\/\/www.malinashop.lt\/shop\/les-perles-dorient-kvepalu-rinkinys-moterims-parfum-de-lune-edp-150-ml-duso-gelis-100-ml-kosmetine\/","url":"https:\/\/www.malinashop.lt\/shop\/les-perles-dorient-kvepalu-rinkinys-moterims-parfum-de-lune-edp-150-ml-duso-gelis-100-ml-kosmetine\/","name":"LES PERLES D\u2019ORIENT kvepal\u0173 rinkinys moterims PARFUM DE LUNE EDP 150 ml + du\u0161o gelis 100 ml + kosmetin\u0117 - MalinaShop.lt J\u016bs\u0173 sveikatai ir gro\u017eiui.","isPartOf":{"@id":"https:\/\/www.malinashop.lt\/#website"},"primaryImageOfPage":{"@id":"https:\/\/www.malinashop.lt\/shop\/les-perles-dorient-kvepalu-rinkinys-moterims-parfum-de-lune-edp-150-ml-duso-gelis-100-ml-kosmetine\/#primaryimage"},"image":{"@id":"https:\/\/www.malinashop.lt\/shop\/les-perles-dorient-kvepalu-rinkinys-moterims-parfum-de-lune-edp-150-ml-duso-gelis-100-ml-kosmetine\/#primaryimage"},"thumbnailUrl":"https:\/\/www.malinashop.lt\/wp-content\/uploads\/2025\/11\/LES-PERLES-DORIENT-kvepalu-rinkinys-moterims-PARFUM-DE-LUNE-EDP-150-ml-duso-gelis-100-ml-kosmetine.webp","datePublished":"2025-11-11T16:14:57+00:00","dateModified":"2026-02-12T09:38:26+00:00","description":"LES PERLES D\u2019ORIENT PARFUM DE LUNE \u2013 jazmino, ka\u0161myro medienos ir ambros kvap\u0173 rinkinys su kvepalais, du\u0161o geliu ir kosmetine. Pagaminta Italijoje.","breadcrumb":{"@id":"https:\/\/www.malinashop.lt\/shop\/les-perles-dorient-kvepalu-rinkinys-moterims-parfum-de-lune-edp-150-ml-duso-gelis-100-ml-kosmetine\/#breadcrumb"},"inLanguage":"lt-LT","potentialAction":[{"@type":"ReadAction","target":["https:\/\/www.malinashop.lt\/shop\/les-perles-dorient-kvepalu-rinkinys-moterims-parfum-de-lune-edp-150-ml-duso-gelis-100-ml-kosmetine\/"]}]},{"@type":"ImageObject","inLanguage":"lt-LT","@id":"https:\/\/www.malinashop.lt\/shop\/les-perles-dorient-kvepalu-rinkinys-moterims-parfum-de-lune-edp-150-ml-duso-gelis-100-ml-kosmetine\/#primaryimage","url":"https:\/\/www.malinashop.lt\/wp-content\/uploads\/2025\/11\/LES-PERLES-DORIENT-kvepalu-rinkinys-moterims-PARFUM-DE-LUNE-EDP-150-ml-duso-gelis-100-ml-kosmetine.webp","contentUrl":"https:\/\/www.malinashop.lt\/wp-content\/uploads\/2025\/11\/LES-PERLES-DORIENT-kvepalu-rinkinys-moterims-PARFUM-DE-LUNE-EDP-150-ml-duso-gelis-100-ml-kosmetine.webp","width":768,"height":768},{"@type":"BreadcrumbList","@id":"https:\/\/www.malinashop.lt\/shop\/les-perles-dorient-kvepalu-rinkinys-moterims-parfum-de-lune-edp-150-ml-duso-gelis-100-ml-kosmetine\/#breadcrumb","itemListElement":[{"@type":"ListItem","position":1,"name":"Pagrindinis","item":"https:\/\/www.malinashop.lt\/"},{"@type":"ListItem","position":2,"name":"Parduotuv\u0117","item":"https:\/\/www.malinashop.lt\/en\/parduotuve\/"},{"@type":"ListItem","position":3,"name":"LES PERLES D\u2019ORIENT kvepal\u0173 rinkinys moterims PARFUM DE LUNE EDP 150 ml + du\u0161o gelis 100 ml + kosmetin\u0117"}]},{"@type":"WebSite","@id":"https:\/\/www.malinashop.lt\/#website","url":"https:\/\/www.malinashop.lt\/","name":"COM Group Ecommerce","description":"MalinaShop.lt - Gro\u017eio ir sveikatos produktai i\u0161 patikim\u0173 preki\u0173 \u017eenkl\u0173. Atraskite auk\u0161tos kokyb\u0117s kosmetik\u0105 u\u017e puiki\u0105 kain\u0105.","publisher":{"@id":"https:\/\/www.malinashop.lt\/#organization"},"potentialAction":[{"@type":"SearchAction","target":{"@type":"EntryPoint","urlTemplate":"https:\/\/www.malinashop.lt\/?s={search_term_string}"},"query-input":{"@type":"PropertyValueSpecification","valueRequired":true,"valueName":"search_term_string"}}],"inLanguage":"lt-LT"},{"@type":"Organization","@id":"https:\/\/www.malinashop.lt\/#organization","name":"COM Group Ecommerce","url":"https:\/\/www.malinashop.lt\/","logo":{"@type":"ImageObject","inLanguage":"lt-LT","@id":"https:\/\/www.malinashop.lt\/#\/schema\/logo\/image\/","url":"https:\/\/www.malinashop.lt\/wp-content\/uploads\/2024\/08\/462559670_3787732518133670_9795632669273463_n-e1731525914575.png","contentUrl":"https:\/\/www.malinashop.lt\/wp-content\/uploads\/2024\/08\/462559670_3787732518133670_9795632669273463_n-e1731525914575.png","width":180,"height":60,"caption":"COM Group Ecommerce"},"image":{"@id":"https:\/\/www.malinashop.lt\/#\/schema\/logo\/image\/"}}]}},"jetpack_sharing_enabled":true,"_links":{"self":[{"href":"https:\/\/www.malinashop.lt\/lt_lt\/wp-json\/wp\/v2\/product\/61487","targetHints":{"allow":["GET"]}}],"collection":[{"href":"https:\/\/www.malinashop.lt\/lt_lt\/wp-json\/wp\/v2\/product"}],"about":[{"href":"https:\/\/www.malinashop.lt\/lt_lt\/wp-json\/wp\/v2\/types\/product"}],"version-history":[{"count":1,"href":"https:\/\/www.malinashop.lt\/lt_lt\/wp-json\/wp\/v2\/product\/61487\/revisions"}],"predecessor-version":[{"id":61489,"href":"https:\/\/www.malinashop.lt\/lt_lt\/wp-json\/wp\/v2\/product\/61487\/revisions\/61489"}],"wp:featuredmedia":[{"embeddable":true,"href":"https:\/\/www.malinashop.lt\/lt_lt\/wp-json\/wp\/v2\/media\/61488"}],"wp:attachment":[{"href":"https:\/\/www.malinashop.lt\/lt_lt\/wp-json\/wp\/v2\/media?parent=61487"}],"wp:term":[{"taxonomy":"product_brand","embeddable":true,"href":"https:\/\/www.malinashop.lt\/lt_lt\/wp-json\/wp\/v2\/product_brand?post=61487"},{"taxonomy":"product_cat","embeddable":true,"href":"https:\/\/www.malinashop.lt\/lt_lt\/wp-json\/wp\/v2\/product_cat?post=61487"},{"taxonomy":"product_tag","embeddable":true,"href":"https:\/\/www.malinashop.lt\/lt_lt\/wp-json\/wp\/v2\/product_tag?post=61487"}],"curies":[{"name":"wp","href":"https:\/\/api.w.org\/{rel}","templated":true}]}}