{"id":61484,"date":"2025-11-11T19:10:47","date_gmt":"2025-11-11T16:10:47","guid":{"rendered":"https:\/\/malinashop.lt\/?post_type=product&#038;p=61484"},"modified":"2026-02-12T12:38:27","modified_gmt":"2026-02-12T09:38:27","slug":"les-perles-dorient-kvepalu-rinkinys-cafe-dorient-edp-150-ml-duso-gelis-100-ml-kosmetine","status":"publish","type":"product","link":"https:\/\/www.malinashop.lt\/lt_lt\/shop\/les-perles-dorient-kvepalu-rinkinys-cafe-dorient-edp-150-ml-duso-gelis-100-ml-kosmetine\/","title":{"rendered":"LES PERLES D\u2019ORIENT kvepal\u0173 rinkinys CAFE D\u2019ORIENT EDP 150 ml + du\u0161o gelis 100 ml + kosmetin\u0117"},"content":{"rendered":"<p style=\"text-align: center;\" data-start=\"300\" data-end=\"642\"><span style=\"color: #000000;\"><strong data-start=\"300\" data-end=\"337\">LES PERLES D\u2019ORIENT CAFE D\u2019ORIENT<\/strong> \u2013 tai <strong data-start=\"344\" data-end=\"381\">eleganti\u0161kas ir jausmingas kvapas<\/strong>, sukurtas tiems, kurie vertina intensyvum\u0105, rafinuotum\u0105 ir \u0161ilt\u0105 aromato \u0161leif\u0105. \u0160is prabangus rinkinys jungia <strong data-start=\"493\" data-end=\"518\">kvepalus (EDP 150 ml)<\/strong>, <strong data-start=\"520\" data-end=\"542\">du\u0161o gel\u012f (100 ml)<\/strong> ir <strong data-start=\"546\" data-end=\"559\">kosmetin\u0119<\/strong>, tod\u0117l yra puikus pasirinkimas tiek <strong data-start=\"596\" data-end=\"607\">dovanai<\/strong>, tiek <strong data-start=\"614\" data-end=\"639\">asmeniniam naudojimui<\/strong>.<\/span><\/p>\n<p style=\"text-align: center;\" data-start=\"644\" data-end=\"899\"><span style=\"color: #000000;\">Kvapas atsiskleid\u017eia subtiliomis <strong data-start=\"677\" data-end=\"694\">g\u0117li\u0173 natomis<\/strong>, kurios pereina \u012f i\u0161rai\u0161king\u0105 <strong data-start=\"725\" data-end=\"749\">ro\u017e\u0117s ir kavos duet\u0105<\/strong>. Pagrind\u0105 sustiprina <strong data-start=\"771\" data-end=\"809\">vanil\u0117s, ambros ir baltojo muskuso<\/strong> \u0161iluma \u2013 tai kvapas, kuris ne tik vilioja, bet ir suteikia komforto bei jaukumo poj\u016bt\u012f.<\/span><\/p>\n<p style=\"text-align: center;\" data-start=\"901\" data-end=\"921\"><span style=\"color: #000000;\"><strong data-start=\"901\" data-end=\"919\">Kvepal\u0173 natos:<\/strong><\/span><\/p>\n<ul style=\"text-align: center;\" data-start=\"922\" data-end=\"1037\">\n<li data-start=\"922\" data-end=\"953\">\n<p data-start=\"924\" data-end=\"953\"><span style=\"color: #000000;\"><strong data-start=\"924\" data-end=\"939\">Vir\u0161utin\u0117s:<\/strong> g\u0117li\u0173 natos<\/span><\/p>\n<\/li>\n<li data-start=\"954\" data-end=\"983\">\n<p data-start=\"956\" data-end=\"983\"><span style=\"color: #000000;\"><strong data-start=\"956\" data-end=\"970\">Vidurin\u0117s:<\/strong> ro\u017e\u0117, kava<\/span><\/p>\n<\/li>\n<li data-start=\"984\" data-end=\"1037\">\n<p data-start=\"986\" data-end=\"1037\"><span style=\"color: #000000;\"><strong data-start=\"986\" data-end=\"1002\">Pagrindin\u0117s:<\/strong> vanil\u0117, ambra, baltasis muskusas<\/span><\/p>\n<\/li>\n<\/ul>\n<p style=\"text-align: center;\" data-start=\"1039\" data-end=\"1253\"><span style=\"color: #000000;\">Rinkinys priklauso <strong data-start=\"1058\" data-end=\"1111\">naujajai LES PERLES D\u2019ORIENT aliuminio kolekcijai<\/strong>, i\u0161siskirian\u010diai i\u0161skirtinio dizaino, <strong data-start=\"1150\" data-end=\"1171\">itali\u0161kos kokyb\u0117s<\/strong> buteliukais, talpinan\u010diais net <strong data-start=\"1203\" data-end=\"1213\">150 ml<\/strong> prabangi\u0173, ilgai i\u0161liekan\u010di\u0173 kvepal\u0173.<\/span><\/p>\n<p style=\"text-align: center;\" data-start=\"1255\" data-end=\"1521\"><span style=\"color: #000000;\"><strong data-start=\"1255\" data-end=\"1278\">LES PERLES D\u2019ORIENT<\/strong> kvapai \u2013 tai ne tik aromatas, bet ir <strong data-start=\"1316\" data-end=\"1342\">individualumo i\u0161rai\u0161ka<\/strong>, galinti tapti j\u016bs\u0173 kasdienio stiliaus dalimi. Kolekcijoje gausu <strong data-start=\"1408\" data-end=\"1462\">citrusini\u0173, g\u0117li\u0173, gurmani\u0161k\u0173, medienos ir vanil\u0117s<\/strong> akord\u0173, leid\u017eian\u010di\u0173 kiekvienam atrasti sau artim\u0105 kvap\u0105.<\/span><\/p>\n<p style=\"text-align: center;\" data-start=\"1523\" data-end=\"1549\"><span style=\"color: #000000;\"><strong data-start=\"1523\" data-end=\"1547\">Pagaminta Italijoje.<\/strong><\/span><\/p>\n<p style=\"text-align: center;\" data-start=\"1551\" data-end=\"1572\"><span style=\"color: #000000;\"><strong data-start=\"1551\" data-end=\"1570\">Rinkin\u012f sudaro:<\/strong><\/span><\/p>\n<ul data-start=\"1573\" data-end=\"1654\">\n<li style=\"text-align: center;\" data-start=\"1573\" data-end=\"1616\">\n<p data-start=\"1575\" data-end=\"1616\"><span style=\"color: #000000;\">EDP kvepalai <strong data-start=\"1588\" data-end=\"1605\">CAFE D\u2019ORIENT<\/strong> \u2013 150 ml<\/span><\/p>\n<\/li>\n<li style=\"text-align: center;\" data-start=\"1617\" data-end=\"1640\">\n<p data-start=\"1619\" data-end=\"1640\"><span style=\"color: #000000;\">Du\u0161o gelis \u2013 100 ml<\/span><\/p>\n<\/li>\n<li data-start=\"1641\" data-end=\"1654\">\n<p style=\"text-align: center;\" data-start=\"1643\" data-end=\"1654\"><span style=\"color: #000000;\">Kosmetin\u0117<\/span><\/p>\n<\/li>\n<\/ul>\n","protected":false},"excerpt":{"rendered":"<p>LES PERLES D\u2019ORIENT CAFE D\u2019ORIENT \u2013 prabangus rinkinys su kavos, ro\u017e\u0117s ir vanil\u0117s natomis, apgaubiantis \u0161iluma ir rafinuotumu.<\/p>\n","protected":false},"featured_media":61485,"template":"","meta":[],"product_brand":[546],"product_cat":[1137,707,545],"product_tag":[1632],"class_list":{"0":"post-61484","1":"product","2":"type-product","3":"status-publish","4":"has-post-thumbnail","6":"product_brand-les-perles-dorient","7":"product_cat-dovanos","8":"product_cat-kvepalai","9":"product_cat-kvepalai-moterims","10":"product_tag-les-perles-dorient","12":"first","13":"instock","14":"sale","15":"taxable","16":"shipping-taxable","17":"purchasable","18":"product-type-simple"},"yoast_head":"<!-- This site is optimized with the Yoast SEO plugin v27.4 - https:\/\/yoast.com\/product\/yoast-seo-wordpress\/ -->\n<title>LES PERLES D\u2019ORIENT kvepal\u0173 rinkinys CAFE D\u2019ORIENT EDP 150 ml + du\u0161o gelis 100 ml + kosmetin\u0117 - MalinaShop.lt J\u016bs\u0173 sveikatai ir gro\u017eiui.<\/title>\n<meta name=\"description\" content=\"LES PERLES D\u2019ORIENT CAFE D\u2019ORIENT \u2013 kavos, ro\u017e\u0117s ir vanil\u0117s kvap\u0173 rinkinys su kvepalais, du\u0161o geliu ir kosmetine. Pagaminta Italijoje.\" \/>\n<meta name=\"robots\" content=\"index, follow, max-snippet:-1, max-image-preview:large, max-video-preview:-1\" \/>\n<link rel=\"canonical\" href=\"https:\/\/www.malinashop.lt\/lt_lt\/shop\/les-perles-dorient-kvepalu-rinkinys-cafe-dorient-edp-150-ml-duso-gelis-100-ml-kosmetine\/\" \/>\n<meta property=\"og:locale\" content=\"lt_LT\" \/>\n<meta property=\"og:type\" content=\"article\" \/>\n<meta property=\"og:title\" content=\"LES PERLES D\u2019ORIENT kvepal\u0173 rinkinys CAFE D\u2019ORIENT EDP 150 ml + du\u0161o gelis 100 ml + kosmetin\u0117 - MalinaShop.lt J\u016bs\u0173 sveikatai ir gro\u017eiui.\" \/>\n<meta property=\"og:description\" content=\"LES PERLES D\u2019ORIENT CAFE D\u2019ORIENT \u2013 kavos, ro\u017e\u0117s ir vanil\u0117s kvap\u0173 rinkinys su kvepalais, du\u0161o geliu ir kosmetine. Pagaminta Italijoje.\" \/>\n<meta property=\"og:url\" content=\"https:\/\/www.malinashop.lt\/lt_lt\/shop\/les-perles-dorient-kvepalu-rinkinys-cafe-dorient-edp-150-ml-duso-gelis-100-ml-kosmetine\/\" \/>\n<meta property=\"og:site_name\" content=\"MalinaShop.lt J\u016bs\u0173 sveikatai ir gro\u017eiui.\" \/>\n<meta property=\"article:modified_time\" content=\"2026-02-12T09:38:27+00:00\" \/>\n<meta property=\"og:image\" content=\"https:\/\/www.malinashop.lt\/wp-content\/uploads\/2025\/11\/LES-PERLES-DORIENT-kvepalu-rinkinys-CAFE-DORIENT-EDP-150-ml-duso-gelis-100-ml-kosmetine.webp\" \/>\n\t<meta property=\"og:image:width\" content=\"768\" \/>\n\t<meta property=\"og:image:height\" content=\"768\" \/>\n\t<meta property=\"og:image:type\" content=\"image\/webp\" \/>\n<meta name=\"twitter:card\" content=\"summary_large_image\" \/>\n<script type=\"application\/ld+json\" class=\"yoast-schema-graph\">{\"@context\":\"https:\\\/\\\/schema.org\",\"@graph\":[{\"@type\":\"WebPage\",\"@id\":\"https:\\\/\\\/www.malinashop.lt\\\/shop\\\/les-perles-dorient-kvepalu-rinkinys-cafe-dorient-edp-150-ml-duso-gelis-100-ml-kosmetine\\\/\",\"url\":\"https:\\\/\\\/www.malinashop.lt\\\/shop\\\/les-perles-dorient-kvepalu-rinkinys-cafe-dorient-edp-150-ml-duso-gelis-100-ml-kosmetine\\\/\",\"name\":\"LES PERLES D\u2019ORIENT kvepal\u0173 rinkinys CAFE D\u2019ORIENT EDP 150 ml + du\u0161o gelis 100 ml + kosmetin\u0117 - MalinaShop.lt J\u016bs\u0173 sveikatai ir gro\u017eiui.\",\"isPartOf\":{\"@id\":\"https:\\\/\\\/www.malinashop.lt\\\/#website\"},\"primaryImageOfPage\":{\"@id\":\"https:\\\/\\\/www.malinashop.lt\\\/shop\\\/les-perles-dorient-kvepalu-rinkinys-cafe-dorient-edp-150-ml-duso-gelis-100-ml-kosmetine\\\/#primaryimage\"},\"image\":{\"@id\":\"https:\\\/\\\/www.malinashop.lt\\\/shop\\\/les-perles-dorient-kvepalu-rinkinys-cafe-dorient-edp-150-ml-duso-gelis-100-ml-kosmetine\\\/#primaryimage\"},\"thumbnailUrl\":\"https:\\\/\\\/www.malinashop.lt\\\/wp-content\\\/uploads\\\/2025\\\/11\\\/LES-PERLES-DORIENT-kvepalu-rinkinys-CAFE-DORIENT-EDP-150-ml-duso-gelis-100-ml-kosmetine.webp\",\"datePublished\":\"2025-11-11T16:10:47+00:00\",\"dateModified\":\"2026-02-12T09:38:27+00:00\",\"description\":\"LES PERLES D\u2019ORIENT CAFE D\u2019ORIENT \u2013 kavos, ro\u017e\u0117s ir vanil\u0117s kvap\u0173 rinkinys su kvepalais, du\u0161o geliu ir kosmetine. Pagaminta Italijoje.\",\"breadcrumb\":{\"@id\":\"https:\\\/\\\/www.malinashop.lt\\\/shop\\\/les-perles-dorient-kvepalu-rinkinys-cafe-dorient-edp-150-ml-duso-gelis-100-ml-kosmetine\\\/#breadcrumb\"},\"inLanguage\":\"lt-LT\",\"potentialAction\":[{\"@type\":\"ReadAction\",\"target\":[\"https:\\\/\\\/www.malinashop.lt\\\/shop\\\/les-perles-dorient-kvepalu-rinkinys-cafe-dorient-edp-150-ml-duso-gelis-100-ml-kosmetine\\\/\"]}]},{\"@type\":\"ImageObject\",\"inLanguage\":\"lt-LT\",\"@id\":\"https:\\\/\\\/www.malinashop.lt\\\/shop\\\/les-perles-dorient-kvepalu-rinkinys-cafe-dorient-edp-150-ml-duso-gelis-100-ml-kosmetine\\\/#primaryimage\",\"url\":\"https:\\\/\\\/www.malinashop.lt\\\/wp-content\\\/uploads\\\/2025\\\/11\\\/LES-PERLES-DORIENT-kvepalu-rinkinys-CAFE-DORIENT-EDP-150-ml-duso-gelis-100-ml-kosmetine.webp\",\"contentUrl\":\"https:\\\/\\\/www.malinashop.lt\\\/wp-content\\\/uploads\\\/2025\\\/11\\\/LES-PERLES-DORIENT-kvepalu-rinkinys-CAFE-DORIENT-EDP-150-ml-duso-gelis-100-ml-kosmetine.webp\",\"width\":768,\"height\":768},{\"@type\":\"BreadcrumbList\",\"@id\":\"https:\\\/\\\/www.malinashop.lt\\\/shop\\\/les-perles-dorient-kvepalu-rinkinys-cafe-dorient-edp-150-ml-duso-gelis-100-ml-kosmetine\\\/#breadcrumb\",\"itemListElement\":[{\"@type\":\"ListItem\",\"position\":1,\"name\":\"Pagrindinis\",\"item\":\"https:\\\/\\\/www.malinashop.lt\\\/\"},{\"@type\":\"ListItem\",\"position\":2,\"name\":\"Parduotuv\u0117\",\"item\":\"https:\\\/\\\/www.malinashop.lt\\\/en\\\/parduotuve\\\/\"},{\"@type\":\"ListItem\",\"position\":3,\"name\":\"LES PERLES D\u2019ORIENT kvepal\u0173 rinkinys CAFE D\u2019ORIENT EDP 150 ml + du\u0161o gelis 100 ml + kosmetin\u0117\"}]},{\"@type\":\"WebSite\",\"@id\":\"https:\\\/\\\/www.malinashop.lt\\\/#website\",\"url\":\"https:\\\/\\\/www.malinashop.lt\\\/\",\"name\":\"COM Group Ecommerce\",\"description\":\"MalinaShop.lt - Gro\u017eio ir sveikatos produktai i\u0161 patikim\u0173 preki\u0173 \u017eenkl\u0173. Atraskite auk\u0161tos kokyb\u0117s kosmetik\u0105 u\u017e puiki\u0105 kain\u0105.\",\"publisher\":{\"@id\":\"https:\\\/\\\/www.malinashop.lt\\\/#organization\"},\"potentialAction\":[{\"@type\":\"SearchAction\",\"target\":{\"@type\":\"EntryPoint\",\"urlTemplate\":\"https:\\\/\\\/www.malinashop.lt\\\/?s={search_term_string}\"},\"query-input\":{\"@type\":\"PropertyValueSpecification\",\"valueRequired\":true,\"valueName\":\"search_term_string\"}}],\"inLanguage\":\"lt-LT\"},{\"@type\":\"Organization\",\"@id\":\"https:\\\/\\\/www.malinashop.lt\\\/#organization\",\"name\":\"COM Group Ecommerce\",\"url\":\"https:\\\/\\\/www.malinashop.lt\\\/\",\"logo\":{\"@type\":\"ImageObject\",\"inLanguage\":\"lt-LT\",\"@id\":\"https:\\\/\\\/www.malinashop.lt\\\/#\\\/schema\\\/logo\\\/image\\\/\",\"url\":\"https:\\\/\\\/www.malinashop.lt\\\/wp-content\\\/uploads\\\/2024\\\/08\\\/462559670_3787732518133670_9795632669273463_n-e1731525914575.png\",\"contentUrl\":\"https:\\\/\\\/www.malinashop.lt\\\/wp-content\\\/uploads\\\/2024\\\/08\\\/462559670_3787732518133670_9795632669273463_n-e1731525914575.png\",\"width\":180,\"height\":60,\"caption\":\"COM Group Ecommerce\"},\"image\":{\"@id\":\"https:\\\/\\\/www.malinashop.lt\\\/#\\\/schema\\\/logo\\\/image\\\/\"}}]}<\/script>\n<!-- \/ Yoast SEO plugin. -->","yoast_head_json":{"title":"LES PERLES D\u2019ORIENT kvepal\u0173 rinkinys CAFE D\u2019ORIENT EDP 150 ml + du\u0161o gelis 100 ml + kosmetin\u0117 - MalinaShop.lt J\u016bs\u0173 sveikatai ir gro\u017eiui.","description":"LES PERLES D\u2019ORIENT CAFE D\u2019ORIENT \u2013 kavos, ro\u017e\u0117s ir vanil\u0117s kvap\u0173 rinkinys su kvepalais, du\u0161o geliu ir kosmetine. Pagaminta Italijoje.","robots":{"index":"index","follow":"follow","max-snippet":"max-snippet:-1","max-image-preview":"max-image-preview:large","max-video-preview":"max-video-preview:-1"},"canonical":"https:\/\/www.malinashop.lt\/lt_lt\/shop\/les-perles-dorient-kvepalu-rinkinys-cafe-dorient-edp-150-ml-duso-gelis-100-ml-kosmetine\/","og_locale":"lt_LT","og_type":"article","og_title":"LES PERLES D\u2019ORIENT kvepal\u0173 rinkinys CAFE D\u2019ORIENT EDP 150 ml + du\u0161o gelis 100 ml + kosmetin\u0117 - MalinaShop.lt J\u016bs\u0173 sveikatai ir gro\u017eiui.","og_description":"LES PERLES D\u2019ORIENT CAFE D\u2019ORIENT \u2013 kavos, ro\u017e\u0117s ir vanil\u0117s kvap\u0173 rinkinys su kvepalais, du\u0161o geliu ir kosmetine. Pagaminta Italijoje.","og_url":"https:\/\/www.malinashop.lt\/lt_lt\/shop\/les-perles-dorient-kvepalu-rinkinys-cafe-dorient-edp-150-ml-duso-gelis-100-ml-kosmetine\/","og_site_name":"MalinaShop.lt J\u016bs\u0173 sveikatai ir gro\u017eiui.","article_modified_time":"2026-02-12T09:38:27+00:00","og_image":[{"width":768,"height":768,"url":"https:\/\/www.malinashop.lt\/wp-content\/uploads\/2025\/11\/LES-PERLES-DORIENT-kvepalu-rinkinys-CAFE-DORIENT-EDP-150-ml-duso-gelis-100-ml-kosmetine.webp","type":"image\/webp"}],"twitter_card":"summary_large_image","schema":{"@context":"https:\/\/schema.org","@graph":[{"@type":"WebPage","@id":"https:\/\/www.malinashop.lt\/shop\/les-perles-dorient-kvepalu-rinkinys-cafe-dorient-edp-150-ml-duso-gelis-100-ml-kosmetine\/","url":"https:\/\/www.malinashop.lt\/shop\/les-perles-dorient-kvepalu-rinkinys-cafe-dorient-edp-150-ml-duso-gelis-100-ml-kosmetine\/","name":"LES PERLES D\u2019ORIENT kvepal\u0173 rinkinys CAFE D\u2019ORIENT EDP 150 ml + du\u0161o gelis 100 ml + kosmetin\u0117 - MalinaShop.lt J\u016bs\u0173 sveikatai ir gro\u017eiui.","isPartOf":{"@id":"https:\/\/www.malinashop.lt\/#website"},"primaryImageOfPage":{"@id":"https:\/\/www.malinashop.lt\/shop\/les-perles-dorient-kvepalu-rinkinys-cafe-dorient-edp-150-ml-duso-gelis-100-ml-kosmetine\/#primaryimage"},"image":{"@id":"https:\/\/www.malinashop.lt\/shop\/les-perles-dorient-kvepalu-rinkinys-cafe-dorient-edp-150-ml-duso-gelis-100-ml-kosmetine\/#primaryimage"},"thumbnailUrl":"https:\/\/www.malinashop.lt\/wp-content\/uploads\/2025\/11\/LES-PERLES-DORIENT-kvepalu-rinkinys-CAFE-DORIENT-EDP-150-ml-duso-gelis-100-ml-kosmetine.webp","datePublished":"2025-11-11T16:10:47+00:00","dateModified":"2026-02-12T09:38:27+00:00","description":"LES PERLES D\u2019ORIENT CAFE D\u2019ORIENT \u2013 kavos, ro\u017e\u0117s ir vanil\u0117s kvap\u0173 rinkinys su kvepalais, du\u0161o geliu ir kosmetine. Pagaminta Italijoje.","breadcrumb":{"@id":"https:\/\/www.malinashop.lt\/shop\/les-perles-dorient-kvepalu-rinkinys-cafe-dorient-edp-150-ml-duso-gelis-100-ml-kosmetine\/#breadcrumb"},"inLanguage":"lt-LT","potentialAction":[{"@type":"ReadAction","target":["https:\/\/www.malinashop.lt\/shop\/les-perles-dorient-kvepalu-rinkinys-cafe-dorient-edp-150-ml-duso-gelis-100-ml-kosmetine\/"]}]},{"@type":"ImageObject","inLanguage":"lt-LT","@id":"https:\/\/www.malinashop.lt\/shop\/les-perles-dorient-kvepalu-rinkinys-cafe-dorient-edp-150-ml-duso-gelis-100-ml-kosmetine\/#primaryimage","url":"https:\/\/www.malinashop.lt\/wp-content\/uploads\/2025\/11\/LES-PERLES-DORIENT-kvepalu-rinkinys-CAFE-DORIENT-EDP-150-ml-duso-gelis-100-ml-kosmetine.webp","contentUrl":"https:\/\/www.malinashop.lt\/wp-content\/uploads\/2025\/11\/LES-PERLES-DORIENT-kvepalu-rinkinys-CAFE-DORIENT-EDP-150-ml-duso-gelis-100-ml-kosmetine.webp","width":768,"height":768},{"@type":"BreadcrumbList","@id":"https:\/\/www.malinashop.lt\/shop\/les-perles-dorient-kvepalu-rinkinys-cafe-dorient-edp-150-ml-duso-gelis-100-ml-kosmetine\/#breadcrumb","itemListElement":[{"@type":"ListItem","position":1,"name":"Pagrindinis","item":"https:\/\/www.malinashop.lt\/"},{"@type":"ListItem","position":2,"name":"Parduotuv\u0117","item":"https:\/\/www.malinashop.lt\/en\/parduotuve\/"},{"@type":"ListItem","position":3,"name":"LES PERLES D\u2019ORIENT kvepal\u0173 rinkinys CAFE D\u2019ORIENT EDP 150 ml + du\u0161o gelis 100 ml + kosmetin\u0117"}]},{"@type":"WebSite","@id":"https:\/\/www.malinashop.lt\/#website","url":"https:\/\/www.malinashop.lt\/","name":"COM Group Ecommerce","description":"MalinaShop.lt - Gro\u017eio ir sveikatos produktai i\u0161 patikim\u0173 preki\u0173 \u017eenkl\u0173. Atraskite auk\u0161tos kokyb\u0117s kosmetik\u0105 u\u017e puiki\u0105 kain\u0105.","publisher":{"@id":"https:\/\/www.malinashop.lt\/#organization"},"potentialAction":[{"@type":"SearchAction","target":{"@type":"EntryPoint","urlTemplate":"https:\/\/www.malinashop.lt\/?s={search_term_string}"},"query-input":{"@type":"PropertyValueSpecification","valueRequired":true,"valueName":"search_term_string"}}],"inLanguage":"lt-LT"},{"@type":"Organization","@id":"https:\/\/www.malinashop.lt\/#organization","name":"COM Group Ecommerce","url":"https:\/\/www.malinashop.lt\/","logo":{"@type":"ImageObject","inLanguage":"lt-LT","@id":"https:\/\/www.malinashop.lt\/#\/schema\/logo\/image\/","url":"https:\/\/www.malinashop.lt\/wp-content\/uploads\/2024\/08\/462559670_3787732518133670_9795632669273463_n-e1731525914575.png","contentUrl":"https:\/\/www.malinashop.lt\/wp-content\/uploads\/2024\/08\/462559670_3787732518133670_9795632669273463_n-e1731525914575.png","width":180,"height":60,"caption":"COM Group Ecommerce"},"image":{"@id":"https:\/\/www.malinashop.lt\/#\/schema\/logo\/image\/"}}]}},"jetpack_sharing_enabled":true,"_links":{"self":[{"href":"https:\/\/www.malinashop.lt\/lt_lt\/wp-json\/wp\/v2\/product\/61484","targetHints":{"allow":["GET"]}}],"collection":[{"href":"https:\/\/www.malinashop.lt\/lt_lt\/wp-json\/wp\/v2\/product"}],"about":[{"href":"https:\/\/www.malinashop.lt\/lt_lt\/wp-json\/wp\/v2\/types\/product"}],"version-history":[{"count":1,"href":"https:\/\/www.malinashop.lt\/lt_lt\/wp-json\/wp\/v2\/product\/61484\/revisions"}],"predecessor-version":[{"id":61486,"href":"https:\/\/www.malinashop.lt\/lt_lt\/wp-json\/wp\/v2\/product\/61484\/revisions\/61486"}],"wp:featuredmedia":[{"embeddable":true,"href":"https:\/\/www.malinashop.lt\/lt_lt\/wp-json\/wp\/v2\/media\/61485"}],"wp:attachment":[{"href":"https:\/\/www.malinashop.lt\/lt_lt\/wp-json\/wp\/v2\/media?parent=61484"}],"wp:term":[{"taxonomy":"product_brand","embeddable":true,"href":"https:\/\/www.malinashop.lt\/lt_lt\/wp-json\/wp\/v2\/product_brand?post=61484"},{"taxonomy":"product_cat","embeddable":true,"href":"https:\/\/www.malinashop.lt\/lt_lt\/wp-json\/wp\/v2\/product_cat?post=61484"},{"taxonomy":"product_tag","embeddable":true,"href":"https:\/\/www.malinashop.lt\/lt_lt\/wp-json\/wp\/v2\/product_tag?post=61484"}],"curies":[{"name":"wp","href":"https:\/\/api.w.org\/{rel}","templated":true}]}}