{"id":61413,"date":"2025-11-10T13:04:52","date_gmt":"2025-11-10T10:04:52","guid":{"rendered":"https:\/\/malinashop.lt\/?post_type=product&#038;p=61413"},"modified":"2026-03-18T12:27:53","modified_gmt":"2026-03-18T09:27:53","slug":"sinoz-milk-honey-kuno-sveitiklis-300g","status":"publish","type":"product","link":"https:\/\/www.malinashop.lt\/lt_lt\/shop\/sinoz-milk-honey-kuno-sveitiklis-300g\/","title":{"rendered":"SINOZ MILK &#038; HONEY k\u016bno \u0161veitiklis, 300g"},"content":{"rendered":"<p data-start=\"230\" data-end=\"510\"><span style=\"color: #000000;\"><strong data-start=\"230\" data-end=\"252\">SINOZ MILK &amp; HONEY<\/strong> k\u016bno \u0161veitiklis \u2013 tai \u0161velnaus poveikio priemon\u0117, sukurta giliai <strong data-start=\"318\" data-end=\"352\">valyti, maitinti ir atgaivinti<\/strong> od\u0105. \u0160veitiklis \u0161velniai pa\u0161alina negyvas l\u0105steles, padeda <strong data-start=\"412\" data-end=\"455\">i\u0161laikyti nat\u016bral\u0173 odos dr\u0117gm\u0117s balans\u0105<\/strong> ir suteikia jai <strong data-start=\"472\" data-end=\"507\">mink\u0161tumo bei \u0161ilkinio glotnumo<\/strong>.<\/span><\/p>\n<p data-start=\"512\" data-end=\"769\"><span style=\"color: #000000;\">Unikali <strong data-start=\"520\" data-end=\"547\">pieno ir medaus formul\u0117<\/strong> intensyviai maitina, dr\u0117kina bei ramina od\u0105, o subtilus saldus aromatas suteikia ilgai i\u0161liekant\u012f \u0161varos ir gaivos poj\u016bt\u012f. Puikiai tinka naudoti tiek visam k\u016bnui, tiek <strong data-start=\"716\" data-end=\"737\">rankoms ar p\u0117doms<\/strong> prie\u0161 maniki\u016br\u0105 ar pediki\u016br\u0105.<\/span><\/p>\n<p data-start=\"771\" data-end=\"811\"><span style=\"color: #000000;\"><strong data-start=\"771\" data-end=\"809\">Pagrindin\u0117s veikliosios med\u017eiagos:<\/strong><\/span><\/p>\n<ul data-start=\"812\" data-end=\"1078\">\n<li data-start=\"812\" data-end=\"894\">\n<p data-start=\"814\" data-end=\"894\"><span style=\"color: #000000;\"><strong data-start=\"814\" data-end=\"833\">Pienas ir medus<\/strong> \u2013 maitina, ramina, suteikia odai \u0161velnumo bei elastingumo.<\/span><\/p>\n<\/li>\n<li data-start=\"895\" data-end=\"982\">\n<p data-start=\"897\" data-end=\"982\"><span style=\"color: #000000;\"><strong data-start=\"897\" data-end=\"912\">Vitaminas E<\/strong> \u2013 padeda stiprinti odos apsaugin\u012f barjer\u0105 ir saugo nuo i\u0161saus\u0117jimo.<\/span><\/p>\n<\/li>\n<li data-start=\"983\" data-end=\"1078\">\n<p data-start=\"985\" data-end=\"1078\"><span style=\"color: #000000;\"><strong data-start=\"985\" data-end=\"1027\">Nat\u016bral\u016bs aliejai ir augal\u0173 ekstraktai<\/strong> \u2013 atkuria dr\u0117gm\u0117s balans\u0105 ir suteikia spindesio.<\/span><\/p>\n<\/li>\n<\/ul>\n<p data-start=\"1080\" data-end=\"1337\"><span style=\"color: #000000;\"><strong data-start=\"1080\" data-end=\"1095\">Naudojimas:<\/strong><\/span><br data-start=\"1095\" data-end=\"1098\" \/><span style=\"color: #000000;\">U\u017etepkite nedidel\u012f kiek\u012f \u0161veitiklio ant dr\u0117gnos odos, masa\u017euokite sukamaisiais judesiais, tada nuplaukite vandeniu.<\/span><br data-start=\"1213\" data-end=\"1216\" \/><span style=\"color: #000000;\">Naudokite <strong data-start=\"1226\" data-end=\"1254\">kelis kartus per savait\u0119<\/strong> arba kasdien, taip pat tik <strong data-start=\"1282\" data-end=\"1303\">rankoms ar p\u0117doms<\/strong> \u2013 poilsio ir atgaivos poj\u016b\u010diui.<\/span><\/p>\n","protected":false},"excerpt":{"rendered":"<p data-start=\"193\" data-end=\"282\">K\u016bno \u0161veitiklis su pienu ir medumi \u0161velniai valo, maitina ir suteikia odai \u0161vyt\u0117jimo bei aksominio glotnumo.<\/p>\n","protected":false},"featured_media":61414,"template":"","meta":[],"product_brand":[1354],"product_cat":[557,731],"product_tag":[1619],"class_list":{"0":"post-61413","1":"product","2":"type-product","3":"status-publish","4":"has-post-thumbnail","6":"product_brand-sinoz","7":"product_cat-kuno-sveitikliai","8":"product_cat-kunui","9":"product_tag-sinoz","11":"first","12":"instock","13":"sale","14":"taxable","15":"shipping-taxable","16":"purchasable","17":"product-type-simple"},"yoast_head":"<!-- This site is optimized with the Yoast SEO plugin v27.4 - https:\/\/yoast.com\/product\/yoast-seo-wordpress\/ -->\n<title>SINOZ MILK &amp; HONEY k\u016bno \u0161veitiklis, 300g - MalinaShop.lt J\u016bs\u0173 sveikatai ir gro\u017eiui.<\/title>\n<meta name=\"description\" content=\"SINOZ MILK &amp; HONEY k\u016bno \u0161veitiklis su pienu ir medumi \u0161velniai valo, maitina ir dr\u0117kina od\u0105, suteikdamas jai \u0161vyt\u0117jimo bei \u0161velnumo.\" \/>\n<meta name=\"robots\" content=\"index, follow, max-snippet:-1, max-image-preview:large, max-video-preview:-1\" \/>\n<link rel=\"canonical\" href=\"https:\/\/www.malinashop.lt\/lt_lt\/shop\/sinoz-milk-honey-kuno-sveitiklis-300g\/\" \/>\n<meta property=\"og:locale\" content=\"lt_LT\" \/>\n<meta property=\"og:type\" content=\"article\" \/>\n<meta property=\"og:title\" content=\"SINOZ MILK &amp; HONEY k\u016bno \u0161veitiklis, 300g - MalinaShop.lt J\u016bs\u0173 sveikatai ir gro\u017eiui.\" \/>\n<meta property=\"og:description\" content=\"SINOZ MILK &amp; HONEY k\u016bno \u0161veitiklis su pienu ir medumi \u0161velniai valo, maitina ir dr\u0117kina od\u0105, suteikdamas jai \u0161vyt\u0117jimo bei \u0161velnumo.\" \/>\n<meta property=\"og:url\" content=\"https:\/\/www.malinashop.lt\/lt_lt\/shop\/sinoz-milk-honey-kuno-sveitiklis-300g\/\" \/>\n<meta property=\"og:site_name\" content=\"MalinaShop.lt J\u016bs\u0173 sveikatai ir gro\u017eiui.\" \/>\n<meta property=\"article:modified_time\" content=\"2026-03-18T09:27:53+00:00\" \/>\n<meta property=\"og:image\" content=\"https:\/\/www.malinashop.lt\/wp-content\/uploads\/2025\/11\/SINOZ-MILK-HONEY-kuno-sveitiklis-300g.webp\" \/>\n\t<meta property=\"og:image:width\" content=\"768\" \/>\n\t<meta property=\"og:image:height\" content=\"768\" \/>\n\t<meta property=\"og:image:type\" content=\"image\/webp\" \/>\n<meta name=\"twitter:card\" content=\"summary_large_image\" \/>\n<script type=\"application\/ld+json\" class=\"yoast-schema-graph\">{\"@context\":\"https:\\\/\\\/schema.org\",\"@graph\":[{\"@type\":\"WebPage\",\"@id\":\"https:\\\/\\\/www.malinashop.lt\\\/en\\\/shop\\\/sinoz-milk-honey-kuno-sveitiklis-300g\\\/\",\"url\":\"https:\\\/\\\/www.malinashop.lt\\\/en\\\/shop\\\/sinoz-milk-honey-kuno-sveitiklis-300g\\\/\",\"name\":\"SINOZ MILK & HONEY k\u016bno \u0161veitiklis, 300g - MalinaShop.lt J\u016bs\u0173 sveikatai ir gro\u017eiui.\",\"isPartOf\":{\"@id\":\"https:\\\/\\\/www.malinashop.lt\\\/#website\"},\"primaryImageOfPage\":{\"@id\":\"https:\\\/\\\/www.malinashop.lt\\\/en\\\/shop\\\/sinoz-milk-honey-kuno-sveitiklis-300g\\\/#primaryimage\"},\"image\":{\"@id\":\"https:\\\/\\\/www.malinashop.lt\\\/en\\\/shop\\\/sinoz-milk-honey-kuno-sveitiklis-300g\\\/#primaryimage\"},\"thumbnailUrl\":\"https:\\\/\\\/www.malinashop.lt\\\/wp-content\\\/uploads\\\/2025\\\/11\\\/SINOZ-MILK-HONEY-kuno-sveitiklis-300g.webp\",\"datePublished\":\"2025-11-10T10:04:52+00:00\",\"dateModified\":\"2026-03-18T09:27:53+00:00\",\"description\":\"SINOZ MILK & HONEY k\u016bno \u0161veitiklis su pienu ir medumi \u0161velniai valo, maitina ir dr\u0117kina od\u0105, suteikdamas jai \u0161vyt\u0117jimo bei \u0161velnumo.\",\"breadcrumb\":{\"@id\":\"https:\\\/\\\/www.malinashop.lt\\\/en\\\/shop\\\/sinoz-milk-honey-kuno-sveitiklis-300g\\\/#breadcrumb\"},\"inLanguage\":\"lt-LT\",\"potentialAction\":[{\"@type\":\"ReadAction\",\"target\":[\"https:\\\/\\\/www.malinashop.lt\\\/en\\\/shop\\\/sinoz-milk-honey-kuno-sveitiklis-300g\\\/\"]}]},{\"@type\":\"ImageObject\",\"inLanguage\":\"lt-LT\",\"@id\":\"https:\\\/\\\/www.malinashop.lt\\\/en\\\/shop\\\/sinoz-milk-honey-kuno-sveitiklis-300g\\\/#primaryimage\",\"url\":\"https:\\\/\\\/www.malinashop.lt\\\/wp-content\\\/uploads\\\/2025\\\/11\\\/SINOZ-MILK-HONEY-kuno-sveitiklis-300g.webp\",\"contentUrl\":\"https:\\\/\\\/www.malinashop.lt\\\/wp-content\\\/uploads\\\/2025\\\/11\\\/SINOZ-MILK-HONEY-kuno-sveitiklis-300g.webp\",\"width\":768,\"height\":768},{\"@type\":\"BreadcrumbList\",\"@id\":\"https:\\\/\\\/www.malinashop.lt\\\/en\\\/shop\\\/sinoz-milk-honey-kuno-sveitiklis-300g\\\/#breadcrumb\",\"itemListElement\":[{\"@type\":\"ListItem\",\"position\":1,\"name\":\"Pagrindinis\",\"item\":\"https:\\\/\\\/www.malinashop.lt\\\/\"},{\"@type\":\"ListItem\",\"position\":2,\"name\":\"Parduotuv\u0117\",\"item\":\"https:\\\/\\\/www.malinashop.lt\\\/en\\\/parduotuve\\\/\"},{\"@type\":\"ListItem\",\"position\":3,\"name\":\"SINOZ MILK &#038; HONEY k\u016bno \u0161veitiklis, 300g\"}]},{\"@type\":\"WebSite\",\"@id\":\"https:\\\/\\\/www.malinashop.lt\\\/#website\",\"url\":\"https:\\\/\\\/www.malinashop.lt\\\/\",\"name\":\"COM Group Ecommerce\",\"description\":\"MalinaShop.lt - Gro\u017eio ir sveikatos produktai i\u0161 patikim\u0173 preki\u0173 \u017eenkl\u0173. Atraskite auk\u0161tos kokyb\u0117s kosmetik\u0105 u\u017e puiki\u0105 kain\u0105.\",\"publisher\":{\"@id\":\"https:\\\/\\\/www.malinashop.lt\\\/#organization\"},\"potentialAction\":[{\"@type\":\"SearchAction\",\"target\":{\"@type\":\"EntryPoint\",\"urlTemplate\":\"https:\\\/\\\/www.malinashop.lt\\\/?s={search_term_string}\"},\"query-input\":{\"@type\":\"PropertyValueSpecification\",\"valueRequired\":true,\"valueName\":\"search_term_string\"}}],\"inLanguage\":\"lt-LT\"},{\"@type\":\"Organization\",\"@id\":\"https:\\\/\\\/www.malinashop.lt\\\/#organization\",\"name\":\"COM Group Ecommerce\",\"url\":\"https:\\\/\\\/www.malinashop.lt\\\/\",\"logo\":{\"@type\":\"ImageObject\",\"inLanguage\":\"lt-LT\",\"@id\":\"https:\\\/\\\/www.malinashop.lt\\\/#\\\/schema\\\/logo\\\/image\\\/\",\"url\":\"https:\\\/\\\/www.malinashop.lt\\\/wp-content\\\/uploads\\\/2024\\\/08\\\/462559670_3787732518133670_9795632669273463_n-e1731525914575.png\",\"contentUrl\":\"https:\\\/\\\/www.malinashop.lt\\\/wp-content\\\/uploads\\\/2024\\\/08\\\/462559670_3787732518133670_9795632669273463_n-e1731525914575.png\",\"width\":180,\"height\":60,\"caption\":\"COM Group Ecommerce\"},\"image\":{\"@id\":\"https:\\\/\\\/www.malinashop.lt\\\/#\\\/schema\\\/logo\\\/image\\\/\"}}]}<\/script>\n<!-- \/ Yoast SEO plugin. -->","yoast_head_json":{"title":"SINOZ MILK & HONEY k\u016bno \u0161veitiklis, 300g - MalinaShop.lt J\u016bs\u0173 sveikatai ir gro\u017eiui.","description":"SINOZ MILK & HONEY k\u016bno \u0161veitiklis su pienu ir medumi \u0161velniai valo, maitina ir dr\u0117kina od\u0105, suteikdamas jai \u0161vyt\u0117jimo bei \u0161velnumo.","robots":{"index":"index","follow":"follow","max-snippet":"max-snippet:-1","max-image-preview":"max-image-preview:large","max-video-preview":"max-video-preview:-1"},"canonical":"https:\/\/www.malinashop.lt\/lt_lt\/shop\/sinoz-milk-honey-kuno-sveitiklis-300g\/","og_locale":"lt_LT","og_type":"article","og_title":"SINOZ MILK & HONEY k\u016bno \u0161veitiklis, 300g - MalinaShop.lt J\u016bs\u0173 sveikatai ir gro\u017eiui.","og_description":"SINOZ MILK & HONEY k\u016bno \u0161veitiklis su pienu ir medumi \u0161velniai valo, maitina ir dr\u0117kina od\u0105, suteikdamas jai \u0161vyt\u0117jimo bei \u0161velnumo.","og_url":"https:\/\/www.malinashop.lt\/lt_lt\/shop\/sinoz-milk-honey-kuno-sveitiklis-300g\/","og_site_name":"MalinaShop.lt J\u016bs\u0173 sveikatai ir gro\u017eiui.","article_modified_time":"2026-03-18T09:27:53+00:00","og_image":[{"width":768,"height":768,"url":"https:\/\/www.malinashop.lt\/wp-content\/uploads\/2025\/11\/SINOZ-MILK-HONEY-kuno-sveitiklis-300g.webp","type":"image\/webp"}],"twitter_card":"summary_large_image","schema":{"@context":"https:\/\/schema.org","@graph":[{"@type":"WebPage","@id":"https:\/\/www.malinashop.lt\/en\/shop\/sinoz-milk-honey-kuno-sveitiklis-300g\/","url":"https:\/\/www.malinashop.lt\/en\/shop\/sinoz-milk-honey-kuno-sveitiklis-300g\/","name":"SINOZ MILK & HONEY k\u016bno \u0161veitiklis, 300g - MalinaShop.lt J\u016bs\u0173 sveikatai ir gro\u017eiui.","isPartOf":{"@id":"https:\/\/www.malinashop.lt\/#website"},"primaryImageOfPage":{"@id":"https:\/\/www.malinashop.lt\/en\/shop\/sinoz-milk-honey-kuno-sveitiklis-300g\/#primaryimage"},"image":{"@id":"https:\/\/www.malinashop.lt\/en\/shop\/sinoz-milk-honey-kuno-sveitiklis-300g\/#primaryimage"},"thumbnailUrl":"https:\/\/www.malinashop.lt\/wp-content\/uploads\/2025\/11\/SINOZ-MILK-HONEY-kuno-sveitiklis-300g.webp","datePublished":"2025-11-10T10:04:52+00:00","dateModified":"2026-03-18T09:27:53+00:00","description":"SINOZ MILK & HONEY k\u016bno \u0161veitiklis su pienu ir medumi \u0161velniai valo, maitina ir dr\u0117kina od\u0105, suteikdamas jai \u0161vyt\u0117jimo bei \u0161velnumo.","breadcrumb":{"@id":"https:\/\/www.malinashop.lt\/en\/shop\/sinoz-milk-honey-kuno-sveitiklis-300g\/#breadcrumb"},"inLanguage":"lt-LT","potentialAction":[{"@type":"ReadAction","target":["https:\/\/www.malinashop.lt\/en\/shop\/sinoz-milk-honey-kuno-sveitiklis-300g\/"]}]},{"@type":"ImageObject","inLanguage":"lt-LT","@id":"https:\/\/www.malinashop.lt\/en\/shop\/sinoz-milk-honey-kuno-sveitiklis-300g\/#primaryimage","url":"https:\/\/www.malinashop.lt\/wp-content\/uploads\/2025\/11\/SINOZ-MILK-HONEY-kuno-sveitiklis-300g.webp","contentUrl":"https:\/\/www.malinashop.lt\/wp-content\/uploads\/2025\/11\/SINOZ-MILK-HONEY-kuno-sveitiklis-300g.webp","width":768,"height":768},{"@type":"BreadcrumbList","@id":"https:\/\/www.malinashop.lt\/en\/shop\/sinoz-milk-honey-kuno-sveitiklis-300g\/#breadcrumb","itemListElement":[{"@type":"ListItem","position":1,"name":"Pagrindinis","item":"https:\/\/www.malinashop.lt\/"},{"@type":"ListItem","position":2,"name":"Parduotuv\u0117","item":"https:\/\/www.malinashop.lt\/en\/parduotuve\/"},{"@type":"ListItem","position":3,"name":"SINOZ MILK &#038; HONEY k\u016bno \u0161veitiklis, 300g"}]},{"@type":"WebSite","@id":"https:\/\/www.malinashop.lt\/#website","url":"https:\/\/www.malinashop.lt\/","name":"COM Group Ecommerce","description":"MalinaShop.lt - Gro\u017eio ir sveikatos produktai i\u0161 patikim\u0173 preki\u0173 \u017eenkl\u0173. Atraskite auk\u0161tos kokyb\u0117s kosmetik\u0105 u\u017e puiki\u0105 kain\u0105.","publisher":{"@id":"https:\/\/www.malinashop.lt\/#organization"},"potentialAction":[{"@type":"SearchAction","target":{"@type":"EntryPoint","urlTemplate":"https:\/\/www.malinashop.lt\/?s={search_term_string}"},"query-input":{"@type":"PropertyValueSpecification","valueRequired":true,"valueName":"search_term_string"}}],"inLanguage":"lt-LT"},{"@type":"Organization","@id":"https:\/\/www.malinashop.lt\/#organization","name":"COM Group Ecommerce","url":"https:\/\/www.malinashop.lt\/","logo":{"@type":"ImageObject","inLanguage":"lt-LT","@id":"https:\/\/www.malinashop.lt\/#\/schema\/logo\/image\/","url":"https:\/\/www.malinashop.lt\/wp-content\/uploads\/2024\/08\/462559670_3787732518133670_9795632669273463_n-e1731525914575.png","contentUrl":"https:\/\/www.malinashop.lt\/wp-content\/uploads\/2024\/08\/462559670_3787732518133670_9795632669273463_n-e1731525914575.png","width":180,"height":60,"caption":"COM Group Ecommerce"},"image":{"@id":"https:\/\/www.malinashop.lt\/#\/schema\/logo\/image\/"}}]}},"jetpack_sharing_enabled":true,"_links":{"self":[{"href":"https:\/\/www.malinashop.lt\/lt_lt\/wp-json\/wp\/v2\/product\/61413","targetHints":{"allow":["GET"]}}],"collection":[{"href":"https:\/\/www.malinashop.lt\/lt_lt\/wp-json\/wp\/v2\/product"}],"about":[{"href":"https:\/\/www.malinashop.lt\/lt_lt\/wp-json\/wp\/v2\/types\/product"}],"version-history":[{"count":1,"href":"https:\/\/www.malinashop.lt\/lt_lt\/wp-json\/wp\/v2\/product\/61413\/revisions"}],"predecessor-version":[{"id":61415,"href":"https:\/\/www.malinashop.lt\/lt_lt\/wp-json\/wp\/v2\/product\/61413\/revisions\/61415"}],"wp:featuredmedia":[{"embeddable":true,"href":"https:\/\/www.malinashop.lt\/lt_lt\/wp-json\/wp\/v2\/media\/61414"}],"wp:attachment":[{"href":"https:\/\/www.malinashop.lt\/lt_lt\/wp-json\/wp\/v2\/media?parent=61413"}],"wp:term":[{"taxonomy":"product_brand","embeddable":true,"href":"https:\/\/www.malinashop.lt\/lt_lt\/wp-json\/wp\/v2\/product_brand?post=61413"},{"taxonomy":"product_cat","embeddable":true,"href":"https:\/\/www.malinashop.lt\/lt_lt\/wp-json\/wp\/v2\/product_cat?post=61413"},{"taxonomy":"product_tag","embeddable":true,"href":"https:\/\/www.malinashop.lt\/lt_lt\/wp-json\/wp\/v2\/product_tag?post=61413"}],"curies":[{"name":"wp","href":"https:\/\/api.w.org\/{rel}","templated":true}]}}