{"id":60153,"date":"2025-11-01T19:54:37","date_gmt":"2025-11-01T16:54:37","guid":{"rendered":"https:\/\/malinashop.lt\/?post_type=product&#038;p=60153"},"modified":"2026-03-15T20:58:09","modified_gmt":"2026-03-15T17:58:09","slug":"technique-balje-plauku-kauke-su-keratinu-ir-argano-aliejumi-balje-1000ml","status":"publish","type":"product","link":"https:\/\/www.malinashop.lt\/lt_lt\/shop\/technique-balje-plauku-kauke-su-keratinu-ir-argano-aliejumi-balje-1000ml\/","title":{"rendered":"TECHNIQUE BALJE\u2019 plauk\u0173 kauk\u0117 su keratinu ir argano aliejumi BALJE\u2019, 1000ml"},"content":{"rendered":"<p data-start=\"518\" data-end=\"846\"><strong data-start=\"518\" data-end=\"582\">TECHNIQUE BALJE\u2019 plauk\u0173 kauk\u0117 su keratinu ir argano aliejumi<\/strong> \u2013 tai <strong data-start=\"589\" data-end=\"624\">intensyviai atkurianti priemon\u0117<\/strong>, skirta <strong data-start=\"633\" data-end=\"685\">pa\u017eeistiems, sausiems ir l\u016b\u017ein\u0117jantiems plaukams<\/strong>. Kauk\u0117 giliai dr\u0117kina, maitina ir suteikia plaukams elastingumo, \u017evilgesio bei glotnumo, u\u017etikrindama profesional\u0173 rezultat\u0105 tiek gro\u017eio salone, tiek namuose.<\/p>\n<p data-start=\"848\" data-end=\"876\"><strong data-start=\"848\" data-end=\"874\">Veikliosios med\u017eiagos:<\/strong><\/p>\n<ul data-start=\"877\" data-end=\"1402\">\n<li data-start=\"877\" data-end=\"1121\">\n<p data-start=\"879\" data-end=\"1121\"><strong data-start=\"879\" data-end=\"906\">Hidrolizuotas keratinas<\/strong> \u2013 u\u017epildo mikro \u012ftr\u016bkimus visuose plauko sluoksniuose, atstato nat\u016bral\u0173 apsaugin\u012f barjer\u0105, suteikia plaukams tvirtumo ir lankstumo. Jis ma\u017eina plauk\u0173 \u0161akojim\u0105si, l\u016b\u017ein\u0117jim\u0105, gr\u0105\u017eina nat\u016bral\u0173 blizges\u012f ir \u0161velnum\u0105.<\/p>\n<\/li>\n<li data-start=\"1122\" data-end=\"1402\">\n<p data-start=\"1124\" data-end=\"1402\"><strong data-start=\"1124\" data-end=\"1142\">Argano aliejus<\/strong> \u2013 turtingas <strong data-start=\"1155\" data-end=\"1169\">vitamino E<\/strong> \u0161altinis, dr\u0117kina galvos od\u0105, maitina plaukus ir skatina sveik\u0105 j\u0173 augim\u0105. Aliejus pasi\u017eymi <strong data-start=\"1262\" data-end=\"1283\">antioksidacin\u0117mis<\/strong> bei <strong data-start=\"1288\" data-end=\"1307\">atkuriamosiomis<\/strong> savyb\u0117mis, padeda atkurti plaukus po chemini\u0173 proced\u016br\u0173, saugo nuo pleiskan\u0173 ir i\u0161saus\u0117jimo.<\/p>\n<\/li>\n<\/ul>\n<p data-start=\"1404\" data-end=\"1607\">Kauk\u0117 suteikia plaukams <strong data-start=\"1428\" data-end=\"1466\">\u017evilgesio, \u0161velnumo ir elastingumo<\/strong>, ma\u017eina galiuk\u0173 i\u0161si\u0161akojimus bei palengvina i\u0161\u0161ukavim\u0105. Reguliariai naudojant plaukai tampa <strong data-start=\"1560\" data-end=\"1604\">stipresni, sveikesni ir labiau paklusn\u016bs<\/strong>.<\/p>\n<p data-start=\"1609\" data-end=\"1779\"><strong data-start=\"1609\" data-end=\"1624\">Naudojimas:<\/strong><br data-start=\"1624\" data-end=\"1627\" \/>U\u017ed\u0117kite nedidel\u012f kiek\u012f kauk\u0117s ant \u0161amp\u016bnu i\u0161plaut\u0173, dr\u0117gn\u0173 plauk\u0173. Paskirstykite per vis\u0105 ilg\u012f ir palikite kelioms minut\u0117ms. Kruop\u0161\u010diai i\u0161skalaukite.<\/p>\n<p data-start=\"1781\" data-end=\"1987\"><strong data-start=\"1781\" data-end=\"1805\">Pagaminta Italijoje.<\/strong><br data-start=\"1805\" data-end=\"1808\" \/>Visi <strong data-start=\"1813\" data-end=\"1826\">TECHNIQUE<\/strong> produktai \u2013 nuo formul\u0117s suk\u016brimo iki pakavimo \u2013 yra <strong data-start=\"1880\" data-end=\"1903\">pagaminti Italijoje<\/strong>, u\u017etikrinant auk\u0161\u010diausi\u0105 kokyb\u0119, profesional\u0173 veiksmingum\u0105 ir patikim\u0105 rezultat\u0105.<\/p>\n<p data-start=\"1989\" data-end=\"2173\"><strong data-start=\"1989\" data-end=\"2024\">M\u016bs\u0173 elektronin\u0117je parduotuv\u0117je<\/strong> rasite atrinktus <strong data-start=\"2042\" data-end=\"2055\">TECHNIQUE<\/strong> produktus, tinkamus tiek profesionaliam, tiek nam\u0173 naudojimui \u2013 rezultatams, prilygstantiems gro\u017eio salono efektui.<\/p>\n<div class=\"text-tab text-tab-id-11\">\n<p>&nbsp;<\/p>\n<\/div>\n","protected":false},"excerpt":{"rendered":"<p>Itali\u0161ka TECHNIQUE BALJE\u2019 kauk\u0117 su keratinu ir argano aliejumi atkuria, maitina ir dr\u0117kina pa\u017eeistus plaukus, suteikdama jiems \u017evilgesio, stiprumo ir \u0161velnumo.<\/p>\n","protected":false},"featured_media":60154,"template":"","meta":[],"product_brand":[519],"product_cat":[517],"product_tag":[1638],"class_list":{"0":"post-60153","1":"product","2":"type-product","3":"status-publish","4":"has-post-thumbnail","6":"product_brand-technique","7":"product_cat-plauku-kaukes-ir-kremai-ampules","8":"product_tag-technique","10":"first","11":"outofstock","12":"sale","13":"taxable","14":"shipping-taxable","15":"purchasable","16":"product-type-simple"},"yoast_head":"<!-- This site is optimized with the Yoast SEO plugin v27.4 - https:\/\/yoast.com\/product\/yoast-seo-wordpress\/ -->\n<title>TECHNIQUE BALJE\u2019 plauk\u0173 kauk\u0117 su keratinu ir argano aliejumi BALJE\u2019, 1000ml - MalinaShop.lt J\u016bs\u0173 sveikatai ir gro\u017eiui.<\/title>\n<meta name=\"description\" content=\"TECHNIQUE BALJE\u2019 kauk\u0117 su keratinu ir argano aliejumi atkuria pa\u017eeistus plaukus, suteikia \u017evilgesio, dr\u0117gm\u0117s ir glotnumo. Pagaminta Italijoje.\" \/>\n<meta name=\"robots\" content=\"index, follow, max-snippet:-1, max-image-preview:large, max-video-preview:-1\" \/>\n<link rel=\"canonical\" href=\"https:\/\/www.malinashop.lt\/lt_lt\/shop\/technique-balje-plauku-kauke-su-keratinu-ir-argano-aliejumi-balje-1000ml\/\" \/>\n<meta property=\"og:locale\" content=\"lt_LT\" \/>\n<meta property=\"og:type\" content=\"article\" \/>\n<meta property=\"og:title\" content=\"TECHNIQUE BALJE\u2019 plauk\u0173 kauk\u0117 su keratinu ir argano aliejumi BALJE\u2019, 1000ml - MalinaShop.lt J\u016bs\u0173 sveikatai ir gro\u017eiui.\" \/>\n<meta property=\"og:description\" content=\"TECHNIQUE BALJE\u2019 kauk\u0117 su keratinu ir argano aliejumi atkuria pa\u017eeistus plaukus, suteikia \u017evilgesio, dr\u0117gm\u0117s ir glotnumo. Pagaminta Italijoje.\" \/>\n<meta property=\"og:url\" content=\"https:\/\/www.malinashop.lt\/lt_lt\/shop\/technique-balje-plauku-kauke-su-keratinu-ir-argano-aliejumi-balje-1000ml\/\" \/>\n<meta property=\"og:site_name\" content=\"MalinaShop.lt J\u016bs\u0173 sveikatai ir gro\u017eiui.\" \/>\n<meta property=\"article:modified_time\" content=\"2026-03-15T17:58:09+00:00\" \/>\n<meta property=\"og:image\" content=\"https:\/\/www.malinashop.lt\/wp-content\/uploads\/2025\/11\/TECHNIQUE-BALJE-plauku-kauke-su-keratinu-ir-argano-aliejumi-BALJE-1000ml.webp\" \/>\n\t<meta property=\"og:image:width\" content=\"1536\" \/>\n\t<meta property=\"og:image:height\" content=\"1536\" \/>\n\t<meta property=\"og:image:type\" content=\"image\/webp\" \/>\n<meta name=\"twitter:card\" content=\"summary_large_image\" \/>\n<script type=\"application\/ld+json\" class=\"yoast-schema-graph\">{\"@context\":\"https:\\\/\\\/schema.org\",\"@graph\":[{\"@type\":\"WebPage\",\"@id\":\"https:\\\/\\\/www.malinashop.lt\\\/lt_lt\\\/shop\\\/technique-balje-plauku-kauke-su-keratinu-ir-argano-aliejumi-balje-1000ml\\\/\",\"url\":\"https:\\\/\\\/www.malinashop.lt\\\/lt_lt\\\/shop\\\/technique-balje-plauku-kauke-su-keratinu-ir-argano-aliejumi-balje-1000ml\\\/\",\"name\":\"TECHNIQUE BALJE\u2019 plauk\u0173 kauk\u0117 su keratinu ir argano aliejumi BALJE\u2019, 1000ml - MalinaShop.lt J\u016bs\u0173 sveikatai ir gro\u017eiui.\",\"isPartOf\":{\"@id\":\"https:\\\/\\\/www.malinashop.lt\\\/#website\"},\"primaryImageOfPage\":{\"@id\":\"https:\\\/\\\/www.malinashop.lt\\\/lt_lt\\\/shop\\\/technique-balje-plauku-kauke-su-keratinu-ir-argano-aliejumi-balje-1000ml\\\/#primaryimage\"},\"image\":{\"@id\":\"https:\\\/\\\/www.malinashop.lt\\\/lt_lt\\\/shop\\\/technique-balje-plauku-kauke-su-keratinu-ir-argano-aliejumi-balje-1000ml\\\/#primaryimage\"},\"thumbnailUrl\":\"https:\\\/\\\/www.malinashop.lt\\\/wp-content\\\/uploads\\\/2025\\\/11\\\/TECHNIQUE-BALJE-plauku-kauke-su-keratinu-ir-argano-aliejumi-BALJE-1000ml.webp\",\"datePublished\":\"2025-11-01T16:54:37+00:00\",\"dateModified\":\"2026-03-15T17:58:09+00:00\",\"description\":\"TECHNIQUE BALJE\u2019 kauk\u0117 su keratinu ir argano aliejumi atkuria pa\u017eeistus plaukus, suteikia \u017evilgesio, dr\u0117gm\u0117s ir glotnumo. Pagaminta Italijoje.\",\"breadcrumb\":{\"@id\":\"https:\\\/\\\/www.malinashop.lt\\\/lt_lt\\\/shop\\\/technique-balje-plauku-kauke-su-keratinu-ir-argano-aliejumi-balje-1000ml\\\/#breadcrumb\"},\"inLanguage\":\"lt-LT\",\"potentialAction\":[{\"@type\":\"ReadAction\",\"target\":[\"https:\\\/\\\/www.malinashop.lt\\\/lt_lt\\\/shop\\\/technique-balje-plauku-kauke-su-keratinu-ir-argano-aliejumi-balje-1000ml\\\/\"]}]},{\"@type\":\"ImageObject\",\"inLanguage\":\"lt-LT\",\"@id\":\"https:\\\/\\\/www.malinashop.lt\\\/lt_lt\\\/shop\\\/technique-balje-plauku-kauke-su-keratinu-ir-argano-aliejumi-balje-1000ml\\\/#primaryimage\",\"url\":\"https:\\\/\\\/www.malinashop.lt\\\/wp-content\\\/uploads\\\/2025\\\/11\\\/TECHNIQUE-BALJE-plauku-kauke-su-keratinu-ir-argano-aliejumi-BALJE-1000ml.webp\",\"contentUrl\":\"https:\\\/\\\/www.malinashop.lt\\\/wp-content\\\/uploads\\\/2025\\\/11\\\/TECHNIQUE-BALJE-plauku-kauke-su-keratinu-ir-argano-aliejumi-BALJE-1000ml.webp\",\"width\":1536,\"height\":1536},{\"@type\":\"BreadcrumbList\",\"@id\":\"https:\\\/\\\/www.malinashop.lt\\\/lt_lt\\\/shop\\\/technique-balje-plauku-kauke-su-keratinu-ir-argano-aliejumi-balje-1000ml\\\/#breadcrumb\",\"itemListElement\":[{\"@type\":\"ListItem\",\"position\":1,\"name\":\"Pagrindinis\",\"item\":\"https:\\\/\\\/www.malinashop.lt\\\/\"},{\"@type\":\"ListItem\",\"position\":2,\"name\":\"Parduotuv\u0117\",\"item\":\"https:\\\/\\\/www.malinashop.lt\\\/en\\\/parduotuve\\\/\"},{\"@type\":\"ListItem\",\"position\":3,\"name\":\"TECHNIQUE BALJE\u2019 plauk\u0173 kauk\u0117 su keratinu ir argano aliejumi BALJE\u2019, 1000ml\"}]},{\"@type\":\"WebSite\",\"@id\":\"https:\\\/\\\/www.malinashop.lt\\\/#website\",\"url\":\"https:\\\/\\\/www.malinashop.lt\\\/\",\"name\":\"COM Group Ecommerce\",\"description\":\"MalinaShop.lt - Gro\u017eio ir sveikatos produktai i\u0161 patikim\u0173 preki\u0173 \u017eenkl\u0173. Atraskite auk\u0161tos kokyb\u0117s kosmetik\u0105 u\u017e puiki\u0105 kain\u0105.\",\"publisher\":{\"@id\":\"https:\\\/\\\/www.malinashop.lt\\\/#organization\"},\"potentialAction\":[{\"@type\":\"SearchAction\",\"target\":{\"@type\":\"EntryPoint\",\"urlTemplate\":\"https:\\\/\\\/www.malinashop.lt\\\/?s={search_term_string}\"},\"query-input\":{\"@type\":\"PropertyValueSpecification\",\"valueRequired\":true,\"valueName\":\"search_term_string\"}}],\"inLanguage\":\"lt-LT\"},{\"@type\":\"Organization\",\"@id\":\"https:\\\/\\\/www.malinashop.lt\\\/#organization\",\"name\":\"COM Group Ecommerce\",\"url\":\"https:\\\/\\\/www.malinashop.lt\\\/\",\"logo\":{\"@type\":\"ImageObject\",\"inLanguage\":\"lt-LT\",\"@id\":\"https:\\\/\\\/www.malinashop.lt\\\/#\\\/schema\\\/logo\\\/image\\\/\",\"url\":\"https:\\\/\\\/www.malinashop.lt\\\/wp-content\\\/uploads\\\/2024\\\/08\\\/462559670_3787732518133670_9795632669273463_n-e1731525914575.png\",\"contentUrl\":\"https:\\\/\\\/www.malinashop.lt\\\/wp-content\\\/uploads\\\/2024\\\/08\\\/462559670_3787732518133670_9795632669273463_n-e1731525914575.png\",\"width\":180,\"height\":60,\"caption\":\"COM Group Ecommerce\"},\"image\":{\"@id\":\"https:\\\/\\\/www.malinashop.lt\\\/#\\\/schema\\\/logo\\\/image\\\/\"}}]}<\/script>\n<!-- \/ Yoast SEO plugin. -->","yoast_head_json":{"title":"TECHNIQUE BALJE\u2019 plauk\u0173 kauk\u0117 su keratinu ir argano aliejumi BALJE\u2019, 1000ml - MalinaShop.lt J\u016bs\u0173 sveikatai ir gro\u017eiui.","description":"TECHNIQUE BALJE\u2019 kauk\u0117 su keratinu ir argano aliejumi atkuria pa\u017eeistus plaukus, suteikia \u017evilgesio, dr\u0117gm\u0117s ir glotnumo. Pagaminta Italijoje.","robots":{"index":"index","follow":"follow","max-snippet":"max-snippet:-1","max-image-preview":"max-image-preview:large","max-video-preview":"max-video-preview:-1"},"canonical":"https:\/\/www.malinashop.lt\/lt_lt\/shop\/technique-balje-plauku-kauke-su-keratinu-ir-argano-aliejumi-balje-1000ml\/","og_locale":"lt_LT","og_type":"article","og_title":"TECHNIQUE BALJE\u2019 plauk\u0173 kauk\u0117 su keratinu ir argano aliejumi BALJE\u2019, 1000ml - MalinaShop.lt J\u016bs\u0173 sveikatai ir gro\u017eiui.","og_description":"TECHNIQUE BALJE\u2019 kauk\u0117 su keratinu ir argano aliejumi atkuria pa\u017eeistus plaukus, suteikia \u017evilgesio, dr\u0117gm\u0117s ir glotnumo. Pagaminta Italijoje.","og_url":"https:\/\/www.malinashop.lt\/lt_lt\/shop\/technique-balje-plauku-kauke-su-keratinu-ir-argano-aliejumi-balje-1000ml\/","og_site_name":"MalinaShop.lt J\u016bs\u0173 sveikatai ir gro\u017eiui.","article_modified_time":"2026-03-15T17:58:09+00:00","og_image":[{"width":1536,"height":1536,"url":"https:\/\/www.malinashop.lt\/wp-content\/uploads\/2025\/11\/TECHNIQUE-BALJE-plauku-kauke-su-keratinu-ir-argano-aliejumi-BALJE-1000ml.webp","type":"image\/webp"}],"twitter_card":"summary_large_image","schema":{"@context":"https:\/\/schema.org","@graph":[{"@type":"WebPage","@id":"https:\/\/www.malinashop.lt\/lt_lt\/shop\/technique-balje-plauku-kauke-su-keratinu-ir-argano-aliejumi-balje-1000ml\/","url":"https:\/\/www.malinashop.lt\/lt_lt\/shop\/technique-balje-plauku-kauke-su-keratinu-ir-argano-aliejumi-balje-1000ml\/","name":"TECHNIQUE BALJE\u2019 plauk\u0173 kauk\u0117 su keratinu ir argano aliejumi BALJE\u2019, 1000ml - MalinaShop.lt J\u016bs\u0173 sveikatai ir gro\u017eiui.","isPartOf":{"@id":"https:\/\/www.malinashop.lt\/#website"},"primaryImageOfPage":{"@id":"https:\/\/www.malinashop.lt\/lt_lt\/shop\/technique-balje-plauku-kauke-su-keratinu-ir-argano-aliejumi-balje-1000ml\/#primaryimage"},"image":{"@id":"https:\/\/www.malinashop.lt\/lt_lt\/shop\/technique-balje-plauku-kauke-su-keratinu-ir-argano-aliejumi-balje-1000ml\/#primaryimage"},"thumbnailUrl":"https:\/\/www.malinashop.lt\/wp-content\/uploads\/2025\/11\/TECHNIQUE-BALJE-plauku-kauke-su-keratinu-ir-argano-aliejumi-BALJE-1000ml.webp","datePublished":"2025-11-01T16:54:37+00:00","dateModified":"2026-03-15T17:58:09+00:00","description":"TECHNIQUE BALJE\u2019 kauk\u0117 su keratinu ir argano aliejumi atkuria pa\u017eeistus plaukus, suteikia \u017evilgesio, dr\u0117gm\u0117s ir glotnumo. Pagaminta Italijoje.","breadcrumb":{"@id":"https:\/\/www.malinashop.lt\/lt_lt\/shop\/technique-balje-plauku-kauke-su-keratinu-ir-argano-aliejumi-balje-1000ml\/#breadcrumb"},"inLanguage":"lt-LT","potentialAction":[{"@type":"ReadAction","target":["https:\/\/www.malinashop.lt\/lt_lt\/shop\/technique-balje-plauku-kauke-su-keratinu-ir-argano-aliejumi-balje-1000ml\/"]}]},{"@type":"ImageObject","inLanguage":"lt-LT","@id":"https:\/\/www.malinashop.lt\/lt_lt\/shop\/technique-balje-plauku-kauke-su-keratinu-ir-argano-aliejumi-balje-1000ml\/#primaryimage","url":"https:\/\/www.malinashop.lt\/wp-content\/uploads\/2025\/11\/TECHNIQUE-BALJE-plauku-kauke-su-keratinu-ir-argano-aliejumi-BALJE-1000ml.webp","contentUrl":"https:\/\/www.malinashop.lt\/wp-content\/uploads\/2025\/11\/TECHNIQUE-BALJE-plauku-kauke-su-keratinu-ir-argano-aliejumi-BALJE-1000ml.webp","width":1536,"height":1536},{"@type":"BreadcrumbList","@id":"https:\/\/www.malinashop.lt\/lt_lt\/shop\/technique-balje-plauku-kauke-su-keratinu-ir-argano-aliejumi-balje-1000ml\/#breadcrumb","itemListElement":[{"@type":"ListItem","position":1,"name":"Pagrindinis","item":"https:\/\/www.malinashop.lt\/"},{"@type":"ListItem","position":2,"name":"Parduotuv\u0117","item":"https:\/\/www.malinashop.lt\/en\/parduotuve\/"},{"@type":"ListItem","position":3,"name":"TECHNIQUE BALJE\u2019 plauk\u0173 kauk\u0117 su keratinu ir argano aliejumi BALJE\u2019, 1000ml"}]},{"@type":"WebSite","@id":"https:\/\/www.malinashop.lt\/#website","url":"https:\/\/www.malinashop.lt\/","name":"COM Group Ecommerce","description":"MalinaShop.lt - Gro\u017eio ir sveikatos produktai i\u0161 patikim\u0173 preki\u0173 \u017eenkl\u0173. Atraskite auk\u0161tos kokyb\u0117s kosmetik\u0105 u\u017e puiki\u0105 kain\u0105.","publisher":{"@id":"https:\/\/www.malinashop.lt\/#organization"},"potentialAction":[{"@type":"SearchAction","target":{"@type":"EntryPoint","urlTemplate":"https:\/\/www.malinashop.lt\/?s={search_term_string}"},"query-input":{"@type":"PropertyValueSpecification","valueRequired":true,"valueName":"search_term_string"}}],"inLanguage":"lt-LT"},{"@type":"Organization","@id":"https:\/\/www.malinashop.lt\/#organization","name":"COM Group Ecommerce","url":"https:\/\/www.malinashop.lt\/","logo":{"@type":"ImageObject","inLanguage":"lt-LT","@id":"https:\/\/www.malinashop.lt\/#\/schema\/logo\/image\/","url":"https:\/\/www.malinashop.lt\/wp-content\/uploads\/2024\/08\/462559670_3787732518133670_9795632669273463_n-e1731525914575.png","contentUrl":"https:\/\/www.malinashop.lt\/wp-content\/uploads\/2024\/08\/462559670_3787732518133670_9795632669273463_n-e1731525914575.png","width":180,"height":60,"caption":"COM Group Ecommerce"},"image":{"@id":"https:\/\/www.malinashop.lt\/#\/schema\/logo\/image\/"}}]}},"jetpack_sharing_enabled":true,"_links":{"self":[{"href":"https:\/\/www.malinashop.lt\/lt_lt\/wp-json\/wp\/v2\/product\/60153","targetHints":{"allow":["GET"]}}],"collection":[{"href":"https:\/\/www.malinashop.lt\/lt_lt\/wp-json\/wp\/v2\/product"}],"about":[{"href":"https:\/\/www.malinashop.lt\/lt_lt\/wp-json\/wp\/v2\/types\/product"}],"version-history":[{"count":1,"href":"https:\/\/www.malinashop.lt\/lt_lt\/wp-json\/wp\/v2\/product\/60153\/revisions"}],"predecessor-version":[{"id":60155,"href":"https:\/\/www.malinashop.lt\/lt_lt\/wp-json\/wp\/v2\/product\/60153\/revisions\/60155"}],"wp:featuredmedia":[{"embeddable":true,"href":"https:\/\/www.malinashop.lt\/lt_lt\/wp-json\/wp\/v2\/media\/60154"}],"wp:attachment":[{"href":"https:\/\/www.malinashop.lt\/lt_lt\/wp-json\/wp\/v2\/media?parent=60153"}],"wp:term":[{"taxonomy":"product_brand","embeddable":true,"href":"https:\/\/www.malinashop.lt\/lt_lt\/wp-json\/wp\/v2\/product_brand?post=60153"},{"taxonomy":"product_cat","embeddable":true,"href":"https:\/\/www.malinashop.lt\/lt_lt\/wp-json\/wp\/v2\/product_cat?post=60153"},{"taxonomy":"product_tag","embeddable":true,"href":"https:\/\/www.malinashop.lt\/lt_lt\/wp-json\/wp\/v2\/product_tag?post=60153"}],"curies":[{"name":"wp","href":"https:\/\/api.w.org\/{rel}","templated":true}]}}