{"id":60041,"date":"2025-10-29T22:03:09","date_gmt":"2025-10-29T19:03:09","guid":{"rendered":"https:\/\/malinashop.lt\/?post_type=product&#038;p=60041"},"modified":"2026-04-08T13:21:09","modified_gmt":"2026-04-08T10:21:09","slug":"linea-35-vigneto-imperiale-namu-kvapu-difuzorius-500ml","status":"publish","type":"product","link":"https:\/\/www.malinashop.lt\/lt_lt\/shop\/linea-35-vigneto-imperiale-namu-kvapu-difuzorius-500ml\/","title":{"rendered":"LINEA 35 VIGNETO IMPERIALE nam\u0173 kvap\u0173 difuzorius, 500ml"},"content":{"rendered":"<p data-start=\"471\" data-end=\"765\"><strong data-start=\"471\" data-end=\"501\">LINEA 35 VIGNETO IMPERIALE<\/strong> kvap\u0173 difuzorius \u2013 tai <strong data-start=\"525\" data-end=\"577\">sald\u017eios nostalgijos ir elegancijos susiliejimas<\/strong>, primenantis <strong data-start=\"591\" data-end=\"638\">pasivaik\u0161\u010diojim\u0105 uog\u0173 sodu vasaros pavakar\u0119<\/strong>. Kvapas skleid\u017eia <strong data-start=\"657\" data-end=\"710\">brand\u017ei\u0173 vaisi\u0173, \u0161velni\u0173 \u017eied\u0173 ir \u0161iltos medienos<\/strong> derm\u0119, sukuriant jauk\u0173 ir romanti\u0161k\u0105 jausm\u0105 namuose.<\/p>\n<p data-start=\"767\" data-end=\"1083\">Vir\u0161utin\u0117se natose atsiskleid\u017eia <strong data-start=\"800\" data-end=\"837\">Mirabel\u0117s slyvos, bra\u0161k\u0117s ir uog\u0173<\/strong> saldumas, suteikiantis gaivumo ir lengvumo. Vidurin\u0117s natos \u2013 <strong data-start=\"900\" data-end=\"935\">\u017eibuokl\u0117, jazminas ir gardenija<\/strong> \u2013 pripildo kvap\u0105 subtilios g\u0117li\u0161kos elegancijos. Bazin\u0117se natose \u2013 <strong data-start=\"1003\" data-end=\"1026\">brandintos medienos<\/strong> aromatas, suteikiantis gilumo, \u0161ilumos ir i\u0161liekamumo.<\/p>\n<p data-start=\"1085\" data-end=\"1284\"><strong data-start=\"1085\" data-end=\"1106\">VIGNETO IMPERIALE<\/strong> \u2013 tai <strong data-start=\"1113\" data-end=\"1163\">vasaros \u0161ilumos ir \u0161viesios nostalgijos kvapas<\/strong>, tobulai tinkantis svetainei, miegamajam ar poilsio erdvei, kur norisi sukurti ramyb\u0117s, \u0161velnumo ir jaukumo atmosfer\u0105.<\/p>\n<p data-start=\"1286\" data-end=\"1304\"><strong data-start=\"1286\" data-end=\"1302\">Kvapo natos:<\/strong><\/p>\n<ul data-start=\"1305\" data-end=\"1427\">\n<li data-start=\"1305\" data-end=\"1351\">\n<p data-start=\"1307\" data-end=\"1351\">Vir\u0161utin\u0117s: Mirabel\u0117s slyva, bra\u0161k\u0117, uogos<\/p>\n<\/li>\n<li data-start=\"1352\" data-end=\"1396\">\n<p data-start=\"1354\" data-end=\"1396\">Vidurin\u0117s: \u017eibuokl\u0117, jazminas, gardenija<\/p>\n<\/li>\n<li data-start=\"1397\" data-end=\"1427\">\n<p data-start=\"1399\" data-end=\"1427\">Bazin\u0117s: brandinta mediena<\/p>\n<\/li>\n<\/ul>\n<p data-start=\"1429\" data-end=\"1719\"><strong data-start=\"1429\" data-end=\"1444\">Naudojimas:<\/strong><br data-start=\"1444\" data-end=\"1447\" \/>Nuimkite buteliuko dangtel\u012f, pakeiskite j\u012f dekoratyviniu ir \u012fmerkite pagaliukus \u012f kvap\u0105. Kad aromatas sklist\u0173 tolygiai, pagaliukus periodi\u0161kai apverskite. Produkt\u0105 statykite ant stabilaus ir saugaus pavir\u0161iaus, atokiau nuo tiesiogin\u0117s saul\u0117s \u0161viesos ir \u0161ilumos \u0161altini\u0173.<\/p>\n<p data-start=\"1721\" data-end=\"1884\"><strong data-start=\"1721\" data-end=\"1745\">Pagaminta Italijoje.<\/strong><br data-start=\"1745\" data-end=\"1748\" \/>Visi <strong data-start=\"1753\" data-end=\"1765\">LINEA 35<\/strong> nam\u0173 kvapai \u2013 difuzoriai gaminami Italijoje, pasi\u017eymintys auk\u0161ta kokybe, i\u0161liekamumu ir autenti\u0161ku itali\u0161ku aromatu.<\/p>\n","protected":false},"excerpt":{"rendered":"<p data-start=\"118\" data-end=\"292\">Itali\u0161kas LINEA 35 VIGNETO IMPERIALE difuzorius \u2013 \u0161velnus uog\u0173, \u017eied\u0173 ir medienos kvapas, sukuriantis sald\u017eios nostalgijos bei vasaros \u0161ilumos jausm\u0105.<\/p>\n","protected":false},"featured_media":60042,"template":"","meta":[],"product_brand":[1362],"product_cat":[1140,573,562],"product_tag":[1608],"class_list":{"0":"post-60041","1":"product","2":"type-product","3":"status-publish","4":"has-post-thumbnail","6":"product_brand-linea-35","7":"product_cat-namu-kvapai","8":"product_cat-namu-kvapai-2","9":"product_cat-sandelio-valymas","10":"product_tag-linea35","12":"first","13":"instock","14":"sale","15":"taxable","16":"shipping-taxable","17":"purchasable","18":"product-type-simple"},"yoast_head":"<!-- This site is optimized with the Yoast SEO plugin v27.4 - https:\/\/yoast.com\/product\/yoast-seo-wordpress\/ -->\n<title>LINEA 35 VIGNETO IMPERIALE nam\u0173 kvap\u0173 difuzorius, 500ml - MalinaShop.lt J\u016bs\u0173 sveikatai ir gro\u017eiui.<\/title>\n<meta name=\"description\" content=\"LINEA 35 VIGNETO IMPERIALE \u2013 itali\u0161kas uog\u0173, g\u0117li\u0173 ir medienos kvapas, pripildantis namus \u0161ilumos, \u0161velnumo ir vasaros nostalgijos.\" \/>\n<meta name=\"robots\" content=\"index, follow, max-snippet:-1, max-image-preview:large, max-video-preview:-1\" \/>\n<link rel=\"canonical\" href=\"https:\/\/www.malinashop.lt\/lt_lt\/shop\/linea-35-vigneto-imperiale-namu-kvapu-difuzorius-500ml\/\" \/>\n<meta property=\"og:locale\" content=\"lt_LT\" \/>\n<meta property=\"og:type\" content=\"article\" \/>\n<meta property=\"og:title\" content=\"LINEA 35 VIGNETO IMPERIALE nam\u0173 kvap\u0173 difuzorius, 500ml - MalinaShop.lt J\u016bs\u0173 sveikatai ir gro\u017eiui.\" \/>\n<meta property=\"og:description\" content=\"LINEA 35 VIGNETO IMPERIALE \u2013 itali\u0161kas uog\u0173, g\u0117li\u0173 ir medienos kvapas, pripildantis namus \u0161ilumos, \u0161velnumo ir vasaros nostalgijos.\" \/>\n<meta property=\"og:url\" content=\"https:\/\/www.malinashop.lt\/lt_lt\/shop\/linea-35-vigneto-imperiale-namu-kvapu-difuzorius-500ml\/\" \/>\n<meta property=\"og:site_name\" content=\"MalinaShop.lt J\u016bs\u0173 sveikatai ir gro\u017eiui.\" \/>\n<meta property=\"article:modified_time\" content=\"2026-04-08T10:21:09+00:00\" \/>\n<meta property=\"og:image\" content=\"https:\/\/www.malinashop.lt\/wp-content\/uploads\/2025\/10\/LINEA-35-VIGNETO-IMPERIALE-namu-kvapu-difuzorius-500ml.webp\" \/>\n\t<meta property=\"og:image:width\" content=\"990\" \/>\n\t<meta property=\"og:image:height\" content=\"990\" \/>\n\t<meta property=\"og:image:type\" content=\"image\/webp\" \/>\n<meta name=\"twitter:card\" content=\"summary_large_image\" \/>\n<script type=\"application\/ld+json\" class=\"yoast-schema-graph\">{\"@context\":\"https:\\\/\\\/schema.org\",\"@graph\":[{\"@type\":\"WebPage\",\"@id\":\"https:\\\/\\\/www.malinashop.lt\\\/lt_lt\\\/shop\\\/linea-35-vigneto-imperiale-namu-kvapu-difuzorius-500ml\\\/\",\"url\":\"https:\\\/\\\/www.malinashop.lt\\\/lt_lt\\\/shop\\\/linea-35-vigneto-imperiale-namu-kvapu-difuzorius-500ml\\\/\",\"name\":\"LINEA 35 VIGNETO IMPERIALE nam\u0173 kvap\u0173 difuzorius, 500ml - MalinaShop.lt J\u016bs\u0173 sveikatai ir gro\u017eiui.\",\"isPartOf\":{\"@id\":\"https:\\\/\\\/www.malinashop.lt\\\/#website\"},\"primaryImageOfPage\":{\"@id\":\"https:\\\/\\\/www.malinashop.lt\\\/lt_lt\\\/shop\\\/linea-35-vigneto-imperiale-namu-kvapu-difuzorius-500ml\\\/#primaryimage\"},\"image\":{\"@id\":\"https:\\\/\\\/www.malinashop.lt\\\/lt_lt\\\/shop\\\/linea-35-vigneto-imperiale-namu-kvapu-difuzorius-500ml\\\/#primaryimage\"},\"thumbnailUrl\":\"https:\\\/\\\/www.malinashop.lt\\\/wp-content\\\/uploads\\\/2025\\\/10\\\/LINEA-35-VIGNETO-IMPERIALE-namu-kvapu-difuzorius-500ml.webp\",\"datePublished\":\"2025-10-29T19:03:09+00:00\",\"dateModified\":\"2026-04-08T10:21:09+00:00\",\"description\":\"LINEA 35 VIGNETO IMPERIALE \u2013 itali\u0161kas uog\u0173, g\u0117li\u0173 ir medienos kvapas, pripildantis namus \u0161ilumos, \u0161velnumo ir vasaros nostalgijos.\",\"breadcrumb\":{\"@id\":\"https:\\\/\\\/www.malinashop.lt\\\/lt_lt\\\/shop\\\/linea-35-vigneto-imperiale-namu-kvapu-difuzorius-500ml\\\/#breadcrumb\"},\"inLanguage\":\"lt-LT\",\"potentialAction\":[{\"@type\":\"ReadAction\",\"target\":[\"https:\\\/\\\/www.malinashop.lt\\\/lt_lt\\\/shop\\\/linea-35-vigneto-imperiale-namu-kvapu-difuzorius-500ml\\\/\"]}]},{\"@type\":\"ImageObject\",\"inLanguage\":\"lt-LT\",\"@id\":\"https:\\\/\\\/www.malinashop.lt\\\/lt_lt\\\/shop\\\/linea-35-vigneto-imperiale-namu-kvapu-difuzorius-500ml\\\/#primaryimage\",\"url\":\"https:\\\/\\\/www.malinashop.lt\\\/wp-content\\\/uploads\\\/2025\\\/10\\\/LINEA-35-VIGNETO-IMPERIALE-namu-kvapu-difuzorius-500ml.webp\",\"contentUrl\":\"https:\\\/\\\/www.malinashop.lt\\\/wp-content\\\/uploads\\\/2025\\\/10\\\/LINEA-35-VIGNETO-IMPERIALE-namu-kvapu-difuzorius-500ml.webp\",\"width\":990,\"height\":990},{\"@type\":\"BreadcrumbList\",\"@id\":\"https:\\\/\\\/www.malinashop.lt\\\/lt_lt\\\/shop\\\/linea-35-vigneto-imperiale-namu-kvapu-difuzorius-500ml\\\/#breadcrumb\",\"itemListElement\":[{\"@type\":\"ListItem\",\"position\":1,\"name\":\"Pagrindinis\",\"item\":\"https:\\\/\\\/www.malinashop.lt\\\/\"},{\"@type\":\"ListItem\",\"position\":2,\"name\":\"Parduotuv\u0117\",\"item\":\"https:\\\/\\\/www.malinashop.lt\\\/en\\\/parduotuve\\\/\"},{\"@type\":\"ListItem\",\"position\":3,\"name\":\"LINEA 35 VIGNETO IMPERIALE nam\u0173 kvap\u0173 difuzorius, 500ml\"}]},{\"@type\":\"WebSite\",\"@id\":\"https:\\\/\\\/www.malinashop.lt\\\/#website\",\"url\":\"https:\\\/\\\/www.malinashop.lt\\\/\",\"name\":\"COM Group Ecommerce\",\"description\":\"MalinaShop.lt - Gro\u017eio ir sveikatos produktai i\u0161 patikim\u0173 preki\u0173 \u017eenkl\u0173. Atraskite auk\u0161tos kokyb\u0117s kosmetik\u0105 u\u017e puiki\u0105 kain\u0105.\",\"publisher\":{\"@id\":\"https:\\\/\\\/www.malinashop.lt\\\/#organization\"},\"potentialAction\":[{\"@type\":\"SearchAction\",\"target\":{\"@type\":\"EntryPoint\",\"urlTemplate\":\"https:\\\/\\\/www.malinashop.lt\\\/?s={search_term_string}\"},\"query-input\":{\"@type\":\"PropertyValueSpecification\",\"valueRequired\":true,\"valueName\":\"search_term_string\"}}],\"inLanguage\":\"lt-LT\"},{\"@type\":\"Organization\",\"@id\":\"https:\\\/\\\/www.malinashop.lt\\\/#organization\",\"name\":\"COM Group Ecommerce\",\"url\":\"https:\\\/\\\/www.malinashop.lt\\\/\",\"logo\":{\"@type\":\"ImageObject\",\"inLanguage\":\"lt-LT\",\"@id\":\"https:\\\/\\\/www.malinashop.lt\\\/#\\\/schema\\\/logo\\\/image\\\/\",\"url\":\"https:\\\/\\\/www.malinashop.lt\\\/wp-content\\\/uploads\\\/2024\\\/08\\\/462559670_3787732518133670_9795632669273463_n-e1731525914575.png\",\"contentUrl\":\"https:\\\/\\\/www.malinashop.lt\\\/wp-content\\\/uploads\\\/2024\\\/08\\\/462559670_3787732518133670_9795632669273463_n-e1731525914575.png\",\"width\":180,\"height\":60,\"caption\":\"COM Group Ecommerce\"},\"image\":{\"@id\":\"https:\\\/\\\/www.malinashop.lt\\\/#\\\/schema\\\/logo\\\/image\\\/\"}}]}<\/script>\n<!-- \/ Yoast SEO plugin. -->","yoast_head_json":{"title":"LINEA 35 VIGNETO IMPERIALE nam\u0173 kvap\u0173 difuzorius, 500ml - MalinaShop.lt J\u016bs\u0173 sveikatai ir gro\u017eiui.","description":"LINEA 35 VIGNETO IMPERIALE \u2013 itali\u0161kas uog\u0173, g\u0117li\u0173 ir medienos kvapas, pripildantis namus \u0161ilumos, \u0161velnumo ir vasaros nostalgijos.","robots":{"index":"index","follow":"follow","max-snippet":"max-snippet:-1","max-image-preview":"max-image-preview:large","max-video-preview":"max-video-preview:-1"},"canonical":"https:\/\/www.malinashop.lt\/lt_lt\/shop\/linea-35-vigneto-imperiale-namu-kvapu-difuzorius-500ml\/","og_locale":"lt_LT","og_type":"article","og_title":"LINEA 35 VIGNETO IMPERIALE nam\u0173 kvap\u0173 difuzorius, 500ml - MalinaShop.lt J\u016bs\u0173 sveikatai ir gro\u017eiui.","og_description":"LINEA 35 VIGNETO IMPERIALE \u2013 itali\u0161kas uog\u0173, g\u0117li\u0173 ir medienos kvapas, pripildantis namus \u0161ilumos, \u0161velnumo ir vasaros nostalgijos.","og_url":"https:\/\/www.malinashop.lt\/lt_lt\/shop\/linea-35-vigneto-imperiale-namu-kvapu-difuzorius-500ml\/","og_site_name":"MalinaShop.lt J\u016bs\u0173 sveikatai ir gro\u017eiui.","article_modified_time":"2026-04-08T10:21:09+00:00","og_image":[{"width":990,"height":990,"url":"https:\/\/www.malinashop.lt\/wp-content\/uploads\/2025\/10\/LINEA-35-VIGNETO-IMPERIALE-namu-kvapu-difuzorius-500ml.webp","type":"image\/webp"}],"twitter_card":"summary_large_image","schema":{"@context":"https:\/\/schema.org","@graph":[{"@type":"WebPage","@id":"https:\/\/www.malinashop.lt\/lt_lt\/shop\/linea-35-vigneto-imperiale-namu-kvapu-difuzorius-500ml\/","url":"https:\/\/www.malinashop.lt\/lt_lt\/shop\/linea-35-vigneto-imperiale-namu-kvapu-difuzorius-500ml\/","name":"LINEA 35 VIGNETO IMPERIALE nam\u0173 kvap\u0173 difuzorius, 500ml - MalinaShop.lt J\u016bs\u0173 sveikatai ir gro\u017eiui.","isPartOf":{"@id":"https:\/\/www.malinashop.lt\/#website"},"primaryImageOfPage":{"@id":"https:\/\/www.malinashop.lt\/lt_lt\/shop\/linea-35-vigneto-imperiale-namu-kvapu-difuzorius-500ml\/#primaryimage"},"image":{"@id":"https:\/\/www.malinashop.lt\/lt_lt\/shop\/linea-35-vigneto-imperiale-namu-kvapu-difuzorius-500ml\/#primaryimage"},"thumbnailUrl":"https:\/\/www.malinashop.lt\/wp-content\/uploads\/2025\/10\/LINEA-35-VIGNETO-IMPERIALE-namu-kvapu-difuzorius-500ml.webp","datePublished":"2025-10-29T19:03:09+00:00","dateModified":"2026-04-08T10:21:09+00:00","description":"LINEA 35 VIGNETO IMPERIALE \u2013 itali\u0161kas uog\u0173, g\u0117li\u0173 ir medienos kvapas, pripildantis namus \u0161ilumos, \u0161velnumo ir vasaros nostalgijos.","breadcrumb":{"@id":"https:\/\/www.malinashop.lt\/lt_lt\/shop\/linea-35-vigneto-imperiale-namu-kvapu-difuzorius-500ml\/#breadcrumb"},"inLanguage":"lt-LT","potentialAction":[{"@type":"ReadAction","target":["https:\/\/www.malinashop.lt\/lt_lt\/shop\/linea-35-vigneto-imperiale-namu-kvapu-difuzorius-500ml\/"]}]},{"@type":"ImageObject","inLanguage":"lt-LT","@id":"https:\/\/www.malinashop.lt\/lt_lt\/shop\/linea-35-vigneto-imperiale-namu-kvapu-difuzorius-500ml\/#primaryimage","url":"https:\/\/www.malinashop.lt\/wp-content\/uploads\/2025\/10\/LINEA-35-VIGNETO-IMPERIALE-namu-kvapu-difuzorius-500ml.webp","contentUrl":"https:\/\/www.malinashop.lt\/wp-content\/uploads\/2025\/10\/LINEA-35-VIGNETO-IMPERIALE-namu-kvapu-difuzorius-500ml.webp","width":990,"height":990},{"@type":"BreadcrumbList","@id":"https:\/\/www.malinashop.lt\/lt_lt\/shop\/linea-35-vigneto-imperiale-namu-kvapu-difuzorius-500ml\/#breadcrumb","itemListElement":[{"@type":"ListItem","position":1,"name":"Pagrindinis","item":"https:\/\/www.malinashop.lt\/"},{"@type":"ListItem","position":2,"name":"Parduotuv\u0117","item":"https:\/\/www.malinashop.lt\/en\/parduotuve\/"},{"@type":"ListItem","position":3,"name":"LINEA 35 VIGNETO IMPERIALE nam\u0173 kvap\u0173 difuzorius, 500ml"}]},{"@type":"WebSite","@id":"https:\/\/www.malinashop.lt\/#website","url":"https:\/\/www.malinashop.lt\/","name":"COM Group Ecommerce","description":"MalinaShop.lt - Gro\u017eio ir sveikatos produktai i\u0161 patikim\u0173 preki\u0173 \u017eenkl\u0173. Atraskite auk\u0161tos kokyb\u0117s kosmetik\u0105 u\u017e puiki\u0105 kain\u0105.","publisher":{"@id":"https:\/\/www.malinashop.lt\/#organization"},"potentialAction":[{"@type":"SearchAction","target":{"@type":"EntryPoint","urlTemplate":"https:\/\/www.malinashop.lt\/?s={search_term_string}"},"query-input":{"@type":"PropertyValueSpecification","valueRequired":true,"valueName":"search_term_string"}}],"inLanguage":"lt-LT"},{"@type":"Organization","@id":"https:\/\/www.malinashop.lt\/#organization","name":"COM Group Ecommerce","url":"https:\/\/www.malinashop.lt\/","logo":{"@type":"ImageObject","inLanguage":"lt-LT","@id":"https:\/\/www.malinashop.lt\/#\/schema\/logo\/image\/","url":"https:\/\/www.malinashop.lt\/wp-content\/uploads\/2024\/08\/462559670_3787732518133670_9795632669273463_n-e1731525914575.png","contentUrl":"https:\/\/www.malinashop.lt\/wp-content\/uploads\/2024\/08\/462559670_3787732518133670_9795632669273463_n-e1731525914575.png","width":180,"height":60,"caption":"COM Group Ecommerce"},"image":{"@id":"https:\/\/www.malinashop.lt\/#\/schema\/logo\/image\/"}}]}},"jetpack_sharing_enabled":true,"_links":{"self":[{"href":"https:\/\/www.malinashop.lt\/lt_lt\/wp-json\/wp\/v2\/product\/60041","targetHints":{"allow":["GET"]}}],"collection":[{"href":"https:\/\/www.malinashop.lt\/lt_lt\/wp-json\/wp\/v2\/product"}],"about":[{"href":"https:\/\/www.malinashop.lt\/lt_lt\/wp-json\/wp\/v2\/types\/product"}],"version-history":[{"count":1,"href":"https:\/\/www.malinashop.lt\/lt_lt\/wp-json\/wp\/v2\/product\/60041\/revisions"}],"predecessor-version":[{"id":60043,"href":"https:\/\/www.malinashop.lt\/lt_lt\/wp-json\/wp\/v2\/product\/60041\/revisions\/60043"}],"wp:featuredmedia":[{"embeddable":true,"href":"https:\/\/www.malinashop.lt\/lt_lt\/wp-json\/wp\/v2\/media\/60042"}],"wp:attachment":[{"href":"https:\/\/www.malinashop.lt\/lt_lt\/wp-json\/wp\/v2\/media?parent=60041"}],"wp:term":[{"taxonomy":"product_brand","embeddable":true,"href":"https:\/\/www.malinashop.lt\/lt_lt\/wp-json\/wp\/v2\/product_brand?post=60041"},{"taxonomy":"product_cat","embeddable":true,"href":"https:\/\/www.malinashop.lt\/lt_lt\/wp-json\/wp\/v2\/product_cat?post=60041"},{"taxonomy":"product_tag","embeddable":true,"href":"https:\/\/www.malinashop.lt\/lt_lt\/wp-json\/wp\/v2\/product_tag?post=60041"}],"curies":[{"name":"wp","href":"https:\/\/api.w.org\/{rel}","templated":true}]}}