{"id":60038,"date":"2025-10-29T22:01:26","date_gmt":"2025-10-29T19:01:26","guid":{"rendered":"https:\/\/malinashop.lt\/?post_type=product&#038;p=60038"},"modified":"2026-02-12T12:37:08","modified_gmt":"2026-02-12T09:37:08","slug":"linea-35-arancio-e-cannella-namu-kvapu-difuzorius-500ml","status":"publish","type":"product","link":"https:\/\/www.malinashop.lt\/lt_lt\/shop\/linea-35-arancio-e-cannella-namu-kvapu-difuzorius-500ml\/","title":{"rendered":"LINEA 35 ARANCIO E CANNELLA nam\u0173 kvap\u0173 difuzorius, 500ml"},"content":{"rendered":"<p data-start=\"479\" data-end=\"789\"><strong data-start=\"479\" data-end=\"510\">LINEA 35 ARANCIO E CANNELLA<\/strong> kvap\u0173 difuzorius \u2013 tai <strong data-start=\"534\" data-end=\"584\">\u0161iltas, jaukus ir i\u0161skirtinai kvapnus aromatas<\/strong>, apgaubiantis namus <strong data-start=\"605\" data-end=\"642\">apelsino gaiva ir cinamono \u0161iluma<\/strong>. \u0160is kvapas tarsi kvie\u010dia leistis \u012f <strong data-start=\"679\" data-end=\"727\">aromating\u0105 kelion\u0119 po Italijos \u017eiemos turgus<\/strong>, kur oras prisipildo sald\u017eiai prieskoni\u0161k\u0173 nat\u0173 ir jaukumo.<\/p>\n<p data-start=\"791\" data-end=\"1071\">Vir\u0161utin\u0117se natose dominuoja <strong data-start=\"820\" data-end=\"848\">apelsino citrusin\u0117 gaiva<\/strong>, kuri \u012fne\u0161a energijos ir \u0161viesos. Vidurin\u0117se \u2013 <strong data-start=\"896\" data-end=\"909\">cinamonas<\/strong>, suteikiantis kvapui \u0161ilumos, jaukumo ir subtilaus prieskoni\u0161kumo. Bazin\u0117se natose \u2013 <strong data-start=\"995\" data-end=\"1016\">baltasis muskusas<\/strong>, i\u0161laikantis \u0161varos, mink\u0161tumo ir harmonijos poj\u016bt\u012f.<\/p>\n<p data-start=\"1073\" data-end=\"1326\"><strong data-start=\"1073\" data-end=\"1095\">ARANCIO E CANNELLA<\/strong> \u2013 tai <strong data-start=\"1102\" data-end=\"1145\">idealus kvapas rudens ir \u017eiemos sezonui<\/strong>, sukuriantis <strong data-start=\"1159\" data-end=\"1205\">ramyb\u0117s, \u0161ilumos ir nam\u0173 jaukumo atmosfer\u0105<\/strong>. Puikiai tinka svetainei, miegamajam ar darbo kambariui \u2013 ten, kur norisi sukurti malon\u0173, subalansuot\u0105 aromatin\u012f fon\u0105.<\/p>\n<p data-start=\"1328\" data-end=\"1346\"><strong data-start=\"1328\" data-end=\"1344\">Kvapo natos:<\/strong><\/p>\n<ul data-start=\"1347\" data-end=\"1428\">\n<li data-start=\"1347\" data-end=\"1372\">\n<p data-start=\"1349\" data-end=\"1372\">Vir\u0161utin\u0117s: apelsinas<\/p>\n<\/li>\n<li data-start=\"1373\" data-end=\"1397\">\n<p data-start=\"1375\" data-end=\"1397\">Vidurin\u0117s: cinamonas<\/p>\n<\/li>\n<li data-start=\"1398\" data-end=\"1428\">\n<p data-start=\"1400\" data-end=\"1428\">Bazin\u0117s: baltasis muskusas<\/p>\n<\/li>\n<\/ul>\n<p data-start=\"1430\" data-end=\"1720\"><strong data-start=\"1430\" data-end=\"1445\">Naudojimas:<\/strong><br data-start=\"1445\" data-end=\"1448\" \/>Nuimkite buteliuko dangtel\u012f, pakeiskite j\u012f dekoratyviniu ir \u012fmerkite pagaliukus \u012f kvap\u0105. Norint i\u0161laikyti tolyg\u0173 aromato sklidim\u0105, pagaliukus periodi\u0161kai apverskite. Produkt\u0105 laikykite ant stabilaus pavir\u0161iaus, atokiau nuo \u0161ilumos \u0161altini\u0173 ir tiesiogin\u0117s saul\u0117s \u0161viesos.<\/p>\n<p data-start=\"1722\" data-end=\"1892\"><strong data-start=\"1722\" data-end=\"1746\">Pagaminta Italijoje.<\/strong><br data-start=\"1746\" data-end=\"1749\" \/>Visi <strong data-start=\"1754\" data-end=\"1766\">LINEA 35<\/strong> nam\u0173 kvapai \u2013 difuzoriai gaminami Italijoje, pasi\u017eymintys auk\u0161\u010diausia kokybe, ilgaam\u017ei\u0161kumu ir autenti\u0161ku itali\u0161ku aromatu.<\/p>\n","protected":false},"excerpt":{"rendered":"<p data-start=\"118\" data-end=\"292\">Itali\u0161kas LINEA 35 ARANCIO E CANNELLA difuzorius \u2013 \u0161iltas apelsino ir cinamono kvapas, kuriantis jauki\u0105, harmoning\u0105 ir \u017eiemos sezonui artim\u0105 atmosfer\u0105.<\/p>\n","protected":false},"featured_media":60039,"template":"","meta":[],"product_brand":[1362],"product_cat":[1140,573],"product_tag":[1608],"class_list":{"0":"post-60038","1":"product","2":"type-product","3":"status-publish","4":"has-post-thumbnail","6":"product_brand-linea-35","7":"product_cat-namu-kvapai","8":"product_cat-namu-kvapai-2","9":"product_tag-linea35","11":"first","12":"instock","13":"sale","14":"taxable","15":"shipping-taxable","16":"purchasable","17":"product-type-simple"},"yoast_head":"<!-- This site is optimized with the Yoast SEO plugin v27.4 - https:\/\/yoast.com\/product\/yoast-seo-wordpress\/ -->\n<title>LINEA 35 ARANCIO E CANNELLA nam\u0173 kvap\u0173 difuzorius, 500ml - MalinaShop.lt J\u016bs\u0173 sveikatai ir gro\u017eiui.<\/title>\n<meta name=\"description\" content=\"LINEA 35 ARANCIO E CANNELLA \u2013 apelsino ir cinamono kvapas, suteikiantis namams \u0161ilumos, jaukumo ir harmonijos poj\u016bt\u012f.\" \/>\n<meta name=\"robots\" content=\"index, follow, max-snippet:-1, max-image-preview:large, max-video-preview:-1\" \/>\n<link rel=\"canonical\" href=\"https:\/\/www.malinashop.lt\/lt_lt\/shop\/linea-35-arancio-e-cannella-namu-kvapu-difuzorius-500ml\/\" \/>\n<meta property=\"og:locale\" content=\"lt_LT\" \/>\n<meta property=\"og:type\" content=\"article\" \/>\n<meta property=\"og:title\" content=\"LINEA 35 ARANCIO E CANNELLA nam\u0173 kvap\u0173 difuzorius, 500ml - MalinaShop.lt J\u016bs\u0173 sveikatai ir gro\u017eiui.\" \/>\n<meta property=\"og:description\" content=\"LINEA 35 ARANCIO E CANNELLA \u2013 apelsino ir cinamono kvapas, suteikiantis namams \u0161ilumos, jaukumo ir harmonijos poj\u016bt\u012f.\" \/>\n<meta property=\"og:url\" content=\"https:\/\/www.malinashop.lt\/lt_lt\/shop\/linea-35-arancio-e-cannella-namu-kvapu-difuzorius-500ml\/\" \/>\n<meta property=\"og:site_name\" content=\"MalinaShop.lt J\u016bs\u0173 sveikatai ir gro\u017eiui.\" \/>\n<meta property=\"article:modified_time\" content=\"2026-02-12T09:37:08+00:00\" \/>\n<meta property=\"og:image\" content=\"https:\/\/www.malinashop.lt\/wp-content\/uploads\/2025\/10\/LINEA-35-ARANCIO-E-CANNELLA-namu-kvapu-difuzorius-500ml.webp\" \/>\n\t<meta property=\"og:image:width\" content=\"990\" \/>\n\t<meta property=\"og:image:height\" content=\"990\" \/>\n\t<meta property=\"og:image:type\" content=\"image\/webp\" \/>\n<meta name=\"twitter:card\" content=\"summary_large_image\" \/>\n<script type=\"application\/ld+json\" class=\"yoast-schema-graph\">{\"@context\":\"https:\\\/\\\/schema.org\",\"@graph\":[{\"@type\":\"WebPage\",\"@id\":\"https:\\\/\\\/www.malinashop.lt\\\/lt_lt\\\/shop\\\/linea-35-arancio-e-cannella-namu-kvapu-difuzorius-500ml\\\/\",\"url\":\"https:\\\/\\\/www.malinashop.lt\\\/lt_lt\\\/shop\\\/linea-35-arancio-e-cannella-namu-kvapu-difuzorius-500ml\\\/\",\"name\":\"LINEA 35 ARANCIO E CANNELLA nam\u0173 kvap\u0173 difuzorius, 500ml - MalinaShop.lt J\u016bs\u0173 sveikatai ir gro\u017eiui.\",\"isPartOf\":{\"@id\":\"https:\\\/\\\/www.malinashop.lt\\\/#website\"},\"primaryImageOfPage\":{\"@id\":\"https:\\\/\\\/www.malinashop.lt\\\/lt_lt\\\/shop\\\/linea-35-arancio-e-cannella-namu-kvapu-difuzorius-500ml\\\/#primaryimage\"},\"image\":{\"@id\":\"https:\\\/\\\/www.malinashop.lt\\\/lt_lt\\\/shop\\\/linea-35-arancio-e-cannella-namu-kvapu-difuzorius-500ml\\\/#primaryimage\"},\"thumbnailUrl\":\"https:\\\/\\\/www.malinashop.lt\\\/wp-content\\\/uploads\\\/2025\\\/10\\\/LINEA-35-ARANCIO-E-CANNELLA-namu-kvapu-difuzorius-500ml.webp\",\"datePublished\":\"2025-10-29T19:01:26+00:00\",\"dateModified\":\"2026-02-12T09:37:08+00:00\",\"description\":\"LINEA 35 ARANCIO E CANNELLA \u2013 apelsino ir cinamono kvapas, suteikiantis namams \u0161ilumos, jaukumo ir harmonijos poj\u016bt\u012f.\",\"breadcrumb\":{\"@id\":\"https:\\\/\\\/www.malinashop.lt\\\/lt_lt\\\/shop\\\/linea-35-arancio-e-cannella-namu-kvapu-difuzorius-500ml\\\/#breadcrumb\"},\"inLanguage\":\"lt-LT\",\"potentialAction\":[{\"@type\":\"ReadAction\",\"target\":[\"https:\\\/\\\/www.malinashop.lt\\\/lt_lt\\\/shop\\\/linea-35-arancio-e-cannella-namu-kvapu-difuzorius-500ml\\\/\"]}]},{\"@type\":\"ImageObject\",\"inLanguage\":\"lt-LT\",\"@id\":\"https:\\\/\\\/www.malinashop.lt\\\/lt_lt\\\/shop\\\/linea-35-arancio-e-cannella-namu-kvapu-difuzorius-500ml\\\/#primaryimage\",\"url\":\"https:\\\/\\\/www.malinashop.lt\\\/wp-content\\\/uploads\\\/2025\\\/10\\\/LINEA-35-ARANCIO-E-CANNELLA-namu-kvapu-difuzorius-500ml.webp\",\"contentUrl\":\"https:\\\/\\\/www.malinashop.lt\\\/wp-content\\\/uploads\\\/2025\\\/10\\\/LINEA-35-ARANCIO-E-CANNELLA-namu-kvapu-difuzorius-500ml.webp\",\"width\":990,\"height\":990},{\"@type\":\"BreadcrumbList\",\"@id\":\"https:\\\/\\\/www.malinashop.lt\\\/lt_lt\\\/shop\\\/linea-35-arancio-e-cannella-namu-kvapu-difuzorius-500ml\\\/#breadcrumb\",\"itemListElement\":[{\"@type\":\"ListItem\",\"position\":1,\"name\":\"Pagrindinis\",\"item\":\"https:\\\/\\\/www.malinashop.lt\\\/\"},{\"@type\":\"ListItem\",\"position\":2,\"name\":\"Parduotuv\u0117\",\"item\":\"https:\\\/\\\/www.malinashop.lt\\\/en\\\/parduotuve\\\/\"},{\"@type\":\"ListItem\",\"position\":3,\"name\":\"LINEA 35 ARANCIO E CANNELLA nam\u0173 kvap\u0173 difuzorius, 500ml\"}]},{\"@type\":\"WebSite\",\"@id\":\"https:\\\/\\\/www.malinashop.lt\\\/#website\",\"url\":\"https:\\\/\\\/www.malinashop.lt\\\/\",\"name\":\"COM Group Ecommerce\",\"description\":\"MalinaShop.lt - Gro\u017eio ir sveikatos produktai i\u0161 patikim\u0173 preki\u0173 \u017eenkl\u0173. Atraskite auk\u0161tos kokyb\u0117s kosmetik\u0105 u\u017e puiki\u0105 kain\u0105.\",\"publisher\":{\"@id\":\"https:\\\/\\\/www.malinashop.lt\\\/#organization\"},\"potentialAction\":[{\"@type\":\"SearchAction\",\"target\":{\"@type\":\"EntryPoint\",\"urlTemplate\":\"https:\\\/\\\/www.malinashop.lt\\\/?s={search_term_string}\"},\"query-input\":{\"@type\":\"PropertyValueSpecification\",\"valueRequired\":true,\"valueName\":\"search_term_string\"}}],\"inLanguage\":\"lt-LT\"},{\"@type\":\"Organization\",\"@id\":\"https:\\\/\\\/www.malinashop.lt\\\/#organization\",\"name\":\"COM Group Ecommerce\",\"url\":\"https:\\\/\\\/www.malinashop.lt\\\/\",\"logo\":{\"@type\":\"ImageObject\",\"inLanguage\":\"lt-LT\",\"@id\":\"https:\\\/\\\/www.malinashop.lt\\\/#\\\/schema\\\/logo\\\/image\\\/\",\"url\":\"https:\\\/\\\/www.malinashop.lt\\\/wp-content\\\/uploads\\\/2024\\\/08\\\/462559670_3787732518133670_9795632669273463_n-e1731525914575.png\",\"contentUrl\":\"https:\\\/\\\/www.malinashop.lt\\\/wp-content\\\/uploads\\\/2024\\\/08\\\/462559670_3787732518133670_9795632669273463_n-e1731525914575.png\",\"width\":180,\"height\":60,\"caption\":\"COM Group Ecommerce\"},\"image\":{\"@id\":\"https:\\\/\\\/www.malinashop.lt\\\/#\\\/schema\\\/logo\\\/image\\\/\"}}]}<\/script>\n<!-- \/ Yoast SEO plugin. -->","yoast_head_json":{"title":"LINEA 35 ARANCIO E CANNELLA nam\u0173 kvap\u0173 difuzorius, 500ml - MalinaShop.lt J\u016bs\u0173 sveikatai ir gro\u017eiui.","description":"LINEA 35 ARANCIO E CANNELLA \u2013 apelsino ir cinamono kvapas, suteikiantis namams \u0161ilumos, jaukumo ir harmonijos poj\u016bt\u012f.","robots":{"index":"index","follow":"follow","max-snippet":"max-snippet:-1","max-image-preview":"max-image-preview:large","max-video-preview":"max-video-preview:-1"},"canonical":"https:\/\/www.malinashop.lt\/lt_lt\/shop\/linea-35-arancio-e-cannella-namu-kvapu-difuzorius-500ml\/","og_locale":"lt_LT","og_type":"article","og_title":"LINEA 35 ARANCIO E CANNELLA nam\u0173 kvap\u0173 difuzorius, 500ml - MalinaShop.lt J\u016bs\u0173 sveikatai ir gro\u017eiui.","og_description":"LINEA 35 ARANCIO E CANNELLA \u2013 apelsino ir cinamono kvapas, suteikiantis namams \u0161ilumos, jaukumo ir harmonijos poj\u016bt\u012f.","og_url":"https:\/\/www.malinashop.lt\/lt_lt\/shop\/linea-35-arancio-e-cannella-namu-kvapu-difuzorius-500ml\/","og_site_name":"MalinaShop.lt J\u016bs\u0173 sveikatai ir gro\u017eiui.","article_modified_time":"2026-02-12T09:37:08+00:00","og_image":[{"width":990,"height":990,"url":"https:\/\/www.malinashop.lt\/wp-content\/uploads\/2025\/10\/LINEA-35-ARANCIO-E-CANNELLA-namu-kvapu-difuzorius-500ml.webp","type":"image\/webp"}],"twitter_card":"summary_large_image","schema":{"@context":"https:\/\/schema.org","@graph":[{"@type":"WebPage","@id":"https:\/\/www.malinashop.lt\/lt_lt\/shop\/linea-35-arancio-e-cannella-namu-kvapu-difuzorius-500ml\/","url":"https:\/\/www.malinashop.lt\/lt_lt\/shop\/linea-35-arancio-e-cannella-namu-kvapu-difuzorius-500ml\/","name":"LINEA 35 ARANCIO E CANNELLA nam\u0173 kvap\u0173 difuzorius, 500ml - MalinaShop.lt J\u016bs\u0173 sveikatai ir gro\u017eiui.","isPartOf":{"@id":"https:\/\/www.malinashop.lt\/#website"},"primaryImageOfPage":{"@id":"https:\/\/www.malinashop.lt\/lt_lt\/shop\/linea-35-arancio-e-cannella-namu-kvapu-difuzorius-500ml\/#primaryimage"},"image":{"@id":"https:\/\/www.malinashop.lt\/lt_lt\/shop\/linea-35-arancio-e-cannella-namu-kvapu-difuzorius-500ml\/#primaryimage"},"thumbnailUrl":"https:\/\/www.malinashop.lt\/wp-content\/uploads\/2025\/10\/LINEA-35-ARANCIO-E-CANNELLA-namu-kvapu-difuzorius-500ml.webp","datePublished":"2025-10-29T19:01:26+00:00","dateModified":"2026-02-12T09:37:08+00:00","description":"LINEA 35 ARANCIO E CANNELLA \u2013 apelsino ir cinamono kvapas, suteikiantis namams \u0161ilumos, jaukumo ir harmonijos poj\u016bt\u012f.","breadcrumb":{"@id":"https:\/\/www.malinashop.lt\/lt_lt\/shop\/linea-35-arancio-e-cannella-namu-kvapu-difuzorius-500ml\/#breadcrumb"},"inLanguage":"lt-LT","potentialAction":[{"@type":"ReadAction","target":["https:\/\/www.malinashop.lt\/lt_lt\/shop\/linea-35-arancio-e-cannella-namu-kvapu-difuzorius-500ml\/"]}]},{"@type":"ImageObject","inLanguage":"lt-LT","@id":"https:\/\/www.malinashop.lt\/lt_lt\/shop\/linea-35-arancio-e-cannella-namu-kvapu-difuzorius-500ml\/#primaryimage","url":"https:\/\/www.malinashop.lt\/wp-content\/uploads\/2025\/10\/LINEA-35-ARANCIO-E-CANNELLA-namu-kvapu-difuzorius-500ml.webp","contentUrl":"https:\/\/www.malinashop.lt\/wp-content\/uploads\/2025\/10\/LINEA-35-ARANCIO-E-CANNELLA-namu-kvapu-difuzorius-500ml.webp","width":990,"height":990},{"@type":"BreadcrumbList","@id":"https:\/\/www.malinashop.lt\/lt_lt\/shop\/linea-35-arancio-e-cannella-namu-kvapu-difuzorius-500ml\/#breadcrumb","itemListElement":[{"@type":"ListItem","position":1,"name":"Pagrindinis","item":"https:\/\/www.malinashop.lt\/"},{"@type":"ListItem","position":2,"name":"Parduotuv\u0117","item":"https:\/\/www.malinashop.lt\/en\/parduotuve\/"},{"@type":"ListItem","position":3,"name":"LINEA 35 ARANCIO E CANNELLA nam\u0173 kvap\u0173 difuzorius, 500ml"}]},{"@type":"WebSite","@id":"https:\/\/www.malinashop.lt\/#website","url":"https:\/\/www.malinashop.lt\/","name":"COM Group Ecommerce","description":"MalinaShop.lt - Gro\u017eio ir sveikatos produktai i\u0161 patikim\u0173 preki\u0173 \u017eenkl\u0173. Atraskite auk\u0161tos kokyb\u0117s kosmetik\u0105 u\u017e puiki\u0105 kain\u0105.","publisher":{"@id":"https:\/\/www.malinashop.lt\/#organization"},"potentialAction":[{"@type":"SearchAction","target":{"@type":"EntryPoint","urlTemplate":"https:\/\/www.malinashop.lt\/?s={search_term_string}"},"query-input":{"@type":"PropertyValueSpecification","valueRequired":true,"valueName":"search_term_string"}}],"inLanguage":"lt-LT"},{"@type":"Organization","@id":"https:\/\/www.malinashop.lt\/#organization","name":"COM Group Ecommerce","url":"https:\/\/www.malinashop.lt\/","logo":{"@type":"ImageObject","inLanguage":"lt-LT","@id":"https:\/\/www.malinashop.lt\/#\/schema\/logo\/image\/","url":"https:\/\/www.malinashop.lt\/wp-content\/uploads\/2024\/08\/462559670_3787732518133670_9795632669273463_n-e1731525914575.png","contentUrl":"https:\/\/www.malinashop.lt\/wp-content\/uploads\/2024\/08\/462559670_3787732518133670_9795632669273463_n-e1731525914575.png","width":180,"height":60,"caption":"COM Group Ecommerce"},"image":{"@id":"https:\/\/www.malinashop.lt\/#\/schema\/logo\/image\/"}}]}},"jetpack_sharing_enabled":true,"_links":{"self":[{"href":"https:\/\/www.malinashop.lt\/lt_lt\/wp-json\/wp\/v2\/product\/60038","targetHints":{"allow":["GET"]}}],"collection":[{"href":"https:\/\/www.malinashop.lt\/lt_lt\/wp-json\/wp\/v2\/product"}],"about":[{"href":"https:\/\/www.malinashop.lt\/lt_lt\/wp-json\/wp\/v2\/types\/product"}],"version-history":[{"count":1,"href":"https:\/\/www.malinashop.lt\/lt_lt\/wp-json\/wp\/v2\/product\/60038\/revisions"}],"predecessor-version":[{"id":60040,"href":"https:\/\/www.malinashop.lt\/lt_lt\/wp-json\/wp\/v2\/product\/60038\/revisions\/60040"}],"wp:featuredmedia":[{"embeddable":true,"href":"https:\/\/www.malinashop.lt\/lt_lt\/wp-json\/wp\/v2\/media\/60039"}],"wp:attachment":[{"href":"https:\/\/www.malinashop.lt\/lt_lt\/wp-json\/wp\/v2\/media?parent=60038"}],"wp:term":[{"taxonomy":"product_brand","embeddable":true,"href":"https:\/\/www.malinashop.lt\/lt_lt\/wp-json\/wp\/v2\/product_brand?post=60038"},{"taxonomy":"product_cat","embeddable":true,"href":"https:\/\/www.malinashop.lt\/lt_lt\/wp-json\/wp\/v2\/product_cat?post=60038"},{"taxonomy":"product_tag","embeddable":true,"href":"https:\/\/www.malinashop.lt\/lt_lt\/wp-json\/wp\/v2\/product_tag?post=60038"}],"curies":[{"name":"wp","href":"https:\/\/api.w.org\/{rel}","templated":true}]}}