{"id":60035,"date":"2025-10-29T21:59:15","date_gmt":"2025-10-29T18:59:15","guid":{"rendered":"https:\/\/malinashop.lt\/?post_type=product&#038;p=60035"},"modified":"2026-02-12T12:37:09","modified_gmt":"2026-02-12T09:37:09","slug":"linea-35-vaniglia-gourmet-namu-kvapu-difuzorius-500ml","status":"publish","type":"product","link":"https:\/\/www.malinashop.lt\/lt_lt\/shop\/linea-35-vaniglia-gourmet-namu-kvapu-difuzorius-500ml\/","title":{"rendered":"LINEA 35 VANIGLIA GOURMET nam\u0173 kvap\u0173 difuzorius, 500ml"},"content":{"rendered":"<p data-start=\"478\" data-end=\"789\"><strong data-start=\"478\" data-end=\"507\">LINEA 35 VANIGLIA GOURMET<\/strong> kvap\u0173 difuzorius \u2013 tai <strong data-start=\"531\" data-end=\"598\">grynos gaivos, saldumo ir subtilios g\u0117li\u0173 elegancijos harmonija<\/strong>, primenanti <strong data-start=\"611\" data-end=\"636\">ryto briz\u0105 prie j\u016bros<\/strong>. Lengvas <strong data-start=\"646\" data-end=\"669\">s\u016brus oro dvelksmas<\/strong>, susiliejantis su <strong data-start=\"688\" data-end=\"715\">vaisi\u0173 ir g\u0117li\u0173 natomis<\/strong>, sukuria atmosfer\u0105, kupin\u0105 <strong data-start=\"743\" data-end=\"786\">\u0161viesos, \u0161varos ir pozityvios energijos<\/strong>.<\/p>\n<p data-start=\"791\" data-end=\"1210\">Vir\u0161utin\u0117se natose atsiskleid\u017eia <strong data-start=\"824\" data-end=\"888\">j\u016bros dvelksmas, ananasas, greipfrutas, obuolys ir bergamot\u0117<\/strong>, suteikiantys gaivos bei energijos. Vidurin\u0117se natose \u2013 <strong data-start=\"945\" data-end=\"1007\">ciklamenas, apelsin\u0173 \u017eiedai, pakalnut\u0117s, hiacintas ir ro\u017e\u0117<\/strong>, kurios kvapui suteikia g\u0117li\u0161kos \u0161velnyb\u0117s ir rafinuotumo. Bazin\u0117je dalyje <strong data-start=\"1083\" data-end=\"1144\">vanil\u0117s, ambros, baltojo muskuso, benzoino ir saldymed\u017eio<\/strong> derinys u\u017etikrina \u0161ilum\u0105, ilgaam\u017ei\u0161kum\u0105 ir malon\u0173 saldumo \u0161yd\u0105.<\/p>\n<p data-start=\"1212\" data-end=\"1449\"><strong data-start=\"1212\" data-end=\"1232\">VANIGLIA GOURMET<\/strong> \u2013 tai <strong data-start=\"1239\" data-end=\"1269\">gaivos ir saldumo balansas<\/strong>, tobulai tinkantis tiems, kurie nori, kad j\u0173 namuose sklist\u0173 <strong data-start=\"1331\" data-end=\"1382\">\u0161viesus, \u0161varus ir subtiliai prabangus aromatas<\/strong>. Kvapas idealiai tinka svetainei, miegamajam ar poilsio erdv\u0117ms.<\/p>\n<p data-start=\"1451\" data-end=\"1469\"><strong data-start=\"1451\" data-end=\"1467\">Kvapo natos:<\/strong><\/p>\n<ul data-start=\"1470\" data-end=\"1685\">\n<li data-start=\"1470\" data-end=\"1544\">\n<p data-start=\"1472\" data-end=\"1544\">Vir\u0161utin\u0117s: j\u016bros dvelksmas, ananasas, greipfrutas, obuolys, bergamot\u0117<\/p>\n<\/li>\n<li data-start=\"1545\" data-end=\"1616\">\n<p data-start=\"1547\" data-end=\"1616\">Vidurin\u0117s: ciklamenas, apelsin\u0173 \u017eiedai, pakalnut\u0117s, hiacintas, ro\u017e\u0117<\/p>\n<\/li>\n<li data-start=\"1617\" data-end=\"1685\">\n<p data-start=\"1619\" data-end=\"1685\">Bazin\u0117s: vanil\u0117, ambra, baltasis muskusas, benzoinas, saldymedis<\/p>\n<\/li>\n<\/ul>\n<p data-start=\"1687\" data-end=\"1965\"><strong data-start=\"1687\" data-end=\"1702\">Naudojimas:<\/strong><br data-start=\"1702\" data-end=\"1705\" \/>Nuimkite buteliuko dangtel\u012f, pakeiskite j\u012f dekoratyviniu ir \u012fmerkite pagaliukus \u012f kvap\u0105. Norint i\u0161laikyti tolyg\u0173 aromato sklidim\u0105, pagaliukus periodi\u0161kai apverskite. Produkt\u0105 laikykite ant stabilaus pavir\u0161iaus, atokiau nuo \u0161ilumos \u0161altini\u0173 ir saul\u0117s \u0161viesos.<\/p>\n<p data-start=\"1967\" data-end=\"2145\"><strong data-start=\"1967\" data-end=\"1991\">Pagaminta Italijoje.<\/strong><br data-start=\"1991\" data-end=\"1994\" \/>Visi <strong data-start=\"1999\" data-end=\"2011\">LINEA 35<\/strong> nam\u0173 kvapai \u2013 difuzoriai gaminami Italijoje, pasi\u017eymintys auk\u0161\u010diausia kokybe, nat\u016braliu i\u0161liekamumu ir autenti\u0161ka aromato i\u0161rai\u0161ka.<\/p>\n","protected":false},"excerpt":{"rendered":"<p data-start=\"118\" data-end=\"292\">Itali\u0161kas LINEA 35 VANIGLIA GOURMET difuzorius \u2013 gaivus, saldus ir eleganti\u0161kas vanil\u0117s, vaisi\u0173 bei j\u016bros aromatas, kuriantis \u0161viesos ir lengvumo poj\u016bt\u012f.<\/p>\n","protected":false},"featured_media":60036,"template":"","meta":[],"product_brand":[1362],"product_cat":[1140,573],"product_tag":[1608],"class_list":{"0":"post-60035","1":"product","2":"type-product","3":"status-publish","4":"has-post-thumbnail","6":"product_brand-linea-35","7":"product_cat-namu-kvapai","8":"product_cat-namu-kvapai-2","9":"product_tag-linea35","11":"first","12":"instock","13":"sale","14":"taxable","15":"shipping-taxable","16":"purchasable","17":"product-type-simple"},"yoast_head":"<!-- This site is optimized with the Yoast SEO plugin v27.4 - https:\/\/yoast.com\/product\/yoast-seo-wordpress\/ -->\n<title>LINEA 35 VANIGLIA GOURMET nam\u0173 kvap\u0173 difuzorius, 500ml - MalinaShop.lt J\u016bs\u0173 sveikatai ir gro\u017eiui.<\/title>\n<meta name=\"description\" content=\"LINEA 35 VANIGLIA GOURMET \u2013 vanil\u0117s, j\u016bros ir vaisi\u0173 aromatas, suteikiantis namams \u0161viesos, \u0161velnumo ir gaivos poj\u016bt\u012f.\" \/>\n<meta name=\"robots\" content=\"index, follow, max-snippet:-1, max-image-preview:large, max-video-preview:-1\" \/>\n<link rel=\"canonical\" href=\"https:\/\/www.malinashop.lt\/lt_lt\/shop\/linea-35-vaniglia-gourmet-namu-kvapu-difuzorius-500ml\/\" \/>\n<meta property=\"og:locale\" content=\"lt_LT\" \/>\n<meta property=\"og:type\" content=\"article\" \/>\n<meta property=\"og:title\" content=\"LINEA 35 VANIGLIA GOURMET nam\u0173 kvap\u0173 difuzorius, 500ml - MalinaShop.lt J\u016bs\u0173 sveikatai ir gro\u017eiui.\" \/>\n<meta property=\"og:description\" content=\"LINEA 35 VANIGLIA GOURMET \u2013 vanil\u0117s, j\u016bros ir vaisi\u0173 aromatas, suteikiantis namams \u0161viesos, \u0161velnumo ir gaivos poj\u016bt\u012f.\" \/>\n<meta property=\"og:url\" content=\"https:\/\/www.malinashop.lt\/lt_lt\/shop\/linea-35-vaniglia-gourmet-namu-kvapu-difuzorius-500ml\/\" \/>\n<meta property=\"og:site_name\" content=\"MalinaShop.lt J\u016bs\u0173 sveikatai ir gro\u017eiui.\" \/>\n<meta property=\"article:modified_time\" content=\"2026-02-12T09:37:09+00:00\" \/>\n<meta property=\"og:image\" content=\"https:\/\/www.malinashop.lt\/wp-content\/uploads\/2025\/10\/LINEA-35-VANIGLIA-GOURMET-namu-kvapu-difuzorius-500ml.webp\" \/>\n\t<meta property=\"og:image:width\" content=\"990\" \/>\n\t<meta property=\"og:image:height\" content=\"990\" \/>\n\t<meta property=\"og:image:type\" content=\"image\/webp\" \/>\n<meta name=\"twitter:card\" content=\"summary_large_image\" \/>\n<script type=\"application\/ld+json\" class=\"yoast-schema-graph\">{\"@context\":\"https:\\\/\\\/schema.org\",\"@graph\":[{\"@type\":\"WebPage\",\"@id\":\"https:\\\/\\\/www.malinashop.lt\\\/shop\\\/linea-35-vaniglia-gourmet-namu-kvapu-difuzorius-500ml\\\/\",\"url\":\"https:\\\/\\\/www.malinashop.lt\\\/shop\\\/linea-35-vaniglia-gourmet-namu-kvapu-difuzorius-500ml\\\/\",\"name\":\"LINEA 35 VANIGLIA GOURMET nam\u0173 kvap\u0173 difuzorius, 500ml - MalinaShop.lt J\u016bs\u0173 sveikatai ir gro\u017eiui.\",\"isPartOf\":{\"@id\":\"https:\\\/\\\/www.malinashop.lt\\\/#website\"},\"primaryImageOfPage\":{\"@id\":\"https:\\\/\\\/www.malinashop.lt\\\/shop\\\/linea-35-vaniglia-gourmet-namu-kvapu-difuzorius-500ml\\\/#primaryimage\"},\"image\":{\"@id\":\"https:\\\/\\\/www.malinashop.lt\\\/shop\\\/linea-35-vaniglia-gourmet-namu-kvapu-difuzorius-500ml\\\/#primaryimage\"},\"thumbnailUrl\":\"https:\\\/\\\/www.malinashop.lt\\\/wp-content\\\/uploads\\\/2025\\\/10\\\/LINEA-35-VANIGLIA-GOURMET-namu-kvapu-difuzorius-500ml.webp\",\"datePublished\":\"2025-10-29T18:59:15+00:00\",\"dateModified\":\"2026-02-12T09:37:09+00:00\",\"description\":\"LINEA 35 VANIGLIA GOURMET \u2013 vanil\u0117s, j\u016bros ir vaisi\u0173 aromatas, suteikiantis namams \u0161viesos, \u0161velnumo ir gaivos poj\u016bt\u012f.\",\"breadcrumb\":{\"@id\":\"https:\\\/\\\/www.malinashop.lt\\\/shop\\\/linea-35-vaniglia-gourmet-namu-kvapu-difuzorius-500ml\\\/#breadcrumb\"},\"inLanguage\":\"lt-LT\",\"potentialAction\":[{\"@type\":\"ReadAction\",\"target\":[\"https:\\\/\\\/www.malinashop.lt\\\/shop\\\/linea-35-vaniglia-gourmet-namu-kvapu-difuzorius-500ml\\\/\"]}]},{\"@type\":\"ImageObject\",\"inLanguage\":\"lt-LT\",\"@id\":\"https:\\\/\\\/www.malinashop.lt\\\/shop\\\/linea-35-vaniglia-gourmet-namu-kvapu-difuzorius-500ml\\\/#primaryimage\",\"url\":\"https:\\\/\\\/www.malinashop.lt\\\/wp-content\\\/uploads\\\/2025\\\/10\\\/LINEA-35-VANIGLIA-GOURMET-namu-kvapu-difuzorius-500ml.webp\",\"contentUrl\":\"https:\\\/\\\/www.malinashop.lt\\\/wp-content\\\/uploads\\\/2025\\\/10\\\/LINEA-35-VANIGLIA-GOURMET-namu-kvapu-difuzorius-500ml.webp\",\"width\":990,\"height\":990},{\"@type\":\"BreadcrumbList\",\"@id\":\"https:\\\/\\\/www.malinashop.lt\\\/shop\\\/linea-35-vaniglia-gourmet-namu-kvapu-difuzorius-500ml\\\/#breadcrumb\",\"itemListElement\":[{\"@type\":\"ListItem\",\"position\":1,\"name\":\"Pagrindinis\",\"item\":\"https:\\\/\\\/www.malinashop.lt\\\/\"},{\"@type\":\"ListItem\",\"position\":2,\"name\":\"Parduotuv\u0117\",\"item\":\"https:\\\/\\\/www.malinashop.lt\\\/en\\\/parduotuve\\\/\"},{\"@type\":\"ListItem\",\"position\":3,\"name\":\"LINEA 35 VANIGLIA GOURMET nam\u0173 kvap\u0173 difuzorius, 500ml\"}]},{\"@type\":\"WebSite\",\"@id\":\"https:\\\/\\\/www.malinashop.lt\\\/#website\",\"url\":\"https:\\\/\\\/www.malinashop.lt\\\/\",\"name\":\"COM Group Ecommerce\",\"description\":\"MalinaShop.lt - Gro\u017eio ir sveikatos produktai i\u0161 patikim\u0173 preki\u0173 \u017eenkl\u0173. Atraskite auk\u0161tos kokyb\u0117s kosmetik\u0105 u\u017e puiki\u0105 kain\u0105.\",\"publisher\":{\"@id\":\"https:\\\/\\\/www.malinashop.lt\\\/#organization\"},\"potentialAction\":[{\"@type\":\"SearchAction\",\"target\":{\"@type\":\"EntryPoint\",\"urlTemplate\":\"https:\\\/\\\/www.malinashop.lt\\\/?s={search_term_string}\"},\"query-input\":{\"@type\":\"PropertyValueSpecification\",\"valueRequired\":true,\"valueName\":\"search_term_string\"}}],\"inLanguage\":\"lt-LT\"},{\"@type\":\"Organization\",\"@id\":\"https:\\\/\\\/www.malinashop.lt\\\/#organization\",\"name\":\"COM Group Ecommerce\",\"url\":\"https:\\\/\\\/www.malinashop.lt\\\/\",\"logo\":{\"@type\":\"ImageObject\",\"inLanguage\":\"lt-LT\",\"@id\":\"https:\\\/\\\/www.malinashop.lt\\\/#\\\/schema\\\/logo\\\/image\\\/\",\"url\":\"https:\\\/\\\/www.malinashop.lt\\\/wp-content\\\/uploads\\\/2024\\\/08\\\/462559670_3787732518133670_9795632669273463_n-e1731525914575.png\",\"contentUrl\":\"https:\\\/\\\/www.malinashop.lt\\\/wp-content\\\/uploads\\\/2024\\\/08\\\/462559670_3787732518133670_9795632669273463_n-e1731525914575.png\",\"width\":180,\"height\":60,\"caption\":\"COM Group Ecommerce\"},\"image\":{\"@id\":\"https:\\\/\\\/www.malinashop.lt\\\/#\\\/schema\\\/logo\\\/image\\\/\"}}]}<\/script>\n<!-- \/ Yoast SEO plugin. -->","yoast_head_json":{"title":"LINEA 35 VANIGLIA GOURMET nam\u0173 kvap\u0173 difuzorius, 500ml - MalinaShop.lt J\u016bs\u0173 sveikatai ir gro\u017eiui.","description":"LINEA 35 VANIGLIA GOURMET \u2013 vanil\u0117s, j\u016bros ir vaisi\u0173 aromatas, suteikiantis namams \u0161viesos, \u0161velnumo ir gaivos poj\u016bt\u012f.","robots":{"index":"index","follow":"follow","max-snippet":"max-snippet:-1","max-image-preview":"max-image-preview:large","max-video-preview":"max-video-preview:-1"},"canonical":"https:\/\/www.malinashop.lt\/lt_lt\/shop\/linea-35-vaniglia-gourmet-namu-kvapu-difuzorius-500ml\/","og_locale":"lt_LT","og_type":"article","og_title":"LINEA 35 VANIGLIA GOURMET nam\u0173 kvap\u0173 difuzorius, 500ml - MalinaShop.lt J\u016bs\u0173 sveikatai ir gro\u017eiui.","og_description":"LINEA 35 VANIGLIA GOURMET \u2013 vanil\u0117s, j\u016bros ir vaisi\u0173 aromatas, suteikiantis namams \u0161viesos, \u0161velnumo ir gaivos poj\u016bt\u012f.","og_url":"https:\/\/www.malinashop.lt\/lt_lt\/shop\/linea-35-vaniglia-gourmet-namu-kvapu-difuzorius-500ml\/","og_site_name":"MalinaShop.lt J\u016bs\u0173 sveikatai ir gro\u017eiui.","article_modified_time":"2026-02-12T09:37:09+00:00","og_image":[{"width":990,"height":990,"url":"https:\/\/www.malinashop.lt\/wp-content\/uploads\/2025\/10\/LINEA-35-VANIGLIA-GOURMET-namu-kvapu-difuzorius-500ml.webp","type":"image\/webp"}],"twitter_card":"summary_large_image","schema":{"@context":"https:\/\/schema.org","@graph":[{"@type":"WebPage","@id":"https:\/\/www.malinashop.lt\/shop\/linea-35-vaniglia-gourmet-namu-kvapu-difuzorius-500ml\/","url":"https:\/\/www.malinashop.lt\/shop\/linea-35-vaniglia-gourmet-namu-kvapu-difuzorius-500ml\/","name":"LINEA 35 VANIGLIA GOURMET nam\u0173 kvap\u0173 difuzorius, 500ml - MalinaShop.lt J\u016bs\u0173 sveikatai ir gro\u017eiui.","isPartOf":{"@id":"https:\/\/www.malinashop.lt\/#website"},"primaryImageOfPage":{"@id":"https:\/\/www.malinashop.lt\/shop\/linea-35-vaniglia-gourmet-namu-kvapu-difuzorius-500ml\/#primaryimage"},"image":{"@id":"https:\/\/www.malinashop.lt\/shop\/linea-35-vaniglia-gourmet-namu-kvapu-difuzorius-500ml\/#primaryimage"},"thumbnailUrl":"https:\/\/www.malinashop.lt\/wp-content\/uploads\/2025\/10\/LINEA-35-VANIGLIA-GOURMET-namu-kvapu-difuzorius-500ml.webp","datePublished":"2025-10-29T18:59:15+00:00","dateModified":"2026-02-12T09:37:09+00:00","description":"LINEA 35 VANIGLIA GOURMET \u2013 vanil\u0117s, j\u016bros ir vaisi\u0173 aromatas, suteikiantis namams \u0161viesos, \u0161velnumo ir gaivos poj\u016bt\u012f.","breadcrumb":{"@id":"https:\/\/www.malinashop.lt\/shop\/linea-35-vaniglia-gourmet-namu-kvapu-difuzorius-500ml\/#breadcrumb"},"inLanguage":"lt-LT","potentialAction":[{"@type":"ReadAction","target":["https:\/\/www.malinashop.lt\/shop\/linea-35-vaniglia-gourmet-namu-kvapu-difuzorius-500ml\/"]}]},{"@type":"ImageObject","inLanguage":"lt-LT","@id":"https:\/\/www.malinashop.lt\/shop\/linea-35-vaniglia-gourmet-namu-kvapu-difuzorius-500ml\/#primaryimage","url":"https:\/\/www.malinashop.lt\/wp-content\/uploads\/2025\/10\/LINEA-35-VANIGLIA-GOURMET-namu-kvapu-difuzorius-500ml.webp","contentUrl":"https:\/\/www.malinashop.lt\/wp-content\/uploads\/2025\/10\/LINEA-35-VANIGLIA-GOURMET-namu-kvapu-difuzorius-500ml.webp","width":990,"height":990},{"@type":"BreadcrumbList","@id":"https:\/\/www.malinashop.lt\/shop\/linea-35-vaniglia-gourmet-namu-kvapu-difuzorius-500ml\/#breadcrumb","itemListElement":[{"@type":"ListItem","position":1,"name":"Pagrindinis","item":"https:\/\/www.malinashop.lt\/"},{"@type":"ListItem","position":2,"name":"Parduotuv\u0117","item":"https:\/\/www.malinashop.lt\/en\/parduotuve\/"},{"@type":"ListItem","position":3,"name":"LINEA 35 VANIGLIA GOURMET nam\u0173 kvap\u0173 difuzorius, 500ml"}]},{"@type":"WebSite","@id":"https:\/\/www.malinashop.lt\/#website","url":"https:\/\/www.malinashop.lt\/","name":"COM Group Ecommerce","description":"MalinaShop.lt - Gro\u017eio ir sveikatos produktai i\u0161 patikim\u0173 preki\u0173 \u017eenkl\u0173. Atraskite auk\u0161tos kokyb\u0117s kosmetik\u0105 u\u017e puiki\u0105 kain\u0105.","publisher":{"@id":"https:\/\/www.malinashop.lt\/#organization"},"potentialAction":[{"@type":"SearchAction","target":{"@type":"EntryPoint","urlTemplate":"https:\/\/www.malinashop.lt\/?s={search_term_string}"},"query-input":{"@type":"PropertyValueSpecification","valueRequired":true,"valueName":"search_term_string"}}],"inLanguage":"lt-LT"},{"@type":"Organization","@id":"https:\/\/www.malinashop.lt\/#organization","name":"COM Group Ecommerce","url":"https:\/\/www.malinashop.lt\/","logo":{"@type":"ImageObject","inLanguage":"lt-LT","@id":"https:\/\/www.malinashop.lt\/#\/schema\/logo\/image\/","url":"https:\/\/www.malinashop.lt\/wp-content\/uploads\/2024\/08\/462559670_3787732518133670_9795632669273463_n-e1731525914575.png","contentUrl":"https:\/\/www.malinashop.lt\/wp-content\/uploads\/2024\/08\/462559670_3787732518133670_9795632669273463_n-e1731525914575.png","width":180,"height":60,"caption":"COM Group Ecommerce"},"image":{"@id":"https:\/\/www.malinashop.lt\/#\/schema\/logo\/image\/"}}]}},"jetpack_sharing_enabled":true,"_links":{"self":[{"href":"https:\/\/www.malinashop.lt\/lt_lt\/wp-json\/wp\/v2\/product\/60035","targetHints":{"allow":["GET"]}}],"collection":[{"href":"https:\/\/www.malinashop.lt\/lt_lt\/wp-json\/wp\/v2\/product"}],"about":[{"href":"https:\/\/www.malinashop.lt\/lt_lt\/wp-json\/wp\/v2\/types\/product"}],"version-history":[{"count":1,"href":"https:\/\/www.malinashop.lt\/lt_lt\/wp-json\/wp\/v2\/product\/60035\/revisions"}],"predecessor-version":[{"id":60037,"href":"https:\/\/www.malinashop.lt\/lt_lt\/wp-json\/wp\/v2\/product\/60035\/revisions\/60037"}],"wp:featuredmedia":[{"embeddable":true,"href":"https:\/\/www.malinashop.lt\/lt_lt\/wp-json\/wp\/v2\/media\/60036"}],"wp:attachment":[{"href":"https:\/\/www.malinashop.lt\/lt_lt\/wp-json\/wp\/v2\/media?parent=60035"}],"wp:term":[{"taxonomy":"product_brand","embeddable":true,"href":"https:\/\/www.malinashop.lt\/lt_lt\/wp-json\/wp\/v2\/product_brand?post=60035"},{"taxonomy":"product_cat","embeddable":true,"href":"https:\/\/www.malinashop.lt\/lt_lt\/wp-json\/wp\/v2\/product_cat?post=60035"},{"taxonomy":"product_tag","embeddable":true,"href":"https:\/\/www.malinashop.lt\/lt_lt\/wp-json\/wp\/v2\/product_tag?post=60035"}],"curies":[{"name":"wp","href":"https:\/\/api.w.org\/{rel}","templated":true}]}}