{"id":60026,"date":"2025-10-29T21:54:18","date_gmt":"2025-10-29T18:54:18","guid":{"rendered":"https:\/\/malinashop.lt\/?post_type=product&#038;p=60026"},"modified":"2026-02-12T12:37:09","modified_gmt":"2026-02-12T09:37:09","slug":"linea-35-gelsomino-in-fiore-namu-kvapu-difuzorius-500ml","status":"publish","type":"product","link":"https:\/\/www.malinashop.lt\/lt_lt\/shop\/linea-35-gelsomino-in-fiore-namu-kvapu-difuzorius-500ml\/","title":{"rendered":"LINEA 35 GELSOMINO IN FIORE nam\u0173 kvap\u0173 difuzorius, 500ml"},"content":{"rendered":"<p data-start=\"471\" data-end=\"762\"><strong data-start=\"471\" data-end=\"502\">LINEA 35 GELSOMINO IN FIORE<\/strong> kvap\u0173 difuzorius \u2013 tai <strong data-start=\"526\" data-end=\"557\">subtilus kontrast\u0173 aromatas<\/strong>, kuriame <strong data-start=\"567\" data-end=\"596\">gaivumas pereina \u012f \u0161ilum\u0105<\/strong>, o <strong data-start=\"600\" data-end=\"675\">g\u0117li\u0173 elegancija susilieja su jausmingais, ilgai i\u0161liekan\u010diais akordais<\/strong>. \u0160is kvapas sukurtas tiems, kurie vertina ramyb\u0119, \u0161vies\u0105 ir jaukius vakarus namuose.<\/p>\n<p data-start=\"764\" data-end=\"1137\">Vir\u0161utin\u0117se natose atsiskleid\u017eia <strong data-start=\"797\" data-end=\"823\">mandarino ir ciklameno<\/strong> gaiva, kuri suteikia kvapui lengvumo ir spindesio. Vidurin\u0117s natos \u2013 <strong data-start=\"893\" data-end=\"940\">kvapioji kananga (ylang-ylang) ir orchid\u0117ja<\/strong> \u2013 pripildo aromat\u0105 \u0161velnaus g\u0117li\u0161ko subtilumo bei rafinuotos elegancijos. Bazin\u0117je dalyje susilieja <strong data-start=\"1041\" data-end=\"1082\">gintaras, baltasis muskusas ir vanil\u0117<\/strong>, suteikiantys kvapui \u0161ilumos, gilumo ir jausmingumo.<\/p>\n<p data-start=\"1139\" data-end=\"1344\"><strong data-start=\"1139\" data-end=\"1161\">GELSOMINO IN FIORE<\/strong> \u2013 tai <strong data-start=\"1168\" data-end=\"1222\">ramyb\u0117s, \u0161velnumo ir moteri\u0161kos elegancijos kvapas<\/strong>, puikiai tinkantis svetainei, miegamajam ar poilsio zonai, kurioje norisi atsipalaiduoti ir m\u0117gautis \u0161viesia atmosfera.<\/p>\n<p data-start=\"1346\" data-end=\"1364\"><strong data-start=\"1346\" data-end=\"1362\">Kvapo natos:<\/strong><\/p>\n<ul data-start=\"1365\" data-end=\"1509\">\n<li data-start=\"1365\" data-end=\"1403\">\n<p data-start=\"1367\" data-end=\"1403\">Vir\u0161utin\u0117s: mandarinas, ciklamenas<\/p>\n<\/li>\n<li data-start=\"1404\" data-end=\"1460\">\n<p data-start=\"1406\" data-end=\"1460\">Vidurin\u0117s: kvapioji kananga (ylang-ylang), orchid\u0117ja<\/p>\n<\/li>\n<li data-start=\"1461\" data-end=\"1509\">\n<p data-start=\"1463\" data-end=\"1509\">Bazin\u0117s: gintaras, baltasis muskusas, vanil\u0117<\/p>\n<\/li>\n<\/ul>\n<p data-start=\"1511\" data-end=\"1789\"><strong data-start=\"1511\" data-end=\"1526\">Naudojimas:<\/strong><br data-start=\"1526\" data-end=\"1529\" \/>Nuimkite buteliuko dangtel\u012f, pakeiskite j\u012f dekoratyviniu ir \u012fmerkite pagaliukus \u012f kvap\u0105. Norint i\u0161laikyti tolyg\u0173 kvapo sklidim\u0105, pagaliukus periodi\u0161kai apverskite. Produkt\u0105 laikykite ant stabilaus pavir\u0161iaus, atokiau nuo \u0161ilumos \u0161altini\u0173 ir saul\u0117s spinduli\u0173.<\/p>\n<p data-start=\"1791\" data-end=\"1964\"><strong data-start=\"1791\" data-end=\"1815\">Pagaminta Italijoje.<\/strong><br data-start=\"1815\" data-end=\"1818\" \/>Visi <strong data-start=\"1823\" data-end=\"1835\">LINEA 35<\/strong> nam\u0173 kvapai \u2013 difuzoriai gaminami Italijoje, u\u017etikrinant auk\u0161t\u0105 kokyb\u0119, ilgaam\u017ei\u0161kum\u0105 ir autenti\u0161k\u0105 itali\u0161k\u0105 aromato i\u0161rai\u0161k\u0105.<\/p>\n","protected":false},"excerpt":{"rendered":"<p data-start=\"118\" data-end=\"292\">Itali\u0161kas LINEA 35 GELSOMINO IN FIORE difuzorius \u2013 subtilus mandarino, orchid\u0117jos ir vanil\u0117s kvapas, sukuriantis jauki\u0105, \u0161viesi\u0105 ir rami\u0105 atmosfer\u0105.<\/p>\n","protected":false},"featured_media":60027,"template":"","meta":[],"product_brand":[1362],"product_cat":[1140,573],"product_tag":[1608],"class_list":{"0":"post-60026","1":"product","2":"type-product","3":"status-publish","4":"has-post-thumbnail","6":"product_brand-linea-35","7":"product_cat-namu-kvapai","8":"product_cat-namu-kvapai-2","9":"product_tag-linea35","11":"first","12":"instock","13":"sale","14":"taxable","15":"shipping-taxable","16":"purchasable","17":"product-type-simple"},"yoast_head":"<!-- This site is optimized with the Yoast SEO plugin v27.4 - https:\/\/yoast.com\/product\/yoast-seo-wordpress\/ -->\n<title>LINEA 35 GELSOMINO IN FIORE nam\u0173 kvap\u0173 difuzorius, 500ml - MalinaShop.lt J\u016bs\u0173 sveikatai ir gro\u017eiui.<\/title>\n<meta name=\"description\" content=\"LINEA 35 GELSOMINO IN FIORE \u2013 mandarino, orchid\u0117jos ir vanil\u0117s kvapas, sukuriantis \u0161ilumos, ramyb\u0117s ir elegancijos poj\u016bt\u012f namuose.\" \/>\n<meta name=\"robots\" content=\"index, follow, max-snippet:-1, max-image-preview:large, max-video-preview:-1\" \/>\n<link rel=\"canonical\" href=\"https:\/\/www.malinashop.lt\/lt_lt\/shop\/linea-35-gelsomino-in-fiore-namu-kvapu-difuzorius-500ml\/\" \/>\n<meta property=\"og:locale\" content=\"lt_LT\" \/>\n<meta property=\"og:type\" content=\"article\" \/>\n<meta property=\"og:title\" content=\"LINEA 35 GELSOMINO IN FIORE nam\u0173 kvap\u0173 difuzorius, 500ml - MalinaShop.lt J\u016bs\u0173 sveikatai ir gro\u017eiui.\" \/>\n<meta property=\"og:description\" content=\"LINEA 35 GELSOMINO IN FIORE \u2013 mandarino, orchid\u0117jos ir vanil\u0117s kvapas, sukuriantis \u0161ilumos, ramyb\u0117s ir elegancijos poj\u016bt\u012f namuose.\" \/>\n<meta property=\"og:url\" content=\"https:\/\/www.malinashop.lt\/lt_lt\/shop\/linea-35-gelsomino-in-fiore-namu-kvapu-difuzorius-500ml\/\" \/>\n<meta property=\"og:site_name\" content=\"MalinaShop.lt J\u016bs\u0173 sveikatai ir gro\u017eiui.\" \/>\n<meta property=\"article:modified_time\" content=\"2026-02-12T09:37:09+00:00\" \/>\n<meta property=\"og:image\" content=\"https:\/\/www.malinashop.lt\/wp-content\/uploads\/2025\/10\/LINEA-35-GELSOMINO-IN-FIORE-namu-kvapu-difuzorius-500ml.webp\" \/>\n\t<meta property=\"og:image:width\" content=\"990\" \/>\n\t<meta property=\"og:image:height\" content=\"990\" \/>\n\t<meta property=\"og:image:type\" content=\"image\/webp\" \/>\n<meta name=\"twitter:card\" content=\"summary_large_image\" \/>\n<script type=\"application\/ld+json\" class=\"yoast-schema-graph\">{\"@context\":\"https:\\\/\\\/schema.org\",\"@graph\":[{\"@type\":\"WebPage\",\"@id\":\"https:\\\/\\\/www.malinashop.lt\\\/lt_lt\\\/shop\\\/linea-35-gelsomino-in-fiore-namu-kvapu-difuzorius-500ml\\\/\",\"url\":\"https:\\\/\\\/www.malinashop.lt\\\/lt_lt\\\/shop\\\/linea-35-gelsomino-in-fiore-namu-kvapu-difuzorius-500ml\\\/\",\"name\":\"LINEA 35 GELSOMINO IN FIORE nam\u0173 kvap\u0173 difuzorius, 500ml - MalinaShop.lt J\u016bs\u0173 sveikatai ir gro\u017eiui.\",\"isPartOf\":{\"@id\":\"https:\\\/\\\/www.malinashop.lt\\\/en\\\/#website\"},\"primaryImageOfPage\":{\"@id\":\"https:\\\/\\\/www.malinashop.lt\\\/lt_lt\\\/shop\\\/linea-35-gelsomino-in-fiore-namu-kvapu-difuzorius-500ml\\\/#primaryimage\"},\"image\":{\"@id\":\"https:\\\/\\\/www.malinashop.lt\\\/lt_lt\\\/shop\\\/linea-35-gelsomino-in-fiore-namu-kvapu-difuzorius-500ml\\\/#primaryimage\"},\"thumbnailUrl\":\"https:\\\/\\\/www.malinashop.lt\\\/wp-content\\\/uploads\\\/2025\\\/10\\\/LINEA-35-GELSOMINO-IN-FIORE-namu-kvapu-difuzorius-500ml.webp\",\"datePublished\":\"2025-10-29T18:54:18+00:00\",\"dateModified\":\"2026-02-12T09:37:09+00:00\",\"description\":\"LINEA 35 GELSOMINO IN FIORE \u2013 mandarino, orchid\u0117jos ir vanil\u0117s kvapas, sukuriantis \u0161ilumos, ramyb\u0117s ir elegancijos poj\u016bt\u012f namuose.\",\"breadcrumb\":{\"@id\":\"https:\\\/\\\/www.malinashop.lt\\\/lt_lt\\\/shop\\\/linea-35-gelsomino-in-fiore-namu-kvapu-difuzorius-500ml\\\/#breadcrumb\"},\"inLanguage\":\"lt-LT\",\"potentialAction\":[{\"@type\":\"ReadAction\",\"target\":[\"https:\\\/\\\/www.malinashop.lt\\\/lt_lt\\\/shop\\\/linea-35-gelsomino-in-fiore-namu-kvapu-difuzorius-500ml\\\/\"]}]},{\"@type\":\"ImageObject\",\"inLanguage\":\"lt-LT\",\"@id\":\"https:\\\/\\\/www.malinashop.lt\\\/lt_lt\\\/shop\\\/linea-35-gelsomino-in-fiore-namu-kvapu-difuzorius-500ml\\\/#primaryimage\",\"url\":\"https:\\\/\\\/www.malinashop.lt\\\/wp-content\\\/uploads\\\/2025\\\/10\\\/LINEA-35-GELSOMINO-IN-FIORE-namu-kvapu-difuzorius-500ml.webp\",\"contentUrl\":\"https:\\\/\\\/www.malinashop.lt\\\/wp-content\\\/uploads\\\/2025\\\/10\\\/LINEA-35-GELSOMINO-IN-FIORE-namu-kvapu-difuzorius-500ml.webp\",\"width\":990,\"height\":990},{\"@type\":\"BreadcrumbList\",\"@id\":\"https:\\\/\\\/www.malinashop.lt\\\/lt_lt\\\/shop\\\/linea-35-gelsomino-in-fiore-namu-kvapu-difuzorius-500ml\\\/#breadcrumb\",\"itemListElement\":[{\"@type\":\"ListItem\",\"position\":1,\"name\":\"Home\",\"item\":\"https:\\\/\\\/www.malinashop.lt\\\/en\\\/\"},{\"@type\":\"ListItem\",\"position\":2,\"name\":\"Parduotuv\u0117\",\"item\":\"https:\\\/\\\/www.malinashop.lt\\\/en\\\/parduotuve\\\/\"},{\"@type\":\"ListItem\",\"position\":3,\"name\":\"LINEA 35 GELSOMINO IN FIORE nam\u0173 kvap\u0173 difuzorius, 500ml\"}]},{\"@type\":\"WebSite\",\"@id\":\"https:\\\/\\\/www.malinashop.lt\\\/en\\\/#website\",\"url\":\"https:\\\/\\\/www.malinashop.lt\\\/en\\\/\",\"name\":\"COM Group Ecommerce\",\"description\":\"MalinaShop.lt - Gro\u017eio ir sveikatos produktai i\u0161 patikim\u0173 preki\u0173 \u017eenkl\u0173. Atraskite auk\u0161tos kokyb\u0117s kosmetik\u0105 u\u017e puiki\u0105 kain\u0105.\",\"publisher\":{\"@id\":\"https:\\\/\\\/www.malinashop.lt\\\/en\\\/#organization\"},\"potentialAction\":[{\"@type\":\"SearchAction\",\"target\":{\"@type\":\"EntryPoint\",\"urlTemplate\":\"https:\\\/\\\/www.malinashop.lt\\\/en\\\/?s={search_term_string}\"},\"query-input\":{\"@type\":\"PropertyValueSpecification\",\"valueRequired\":true,\"valueName\":\"search_term_string\"}}],\"inLanguage\":\"lt-LT\"},{\"@type\":\"Organization\",\"@id\":\"https:\\\/\\\/www.malinashop.lt\\\/en\\\/#organization\",\"name\":\"COM Group Ecommerce\",\"url\":\"https:\\\/\\\/www.malinashop.lt\\\/en\\\/\",\"logo\":{\"@type\":\"ImageObject\",\"inLanguage\":\"lt-LT\",\"@id\":\"https:\\\/\\\/www.malinashop.lt\\\/en\\\/#\\\/schema\\\/logo\\\/image\\\/\",\"url\":\"https:\\\/\\\/www.malinashop.lt\\\/wp-content\\\/uploads\\\/2024\\\/08\\\/462559670_3787732518133670_9795632669273463_n-e1731525914575.png\",\"contentUrl\":\"https:\\\/\\\/www.malinashop.lt\\\/wp-content\\\/uploads\\\/2024\\\/08\\\/462559670_3787732518133670_9795632669273463_n-e1731525914575.png\",\"width\":180,\"height\":60,\"caption\":\"COM Group Ecommerce\"},\"image\":{\"@id\":\"https:\\\/\\\/www.malinashop.lt\\\/en\\\/#\\\/schema\\\/logo\\\/image\\\/\"}}]}<\/script>\n<!-- \/ Yoast SEO plugin. -->","yoast_head_json":{"title":"LINEA 35 GELSOMINO IN FIORE nam\u0173 kvap\u0173 difuzorius, 500ml - MalinaShop.lt J\u016bs\u0173 sveikatai ir gro\u017eiui.","description":"LINEA 35 GELSOMINO IN FIORE \u2013 mandarino, orchid\u0117jos ir vanil\u0117s kvapas, sukuriantis \u0161ilumos, ramyb\u0117s ir elegancijos poj\u016bt\u012f namuose.","robots":{"index":"index","follow":"follow","max-snippet":"max-snippet:-1","max-image-preview":"max-image-preview:large","max-video-preview":"max-video-preview:-1"},"canonical":"https:\/\/www.malinashop.lt\/lt_lt\/shop\/linea-35-gelsomino-in-fiore-namu-kvapu-difuzorius-500ml\/","og_locale":"lt_LT","og_type":"article","og_title":"LINEA 35 GELSOMINO IN FIORE nam\u0173 kvap\u0173 difuzorius, 500ml - MalinaShop.lt J\u016bs\u0173 sveikatai ir gro\u017eiui.","og_description":"LINEA 35 GELSOMINO IN FIORE \u2013 mandarino, orchid\u0117jos ir vanil\u0117s kvapas, sukuriantis \u0161ilumos, ramyb\u0117s ir elegancijos poj\u016bt\u012f namuose.","og_url":"https:\/\/www.malinashop.lt\/lt_lt\/shop\/linea-35-gelsomino-in-fiore-namu-kvapu-difuzorius-500ml\/","og_site_name":"MalinaShop.lt J\u016bs\u0173 sveikatai ir gro\u017eiui.","article_modified_time":"2026-02-12T09:37:09+00:00","og_image":[{"width":990,"height":990,"url":"https:\/\/www.malinashop.lt\/wp-content\/uploads\/2025\/10\/LINEA-35-GELSOMINO-IN-FIORE-namu-kvapu-difuzorius-500ml.webp","type":"image\/webp"}],"twitter_card":"summary_large_image","schema":{"@context":"https:\/\/schema.org","@graph":[{"@type":"WebPage","@id":"https:\/\/www.malinashop.lt\/lt_lt\/shop\/linea-35-gelsomino-in-fiore-namu-kvapu-difuzorius-500ml\/","url":"https:\/\/www.malinashop.lt\/lt_lt\/shop\/linea-35-gelsomino-in-fiore-namu-kvapu-difuzorius-500ml\/","name":"LINEA 35 GELSOMINO IN FIORE nam\u0173 kvap\u0173 difuzorius, 500ml - MalinaShop.lt J\u016bs\u0173 sveikatai ir gro\u017eiui.","isPartOf":{"@id":"https:\/\/www.malinashop.lt\/en\/#website"},"primaryImageOfPage":{"@id":"https:\/\/www.malinashop.lt\/lt_lt\/shop\/linea-35-gelsomino-in-fiore-namu-kvapu-difuzorius-500ml\/#primaryimage"},"image":{"@id":"https:\/\/www.malinashop.lt\/lt_lt\/shop\/linea-35-gelsomino-in-fiore-namu-kvapu-difuzorius-500ml\/#primaryimage"},"thumbnailUrl":"https:\/\/www.malinashop.lt\/wp-content\/uploads\/2025\/10\/LINEA-35-GELSOMINO-IN-FIORE-namu-kvapu-difuzorius-500ml.webp","datePublished":"2025-10-29T18:54:18+00:00","dateModified":"2026-02-12T09:37:09+00:00","description":"LINEA 35 GELSOMINO IN FIORE \u2013 mandarino, orchid\u0117jos ir vanil\u0117s kvapas, sukuriantis \u0161ilumos, ramyb\u0117s ir elegancijos poj\u016bt\u012f namuose.","breadcrumb":{"@id":"https:\/\/www.malinashop.lt\/lt_lt\/shop\/linea-35-gelsomino-in-fiore-namu-kvapu-difuzorius-500ml\/#breadcrumb"},"inLanguage":"lt-LT","potentialAction":[{"@type":"ReadAction","target":["https:\/\/www.malinashop.lt\/lt_lt\/shop\/linea-35-gelsomino-in-fiore-namu-kvapu-difuzorius-500ml\/"]}]},{"@type":"ImageObject","inLanguage":"lt-LT","@id":"https:\/\/www.malinashop.lt\/lt_lt\/shop\/linea-35-gelsomino-in-fiore-namu-kvapu-difuzorius-500ml\/#primaryimage","url":"https:\/\/www.malinashop.lt\/wp-content\/uploads\/2025\/10\/LINEA-35-GELSOMINO-IN-FIORE-namu-kvapu-difuzorius-500ml.webp","contentUrl":"https:\/\/www.malinashop.lt\/wp-content\/uploads\/2025\/10\/LINEA-35-GELSOMINO-IN-FIORE-namu-kvapu-difuzorius-500ml.webp","width":990,"height":990},{"@type":"BreadcrumbList","@id":"https:\/\/www.malinashop.lt\/lt_lt\/shop\/linea-35-gelsomino-in-fiore-namu-kvapu-difuzorius-500ml\/#breadcrumb","itemListElement":[{"@type":"ListItem","position":1,"name":"Home","item":"https:\/\/www.malinashop.lt\/en\/"},{"@type":"ListItem","position":2,"name":"Parduotuv\u0117","item":"https:\/\/www.malinashop.lt\/en\/parduotuve\/"},{"@type":"ListItem","position":3,"name":"LINEA 35 GELSOMINO IN FIORE nam\u0173 kvap\u0173 difuzorius, 500ml"}]},{"@type":"WebSite","@id":"https:\/\/www.malinashop.lt\/en\/#website","url":"https:\/\/www.malinashop.lt\/en\/","name":"COM Group Ecommerce","description":"MalinaShop.lt - Gro\u017eio ir sveikatos produktai i\u0161 patikim\u0173 preki\u0173 \u017eenkl\u0173. Atraskite auk\u0161tos kokyb\u0117s kosmetik\u0105 u\u017e puiki\u0105 kain\u0105.","publisher":{"@id":"https:\/\/www.malinashop.lt\/en\/#organization"},"potentialAction":[{"@type":"SearchAction","target":{"@type":"EntryPoint","urlTemplate":"https:\/\/www.malinashop.lt\/en\/?s={search_term_string}"},"query-input":{"@type":"PropertyValueSpecification","valueRequired":true,"valueName":"search_term_string"}}],"inLanguage":"lt-LT"},{"@type":"Organization","@id":"https:\/\/www.malinashop.lt\/en\/#organization","name":"COM Group Ecommerce","url":"https:\/\/www.malinashop.lt\/en\/","logo":{"@type":"ImageObject","inLanguage":"lt-LT","@id":"https:\/\/www.malinashop.lt\/en\/#\/schema\/logo\/image\/","url":"https:\/\/www.malinashop.lt\/wp-content\/uploads\/2024\/08\/462559670_3787732518133670_9795632669273463_n-e1731525914575.png","contentUrl":"https:\/\/www.malinashop.lt\/wp-content\/uploads\/2024\/08\/462559670_3787732518133670_9795632669273463_n-e1731525914575.png","width":180,"height":60,"caption":"COM Group Ecommerce"},"image":{"@id":"https:\/\/www.malinashop.lt\/en\/#\/schema\/logo\/image\/"}}]}},"jetpack_sharing_enabled":true,"_links":{"self":[{"href":"https:\/\/www.malinashop.lt\/lt_lt\/wp-json\/wp\/v2\/product\/60026","targetHints":{"allow":["GET"]}}],"collection":[{"href":"https:\/\/www.malinashop.lt\/lt_lt\/wp-json\/wp\/v2\/product"}],"about":[{"href":"https:\/\/www.malinashop.lt\/lt_lt\/wp-json\/wp\/v2\/types\/product"}],"version-history":[{"count":1,"href":"https:\/\/www.malinashop.lt\/lt_lt\/wp-json\/wp\/v2\/product\/60026\/revisions"}],"predecessor-version":[{"id":60028,"href":"https:\/\/www.malinashop.lt\/lt_lt\/wp-json\/wp\/v2\/product\/60026\/revisions\/60028"}],"wp:featuredmedia":[{"embeddable":true,"href":"https:\/\/www.malinashop.lt\/lt_lt\/wp-json\/wp\/v2\/media\/60027"}],"wp:attachment":[{"href":"https:\/\/www.malinashop.lt\/lt_lt\/wp-json\/wp\/v2\/media?parent=60026"}],"wp:term":[{"taxonomy":"product_brand","embeddable":true,"href":"https:\/\/www.malinashop.lt\/lt_lt\/wp-json\/wp\/v2\/product_brand?post=60026"},{"taxonomy":"product_cat","embeddable":true,"href":"https:\/\/www.malinashop.lt\/lt_lt\/wp-json\/wp\/v2\/product_cat?post=60026"},{"taxonomy":"product_tag","embeddable":true,"href":"https:\/\/www.malinashop.lt\/lt_lt\/wp-json\/wp\/v2\/product_tag?post=60026"}],"curies":[{"name":"wp","href":"https:\/\/api.w.org\/{rel}","templated":true}]}}