{"id":60015,"date":"2025-10-29T21:47:11","date_gmt":"2025-10-29T18:47:11","guid":{"rendered":"https:\/\/malinashop.lt\/?post_type=product&#038;p=60015"},"modified":"2026-02-12T12:37:10","modified_gmt":"2026-02-12T09:37:10","slug":"linea-35-agrumeto-mediterraneo-namu-kvapu-difuzorius-500ml","status":"publish","type":"product","link":"https:\/\/www.malinashop.lt\/lt_lt\/shop\/linea-35-agrumeto-mediterraneo-namu-kvapu-difuzorius-500ml\/","title":{"rendered":"LINEA 35 AGRUMETO MEDITERRANEO nam\u0173 kvap\u0173 difuzorius, 500ml"},"content":{"rendered":"<p data-start=\"472\" data-end=\"781\">Pasinerkite \u012f <strong data-start=\"526\" data-end=\"576\">vasaros \u0161ilumos ir sald\u017ei\u0173 prisiminim\u0173 pasaul\u012f<\/strong> su <strong data-start=\"580\" data-end=\"610\">LINEA 35 VIGNETO IMPERIALE<\/strong> nam\u0173 kvap\u0173 difuzoriumi. \u0160is aromatas sukuria jausm\u0105, tarsi vaik\u0161\u010diotum\u0117te <strong data-start=\"685\" data-end=\"715\">uog\u0173 sode vasaros pavakar\u0119<\/strong>, kai or\u0105 pripildo <strong data-start=\"734\" data-end=\"772\">brand\u017ei\u0173 vaisi\u0173, \u017eied\u0173 ir medienos<\/strong> natos.<\/p>\n<p data-start=\"783\" data-end=\"1097\">Vir\u0161utin\u0117je aromato dalyje juntamos <strong data-start=\"819\" data-end=\"865\">mirabel\u0117s slyvos, bra\u0161k\u0117s ir sulting\u0173 uog\u0173<\/strong> natos, suteikian\u010dios saldumo ir gyvybingumo. Vidurin\u0117s natos \u2013 <strong data-start=\"929\" data-end=\"964\">\u017eibuokl\u0117, jazminas ir gardenija<\/strong> \u2013 \u012fne\u0161a \u0161velnios elegancijos ir g\u0117li\u0161ko subtilumo, o <strong data-start=\"1018\" data-end=\"1041\">brandintos medienos<\/strong> pagrindas suteikia gilumo, \u0161ilumos ir jaukumo poj\u016bt\u012f.<\/p>\n<p data-start=\"1099\" data-end=\"1269\"><strong data-start=\"1099\" data-end=\"1120\">VIGNETO IMPERIALE<\/strong> \u2013 tai <strong data-start=\"1127\" data-end=\"1173\">romanti\u0161kas, \u0161viesus ir harmoningas kvapas<\/strong>, puikiai tinkantis tiek svetainei, tiek miegamajam, sukuriantis i\u0161skirtinai jauki\u0105 atmosfer\u0105.<\/p>\n<p data-start=\"1271\" data-end=\"1289\"><strong data-start=\"1271\" data-end=\"1287\">Kvapo natos:<\/strong><\/p>\n<ul data-start=\"1290\" data-end=\"1412\">\n<li data-start=\"1290\" data-end=\"1336\">\n<p data-start=\"1292\" data-end=\"1336\">Vir\u0161utin\u0117s: mirabel\u0117s slyva, bra\u0161k\u0117, uogos<\/p>\n<\/li>\n<li data-start=\"1337\" data-end=\"1381\">\n<p data-start=\"1339\" data-end=\"1381\">Vidurin\u0117s: \u017eibuokl\u0117, jazminas, gardenija<\/p>\n<\/li>\n<li data-start=\"1382\" data-end=\"1412\">\n<p data-start=\"1384\" data-end=\"1412\">Bazin\u0117s: brandinta mediena<\/p>\n<\/li>\n<\/ul>\n<p data-start=\"1414\" data-end=\"1658\"><strong data-start=\"1414\" data-end=\"1429\">Naudojimas:<\/strong><br data-start=\"1429\" data-end=\"1432\" \/>Nuimkite buteliuko dangtel\u012f, pakeiskite j\u012f dekoratyviniu ir \u012fmerkite pagaliukus. Kad kvapas sklist\u0173 tolygiai, juos periodi\u0161kai apverskite. Laikykite ant stabilaus pavir\u0161iaus, atokiau nuo \u0161ilumos \u0161altini\u0173 ir saul\u0117s spinduli\u0173.<\/p>\n<p data-start=\"1660\" data-end=\"1822\"><strong data-start=\"1660\" data-end=\"1684\">Pagaminta Italijoje.<\/strong><br data-start=\"1684\" data-end=\"1687\" \/>Visi <strong data-start=\"1692\" data-end=\"1704\">LINEA 35<\/strong> nam\u0173 kvapai \u2013 difuzoriai gaminami Italijoje, u\u017etikrinant auk\u0161\u010diausi\u0105 kokyb\u0119 ir autenti\u0161k\u0105 itali\u0161k\u0105 kvap\u0173 tradicij\u0105.<\/p>\n","protected":false},"excerpt":{"rendered":"<p data-start=\"118\" data-end=\"292\">Itali\u0161kas LINEA 35 VIGNETO IMPERIALE difuzorius \u2013 \u0161iltas, vaisi\u0161kas ir g\u0117li\u0161kas aromatas, primenantis vasaros sod\u0105 ir sald\u017eius prisiminimus.<\/p>\n","protected":false},"featured_media":60016,"template":"","meta":[],"product_brand":[1362],"product_cat":[1140,573],"product_tag":[1608],"class_list":{"0":"post-60015","1":"product","2":"type-product","3":"status-publish","4":"has-post-thumbnail","6":"product_brand-linea-35","7":"product_cat-namu-kvapai","8":"product_cat-namu-kvapai-2","9":"product_tag-linea35","11":"first","12":"instock","13":"sale","14":"taxable","15":"shipping-taxable","16":"purchasable","17":"product-type-simple"},"yoast_head":"<!-- This site is optimized with the Yoast SEO plugin v27.4 - https:\/\/yoast.com\/product\/yoast-seo-wordpress\/ -->\n<title>LINEA 35 AGRUMETO MEDITERRANEO nam\u0173 kvap\u0173 difuzorius, 500ml - MalinaShop.lt J\u016bs\u0173 sveikatai ir gro\u017eiui.<\/title>\n<meta name=\"description\" content=\"Itali\u0161kas LINEA 35 AGRUMETO MEDITERRANEO difuzorius \u2013 apelsino, greipfruto ir muskuso kvapas, atne\u0161antis gaiv\u0105 ir saul\u0117t\u0105 nuotaik\u0105 \u012f namus.\" \/>\n<meta name=\"robots\" content=\"index, follow, max-snippet:-1, max-image-preview:large, max-video-preview:-1\" \/>\n<link rel=\"canonical\" href=\"https:\/\/www.malinashop.lt\/lt_lt\/shop\/linea-35-agrumeto-mediterraneo-namu-kvapu-difuzorius-500ml\/\" \/>\n<meta property=\"og:locale\" content=\"lt_LT\" \/>\n<meta property=\"og:type\" content=\"article\" \/>\n<meta property=\"og:title\" content=\"LINEA 35 AGRUMETO MEDITERRANEO nam\u0173 kvap\u0173 difuzorius, 500ml - MalinaShop.lt J\u016bs\u0173 sveikatai ir gro\u017eiui.\" \/>\n<meta property=\"og:description\" content=\"Itali\u0161kas LINEA 35 AGRUMETO MEDITERRANEO difuzorius \u2013 apelsino, greipfruto ir muskuso kvapas, atne\u0161antis gaiv\u0105 ir saul\u0117t\u0105 nuotaik\u0105 \u012f namus.\" \/>\n<meta property=\"og:url\" content=\"https:\/\/www.malinashop.lt\/lt_lt\/shop\/linea-35-agrumeto-mediterraneo-namu-kvapu-difuzorius-500ml\/\" \/>\n<meta property=\"og:site_name\" content=\"MalinaShop.lt J\u016bs\u0173 sveikatai ir gro\u017eiui.\" \/>\n<meta property=\"article:modified_time\" content=\"2026-02-12T09:37:10+00:00\" \/>\n<meta property=\"og:image\" content=\"https:\/\/www.malinashop.lt\/wp-content\/uploads\/2025\/10\/LINEA-35-AGRUMETO-MEDITERRANEO-namu-kvapu-difuzorius-500ml.webp\" \/>\n\t<meta property=\"og:image:width\" content=\"990\" \/>\n\t<meta property=\"og:image:height\" content=\"990\" \/>\n\t<meta property=\"og:image:type\" content=\"image\/webp\" \/>\n<meta name=\"twitter:card\" content=\"summary_large_image\" \/>\n<script type=\"application\/ld+json\" class=\"yoast-schema-graph\">{\"@context\":\"https:\\\/\\\/schema.org\",\"@graph\":[{\"@type\":\"WebPage\",\"@id\":\"https:\\\/\\\/www.malinashop.lt\\\/en\\\/shop\\\/linea-35-agrumeto-mediterraneo-namu-kvapu-difuzorius-500ml\\\/\",\"url\":\"https:\\\/\\\/www.malinashop.lt\\\/en\\\/shop\\\/linea-35-agrumeto-mediterraneo-namu-kvapu-difuzorius-500ml\\\/\",\"name\":\"LINEA 35 AGRUMETO MEDITERRANEO nam\u0173 kvap\u0173 difuzorius, 500ml - MalinaShop.lt J\u016bs\u0173 sveikatai ir gro\u017eiui.\",\"isPartOf\":{\"@id\":\"https:\\\/\\\/www.malinashop.lt\\\/en\\\/#website\"},\"primaryImageOfPage\":{\"@id\":\"https:\\\/\\\/www.malinashop.lt\\\/en\\\/shop\\\/linea-35-agrumeto-mediterraneo-namu-kvapu-difuzorius-500ml\\\/#primaryimage\"},\"image\":{\"@id\":\"https:\\\/\\\/www.malinashop.lt\\\/en\\\/shop\\\/linea-35-agrumeto-mediterraneo-namu-kvapu-difuzorius-500ml\\\/#primaryimage\"},\"thumbnailUrl\":\"https:\\\/\\\/www.malinashop.lt\\\/wp-content\\\/uploads\\\/2025\\\/10\\\/LINEA-35-AGRUMETO-MEDITERRANEO-namu-kvapu-difuzorius-500ml.webp\",\"datePublished\":\"2025-10-29T18:47:11+00:00\",\"dateModified\":\"2026-02-12T09:37:10+00:00\",\"description\":\"Itali\u0161kas LINEA 35 AGRUMETO MEDITERRANEO difuzorius \u2013 apelsino, greipfruto ir muskuso kvapas, atne\u0161antis gaiv\u0105 ir saul\u0117t\u0105 nuotaik\u0105 \u012f namus.\",\"breadcrumb\":{\"@id\":\"https:\\\/\\\/www.malinashop.lt\\\/en\\\/shop\\\/linea-35-agrumeto-mediterraneo-namu-kvapu-difuzorius-500ml\\\/#breadcrumb\"},\"inLanguage\":\"lt-LT\",\"potentialAction\":[{\"@type\":\"ReadAction\",\"target\":[\"https:\\\/\\\/www.malinashop.lt\\\/en\\\/shop\\\/linea-35-agrumeto-mediterraneo-namu-kvapu-difuzorius-500ml\\\/\"]}]},{\"@type\":\"ImageObject\",\"inLanguage\":\"lt-LT\",\"@id\":\"https:\\\/\\\/www.malinashop.lt\\\/en\\\/shop\\\/linea-35-agrumeto-mediterraneo-namu-kvapu-difuzorius-500ml\\\/#primaryimage\",\"url\":\"https:\\\/\\\/www.malinashop.lt\\\/wp-content\\\/uploads\\\/2025\\\/10\\\/LINEA-35-AGRUMETO-MEDITERRANEO-namu-kvapu-difuzorius-500ml.webp\",\"contentUrl\":\"https:\\\/\\\/www.malinashop.lt\\\/wp-content\\\/uploads\\\/2025\\\/10\\\/LINEA-35-AGRUMETO-MEDITERRANEO-namu-kvapu-difuzorius-500ml.webp\",\"width\":990,\"height\":990},{\"@type\":\"BreadcrumbList\",\"@id\":\"https:\\\/\\\/www.malinashop.lt\\\/en\\\/shop\\\/linea-35-agrumeto-mediterraneo-namu-kvapu-difuzorius-500ml\\\/#breadcrumb\",\"itemListElement\":[{\"@type\":\"ListItem\",\"position\":1,\"name\":\"Home\",\"item\":\"https:\\\/\\\/www.malinashop.lt\\\/en\\\/\"},{\"@type\":\"ListItem\",\"position\":2,\"name\":\"Parduotuv\u0117\",\"item\":\"https:\\\/\\\/www.malinashop.lt\\\/en\\\/parduotuve\\\/\"},{\"@type\":\"ListItem\",\"position\":3,\"name\":\"LINEA 35 AGRUMETO MEDITERRANEO nam\u0173 kvap\u0173 difuzorius, 500ml\"}]},{\"@type\":\"WebSite\",\"@id\":\"https:\\\/\\\/www.malinashop.lt\\\/en\\\/#website\",\"url\":\"https:\\\/\\\/www.malinashop.lt\\\/en\\\/\",\"name\":\"COM Group Ecommerce\",\"description\":\"MalinaShop.lt - Gro\u017eio ir sveikatos produktai i\u0161 patikim\u0173 preki\u0173 \u017eenkl\u0173. Atraskite auk\u0161tos kokyb\u0117s kosmetik\u0105 u\u017e puiki\u0105 kain\u0105.\",\"publisher\":{\"@id\":\"https:\\\/\\\/www.malinashop.lt\\\/en\\\/#organization\"},\"potentialAction\":[{\"@type\":\"SearchAction\",\"target\":{\"@type\":\"EntryPoint\",\"urlTemplate\":\"https:\\\/\\\/www.malinashop.lt\\\/en\\\/?s={search_term_string}\"},\"query-input\":{\"@type\":\"PropertyValueSpecification\",\"valueRequired\":true,\"valueName\":\"search_term_string\"}}],\"inLanguage\":\"lt-LT\"},{\"@type\":\"Organization\",\"@id\":\"https:\\\/\\\/www.malinashop.lt\\\/en\\\/#organization\",\"name\":\"COM Group Ecommerce\",\"url\":\"https:\\\/\\\/www.malinashop.lt\\\/en\\\/\",\"logo\":{\"@type\":\"ImageObject\",\"inLanguage\":\"lt-LT\",\"@id\":\"https:\\\/\\\/www.malinashop.lt\\\/en\\\/#\\\/schema\\\/logo\\\/image\\\/\",\"url\":\"https:\\\/\\\/www.malinashop.lt\\\/wp-content\\\/uploads\\\/2024\\\/08\\\/462559670_3787732518133670_9795632669273463_n-e1731525914575.png\",\"contentUrl\":\"https:\\\/\\\/www.malinashop.lt\\\/wp-content\\\/uploads\\\/2024\\\/08\\\/462559670_3787732518133670_9795632669273463_n-e1731525914575.png\",\"width\":180,\"height\":60,\"caption\":\"COM Group Ecommerce\"},\"image\":{\"@id\":\"https:\\\/\\\/www.malinashop.lt\\\/en\\\/#\\\/schema\\\/logo\\\/image\\\/\"}}]}<\/script>\n<!-- \/ Yoast SEO plugin. -->","yoast_head_json":{"title":"LINEA 35 AGRUMETO MEDITERRANEO nam\u0173 kvap\u0173 difuzorius, 500ml - MalinaShop.lt J\u016bs\u0173 sveikatai ir gro\u017eiui.","description":"Itali\u0161kas LINEA 35 AGRUMETO MEDITERRANEO difuzorius \u2013 apelsino, greipfruto ir muskuso kvapas, atne\u0161antis gaiv\u0105 ir saul\u0117t\u0105 nuotaik\u0105 \u012f namus.","robots":{"index":"index","follow":"follow","max-snippet":"max-snippet:-1","max-image-preview":"max-image-preview:large","max-video-preview":"max-video-preview:-1"},"canonical":"https:\/\/www.malinashop.lt\/lt_lt\/shop\/linea-35-agrumeto-mediterraneo-namu-kvapu-difuzorius-500ml\/","og_locale":"lt_LT","og_type":"article","og_title":"LINEA 35 AGRUMETO MEDITERRANEO nam\u0173 kvap\u0173 difuzorius, 500ml - MalinaShop.lt J\u016bs\u0173 sveikatai ir gro\u017eiui.","og_description":"Itali\u0161kas LINEA 35 AGRUMETO MEDITERRANEO difuzorius \u2013 apelsino, greipfruto ir muskuso kvapas, atne\u0161antis gaiv\u0105 ir saul\u0117t\u0105 nuotaik\u0105 \u012f namus.","og_url":"https:\/\/www.malinashop.lt\/lt_lt\/shop\/linea-35-agrumeto-mediterraneo-namu-kvapu-difuzorius-500ml\/","og_site_name":"MalinaShop.lt J\u016bs\u0173 sveikatai ir gro\u017eiui.","article_modified_time":"2026-02-12T09:37:10+00:00","og_image":[{"width":990,"height":990,"url":"https:\/\/www.malinashop.lt\/wp-content\/uploads\/2025\/10\/LINEA-35-AGRUMETO-MEDITERRANEO-namu-kvapu-difuzorius-500ml.webp","type":"image\/webp"}],"twitter_card":"summary_large_image","schema":{"@context":"https:\/\/schema.org","@graph":[{"@type":"WebPage","@id":"https:\/\/www.malinashop.lt\/en\/shop\/linea-35-agrumeto-mediterraneo-namu-kvapu-difuzorius-500ml\/","url":"https:\/\/www.malinashop.lt\/en\/shop\/linea-35-agrumeto-mediterraneo-namu-kvapu-difuzorius-500ml\/","name":"LINEA 35 AGRUMETO MEDITERRANEO nam\u0173 kvap\u0173 difuzorius, 500ml - MalinaShop.lt J\u016bs\u0173 sveikatai ir gro\u017eiui.","isPartOf":{"@id":"https:\/\/www.malinashop.lt\/en\/#website"},"primaryImageOfPage":{"@id":"https:\/\/www.malinashop.lt\/en\/shop\/linea-35-agrumeto-mediterraneo-namu-kvapu-difuzorius-500ml\/#primaryimage"},"image":{"@id":"https:\/\/www.malinashop.lt\/en\/shop\/linea-35-agrumeto-mediterraneo-namu-kvapu-difuzorius-500ml\/#primaryimage"},"thumbnailUrl":"https:\/\/www.malinashop.lt\/wp-content\/uploads\/2025\/10\/LINEA-35-AGRUMETO-MEDITERRANEO-namu-kvapu-difuzorius-500ml.webp","datePublished":"2025-10-29T18:47:11+00:00","dateModified":"2026-02-12T09:37:10+00:00","description":"Itali\u0161kas LINEA 35 AGRUMETO MEDITERRANEO difuzorius \u2013 apelsino, greipfruto ir muskuso kvapas, atne\u0161antis gaiv\u0105 ir saul\u0117t\u0105 nuotaik\u0105 \u012f namus.","breadcrumb":{"@id":"https:\/\/www.malinashop.lt\/en\/shop\/linea-35-agrumeto-mediterraneo-namu-kvapu-difuzorius-500ml\/#breadcrumb"},"inLanguage":"lt-LT","potentialAction":[{"@type":"ReadAction","target":["https:\/\/www.malinashop.lt\/en\/shop\/linea-35-agrumeto-mediterraneo-namu-kvapu-difuzorius-500ml\/"]}]},{"@type":"ImageObject","inLanguage":"lt-LT","@id":"https:\/\/www.malinashop.lt\/en\/shop\/linea-35-agrumeto-mediterraneo-namu-kvapu-difuzorius-500ml\/#primaryimage","url":"https:\/\/www.malinashop.lt\/wp-content\/uploads\/2025\/10\/LINEA-35-AGRUMETO-MEDITERRANEO-namu-kvapu-difuzorius-500ml.webp","contentUrl":"https:\/\/www.malinashop.lt\/wp-content\/uploads\/2025\/10\/LINEA-35-AGRUMETO-MEDITERRANEO-namu-kvapu-difuzorius-500ml.webp","width":990,"height":990},{"@type":"BreadcrumbList","@id":"https:\/\/www.malinashop.lt\/en\/shop\/linea-35-agrumeto-mediterraneo-namu-kvapu-difuzorius-500ml\/#breadcrumb","itemListElement":[{"@type":"ListItem","position":1,"name":"Home","item":"https:\/\/www.malinashop.lt\/en\/"},{"@type":"ListItem","position":2,"name":"Parduotuv\u0117","item":"https:\/\/www.malinashop.lt\/en\/parduotuve\/"},{"@type":"ListItem","position":3,"name":"LINEA 35 AGRUMETO MEDITERRANEO nam\u0173 kvap\u0173 difuzorius, 500ml"}]},{"@type":"WebSite","@id":"https:\/\/www.malinashop.lt\/en\/#website","url":"https:\/\/www.malinashop.lt\/en\/","name":"COM Group Ecommerce","description":"MalinaShop.lt - Gro\u017eio ir sveikatos produktai i\u0161 patikim\u0173 preki\u0173 \u017eenkl\u0173. Atraskite auk\u0161tos kokyb\u0117s kosmetik\u0105 u\u017e puiki\u0105 kain\u0105.","publisher":{"@id":"https:\/\/www.malinashop.lt\/en\/#organization"},"potentialAction":[{"@type":"SearchAction","target":{"@type":"EntryPoint","urlTemplate":"https:\/\/www.malinashop.lt\/en\/?s={search_term_string}"},"query-input":{"@type":"PropertyValueSpecification","valueRequired":true,"valueName":"search_term_string"}}],"inLanguage":"lt-LT"},{"@type":"Organization","@id":"https:\/\/www.malinashop.lt\/en\/#organization","name":"COM Group Ecommerce","url":"https:\/\/www.malinashop.lt\/en\/","logo":{"@type":"ImageObject","inLanguage":"lt-LT","@id":"https:\/\/www.malinashop.lt\/en\/#\/schema\/logo\/image\/","url":"https:\/\/www.malinashop.lt\/wp-content\/uploads\/2024\/08\/462559670_3787732518133670_9795632669273463_n-e1731525914575.png","contentUrl":"https:\/\/www.malinashop.lt\/wp-content\/uploads\/2024\/08\/462559670_3787732518133670_9795632669273463_n-e1731525914575.png","width":180,"height":60,"caption":"COM Group Ecommerce"},"image":{"@id":"https:\/\/www.malinashop.lt\/en\/#\/schema\/logo\/image\/"}}]}},"jetpack_sharing_enabled":true,"_links":{"self":[{"href":"https:\/\/www.malinashop.lt\/lt_lt\/wp-json\/wp\/v2\/product\/60015","targetHints":{"allow":["GET"]}}],"collection":[{"href":"https:\/\/www.malinashop.lt\/lt_lt\/wp-json\/wp\/v2\/product"}],"about":[{"href":"https:\/\/www.malinashop.lt\/lt_lt\/wp-json\/wp\/v2\/types\/product"}],"version-history":[{"count":1,"href":"https:\/\/www.malinashop.lt\/lt_lt\/wp-json\/wp\/v2\/product\/60015\/revisions"}],"predecessor-version":[{"id":60017,"href":"https:\/\/www.malinashop.lt\/lt_lt\/wp-json\/wp\/v2\/product\/60015\/revisions\/60017"}],"wp:featuredmedia":[{"embeddable":true,"href":"https:\/\/www.malinashop.lt\/lt_lt\/wp-json\/wp\/v2\/media\/60016"}],"wp:attachment":[{"href":"https:\/\/www.malinashop.lt\/lt_lt\/wp-json\/wp\/v2\/media?parent=60015"}],"wp:term":[{"taxonomy":"product_brand","embeddable":true,"href":"https:\/\/www.malinashop.lt\/lt_lt\/wp-json\/wp\/v2\/product_brand?post=60015"},{"taxonomy":"product_cat","embeddable":true,"href":"https:\/\/www.malinashop.lt\/lt_lt\/wp-json\/wp\/v2\/product_cat?post=60015"},{"taxonomy":"product_tag","embeddable":true,"href":"https:\/\/www.malinashop.lt\/lt_lt\/wp-json\/wp\/v2\/product_tag?post=60015"}],"curies":[{"name":"wp","href":"https:\/\/api.w.org\/{rel}","templated":true}]}}