{"id":60006,"date":"2025-10-29T18:58:57","date_gmt":"2025-10-29T15:58:57","guid":{"rendered":"https:\/\/malinashop.lt\/?post_type=product&#038;p=60006"},"modified":"2026-02-12T12:37:11","modified_gmt":"2026-02-12T09:37:11","slug":"linea-35-vaniglia-gourmet-namu-kvapu-difuzorius-200ml","status":"publish","type":"product","link":"https:\/\/www.malinashop.lt\/lt_lt\/shop\/linea-35-vaniglia-gourmet-namu-kvapu-difuzorius-200ml\/","title":{"rendered":"LINEA 35 VANIGLIA GOURMET nam\u0173 kvap\u0173 difuzorius, 200ml"},"content":{"rendered":"<p data-start=\"313\" data-end=\"607\">\u012esivaizduokite <strong data-start=\"328\" data-end=\"352\">ram\u0173 ryt\u0105 prie j\u016bros<\/strong>, kai \u0161velnus v\u0117jas kutena od\u0105, o ore sklando <strong data-start=\"398\" data-end=\"435\">s\u016brus gaivumas ir vaisi\u0173 saldumas<\/strong>.<br data-start=\"436\" data-end=\"439\" \/><strong data-start=\"439\" data-end=\"468\">LINEA 35 Vaniglia Gourmet<\/strong> nam\u0173 kvap\u0173 difuzorius sukuria <strong data-start=\"499\" data-end=\"544\">\u0161viesos, lengvumo ir harmonijos atmosfer\u0105<\/strong>, kuri nuramina mintis ir pripildo erdv\u0119 subtilia elegancija.<\/p>\n<p data-start=\"609\" data-end=\"1007\">Kvapas prasideda <strong data-start=\"626\" data-end=\"688\">j\u016bros dvelksmo, ananaso, greipfruto, obuolio ir bergamot\u0117s<\/strong> natomis, kurios suteikia aromatui gyvybingumo ir \u0161vie\u017eumo.<br data-start=\"747\" data-end=\"750\" \/>Vidurin\u0117s natos \u2013 <strong data-start=\"768\" data-end=\"830\">ciklamenas, apelsin\u0173 \u017eiedai, pakalnut\u0117s, hiacintas ir ro\u017e\u0117<\/strong> \u2013 pripildo kvap\u0105 \u0161velnumo bei g\u0117li\u0161kos elegancijos.<br data-start=\"882\" data-end=\"885\" \/>Baz\u0117je <strong data-start=\"892\" data-end=\"953\">vanil\u0117, ambra, baltasis muskusas, benzoinas ir saldymedis<\/strong> sukuria \u0161ilt\u0105, ilgai i\u0161liekant\u012f ir kvapni\u0105 pabaig\u0105.<\/p>\n<p data-start=\"1009\" data-end=\"1152\"><strong data-start=\"1009\" data-end=\"1029\">Vaniglia Gourmet<\/strong> \u2013 tai <strong data-start=\"1036\" data-end=\"1083\">grynos gaivos ir sald\u017eios \u0161ilumos harmonija<\/strong>, idealiai tinkanti tiek \u0161viesiems, tiek jaukiems nam\u0173 interjerams.<\/p>\n<hr data-start=\"1154\" data-end=\"1157\" \/>\n<h3 data-start=\"1159\" data-end=\"1183\"><strong data-start=\"1163\" data-end=\"1181\">Kvap\u0173 sud\u0117tis:<\/strong><\/h3>\n<ul data-start=\"1184\" data-end=\"1429\">\n<li data-start=\"1184\" data-end=\"1268\">\n<p data-start=\"1186\" data-end=\"1268\"><strong data-start=\"1186\" data-end=\"1207\">Vir\u0161utin\u0117s natos:<\/strong> j\u016bros dvelksmas, ananasas, greipfrutas, obuolys, bergamot\u0117<\/p>\n<\/li>\n<li data-start=\"1269\" data-end=\"1350\">\n<p data-start=\"1271\" data-end=\"1350\"><strong data-start=\"1271\" data-end=\"1291\">Vidurin\u0117s natos:<\/strong> ciklamenas, apelsin\u0173 \u017eiedai, pakalnut\u0117s, hiacintas, ro\u017e\u0117<\/p>\n<\/li>\n<li data-start=\"1351\" data-end=\"1429\">\n<p data-start=\"1353\" data-end=\"1429\"><strong data-start=\"1353\" data-end=\"1371\">Bazin\u0117s natos:<\/strong> vanil\u0117, ambra, baltasis muskusas, benzoinas, saldymedis<\/p>\n<\/li>\n<\/ul>\n<hr data-start=\"1431\" data-end=\"1434\" \/>\n<h3 data-start=\"1436\" data-end=\"1457\"><strong data-start=\"1440\" data-end=\"1455\">Naudojimas:<\/strong><\/h3>\n<p data-start=\"1458\" data-end=\"1781\">Nuimkite u\u017esukam\u0105 buteliuko dangtel\u012f ir pakeiskite j\u012f <strong data-start=\"1512\" data-end=\"1552\">dekoratyviniu plastikiniu dangteliu.<\/strong><br data-start=\"1552\" data-end=\"1555\" \/>Panardinkite pagaliukus \u012f kvap\u0105 ir <strong data-start=\"1590\" data-end=\"1621\">periodi\u0161kai juos apverskite<\/strong>, kad aromatas sklist\u0173 tolygiai ir i\u0161likt\u0173 ilgiau.<br data-start=\"1671\" data-end=\"1674\" \/>Laikykite difuzori\u0173 ant stabilaus pavir\u0161iaus, atokiau nuo \u0161ilumos \u0161altini\u0173 ir tiesiogin\u0117s saul\u0117s \u0161viesos.<\/p>\n<hr data-start=\"1783\" data-end=\"1786\" \/>\n<h3 data-start=\"1788\" data-end=\"1817\"><strong data-start=\"1792\" data-end=\"1815\">Pagaminta Italijoje<\/strong><\/h3>\n<p data-start=\"1818\" data-end=\"1968\">Visi <strong data-start=\"1823\" data-end=\"1835\">LINEA 35<\/strong> nam\u0173 kvapai \u2013 difuzoriai <strong data-start=\"1861\" data-end=\"1884\">pagaminti Italijoje<\/strong>, u\u017etikrinant auk\u0161t\u0105 kokyb\u0119, ilgaam\u017ei\u0161kum\u0105 ir autenti\u0161k\u0105 itali\u0161k\u0105 aromato patirt\u012f.<\/p>\n","protected":false},"excerpt":{"rendered":"<p><strong data-start=\"117\" data-end=\"146\">LINEA 35 Vaniglia Gourmet<\/strong> \u2013 j\u016bros gaivos, vaisi\u0173 saldumo ir g\u0117li\u0173 \u0161velnumo derinys. Kvapas, pripildantis namus <strong data-start=\"232\" data-end=\"268\">\u0161viesos, lengvumo ir elegancijos<\/strong> poj\u016b\u010diu.<\/p>\n","protected":false},"featured_media":60010,"template":"","meta":[],"product_brand":[1362],"product_cat":[1140,573],"product_tag":[1608],"class_list":{"0":"post-60006","1":"product","2":"type-product","3":"status-publish","4":"has-post-thumbnail","6":"product_brand-linea-35","7":"product_cat-namu-kvapai","8":"product_cat-namu-kvapai-2","9":"product_tag-linea35","11":"first","12":"instock","13":"sale","14":"taxable","15":"shipping-taxable","16":"purchasable","17":"product-type-simple"},"yoast_head":"<!-- This site is optimized with the Yoast SEO plugin v27.4 - https:\/\/yoast.com\/product\/yoast-seo-wordpress\/ -->\n<title>LINEA 35 VANIGLIA GOURMET nam\u0173 kvap\u0173 difuzorius, 200ml - MalinaShop.lt J\u016bs\u0173 sveikatai ir gro\u017eiui.<\/title>\n<meta name=\"description\" content=\"LINEA 35 Vaniglia Gourmet \u2013 itali\u0161kas kvapas su j\u016bros, vanil\u0117s ir g\u0117li\u0173 natomis. Lengvas, saldus ir eleganti\u0161kas aromatas j\u016bs\u0173 nam\u0173 \u0161viesai ir jaukumui.\" \/>\n<meta name=\"robots\" content=\"index, follow, max-snippet:-1, max-image-preview:large, max-video-preview:-1\" \/>\n<link rel=\"canonical\" href=\"https:\/\/www.malinashop.lt\/lt_lt\/shop\/linea-35-vaniglia-gourmet-namu-kvapu-difuzorius-200ml\/\" \/>\n<meta property=\"og:locale\" content=\"lt_LT\" \/>\n<meta property=\"og:type\" content=\"article\" \/>\n<meta property=\"og:title\" content=\"LINEA 35 VANIGLIA GOURMET nam\u0173 kvap\u0173 difuzorius, 200ml - MalinaShop.lt J\u016bs\u0173 sveikatai ir gro\u017eiui.\" \/>\n<meta property=\"og:description\" content=\"LINEA 35 Vaniglia Gourmet \u2013 itali\u0161kas kvapas su j\u016bros, vanil\u0117s ir g\u0117li\u0173 natomis. Lengvas, saldus ir eleganti\u0161kas aromatas j\u016bs\u0173 nam\u0173 \u0161viesai ir jaukumui.\" \/>\n<meta property=\"og:url\" content=\"https:\/\/www.malinashop.lt\/lt_lt\/shop\/linea-35-vaniglia-gourmet-namu-kvapu-difuzorius-200ml\/\" \/>\n<meta property=\"og:site_name\" content=\"MalinaShop.lt J\u016bs\u0173 sveikatai ir gro\u017eiui.\" \/>\n<meta property=\"article:modified_time\" content=\"2026-02-12T09:37:11+00:00\" \/>\n<meta property=\"og:image\" content=\"https:\/\/www.malinashop.lt\/wp-content\/uploads\/2025\/10\/LINEA-35-VANIGLIA-GOURMET-namu-kvapu-difuzorius-200ml.webp\" \/>\n\t<meta property=\"og:image:width\" content=\"990\" \/>\n\t<meta property=\"og:image:height\" content=\"990\" \/>\n\t<meta property=\"og:image:type\" content=\"image\/webp\" \/>\n<meta name=\"twitter:card\" content=\"summary_large_image\" \/>\n<script type=\"application\/ld+json\" class=\"yoast-schema-graph\">{\"@context\":\"https:\\\/\\\/schema.org\",\"@graph\":[{\"@type\":\"WebPage\",\"@id\":\"https:\\\/\\\/www.malinashop.lt\\\/lt_lt\\\/shop\\\/linea-35-vaniglia-gourmet-namu-kvapu-difuzorius-200ml\\\/\",\"url\":\"https:\\\/\\\/www.malinashop.lt\\\/lt_lt\\\/shop\\\/linea-35-vaniglia-gourmet-namu-kvapu-difuzorius-200ml\\\/\",\"name\":\"LINEA 35 VANIGLIA GOURMET nam\u0173 kvap\u0173 difuzorius, 200ml - MalinaShop.lt J\u016bs\u0173 sveikatai ir gro\u017eiui.\",\"isPartOf\":{\"@id\":\"https:\\\/\\\/www.malinashop.lt\\\/#website\"},\"primaryImageOfPage\":{\"@id\":\"https:\\\/\\\/www.malinashop.lt\\\/lt_lt\\\/shop\\\/linea-35-vaniglia-gourmet-namu-kvapu-difuzorius-200ml\\\/#primaryimage\"},\"image\":{\"@id\":\"https:\\\/\\\/www.malinashop.lt\\\/lt_lt\\\/shop\\\/linea-35-vaniglia-gourmet-namu-kvapu-difuzorius-200ml\\\/#primaryimage\"},\"thumbnailUrl\":\"https:\\\/\\\/www.malinashop.lt\\\/wp-content\\\/uploads\\\/2025\\\/10\\\/LINEA-35-VANIGLIA-GOURMET-namu-kvapu-difuzorius-200ml.webp\",\"datePublished\":\"2025-10-29T15:58:57+00:00\",\"dateModified\":\"2026-02-12T09:37:11+00:00\",\"description\":\"LINEA 35 Vaniglia Gourmet \u2013 itali\u0161kas kvapas su j\u016bros, vanil\u0117s ir g\u0117li\u0173 natomis. Lengvas, saldus ir eleganti\u0161kas aromatas j\u016bs\u0173 nam\u0173 \u0161viesai ir jaukumui.\",\"breadcrumb\":{\"@id\":\"https:\\\/\\\/www.malinashop.lt\\\/lt_lt\\\/shop\\\/linea-35-vaniglia-gourmet-namu-kvapu-difuzorius-200ml\\\/#breadcrumb\"},\"inLanguage\":\"lt-LT\",\"potentialAction\":[{\"@type\":\"ReadAction\",\"target\":[\"https:\\\/\\\/www.malinashop.lt\\\/lt_lt\\\/shop\\\/linea-35-vaniglia-gourmet-namu-kvapu-difuzorius-200ml\\\/\"]}]},{\"@type\":\"ImageObject\",\"inLanguage\":\"lt-LT\",\"@id\":\"https:\\\/\\\/www.malinashop.lt\\\/lt_lt\\\/shop\\\/linea-35-vaniglia-gourmet-namu-kvapu-difuzorius-200ml\\\/#primaryimage\",\"url\":\"https:\\\/\\\/www.malinashop.lt\\\/wp-content\\\/uploads\\\/2025\\\/10\\\/LINEA-35-VANIGLIA-GOURMET-namu-kvapu-difuzorius-200ml.webp\",\"contentUrl\":\"https:\\\/\\\/www.malinashop.lt\\\/wp-content\\\/uploads\\\/2025\\\/10\\\/LINEA-35-VANIGLIA-GOURMET-namu-kvapu-difuzorius-200ml.webp\",\"width\":990,\"height\":990},{\"@type\":\"BreadcrumbList\",\"@id\":\"https:\\\/\\\/www.malinashop.lt\\\/lt_lt\\\/shop\\\/linea-35-vaniglia-gourmet-namu-kvapu-difuzorius-200ml\\\/#breadcrumb\",\"itemListElement\":[{\"@type\":\"ListItem\",\"position\":1,\"name\":\"Pagrindinis\",\"item\":\"https:\\\/\\\/www.malinashop.lt\\\/\"},{\"@type\":\"ListItem\",\"position\":2,\"name\":\"Parduotuv\u0117\",\"item\":\"https:\\\/\\\/www.malinashop.lt\\\/en\\\/parduotuve\\\/\"},{\"@type\":\"ListItem\",\"position\":3,\"name\":\"LINEA 35 VANIGLIA GOURMET nam\u0173 kvap\u0173 difuzorius, 200ml\"}]},{\"@type\":\"WebSite\",\"@id\":\"https:\\\/\\\/www.malinashop.lt\\\/#website\",\"url\":\"https:\\\/\\\/www.malinashop.lt\\\/\",\"name\":\"COM Group Ecommerce\",\"description\":\"MalinaShop.lt - Gro\u017eio ir sveikatos produktai i\u0161 patikim\u0173 preki\u0173 \u017eenkl\u0173. Atraskite auk\u0161tos kokyb\u0117s kosmetik\u0105 u\u017e puiki\u0105 kain\u0105.\",\"publisher\":{\"@id\":\"https:\\\/\\\/www.malinashop.lt\\\/#organization\"},\"potentialAction\":[{\"@type\":\"SearchAction\",\"target\":{\"@type\":\"EntryPoint\",\"urlTemplate\":\"https:\\\/\\\/www.malinashop.lt\\\/?s={search_term_string}\"},\"query-input\":{\"@type\":\"PropertyValueSpecification\",\"valueRequired\":true,\"valueName\":\"search_term_string\"}}],\"inLanguage\":\"lt-LT\"},{\"@type\":\"Organization\",\"@id\":\"https:\\\/\\\/www.malinashop.lt\\\/#organization\",\"name\":\"COM Group Ecommerce\",\"url\":\"https:\\\/\\\/www.malinashop.lt\\\/\",\"logo\":{\"@type\":\"ImageObject\",\"inLanguage\":\"lt-LT\",\"@id\":\"https:\\\/\\\/www.malinashop.lt\\\/#\\\/schema\\\/logo\\\/image\\\/\",\"url\":\"https:\\\/\\\/www.malinashop.lt\\\/wp-content\\\/uploads\\\/2024\\\/08\\\/462559670_3787732518133670_9795632669273463_n-e1731525914575.png\",\"contentUrl\":\"https:\\\/\\\/www.malinashop.lt\\\/wp-content\\\/uploads\\\/2024\\\/08\\\/462559670_3787732518133670_9795632669273463_n-e1731525914575.png\",\"width\":180,\"height\":60,\"caption\":\"COM Group Ecommerce\"},\"image\":{\"@id\":\"https:\\\/\\\/www.malinashop.lt\\\/#\\\/schema\\\/logo\\\/image\\\/\"}}]}<\/script>\n<!-- \/ Yoast SEO plugin. -->","yoast_head_json":{"title":"LINEA 35 VANIGLIA GOURMET nam\u0173 kvap\u0173 difuzorius, 200ml - MalinaShop.lt J\u016bs\u0173 sveikatai ir gro\u017eiui.","description":"LINEA 35 Vaniglia Gourmet \u2013 itali\u0161kas kvapas su j\u016bros, vanil\u0117s ir g\u0117li\u0173 natomis. Lengvas, saldus ir eleganti\u0161kas aromatas j\u016bs\u0173 nam\u0173 \u0161viesai ir jaukumui.","robots":{"index":"index","follow":"follow","max-snippet":"max-snippet:-1","max-image-preview":"max-image-preview:large","max-video-preview":"max-video-preview:-1"},"canonical":"https:\/\/www.malinashop.lt\/lt_lt\/shop\/linea-35-vaniglia-gourmet-namu-kvapu-difuzorius-200ml\/","og_locale":"lt_LT","og_type":"article","og_title":"LINEA 35 VANIGLIA GOURMET nam\u0173 kvap\u0173 difuzorius, 200ml - MalinaShop.lt J\u016bs\u0173 sveikatai ir gro\u017eiui.","og_description":"LINEA 35 Vaniglia Gourmet \u2013 itali\u0161kas kvapas su j\u016bros, vanil\u0117s ir g\u0117li\u0173 natomis. Lengvas, saldus ir eleganti\u0161kas aromatas j\u016bs\u0173 nam\u0173 \u0161viesai ir jaukumui.","og_url":"https:\/\/www.malinashop.lt\/lt_lt\/shop\/linea-35-vaniglia-gourmet-namu-kvapu-difuzorius-200ml\/","og_site_name":"MalinaShop.lt J\u016bs\u0173 sveikatai ir gro\u017eiui.","article_modified_time":"2026-02-12T09:37:11+00:00","og_image":[{"width":990,"height":990,"url":"https:\/\/www.malinashop.lt\/wp-content\/uploads\/2025\/10\/LINEA-35-VANIGLIA-GOURMET-namu-kvapu-difuzorius-200ml.webp","type":"image\/webp"}],"twitter_card":"summary_large_image","schema":{"@context":"https:\/\/schema.org","@graph":[{"@type":"WebPage","@id":"https:\/\/www.malinashop.lt\/lt_lt\/shop\/linea-35-vaniglia-gourmet-namu-kvapu-difuzorius-200ml\/","url":"https:\/\/www.malinashop.lt\/lt_lt\/shop\/linea-35-vaniglia-gourmet-namu-kvapu-difuzorius-200ml\/","name":"LINEA 35 VANIGLIA GOURMET nam\u0173 kvap\u0173 difuzorius, 200ml - MalinaShop.lt J\u016bs\u0173 sveikatai ir gro\u017eiui.","isPartOf":{"@id":"https:\/\/www.malinashop.lt\/#website"},"primaryImageOfPage":{"@id":"https:\/\/www.malinashop.lt\/lt_lt\/shop\/linea-35-vaniglia-gourmet-namu-kvapu-difuzorius-200ml\/#primaryimage"},"image":{"@id":"https:\/\/www.malinashop.lt\/lt_lt\/shop\/linea-35-vaniglia-gourmet-namu-kvapu-difuzorius-200ml\/#primaryimage"},"thumbnailUrl":"https:\/\/www.malinashop.lt\/wp-content\/uploads\/2025\/10\/LINEA-35-VANIGLIA-GOURMET-namu-kvapu-difuzorius-200ml.webp","datePublished":"2025-10-29T15:58:57+00:00","dateModified":"2026-02-12T09:37:11+00:00","description":"LINEA 35 Vaniglia Gourmet \u2013 itali\u0161kas kvapas su j\u016bros, vanil\u0117s ir g\u0117li\u0173 natomis. Lengvas, saldus ir eleganti\u0161kas aromatas j\u016bs\u0173 nam\u0173 \u0161viesai ir jaukumui.","breadcrumb":{"@id":"https:\/\/www.malinashop.lt\/lt_lt\/shop\/linea-35-vaniglia-gourmet-namu-kvapu-difuzorius-200ml\/#breadcrumb"},"inLanguage":"lt-LT","potentialAction":[{"@type":"ReadAction","target":["https:\/\/www.malinashop.lt\/lt_lt\/shop\/linea-35-vaniglia-gourmet-namu-kvapu-difuzorius-200ml\/"]}]},{"@type":"ImageObject","inLanguage":"lt-LT","@id":"https:\/\/www.malinashop.lt\/lt_lt\/shop\/linea-35-vaniglia-gourmet-namu-kvapu-difuzorius-200ml\/#primaryimage","url":"https:\/\/www.malinashop.lt\/wp-content\/uploads\/2025\/10\/LINEA-35-VANIGLIA-GOURMET-namu-kvapu-difuzorius-200ml.webp","contentUrl":"https:\/\/www.malinashop.lt\/wp-content\/uploads\/2025\/10\/LINEA-35-VANIGLIA-GOURMET-namu-kvapu-difuzorius-200ml.webp","width":990,"height":990},{"@type":"BreadcrumbList","@id":"https:\/\/www.malinashop.lt\/lt_lt\/shop\/linea-35-vaniglia-gourmet-namu-kvapu-difuzorius-200ml\/#breadcrumb","itemListElement":[{"@type":"ListItem","position":1,"name":"Pagrindinis","item":"https:\/\/www.malinashop.lt\/"},{"@type":"ListItem","position":2,"name":"Parduotuv\u0117","item":"https:\/\/www.malinashop.lt\/en\/parduotuve\/"},{"@type":"ListItem","position":3,"name":"LINEA 35 VANIGLIA GOURMET nam\u0173 kvap\u0173 difuzorius, 200ml"}]},{"@type":"WebSite","@id":"https:\/\/www.malinashop.lt\/#website","url":"https:\/\/www.malinashop.lt\/","name":"COM Group Ecommerce","description":"MalinaShop.lt - Gro\u017eio ir sveikatos produktai i\u0161 patikim\u0173 preki\u0173 \u017eenkl\u0173. Atraskite auk\u0161tos kokyb\u0117s kosmetik\u0105 u\u017e puiki\u0105 kain\u0105.","publisher":{"@id":"https:\/\/www.malinashop.lt\/#organization"},"potentialAction":[{"@type":"SearchAction","target":{"@type":"EntryPoint","urlTemplate":"https:\/\/www.malinashop.lt\/?s={search_term_string}"},"query-input":{"@type":"PropertyValueSpecification","valueRequired":true,"valueName":"search_term_string"}}],"inLanguage":"lt-LT"},{"@type":"Organization","@id":"https:\/\/www.malinashop.lt\/#organization","name":"COM Group Ecommerce","url":"https:\/\/www.malinashop.lt\/","logo":{"@type":"ImageObject","inLanguage":"lt-LT","@id":"https:\/\/www.malinashop.lt\/#\/schema\/logo\/image\/","url":"https:\/\/www.malinashop.lt\/wp-content\/uploads\/2024\/08\/462559670_3787732518133670_9795632669273463_n-e1731525914575.png","contentUrl":"https:\/\/www.malinashop.lt\/wp-content\/uploads\/2024\/08\/462559670_3787732518133670_9795632669273463_n-e1731525914575.png","width":180,"height":60,"caption":"COM Group Ecommerce"},"image":{"@id":"https:\/\/www.malinashop.lt\/#\/schema\/logo\/image\/"}}]}},"jetpack_sharing_enabled":true,"_links":{"self":[{"href":"https:\/\/www.malinashop.lt\/lt_lt\/wp-json\/wp\/v2\/product\/60006","targetHints":{"allow":["GET"]}}],"collection":[{"href":"https:\/\/www.malinashop.lt\/lt_lt\/wp-json\/wp\/v2\/product"}],"about":[{"href":"https:\/\/www.malinashop.lt\/lt_lt\/wp-json\/wp\/v2\/types\/product"}],"version-history":[{"count":3,"href":"https:\/\/www.malinashop.lt\/lt_lt\/wp-json\/wp\/v2\/product\/60006\/revisions"}],"predecessor-version":[{"id":60011,"href":"https:\/\/www.malinashop.lt\/lt_lt\/wp-json\/wp\/v2\/product\/60006\/revisions\/60011"}],"wp:featuredmedia":[{"embeddable":true,"href":"https:\/\/www.malinashop.lt\/lt_lt\/wp-json\/wp\/v2\/media\/60010"}],"wp:attachment":[{"href":"https:\/\/www.malinashop.lt\/lt_lt\/wp-json\/wp\/v2\/media?parent=60006"}],"wp:term":[{"taxonomy":"product_brand","embeddable":true,"href":"https:\/\/www.malinashop.lt\/lt_lt\/wp-json\/wp\/v2\/product_brand?post=60006"},{"taxonomy":"product_cat","embeddable":true,"href":"https:\/\/www.malinashop.lt\/lt_lt\/wp-json\/wp\/v2\/product_cat?post=60006"},{"taxonomy":"product_tag","embeddable":true,"href":"https:\/\/www.malinashop.lt\/lt_lt\/wp-json\/wp\/v2\/product_tag?post=60006"}],"curies":[{"name":"wp","href":"https:\/\/api.w.org\/{rel}","templated":true}]}}