{"id":60003,"date":"2025-10-29T18:53:33","date_gmt":"2025-10-29T15:53:33","guid":{"rendered":"https:\/\/malinashop.lt\/?post_type=product&#038;p=60003"},"modified":"2026-02-12T12:37:11","modified_gmt":"2026-02-12T09:37:11","slug":"linea-35-fico-dindia-e-rosa-namu-kvapu-difuzorius-200ml","status":"publish","type":"product","link":"https:\/\/www.malinashop.lt\/lt_lt\/shop\/linea-35-fico-dindia-e-rosa-namu-kvapu-difuzorius-200ml\/","title":{"rendered":"LINEA 35 FICO D\u2019INDIA E ROSA nam\u0173 kvap\u0173 difuzorius, 200ml"},"content":{"rendered":"<p data-start=\"335\" data-end=\"617\">\u012ekv\u0117pkite <strong data-start=\"345\" data-end=\"381\">ry\u0161ki\u0173 emocij\u0173 ir gaivi\u0173 poj\u016b\u010di\u0173<\/strong> su <strong data-start=\"385\" data-end=\"409\">LINEA 35 Fico e Rosa<\/strong> nam\u0173 kvap\u0173 difuzoriumi.<br data-start=\"433\" data-end=\"436\" \/>\u0160is aromatas nukelia \u012f <strong data-start=\"459\" data-end=\"482\">saul\u0117t\u0105 vaisi\u0173 sod\u0105<\/strong>, kuriame persipina <strong data-start=\"502\" data-end=\"559\">figos saldumas, ro\u017e\u0117s \u0161velnumas ir raudon\u0173 uog\u0173 gaiva<\/strong>, sukurdami harmoning\u0105 ir eleganti\u0161k\u0105 kvap\u0105 j\u016bs\u0173 namams.<\/p>\n<p data-start=\"619\" data-end=\"998\">Kvapas prasideda <strong data-start=\"636\" data-end=\"697\">apelsino, bergamot\u0117s, raudon\u0173 uog\u0173, greipfruto ir obuolio<\/strong> natomis, kurios \u012fne\u0161a vaisi\u0161ko gaivumo ir energijos.<br data-start=\"750\" data-end=\"753\" \/>Vidurin\u0117se natose <strong data-start=\"771\" data-end=\"831\">persik\u0173 \u017eiedai, ro\u017e\u0117, figa, baltos g\u0117l\u0117s ir \u017ealios natos<\/strong> suteikia aromatui subtilumo, rafinuotumo ir nat\u016bralios \u0161ilumos.<br data-start=\"895\" data-end=\"898\" \/>Baz\u0117je <strong data-start=\"905\" data-end=\"944\">saldymedis, muskusas ir raudonmedis<\/strong> sukuria \u0161veln\u0173, jauk\u0173 ir ilgai i\u0161liekant\u012f pagrind\u0105.<\/p>\n<p data-start=\"1000\" data-end=\"1160\"><strong data-start=\"1000\" data-end=\"1015\">Fico e Rosa<\/strong> \u2013 tai kvapas, kuris <strong data-start=\"1036\" data-end=\"1089\">subalansuoja vaisi\u0161k\u0105 gaivum\u0105 ir g\u0117li\u0173 elegancij\u0105<\/strong>, puikiai tinkantis tiek \u0161viesiai svetainei, tiek jaukiam miegamajam.<\/p>\n<hr data-start=\"1162\" data-end=\"1165\" \/>\n<h3 data-start=\"1167\" data-end=\"1191\"><strong data-start=\"1171\" data-end=\"1189\">Kvap\u0173 sud\u0117tis:<\/strong><\/h3>\n<ul data-start=\"1192\" data-end=\"1413\">\n<li data-start=\"1192\" data-end=\"1276\">\n<p data-start=\"1194\" data-end=\"1276\"><strong data-start=\"1194\" data-end=\"1215\">Vir\u0161utin\u0117s natos:<\/strong> apelsinas, bergamot\u0117, raudonos uogos, greipfrutas, obuolys<\/p>\n<\/li>\n<li data-start=\"1277\" data-end=\"1356\">\n<p data-start=\"1279\" data-end=\"1356\"><strong data-start=\"1279\" data-end=\"1299\">Vidurin\u0117s natos:<\/strong> persik\u0173 \u017eiedai, ro\u017e\u0117, figa, baltos g\u0117l\u0117s, \u017ealios natos<\/p>\n<\/li>\n<li data-start=\"1357\" data-end=\"1413\">\n<p data-start=\"1359\" data-end=\"1413\"><strong data-start=\"1359\" data-end=\"1377\">Bazin\u0117s natos:<\/strong> saldymedis, muskusas, raudonmedis<\/p>\n<\/li>\n<\/ul>\n<hr data-start=\"1415\" data-end=\"1418\" \/>\n<h3 data-start=\"1420\" data-end=\"1441\"><strong data-start=\"1424\" data-end=\"1439\">Naudojimas:<\/strong><\/h3>\n<p data-start=\"1442\" data-end=\"1744\">Nuimkite u\u017esukam\u0105 buteliuko dangtel\u012f ir pakeiskite j\u012f <strong data-start=\"1496\" data-end=\"1536\">dekoratyviniu plastikiniu dangteliu.<\/strong><br data-start=\"1536\" data-end=\"1539\" \/>Panardinkite pagaliukus \u012f kvap\u0105 ir <strong data-start=\"1574\" data-end=\"1605\">periodi\u0161kai juos apverskite<\/strong>, kad kvapas sklist\u0173 tolygiai.<br data-start=\"1635\" data-end=\"1638\" \/>Produkt\u0105 laikykite ant stabilaus pavir\u0161iaus, atokiau nuo tiesiogin\u0117s saul\u0117s \u0161viesos ir \u0161ilumos \u0161altini\u0173.<\/p>\n<hr data-start=\"1746\" data-end=\"1749\" \/>\n<h3 data-start=\"1751\" data-end=\"1780\"><strong data-start=\"1755\" data-end=\"1778\">Pagaminta Italijoje<\/strong><\/h3>\n<p data-start=\"1781\" data-end=\"1976\">Visi <strong data-start=\"1786\" data-end=\"1798\">LINEA 35<\/strong> nam\u0173 kvapai \u2013 difuzoriai <strong data-start=\"1824\" data-end=\"1847\">pagaminti Italijoje<\/strong>, naudojant auk\u0161tos kokyb\u0117s ingredientus, kurie u\u017etikrina <strong data-start=\"1905\" data-end=\"1974\">ilgalaik\u012f aromato i\u0161siskyrim\u0105 ir autenti\u0161k\u0105 itali\u0161k\u0105 rafinuotum\u0105.<\/strong><\/p>\n","protected":false},"excerpt":{"rendered":"<p><strong data-start=\"112\" data-end=\"136\">LINEA 35 Fico e Rosa<\/strong> \u2013 vaisi\u0161kai g\u0117li\u0161kas itali\u0161kas kvapas, kuriame dera <strong data-start=\"189\" data-end=\"234\">figos, ro\u017e\u0117s, raudon\u0173 uog\u0173 ir saldymed\u017eio<\/strong> natos. Sukuria \u0161ilt\u0105, eleganti\u0161k\u0105 ir gaiv\u0173 aromat\u0105 j\u016bs\u0173 namuose.<\/p>\n","protected":false},"featured_media":60004,"template":"","meta":[],"product_brand":[1362],"product_cat":[1140,573],"product_tag":[1608],"class_list":{"0":"post-60003","1":"product","2":"type-product","3":"status-publish","4":"has-post-thumbnail","6":"product_brand-linea-35","7":"product_cat-namu-kvapai","8":"product_cat-namu-kvapai-2","9":"product_tag-linea35","11":"first","12":"instock","13":"sale","14":"taxable","15":"shipping-taxable","16":"purchasable","17":"product-type-simple"},"yoast_head":"<!-- This site is optimized with the Yoast SEO plugin v27.4 - https:\/\/yoast.com\/product\/yoast-seo-wordpress\/ -->\n<title>LINEA 35 FICO D\u2019INDIA E ROSA nam\u0173 kvap\u0173 difuzorius, 200ml - MalinaShop.lt J\u016bs\u0173 sveikatai ir gro\u017eiui.<\/title>\n<meta name=\"description\" content=\"LINEA 35 Fico e Rosa \u2013 itali\u0161kas kvapas su figos, ro\u017e\u0117s ir raudon\u0173 uog\u0173 natomis. Gaivus, saldus ir eleganti\u0161kas aromatas j\u016bs\u0173 nam\u0173 jaukumui.\" \/>\n<meta name=\"robots\" content=\"index, follow, max-snippet:-1, max-image-preview:large, max-video-preview:-1\" \/>\n<link rel=\"canonical\" href=\"https:\/\/www.malinashop.lt\/lt_lt\/shop\/linea-35-fico-dindia-e-rosa-namu-kvapu-difuzorius-200ml\/\" \/>\n<meta property=\"og:locale\" content=\"lt_LT\" \/>\n<meta property=\"og:type\" content=\"article\" \/>\n<meta property=\"og:title\" content=\"LINEA 35 FICO D\u2019INDIA E ROSA nam\u0173 kvap\u0173 difuzorius, 200ml - MalinaShop.lt J\u016bs\u0173 sveikatai ir gro\u017eiui.\" \/>\n<meta property=\"og:description\" content=\"LINEA 35 Fico e Rosa \u2013 itali\u0161kas kvapas su figos, ro\u017e\u0117s ir raudon\u0173 uog\u0173 natomis. Gaivus, saldus ir eleganti\u0161kas aromatas j\u016bs\u0173 nam\u0173 jaukumui.\" \/>\n<meta property=\"og:url\" content=\"https:\/\/www.malinashop.lt\/lt_lt\/shop\/linea-35-fico-dindia-e-rosa-namu-kvapu-difuzorius-200ml\/\" \/>\n<meta property=\"og:site_name\" content=\"MalinaShop.lt J\u016bs\u0173 sveikatai ir gro\u017eiui.\" \/>\n<meta property=\"article:modified_time\" content=\"2026-02-12T09:37:11+00:00\" \/>\n<meta property=\"og:image\" content=\"https:\/\/www.malinashop.lt\/wp-content\/uploads\/2025\/10\/LINEA-35-FICO-DINDIA-E-ROSA-namu-kvapu-difuzorius-200ml.webp\" \/>\n\t<meta property=\"og:image:width\" content=\"990\" \/>\n\t<meta property=\"og:image:height\" content=\"990\" \/>\n\t<meta property=\"og:image:type\" content=\"image\/webp\" \/>\n<meta name=\"twitter:card\" content=\"summary_large_image\" \/>\n<script type=\"application\/ld+json\" class=\"yoast-schema-graph\">{\"@context\":\"https:\\\/\\\/schema.org\",\"@graph\":[{\"@type\":\"WebPage\",\"@id\":\"https:\\\/\\\/www.malinashop.lt\\\/en\\\/shop\\\/linea-35-fico-dindia-e-rosa-namu-kvapu-difuzorius-200ml\\\/\",\"url\":\"https:\\\/\\\/www.malinashop.lt\\\/en\\\/shop\\\/linea-35-fico-dindia-e-rosa-namu-kvapu-difuzorius-200ml\\\/\",\"name\":\"LINEA 35 FICO D\u2019INDIA E ROSA nam\u0173 kvap\u0173 difuzorius, 200ml - MalinaShop.lt J\u016bs\u0173 sveikatai ir gro\u017eiui.\",\"isPartOf\":{\"@id\":\"https:\\\/\\\/www.malinashop.lt\\\/#website\"},\"primaryImageOfPage\":{\"@id\":\"https:\\\/\\\/www.malinashop.lt\\\/en\\\/shop\\\/linea-35-fico-dindia-e-rosa-namu-kvapu-difuzorius-200ml\\\/#primaryimage\"},\"image\":{\"@id\":\"https:\\\/\\\/www.malinashop.lt\\\/en\\\/shop\\\/linea-35-fico-dindia-e-rosa-namu-kvapu-difuzorius-200ml\\\/#primaryimage\"},\"thumbnailUrl\":\"https:\\\/\\\/www.malinashop.lt\\\/wp-content\\\/uploads\\\/2025\\\/10\\\/LINEA-35-FICO-DINDIA-E-ROSA-namu-kvapu-difuzorius-200ml.webp\",\"datePublished\":\"2025-10-29T15:53:33+00:00\",\"dateModified\":\"2026-02-12T09:37:11+00:00\",\"description\":\"LINEA 35 Fico e Rosa \u2013 itali\u0161kas kvapas su figos, ro\u017e\u0117s ir raudon\u0173 uog\u0173 natomis. Gaivus, saldus ir eleganti\u0161kas aromatas j\u016bs\u0173 nam\u0173 jaukumui.\",\"breadcrumb\":{\"@id\":\"https:\\\/\\\/www.malinashop.lt\\\/en\\\/shop\\\/linea-35-fico-dindia-e-rosa-namu-kvapu-difuzorius-200ml\\\/#breadcrumb\"},\"inLanguage\":\"lt-LT\",\"potentialAction\":[{\"@type\":\"ReadAction\",\"target\":[\"https:\\\/\\\/www.malinashop.lt\\\/en\\\/shop\\\/linea-35-fico-dindia-e-rosa-namu-kvapu-difuzorius-200ml\\\/\"]}]},{\"@type\":\"ImageObject\",\"inLanguage\":\"lt-LT\",\"@id\":\"https:\\\/\\\/www.malinashop.lt\\\/en\\\/shop\\\/linea-35-fico-dindia-e-rosa-namu-kvapu-difuzorius-200ml\\\/#primaryimage\",\"url\":\"https:\\\/\\\/www.malinashop.lt\\\/wp-content\\\/uploads\\\/2025\\\/10\\\/LINEA-35-FICO-DINDIA-E-ROSA-namu-kvapu-difuzorius-200ml.webp\",\"contentUrl\":\"https:\\\/\\\/www.malinashop.lt\\\/wp-content\\\/uploads\\\/2025\\\/10\\\/LINEA-35-FICO-DINDIA-E-ROSA-namu-kvapu-difuzorius-200ml.webp\",\"width\":990,\"height\":990},{\"@type\":\"BreadcrumbList\",\"@id\":\"https:\\\/\\\/www.malinashop.lt\\\/en\\\/shop\\\/linea-35-fico-dindia-e-rosa-namu-kvapu-difuzorius-200ml\\\/#breadcrumb\",\"itemListElement\":[{\"@type\":\"ListItem\",\"position\":1,\"name\":\"Pagrindinis\",\"item\":\"https:\\\/\\\/www.malinashop.lt\\\/\"},{\"@type\":\"ListItem\",\"position\":2,\"name\":\"Parduotuv\u0117\",\"item\":\"https:\\\/\\\/www.malinashop.lt\\\/en\\\/parduotuve\\\/\"},{\"@type\":\"ListItem\",\"position\":3,\"name\":\"LINEA 35 FICO D\u2019INDIA E ROSA nam\u0173 kvap\u0173 difuzorius, 200ml\"}]},{\"@type\":\"WebSite\",\"@id\":\"https:\\\/\\\/www.malinashop.lt\\\/#website\",\"url\":\"https:\\\/\\\/www.malinashop.lt\\\/\",\"name\":\"COM Group Ecommerce\",\"description\":\"MalinaShop.lt - Gro\u017eio ir sveikatos produktai i\u0161 patikim\u0173 preki\u0173 \u017eenkl\u0173. Atraskite auk\u0161tos kokyb\u0117s kosmetik\u0105 u\u017e puiki\u0105 kain\u0105.\",\"publisher\":{\"@id\":\"https:\\\/\\\/www.malinashop.lt\\\/#organization\"},\"potentialAction\":[{\"@type\":\"SearchAction\",\"target\":{\"@type\":\"EntryPoint\",\"urlTemplate\":\"https:\\\/\\\/www.malinashop.lt\\\/?s={search_term_string}\"},\"query-input\":{\"@type\":\"PropertyValueSpecification\",\"valueRequired\":true,\"valueName\":\"search_term_string\"}}],\"inLanguage\":\"lt-LT\"},{\"@type\":\"Organization\",\"@id\":\"https:\\\/\\\/www.malinashop.lt\\\/#organization\",\"name\":\"COM Group Ecommerce\",\"url\":\"https:\\\/\\\/www.malinashop.lt\\\/\",\"logo\":{\"@type\":\"ImageObject\",\"inLanguage\":\"lt-LT\",\"@id\":\"https:\\\/\\\/www.malinashop.lt\\\/#\\\/schema\\\/logo\\\/image\\\/\",\"url\":\"https:\\\/\\\/www.malinashop.lt\\\/wp-content\\\/uploads\\\/2024\\\/08\\\/462559670_3787732518133670_9795632669273463_n-e1731525914575.png\",\"contentUrl\":\"https:\\\/\\\/www.malinashop.lt\\\/wp-content\\\/uploads\\\/2024\\\/08\\\/462559670_3787732518133670_9795632669273463_n-e1731525914575.png\",\"width\":180,\"height\":60,\"caption\":\"COM Group Ecommerce\"},\"image\":{\"@id\":\"https:\\\/\\\/www.malinashop.lt\\\/#\\\/schema\\\/logo\\\/image\\\/\"}}]}<\/script>\n<!-- \/ Yoast SEO plugin. -->","yoast_head_json":{"title":"LINEA 35 FICO D\u2019INDIA E ROSA nam\u0173 kvap\u0173 difuzorius, 200ml - MalinaShop.lt J\u016bs\u0173 sveikatai ir gro\u017eiui.","description":"LINEA 35 Fico e Rosa \u2013 itali\u0161kas kvapas su figos, ro\u017e\u0117s ir raudon\u0173 uog\u0173 natomis. Gaivus, saldus ir eleganti\u0161kas aromatas j\u016bs\u0173 nam\u0173 jaukumui.","robots":{"index":"index","follow":"follow","max-snippet":"max-snippet:-1","max-image-preview":"max-image-preview:large","max-video-preview":"max-video-preview:-1"},"canonical":"https:\/\/www.malinashop.lt\/lt_lt\/shop\/linea-35-fico-dindia-e-rosa-namu-kvapu-difuzorius-200ml\/","og_locale":"lt_LT","og_type":"article","og_title":"LINEA 35 FICO D\u2019INDIA E ROSA nam\u0173 kvap\u0173 difuzorius, 200ml - MalinaShop.lt J\u016bs\u0173 sveikatai ir gro\u017eiui.","og_description":"LINEA 35 Fico e Rosa \u2013 itali\u0161kas kvapas su figos, ro\u017e\u0117s ir raudon\u0173 uog\u0173 natomis. Gaivus, saldus ir eleganti\u0161kas aromatas j\u016bs\u0173 nam\u0173 jaukumui.","og_url":"https:\/\/www.malinashop.lt\/lt_lt\/shop\/linea-35-fico-dindia-e-rosa-namu-kvapu-difuzorius-200ml\/","og_site_name":"MalinaShop.lt J\u016bs\u0173 sveikatai ir gro\u017eiui.","article_modified_time":"2026-02-12T09:37:11+00:00","og_image":[{"width":990,"height":990,"url":"https:\/\/www.malinashop.lt\/wp-content\/uploads\/2025\/10\/LINEA-35-FICO-DINDIA-E-ROSA-namu-kvapu-difuzorius-200ml.webp","type":"image\/webp"}],"twitter_card":"summary_large_image","schema":{"@context":"https:\/\/schema.org","@graph":[{"@type":"WebPage","@id":"https:\/\/www.malinashop.lt\/en\/shop\/linea-35-fico-dindia-e-rosa-namu-kvapu-difuzorius-200ml\/","url":"https:\/\/www.malinashop.lt\/en\/shop\/linea-35-fico-dindia-e-rosa-namu-kvapu-difuzorius-200ml\/","name":"LINEA 35 FICO D\u2019INDIA E ROSA nam\u0173 kvap\u0173 difuzorius, 200ml - MalinaShop.lt J\u016bs\u0173 sveikatai ir gro\u017eiui.","isPartOf":{"@id":"https:\/\/www.malinashop.lt\/#website"},"primaryImageOfPage":{"@id":"https:\/\/www.malinashop.lt\/en\/shop\/linea-35-fico-dindia-e-rosa-namu-kvapu-difuzorius-200ml\/#primaryimage"},"image":{"@id":"https:\/\/www.malinashop.lt\/en\/shop\/linea-35-fico-dindia-e-rosa-namu-kvapu-difuzorius-200ml\/#primaryimage"},"thumbnailUrl":"https:\/\/www.malinashop.lt\/wp-content\/uploads\/2025\/10\/LINEA-35-FICO-DINDIA-E-ROSA-namu-kvapu-difuzorius-200ml.webp","datePublished":"2025-10-29T15:53:33+00:00","dateModified":"2026-02-12T09:37:11+00:00","description":"LINEA 35 Fico e Rosa \u2013 itali\u0161kas kvapas su figos, ro\u017e\u0117s ir raudon\u0173 uog\u0173 natomis. Gaivus, saldus ir eleganti\u0161kas aromatas j\u016bs\u0173 nam\u0173 jaukumui.","breadcrumb":{"@id":"https:\/\/www.malinashop.lt\/en\/shop\/linea-35-fico-dindia-e-rosa-namu-kvapu-difuzorius-200ml\/#breadcrumb"},"inLanguage":"lt-LT","potentialAction":[{"@type":"ReadAction","target":["https:\/\/www.malinashop.lt\/en\/shop\/linea-35-fico-dindia-e-rosa-namu-kvapu-difuzorius-200ml\/"]}]},{"@type":"ImageObject","inLanguage":"lt-LT","@id":"https:\/\/www.malinashop.lt\/en\/shop\/linea-35-fico-dindia-e-rosa-namu-kvapu-difuzorius-200ml\/#primaryimage","url":"https:\/\/www.malinashop.lt\/wp-content\/uploads\/2025\/10\/LINEA-35-FICO-DINDIA-E-ROSA-namu-kvapu-difuzorius-200ml.webp","contentUrl":"https:\/\/www.malinashop.lt\/wp-content\/uploads\/2025\/10\/LINEA-35-FICO-DINDIA-E-ROSA-namu-kvapu-difuzorius-200ml.webp","width":990,"height":990},{"@type":"BreadcrumbList","@id":"https:\/\/www.malinashop.lt\/en\/shop\/linea-35-fico-dindia-e-rosa-namu-kvapu-difuzorius-200ml\/#breadcrumb","itemListElement":[{"@type":"ListItem","position":1,"name":"Pagrindinis","item":"https:\/\/www.malinashop.lt\/"},{"@type":"ListItem","position":2,"name":"Parduotuv\u0117","item":"https:\/\/www.malinashop.lt\/en\/parduotuve\/"},{"@type":"ListItem","position":3,"name":"LINEA 35 FICO D\u2019INDIA E ROSA nam\u0173 kvap\u0173 difuzorius, 200ml"}]},{"@type":"WebSite","@id":"https:\/\/www.malinashop.lt\/#website","url":"https:\/\/www.malinashop.lt\/","name":"COM Group Ecommerce","description":"MalinaShop.lt - Gro\u017eio ir sveikatos produktai i\u0161 patikim\u0173 preki\u0173 \u017eenkl\u0173. Atraskite auk\u0161tos kokyb\u0117s kosmetik\u0105 u\u017e puiki\u0105 kain\u0105.","publisher":{"@id":"https:\/\/www.malinashop.lt\/#organization"},"potentialAction":[{"@type":"SearchAction","target":{"@type":"EntryPoint","urlTemplate":"https:\/\/www.malinashop.lt\/?s={search_term_string}"},"query-input":{"@type":"PropertyValueSpecification","valueRequired":true,"valueName":"search_term_string"}}],"inLanguage":"lt-LT"},{"@type":"Organization","@id":"https:\/\/www.malinashop.lt\/#organization","name":"COM Group Ecommerce","url":"https:\/\/www.malinashop.lt\/","logo":{"@type":"ImageObject","inLanguage":"lt-LT","@id":"https:\/\/www.malinashop.lt\/#\/schema\/logo\/image\/","url":"https:\/\/www.malinashop.lt\/wp-content\/uploads\/2024\/08\/462559670_3787732518133670_9795632669273463_n-e1731525914575.png","contentUrl":"https:\/\/www.malinashop.lt\/wp-content\/uploads\/2024\/08\/462559670_3787732518133670_9795632669273463_n-e1731525914575.png","width":180,"height":60,"caption":"COM Group Ecommerce"},"image":{"@id":"https:\/\/www.malinashop.lt\/#\/schema\/logo\/image\/"}}]}},"jetpack_sharing_enabled":true,"_links":{"self":[{"href":"https:\/\/www.malinashop.lt\/lt_lt\/wp-json\/wp\/v2\/product\/60003","targetHints":{"allow":["GET"]}}],"collection":[{"href":"https:\/\/www.malinashop.lt\/lt_lt\/wp-json\/wp\/v2\/product"}],"about":[{"href":"https:\/\/www.malinashop.lt\/lt_lt\/wp-json\/wp\/v2\/types\/product"}],"version-history":[{"count":1,"href":"https:\/\/www.malinashop.lt\/lt_lt\/wp-json\/wp\/v2\/product\/60003\/revisions"}],"predecessor-version":[{"id":60005,"href":"https:\/\/www.malinashop.lt\/lt_lt\/wp-json\/wp\/v2\/product\/60003\/revisions\/60005"}],"wp:featuredmedia":[{"embeddable":true,"href":"https:\/\/www.malinashop.lt\/lt_lt\/wp-json\/wp\/v2\/media\/60004"}],"wp:attachment":[{"href":"https:\/\/www.malinashop.lt\/lt_lt\/wp-json\/wp\/v2\/media?parent=60003"}],"wp:term":[{"taxonomy":"product_brand","embeddable":true,"href":"https:\/\/www.malinashop.lt\/lt_lt\/wp-json\/wp\/v2\/product_brand?post=60003"},{"taxonomy":"product_cat","embeddable":true,"href":"https:\/\/www.malinashop.lt\/lt_lt\/wp-json\/wp\/v2\/product_cat?post=60003"},{"taxonomy":"product_tag","embeddable":true,"href":"https:\/\/www.malinashop.lt\/lt_lt\/wp-json\/wp\/v2\/product_tag?post=60003"}],"curies":[{"name":"wp","href":"https:\/\/api.w.org\/{rel}","templated":true}]}}