{"id":59997,"date":"2025-10-20T18:38:32","date_gmt":"2025-10-20T15:38:32","guid":{"rendered":"https:\/\/malinashop.lt\/?post_type=product&#038;p=59997"},"modified":"2026-02-12T12:37:12","modified_gmt":"2026-02-12T09:37:12","slug":"linea-35-vigneto-imperiale-namu-kvapu-papildymas-500ml","status":"publish","type":"product","link":"https:\/\/www.malinashop.lt\/lt_lt\/shop\/linea-35-vigneto-imperiale-namu-kvapu-papildymas-500ml\/","title":{"rendered":"LINEA 35 VIGNETO IMPERIALE nam\u0173 kvap\u0173 papildymas, 500ml"},"content":{"rendered":"<p data-start=\"349\" data-end=\"584\"><strong data-start=\"349\" data-end=\"379\">LINEA 35 Vigneto Imperiale<\/strong> nam\u0173 kvap\u0173 papildymas \u2013 tai <strong data-start=\"408\" data-end=\"457\">sald\u017eios nostalgijos ir subtilios elegancijos<\/strong> derinys, nukeliantis \u012f <strong data-start=\"481\" data-end=\"511\">vasaros pavakar\u0119 uog\u0173 sode<\/strong>, kai oras prisipildo \u0161ilumos, \u017eied\u0173 aromat\u0173 ir gamtos brandos poj\u016b\u010dio.<\/p>\n<p data-start=\"586\" data-end=\"922\">Kvapas prasideda <strong data-start=\"603\" data-end=\"640\">Mirabel\u0117s slyvos, bra\u0161k\u0117s ir uog\u0173<\/strong> natomis, kurios suteikia aromatui vaisi\u0161kos energijos ir saldumo.<br data-start=\"706\" data-end=\"709\" \/>Vidurin\u0117se natose <strong data-start=\"727\" data-end=\"762\">\u017eibuokl\u0117, jazminas ir gardenija<\/strong> \u012fne\u0161a \u0161velnumo, g\u0117li\u0173 elegancijos ir romanti\u0161kos \u0161ilumos.<br data-start=\"820\" data-end=\"823\" \/>Baz\u0117je <strong data-start=\"830\" data-end=\"853\">brandintos medienos<\/strong> nata sukuria gil\u0173, rafinuot\u0105 ir ilgai i\u0161liekant\u012f aromato pagrind\u0105.<\/p>\n<p data-start=\"924\" data-end=\"1130\"><strong data-start=\"924\" data-end=\"945\">Vigneto Imperiale<\/strong> \u2013 tai kvapas, kuris <strong data-start=\"966\" data-end=\"1046\">apgaubia jaukumu, primena saul\u0117t\u0105 vasar\u0105 ir atgaivina malonius prisiminimus.<\/strong> Jis puikiai tinka tiek ramiems vakarams, tiek \u0161venti\u0161kai nam\u0173 atmosferai sukurti.<\/p>\n<hr data-start=\"1132\" data-end=\"1135\" \/>\n<h3 data-start=\"1137\" data-end=\"1161\"><strong data-start=\"1141\" data-end=\"1159\">Kvap\u0173 sud\u0117tis:<\/strong><\/h3>\n<ul data-start=\"1162\" data-end=\"1314\">\n<li data-start=\"1162\" data-end=\"1218\">\n<p data-start=\"1164\" data-end=\"1218\"><strong data-start=\"1164\" data-end=\"1185\">Vir\u0161utin\u0117s natos:<\/strong> Mirabel\u0117s slyva, bra\u0161k\u0117, uogos<\/p>\n<\/li>\n<li data-start=\"1219\" data-end=\"1273\">\n<p data-start=\"1221\" data-end=\"1273\"><strong data-start=\"1221\" data-end=\"1241\">Vidurin\u0117s natos:<\/strong> \u017eibuokl\u0117, jazminas, gardenija<\/p>\n<\/li>\n<li data-start=\"1274\" data-end=\"1314\">\n<p data-start=\"1276\" data-end=\"1314\"><strong data-start=\"1276\" data-end=\"1294\">Bazin\u0117s natos:<\/strong> brandinta mediena<\/p>\n<\/li>\n<\/ul>\n<hr data-start=\"1316\" data-end=\"1319\" \/>\n<h3 data-start=\"1321\" data-end=\"1342\"><strong data-start=\"1325\" data-end=\"1340\">Naudojimas:<\/strong><\/h3>\n<p data-start=\"1343\" data-end=\"1586\">Papildykite turim\u0105 <strong data-start=\"1362\" data-end=\"1374\">LINEA 35<\/strong> kvap\u0173 difuzori\u0173 ir \u012fmerkite lazdeles. Nor\u0117dami sustiprinti aromato intensyvum\u0105, <strong data-start=\"1455\" data-end=\"1491\">periodi\u0161kai apverskite lazdeles.<\/strong> Produkt\u0105 laikykite ant stabilaus pavir\u0161iaus, atokiau nuo \u0161ilumos \u0161altini\u0173 ir saul\u0117s \u0161viesos.<\/p>\n<hr data-start=\"1588\" data-end=\"1591\" \/>\n<h3 data-start=\"1593\" data-end=\"1622\"><strong data-start=\"1597\" data-end=\"1620\">Pagaminta Italijoje<\/strong><\/h3>\n<p data-start=\"1623\" data-end=\"1797\">Visi <strong data-start=\"1628\" data-end=\"1640\">LINEA 35<\/strong> nam\u0173 kvap\u0173 papildymai <strong data-start=\"1663\" data-end=\"1686\">pagaminti Italijoje<\/strong>, naudojant auk\u0161\u010diausios kokyb\u0117s ingredientus, u\u017etikrinan\u010dius <strong data-start=\"1748\" data-end=\"1795\">i\u0161skirtin\u012f aromato gilum\u0105 ir ilgaam\u017ei\u0161kum\u0105.<\/strong><\/p>\n","protected":false},"excerpt":{"rendered":"<p data-start=\"119\" data-end=\"295\"><strong data-start=\"118\" data-end=\"148\">LINEA 35 Vigneto Imperiale<\/strong> \u2013 saldus ir eleganti\u0161kas itali\u0161kas nam\u0173 kvapas su <strong data-start=\"199\" data-end=\"239\">uog\u0173, \u017eibuokli\u0173, jazmino ir medienos<\/strong> natomis. Sukuria \u0161ilt\u0105, romanti\u0161k\u0105 ir nostalgi\u0161k\u0105 atmosfer\u0105 j\u016bs\u0173 namuose.<\/p>\n","protected":false},"featured_media":59998,"template":"","meta":[],"product_brand":[1362],"product_cat":[196,573],"product_tag":[1608],"class_list":{"0":"post-59997","1":"product","2":"type-product","3":"status-publish","4":"has-post-thumbnail","6":"product_brand-linea-35","7":"product_cat-namu-kvapu-papildymai","8":"product_cat-namu-kvapai-2","9":"product_tag-linea35","11":"first","12":"instock","13":"sale","14":"taxable","15":"shipping-taxable","16":"purchasable","17":"product-type-simple"},"yoast_head":"<!-- This site is optimized with the Yoast SEO plugin v27.4 - https:\/\/yoast.com\/product\/yoast-seo-wordpress\/ -->\n<title>LINEA 35 VIGNETO IMPERIALE nam\u0173 kvap\u0173 papildymas, 500ml - MalinaShop.lt J\u016bs\u0173 sveikatai ir gro\u017eiui.<\/title>\n<meta name=\"description\" content=\"LINEA 35 Vigneto Imperiale \u2013 itali\u0161kas kvapas su uog\u0173, \u017eibuokl\u0117s ir medienos natomis. Saldus, eleganti\u0161kas ir \u0161iltas aromatas vasari\u0161kai nam\u0173 nuotaikai.\" \/>\n<meta name=\"robots\" content=\"index, follow, max-snippet:-1, max-image-preview:large, max-video-preview:-1\" \/>\n<link rel=\"canonical\" href=\"https:\/\/www.malinashop.lt\/lt_lt\/shop\/linea-35-vigneto-imperiale-namu-kvapu-papildymas-500ml\/\" \/>\n<meta property=\"og:locale\" content=\"lt_LT\" \/>\n<meta property=\"og:type\" content=\"article\" \/>\n<meta property=\"og:title\" content=\"LINEA 35 VIGNETO IMPERIALE nam\u0173 kvap\u0173 papildymas, 500ml - MalinaShop.lt J\u016bs\u0173 sveikatai ir gro\u017eiui.\" \/>\n<meta property=\"og:description\" content=\"LINEA 35 Vigneto Imperiale \u2013 itali\u0161kas kvapas su uog\u0173, \u017eibuokl\u0117s ir medienos natomis. Saldus, eleganti\u0161kas ir \u0161iltas aromatas vasari\u0161kai nam\u0173 nuotaikai.\" \/>\n<meta property=\"og:url\" content=\"https:\/\/www.malinashop.lt\/lt_lt\/shop\/linea-35-vigneto-imperiale-namu-kvapu-papildymas-500ml\/\" \/>\n<meta property=\"og:site_name\" content=\"MalinaShop.lt J\u016bs\u0173 sveikatai ir gro\u017eiui.\" \/>\n<meta property=\"article:modified_time\" content=\"2026-02-12T09:37:12+00:00\" \/>\n<meta property=\"og:image\" content=\"https:\/\/www.malinashop.lt\/wp-content\/uploads\/2025\/10\/LINEA-35-VIGNETO-IMPERIALE-namu-kvapu-papildymas-500ml.webp\" \/>\n\t<meta property=\"og:image:width\" content=\"990\" \/>\n\t<meta property=\"og:image:height\" content=\"990\" \/>\n\t<meta property=\"og:image:type\" content=\"image\/webp\" \/>\n<meta name=\"twitter:card\" content=\"summary_large_image\" \/>\n<script type=\"application\/ld+json\" class=\"yoast-schema-graph\">{\"@context\":\"https:\\\/\\\/schema.org\",\"@graph\":[{\"@type\":\"WebPage\",\"@id\":\"https:\\\/\\\/www.malinashop.lt\\\/lt_lt\\\/shop\\\/linea-35-vigneto-imperiale-namu-kvapu-papildymas-500ml\\\/\",\"url\":\"https:\\\/\\\/www.malinashop.lt\\\/lt_lt\\\/shop\\\/linea-35-vigneto-imperiale-namu-kvapu-papildymas-500ml\\\/\",\"name\":\"LINEA 35 VIGNETO IMPERIALE nam\u0173 kvap\u0173 papildymas, 500ml - MalinaShop.lt J\u016bs\u0173 sveikatai ir gro\u017eiui.\",\"isPartOf\":{\"@id\":\"https:\\\/\\\/www.malinashop.lt\\\/#website\"},\"primaryImageOfPage\":{\"@id\":\"https:\\\/\\\/www.malinashop.lt\\\/lt_lt\\\/shop\\\/linea-35-vigneto-imperiale-namu-kvapu-papildymas-500ml\\\/#primaryimage\"},\"image\":{\"@id\":\"https:\\\/\\\/www.malinashop.lt\\\/lt_lt\\\/shop\\\/linea-35-vigneto-imperiale-namu-kvapu-papildymas-500ml\\\/#primaryimage\"},\"thumbnailUrl\":\"https:\\\/\\\/www.malinashop.lt\\\/wp-content\\\/uploads\\\/2025\\\/10\\\/LINEA-35-VIGNETO-IMPERIALE-namu-kvapu-papildymas-500ml.webp\",\"datePublished\":\"2025-10-20T15:38:32+00:00\",\"dateModified\":\"2026-02-12T09:37:12+00:00\",\"description\":\"LINEA 35 Vigneto Imperiale \u2013 itali\u0161kas kvapas su uog\u0173, \u017eibuokl\u0117s ir medienos natomis. Saldus, eleganti\u0161kas ir \u0161iltas aromatas vasari\u0161kai nam\u0173 nuotaikai.\",\"breadcrumb\":{\"@id\":\"https:\\\/\\\/www.malinashop.lt\\\/lt_lt\\\/shop\\\/linea-35-vigneto-imperiale-namu-kvapu-papildymas-500ml\\\/#breadcrumb\"},\"inLanguage\":\"lt-LT\",\"potentialAction\":[{\"@type\":\"ReadAction\",\"target\":[\"https:\\\/\\\/www.malinashop.lt\\\/lt_lt\\\/shop\\\/linea-35-vigneto-imperiale-namu-kvapu-papildymas-500ml\\\/\"]}]},{\"@type\":\"ImageObject\",\"inLanguage\":\"lt-LT\",\"@id\":\"https:\\\/\\\/www.malinashop.lt\\\/lt_lt\\\/shop\\\/linea-35-vigneto-imperiale-namu-kvapu-papildymas-500ml\\\/#primaryimage\",\"url\":\"https:\\\/\\\/www.malinashop.lt\\\/wp-content\\\/uploads\\\/2025\\\/10\\\/LINEA-35-VIGNETO-IMPERIALE-namu-kvapu-papildymas-500ml.webp\",\"contentUrl\":\"https:\\\/\\\/www.malinashop.lt\\\/wp-content\\\/uploads\\\/2025\\\/10\\\/LINEA-35-VIGNETO-IMPERIALE-namu-kvapu-papildymas-500ml.webp\",\"width\":990,\"height\":990},{\"@type\":\"BreadcrumbList\",\"@id\":\"https:\\\/\\\/www.malinashop.lt\\\/lt_lt\\\/shop\\\/linea-35-vigneto-imperiale-namu-kvapu-papildymas-500ml\\\/#breadcrumb\",\"itemListElement\":[{\"@type\":\"ListItem\",\"position\":1,\"name\":\"Pagrindinis\",\"item\":\"https:\\\/\\\/www.malinashop.lt\\\/\"},{\"@type\":\"ListItem\",\"position\":2,\"name\":\"Parduotuv\u0117\",\"item\":\"https:\\\/\\\/www.malinashop.lt\\\/en\\\/parduotuve\\\/\"},{\"@type\":\"ListItem\",\"position\":3,\"name\":\"LINEA 35 VIGNETO IMPERIALE nam\u0173 kvap\u0173 papildymas, 500ml\"}]},{\"@type\":\"WebSite\",\"@id\":\"https:\\\/\\\/www.malinashop.lt\\\/#website\",\"url\":\"https:\\\/\\\/www.malinashop.lt\\\/\",\"name\":\"COM Group Ecommerce\",\"description\":\"MalinaShop.lt - Gro\u017eio ir sveikatos produktai i\u0161 patikim\u0173 preki\u0173 \u017eenkl\u0173. Atraskite auk\u0161tos kokyb\u0117s kosmetik\u0105 u\u017e puiki\u0105 kain\u0105.\",\"publisher\":{\"@id\":\"https:\\\/\\\/www.malinashop.lt\\\/#organization\"},\"potentialAction\":[{\"@type\":\"SearchAction\",\"target\":{\"@type\":\"EntryPoint\",\"urlTemplate\":\"https:\\\/\\\/www.malinashop.lt\\\/?s={search_term_string}\"},\"query-input\":{\"@type\":\"PropertyValueSpecification\",\"valueRequired\":true,\"valueName\":\"search_term_string\"}}],\"inLanguage\":\"lt-LT\"},{\"@type\":\"Organization\",\"@id\":\"https:\\\/\\\/www.malinashop.lt\\\/#organization\",\"name\":\"COM Group Ecommerce\",\"url\":\"https:\\\/\\\/www.malinashop.lt\\\/\",\"logo\":{\"@type\":\"ImageObject\",\"inLanguage\":\"lt-LT\",\"@id\":\"https:\\\/\\\/www.malinashop.lt\\\/#\\\/schema\\\/logo\\\/image\\\/\",\"url\":\"https:\\\/\\\/www.malinashop.lt\\\/wp-content\\\/uploads\\\/2024\\\/08\\\/462559670_3787732518133670_9795632669273463_n-e1731525914575.png\",\"contentUrl\":\"https:\\\/\\\/www.malinashop.lt\\\/wp-content\\\/uploads\\\/2024\\\/08\\\/462559670_3787732518133670_9795632669273463_n-e1731525914575.png\",\"width\":180,\"height\":60,\"caption\":\"COM Group Ecommerce\"},\"image\":{\"@id\":\"https:\\\/\\\/www.malinashop.lt\\\/#\\\/schema\\\/logo\\\/image\\\/\"}}]}<\/script>\n<!-- \/ Yoast SEO plugin. -->","yoast_head_json":{"title":"LINEA 35 VIGNETO IMPERIALE nam\u0173 kvap\u0173 papildymas, 500ml - MalinaShop.lt J\u016bs\u0173 sveikatai ir gro\u017eiui.","description":"LINEA 35 Vigneto Imperiale \u2013 itali\u0161kas kvapas su uog\u0173, \u017eibuokl\u0117s ir medienos natomis. Saldus, eleganti\u0161kas ir \u0161iltas aromatas vasari\u0161kai nam\u0173 nuotaikai.","robots":{"index":"index","follow":"follow","max-snippet":"max-snippet:-1","max-image-preview":"max-image-preview:large","max-video-preview":"max-video-preview:-1"},"canonical":"https:\/\/www.malinashop.lt\/lt_lt\/shop\/linea-35-vigneto-imperiale-namu-kvapu-papildymas-500ml\/","og_locale":"lt_LT","og_type":"article","og_title":"LINEA 35 VIGNETO IMPERIALE nam\u0173 kvap\u0173 papildymas, 500ml - MalinaShop.lt J\u016bs\u0173 sveikatai ir gro\u017eiui.","og_description":"LINEA 35 Vigneto Imperiale \u2013 itali\u0161kas kvapas su uog\u0173, \u017eibuokl\u0117s ir medienos natomis. Saldus, eleganti\u0161kas ir \u0161iltas aromatas vasari\u0161kai nam\u0173 nuotaikai.","og_url":"https:\/\/www.malinashop.lt\/lt_lt\/shop\/linea-35-vigneto-imperiale-namu-kvapu-papildymas-500ml\/","og_site_name":"MalinaShop.lt J\u016bs\u0173 sveikatai ir gro\u017eiui.","article_modified_time":"2026-02-12T09:37:12+00:00","og_image":[{"width":990,"height":990,"url":"https:\/\/www.malinashop.lt\/wp-content\/uploads\/2025\/10\/LINEA-35-VIGNETO-IMPERIALE-namu-kvapu-papildymas-500ml.webp","type":"image\/webp"}],"twitter_card":"summary_large_image","schema":{"@context":"https:\/\/schema.org","@graph":[{"@type":"WebPage","@id":"https:\/\/www.malinashop.lt\/lt_lt\/shop\/linea-35-vigneto-imperiale-namu-kvapu-papildymas-500ml\/","url":"https:\/\/www.malinashop.lt\/lt_lt\/shop\/linea-35-vigneto-imperiale-namu-kvapu-papildymas-500ml\/","name":"LINEA 35 VIGNETO IMPERIALE nam\u0173 kvap\u0173 papildymas, 500ml - MalinaShop.lt J\u016bs\u0173 sveikatai ir gro\u017eiui.","isPartOf":{"@id":"https:\/\/www.malinashop.lt\/#website"},"primaryImageOfPage":{"@id":"https:\/\/www.malinashop.lt\/lt_lt\/shop\/linea-35-vigneto-imperiale-namu-kvapu-papildymas-500ml\/#primaryimage"},"image":{"@id":"https:\/\/www.malinashop.lt\/lt_lt\/shop\/linea-35-vigneto-imperiale-namu-kvapu-papildymas-500ml\/#primaryimage"},"thumbnailUrl":"https:\/\/www.malinashop.lt\/wp-content\/uploads\/2025\/10\/LINEA-35-VIGNETO-IMPERIALE-namu-kvapu-papildymas-500ml.webp","datePublished":"2025-10-20T15:38:32+00:00","dateModified":"2026-02-12T09:37:12+00:00","description":"LINEA 35 Vigneto Imperiale \u2013 itali\u0161kas kvapas su uog\u0173, \u017eibuokl\u0117s ir medienos natomis. Saldus, eleganti\u0161kas ir \u0161iltas aromatas vasari\u0161kai nam\u0173 nuotaikai.","breadcrumb":{"@id":"https:\/\/www.malinashop.lt\/lt_lt\/shop\/linea-35-vigneto-imperiale-namu-kvapu-papildymas-500ml\/#breadcrumb"},"inLanguage":"lt-LT","potentialAction":[{"@type":"ReadAction","target":["https:\/\/www.malinashop.lt\/lt_lt\/shop\/linea-35-vigneto-imperiale-namu-kvapu-papildymas-500ml\/"]}]},{"@type":"ImageObject","inLanguage":"lt-LT","@id":"https:\/\/www.malinashop.lt\/lt_lt\/shop\/linea-35-vigneto-imperiale-namu-kvapu-papildymas-500ml\/#primaryimage","url":"https:\/\/www.malinashop.lt\/wp-content\/uploads\/2025\/10\/LINEA-35-VIGNETO-IMPERIALE-namu-kvapu-papildymas-500ml.webp","contentUrl":"https:\/\/www.malinashop.lt\/wp-content\/uploads\/2025\/10\/LINEA-35-VIGNETO-IMPERIALE-namu-kvapu-papildymas-500ml.webp","width":990,"height":990},{"@type":"BreadcrumbList","@id":"https:\/\/www.malinashop.lt\/lt_lt\/shop\/linea-35-vigneto-imperiale-namu-kvapu-papildymas-500ml\/#breadcrumb","itemListElement":[{"@type":"ListItem","position":1,"name":"Pagrindinis","item":"https:\/\/www.malinashop.lt\/"},{"@type":"ListItem","position":2,"name":"Parduotuv\u0117","item":"https:\/\/www.malinashop.lt\/en\/parduotuve\/"},{"@type":"ListItem","position":3,"name":"LINEA 35 VIGNETO IMPERIALE nam\u0173 kvap\u0173 papildymas, 500ml"}]},{"@type":"WebSite","@id":"https:\/\/www.malinashop.lt\/#website","url":"https:\/\/www.malinashop.lt\/","name":"COM Group Ecommerce","description":"MalinaShop.lt - Gro\u017eio ir sveikatos produktai i\u0161 patikim\u0173 preki\u0173 \u017eenkl\u0173. Atraskite auk\u0161tos kokyb\u0117s kosmetik\u0105 u\u017e puiki\u0105 kain\u0105.","publisher":{"@id":"https:\/\/www.malinashop.lt\/#organization"},"potentialAction":[{"@type":"SearchAction","target":{"@type":"EntryPoint","urlTemplate":"https:\/\/www.malinashop.lt\/?s={search_term_string}"},"query-input":{"@type":"PropertyValueSpecification","valueRequired":true,"valueName":"search_term_string"}}],"inLanguage":"lt-LT"},{"@type":"Organization","@id":"https:\/\/www.malinashop.lt\/#organization","name":"COM Group Ecommerce","url":"https:\/\/www.malinashop.lt\/","logo":{"@type":"ImageObject","inLanguage":"lt-LT","@id":"https:\/\/www.malinashop.lt\/#\/schema\/logo\/image\/","url":"https:\/\/www.malinashop.lt\/wp-content\/uploads\/2024\/08\/462559670_3787732518133670_9795632669273463_n-e1731525914575.png","contentUrl":"https:\/\/www.malinashop.lt\/wp-content\/uploads\/2024\/08\/462559670_3787732518133670_9795632669273463_n-e1731525914575.png","width":180,"height":60,"caption":"COM Group Ecommerce"},"image":{"@id":"https:\/\/www.malinashop.lt\/#\/schema\/logo\/image\/"}}]}},"jetpack_sharing_enabled":true,"_links":{"self":[{"href":"https:\/\/www.malinashop.lt\/lt_lt\/wp-json\/wp\/v2\/product\/59997","targetHints":{"allow":["GET"]}}],"collection":[{"href":"https:\/\/www.malinashop.lt\/lt_lt\/wp-json\/wp\/v2\/product"}],"about":[{"href":"https:\/\/www.malinashop.lt\/lt_lt\/wp-json\/wp\/v2\/types\/product"}],"version-history":[{"count":1,"href":"https:\/\/www.malinashop.lt\/lt_lt\/wp-json\/wp\/v2\/product\/59997\/revisions"}],"predecessor-version":[{"id":59999,"href":"https:\/\/www.malinashop.lt\/lt_lt\/wp-json\/wp\/v2\/product\/59997\/revisions\/59999"}],"wp:featuredmedia":[{"embeddable":true,"href":"https:\/\/www.malinashop.lt\/lt_lt\/wp-json\/wp\/v2\/media\/59998"}],"wp:attachment":[{"href":"https:\/\/www.malinashop.lt\/lt_lt\/wp-json\/wp\/v2\/media?parent=59997"}],"wp:term":[{"taxonomy":"product_brand","embeddable":true,"href":"https:\/\/www.malinashop.lt\/lt_lt\/wp-json\/wp\/v2\/product_brand?post=59997"},{"taxonomy":"product_cat","embeddable":true,"href":"https:\/\/www.malinashop.lt\/lt_lt\/wp-json\/wp\/v2\/product_cat?post=59997"},{"taxonomy":"product_tag","embeddable":true,"href":"https:\/\/www.malinashop.lt\/lt_lt\/wp-json\/wp\/v2\/product_tag?post=59997"}],"curies":[{"name":"wp","href":"https:\/\/api.w.org\/{rel}","templated":true}]}}