{"id":59994,"date":"2025-10-20T18:29:28","date_gmt":"2025-10-20T15:29:28","guid":{"rendered":"https:\/\/malinashop.lt\/?post_type=product&#038;p=59994"},"modified":"2026-02-12T12:37:13","modified_gmt":"2026-02-12T09:37:13","slug":"linea-35-vaniglia-gourmet-namu-kvapu-papildymas-500ml","status":"publish","type":"product","link":"https:\/\/www.malinashop.lt\/lt_lt\/shop\/linea-35-vaniglia-gourmet-namu-kvapu-papildymas-500ml\/","title":{"rendered":"LINEA 35 VANIGLIA GOURMET nam\u0173 kvap\u0173 papildymas, 500ml"},"content":{"rendered":"<p data-start=\"353\" data-end=\"699\">\u012esivaizduokite <strong data-start=\"368\" data-end=\"392\">ram\u0173 ryt\u0105 prie j\u016bros<\/strong>, kai lengvas v\u0117jas kutena od\u0105, ore tvyro s\u016brus gaivumas, o saul\u0117s spinduliai pabudina poj\u016b\u010dius.<br data-start=\"488\" data-end=\"491\" \/><strong data-start=\"491\" data-end=\"520\">LINEA 35 Vaniglia Gourmet<\/strong> nam\u0173 kvap\u0173 papildymas \u2013 tai <strong data-start=\"549\" data-end=\"623\">grynos gaivos, vaisi\u0173 saldumo ir subtilios g\u0117li\u0173 elegancijos harmonija<\/strong>, sukurianti \u0161viesos, jaukumo ir pozityvumo kupin\u0105 atmosfer\u0105 j\u016bs\u0173 namuose.<\/p>\n<p data-start=\"701\" data-end=\"1094\">Vir\u0161utin\u0117s <strong data-start=\"712\" data-end=\"774\">j\u016bros dvelksmo, ananaso, greipfruto, obuolio ir bergamot\u0117s<\/strong> natos suteikia kvapui gaivumo ir vaisi\u0161kos energijos.<br data-start=\"828\" data-end=\"831\" \/>Vidurin\u0117se natose <strong data-start=\"849\" data-end=\"911\">ciklamenas, apelsin\u0173 \u017eiedai, pakalnut\u0117s, hiacintas ir ro\u017e\u0117<\/strong> sukuria \u0161veln\u0173, eleganti\u0161k\u0105 g\u0117li\u0173 \u0161irdies akord\u0105.<br data-start=\"961\" data-end=\"964\" \/>Baz\u0117je <strong data-start=\"971\" data-end=\"1032\">vanil\u0117, ambra, baltasis muskusas, benzoinas ir saldymedis<\/strong> suteikia kvapui \u0161ilumos, jaukumo ir ilgalaikio i\u0161liekamumo.<\/p>\n<p data-start=\"1096\" data-end=\"1287\"><strong data-start=\"1096\" data-end=\"1116\">Vaniglia Gourmet<\/strong> \u2013 tai <strong data-start=\"1123\" data-end=\"1176\">pozityvumo, \u0161varos ir sald\u017eios elegancijos kvapas<\/strong>, tobulai tinkantis tiems, kurie nori \u012f savo erdv\u0119 \u012fne\u0161ti <strong data-start=\"1234\" data-end=\"1285\">vasari\u0161kos \u0161viesos ir gaivios prabangos poj\u016bt\u012f.<\/strong><\/p>\n<hr data-start=\"1289\" data-end=\"1292\" \/>\n<h3 data-start=\"1294\" data-end=\"1318\"><strong data-start=\"1298\" data-end=\"1316\">Kvap\u0173 sud\u0117tis:<\/strong><\/h3>\n<ul data-start=\"1319\" data-end=\"1564\">\n<li data-start=\"1319\" data-end=\"1403\">\n<p data-start=\"1321\" data-end=\"1403\"><strong data-start=\"1321\" data-end=\"1342\">Vir\u0161utin\u0117s natos:<\/strong> j\u016bros dvelksmas, ananasas, greipfrutas, obuolys, bergamot\u0117<\/p>\n<\/li>\n<li data-start=\"1404\" data-end=\"1485\">\n<p data-start=\"1406\" data-end=\"1485\"><strong data-start=\"1406\" data-end=\"1426\">Vidurin\u0117s natos:<\/strong> ciklamenas, apelsin\u0173 \u017eiedai, pakalnut\u0117s, hiacintas, ro\u017e\u0117<\/p>\n<\/li>\n<li data-start=\"1486\" data-end=\"1564\">\n<p data-start=\"1488\" data-end=\"1564\"><strong data-start=\"1488\" data-end=\"1506\">Bazin\u0117s natos:<\/strong> vanil\u0117, ambra, baltasis muskusas, benzoinas, saldymedis<\/p>\n<\/li>\n<\/ul>\n<hr data-start=\"1566\" data-end=\"1569\" \/>\n<h3 data-start=\"1571\" data-end=\"1592\"><strong data-start=\"1575\" data-end=\"1590\">Naudojimas:<\/strong><\/h3>\n<p data-start=\"1593\" data-end=\"1848\">Papildykite turim\u0105 <strong data-start=\"1612\" data-end=\"1624\">LINEA 35<\/strong> kvap\u0173 difuzori\u0173 ir \u012fmerkite lazdeles. Nor\u0117dami i\u0161laikyti aromato intensyvum\u0105, <strong data-start=\"1703\" data-end=\"1739\">periodi\u0161kai apverskite lazdeles.<\/strong> Laikykite produkt\u0105 ant stabilaus pavir\u0161iaus, atokiau nuo \u0161ilumos \u0161altini\u0173 ar tiesiogini\u0173 saul\u0117s spinduli\u0173.<\/p>\n<hr data-start=\"1850\" data-end=\"1853\" \/>\n<h3 data-start=\"1855\" data-end=\"1884\"><strong data-start=\"1859\" data-end=\"1882\">Pagaminta Italijoje<\/strong><\/h3>\n<p data-start=\"1885\" data-end=\"2075\">Visi <strong data-start=\"1890\" data-end=\"1902\">LINEA 35<\/strong> nam\u0173 kvap\u0173 papildymai <strong data-start=\"1925\" data-end=\"1948\">pagaminti Italijoje<\/strong>, naudojant auk\u0161tos kokyb\u0117s ingredientus, u\u017etikrinan\u010dius <strong data-start=\"2005\" data-end=\"2073\">i\u0161skirtin\u012f kvapo i\u0161liekamum\u0105 ir autenti\u0161k\u0105 itali\u0161k\u0105 rafinuotum\u0105.<\/strong><\/p>\n","protected":false},"excerpt":{"rendered":"<p data-start=\"119\" data-end=\"295\"><strong data-start=\"117\" data-end=\"146\">LINEA 35 Vaniglia Gourmet<\/strong> \u2013 gaivus ir sald\u017eiai eleganti\u0161kas itali\u0161kas nam\u0173 kvapas su <strong data-start=\"206\" data-end=\"259\">j\u016bros dvelksmo, ananaso, vanil\u0117s ir balt\u0173j\u0173 g\u0117li\u0173<\/strong> natomis. Sukuria \u0161viesi\u0105, lengv\u0105 ir harmoning\u0105 atmosfer\u0105.<\/p>\n","protected":false},"featured_media":59995,"template":"","meta":[],"product_brand":[1362],"product_cat":[196,573],"product_tag":[1608],"class_list":{"0":"post-59994","1":"product","2":"type-product","3":"status-publish","4":"has-post-thumbnail","6":"product_brand-linea-35","7":"product_cat-namu-kvapu-papildymai","8":"product_cat-namu-kvapai-2","9":"product_tag-linea35","11":"first","12":"instock","13":"sale","14":"taxable","15":"shipping-taxable","16":"purchasable","17":"product-type-simple"},"yoast_head":"<!-- This site is optimized with the Yoast SEO plugin v27.4 - https:\/\/yoast.com\/product\/yoast-seo-wordpress\/ -->\n<title>LINEA 35 VANIGLIA GOURMET nam\u0173 kvap\u0173 papildymas, 500ml - MalinaShop.lt J\u016bs\u0173 sveikatai ir gro\u017eiui.<\/title>\n<meta name=\"description\" content=\"LINEA 35 Vaniglia Gourmet \u2013 itali\u0161kas kvapas su j\u016bros, ananaso ir vanil\u0117s natomis. Lengvas, vaisi\u0161kas ir \u0161viesus aromatas kasdieniam nam\u0173 jaukumui.\" \/>\n<meta name=\"robots\" content=\"index, follow, max-snippet:-1, max-image-preview:large, max-video-preview:-1\" \/>\n<link rel=\"canonical\" href=\"https:\/\/www.malinashop.lt\/lt_lt\/shop\/linea-35-vaniglia-gourmet-namu-kvapu-papildymas-500ml\/\" \/>\n<meta property=\"og:locale\" content=\"lt_LT\" \/>\n<meta property=\"og:type\" content=\"article\" \/>\n<meta property=\"og:title\" content=\"LINEA 35 VANIGLIA GOURMET nam\u0173 kvap\u0173 papildymas, 500ml - MalinaShop.lt J\u016bs\u0173 sveikatai ir gro\u017eiui.\" \/>\n<meta property=\"og:description\" content=\"LINEA 35 Vaniglia Gourmet \u2013 itali\u0161kas kvapas su j\u016bros, ananaso ir vanil\u0117s natomis. Lengvas, vaisi\u0161kas ir \u0161viesus aromatas kasdieniam nam\u0173 jaukumui.\" \/>\n<meta property=\"og:url\" content=\"https:\/\/www.malinashop.lt\/lt_lt\/shop\/linea-35-vaniglia-gourmet-namu-kvapu-papildymas-500ml\/\" \/>\n<meta property=\"og:site_name\" content=\"MalinaShop.lt J\u016bs\u0173 sveikatai ir gro\u017eiui.\" \/>\n<meta property=\"article:modified_time\" content=\"2026-02-12T09:37:13+00:00\" \/>\n<meta property=\"og:image\" content=\"https:\/\/www.malinashop.lt\/wp-content\/uploads\/2025\/10\/LINEA-35-VANIGLIA-GOURMET-namu-kvapu-papildymas-500ml.webp\" \/>\n\t<meta property=\"og:image:width\" content=\"990\" \/>\n\t<meta property=\"og:image:height\" content=\"990\" \/>\n\t<meta property=\"og:image:type\" content=\"image\/webp\" \/>\n<meta name=\"twitter:card\" content=\"summary_large_image\" \/>\n<script type=\"application\/ld+json\" class=\"yoast-schema-graph\">{\"@context\":\"https:\\\/\\\/schema.org\",\"@graph\":[{\"@type\":\"WebPage\",\"@id\":\"https:\\\/\\\/www.malinashop.lt\\\/lt_lt\\\/shop\\\/linea-35-vaniglia-gourmet-namu-kvapu-papildymas-500ml\\\/\",\"url\":\"https:\\\/\\\/www.malinashop.lt\\\/lt_lt\\\/shop\\\/linea-35-vaniglia-gourmet-namu-kvapu-papildymas-500ml\\\/\",\"name\":\"LINEA 35 VANIGLIA GOURMET nam\u0173 kvap\u0173 papildymas, 500ml - MalinaShop.lt J\u016bs\u0173 sveikatai ir gro\u017eiui.\",\"isPartOf\":{\"@id\":\"https:\\\/\\\/www.malinashop.lt\\\/#website\"},\"primaryImageOfPage\":{\"@id\":\"https:\\\/\\\/www.malinashop.lt\\\/lt_lt\\\/shop\\\/linea-35-vaniglia-gourmet-namu-kvapu-papildymas-500ml\\\/#primaryimage\"},\"image\":{\"@id\":\"https:\\\/\\\/www.malinashop.lt\\\/lt_lt\\\/shop\\\/linea-35-vaniglia-gourmet-namu-kvapu-papildymas-500ml\\\/#primaryimage\"},\"thumbnailUrl\":\"https:\\\/\\\/www.malinashop.lt\\\/wp-content\\\/uploads\\\/2025\\\/10\\\/LINEA-35-VANIGLIA-GOURMET-namu-kvapu-papildymas-500ml.webp\",\"datePublished\":\"2025-10-20T15:29:28+00:00\",\"dateModified\":\"2026-02-12T09:37:13+00:00\",\"description\":\"LINEA 35 Vaniglia Gourmet \u2013 itali\u0161kas kvapas su j\u016bros, ananaso ir vanil\u0117s natomis. Lengvas, vaisi\u0161kas ir \u0161viesus aromatas kasdieniam nam\u0173 jaukumui.\",\"breadcrumb\":{\"@id\":\"https:\\\/\\\/www.malinashop.lt\\\/lt_lt\\\/shop\\\/linea-35-vaniglia-gourmet-namu-kvapu-papildymas-500ml\\\/#breadcrumb\"},\"inLanguage\":\"lt-LT\",\"potentialAction\":[{\"@type\":\"ReadAction\",\"target\":[\"https:\\\/\\\/www.malinashop.lt\\\/lt_lt\\\/shop\\\/linea-35-vaniglia-gourmet-namu-kvapu-papildymas-500ml\\\/\"]}]},{\"@type\":\"ImageObject\",\"inLanguage\":\"lt-LT\",\"@id\":\"https:\\\/\\\/www.malinashop.lt\\\/lt_lt\\\/shop\\\/linea-35-vaniglia-gourmet-namu-kvapu-papildymas-500ml\\\/#primaryimage\",\"url\":\"https:\\\/\\\/www.malinashop.lt\\\/wp-content\\\/uploads\\\/2025\\\/10\\\/LINEA-35-VANIGLIA-GOURMET-namu-kvapu-papildymas-500ml.webp\",\"contentUrl\":\"https:\\\/\\\/www.malinashop.lt\\\/wp-content\\\/uploads\\\/2025\\\/10\\\/LINEA-35-VANIGLIA-GOURMET-namu-kvapu-papildymas-500ml.webp\",\"width\":990,\"height\":990},{\"@type\":\"BreadcrumbList\",\"@id\":\"https:\\\/\\\/www.malinashop.lt\\\/lt_lt\\\/shop\\\/linea-35-vaniglia-gourmet-namu-kvapu-papildymas-500ml\\\/#breadcrumb\",\"itemListElement\":[{\"@type\":\"ListItem\",\"position\":1,\"name\":\"Pagrindinis\",\"item\":\"https:\\\/\\\/www.malinashop.lt\\\/\"},{\"@type\":\"ListItem\",\"position\":2,\"name\":\"Parduotuv\u0117\",\"item\":\"https:\\\/\\\/www.malinashop.lt\\\/en\\\/parduotuve\\\/\"},{\"@type\":\"ListItem\",\"position\":3,\"name\":\"LINEA 35 VANIGLIA GOURMET nam\u0173 kvap\u0173 papildymas, 500ml\"}]},{\"@type\":\"WebSite\",\"@id\":\"https:\\\/\\\/www.malinashop.lt\\\/#website\",\"url\":\"https:\\\/\\\/www.malinashop.lt\\\/\",\"name\":\"COM Group Ecommerce\",\"description\":\"MalinaShop.lt - Gro\u017eio ir sveikatos produktai i\u0161 patikim\u0173 preki\u0173 \u017eenkl\u0173. Atraskite auk\u0161tos kokyb\u0117s kosmetik\u0105 u\u017e puiki\u0105 kain\u0105.\",\"publisher\":{\"@id\":\"https:\\\/\\\/www.malinashop.lt\\\/#organization\"},\"potentialAction\":[{\"@type\":\"SearchAction\",\"target\":{\"@type\":\"EntryPoint\",\"urlTemplate\":\"https:\\\/\\\/www.malinashop.lt\\\/?s={search_term_string}\"},\"query-input\":{\"@type\":\"PropertyValueSpecification\",\"valueRequired\":true,\"valueName\":\"search_term_string\"}}],\"inLanguage\":\"lt-LT\"},{\"@type\":\"Organization\",\"@id\":\"https:\\\/\\\/www.malinashop.lt\\\/#organization\",\"name\":\"COM Group Ecommerce\",\"url\":\"https:\\\/\\\/www.malinashop.lt\\\/\",\"logo\":{\"@type\":\"ImageObject\",\"inLanguage\":\"lt-LT\",\"@id\":\"https:\\\/\\\/www.malinashop.lt\\\/#\\\/schema\\\/logo\\\/image\\\/\",\"url\":\"https:\\\/\\\/www.malinashop.lt\\\/wp-content\\\/uploads\\\/2024\\\/08\\\/462559670_3787732518133670_9795632669273463_n-e1731525914575.png\",\"contentUrl\":\"https:\\\/\\\/www.malinashop.lt\\\/wp-content\\\/uploads\\\/2024\\\/08\\\/462559670_3787732518133670_9795632669273463_n-e1731525914575.png\",\"width\":180,\"height\":60,\"caption\":\"COM Group Ecommerce\"},\"image\":{\"@id\":\"https:\\\/\\\/www.malinashop.lt\\\/#\\\/schema\\\/logo\\\/image\\\/\"}}]}<\/script>\n<!-- \/ Yoast SEO plugin. -->","yoast_head_json":{"title":"LINEA 35 VANIGLIA GOURMET nam\u0173 kvap\u0173 papildymas, 500ml - MalinaShop.lt J\u016bs\u0173 sveikatai ir gro\u017eiui.","description":"LINEA 35 Vaniglia Gourmet \u2013 itali\u0161kas kvapas su j\u016bros, ananaso ir vanil\u0117s natomis. Lengvas, vaisi\u0161kas ir \u0161viesus aromatas kasdieniam nam\u0173 jaukumui.","robots":{"index":"index","follow":"follow","max-snippet":"max-snippet:-1","max-image-preview":"max-image-preview:large","max-video-preview":"max-video-preview:-1"},"canonical":"https:\/\/www.malinashop.lt\/lt_lt\/shop\/linea-35-vaniglia-gourmet-namu-kvapu-papildymas-500ml\/","og_locale":"lt_LT","og_type":"article","og_title":"LINEA 35 VANIGLIA GOURMET nam\u0173 kvap\u0173 papildymas, 500ml - MalinaShop.lt J\u016bs\u0173 sveikatai ir gro\u017eiui.","og_description":"LINEA 35 Vaniglia Gourmet \u2013 itali\u0161kas kvapas su j\u016bros, ananaso ir vanil\u0117s natomis. Lengvas, vaisi\u0161kas ir \u0161viesus aromatas kasdieniam nam\u0173 jaukumui.","og_url":"https:\/\/www.malinashop.lt\/lt_lt\/shop\/linea-35-vaniglia-gourmet-namu-kvapu-papildymas-500ml\/","og_site_name":"MalinaShop.lt J\u016bs\u0173 sveikatai ir gro\u017eiui.","article_modified_time":"2026-02-12T09:37:13+00:00","og_image":[{"width":990,"height":990,"url":"https:\/\/www.malinashop.lt\/wp-content\/uploads\/2025\/10\/LINEA-35-VANIGLIA-GOURMET-namu-kvapu-papildymas-500ml.webp","type":"image\/webp"}],"twitter_card":"summary_large_image","schema":{"@context":"https:\/\/schema.org","@graph":[{"@type":"WebPage","@id":"https:\/\/www.malinashop.lt\/lt_lt\/shop\/linea-35-vaniglia-gourmet-namu-kvapu-papildymas-500ml\/","url":"https:\/\/www.malinashop.lt\/lt_lt\/shop\/linea-35-vaniglia-gourmet-namu-kvapu-papildymas-500ml\/","name":"LINEA 35 VANIGLIA GOURMET nam\u0173 kvap\u0173 papildymas, 500ml - MalinaShop.lt J\u016bs\u0173 sveikatai ir gro\u017eiui.","isPartOf":{"@id":"https:\/\/www.malinashop.lt\/#website"},"primaryImageOfPage":{"@id":"https:\/\/www.malinashop.lt\/lt_lt\/shop\/linea-35-vaniglia-gourmet-namu-kvapu-papildymas-500ml\/#primaryimage"},"image":{"@id":"https:\/\/www.malinashop.lt\/lt_lt\/shop\/linea-35-vaniglia-gourmet-namu-kvapu-papildymas-500ml\/#primaryimage"},"thumbnailUrl":"https:\/\/www.malinashop.lt\/wp-content\/uploads\/2025\/10\/LINEA-35-VANIGLIA-GOURMET-namu-kvapu-papildymas-500ml.webp","datePublished":"2025-10-20T15:29:28+00:00","dateModified":"2026-02-12T09:37:13+00:00","description":"LINEA 35 Vaniglia Gourmet \u2013 itali\u0161kas kvapas su j\u016bros, ananaso ir vanil\u0117s natomis. Lengvas, vaisi\u0161kas ir \u0161viesus aromatas kasdieniam nam\u0173 jaukumui.","breadcrumb":{"@id":"https:\/\/www.malinashop.lt\/lt_lt\/shop\/linea-35-vaniglia-gourmet-namu-kvapu-papildymas-500ml\/#breadcrumb"},"inLanguage":"lt-LT","potentialAction":[{"@type":"ReadAction","target":["https:\/\/www.malinashop.lt\/lt_lt\/shop\/linea-35-vaniglia-gourmet-namu-kvapu-papildymas-500ml\/"]}]},{"@type":"ImageObject","inLanguage":"lt-LT","@id":"https:\/\/www.malinashop.lt\/lt_lt\/shop\/linea-35-vaniglia-gourmet-namu-kvapu-papildymas-500ml\/#primaryimage","url":"https:\/\/www.malinashop.lt\/wp-content\/uploads\/2025\/10\/LINEA-35-VANIGLIA-GOURMET-namu-kvapu-papildymas-500ml.webp","contentUrl":"https:\/\/www.malinashop.lt\/wp-content\/uploads\/2025\/10\/LINEA-35-VANIGLIA-GOURMET-namu-kvapu-papildymas-500ml.webp","width":990,"height":990},{"@type":"BreadcrumbList","@id":"https:\/\/www.malinashop.lt\/lt_lt\/shop\/linea-35-vaniglia-gourmet-namu-kvapu-papildymas-500ml\/#breadcrumb","itemListElement":[{"@type":"ListItem","position":1,"name":"Pagrindinis","item":"https:\/\/www.malinashop.lt\/"},{"@type":"ListItem","position":2,"name":"Parduotuv\u0117","item":"https:\/\/www.malinashop.lt\/en\/parduotuve\/"},{"@type":"ListItem","position":3,"name":"LINEA 35 VANIGLIA GOURMET nam\u0173 kvap\u0173 papildymas, 500ml"}]},{"@type":"WebSite","@id":"https:\/\/www.malinashop.lt\/#website","url":"https:\/\/www.malinashop.lt\/","name":"COM Group Ecommerce","description":"MalinaShop.lt - Gro\u017eio ir sveikatos produktai i\u0161 patikim\u0173 preki\u0173 \u017eenkl\u0173. Atraskite auk\u0161tos kokyb\u0117s kosmetik\u0105 u\u017e puiki\u0105 kain\u0105.","publisher":{"@id":"https:\/\/www.malinashop.lt\/#organization"},"potentialAction":[{"@type":"SearchAction","target":{"@type":"EntryPoint","urlTemplate":"https:\/\/www.malinashop.lt\/?s={search_term_string}"},"query-input":{"@type":"PropertyValueSpecification","valueRequired":true,"valueName":"search_term_string"}}],"inLanguage":"lt-LT"},{"@type":"Organization","@id":"https:\/\/www.malinashop.lt\/#organization","name":"COM Group Ecommerce","url":"https:\/\/www.malinashop.lt\/","logo":{"@type":"ImageObject","inLanguage":"lt-LT","@id":"https:\/\/www.malinashop.lt\/#\/schema\/logo\/image\/","url":"https:\/\/www.malinashop.lt\/wp-content\/uploads\/2024\/08\/462559670_3787732518133670_9795632669273463_n-e1731525914575.png","contentUrl":"https:\/\/www.malinashop.lt\/wp-content\/uploads\/2024\/08\/462559670_3787732518133670_9795632669273463_n-e1731525914575.png","width":180,"height":60,"caption":"COM Group Ecommerce"},"image":{"@id":"https:\/\/www.malinashop.lt\/#\/schema\/logo\/image\/"}}]}},"jetpack_sharing_enabled":true,"_links":{"self":[{"href":"https:\/\/www.malinashop.lt\/lt_lt\/wp-json\/wp\/v2\/product\/59994","targetHints":{"allow":["GET"]}}],"collection":[{"href":"https:\/\/www.malinashop.lt\/lt_lt\/wp-json\/wp\/v2\/product"}],"about":[{"href":"https:\/\/www.malinashop.lt\/lt_lt\/wp-json\/wp\/v2\/types\/product"}],"version-history":[{"count":1,"href":"https:\/\/www.malinashop.lt\/lt_lt\/wp-json\/wp\/v2\/product\/59994\/revisions"}],"predecessor-version":[{"id":59996,"href":"https:\/\/www.malinashop.lt\/lt_lt\/wp-json\/wp\/v2\/product\/59994\/revisions\/59996"}],"wp:featuredmedia":[{"embeddable":true,"href":"https:\/\/www.malinashop.lt\/lt_lt\/wp-json\/wp\/v2\/media\/59995"}],"wp:attachment":[{"href":"https:\/\/www.malinashop.lt\/lt_lt\/wp-json\/wp\/v2\/media?parent=59994"}],"wp:term":[{"taxonomy":"product_brand","embeddable":true,"href":"https:\/\/www.malinashop.lt\/lt_lt\/wp-json\/wp\/v2\/product_brand?post=59994"},{"taxonomy":"product_cat","embeddable":true,"href":"https:\/\/www.malinashop.lt\/lt_lt\/wp-json\/wp\/v2\/product_cat?post=59994"},{"taxonomy":"product_tag","embeddable":true,"href":"https:\/\/www.malinashop.lt\/lt_lt\/wp-json\/wp\/v2\/product_tag?post=59994"}],"curies":[{"name":"wp","href":"https:\/\/api.w.org\/{rel}","templated":true}]}}