{"id":59991,"date":"2025-10-20T18:23:24","date_gmt":"2025-10-20T15:23:24","guid":{"rendered":"https:\/\/malinashop.lt\/?post_type=product&#038;p=59991"},"modified":"2026-02-12T12:37:13","modified_gmt":"2026-02-12T09:37:13","slug":"linea-35-fiori-dacqua-namu-kvapu-papildymas-500ml","status":"publish","type":"product","link":"https:\/\/www.malinashop.lt\/lt_lt\/shop\/linea-35-fiori-dacqua-namu-kvapu-papildymas-500ml\/","title":{"rendered":"LINEA 35 FIORI D\u2019ACQUA nam\u0173 kvap\u0173 papildymas, 500ml"},"content":{"rendered":"<p data-start=\"341\" data-end=\"579\"><strong data-start=\"341\" data-end=\"367\">LINEA 35 Fiori d\u2019Acqua<\/strong> nam\u0173 kvap\u0173 papildymas \u2013 tai <strong data-start=\"396\" data-end=\"464\">subalansuotas vandens gaivos, g\u0117li\u0173 \u0161velnumo ir medienos \u0161ilumos<\/strong> derinys. \u0160is kvapas atspindi <strong data-start=\"494\" data-end=\"541\">tyr\u0105 or\u0105, nat\u016bralum\u0105 ir subtili\u0105 elegancij\u0105<\/strong>, primindamas gaiv\u0173 ryt\u0105 prie j\u016bros.<\/p>\n<p data-start=\"581\" data-end=\"982\">Pirmiausia atsiveria <strong data-start=\"602\" data-end=\"660\">j\u016bros gaivos, any\u017eiaus, apelsino ir aromatini\u0173 \u017eoleli\u0173<\/strong> natos, suteikian\u010dios kvapui \u0161viesos ir energijos.<br data-start=\"710\" data-end=\"713\" \/>Vidurin\u0117se natose <strong data-start=\"731\" data-end=\"797\">pakalnut\u0117, ylang-ylang, tonka pupel\u0117s, gardenija ir ciklamenas<\/strong> kuria \u0161veln\u0173, g\u0117li\u0161k\u0105 \u0161irdies akord\u0105, kupin\u0105 harmonijos.<br data-start=\"854\" data-end=\"857\" \/>Bazin\u0117s <strong data-start=\"865\" data-end=\"912\">baltojo muskuso, vanil\u0117s, pa\u010diulio ir kedro<\/strong> natos suteikia aromatui \u0161ilumos, jaukumo ir ilgalaikio i\u0161liekamumo.<\/p>\n<p data-start=\"984\" data-end=\"1152\"><strong data-start=\"984\" data-end=\"1001\">Fiori d\u2019Acqua<\/strong> \u2013 tai kvapas tiems, kurie vertina <strong data-start=\"1036\" data-end=\"1077\">\u0161var\u0105, ramyb\u0119 ir nat\u016brali\u0105 elegancij\u0105<\/strong>, idealiai tinkantis tiek moderniam, tiek klasikinio stiliaus interjerui.<\/p>\n<hr data-start=\"1154\" data-end=\"1157\" \/>\n<h3 data-start=\"1159\" data-end=\"1183\"><strong data-start=\"1163\" data-end=\"1181\">Kvap\u0173 sud\u0117tis:<\/strong><\/h3>\n<ul data-start=\"1184\" data-end=\"1414\">\n<li data-start=\"1184\" data-end=\"1261\">\n<p data-start=\"1186\" data-end=\"1261\"><strong data-start=\"1186\" data-end=\"1207\">Vir\u0161utin\u0117s natos:<\/strong> j\u016bros gaiva, any\u017eius, apelsinas, aromatin\u0117s \u017eolel\u0117s<\/p>\n<\/li>\n<li data-start=\"1262\" data-end=\"1347\">\n<p data-start=\"1264\" data-end=\"1347\"><strong data-start=\"1264\" data-end=\"1284\">Vidurin\u0117s natos:<\/strong> pakalnut\u0117, ylang-ylang, tonka pupel\u0117s, gardenija, ciklamenas<\/p>\n<\/li>\n<li data-start=\"1348\" data-end=\"1414\">\n<p data-start=\"1350\" data-end=\"1414\"><strong data-start=\"1350\" data-end=\"1368\">Bazin\u0117s natos:<\/strong> baltasis muskusas, vanil\u0117, pa\u010diulis, kedras<\/p>\n<\/li>\n<\/ul>\n<hr data-start=\"1416\" data-end=\"1419\" \/>\n<h3 data-start=\"1421\" data-end=\"1442\"><strong data-start=\"1425\" data-end=\"1440\">Naudojimas:<\/strong><\/h3>\n<p data-start=\"1443\" data-end=\"1664\">Papildykite turim\u0105 LINEA 35 kvap\u0173 difuzori\u0173 ir \u012fmerkite lazdeles. Nor\u0117dami sustiprinti aromato intensyvum\u0105, <strong data-start=\"1551\" data-end=\"1587\">periodi\u0161kai apverskite lazdeles.<\/strong> Laikykite produkt\u0105 ant stabilaus pavir\u0161iaus, atokiau nuo \u0161ilumos \u0161altini\u0173.<\/p>\n<hr data-start=\"1666\" data-end=\"1669\" \/>\n<h3 data-start=\"1671\" data-end=\"1700\"><strong data-start=\"1675\" data-end=\"1698\">Pagaminta Italijoje<\/strong><\/h3>\n<p data-start=\"1701\" data-end=\"1874\">Visi <strong data-start=\"1706\" data-end=\"1718\">LINEA 35<\/strong> nam\u0173 kvap\u0173 papildymai <strong data-start=\"1741\" data-end=\"1764\">pagaminti Italijoje<\/strong>, naudojant kruop\u0161\u010diai atrinktus ingredientus, u\u017etikrinan\u010dius <strong data-start=\"1826\" data-end=\"1872\">auk\u0161t\u0105 kokyb\u0119 ir ilgai i\u0161liekant\u012f aromat\u0105.<\/strong><\/p>\n","protected":false},"excerpt":{"rendered":"<p data-start=\"119\" data-end=\"295\"><strong data-start=\"114\" data-end=\"140\">LINEA 35 Fiori d\u2019Acqua<\/strong> \u2013 gaivus ir eleganti\u0161kas itali\u0161kas nam\u0173 kvapas su <strong data-start=\"191\" data-end=\"239\">j\u016bros gaivos, gardenijos, vanil\u0117s ir muskuso<\/strong> natomis. Sukuria lengv\u0105, \u0161var\u0173 ir raminant\u012f aromat\u0105 j\u016bs\u0173 namuose.<\/p>\n","protected":false},"featured_media":59992,"template":"","meta":[],"product_brand":[1362],"product_cat":[196,573],"product_tag":[1608],"class_list":{"0":"post-59991","1":"product","2":"type-product","3":"status-publish","4":"has-post-thumbnail","6":"product_brand-linea-35","7":"product_cat-namu-kvapu-papildymai","8":"product_cat-namu-kvapai-2","9":"product_tag-linea35","11":"first","12":"instock","13":"sale","14":"taxable","15":"shipping-taxable","16":"purchasable","17":"product-type-simple"},"yoast_head":"<!-- This site is optimized with the Yoast SEO plugin v27.4 - https:\/\/yoast.com\/product\/yoast-seo-wordpress\/ -->\n<title>LINEA 35 FIORI D\u2019ACQUA nam\u0173 kvap\u0173 papildymas, 500ml - MalinaShop.lt J\u016bs\u0173 sveikatai ir gro\u017eiui.<\/title>\n<meta name=\"description\" content=\"LINEA 35 Fiori d\u2019Acqua \u2013 itali\u0161kas nam\u0173 kvapas su j\u016bros, gardenijos ir muskuso natomis. Gaivus, \u0161varus ir eleganti\u0161kas aromatas nat\u016braliai ramybei.\" \/>\n<meta name=\"robots\" content=\"index, follow, max-snippet:-1, max-image-preview:large, max-video-preview:-1\" \/>\n<link rel=\"canonical\" href=\"https:\/\/www.malinashop.lt\/lt_lt\/shop\/linea-35-fiori-dacqua-namu-kvapu-papildymas-500ml\/\" \/>\n<meta property=\"og:locale\" content=\"lt_LT\" \/>\n<meta property=\"og:type\" content=\"article\" \/>\n<meta property=\"og:title\" content=\"LINEA 35 FIORI D\u2019ACQUA nam\u0173 kvap\u0173 papildymas, 500ml - MalinaShop.lt J\u016bs\u0173 sveikatai ir gro\u017eiui.\" \/>\n<meta property=\"og:description\" content=\"LINEA 35 Fiori d\u2019Acqua \u2013 itali\u0161kas nam\u0173 kvapas su j\u016bros, gardenijos ir muskuso natomis. Gaivus, \u0161varus ir eleganti\u0161kas aromatas nat\u016braliai ramybei.\" \/>\n<meta property=\"og:url\" content=\"https:\/\/www.malinashop.lt\/lt_lt\/shop\/linea-35-fiori-dacqua-namu-kvapu-papildymas-500ml\/\" \/>\n<meta property=\"og:site_name\" content=\"MalinaShop.lt J\u016bs\u0173 sveikatai ir gro\u017eiui.\" \/>\n<meta property=\"article:modified_time\" content=\"2026-02-12T09:37:13+00:00\" \/>\n<meta property=\"og:image\" content=\"https:\/\/www.malinashop.lt\/wp-content\/uploads\/2025\/10\/LINEA-35-FIORI-DACQUA-namu-kvapu-papildymas-500ml.webp\" \/>\n\t<meta property=\"og:image:width\" content=\"990\" \/>\n\t<meta property=\"og:image:height\" content=\"990\" \/>\n\t<meta property=\"og:image:type\" content=\"image\/webp\" \/>\n<meta name=\"twitter:card\" content=\"summary_large_image\" \/>\n<script type=\"application\/ld+json\" class=\"yoast-schema-graph\">{\"@context\":\"https:\\\/\\\/schema.org\",\"@graph\":[{\"@type\":\"WebPage\",\"@id\":\"https:\\\/\\\/www.malinashop.lt\\\/lt_lt\\\/shop\\\/linea-35-fiori-dacqua-namu-kvapu-papildymas-500ml\\\/\",\"url\":\"https:\\\/\\\/www.malinashop.lt\\\/lt_lt\\\/shop\\\/linea-35-fiori-dacqua-namu-kvapu-papildymas-500ml\\\/\",\"name\":\"LINEA 35 FIORI D\u2019ACQUA nam\u0173 kvap\u0173 papildymas, 500ml - MalinaShop.lt J\u016bs\u0173 sveikatai ir gro\u017eiui.\",\"isPartOf\":{\"@id\":\"https:\\\/\\\/www.malinashop.lt\\\/en\\\/#website\"},\"primaryImageOfPage\":{\"@id\":\"https:\\\/\\\/www.malinashop.lt\\\/lt_lt\\\/shop\\\/linea-35-fiori-dacqua-namu-kvapu-papildymas-500ml\\\/#primaryimage\"},\"image\":{\"@id\":\"https:\\\/\\\/www.malinashop.lt\\\/lt_lt\\\/shop\\\/linea-35-fiori-dacqua-namu-kvapu-papildymas-500ml\\\/#primaryimage\"},\"thumbnailUrl\":\"https:\\\/\\\/www.malinashop.lt\\\/wp-content\\\/uploads\\\/2025\\\/10\\\/LINEA-35-FIORI-DACQUA-namu-kvapu-papildymas-500ml.webp\",\"datePublished\":\"2025-10-20T15:23:24+00:00\",\"dateModified\":\"2026-02-12T09:37:13+00:00\",\"description\":\"LINEA 35 Fiori d\u2019Acqua \u2013 itali\u0161kas nam\u0173 kvapas su j\u016bros, gardenijos ir muskuso natomis. Gaivus, \u0161varus ir eleganti\u0161kas aromatas nat\u016braliai ramybei.\",\"breadcrumb\":{\"@id\":\"https:\\\/\\\/www.malinashop.lt\\\/lt_lt\\\/shop\\\/linea-35-fiori-dacqua-namu-kvapu-papildymas-500ml\\\/#breadcrumb\"},\"inLanguage\":\"lt-LT\",\"potentialAction\":[{\"@type\":\"ReadAction\",\"target\":[\"https:\\\/\\\/www.malinashop.lt\\\/lt_lt\\\/shop\\\/linea-35-fiori-dacqua-namu-kvapu-papildymas-500ml\\\/\"]}]},{\"@type\":\"ImageObject\",\"inLanguage\":\"lt-LT\",\"@id\":\"https:\\\/\\\/www.malinashop.lt\\\/lt_lt\\\/shop\\\/linea-35-fiori-dacqua-namu-kvapu-papildymas-500ml\\\/#primaryimage\",\"url\":\"https:\\\/\\\/www.malinashop.lt\\\/wp-content\\\/uploads\\\/2025\\\/10\\\/LINEA-35-FIORI-DACQUA-namu-kvapu-papildymas-500ml.webp\",\"contentUrl\":\"https:\\\/\\\/www.malinashop.lt\\\/wp-content\\\/uploads\\\/2025\\\/10\\\/LINEA-35-FIORI-DACQUA-namu-kvapu-papildymas-500ml.webp\",\"width\":990,\"height\":990},{\"@type\":\"BreadcrumbList\",\"@id\":\"https:\\\/\\\/www.malinashop.lt\\\/lt_lt\\\/shop\\\/linea-35-fiori-dacqua-namu-kvapu-papildymas-500ml\\\/#breadcrumb\",\"itemListElement\":[{\"@type\":\"ListItem\",\"position\":1,\"name\":\"Home\",\"item\":\"https:\\\/\\\/www.malinashop.lt\\\/en\\\/\"},{\"@type\":\"ListItem\",\"position\":2,\"name\":\"Parduotuv\u0117\",\"item\":\"https:\\\/\\\/www.malinashop.lt\\\/en\\\/parduotuve\\\/\"},{\"@type\":\"ListItem\",\"position\":3,\"name\":\"LINEA 35 FIORI D\u2019ACQUA nam\u0173 kvap\u0173 papildymas, 500ml\"}]},{\"@type\":\"WebSite\",\"@id\":\"https:\\\/\\\/www.malinashop.lt\\\/en\\\/#website\",\"url\":\"https:\\\/\\\/www.malinashop.lt\\\/en\\\/\",\"name\":\"COM Group Ecommerce\",\"description\":\"MalinaShop.lt - Gro\u017eio ir sveikatos produktai i\u0161 patikim\u0173 preki\u0173 \u017eenkl\u0173. Atraskite auk\u0161tos kokyb\u0117s kosmetik\u0105 u\u017e puiki\u0105 kain\u0105.\",\"publisher\":{\"@id\":\"https:\\\/\\\/www.malinashop.lt\\\/en\\\/#organization\"},\"potentialAction\":[{\"@type\":\"SearchAction\",\"target\":{\"@type\":\"EntryPoint\",\"urlTemplate\":\"https:\\\/\\\/www.malinashop.lt\\\/en\\\/?s={search_term_string}\"},\"query-input\":{\"@type\":\"PropertyValueSpecification\",\"valueRequired\":true,\"valueName\":\"search_term_string\"}}],\"inLanguage\":\"lt-LT\"},{\"@type\":\"Organization\",\"@id\":\"https:\\\/\\\/www.malinashop.lt\\\/en\\\/#organization\",\"name\":\"COM Group Ecommerce\",\"url\":\"https:\\\/\\\/www.malinashop.lt\\\/en\\\/\",\"logo\":{\"@type\":\"ImageObject\",\"inLanguage\":\"lt-LT\",\"@id\":\"https:\\\/\\\/www.malinashop.lt\\\/en\\\/#\\\/schema\\\/logo\\\/image\\\/\",\"url\":\"https:\\\/\\\/www.malinashop.lt\\\/wp-content\\\/uploads\\\/2024\\\/08\\\/462559670_3787732518133670_9795632669273463_n-e1731525914575.png\",\"contentUrl\":\"https:\\\/\\\/www.malinashop.lt\\\/wp-content\\\/uploads\\\/2024\\\/08\\\/462559670_3787732518133670_9795632669273463_n-e1731525914575.png\",\"width\":180,\"height\":60,\"caption\":\"COM Group Ecommerce\"},\"image\":{\"@id\":\"https:\\\/\\\/www.malinashop.lt\\\/en\\\/#\\\/schema\\\/logo\\\/image\\\/\"}}]}<\/script>\n<!-- \/ Yoast SEO plugin. -->","yoast_head_json":{"title":"LINEA 35 FIORI D\u2019ACQUA nam\u0173 kvap\u0173 papildymas, 500ml - MalinaShop.lt J\u016bs\u0173 sveikatai ir gro\u017eiui.","description":"LINEA 35 Fiori d\u2019Acqua \u2013 itali\u0161kas nam\u0173 kvapas su j\u016bros, gardenijos ir muskuso natomis. Gaivus, \u0161varus ir eleganti\u0161kas aromatas nat\u016braliai ramybei.","robots":{"index":"index","follow":"follow","max-snippet":"max-snippet:-1","max-image-preview":"max-image-preview:large","max-video-preview":"max-video-preview:-1"},"canonical":"https:\/\/www.malinashop.lt\/lt_lt\/shop\/linea-35-fiori-dacqua-namu-kvapu-papildymas-500ml\/","og_locale":"lt_LT","og_type":"article","og_title":"LINEA 35 FIORI D\u2019ACQUA nam\u0173 kvap\u0173 papildymas, 500ml - MalinaShop.lt J\u016bs\u0173 sveikatai ir gro\u017eiui.","og_description":"LINEA 35 Fiori d\u2019Acqua \u2013 itali\u0161kas nam\u0173 kvapas su j\u016bros, gardenijos ir muskuso natomis. Gaivus, \u0161varus ir eleganti\u0161kas aromatas nat\u016braliai ramybei.","og_url":"https:\/\/www.malinashop.lt\/lt_lt\/shop\/linea-35-fiori-dacqua-namu-kvapu-papildymas-500ml\/","og_site_name":"MalinaShop.lt J\u016bs\u0173 sveikatai ir gro\u017eiui.","article_modified_time":"2026-02-12T09:37:13+00:00","og_image":[{"width":990,"height":990,"url":"https:\/\/www.malinashop.lt\/wp-content\/uploads\/2025\/10\/LINEA-35-FIORI-DACQUA-namu-kvapu-papildymas-500ml.webp","type":"image\/webp"}],"twitter_card":"summary_large_image","schema":{"@context":"https:\/\/schema.org","@graph":[{"@type":"WebPage","@id":"https:\/\/www.malinashop.lt\/lt_lt\/shop\/linea-35-fiori-dacqua-namu-kvapu-papildymas-500ml\/","url":"https:\/\/www.malinashop.lt\/lt_lt\/shop\/linea-35-fiori-dacqua-namu-kvapu-papildymas-500ml\/","name":"LINEA 35 FIORI D\u2019ACQUA nam\u0173 kvap\u0173 papildymas, 500ml - MalinaShop.lt J\u016bs\u0173 sveikatai ir gro\u017eiui.","isPartOf":{"@id":"https:\/\/www.malinashop.lt\/en\/#website"},"primaryImageOfPage":{"@id":"https:\/\/www.malinashop.lt\/lt_lt\/shop\/linea-35-fiori-dacqua-namu-kvapu-papildymas-500ml\/#primaryimage"},"image":{"@id":"https:\/\/www.malinashop.lt\/lt_lt\/shop\/linea-35-fiori-dacqua-namu-kvapu-papildymas-500ml\/#primaryimage"},"thumbnailUrl":"https:\/\/www.malinashop.lt\/wp-content\/uploads\/2025\/10\/LINEA-35-FIORI-DACQUA-namu-kvapu-papildymas-500ml.webp","datePublished":"2025-10-20T15:23:24+00:00","dateModified":"2026-02-12T09:37:13+00:00","description":"LINEA 35 Fiori d\u2019Acqua \u2013 itali\u0161kas nam\u0173 kvapas su j\u016bros, gardenijos ir muskuso natomis. Gaivus, \u0161varus ir eleganti\u0161kas aromatas nat\u016braliai ramybei.","breadcrumb":{"@id":"https:\/\/www.malinashop.lt\/lt_lt\/shop\/linea-35-fiori-dacqua-namu-kvapu-papildymas-500ml\/#breadcrumb"},"inLanguage":"lt-LT","potentialAction":[{"@type":"ReadAction","target":["https:\/\/www.malinashop.lt\/lt_lt\/shop\/linea-35-fiori-dacqua-namu-kvapu-papildymas-500ml\/"]}]},{"@type":"ImageObject","inLanguage":"lt-LT","@id":"https:\/\/www.malinashop.lt\/lt_lt\/shop\/linea-35-fiori-dacqua-namu-kvapu-papildymas-500ml\/#primaryimage","url":"https:\/\/www.malinashop.lt\/wp-content\/uploads\/2025\/10\/LINEA-35-FIORI-DACQUA-namu-kvapu-papildymas-500ml.webp","contentUrl":"https:\/\/www.malinashop.lt\/wp-content\/uploads\/2025\/10\/LINEA-35-FIORI-DACQUA-namu-kvapu-papildymas-500ml.webp","width":990,"height":990},{"@type":"BreadcrumbList","@id":"https:\/\/www.malinashop.lt\/lt_lt\/shop\/linea-35-fiori-dacqua-namu-kvapu-papildymas-500ml\/#breadcrumb","itemListElement":[{"@type":"ListItem","position":1,"name":"Home","item":"https:\/\/www.malinashop.lt\/en\/"},{"@type":"ListItem","position":2,"name":"Parduotuv\u0117","item":"https:\/\/www.malinashop.lt\/en\/parduotuve\/"},{"@type":"ListItem","position":3,"name":"LINEA 35 FIORI D\u2019ACQUA nam\u0173 kvap\u0173 papildymas, 500ml"}]},{"@type":"WebSite","@id":"https:\/\/www.malinashop.lt\/en\/#website","url":"https:\/\/www.malinashop.lt\/en\/","name":"COM Group Ecommerce","description":"MalinaShop.lt - Gro\u017eio ir sveikatos produktai i\u0161 patikim\u0173 preki\u0173 \u017eenkl\u0173. Atraskite auk\u0161tos kokyb\u0117s kosmetik\u0105 u\u017e puiki\u0105 kain\u0105.","publisher":{"@id":"https:\/\/www.malinashop.lt\/en\/#organization"},"potentialAction":[{"@type":"SearchAction","target":{"@type":"EntryPoint","urlTemplate":"https:\/\/www.malinashop.lt\/en\/?s={search_term_string}"},"query-input":{"@type":"PropertyValueSpecification","valueRequired":true,"valueName":"search_term_string"}}],"inLanguage":"lt-LT"},{"@type":"Organization","@id":"https:\/\/www.malinashop.lt\/en\/#organization","name":"COM Group Ecommerce","url":"https:\/\/www.malinashop.lt\/en\/","logo":{"@type":"ImageObject","inLanguage":"lt-LT","@id":"https:\/\/www.malinashop.lt\/en\/#\/schema\/logo\/image\/","url":"https:\/\/www.malinashop.lt\/wp-content\/uploads\/2024\/08\/462559670_3787732518133670_9795632669273463_n-e1731525914575.png","contentUrl":"https:\/\/www.malinashop.lt\/wp-content\/uploads\/2024\/08\/462559670_3787732518133670_9795632669273463_n-e1731525914575.png","width":180,"height":60,"caption":"COM Group Ecommerce"},"image":{"@id":"https:\/\/www.malinashop.lt\/en\/#\/schema\/logo\/image\/"}}]}},"jetpack_sharing_enabled":true,"_links":{"self":[{"href":"https:\/\/www.malinashop.lt\/lt_lt\/wp-json\/wp\/v2\/product\/59991","targetHints":{"allow":["GET"]}}],"collection":[{"href":"https:\/\/www.malinashop.lt\/lt_lt\/wp-json\/wp\/v2\/product"}],"about":[{"href":"https:\/\/www.malinashop.lt\/lt_lt\/wp-json\/wp\/v2\/types\/product"}],"version-history":[{"count":1,"href":"https:\/\/www.malinashop.lt\/lt_lt\/wp-json\/wp\/v2\/product\/59991\/revisions"}],"predecessor-version":[{"id":59993,"href":"https:\/\/www.malinashop.lt\/lt_lt\/wp-json\/wp\/v2\/product\/59991\/revisions\/59993"}],"wp:featuredmedia":[{"embeddable":true,"href":"https:\/\/www.malinashop.lt\/lt_lt\/wp-json\/wp\/v2\/media\/59992"}],"wp:attachment":[{"href":"https:\/\/www.malinashop.lt\/lt_lt\/wp-json\/wp\/v2\/media?parent=59991"}],"wp:term":[{"taxonomy":"product_brand","embeddable":true,"href":"https:\/\/www.malinashop.lt\/lt_lt\/wp-json\/wp\/v2\/product_brand?post=59991"},{"taxonomy":"product_cat","embeddable":true,"href":"https:\/\/www.malinashop.lt\/lt_lt\/wp-json\/wp\/v2\/product_cat?post=59991"},{"taxonomy":"product_tag","embeddable":true,"href":"https:\/\/www.malinashop.lt\/lt_lt\/wp-json\/wp\/v2\/product_tag?post=59991"}],"curies":[{"name":"wp","href":"https:\/\/api.w.org\/{rel}","templated":true}]}}