{"id":59978,"date":"2025-10-20T18:00:07","date_gmt":"2025-10-20T15:00:07","guid":{"rendered":"https:\/\/malinashop.lt\/?post_type=product&#038;p=59978"},"modified":"2026-02-12T12:37:14","modified_gmt":"2026-02-12T09:37:14","slug":"linea-35-gelsomino-in-fiore-namu-kvapu-papildymas-500ml","status":"publish","type":"product","link":"https:\/\/www.malinashop.lt\/lt_lt\/shop\/linea-35-gelsomino-in-fiore-namu-kvapu-papildymas-500ml\/","title":{"rendered":"LINEA 35 GELSOMINO IN FIORE nam\u0173 kvap\u0173 papildymas, 500ml"},"content":{"rendered":"<p data-start=\"345\" data-end=\"648\"><strong data-start=\"345\" data-end=\"376\">LINEA 35 Gelsomino in Fiore<\/strong> nam\u0173 kvap\u0173 papildymas \u2013 tai <strong data-start=\"405\" data-end=\"434\">subtilus kontrast\u0173 kvapas<\/strong>, kuriame gaivumas pereina \u012f \u0161ilum\u0105, o g\u0117li\u0173 elegancija susilieja su jausmingais, ilgai i\u0161liekan\u010diais akordais.<br data-start=\"545\" data-end=\"548\" \/>\u0160is aromatas sukurtas tiems, kurie vertina <strong data-start=\"591\" data-end=\"622\">ramyb\u0117s, jaukumo ir \u0161viesos<\/strong> atmosfer\u0105 savo namuose.<\/p>\n<p data-start=\"650\" data-end=\"986\">Pirmiausia atsiskleid\u017eia <strong data-start=\"675\" data-end=\"701\">mandarino ir ciklameno<\/strong> vir\u0161utin\u0117s natos \u2013 jos suteikia kvapui gaivos ir \u017eaismingumo.<br data-start=\"763\" data-end=\"766\" \/>Vidurin\u0117se natose <strong data-start=\"784\" data-end=\"812\">ylang-ylang ir orchid\u0117ja<\/strong> sukuria g\u0117li\u0161k\u0105 \u0161ilum\u0105 ir prabang\u0173, romanti\u0161k\u0105 charakter\u012f.<br data-start=\"871\" data-end=\"874\" \/>Baz\u0117je <strong data-start=\"881\" data-end=\"922\">gintaras, baltasis muskusas ir vanil\u0117<\/strong> suteikia aromatui \u0161velnumo, jaukumo ir ilgalaik\u012f i\u0161liekamum\u0105.<\/p>\n<p data-start=\"988\" data-end=\"1132\"><strong data-start=\"988\" data-end=\"1010\">Gelsomino in Fiore<\/strong> \u2013 tai <strong data-start=\"1017\" data-end=\"1071\">ramus, eleganti\u0161kas ir subtiliai jausmingas kvapas<\/strong>, puikiai tinkantis ramiems vakarams ir poilsio akimirkoms.<\/p>\n<hr data-start=\"1134\" data-end=\"1137\" \/>\n<h3 data-start=\"1139\" data-end=\"1163\"><strong data-start=\"1143\" data-end=\"1161\">Kvap\u0173 sud\u0117tis:<\/strong><\/h3>\n<ul data-start=\"1164\" data-end=\"1319\">\n<li data-start=\"1164\" data-end=\"1212\">\n<p data-start=\"1166\" data-end=\"1212\"><strong data-start=\"1166\" data-end=\"1187\">Vir\u0161utin\u0117s natos:<\/strong> mandarinas, ciklamenas<\/p>\n<\/li>\n<li data-start=\"1213\" data-end=\"1260\">\n<p data-start=\"1215\" data-end=\"1260\"><strong data-start=\"1215\" data-end=\"1235\">Vidurin\u0117s natos:<\/strong> ylang-ylang, orchid\u0117ja<\/p>\n<\/li>\n<li data-start=\"1261\" data-end=\"1319\">\n<p data-start=\"1263\" data-end=\"1319\"><strong data-start=\"1263\" data-end=\"1281\">Bazin\u0117s natos:<\/strong> gintaras, baltasis muskusas, vanil\u0117<\/p>\n<\/li>\n<\/ul>\n<hr data-start=\"1321\" data-end=\"1324\" \/>\n<h3 data-start=\"1326\" data-end=\"1347\"><strong data-start=\"1330\" data-end=\"1345\">Naudojimas:<\/strong><\/h3>\n<p data-start=\"1348\" data-end=\"1571\">Papildykite turim\u0105 LINEA 35 kvap\u0173 difuzori\u0173 ir \u012fmerkite lazdeles. Norint palaikyti intensyv\u0173 aromat\u0105, <strong data-start=\"1450\" data-end=\"1485\">periodi\u0161kai apverskite lazdeles<\/strong>. Laikykite gamin\u012f ant stabilaus pavir\u0161iaus, atokiau nuo tiesiogin\u0117s saul\u0117s \u0161viesos.<\/p>\n<hr data-start=\"1573\" data-end=\"1576\" \/>\n<h3 data-start=\"1578\" data-end=\"1607\"><strong data-start=\"1582\" data-end=\"1605\">Pagaminta Italijoje<\/strong><\/h3>\n<p data-start=\"1608\" data-end=\"1791\">Visi <strong data-start=\"1613\" data-end=\"1625\">LINEA 35<\/strong> nam\u0173 kvap\u0173 papildymai <strong data-start=\"1648\" data-end=\"1671\">pagaminti Italijoje<\/strong>, naudojant auk\u0161tos kokyb\u0117s ingredientus, u\u017etikrinan\u010dius <strong data-start=\"1728\" data-end=\"1789\">ilgalaik\u012f aromato i\u0161liekamum\u0105 ir rafinuot\u0105 kvap\u0173 balans\u0105.<\/strong><\/p>\n","protected":false},"excerpt":{"rendered":"<p data-start=\"119\" data-end=\"295\"><strong data-start=\"119\" data-end=\"150\">LINEA 35 Gelsomino in Fiore<\/strong> \u2013 \u0161velnus ir jausmingas itali\u0161kas nam\u0173 kvapas su <strong data-start=\"200\" data-end=\"253\">mandarino, orchid\u0117jos, vanil\u0117s ir baltojo muskuso<\/strong> natomis. Sukuria \u0161ilt\u0105, jauki\u0105 ir harmoning\u0105 atmosfer\u0105.<\/p>\n","protected":false},"featured_media":59979,"template":"","meta":[],"product_brand":[1362],"product_cat":[196,573],"product_tag":[1608],"class_list":{"0":"post-59978","1":"product","2":"type-product","3":"status-publish","4":"has-post-thumbnail","6":"product_brand-linea-35","7":"product_cat-namu-kvapu-papildymai","8":"product_cat-namu-kvapai-2","9":"product_tag-linea35","11":"first","12":"instock","13":"sale","14":"taxable","15":"shipping-taxable","16":"purchasable","17":"product-type-simple"},"yoast_head":"<!-- This site is optimized with the Yoast SEO plugin v27.4 - https:\/\/yoast.com\/product\/yoast-seo-wordpress\/ -->\n<title>LINEA 35 GELSOMINO IN FIORE nam\u0173 kvap\u0173 papildymas, 500ml - MalinaShop.lt J\u016bs\u0173 sveikatai ir gro\u017eiui.<\/title>\n<meta name=\"description\" content=\"LINEA 35 Gelsomino in Fiore \u2013 itali\u0161kas nam\u0173 kvapas su mandarino, orchid\u0117jos ir vanil\u0117s natomis. \u0160velnus, g\u0117li\u0161kas ir jausmingas aromatas jaukiems vakarams.\" \/>\n<meta name=\"robots\" content=\"index, follow, max-snippet:-1, max-image-preview:large, max-video-preview:-1\" \/>\n<link rel=\"canonical\" href=\"https:\/\/www.malinashop.lt\/lt_lt\/shop\/linea-35-gelsomino-in-fiore-namu-kvapu-papildymas-500ml\/\" \/>\n<meta property=\"og:locale\" content=\"lt_LT\" \/>\n<meta property=\"og:type\" content=\"article\" \/>\n<meta property=\"og:title\" content=\"LINEA 35 GELSOMINO IN FIORE nam\u0173 kvap\u0173 papildymas, 500ml - MalinaShop.lt J\u016bs\u0173 sveikatai ir gro\u017eiui.\" \/>\n<meta property=\"og:description\" content=\"LINEA 35 Gelsomino in Fiore \u2013 itali\u0161kas nam\u0173 kvapas su mandarino, orchid\u0117jos ir vanil\u0117s natomis. \u0160velnus, g\u0117li\u0161kas ir jausmingas aromatas jaukiems vakarams.\" \/>\n<meta property=\"og:url\" content=\"https:\/\/www.malinashop.lt\/lt_lt\/shop\/linea-35-gelsomino-in-fiore-namu-kvapu-papildymas-500ml\/\" \/>\n<meta property=\"og:site_name\" content=\"MalinaShop.lt J\u016bs\u0173 sveikatai ir gro\u017eiui.\" \/>\n<meta property=\"article:modified_time\" content=\"2026-02-12T09:37:14+00:00\" \/>\n<meta property=\"og:image\" content=\"https:\/\/www.malinashop.lt\/wp-content\/uploads\/2025\/10\/LINEA-35-GELSOMINO-IN-FIORE-namu-kvapu-papildymas-500ml.webp\" \/>\n\t<meta property=\"og:image:width\" content=\"990\" \/>\n\t<meta property=\"og:image:height\" content=\"990\" \/>\n\t<meta property=\"og:image:type\" content=\"image\/webp\" \/>\n<meta name=\"twitter:card\" content=\"summary_large_image\" \/>\n<script type=\"application\/ld+json\" class=\"yoast-schema-graph\">{\"@context\":\"https:\\\/\\\/schema.org\",\"@graph\":[{\"@type\":\"WebPage\",\"@id\":\"https:\\\/\\\/www.malinashop.lt\\\/en\\\/shop\\\/linea-35-gelsomino-in-fiore-namu-kvapu-papildymas-500ml\\\/\",\"url\":\"https:\\\/\\\/www.malinashop.lt\\\/en\\\/shop\\\/linea-35-gelsomino-in-fiore-namu-kvapu-papildymas-500ml\\\/\",\"name\":\"LINEA 35 GELSOMINO IN FIORE nam\u0173 kvap\u0173 papildymas, 500ml - MalinaShop.lt J\u016bs\u0173 sveikatai ir gro\u017eiui.\",\"isPartOf\":{\"@id\":\"https:\\\/\\\/www.malinashop.lt\\\/en\\\/#website\"},\"primaryImageOfPage\":{\"@id\":\"https:\\\/\\\/www.malinashop.lt\\\/en\\\/shop\\\/linea-35-gelsomino-in-fiore-namu-kvapu-papildymas-500ml\\\/#primaryimage\"},\"image\":{\"@id\":\"https:\\\/\\\/www.malinashop.lt\\\/en\\\/shop\\\/linea-35-gelsomino-in-fiore-namu-kvapu-papildymas-500ml\\\/#primaryimage\"},\"thumbnailUrl\":\"https:\\\/\\\/www.malinashop.lt\\\/wp-content\\\/uploads\\\/2025\\\/10\\\/LINEA-35-GELSOMINO-IN-FIORE-namu-kvapu-papildymas-500ml.webp\",\"datePublished\":\"2025-10-20T15:00:07+00:00\",\"dateModified\":\"2026-02-12T09:37:14+00:00\",\"description\":\"LINEA 35 Gelsomino in Fiore \u2013 itali\u0161kas nam\u0173 kvapas su mandarino, orchid\u0117jos ir vanil\u0117s natomis. \u0160velnus, g\u0117li\u0161kas ir jausmingas aromatas jaukiems vakarams.\",\"breadcrumb\":{\"@id\":\"https:\\\/\\\/www.malinashop.lt\\\/en\\\/shop\\\/linea-35-gelsomino-in-fiore-namu-kvapu-papildymas-500ml\\\/#breadcrumb\"},\"inLanguage\":\"lt-LT\",\"potentialAction\":[{\"@type\":\"ReadAction\",\"target\":[\"https:\\\/\\\/www.malinashop.lt\\\/en\\\/shop\\\/linea-35-gelsomino-in-fiore-namu-kvapu-papildymas-500ml\\\/\"]}]},{\"@type\":\"ImageObject\",\"inLanguage\":\"lt-LT\",\"@id\":\"https:\\\/\\\/www.malinashop.lt\\\/en\\\/shop\\\/linea-35-gelsomino-in-fiore-namu-kvapu-papildymas-500ml\\\/#primaryimage\",\"url\":\"https:\\\/\\\/www.malinashop.lt\\\/wp-content\\\/uploads\\\/2025\\\/10\\\/LINEA-35-GELSOMINO-IN-FIORE-namu-kvapu-papildymas-500ml.webp\",\"contentUrl\":\"https:\\\/\\\/www.malinashop.lt\\\/wp-content\\\/uploads\\\/2025\\\/10\\\/LINEA-35-GELSOMINO-IN-FIORE-namu-kvapu-papildymas-500ml.webp\",\"width\":990,\"height\":990},{\"@type\":\"BreadcrumbList\",\"@id\":\"https:\\\/\\\/www.malinashop.lt\\\/en\\\/shop\\\/linea-35-gelsomino-in-fiore-namu-kvapu-papildymas-500ml\\\/#breadcrumb\",\"itemListElement\":[{\"@type\":\"ListItem\",\"position\":1,\"name\":\"Home\",\"item\":\"https:\\\/\\\/www.malinashop.lt\\\/en\\\/\"},{\"@type\":\"ListItem\",\"position\":2,\"name\":\"Parduotuv\u0117\",\"item\":\"https:\\\/\\\/www.malinashop.lt\\\/en\\\/parduotuve\\\/\"},{\"@type\":\"ListItem\",\"position\":3,\"name\":\"LINEA 35 GELSOMINO IN FIORE nam\u0173 kvap\u0173 papildymas, 500ml\"}]},{\"@type\":\"WebSite\",\"@id\":\"https:\\\/\\\/www.malinashop.lt\\\/en\\\/#website\",\"url\":\"https:\\\/\\\/www.malinashop.lt\\\/en\\\/\",\"name\":\"COM Group Ecommerce\",\"description\":\"MalinaShop.lt - Gro\u017eio ir sveikatos produktai i\u0161 patikim\u0173 preki\u0173 \u017eenkl\u0173. Atraskite auk\u0161tos kokyb\u0117s kosmetik\u0105 u\u017e puiki\u0105 kain\u0105.\",\"publisher\":{\"@id\":\"https:\\\/\\\/www.malinashop.lt\\\/en\\\/#organization\"},\"potentialAction\":[{\"@type\":\"SearchAction\",\"target\":{\"@type\":\"EntryPoint\",\"urlTemplate\":\"https:\\\/\\\/www.malinashop.lt\\\/en\\\/?s={search_term_string}\"},\"query-input\":{\"@type\":\"PropertyValueSpecification\",\"valueRequired\":true,\"valueName\":\"search_term_string\"}}],\"inLanguage\":\"lt-LT\"},{\"@type\":\"Organization\",\"@id\":\"https:\\\/\\\/www.malinashop.lt\\\/en\\\/#organization\",\"name\":\"COM Group Ecommerce\",\"url\":\"https:\\\/\\\/www.malinashop.lt\\\/en\\\/\",\"logo\":{\"@type\":\"ImageObject\",\"inLanguage\":\"lt-LT\",\"@id\":\"https:\\\/\\\/www.malinashop.lt\\\/en\\\/#\\\/schema\\\/logo\\\/image\\\/\",\"url\":\"https:\\\/\\\/www.malinashop.lt\\\/wp-content\\\/uploads\\\/2024\\\/08\\\/462559670_3787732518133670_9795632669273463_n-e1731525914575.png\",\"contentUrl\":\"https:\\\/\\\/www.malinashop.lt\\\/wp-content\\\/uploads\\\/2024\\\/08\\\/462559670_3787732518133670_9795632669273463_n-e1731525914575.png\",\"width\":180,\"height\":60,\"caption\":\"COM Group Ecommerce\"},\"image\":{\"@id\":\"https:\\\/\\\/www.malinashop.lt\\\/en\\\/#\\\/schema\\\/logo\\\/image\\\/\"}}]}<\/script>\n<!-- \/ Yoast SEO plugin. -->","yoast_head_json":{"title":"LINEA 35 GELSOMINO IN FIORE nam\u0173 kvap\u0173 papildymas, 500ml - MalinaShop.lt J\u016bs\u0173 sveikatai ir gro\u017eiui.","description":"LINEA 35 Gelsomino in Fiore \u2013 itali\u0161kas nam\u0173 kvapas su mandarino, orchid\u0117jos ir vanil\u0117s natomis. \u0160velnus, g\u0117li\u0161kas ir jausmingas aromatas jaukiems vakarams.","robots":{"index":"index","follow":"follow","max-snippet":"max-snippet:-1","max-image-preview":"max-image-preview:large","max-video-preview":"max-video-preview:-1"},"canonical":"https:\/\/www.malinashop.lt\/lt_lt\/shop\/linea-35-gelsomino-in-fiore-namu-kvapu-papildymas-500ml\/","og_locale":"lt_LT","og_type":"article","og_title":"LINEA 35 GELSOMINO IN FIORE nam\u0173 kvap\u0173 papildymas, 500ml - MalinaShop.lt J\u016bs\u0173 sveikatai ir gro\u017eiui.","og_description":"LINEA 35 Gelsomino in Fiore \u2013 itali\u0161kas nam\u0173 kvapas su mandarino, orchid\u0117jos ir vanil\u0117s natomis. \u0160velnus, g\u0117li\u0161kas ir jausmingas aromatas jaukiems vakarams.","og_url":"https:\/\/www.malinashop.lt\/lt_lt\/shop\/linea-35-gelsomino-in-fiore-namu-kvapu-papildymas-500ml\/","og_site_name":"MalinaShop.lt J\u016bs\u0173 sveikatai ir gro\u017eiui.","article_modified_time":"2026-02-12T09:37:14+00:00","og_image":[{"width":990,"height":990,"url":"https:\/\/www.malinashop.lt\/wp-content\/uploads\/2025\/10\/LINEA-35-GELSOMINO-IN-FIORE-namu-kvapu-papildymas-500ml.webp","type":"image\/webp"}],"twitter_card":"summary_large_image","schema":{"@context":"https:\/\/schema.org","@graph":[{"@type":"WebPage","@id":"https:\/\/www.malinashop.lt\/en\/shop\/linea-35-gelsomino-in-fiore-namu-kvapu-papildymas-500ml\/","url":"https:\/\/www.malinashop.lt\/en\/shop\/linea-35-gelsomino-in-fiore-namu-kvapu-papildymas-500ml\/","name":"LINEA 35 GELSOMINO IN FIORE nam\u0173 kvap\u0173 papildymas, 500ml - MalinaShop.lt J\u016bs\u0173 sveikatai ir gro\u017eiui.","isPartOf":{"@id":"https:\/\/www.malinashop.lt\/en\/#website"},"primaryImageOfPage":{"@id":"https:\/\/www.malinashop.lt\/en\/shop\/linea-35-gelsomino-in-fiore-namu-kvapu-papildymas-500ml\/#primaryimage"},"image":{"@id":"https:\/\/www.malinashop.lt\/en\/shop\/linea-35-gelsomino-in-fiore-namu-kvapu-papildymas-500ml\/#primaryimage"},"thumbnailUrl":"https:\/\/www.malinashop.lt\/wp-content\/uploads\/2025\/10\/LINEA-35-GELSOMINO-IN-FIORE-namu-kvapu-papildymas-500ml.webp","datePublished":"2025-10-20T15:00:07+00:00","dateModified":"2026-02-12T09:37:14+00:00","description":"LINEA 35 Gelsomino in Fiore \u2013 itali\u0161kas nam\u0173 kvapas su mandarino, orchid\u0117jos ir vanil\u0117s natomis. \u0160velnus, g\u0117li\u0161kas ir jausmingas aromatas jaukiems vakarams.","breadcrumb":{"@id":"https:\/\/www.malinashop.lt\/en\/shop\/linea-35-gelsomino-in-fiore-namu-kvapu-papildymas-500ml\/#breadcrumb"},"inLanguage":"lt-LT","potentialAction":[{"@type":"ReadAction","target":["https:\/\/www.malinashop.lt\/en\/shop\/linea-35-gelsomino-in-fiore-namu-kvapu-papildymas-500ml\/"]}]},{"@type":"ImageObject","inLanguage":"lt-LT","@id":"https:\/\/www.malinashop.lt\/en\/shop\/linea-35-gelsomino-in-fiore-namu-kvapu-papildymas-500ml\/#primaryimage","url":"https:\/\/www.malinashop.lt\/wp-content\/uploads\/2025\/10\/LINEA-35-GELSOMINO-IN-FIORE-namu-kvapu-papildymas-500ml.webp","contentUrl":"https:\/\/www.malinashop.lt\/wp-content\/uploads\/2025\/10\/LINEA-35-GELSOMINO-IN-FIORE-namu-kvapu-papildymas-500ml.webp","width":990,"height":990},{"@type":"BreadcrumbList","@id":"https:\/\/www.malinashop.lt\/en\/shop\/linea-35-gelsomino-in-fiore-namu-kvapu-papildymas-500ml\/#breadcrumb","itemListElement":[{"@type":"ListItem","position":1,"name":"Home","item":"https:\/\/www.malinashop.lt\/en\/"},{"@type":"ListItem","position":2,"name":"Parduotuv\u0117","item":"https:\/\/www.malinashop.lt\/en\/parduotuve\/"},{"@type":"ListItem","position":3,"name":"LINEA 35 GELSOMINO IN FIORE nam\u0173 kvap\u0173 papildymas, 500ml"}]},{"@type":"WebSite","@id":"https:\/\/www.malinashop.lt\/en\/#website","url":"https:\/\/www.malinashop.lt\/en\/","name":"COM Group Ecommerce","description":"MalinaShop.lt - Gro\u017eio ir sveikatos produktai i\u0161 patikim\u0173 preki\u0173 \u017eenkl\u0173. Atraskite auk\u0161tos kokyb\u0117s kosmetik\u0105 u\u017e puiki\u0105 kain\u0105.","publisher":{"@id":"https:\/\/www.malinashop.lt\/en\/#organization"},"potentialAction":[{"@type":"SearchAction","target":{"@type":"EntryPoint","urlTemplate":"https:\/\/www.malinashop.lt\/en\/?s={search_term_string}"},"query-input":{"@type":"PropertyValueSpecification","valueRequired":true,"valueName":"search_term_string"}}],"inLanguage":"lt-LT"},{"@type":"Organization","@id":"https:\/\/www.malinashop.lt\/en\/#organization","name":"COM Group Ecommerce","url":"https:\/\/www.malinashop.lt\/en\/","logo":{"@type":"ImageObject","inLanguage":"lt-LT","@id":"https:\/\/www.malinashop.lt\/en\/#\/schema\/logo\/image\/","url":"https:\/\/www.malinashop.lt\/wp-content\/uploads\/2024\/08\/462559670_3787732518133670_9795632669273463_n-e1731525914575.png","contentUrl":"https:\/\/www.malinashop.lt\/wp-content\/uploads\/2024\/08\/462559670_3787732518133670_9795632669273463_n-e1731525914575.png","width":180,"height":60,"caption":"COM Group Ecommerce"},"image":{"@id":"https:\/\/www.malinashop.lt\/en\/#\/schema\/logo\/image\/"}}]}},"jetpack_sharing_enabled":true,"_links":{"self":[{"href":"https:\/\/www.malinashop.lt\/lt_lt\/wp-json\/wp\/v2\/product\/59978","targetHints":{"allow":["GET"]}}],"collection":[{"href":"https:\/\/www.malinashop.lt\/lt_lt\/wp-json\/wp\/v2\/product"}],"about":[{"href":"https:\/\/www.malinashop.lt\/lt_lt\/wp-json\/wp\/v2\/types\/product"}],"version-history":[{"count":1,"href":"https:\/\/www.malinashop.lt\/lt_lt\/wp-json\/wp\/v2\/product\/59978\/revisions"}],"predecessor-version":[{"id":59980,"href":"https:\/\/www.malinashop.lt\/lt_lt\/wp-json\/wp\/v2\/product\/59978\/revisions\/59980"}],"wp:featuredmedia":[{"embeddable":true,"href":"https:\/\/www.malinashop.lt\/lt_lt\/wp-json\/wp\/v2\/media\/59979"}],"wp:attachment":[{"href":"https:\/\/www.malinashop.lt\/lt_lt\/wp-json\/wp\/v2\/media?parent=59978"}],"wp:term":[{"taxonomy":"product_brand","embeddable":true,"href":"https:\/\/www.malinashop.lt\/lt_lt\/wp-json\/wp\/v2\/product_brand?post=59978"},{"taxonomy":"product_cat","embeddable":true,"href":"https:\/\/www.malinashop.lt\/lt_lt\/wp-json\/wp\/v2\/product_cat?post=59978"},{"taxonomy":"product_tag","embeddable":true,"href":"https:\/\/www.malinashop.lt\/lt_lt\/wp-json\/wp\/v2\/product_tag?post=59978"}],"curies":[{"name":"wp","href":"https:\/\/api.w.org\/{rel}","templated":true}]}}