{"id":59960,"date":"2025-10-29T16:56:59","date_gmt":"2025-10-29T13:56:59","guid":{"rendered":"https:\/\/malinashop.lt\/?post_type=product&#038;p=59960"},"modified":"2026-04-08T13:21:51","modified_gmt":"2026-04-08T10:21:51","slug":"linea-home-pink-fruitnamu-kvapu-difuzorius-250ml","status":"publish","type":"product","link":"https:\/\/www.malinashop.lt\/lt_lt\/shop\/linea-home-pink-fruitnamu-kvapu-difuzorius-250ml\/","title":{"rendered":"LINEA HOME PINK FRUITnam\u0173 kvap\u0173 difuzorius, 250ml"},"content":{"rendered":"<p data-start=\"339\" data-end=\"637\"><strong data-start=\"339\" data-end=\"364\">LINEA HOME Pink Fruit<\/strong> nam\u0173 kvap\u0173 difuzorius \u2013 tai <strong data-start=\"393\" data-end=\"445\">\u0161iuolaiki\u0161kas, lengvas ir subalansuotas aromatas<\/strong>, kuris pripildo erdv\u0119 vaisine gaiva ir \u0161velnia g\u0117li\u0173 harmonija.<br data-start=\"509\" data-end=\"512\" \/>\u0160is kvapas puikiai tinka tiems, kurie m\u0117gsta <strong data-start=\"557\" data-end=\"604\">\u0161varos, nat\u016bralumo ir elegancijos atmosfer\u0105<\/strong>, dvelkian\u010di\u0105 \u0161viesa ir ramybe.<\/p>\n<p data-start=\"639\" data-end=\"920\">Kvapo prad\u017eioje atsiskleid\u017eia <strong data-start=\"669\" data-end=\"691\">gaivus greipfrutas<\/strong>, kuris \u012fne\u0161a energijos ir vaisi\u0161kos gaivos poj\u016bt\u012f.<br data-start=\"742\" data-end=\"745\" \/>Vidurin\u0117je dalyje <strong data-start=\"763\" data-end=\"775\">jazminas<\/strong> suteikia kvapui g\u0117li\u0161kumo ir subtilios romantikos.<br data-start=\"826\" data-end=\"829\" \/>Kompozicij\u0105 u\u017ebaigia <strong data-start=\"850\" data-end=\"862\">medienos<\/strong> natos, kurios suteikia \u0161ilumos, jaukumo ir i\u0161liekamumo.<\/p>\n<p data-start=\"922\" data-end=\"1068\"><strong data-start=\"922\" data-end=\"936\">Pink Fruit<\/strong> \u2013 tai aromatas, kuris tobulai dera prie <strong data-start=\"977\" data-end=\"1015\">moderni\u0173, minimalistini\u0173 interjer\u0173<\/strong>, sukuriant \u0161vari\u0105, lengv\u0105 ir harmoning\u0105 atmosfer\u0105.<\/p>\n<hr data-start=\"1070\" data-end=\"1073\" \/>\n<h3 data-start=\"1075\" data-end=\"1099\"><strong data-start=\"1079\" data-end=\"1097\">Kvap\u0173 sud\u0117tis:<\/strong><\/h3>\n<ul data-start=\"1100\" data-end=\"1202\">\n<li data-start=\"1100\" data-end=\"1137\">\n<p data-start=\"1102\" data-end=\"1137\"><strong data-start=\"1102\" data-end=\"1123\">Vir\u0161utin\u0117s natos:<\/strong> greipfrutas<\/p>\n<\/li>\n<li data-start=\"1138\" data-end=\"1171\">\n<p data-start=\"1140\" data-end=\"1171\"><strong data-start=\"1140\" data-end=\"1160\">Vidurin\u0117s natos:<\/strong> jazminas<\/p>\n<\/li>\n<li data-start=\"1172\" data-end=\"1202\">\n<p data-start=\"1174\" data-end=\"1202\"><strong data-start=\"1174\" data-end=\"1192\">Bazin\u0117s natos:<\/strong> mediena<\/p>\n<\/li>\n<\/ul>\n<hr data-start=\"1204\" data-end=\"1207\" \/>\n<h3 data-start=\"1209\" data-end=\"1230\"><strong data-start=\"1213\" data-end=\"1228\">Naudojimas:<\/strong><\/h3>\n<p data-start=\"1231\" data-end=\"1482\">Nuimkite buteliuko dangtel\u012f ir \u012fmerkite kvap\u0173 lazdeles \u012f buteliuk\u0105. Norint i\u0161laikyti aromato intensyvum\u0105, <strong data-start=\"1337\" data-end=\"1372\">periodi\u0161kai apverskite lazdeles<\/strong>. Produkt\u0105 statykite ant stabilaus pavir\u0161iaus, atokiau nuo \u0161ilumos \u0161altini\u0173 ir tiesiogini\u0173 saul\u0117s spinduli\u0173.<\/p>\n<hr data-start=\"1484\" data-end=\"1487\" \/>\n<h3 data-start=\"1489\" data-end=\"1518\"><strong data-start=\"1493\" data-end=\"1516\">Pagaminta Italijoje<\/strong><\/h3>\n<p data-start=\"1519\" data-end=\"1664\">Visi <strong data-start=\"1524\" data-end=\"1538\">LINEA HOME<\/strong> nam\u0173 kvapai \u2013 difuzoriai <strong data-start=\"1564\" data-end=\"1587\">pagaminti Italijoje<\/strong>, u\u017etikrinant <strong data-start=\"1601\" data-end=\"1661\">auk\u0161t\u0105 kokyb\u0119, nat\u016bral\u0173 aromato balans\u0105 ir ilgaam\u017ei\u0161kum\u0105<\/strong>.<\/p>\n","protected":false},"excerpt":{"rendered":"<p data-start=\"114\" data-end=\"291\"><strong data-start=\"113\" data-end=\"138\">LINEA HOME Pink Fruit<\/strong> \u2013 gaivus, vaisi\u0161kas ir subtiliai jausmingas kvapas su <strong data-start=\"193\" data-end=\"228\">greipfruto, jazmino ir medienos<\/strong> natomis. Suteikia namams \u0161varos, \u0161velnumo ir modernios elegancijos poj\u016bt\u012f.<\/p>\n","protected":false},"featured_media":59961,"template":"","meta":[],"product_brand":[1362],"product_cat":[1140,573,562],"product_tag":[1608],"class_list":{"0":"post-59960","1":"product","2":"type-product","3":"status-publish","4":"has-post-thumbnail","6":"product_brand-linea-35","7":"product_cat-namu-kvapai","8":"product_cat-namu-kvapai-2","9":"product_cat-sandelio-valymas","10":"product_tag-linea35","12":"first","13":"instock","14":"sale","15":"taxable","16":"shipping-taxable","17":"purchasable","18":"product-type-simple"},"yoast_head":"<!-- This site is optimized with the Yoast SEO plugin v27.4 - https:\/\/yoast.com\/product\/yoast-seo-wordpress\/ -->\n<title>LINEA HOME PINK FRUITnam\u0173 kvap\u0173 difuzorius, 250ml - MalinaShop.lt J\u016bs\u0173 sveikatai ir gro\u017eiui.<\/title>\n<meta name=\"description\" content=\"LINEA HOME Pink Fruit \u2013 itali\u0161kas nam\u0173 kvapas su greipfruto, jazmino ir medienos natomis. Gaivus, lengvas ir subtiliai eleganti\u0161kas aromatas j\u016bs\u0173 namams.\" \/>\n<meta name=\"robots\" content=\"index, follow, max-snippet:-1, max-image-preview:large, max-video-preview:-1\" \/>\n<link rel=\"canonical\" href=\"https:\/\/www.malinashop.lt\/lt_lt\/shop\/linea-home-pink-fruitnamu-kvapu-difuzorius-250ml\/\" \/>\n<meta property=\"og:locale\" content=\"lt_LT\" \/>\n<meta property=\"og:type\" content=\"article\" \/>\n<meta property=\"og:title\" content=\"LINEA HOME PINK FRUITnam\u0173 kvap\u0173 difuzorius, 250ml - MalinaShop.lt J\u016bs\u0173 sveikatai ir gro\u017eiui.\" \/>\n<meta property=\"og:description\" content=\"LINEA HOME Pink Fruit \u2013 itali\u0161kas nam\u0173 kvapas su greipfruto, jazmino ir medienos natomis. Gaivus, lengvas ir subtiliai eleganti\u0161kas aromatas j\u016bs\u0173 namams.\" \/>\n<meta property=\"og:url\" content=\"https:\/\/www.malinashop.lt\/lt_lt\/shop\/linea-home-pink-fruitnamu-kvapu-difuzorius-250ml\/\" \/>\n<meta property=\"og:site_name\" content=\"MalinaShop.lt J\u016bs\u0173 sveikatai ir gro\u017eiui.\" \/>\n<meta property=\"article:modified_time\" content=\"2026-04-08T10:21:51+00:00\" \/>\n<meta property=\"og:image\" content=\"https:\/\/www.malinashop.lt\/wp-content\/uploads\/2025\/10\/LINEA-HOME-PINK-FRUITnamu-kvapu-difuzorius-250ml.webp\" \/>\n\t<meta property=\"og:image:width\" content=\"990\" \/>\n\t<meta property=\"og:image:height\" content=\"990\" \/>\n\t<meta property=\"og:image:type\" content=\"image\/webp\" \/>\n<meta name=\"twitter:card\" content=\"summary_large_image\" \/>\n<script type=\"application\/ld+json\" class=\"yoast-schema-graph\">{\"@context\":\"https:\\\/\\\/schema.org\",\"@graph\":[{\"@type\":\"WebPage\",\"@id\":\"https:\\\/\\\/www.malinashop.lt\\\/lt_lt\\\/shop\\\/linea-home-pink-fruitnamu-kvapu-difuzorius-250ml\\\/\",\"url\":\"https:\\\/\\\/www.malinashop.lt\\\/lt_lt\\\/shop\\\/linea-home-pink-fruitnamu-kvapu-difuzorius-250ml\\\/\",\"name\":\"LINEA HOME PINK FRUITnam\u0173 kvap\u0173 difuzorius, 250ml - MalinaShop.lt J\u016bs\u0173 sveikatai ir gro\u017eiui.\",\"isPartOf\":{\"@id\":\"https:\\\/\\\/www.malinashop.lt\\\/en\\\/#website\"},\"primaryImageOfPage\":{\"@id\":\"https:\\\/\\\/www.malinashop.lt\\\/lt_lt\\\/shop\\\/linea-home-pink-fruitnamu-kvapu-difuzorius-250ml\\\/#primaryimage\"},\"image\":{\"@id\":\"https:\\\/\\\/www.malinashop.lt\\\/lt_lt\\\/shop\\\/linea-home-pink-fruitnamu-kvapu-difuzorius-250ml\\\/#primaryimage\"},\"thumbnailUrl\":\"https:\\\/\\\/www.malinashop.lt\\\/wp-content\\\/uploads\\\/2025\\\/10\\\/LINEA-HOME-PINK-FRUITnamu-kvapu-difuzorius-250ml.webp\",\"datePublished\":\"2025-10-29T13:56:59+00:00\",\"dateModified\":\"2026-04-08T10:21:51+00:00\",\"description\":\"LINEA HOME Pink Fruit \u2013 itali\u0161kas nam\u0173 kvapas su greipfruto, jazmino ir medienos natomis. Gaivus, lengvas ir subtiliai eleganti\u0161kas aromatas j\u016bs\u0173 namams.\",\"breadcrumb\":{\"@id\":\"https:\\\/\\\/www.malinashop.lt\\\/lt_lt\\\/shop\\\/linea-home-pink-fruitnamu-kvapu-difuzorius-250ml\\\/#breadcrumb\"},\"inLanguage\":\"lt-LT\",\"potentialAction\":[{\"@type\":\"ReadAction\",\"target\":[\"https:\\\/\\\/www.malinashop.lt\\\/lt_lt\\\/shop\\\/linea-home-pink-fruitnamu-kvapu-difuzorius-250ml\\\/\"]}]},{\"@type\":\"ImageObject\",\"inLanguage\":\"lt-LT\",\"@id\":\"https:\\\/\\\/www.malinashop.lt\\\/lt_lt\\\/shop\\\/linea-home-pink-fruitnamu-kvapu-difuzorius-250ml\\\/#primaryimage\",\"url\":\"https:\\\/\\\/www.malinashop.lt\\\/wp-content\\\/uploads\\\/2025\\\/10\\\/LINEA-HOME-PINK-FRUITnamu-kvapu-difuzorius-250ml.webp\",\"contentUrl\":\"https:\\\/\\\/www.malinashop.lt\\\/wp-content\\\/uploads\\\/2025\\\/10\\\/LINEA-HOME-PINK-FRUITnamu-kvapu-difuzorius-250ml.webp\",\"width\":990,\"height\":990},{\"@type\":\"BreadcrumbList\",\"@id\":\"https:\\\/\\\/www.malinashop.lt\\\/lt_lt\\\/shop\\\/linea-home-pink-fruitnamu-kvapu-difuzorius-250ml\\\/#breadcrumb\",\"itemListElement\":[{\"@type\":\"ListItem\",\"position\":1,\"name\":\"Home\",\"item\":\"https:\\\/\\\/www.malinashop.lt\\\/en\\\/\"},{\"@type\":\"ListItem\",\"position\":2,\"name\":\"Parduotuv\u0117\",\"item\":\"https:\\\/\\\/www.malinashop.lt\\\/en\\\/parduotuve\\\/\"},{\"@type\":\"ListItem\",\"position\":3,\"name\":\"LINEA HOME PINK FRUITnam\u0173 kvap\u0173 difuzorius, 250ml\"}]},{\"@type\":\"WebSite\",\"@id\":\"https:\\\/\\\/www.malinashop.lt\\\/en\\\/#website\",\"url\":\"https:\\\/\\\/www.malinashop.lt\\\/en\\\/\",\"name\":\"COM Group Ecommerce\",\"description\":\"MalinaShop.lt - Gro\u017eio ir sveikatos produktai i\u0161 patikim\u0173 preki\u0173 \u017eenkl\u0173. Atraskite auk\u0161tos kokyb\u0117s kosmetik\u0105 u\u017e puiki\u0105 kain\u0105.\",\"publisher\":{\"@id\":\"https:\\\/\\\/www.malinashop.lt\\\/en\\\/#organization\"},\"potentialAction\":[{\"@type\":\"SearchAction\",\"target\":{\"@type\":\"EntryPoint\",\"urlTemplate\":\"https:\\\/\\\/www.malinashop.lt\\\/en\\\/?s={search_term_string}\"},\"query-input\":{\"@type\":\"PropertyValueSpecification\",\"valueRequired\":true,\"valueName\":\"search_term_string\"}}],\"inLanguage\":\"lt-LT\"},{\"@type\":\"Organization\",\"@id\":\"https:\\\/\\\/www.malinashop.lt\\\/en\\\/#organization\",\"name\":\"COM Group Ecommerce\",\"url\":\"https:\\\/\\\/www.malinashop.lt\\\/en\\\/\",\"logo\":{\"@type\":\"ImageObject\",\"inLanguage\":\"lt-LT\",\"@id\":\"https:\\\/\\\/www.malinashop.lt\\\/en\\\/#\\\/schema\\\/logo\\\/image\\\/\",\"url\":\"https:\\\/\\\/www.malinashop.lt\\\/wp-content\\\/uploads\\\/2024\\\/08\\\/462559670_3787732518133670_9795632669273463_n-e1731525914575.png\",\"contentUrl\":\"https:\\\/\\\/www.malinashop.lt\\\/wp-content\\\/uploads\\\/2024\\\/08\\\/462559670_3787732518133670_9795632669273463_n-e1731525914575.png\",\"width\":180,\"height\":60,\"caption\":\"COM Group Ecommerce\"},\"image\":{\"@id\":\"https:\\\/\\\/www.malinashop.lt\\\/en\\\/#\\\/schema\\\/logo\\\/image\\\/\"}}]}<\/script>\n<!-- \/ Yoast SEO plugin. -->","yoast_head_json":{"title":"LINEA HOME PINK FRUITnam\u0173 kvap\u0173 difuzorius, 250ml - MalinaShop.lt J\u016bs\u0173 sveikatai ir gro\u017eiui.","description":"LINEA HOME Pink Fruit \u2013 itali\u0161kas nam\u0173 kvapas su greipfruto, jazmino ir medienos natomis. Gaivus, lengvas ir subtiliai eleganti\u0161kas aromatas j\u016bs\u0173 namams.","robots":{"index":"index","follow":"follow","max-snippet":"max-snippet:-1","max-image-preview":"max-image-preview:large","max-video-preview":"max-video-preview:-1"},"canonical":"https:\/\/www.malinashop.lt\/lt_lt\/shop\/linea-home-pink-fruitnamu-kvapu-difuzorius-250ml\/","og_locale":"lt_LT","og_type":"article","og_title":"LINEA HOME PINK FRUITnam\u0173 kvap\u0173 difuzorius, 250ml - MalinaShop.lt J\u016bs\u0173 sveikatai ir gro\u017eiui.","og_description":"LINEA HOME Pink Fruit \u2013 itali\u0161kas nam\u0173 kvapas su greipfruto, jazmino ir medienos natomis. Gaivus, lengvas ir subtiliai eleganti\u0161kas aromatas j\u016bs\u0173 namams.","og_url":"https:\/\/www.malinashop.lt\/lt_lt\/shop\/linea-home-pink-fruitnamu-kvapu-difuzorius-250ml\/","og_site_name":"MalinaShop.lt J\u016bs\u0173 sveikatai ir gro\u017eiui.","article_modified_time":"2026-04-08T10:21:51+00:00","og_image":[{"width":990,"height":990,"url":"https:\/\/www.malinashop.lt\/wp-content\/uploads\/2025\/10\/LINEA-HOME-PINK-FRUITnamu-kvapu-difuzorius-250ml.webp","type":"image\/webp"}],"twitter_card":"summary_large_image","schema":{"@context":"https:\/\/schema.org","@graph":[{"@type":"WebPage","@id":"https:\/\/www.malinashop.lt\/lt_lt\/shop\/linea-home-pink-fruitnamu-kvapu-difuzorius-250ml\/","url":"https:\/\/www.malinashop.lt\/lt_lt\/shop\/linea-home-pink-fruitnamu-kvapu-difuzorius-250ml\/","name":"LINEA HOME PINK FRUITnam\u0173 kvap\u0173 difuzorius, 250ml - MalinaShop.lt J\u016bs\u0173 sveikatai ir gro\u017eiui.","isPartOf":{"@id":"https:\/\/www.malinashop.lt\/en\/#website"},"primaryImageOfPage":{"@id":"https:\/\/www.malinashop.lt\/lt_lt\/shop\/linea-home-pink-fruitnamu-kvapu-difuzorius-250ml\/#primaryimage"},"image":{"@id":"https:\/\/www.malinashop.lt\/lt_lt\/shop\/linea-home-pink-fruitnamu-kvapu-difuzorius-250ml\/#primaryimage"},"thumbnailUrl":"https:\/\/www.malinashop.lt\/wp-content\/uploads\/2025\/10\/LINEA-HOME-PINK-FRUITnamu-kvapu-difuzorius-250ml.webp","datePublished":"2025-10-29T13:56:59+00:00","dateModified":"2026-04-08T10:21:51+00:00","description":"LINEA HOME Pink Fruit \u2013 itali\u0161kas nam\u0173 kvapas su greipfruto, jazmino ir medienos natomis. Gaivus, lengvas ir subtiliai eleganti\u0161kas aromatas j\u016bs\u0173 namams.","breadcrumb":{"@id":"https:\/\/www.malinashop.lt\/lt_lt\/shop\/linea-home-pink-fruitnamu-kvapu-difuzorius-250ml\/#breadcrumb"},"inLanguage":"lt-LT","potentialAction":[{"@type":"ReadAction","target":["https:\/\/www.malinashop.lt\/lt_lt\/shop\/linea-home-pink-fruitnamu-kvapu-difuzorius-250ml\/"]}]},{"@type":"ImageObject","inLanguage":"lt-LT","@id":"https:\/\/www.malinashop.lt\/lt_lt\/shop\/linea-home-pink-fruitnamu-kvapu-difuzorius-250ml\/#primaryimage","url":"https:\/\/www.malinashop.lt\/wp-content\/uploads\/2025\/10\/LINEA-HOME-PINK-FRUITnamu-kvapu-difuzorius-250ml.webp","contentUrl":"https:\/\/www.malinashop.lt\/wp-content\/uploads\/2025\/10\/LINEA-HOME-PINK-FRUITnamu-kvapu-difuzorius-250ml.webp","width":990,"height":990},{"@type":"BreadcrumbList","@id":"https:\/\/www.malinashop.lt\/lt_lt\/shop\/linea-home-pink-fruitnamu-kvapu-difuzorius-250ml\/#breadcrumb","itemListElement":[{"@type":"ListItem","position":1,"name":"Home","item":"https:\/\/www.malinashop.lt\/en\/"},{"@type":"ListItem","position":2,"name":"Parduotuv\u0117","item":"https:\/\/www.malinashop.lt\/en\/parduotuve\/"},{"@type":"ListItem","position":3,"name":"LINEA HOME PINK FRUITnam\u0173 kvap\u0173 difuzorius, 250ml"}]},{"@type":"WebSite","@id":"https:\/\/www.malinashop.lt\/en\/#website","url":"https:\/\/www.malinashop.lt\/en\/","name":"COM Group Ecommerce","description":"MalinaShop.lt - Gro\u017eio ir sveikatos produktai i\u0161 patikim\u0173 preki\u0173 \u017eenkl\u0173. Atraskite auk\u0161tos kokyb\u0117s kosmetik\u0105 u\u017e puiki\u0105 kain\u0105.","publisher":{"@id":"https:\/\/www.malinashop.lt\/en\/#organization"},"potentialAction":[{"@type":"SearchAction","target":{"@type":"EntryPoint","urlTemplate":"https:\/\/www.malinashop.lt\/en\/?s={search_term_string}"},"query-input":{"@type":"PropertyValueSpecification","valueRequired":true,"valueName":"search_term_string"}}],"inLanguage":"lt-LT"},{"@type":"Organization","@id":"https:\/\/www.malinashop.lt\/en\/#organization","name":"COM Group Ecommerce","url":"https:\/\/www.malinashop.lt\/en\/","logo":{"@type":"ImageObject","inLanguage":"lt-LT","@id":"https:\/\/www.malinashop.lt\/en\/#\/schema\/logo\/image\/","url":"https:\/\/www.malinashop.lt\/wp-content\/uploads\/2024\/08\/462559670_3787732518133670_9795632669273463_n-e1731525914575.png","contentUrl":"https:\/\/www.malinashop.lt\/wp-content\/uploads\/2024\/08\/462559670_3787732518133670_9795632669273463_n-e1731525914575.png","width":180,"height":60,"caption":"COM Group Ecommerce"},"image":{"@id":"https:\/\/www.malinashop.lt\/en\/#\/schema\/logo\/image\/"}}]}},"jetpack_sharing_enabled":true,"_links":{"self":[{"href":"https:\/\/www.malinashop.lt\/lt_lt\/wp-json\/wp\/v2\/product\/59960","targetHints":{"allow":["GET"]}}],"collection":[{"href":"https:\/\/www.malinashop.lt\/lt_lt\/wp-json\/wp\/v2\/product"}],"about":[{"href":"https:\/\/www.malinashop.lt\/lt_lt\/wp-json\/wp\/v2\/types\/product"}],"version-history":[{"count":1,"href":"https:\/\/www.malinashop.lt\/lt_lt\/wp-json\/wp\/v2\/product\/59960\/revisions"}],"predecessor-version":[{"id":59962,"href":"https:\/\/www.malinashop.lt\/lt_lt\/wp-json\/wp\/v2\/product\/59960\/revisions\/59962"}],"wp:featuredmedia":[{"embeddable":true,"href":"https:\/\/www.malinashop.lt\/lt_lt\/wp-json\/wp\/v2\/media\/59961"}],"wp:attachment":[{"href":"https:\/\/www.malinashop.lt\/lt_lt\/wp-json\/wp\/v2\/media?parent=59960"}],"wp:term":[{"taxonomy":"product_brand","embeddable":true,"href":"https:\/\/www.malinashop.lt\/lt_lt\/wp-json\/wp\/v2\/product_brand?post=59960"},{"taxonomy":"product_cat","embeddable":true,"href":"https:\/\/www.malinashop.lt\/lt_lt\/wp-json\/wp\/v2\/product_cat?post=59960"},{"taxonomy":"product_tag","embeddable":true,"href":"https:\/\/www.malinashop.lt\/lt_lt\/wp-json\/wp\/v2\/product_tag?post=59960"}],"curies":[{"name":"wp","href":"https:\/\/api.w.org\/{rel}","templated":true}]}}