{"id":59957,"date":"2025-10-29T16:53:42","date_gmt":"2025-10-29T13:53:42","guid":{"rendered":"https:\/\/malinashop.lt\/?post_type=product&#038;p=59957"},"modified":"2026-02-12T12:37:12","modified_gmt":"2026-02-12T09:37:12","slug":"linea-home-pomegranate-namu-kvapu-difuzorius-250ml","status":"publish","type":"product","link":"https:\/\/www.malinashop.lt\/lt_lt\/shop\/linea-home-pomegranate-namu-kvapu-difuzorius-250ml\/","title":{"rendered":"LINEA HOME POMEGRANATE nam\u0173 kvap\u0173 difuzorius, 250ml"},"content":{"rendered":"<p data-start=\"325\" data-end=\"655\"><strong data-start=\"325\" data-end=\"351\">LINEA HOME Pomegranate<\/strong> nam\u0173 kvap\u0173 difuzorius \u2013 tai <strong data-start=\"380\" data-end=\"427\">vaisi\u0161kos gaivos ir g\u0117li\u0173 subtilumo derinys<\/strong>, kuris pripildo erdv\u0119 \u0161viesa, energija ir eleganti\u0161ku aromatu.<br data-start=\"490\" data-end=\"493\" \/>\u0160is kvapas spinduliuoja <strong data-start=\"517\" data-end=\"549\">gyvybingum\u0105 ir sald\u017ei\u0105 \u0161var\u0105<\/strong>, puikiai tinka tiek moderniam, tiek klasikiniam interjerui, suteikdamas aplinkai jaukumo ir harmonijos.<\/p>\n<p data-start=\"657\" data-end=\"926\">Pirmiausia atsiskleid\u017eia <strong data-start=\"682\" data-end=\"706\">sald\u017eiar\u016bg\u0161t\u0117s uogos<\/strong>, kurios sukuria gaiv\u0173 ir energizuojant\u012f \u012fsp\u016bd\u012f.<br data-start=\"754\" data-end=\"757\" \/>Vidurin\u0117se natose <strong data-start=\"775\" data-end=\"787\">jazminas<\/strong> \u012fne\u0161a g\u0117li\u0161kos elegancijos ir \u0161velnumo.<br data-start=\"827\" data-end=\"830\" \/>Kvapo pagrind\u0105 sudaro <strong data-start=\"852\" data-end=\"875\">baltmed\u017eio aromatas<\/strong>, suteikiantis \u0161ilumos, stabilumo ir i\u0161liekamumo.<\/p>\n<p data-start=\"928\" data-end=\"1065\"><strong data-start=\"928\" data-end=\"943\">Pomegranate<\/strong> \u2013 tai kvapas, sukurtas tiems, kurie vertina <strong data-start=\"988\" data-end=\"1062\">nat\u016bral\u0173 \u0161velnum\u0105, vaisin\u012f saldum\u0105 ir harmoning\u0105 kvapo balans\u0105 namuose<\/strong>.<\/p>\n<hr data-start=\"1067\" data-end=\"1070\" \/>\n<h3 data-start=\"1072\" data-end=\"1096\"><strong data-start=\"1076\" data-end=\"1094\">Kvap\u0173 sud\u0117tis:<\/strong><\/h3>\n<ul data-start=\"1097\" data-end=\"1220\">\n<li data-start=\"1097\" data-end=\"1143\">\n<p data-start=\"1099\" data-end=\"1143\"><strong data-start=\"1099\" data-end=\"1120\">Vir\u0161utin\u0117s natos:<\/strong> sald\u017eiar\u016bg\u0161t\u0117s uogos<\/p>\n<\/li>\n<li data-start=\"1144\" data-end=\"1177\">\n<p data-start=\"1146\" data-end=\"1177\"><strong data-start=\"1146\" data-end=\"1166\">Vidurin\u0117s natos:<\/strong> jazminas<\/p>\n<\/li>\n<li data-start=\"1178\" data-end=\"1220\">\n<p data-start=\"1180\" data-end=\"1220\"><strong data-start=\"1180\" data-end=\"1198\">Bazin\u0117s natos:<\/strong> baltmed\u017ei\u0173 aromatas<\/p>\n<\/li>\n<\/ul>\n<hr data-start=\"1222\" data-end=\"1225\" \/>\n<h3 data-start=\"1227\" data-end=\"1248\"><strong data-start=\"1231\" data-end=\"1246\">Naudojimas:<\/strong><\/h3>\n<p data-start=\"1249\" data-end=\"1498\">Nuimkite buteliuko dangtel\u012f ir \u012fmerkite kvap\u0173 lazdeles \u012f buteliuk\u0105. Norint i\u0161laikyti kvapo intensyvum\u0105, <strong data-start=\"1353\" data-end=\"1388\">periodi\u0161kai apverskite lazdeles<\/strong>. Produkt\u0105 laikykite ant stabilaus pavir\u0161iaus, atokiau nuo tiesiogini\u0173 saul\u0117s spinduli\u0173 ar \u0161ilumos \u0161altini\u0173.<\/p>\n<hr data-start=\"1500\" data-end=\"1503\" \/>\n<h3 data-start=\"1505\" data-end=\"1534\"><strong data-start=\"1509\" data-end=\"1532\">Pagaminta Italijoje<\/strong><\/h3>\n<p data-start=\"1535\" data-end=\"1680\">Visi <strong data-start=\"1540\" data-end=\"1554\">LINEA HOME<\/strong> nam\u0173 kvapai \u2013 difuzoriai <strong data-start=\"1580\" data-end=\"1603\">pagaminti Italijoje<\/strong>, u\u017etikrinant <strong data-start=\"1617\" data-end=\"1677\">auk\u0161t\u0105 kokyb\u0119, ilgalaik\u012f aromat\u0105 ir i\u0161skirtin\u012f subtilum\u0105<\/strong>.<\/p>\n","protected":false},"excerpt":{"rendered":"<p data-start=\"114\" data-end=\"291\"><strong data-start=\"114\" data-end=\"140\">LINEA HOME Pomegranate<\/strong> \u2013 gaivus ir vaisi\u0161kai saldus kvapas su <strong data-start=\"180\" data-end=\"211\">uog\u0173, jazmino ir baltmed\u017eio<\/strong> natomis. Suteikia namams gyvybingumo, elegancijos ir \u0161velnaus saldumo poj\u016bt\u012f.<\/p>\n","protected":false},"featured_media":59958,"template":"","meta":[],"product_brand":[1362],"product_cat":[1140,573],"product_tag":[1608],"class_list":{"0":"post-59957","1":"product","2":"type-product","3":"status-publish","4":"has-post-thumbnail","6":"product_brand-linea-35","7":"product_cat-namu-kvapai","8":"product_cat-namu-kvapai-2","9":"product_tag-linea35","11":"first","12":"instock","13":"sale","14":"taxable","15":"shipping-taxable","16":"purchasable","17":"product-type-simple"},"yoast_head":"<!-- This site is optimized with the Yoast SEO plugin v27.4 - https:\/\/yoast.com\/product\/yoast-seo-wordpress\/ -->\n<title>LINEA HOME POMEGRANATE nam\u0173 kvap\u0173 difuzorius, 250ml - MalinaShop.lt J\u016bs\u0173 sveikatai ir gro\u017eiui.<\/title>\n<meta name=\"description\" content=\"LINEA HOME Pomegranate \u2013 itali\u0161kas nam\u0173 kvapas su uog\u0173, jazmino ir baltmed\u017eio natomis. Vaisi\u0161kas, gaivus ir eleganti\u0161kas aromatas jaukiems namams.\" \/>\n<meta name=\"robots\" content=\"index, follow, max-snippet:-1, max-image-preview:large, max-video-preview:-1\" \/>\n<link rel=\"canonical\" href=\"https:\/\/www.malinashop.lt\/lt_lt\/shop\/linea-home-pomegranate-namu-kvapu-difuzorius-250ml\/\" \/>\n<meta property=\"og:locale\" content=\"lt_LT\" \/>\n<meta property=\"og:type\" content=\"article\" \/>\n<meta property=\"og:title\" content=\"LINEA HOME POMEGRANATE nam\u0173 kvap\u0173 difuzorius, 250ml - MalinaShop.lt J\u016bs\u0173 sveikatai ir gro\u017eiui.\" \/>\n<meta property=\"og:description\" content=\"LINEA HOME Pomegranate \u2013 itali\u0161kas nam\u0173 kvapas su uog\u0173, jazmino ir baltmed\u017eio natomis. Vaisi\u0161kas, gaivus ir eleganti\u0161kas aromatas jaukiems namams.\" \/>\n<meta property=\"og:url\" content=\"https:\/\/www.malinashop.lt\/lt_lt\/shop\/linea-home-pomegranate-namu-kvapu-difuzorius-250ml\/\" \/>\n<meta property=\"og:site_name\" content=\"MalinaShop.lt J\u016bs\u0173 sveikatai ir gro\u017eiui.\" \/>\n<meta property=\"article:modified_time\" content=\"2026-02-12T09:37:12+00:00\" \/>\n<meta property=\"og:image\" content=\"https:\/\/www.malinashop.lt\/wp-content\/uploads\/2025\/10\/LINEA-HOME-POMEGRANATE-namu-kvapu-difuzorius-250ml.webp\" \/>\n\t<meta property=\"og:image:width\" content=\"990\" \/>\n\t<meta property=\"og:image:height\" content=\"990\" \/>\n\t<meta property=\"og:image:type\" content=\"image\/webp\" \/>\n<meta name=\"twitter:card\" content=\"summary_large_image\" \/>\n<script type=\"application\/ld+json\" class=\"yoast-schema-graph\">{\"@context\":\"https:\\\/\\\/schema.org\",\"@graph\":[{\"@type\":\"WebPage\",\"@id\":\"https:\\\/\\\/www.malinashop.lt\\\/lt_lt\\\/shop\\\/linea-home-pomegranate-namu-kvapu-difuzorius-250ml\\\/\",\"url\":\"https:\\\/\\\/www.malinashop.lt\\\/lt_lt\\\/shop\\\/linea-home-pomegranate-namu-kvapu-difuzorius-250ml\\\/\",\"name\":\"LINEA HOME POMEGRANATE nam\u0173 kvap\u0173 difuzorius, 250ml - MalinaShop.lt J\u016bs\u0173 sveikatai ir gro\u017eiui.\",\"isPartOf\":{\"@id\":\"https:\\\/\\\/www.malinashop.lt\\\/#website\"},\"primaryImageOfPage\":{\"@id\":\"https:\\\/\\\/www.malinashop.lt\\\/lt_lt\\\/shop\\\/linea-home-pomegranate-namu-kvapu-difuzorius-250ml\\\/#primaryimage\"},\"image\":{\"@id\":\"https:\\\/\\\/www.malinashop.lt\\\/lt_lt\\\/shop\\\/linea-home-pomegranate-namu-kvapu-difuzorius-250ml\\\/#primaryimage\"},\"thumbnailUrl\":\"https:\\\/\\\/www.malinashop.lt\\\/wp-content\\\/uploads\\\/2025\\\/10\\\/LINEA-HOME-POMEGRANATE-namu-kvapu-difuzorius-250ml.webp\",\"datePublished\":\"2025-10-29T13:53:42+00:00\",\"dateModified\":\"2026-02-12T09:37:12+00:00\",\"description\":\"LINEA HOME Pomegranate \u2013 itali\u0161kas nam\u0173 kvapas su uog\u0173, jazmino ir baltmed\u017eio natomis. Vaisi\u0161kas, gaivus ir eleganti\u0161kas aromatas jaukiems namams.\",\"breadcrumb\":{\"@id\":\"https:\\\/\\\/www.malinashop.lt\\\/lt_lt\\\/shop\\\/linea-home-pomegranate-namu-kvapu-difuzorius-250ml\\\/#breadcrumb\"},\"inLanguage\":\"lt-LT\",\"potentialAction\":[{\"@type\":\"ReadAction\",\"target\":[\"https:\\\/\\\/www.malinashop.lt\\\/lt_lt\\\/shop\\\/linea-home-pomegranate-namu-kvapu-difuzorius-250ml\\\/\"]}]},{\"@type\":\"ImageObject\",\"inLanguage\":\"lt-LT\",\"@id\":\"https:\\\/\\\/www.malinashop.lt\\\/lt_lt\\\/shop\\\/linea-home-pomegranate-namu-kvapu-difuzorius-250ml\\\/#primaryimage\",\"url\":\"https:\\\/\\\/www.malinashop.lt\\\/wp-content\\\/uploads\\\/2025\\\/10\\\/LINEA-HOME-POMEGRANATE-namu-kvapu-difuzorius-250ml.webp\",\"contentUrl\":\"https:\\\/\\\/www.malinashop.lt\\\/wp-content\\\/uploads\\\/2025\\\/10\\\/LINEA-HOME-POMEGRANATE-namu-kvapu-difuzorius-250ml.webp\",\"width\":990,\"height\":990},{\"@type\":\"BreadcrumbList\",\"@id\":\"https:\\\/\\\/www.malinashop.lt\\\/lt_lt\\\/shop\\\/linea-home-pomegranate-namu-kvapu-difuzorius-250ml\\\/#breadcrumb\",\"itemListElement\":[{\"@type\":\"ListItem\",\"position\":1,\"name\":\"Pagrindinis\",\"item\":\"https:\\\/\\\/www.malinashop.lt\\\/\"},{\"@type\":\"ListItem\",\"position\":2,\"name\":\"Parduotuv\u0117\",\"item\":\"https:\\\/\\\/www.malinashop.lt\\\/en\\\/parduotuve\\\/\"},{\"@type\":\"ListItem\",\"position\":3,\"name\":\"LINEA HOME POMEGRANATE nam\u0173 kvap\u0173 difuzorius, 250ml\"}]},{\"@type\":\"WebSite\",\"@id\":\"https:\\\/\\\/www.malinashop.lt\\\/#website\",\"url\":\"https:\\\/\\\/www.malinashop.lt\\\/\",\"name\":\"COM Group Ecommerce\",\"description\":\"MalinaShop.lt - Gro\u017eio ir sveikatos produktai i\u0161 patikim\u0173 preki\u0173 \u017eenkl\u0173. Atraskite auk\u0161tos kokyb\u0117s kosmetik\u0105 u\u017e puiki\u0105 kain\u0105.\",\"publisher\":{\"@id\":\"https:\\\/\\\/www.malinashop.lt\\\/#organization\"},\"potentialAction\":[{\"@type\":\"SearchAction\",\"target\":{\"@type\":\"EntryPoint\",\"urlTemplate\":\"https:\\\/\\\/www.malinashop.lt\\\/?s={search_term_string}\"},\"query-input\":{\"@type\":\"PropertyValueSpecification\",\"valueRequired\":true,\"valueName\":\"search_term_string\"}}],\"inLanguage\":\"lt-LT\"},{\"@type\":\"Organization\",\"@id\":\"https:\\\/\\\/www.malinashop.lt\\\/#organization\",\"name\":\"COM Group Ecommerce\",\"url\":\"https:\\\/\\\/www.malinashop.lt\\\/\",\"logo\":{\"@type\":\"ImageObject\",\"inLanguage\":\"lt-LT\",\"@id\":\"https:\\\/\\\/www.malinashop.lt\\\/#\\\/schema\\\/logo\\\/image\\\/\",\"url\":\"https:\\\/\\\/www.malinashop.lt\\\/wp-content\\\/uploads\\\/2024\\\/08\\\/462559670_3787732518133670_9795632669273463_n-e1731525914575.png\",\"contentUrl\":\"https:\\\/\\\/www.malinashop.lt\\\/wp-content\\\/uploads\\\/2024\\\/08\\\/462559670_3787732518133670_9795632669273463_n-e1731525914575.png\",\"width\":180,\"height\":60,\"caption\":\"COM Group Ecommerce\"},\"image\":{\"@id\":\"https:\\\/\\\/www.malinashop.lt\\\/#\\\/schema\\\/logo\\\/image\\\/\"}}]}<\/script>\n<!-- \/ Yoast SEO plugin. -->","yoast_head_json":{"title":"LINEA HOME POMEGRANATE nam\u0173 kvap\u0173 difuzorius, 250ml - MalinaShop.lt J\u016bs\u0173 sveikatai ir gro\u017eiui.","description":"LINEA HOME Pomegranate \u2013 itali\u0161kas nam\u0173 kvapas su uog\u0173, jazmino ir baltmed\u017eio natomis. Vaisi\u0161kas, gaivus ir eleganti\u0161kas aromatas jaukiems namams.","robots":{"index":"index","follow":"follow","max-snippet":"max-snippet:-1","max-image-preview":"max-image-preview:large","max-video-preview":"max-video-preview:-1"},"canonical":"https:\/\/www.malinashop.lt\/lt_lt\/shop\/linea-home-pomegranate-namu-kvapu-difuzorius-250ml\/","og_locale":"lt_LT","og_type":"article","og_title":"LINEA HOME POMEGRANATE nam\u0173 kvap\u0173 difuzorius, 250ml - MalinaShop.lt J\u016bs\u0173 sveikatai ir gro\u017eiui.","og_description":"LINEA HOME Pomegranate \u2013 itali\u0161kas nam\u0173 kvapas su uog\u0173, jazmino ir baltmed\u017eio natomis. Vaisi\u0161kas, gaivus ir eleganti\u0161kas aromatas jaukiems namams.","og_url":"https:\/\/www.malinashop.lt\/lt_lt\/shop\/linea-home-pomegranate-namu-kvapu-difuzorius-250ml\/","og_site_name":"MalinaShop.lt J\u016bs\u0173 sveikatai ir gro\u017eiui.","article_modified_time":"2026-02-12T09:37:12+00:00","og_image":[{"width":990,"height":990,"url":"https:\/\/www.malinashop.lt\/wp-content\/uploads\/2025\/10\/LINEA-HOME-POMEGRANATE-namu-kvapu-difuzorius-250ml.webp","type":"image\/webp"}],"twitter_card":"summary_large_image","schema":{"@context":"https:\/\/schema.org","@graph":[{"@type":"WebPage","@id":"https:\/\/www.malinashop.lt\/lt_lt\/shop\/linea-home-pomegranate-namu-kvapu-difuzorius-250ml\/","url":"https:\/\/www.malinashop.lt\/lt_lt\/shop\/linea-home-pomegranate-namu-kvapu-difuzorius-250ml\/","name":"LINEA HOME POMEGRANATE nam\u0173 kvap\u0173 difuzorius, 250ml - MalinaShop.lt J\u016bs\u0173 sveikatai ir gro\u017eiui.","isPartOf":{"@id":"https:\/\/www.malinashop.lt\/#website"},"primaryImageOfPage":{"@id":"https:\/\/www.malinashop.lt\/lt_lt\/shop\/linea-home-pomegranate-namu-kvapu-difuzorius-250ml\/#primaryimage"},"image":{"@id":"https:\/\/www.malinashop.lt\/lt_lt\/shop\/linea-home-pomegranate-namu-kvapu-difuzorius-250ml\/#primaryimage"},"thumbnailUrl":"https:\/\/www.malinashop.lt\/wp-content\/uploads\/2025\/10\/LINEA-HOME-POMEGRANATE-namu-kvapu-difuzorius-250ml.webp","datePublished":"2025-10-29T13:53:42+00:00","dateModified":"2026-02-12T09:37:12+00:00","description":"LINEA HOME Pomegranate \u2013 itali\u0161kas nam\u0173 kvapas su uog\u0173, jazmino ir baltmed\u017eio natomis. Vaisi\u0161kas, gaivus ir eleganti\u0161kas aromatas jaukiems namams.","breadcrumb":{"@id":"https:\/\/www.malinashop.lt\/lt_lt\/shop\/linea-home-pomegranate-namu-kvapu-difuzorius-250ml\/#breadcrumb"},"inLanguage":"lt-LT","potentialAction":[{"@type":"ReadAction","target":["https:\/\/www.malinashop.lt\/lt_lt\/shop\/linea-home-pomegranate-namu-kvapu-difuzorius-250ml\/"]}]},{"@type":"ImageObject","inLanguage":"lt-LT","@id":"https:\/\/www.malinashop.lt\/lt_lt\/shop\/linea-home-pomegranate-namu-kvapu-difuzorius-250ml\/#primaryimage","url":"https:\/\/www.malinashop.lt\/wp-content\/uploads\/2025\/10\/LINEA-HOME-POMEGRANATE-namu-kvapu-difuzorius-250ml.webp","contentUrl":"https:\/\/www.malinashop.lt\/wp-content\/uploads\/2025\/10\/LINEA-HOME-POMEGRANATE-namu-kvapu-difuzorius-250ml.webp","width":990,"height":990},{"@type":"BreadcrumbList","@id":"https:\/\/www.malinashop.lt\/lt_lt\/shop\/linea-home-pomegranate-namu-kvapu-difuzorius-250ml\/#breadcrumb","itemListElement":[{"@type":"ListItem","position":1,"name":"Pagrindinis","item":"https:\/\/www.malinashop.lt\/"},{"@type":"ListItem","position":2,"name":"Parduotuv\u0117","item":"https:\/\/www.malinashop.lt\/en\/parduotuve\/"},{"@type":"ListItem","position":3,"name":"LINEA HOME POMEGRANATE nam\u0173 kvap\u0173 difuzorius, 250ml"}]},{"@type":"WebSite","@id":"https:\/\/www.malinashop.lt\/#website","url":"https:\/\/www.malinashop.lt\/","name":"COM Group Ecommerce","description":"MalinaShop.lt - Gro\u017eio ir sveikatos produktai i\u0161 patikim\u0173 preki\u0173 \u017eenkl\u0173. Atraskite auk\u0161tos kokyb\u0117s kosmetik\u0105 u\u017e puiki\u0105 kain\u0105.","publisher":{"@id":"https:\/\/www.malinashop.lt\/#organization"},"potentialAction":[{"@type":"SearchAction","target":{"@type":"EntryPoint","urlTemplate":"https:\/\/www.malinashop.lt\/?s={search_term_string}"},"query-input":{"@type":"PropertyValueSpecification","valueRequired":true,"valueName":"search_term_string"}}],"inLanguage":"lt-LT"},{"@type":"Organization","@id":"https:\/\/www.malinashop.lt\/#organization","name":"COM Group Ecommerce","url":"https:\/\/www.malinashop.lt\/","logo":{"@type":"ImageObject","inLanguage":"lt-LT","@id":"https:\/\/www.malinashop.lt\/#\/schema\/logo\/image\/","url":"https:\/\/www.malinashop.lt\/wp-content\/uploads\/2024\/08\/462559670_3787732518133670_9795632669273463_n-e1731525914575.png","contentUrl":"https:\/\/www.malinashop.lt\/wp-content\/uploads\/2024\/08\/462559670_3787732518133670_9795632669273463_n-e1731525914575.png","width":180,"height":60,"caption":"COM Group Ecommerce"},"image":{"@id":"https:\/\/www.malinashop.lt\/#\/schema\/logo\/image\/"}}]}},"jetpack_sharing_enabled":true,"_links":{"self":[{"href":"https:\/\/www.malinashop.lt\/lt_lt\/wp-json\/wp\/v2\/product\/59957","targetHints":{"allow":["GET"]}}],"collection":[{"href":"https:\/\/www.malinashop.lt\/lt_lt\/wp-json\/wp\/v2\/product"}],"about":[{"href":"https:\/\/www.malinashop.lt\/lt_lt\/wp-json\/wp\/v2\/types\/product"}],"version-history":[{"count":1,"href":"https:\/\/www.malinashop.lt\/lt_lt\/wp-json\/wp\/v2\/product\/59957\/revisions"}],"predecessor-version":[{"id":59959,"href":"https:\/\/www.malinashop.lt\/lt_lt\/wp-json\/wp\/v2\/product\/59957\/revisions\/59959"}],"wp:featuredmedia":[{"embeddable":true,"href":"https:\/\/www.malinashop.lt\/lt_lt\/wp-json\/wp\/v2\/media\/59958"}],"wp:attachment":[{"href":"https:\/\/www.malinashop.lt\/lt_lt\/wp-json\/wp\/v2\/media?parent=59957"}],"wp:term":[{"taxonomy":"product_brand","embeddable":true,"href":"https:\/\/www.malinashop.lt\/lt_lt\/wp-json\/wp\/v2\/product_brand?post=59957"},{"taxonomy":"product_cat","embeddable":true,"href":"https:\/\/www.malinashop.lt\/lt_lt\/wp-json\/wp\/v2\/product_cat?post=59957"},{"taxonomy":"product_tag","embeddable":true,"href":"https:\/\/www.malinashop.lt\/lt_lt\/wp-json\/wp\/v2\/product_tag?post=59957"}],"curies":[{"name":"wp","href":"https:\/\/api.w.org\/{rel}","templated":true}]}}