{"id":59951,"date":"2025-10-20T16:36:13","date_gmt":"2025-10-20T13:36:13","guid":{"rendered":"https:\/\/malinashop.lt\/?post_type=product&#038;p=59951"},"modified":"2026-02-12T12:37:15","modified_gmt":"2026-02-12T09:37:15","slug":"linea-home-white-flowers-namu-kvapu-difuzorius-250ml","status":"publish","type":"product","link":"https:\/\/www.malinashop.lt\/lt_lt\/shop\/linea-home-white-flowers-namu-kvapu-difuzorius-250ml\/","title":{"rendered":"LINEA HOME WHITE FLOWERS nam\u0173 kvap\u0173 difuzorius, 250ml"},"content":{"rendered":"<p data-start=\"334\" data-end=\"666\"><strong data-start=\"334\" data-end=\"362\">LINEA HOME White Flowers<\/strong> nam\u0173 kvap\u0173 difuzorius \u2013 tai <strong data-start=\"391\" data-end=\"437\">g\u0117li\u0173 elegancijos ir \u0161velnumo \u012fsik\u016bnijimas<\/strong>, kuris apgaubia j\u016bs\u0173 namus \u0161viesa, ramybe ir nat\u016braliu gro\u017eiu.<br data-start=\"500\" data-end=\"503\" \/>\u0160is kvapas tarsi <strong data-start=\"520\" data-end=\"539\">pavasario v\u0117jas<\/strong>, \u012fne\u0161antis gaivos, \u0161varos ir \u0161ilumos poj\u016bt\u012f, sukuriant tobul\u0105 pusiausvyr\u0105 tarp g\u0117li\u0173 \u0161velnumo ir medienos aksomin\u0117s \u0161ilumos.<\/p>\n<p data-start=\"668\" data-end=\"962\">Kvapo prad\u017eioje juntama <strong data-start=\"692\" data-end=\"711\">sultinga vy\u0161nia<\/strong>, suteikianti aromatui gaivumo ir \u0161viesaus saldumo.<br data-start=\"762\" data-end=\"765\" \/>Vidurin\u0117je dalyje atsiskleid\u017eia <strong data-start=\"797\" data-end=\"809\">jazminas<\/strong>, suteikiantis kvapui elegancijos, moteri\u0161kumo ir \u0161velnumo.<br data-start=\"868\" data-end=\"871\" \/>Kompozicij\u0105 u\u017ebaigia <strong data-start=\"892\" data-end=\"907\">santalmedis<\/strong>, kuris suteikia gilumo, \u0161ilumos ir ilgalaik\u012f poj\u016bt\u012f.<\/p>\n<p data-start=\"964\" data-end=\"1088\"><strong data-start=\"964\" data-end=\"981\">White Flowers<\/strong> \u2013 tai kvapas, sukurtas tiems, kurie vertina <strong data-start=\"1026\" data-end=\"1085\">ramyb\u0119, \u0161var\u0105 ir nat\u016brali\u0105 g\u0117li\u0173 harmonij\u0105 savo namuose<\/strong>.<\/p>\n<hr data-start=\"1090\" data-end=\"1093\" \/>\n<h3 data-start=\"1095\" data-end=\"1119\"><strong data-start=\"1099\" data-end=\"1117\">Kvap\u0173 sud\u0117tis:<\/strong><\/h3>\n<ul data-start=\"1120\" data-end=\"1240\">\n<li data-start=\"1120\" data-end=\"1161\">\n<p data-start=\"1122\" data-end=\"1161\"><strong data-start=\"1122\" data-end=\"1143\">Vir\u0161utin\u0117s natos:<\/strong> sultinga vy\u0161nia<\/p>\n<\/li>\n<li data-start=\"1162\" data-end=\"1195\">\n<p data-start=\"1164\" data-end=\"1195\"><strong data-start=\"1164\" data-end=\"1184\">Vidurin\u0117s natos:<\/strong> jazminas<\/p>\n<\/li>\n<li data-start=\"1196\" data-end=\"1240\">\n<p data-start=\"1198\" data-end=\"1240\"><strong data-start=\"1198\" data-end=\"1216\">Bazin\u0117s natos:<\/strong> aksominis santalmedis<\/p>\n<\/li>\n<\/ul>\n<hr data-start=\"1242\" data-end=\"1245\" \/>\n<h3 data-start=\"1247\" data-end=\"1268\"><strong data-start=\"1251\" data-end=\"1266\">Naudojimas:<\/strong><\/h3>\n<p data-start=\"1269\" data-end=\"1525\">Nuimkite buteliuko dangtel\u012f ir \u012fmerkite kvap\u0173 lazdeles \u012f buteliuk\u0105. Norint palaikyti intensyv\u0173 kvapo sklidim\u0105, <strong data-start=\"1380\" data-end=\"1415\">periodi\u0161kai apverskite lazdeles<\/strong>. Produkt\u0105 laikykite ant stabilaus pavir\u0161iaus, atokiau nuo \u0161ilumos \u0161altini\u0173 ir tiesiogini\u0173 saul\u0117s spinduli\u0173.<\/p>\n<hr data-start=\"1527\" data-end=\"1530\" \/>\n<h3 data-start=\"1532\" data-end=\"1561\"><strong data-start=\"1536\" data-end=\"1559\">Pagaminta Italijoje<\/strong><\/h3>\n<p data-start=\"1562\" data-end=\"1704\">Visi <strong data-start=\"1567\" data-end=\"1581\">LINEA HOME<\/strong> nam\u0173 kvapai \u2013 difuzoriai <strong data-start=\"1607\" data-end=\"1630\">pagaminti Italijoje<\/strong>, u\u017etikrinant <strong data-start=\"1644\" data-end=\"1701\">auk\u0161t\u0105 kokyb\u0119, subtil\u0173 kvapo balans\u0105 ir ilgaam\u017ei\u0161kum\u0105<\/strong>.<\/p>\n","protected":false},"excerpt":{"rendered":"<p data-start=\"115\" data-end=\"311\"><strong data-start=\"116\" data-end=\"144\">LINEA HOME White Flowers<\/strong> \u2013 \u0161velnus, g\u0117li\u0173 aromato kupinas kvapas su <strong data-start=\"188\" data-end=\"224\">vy\u0161nios, jazmino ir santalmed\u017eio<\/strong> natomis. Sukuria lengv\u0105, harmoning\u0105 ir raminan\u010di\u0105 atmosfer\u0105 j\u016bs\u0173 namuose.<\/p>\n","protected":false},"featured_media":59952,"template":"","meta":[],"product_brand":[1362],"product_cat":[1140,573],"product_tag":[1608],"class_list":{"0":"post-59951","1":"product","2":"type-product","3":"status-publish","4":"has-post-thumbnail","6":"product_brand-linea-35","7":"product_cat-namu-kvapai","8":"product_cat-namu-kvapai-2","9":"product_tag-linea35","11":"first","12":"instock","13":"sale","14":"taxable","15":"shipping-taxable","16":"purchasable","17":"product-type-simple"},"yoast_head":"<!-- This site is optimized with the Yoast SEO plugin v27.4 - https:\/\/yoast.com\/product\/yoast-seo-wordpress\/ -->\n<title>LINEA HOME WHITE FLOWERS nam\u0173 kvap\u0173 difuzorius, 250ml - MalinaShop.lt J\u016bs\u0173 sveikatai ir gro\u017eiui.<\/title>\n<meta name=\"description\" content=\"LINEA HOME White Flowers \u2013 itali\u0161kas nam\u0173 kvapas su vy\u0161nios, jazmino ir santalmed\u017eio natomis. \u0160velnus, g\u0117li\u0173 ir ramyb\u0117s kupinas aromatas j\u016bs\u0173 namams.\" \/>\n<meta name=\"robots\" content=\"index, follow, max-snippet:-1, max-image-preview:large, max-video-preview:-1\" \/>\n<link rel=\"canonical\" href=\"https:\/\/www.malinashop.lt\/lt_lt\/shop\/linea-home-white-flowers-namu-kvapu-difuzorius-250ml\/\" \/>\n<meta property=\"og:locale\" content=\"lt_LT\" \/>\n<meta property=\"og:type\" content=\"article\" \/>\n<meta property=\"og:title\" content=\"LINEA HOME WHITE FLOWERS nam\u0173 kvap\u0173 difuzorius, 250ml - MalinaShop.lt J\u016bs\u0173 sveikatai ir gro\u017eiui.\" \/>\n<meta property=\"og:description\" content=\"LINEA HOME White Flowers \u2013 itali\u0161kas nam\u0173 kvapas su vy\u0161nios, jazmino ir santalmed\u017eio natomis. \u0160velnus, g\u0117li\u0173 ir ramyb\u0117s kupinas aromatas j\u016bs\u0173 namams.\" \/>\n<meta property=\"og:url\" content=\"https:\/\/www.malinashop.lt\/lt_lt\/shop\/linea-home-white-flowers-namu-kvapu-difuzorius-250ml\/\" \/>\n<meta property=\"og:site_name\" content=\"MalinaShop.lt J\u016bs\u0173 sveikatai ir gro\u017eiui.\" \/>\n<meta property=\"article:modified_time\" content=\"2026-02-12T09:37:15+00:00\" \/>\n<meta property=\"og:image\" content=\"https:\/\/www.malinashop.lt\/wp-content\/uploads\/2025\/10\/LINEA-HOME-WHITE-FLOWERS-namu-kvapu-difuzorius-250ml.webp\" \/>\n\t<meta property=\"og:image:width\" content=\"990\" \/>\n\t<meta property=\"og:image:height\" content=\"990\" \/>\n\t<meta property=\"og:image:type\" content=\"image\/webp\" \/>\n<meta name=\"twitter:card\" content=\"summary_large_image\" \/>\n<script type=\"application\/ld+json\" class=\"yoast-schema-graph\">{\"@context\":\"https:\\\/\\\/schema.org\",\"@graph\":[{\"@type\":\"WebPage\",\"@id\":\"https:\\\/\\\/www.malinashop.lt\\\/lt_lt\\\/shop\\\/linea-home-white-flowers-namu-kvapu-difuzorius-250ml\\\/\",\"url\":\"https:\\\/\\\/www.malinashop.lt\\\/lt_lt\\\/shop\\\/linea-home-white-flowers-namu-kvapu-difuzorius-250ml\\\/\",\"name\":\"LINEA HOME WHITE FLOWERS nam\u0173 kvap\u0173 difuzorius, 250ml - MalinaShop.lt J\u016bs\u0173 sveikatai ir gro\u017eiui.\",\"isPartOf\":{\"@id\":\"https:\\\/\\\/www.malinashop.lt\\\/#website\"},\"primaryImageOfPage\":{\"@id\":\"https:\\\/\\\/www.malinashop.lt\\\/lt_lt\\\/shop\\\/linea-home-white-flowers-namu-kvapu-difuzorius-250ml\\\/#primaryimage\"},\"image\":{\"@id\":\"https:\\\/\\\/www.malinashop.lt\\\/lt_lt\\\/shop\\\/linea-home-white-flowers-namu-kvapu-difuzorius-250ml\\\/#primaryimage\"},\"thumbnailUrl\":\"https:\\\/\\\/www.malinashop.lt\\\/wp-content\\\/uploads\\\/2025\\\/10\\\/LINEA-HOME-WHITE-FLOWERS-namu-kvapu-difuzorius-250ml.webp\",\"datePublished\":\"2025-10-20T13:36:13+00:00\",\"dateModified\":\"2026-02-12T09:37:15+00:00\",\"description\":\"LINEA HOME White Flowers \u2013 itali\u0161kas nam\u0173 kvapas su vy\u0161nios, jazmino ir santalmed\u017eio natomis. \u0160velnus, g\u0117li\u0173 ir ramyb\u0117s kupinas aromatas j\u016bs\u0173 namams.\",\"breadcrumb\":{\"@id\":\"https:\\\/\\\/www.malinashop.lt\\\/lt_lt\\\/shop\\\/linea-home-white-flowers-namu-kvapu-difuzorius-250ml\\\/#breadcrumb\"},\"inLanguage\":\"lt-LT\",\"potentialAction\":[{\"@type\":\"ReadAction\",\"target\":[\"https:\\\/\\\/www.malinashop.lt\\\/lt_lt\\\/shop\\\/linea-home-white-flowers-namu-kvapu-difuzorius-250ml\\\/\"]}]},{\"@type\":\"ImageObject\",\"inLanguage\":\"lt-LT\",\"@id\":\"https:\\\/\\\/www.malinashop.lt\\\/lt_lt\\\/shop\\\/linea-home-white-flowers-namu-kvapu-difuzorius-250ml\\\/#primaryimage\",\"url\":\"https:\\\/\\\/www.malinashop.lt\\\/wp-content\\\/uploads\\\/2025\\\/10\\\/LINEA-HOME-WHITE-FLOWERS-namu-kvapu-difuzorius-250ml.webp\",\"contentUrl\":\"https:\\\/\\\/www.malinashop.lt\\\/wp-content\\\/uploads\\\/2025\\\/10\\\/LINEA-HOME-WHITE-FLOWERS-namu-kvapu-difuzorius-250ml.webp\",\"width\":990,\"height\":990},{\"@type\":\"BreadcrumbList\",\"@id\":\"https:\\\/\\\/www.malinashop.lt\\\/lt_lt\\\/shop\\\/linea-home-white-flowers-namu-kvapu-difuzorius-250ml\\\/#breadcrumb\",\"itemListElement\":[{\"@type\":\"ListItem\",\"position\":1,\"name\":\"Pagrindinis\",\"item\":\"https:\\\/\\\/www.malinashop.lt\\\/\"},{\"@type\":\"ListItem\",\"position\":2,\"name\":\"Parduotuv\u0117\",\"item\":\"https:\\\/\\\/www.malinashop.lt\\\/en\\\/parduotuve\\\/\"},{\"@type\":\"ListItem\",\"position\":3,\"name\":\"LINEA HOME WHITE FLOWERS nam\u0173 kvap\u0173 difuzorius, 250ml\"}]},{\"@type\":\"WebSite\",\"@id\":\"https:\\\/\\\/www.malinashop.lt\\\/#website\",\"url\":\"https:\\\/\\\/www.malinashop.lt\\\/\",\"name\":\"COM Group Ecommerce\",\"description\":\"MalinaShop.lt - Gro\u017eio ir sveikatos produktai i\u0161 patikim\u0173 preki\u0173 \u017eenkl\u0173. Atraskite auk\u0161tos kokyb\u0117s kosmetik\u0105 u\u017e puiki\u0105 kain\u0105.\",\"publisher\":{\"@id\":\"https:\\\/\\\/www.malinashop.lt\\\/#organization\"},\"potentialAction\":[{\"@type\":\"SearchAction\",\"target\":{\"@type\":\"EntryPoint\",\"urlTemplate\":\"https:\\\/\\\/www.malinashop.lt\\\/?s={search_term_string}\"},\"query-input\":{\"@type\":\"PropertyValueSpecification\",\"valueRequired\":true,\"valueName\":\"search_term_string\"}}],\"inLanguage\":\"lt-LT\"},{\"@type\":\"Organization\",\"@id\":\"https:\\\/\\\/www.malinashop.lt\\\/#organization\",\"name\":\"COM Group Ecommerce\",\"url\":\"https:\\\/\\\/www.malinashop.lt\\\/\",\"logo\":{\"@type\":\"ImageObject\",\"inLanguage\":\"lt-LT\",\"@id\":\"https:\\\/\\\/www.malinashop.lt\\\/#\\\/schema\\\/logo\\\/image\\\/\",\"url\":\"https:\\\/\\\/www.malinashop.lt\\\/wp-content\\\/uploads\\\/2024\\\/08\\\/462559670_3787732518133670_9795632669273463_n-e1731525914575.png\",\"contentUrl\":\"https:\\\/\\\/www.malinashop.lt\\\/wp-content\\\/uploads\\\/2024\\\/08\\\/462559670_3787732518133670_9795632669273463_n-e1731525914575.png\",\"width\":180,\"height\":60,\"caption\":\"COM Group Ecommerce\"},\"image\":{\"@id\":\"https:\\\/\\\/www.malinashop.lt\\\/#\\\/schema\\\/logo\\\/image\\\/\"}}]}<\/script>\n<!-- \/ Yoast SEO plugin. -->","yoast_head_json":{"title":"LINEA HOME WHITE FLOWERS nam\u0173 kvap\u0173 difuzorius, 250ml - MalinaShop.lt J\u016bs\u0173 sveikatai ir gro\u017eiui.","description":"LINEA HOME White Flowers \u2013 itali\u0161kas nam\u0173 kvapas su vy\u0161nios, jazmino ir santalmed\u017eio natomis. \u0160velnus, g\u0117li\u0173 ir ramyb\u0117s kupinas aromatas j\u016bs\u0173 namams.","robots":{"index":"index","follow":"follow","max-snippet":"max-snippet:-1","max-image-preview":"max-image-preview:large","max-video-preview":"max-video-preview:-1"},"canonical":"https:\/\/www.malinashop.lt\/lt_lt\/shop\/linea-home-white-flowers-namu-kvapu-difuzorius-250ml\/","og_locale":"lt_LT","og_type":"article","og_title":"LINEA HOME WHITE FLOWERS nam\u0173 kvap\u0173 difuzorius, 250ml - MalinaShop.lt J\u016bs\u0173 sveikatai ir gro\u017eiui.","og_description":"LINEA HOME White Flowers \u2013 itali\u0161kas nam\u0173 kvapas su vy\u0161nios, jazmino ir santalmed\u017eio natomis. \u0160velnus, g\u0117li\u0173 ir ramyb\u0117s kupinas aromatas j\u016bs\u0173 namams.","og_url":"https:\/\/www.malinashop.lt\/lt_lt\/shop\/linea-home-white-flowers-namu-kvapu-difuzorius-250ml\/","og_site_name":"MalinaShop.lt J\u016bs\u0173 sveikatai ir gro\u017eiui.","article_modified_time":"2026-02-12T09:37:15+00:00","og_image":[{"width":990,"height":990,"url":"https:\/\/www.malinashop.lt\/wp-content\/uploads\/2025\/10\/LINEA-HOME-WHITE-FLOWERS-namu-kvapu-difuzorius-250ml.webp","type":"image\/webp"}],"twitter_card":"summary_large_image","schema":{"@context":"https:\/\/schema.org","@graph":[{"@type":"WebPage","@id":"https:\/\/www.malinashop.lt\/lt_lt\/shop\/linea-home-white-flowers-namu-kvapu-difuzorius-250ml\/","url":"https:\/\/www.malinashop.lt\/lt_lt\/shop\/linea-home-white-flowers-namu-kvapu-difuzorius-250ml\/","name":"LINEA HOME WHITE FLOWERS nam\u0173 kvap\u0173 difuzorius, 250ml - MalinaShop.lt J\u016bs\u0173 sveikatai ir gro\u017eiui.","isPartOf":{"@id":"https:\/\/www.malinashop.lt\/#website"},"primaryImageOfPage":{"@id":"https:\/\/www.malinashop.lt\/lt_lt\/shop\/linea-home-white-flowers-namu-kvapu-difuzorius-250ml\/#primaryimage"},"image":{"@id":"https:\/\/www.malinashop.lt\/lt_lt\/shop\/linea-home-white-flowers-namu-kvapu-difuzorius-250ml\/#primaryimage"},"thumbnailUrl":"https:\/\/www.malinashop.lt\/wp-content\/uploads\/2025\/10\/LINEA-HOME-WHITE-FLOWERS-namu-kvapu-difuzorius-250ml.webp","datePublished":"2025-10-20T13:36:13+00:00","dateModified":"2026-02-12T09:37:15+00:00","description":"LINEA HOME White Flowers \u2013 itali\u0161kas nam\u0173 kvapas su vy\u0161nios, jazmino ir santalmed\u017eio natomis. \u0160velnus, g\u0117li\u0173 ir ramyb\u0117s kupinas aromatas j\u016bs\u0173 namams.","breadcrumb":{"@id":"https:\/\/www.malinashop.lt\/lt_lt\/shop\/linea-home-white-flowers-namu-kvapu-difuzorius-250ml\/#breadcrumb"},"inLanguage":"lt-LT","potentialAction":[{"@type":"ReadAction","target":["https:\/\/www.malinashop.lt\/lt_lt\/shop\/linea-home-white-flowers-namu-kvapu-difuzorius-250ml\/"]}]},{"@type":"ImageObject","inLanguage":"lt-LT","@id":"https:\/\/www.malinashop.lt\/lt_lt\/shop\/linea-home-white-flowers-namu-kvapu-difuzorius-250ml\/#primaryimage","url":"https:\/\/www.malinashop.lt\/wp-content\/uploads\/2025\/10\/LINEA-HOME-WHITE-FLOWERS-namu-kvapu-difuzorius-250ml.webp","contentUrl":"https:\/\/www.malinashop.lt\/wp-content\/uploads\/2025\/10\/LINEA-HOME-WHITE-FLOWERS-namu-kvapu-difuzorius-250ml.webp","width":990,"height":990},{"@type":"BreadcrumbList","@id":"https:\/\/www.malinashop.lt\/lt_lt\/shop\/linea-home-white-flowers-namu-kvapu-difuzorius-250ml\/#breadcrumb","itemListElement":[{"@type":"ListItem","position":1,"name":"Pagrindinis","item":"https:\/\/www.malinashop.lt\/"},{"@type":"ListItem","position":2,"name":"Parduotuv\u0117","item":"https:\/\/www.malinashop.lt\/en\/parduotuve\/"},{"@type":"ListItem","position":3,"name":"LINEA HOME WHITE FLOWERS nam\u0173 kvap\u0173 difuzorius, 250ml"}]},{"@type":"WebSite","@id":"https:\/\/www.malinashop.lt\/#website","url":"https:\/\/www.malinashop.lt\/","name":"COM Group Ecommerce","description":"MalinaShop.lt - Gro\u017eio ir sveikatos produktai i\u0161 patikim\u0173 preki\u0173 \u017eenkl\u0173. Atraskite auk\u0161tos kokyb\u0117s kosmetik\u0105 u\u017e puiki\u0105 kain\u0105.","publisher":{"@id":"https:\/\/www.malinashop.lt\/#organization"},"potentialAction":[{"@type":"SearchAction","target":{"@type":"EntryPoint","urlTemplate":"https:\/\/www.malinashop.lt\/?s={search_term_string}"},"query-input":{"@type":"PropertyValueSpecification","valueRequired":true,"valueName":"search_term_string"}}],"inLanguage":"lt-LT"},{"@type":"Organization","@id":"https:\/\/www.malinashop.lt\/#organization","name":"COM Group Ecommerce","url":"https:\/\/www.malinashop.lt\/","logo":{"@type":"ImageObject","inLanguage":"lt-LT","@id":"https:\/\/www.malinashop.lt\/#\/schema\/logo\/image\/","url":"https:\/\/www.malinashop.lt\/wp-content\/uploads\/2024\/08\/462559670_3787732518133670_9795632669273463_n-e1731525914575.png","contentUrl":"https:\/\/www.malinashop.lt\/wp-content\/uploads\/2024\/08\/462559670_3787732518133670_9795632669273463_n-e1731525914575.png","width":180,"height":60,"caption":"COM Group Ecommerce"},"image":{"@id":"https:\/\/www.malinashop.lt\/#\/schema\/logo\/image\/"}}]}},"jetpack_sharing_enabled":true,"_links":{"self":[{"href":"https:\/\/www.malinashop.lt\/lt_lt\/wp-json\/wp\/v2\/product\/59951","targetHints":{"allow":["GET"]}}],"collection":[{"href":"https:\/\/www.malinashop.lt\/lt_lt\/wp-json\/wp\/v2\/product"}],"about":[{"href":"https:\/\/www.malinashop.lt\/lt_lt\/wp-json\/wp\/v2\/types\/product"}],"version-history":[{"count":1,"href":"https:\/\/www.malinashop.lt\/lt_lt\/wp-json\/wp\/v2\/product\/59951\/revisions"}],"predecessor-version":[{"id":59953,"href":"https:\/\/www.malinashop.lt\/lt_lt\/wp-json\/wp\/v2\/product\/59951\/revisions\/59953"}],"wp:featuredmedia":[{"embeddable":true,"href":"https:\/\/www.malinashop.lt\/lt_lt\/wp-json\/wp\/v2\/media\/59952"}],"wp:attachment":[{"href":"https:\/\/www.malinashop.lt\/lt_lt\/wp-json\/wp\/v2\/media?parent=59951"}],"wp:term":[{"taxonomy":"product_brand","embeddable":true,"href":"https:\/\/www.malinashop.lt\/lt_lt\/wp-json\/wp\/v2\/product_brand?post=59951"},{"taxonomy":"product_cat","embeddable":true,"href":"https:\/\/www.malinashop.lt\/lt_lt\/wp-json\/wp\/v2\/product_cat?post=59951"},{"taxonomy":"product_tag","embeddable":true,"href":"https:\/\/www.malinashop.lt\/lt_lt\/wp-json\/wp\/v2\/product_tag?post=59951"}],"curies":[{"name":"wp","href":"https:\/\/api.w.org\/{rel}","templated":true}]}}